{"id":60851,"date":"2021-04-29T11:27:03","date_gmt":"2021-04-29T08:27:03","guid":{"rendered":"http:\/\/www2.antaris.az\/?post_type=product&#038;p=60851"},"modified":"2024-11-26T16:20:11","modified_gmt":"2024-11-26T12:20:11","slug":"bloknot-151363-floral-vibes-yes","status":"publish","type":"product","link":"https:\/\/antaris.az\/ru\/m\u0259hsul\/bloknot-151363-floral-vibes-yes\/","title":{"rendered":"Bloknot 151363 FLORAL VIBES Yes"},"content":{"rendered":"<p>Yarad\u0131c\u0131 d\u00fc\u015f\u00fcnc\u0259l\u0259r \u00fc\u00e7\u00fcn parlaq dizaynda haz\u0131rlanm\u0131\u015f bloknot. \u00dcz qab\u0131\u011f\u0131 \u0259zilmir v\u0259 \u0259yilmir, formas\u0131n\u0131 m\u00fck\u0259mm\u0259l saxlay\u0131r.<\/p>","protected":false},"excerpt":{"rendered":"<p>N\u00f6v\u00fc: X\u0259ttli<br \/>\n\u00d6l\u00e7\u00fc: 140\u0445185mm<br \/>\nV\u0259r\u0259q say\u0131: 64<br \/>\n\u00dcz qab\u0131\u011f\u0131: \u0130nteqral<br \/>\n\u0130stehsal\u00e7\u0131 m\u0259hsul kodu: 151363<br \/>\nTicar\u0259t markas\u0131: YES<br \/>\n\u0421\u0442\u0440\u0430\u043d\u0430 \u043f\u0440\u043e\u0438\u0437\u0432\u043e\u0434\u0438\u0442\u0435\u043b\u044c: \u0423\u043a\u0440\u0430\u0438\u043d\u0430<\/p>","protected":false},"featured_media":60852,"template":"","meta":{"_joinchat":[]},"product_brand":[],"product_cat":[515],"product_tag":[],"class_list":{"0":"post-60851","1":"product","2":"type-product","3":"status-publish","4":"has-post-thumbnail","6":"product_cat-bloknot2","7":"pa_brand-yes","9":"first","10":"outofstock","11":"shipping-taxable","12":"product-type-simple"},"yoast_head":"<!-- This site is optimized with the Yoast SEO plugin v27.3 - https:\/\/yoast.com\/product\/yoast-seo-wordpress\/ -->\n<title>Bloknot 151363 FLORAL VIBES Yes - Antaris<\/title>\n<meta name=\"robots\" content=\"index, follow, max-snippet:-1, max-image-preview:large, max-video-preview:-1\" \/>\n<link rel=\"canonical\" href=\"https:\/\/antaris.az\/ru\/m\u0259hsul\/bloknot-151363-floral-vibes-yes\/\" \/>\n<meta property=\"og:locale\" content=\"ru_RU\" \/>\n<meta property=\"og:type\" content=\"article\" \/>\n<meta property=\"og:title\" content=\"Bloknot 151363 FLORAL VIBES Yes - Antaris\" \/>\n<meta property=\"og:description\" content=\"N\u00f6v\u00fc: X\u0259ttli \u00d6l\u00e7\u00fc: 140\u0445185mm V\u0259r\u0259q say\u0131: 64 \u00dcz qab\u0131\u011f\u0131: \u0130nteqral \u0130stehsal\u00e7\u0131 m\u0259hsul kodu: 151363 Ticar\u0259t markas\u0131: YES \u0130stehsal \u00f6lk\u0259si: Ukrayna\" \/>\n<meta property=\"og:url\" content=\"https:\/\/antaris.az\/ru\/m\u0259hsul\/bloknot-151363-floral-vibes-yes\/\" \/>\n<meta property=\"og:site_name\" content=\"Antaris\" \/>\n<meta property=\"article:publisher\" content=\"https:\/\/www.facebook.com\/antaris.az\/\" \/>\n<meta property=\"article:modified_time\" content=\"2024-11-26T12:20:11+00:00\" \/>\n<meta property=\"og:image\" content=\"https:\/\/antaris.az\/wp-content\/uploads\/2021\/04\/a6a93d24b77211e9811d3cd92b04d74a_4009456da8c411eb81b20050569bd7c0.jpg\" \/>\n\t<meta property=\"og:image:width\" content=\"300\" \/>\n\t<meta property=\"og:image:height\" content=\"300\" \/>\n\t<meta property=\"og:image:type\" content=\"image\/jpeg\" \/>\n<script type=\"application\/ld+json\" class=\"yoast-schema-graph\">{\"@context\":\"https:\\\/\\\/schema.org\",\"@graph\":[{\"@type\":\"WebPage\",\"@id\":\"https:\\\/\\\/antaris.az\\\/m\u0259hsul\\\/bloknot-151363-floral-vibes-yes\\\/\",\"url\":\"https:\\\/\\\/antaris.az\\\/m\u0259hsul\\\/bloknot-151363-floral-vibes-yes\\\/\",\"name\":\"Bloknot 151363 FLORAL VIBES Yes - Antaris\",\"isPartOf\":{\"@id\":\"https:\\\/\\\/antaris.az\\\/#website\"},\"primaryImageOfPage\":{\"@id\":\"https:\\\/\\\/antaris.az\\\/m\u0259hsul\\\/bloknot-151363-floral-vibes-yes\\\/#primaryimage\"},\"image\":{\"@id\":\"https:\\\/\\\/antaris.az\\\/m\u0259hsul\\\/bloknot-151363-floral-vibes-yes\\\/#primaryimage\"},\"thumbnailUrl\":\"https:\\\/\\\/antaris.az\\\/wp-content\\\/uploads\\\/2021\\\/04\\\/a6a93d24b77211e9811d3cd92b04d74a_4009456da8c411eb81b20050569bd7c0.jpg\",\"datePublished\":\"2021-04-29T08:27:03+00:00\",\"dateModified\":\"2024-11-26T12:20:11+00:00\",\"breadcrumb\":{\"@id\":\"https:\\\/\\\/antaris.az\\\/m\u0259hsul\\\/bloknot-151363-floral-vibes-yes\\\/#breadcrumb\"},\"inLanguage\":\"ru-RU\",\"potentialAction\":[{\"@type\":\"ReadAction\",\"target\":[\"https:\\\/\\\/antaris.az\\\/m\u0259hsul\\\/bloknot-151363-floral-vibes-yes\\\/\"]}]},{\"@type\":\"ImageObject\",\"inLanguage\":\"ru-RU\",\"@id\":\"https:\\\/\\\/antaris.az\\\/m\u0259hsul\\\/bloknot-151363-floral-vibes-yes\\\/#primaryimage\",\"url\":\"https:\\\/\\\/antaris.az\\\/wp-content\\\/uploads\\\/2021\\\/04\\\/a6a93d24b77211e9811d3cd92b04d74a_4009456da8c411eb81b20050569bd7c0.jpg\",\"contentUrl\":\"https:\\\/\\\/antaris.az\\\/wp-content\\\/uploads\\\/2021\\\/04\\\/a6a93d24b77211e9811d3cd92b04d74a_4009456da8c411eb81b20050569bd7c0.jpg\",\"width\":300,\"height\":300},{\"@type\":\"BreadcrumbList\",\"@id\":\"https:\\\/\\\/antaris.az\\\/m\u0259hsul\\\/bloknot-151363-floral-vibes-yes\\\/#breadcrumb\",\"itemListElement\":[{\"@type\":\"ListItem\",\"position\":1,\"name\":\"Home\",\"item\":\"https:\\\/\\\/antaris.az\\\/\"},{\"@type\":\"ListItem\",\"position\":2,\"name\":\"Ma\u011faza\",\"item\":\"https:\\\/\\\/antaris.az\\\/ru\\\/shop\\\/\"},{\"@type\":\"ListItem\",\"position\":3,\"name\":\"Bloknot 151363 FLORAL VIBES Yes\"}]},{\"@type\":\"WebSite\",\"@id\":\"https:\\\/\\\/antaris.az\\\/#website\",\"url\":\"https:\\\/\\\/antaris.az\\\/\",\"name\":\"Antaris\",\"description\":\"Ofis, ev, m\u0259kt\u0259b \u00fc\u00e7\u00fcn h\u0259r \u015fey\",\"publisher\":{\"@id\":\"https:\\\/\\\/antaris.az\\\/#organization\"},\"potentialAction\":[{\"@type\":\"SearchAction\",\"target\":{\"@type\":\"EntryPoint\",\"urlTemplate\":\"https:\\\/\\\/antaris.az\\\/?s={search_term_string}\"},\"query-input\":{\"@type\":\"PropertyValueSpecification\",\"valueRequired\":true,\"valueName\":\"search_term_string\"}}],\"inLanguage\":\"ru-RU\"},{\"@type\":\"Organization\",\"@id\":\"https:\\\/\\\/antaris.az\\\/#organization\",\"name\":\"Antaris QSC\",\"url\":\"https:\\\/\\\/antaris.az\\\/\",\"logo\":{\"@type\":\"ImageObject\",\"inLanguage\":\"ru-RU\",\"@id\":\"https:\\\/\\\/antaris.az\\\/#\\\/schema\\\/logo\\\/image\\\/\",\"url\":\"https:\\\/\\\/antaris.az\\\/wp-content\\\/uploads\\\/2025\\\/03\\\/Antaris-logo.png\",\"contentUrl\":\"https:\\\/\\\/antaris.az\\\/wp-content\\\/uploads\\\/2025\\\/03\\\/Antaris-logo.png\",\"width\":500,\"height\":500,\"caption\":\"Antaris QSC\"},\"image\":{\"@id\":\"https:\\\/\\\/antaris.az\\\/#\\\/schema\\\/logo\\\/image\\\/\"},\"sameAs\":[\"https:\\\/\\\/www.facebook.com\\\/antaris.az\\\/\",\"https:\\\/\\\/www.instagram.com\\\/antaris.az\\\/\"]}]}<\/script>\n<!-- \/ Yoast SEO plugin. -->","yoast_head_json":{"title":"Bloknot 151363 FLORAL VIBES Yes - Antaris","robots":{"index":"index","follow":"follow","max-snippet":"max-snippet:-1","max-image-preview":"max-image-preview:large","max-video-preview":"max-video-preview:-1"},"canonical":"https:\/\/antaris.az\/ru\/m\u0259hsul\/bloknot-151363-floral-vibes-yes\/","og_locale":"ru_RU","og_type":"article","og_title":"Bloknot 151363 FLORAL VIBES Yes - Antaris","og_description":"N\u00f6v\u00fc: X\u0259ttli \u00d6l\u00e7\u00fc: 140\u0445185mm V\u0259r\u0259q say\u0131: 64 \u00dcz qab\u0131\u011f\u0131: \u0130nteqral \u0130stehsal\u00e7\u0131 m\u0259hsul kodu: 151363 Ticar\u0259t markas\u0131: YES \u0130stehsal \u00f6lk\u0259si: Ukrayna","og_url":"https:\/\/antaris.az\/ru\/m\u0259hsul\/bloknot-151363-floral-vibes-yes\/","og_site_name":"Antaris","article_publisher":"https:\/\/www.facebook.com\/antaris.az\/","article_modified_time":"2024-11-26T12:20:11+00:00","og_image":[{"width":300,"height":300,"url":"https:\/\/antaris.az\/wp-content\/uploads\/2021\/04\/a6a93d24b77211e9811d3cd92b04d74a_4009456da8c411eb81b20050569bd7c0.jpg","type":"image\/jpeg"}],"schema":{"@context":"https:\/\/schema.org","@graph":[{"@type":"WebPage","@id":"https:\/\/antaris.az\/m\u0259hsul\/bloknot-151363-floral-vibes-yes\/","url":"https:\/\/antaris.az\/m\u0259hsul\/bloknot-151363-floral-vibes-yes\/","name":"Bloknot 151363 FLORAL VIBES Yes - Antaris","isPartOf":{"@id":"https:\/\/antaris.az\/#website"},"primaryImageOfPage":{"@id":"https:\/\/antaris.az\/m\u0259hsul\/bloknot-151363-floral-vibes-yes\/#primaryimage"},"image":{"@id":"https:\/\/antaris.az\/m\u0259hsul\/bloknot-151363-floral-vibes-yes\/#primaryimage"},"thumbnailUrl":"https:\/\/antaris.az\/wp-content\/uploads\/2021\/04\/a6a93d24b77211e9811d3cd92b04d74a_4009456da8c411eb81b20050569bd7c0.jpg","datePublished":"2021-04-29T08:27:03+00:00","dateModified":"2024-11-26T12:20:11+00:00","breadcrumb":{"@id":"https:\/\/antaris.az\/m\u0259hsul\/bloknot-151363-floral-vibes-yes\/#breadcrumb"},"inLanguage":"ru-RU","potentialAction":[{"@type":"ReadAction","target":["https:\/\/antaris.az\/m\u0259hsul\/bloknot-151363-floral-vibes-yes\/"]}]},{"@type":"ImageObject","inLanguage":"ru-RU","@id":"https:\/\/antaris.az\/m\u0259hsul\/bloknot-151363-floral-vibes-yes\/#primaryimage","url":"https:\/\/antaris.az\/wp-content\/uploads\/2021\/04\/a6a93d24b77211e9811d3cd92b04d74a_4009456da8c411eb81b20050569bd7c0.jpg","contentUrl":"https:\/\/antaris.az\/wp-content\/uploads\/2021\/04\/a6a93d24b77211e9811d3cd92b04d74a_4009456da8c411eb81b20050569bd7c0.jpg","width":300,"height":300},{"@type":"BreadcrumbList","@id":"https:\/\/antaris.az\/m\u0259hsul\/bloknot-151363-floral-vibes-yes\/#breadcrumb","itemListElement":[{"@type":"ListItem","position":1,"name":"Home","item":"https:\/\/antaris.az\/"},{"@type":"ListItem","position":2,"name":"Ma\u011faza","item":"https:\/\/antaris.az\/ru\/shop\/"},{"@type":"ListItem","position":3,"name":"Bloknot 151363 FLORAL VIBES Yes"}]},{"@type":"WebSite","@id":"https:\/\/antaris.az\/#website","url":"https:\/\/antaris.az\/","name":"Antaris","description":"Ofis, ev, m\u0259kt\u0259b \u00fc\u00e7\u00fcn h\u0259r \u015fey","publisher":{"@id":"https:\/\/antaris.az\/#organization"},"potentialAction":[{"@type":"SearchAction","target":{"@type":"EntryPoint","urlTemplate":"https:\/\/antaris.az\/?s={search_term_string}"},"query-input":{"@type":"PropertyValueSpecification","valueRequired":true,"valueName":"search_term_string"}}],"inLanguage":"ru-RU"},{"@type":"Organization","@id":"https:\/\/antaris.az\/#organization","name":"\u0410\u043d\u0442\u0430\u0440\u0438\u0441 \u0417\u0410\u041e","url":"https:\/\/antaris.az\/","logo":{"@type":"ImageObject","inLanguage":"ru-RU","@id":"https:\/\/antaris.az\/#\/schema\/logo\/image\/","url":"https:\/\/antaris.az\/wp-content\/uploads\/2025\/03\/Antaris-logo.png","contentUrl":"https:\/\/antaris.az\/wp-content\/uploads\/2025\/03\/Antaris-logo.png","width":500,"height":500,"caption":"Antaris QSC"},"image":{"@id":"https:\/\/antaris.az\/#\/schema\/logo\/image\/"},"sameAs":["https:\/\/www.facebook.com\/antaris.az\/","https:\/\/www.instagram.com\/antaris.az\/"]}]}},"_links":{"self":[{"href":"https:\/\/antaris.az\/ru\/wp-json\/wp\/v2\/product\/60851","targetHints":{"allow":["GET"]}}],"collection":[{"href":"https:\/\/antaris.az\/ru\/wp-json\/wp\/v2\/product"}],"about":[{"href":"https:\/\/antaris.az\/ru\/wp-json\/wp\/v2\/types\/product"}],"version-history":[{"count":0,"href":"https:\/\/antaris.az\/ru\/wp-json\/wp\/v2\/product\/60851\/revisions"}],"wp:featuredmedia":[{"embeddable":true,"href":"https:\/\/antaris.az\/ru\/wp-json\/wp\/v2\/media\/60852"}],"wp:attachment":[{"href":"https:\/\/antaris.az\/ru\/wp-json\/wp\/v2\/media?parent=60851"}],"wp:term":[{"taxonomy":"product_brand","embeddable":true,"href":"https:\/\/antaris.az\/ru\/wp-json\/wp\/v2\/product_brand?post=60851"},{"taxonomy":"product_cat","embeddable":true,"href":"https:\/\/antaris.az\/ru\/wp-json\/wp\/v2\/product_cat?post=60851"},{"taxonomy":"product_tag","embeddable":true,"href":"https:\/\/antaris.az\/ru\/wp-json\/wp\/v2\/product_tag?post=60851"}],"curies":[{"name":"wp","href":"https:\/\/api.w.org\/{rel}","templated":true}]}}