{"id":6022,"date":"2020-04-25T16:01:09","date_gmt":"2020-04-25T13:01:09","guid":{"rendered":"http:\/\/www2.antaris.az\/?post_type=product&#038;p=6022"},"modified":"2024-11-26T17:04:19","modified_gmt":"2024-11-26T13:04:19","slug":"vedr%c9%99-zibil-ucun-metal-setka-qara-orta","status":"publish","type":"product","link":"https:\/\/antaris.az\/ru\/m\u0259hsul\/vedr%c9%99-zibil-ucun-metal-setka-qara-orta\/","title":{"rendered":"Zibil qab\u0131 M MD50017 Mondo"},"content":{"rendered":"<p>Orta \u00f6l\u00e7\u00fcl\u00fc Mondo zibil s\u0259b\u0259ti metal tordan haz\u0131rlanm\u0131\u015fd\u0131r.Torun yax\u015f\u0131 elastikliyi vard\u0131r ki ,bu da b\u00f6y\u00fck qal\u0131qlar\u0131n s\u0259b\u0259tin h\u0259cmini deformasiyaya u\u011fratmas\u0131na imkan ver\u0259c\u0259k.Korpusu yuxar\u0131ya do\u011fru geni\u015fl\u0259nir(art\u0131r\u0131l\u0131r),s\u0259b\u0259t d\u0259liklidir.Y\u0131\u011fcam \u00f6l\u00e7\u00fc siz\u0259 ota\u011f\u0131n istifad\u0259 olunan sah\u0259sini l\u0259k\u0259l\u0259m\u0259d\u0259n vedr\u0259d\u0259n istifad\u0259 imkan\u0131 verir.<\/p>","protected":false},"excerpt":{"rendered":"<p>Material: Metal tor<br \/>\nR\u0259ng: Qara<br \/>\n\u00d6l\u00e7\u00fc: Orta<br \/>\n\u0130stehsal\u00e7\u0131 m\u0259hsul kodu: MD50017<br \/>\nTicar\u0259t markas\u0131: Mondo<br \/>\n\u0130stehsal \u00f6lk\u0259si: \u00c7in<\/p>","protected":false},"featured_media":6027,"template":"","meta":{"_joinchat":[]},"product_brand":[],"product_cat":[345],"product_tag":[],"class_list":{"0":"post-6022","1":"product","2":"type-product","3":"status-publish","4":"has-post-thumbnail","6":"product_cat-zibil-ucun-sbt","7":"pa_brand-mondo","9":"first","10":"instock","11":"shipping-taxable","12":"purchasable","13":"product-type-simple"},"yoast_head":"<!-- This site is optimized with the Yoast SEO plugin v27.5 - https:\/\/yoast.com\/product\/yoast-seo-wordpress\/ -->\n<title>Zibil qab\u0131 M MD50017 Mondo - Antaris<\/title>\n<meta name=\"robots\" content=\"index, follow, max-snippet:-1, max-image-preview:large, max-video-preview:-1\" \/>\n<link rel=\"canonical\" href=\"https:\/\/antaris.az\/ru\/m\u0259hsul\/vedr\u0259-zibil-ucun-metal-setka-qara-orta\/\" \/>\n<meta property=\"og:locale\" content=\"ru_RU\" \/>\n<meta property=\"og:type\" content=\"article\" \/>\n<meta property=\"og:title\" content=\"Zibil qab\u0131 M MD50017 Mondo - Antaris\" \/>\n<meta property=\"og:description\" content=\"Material: Metal tor R\u0259ng: Qara \u00d6l\u00e7\u00fc: Orta \u0130stehsal\u00e7\u0131 m\u0259hsul kodu: MD50017 Ticar\u0259t markas\u0131: Mondo \u0130stehsal \u00f6lk\u0259si: \u00c7in\" \/>\n<meta property=\"og:url\" content=\"https:\/\/antaris.az\/ru\/m\u0259hsul\/vedr\u0259-zibil-ucun-metal-setka-qara-orta\/\" \/>\n<meta property=\"og:site_name\" content=\"Antaris\" \/>\n<meta property=\"article:publisher\" content=\"https:\/\/www.facebook.com\/antaris.az\/\" \/>\n<meta property=\"article:modified_time\" content=\"2024-11-26T13:04:19+00:00\" \/>\n<meta property=\"og:image\" content=\"https:\/\/antaris.az\/wp-content\/uploads\/2020\/04\/AN-00-00024871-Zibil-vedr\u0259si-metal-setka-qara-orta.jpg\" \/>\n\t<meta property=\"og:image:width\" content=\"800\" \/>\n\t<meta property=\"og:image:height\" content=\"800\" \/>\n\t<meta property=\"og:image:type\" content=\"image\/jpeg\" \/>\n<script type=\"application\/ld+json\" class=\"yoast-schema-graph\">{\"@context\":\"https:\\\/\\\/schema.org\",\"@graph\":[{\"@type\":\"WebPage\",\"@id\":\"https:\\\/\\\/antaris.az\\\/m\u0259hsul\\\/vedr%c9%99-zibil-ucun-metal-setka-qara-orta\\\/\",\"url\":\"https:\\\/\\\/antaris.az\\\/m\u0259hsul\\\/vedr%c9%99-zibil-ucun-metal-setka-qara-orta\\\/\",\"name\":\"Zibil qab\u0131 M MD50017 Mondo - Antaris\",\"isPartOf\":{\"@id\":\"https:\\\/\\\/antaris.az\\\/#website\"},\"primaryImageOfPage\":{\"@id\":\"https:\\\/\\\/antaris.az\\\/m\u0259hsul\\\/vedr%c9%99-zibil-ucun-metal-setka-qara-orta\\\/#primaryimage\"},\"image\":{\"@id\":\"https:\\\/\\\/antaris.az\\\/m\u0259hsul\\\/vedr%c9%99-zibil-ucun-metal-setka-qara-orta\\\/#primaryimage\"},\"thumbnailUrl\":\"https:\\\/\\\/antaris.az\\\/wp-content\\\/uploads\\\/2020\\\/04\\\/AN-00-00024871-Zibil-vedr\u0259si-metal-setka-qara-orta.jpg\",\"datePublished\":\"2020-04-25T13:01:09+00:00\",\"dateModified\":\"2024-11-26T13:04:19+00:00\",\"breadcrumb\":{\"@id\":\"https:\\\/\\\/antaris.az\\\/m\u0259hsul\\\/vedr%c9%99-zibil-ucun-metal-setka-qara-orta\\\/#breadcrumb\"},\"inLanguage\":\"ru-RU\",\"potentialAction\":[{\"@type\":\"ReadAction\",\"target\":[\"https:\\\/\\\/antaris.az\\\/m\u0259hsul\\\/vedr%c9%99-zibil-ucun-metal-setka-qara-orta\\\/\"]}]},{\"@type\":\"ImageObject\",\"inLanguage\":\"ru-RU\",\"@id\":\"https:\\\/\\\/antaris.az\\\/m\u0259hsul\\\/vedr%c9%99-zibil-ucun-metal-setka-qara-orta\\\/#primaryimage\",\"url\":\"https:\\\/\\\/antaris.az\\\/wp-content\\\/uploads\\\/2020\\\/04\\\/AN-00-00024871-Zibil-vedr\u0259si-metal-setka-qara-orta.jpg\",\"contentUrl\":\"https:\\\/\\\/antaris.az\\\/wp-content\\\/uploads\\\/2020\\\/04\\\/AN-00-00024871-Zibil-vedr\u0259si-metal-setka-qara-orta.jpg\",\"width\":800,\"height\":800,\"caption\":\"Zibil vedr\u0259si metal setka qara orta\"},{\"@type\":\"BreadcrumbList\",\"@id\":\"https:\\\/\\\/antaris.az\\\/m\u0259hsul\\\/vedr%c9%99-zibil-ucun-metal-setka-qara-orta\\\/#breadcrumb\",\"itemListElement\":[{\"@type\":\"ListItem\",\"position\":1,\"name\":\"Home\",\"item\":\"https:\\\/\\\/antaris.az\\\/\"},{\"@type\":\"ListItem\",\"position\":2,\"name\":\"Ma\u011faza\",\"item\":\"https:\\\/\\\/antaris.az\\\/ru\\\/shop\\\/\"},{\"@type\":\"ListItem\",\"position\":3,\"name\":\"Zibil qab\u0131 M MD50017 Mondo\"}]},{\"@type\":\"WebSite\",\"@id\":\"https:\\\/\\\/antaris.az\\\/#website\",\"url\":\"https:\\\/\\\/antaris.az\\\/\",\"name\":\"Antaris\",\"description\":\"Ofis, ev, m\u0259kt\u0259b \u00fc\u00e7\u00fcn h\u0259r \u015fey\",\"publisher\":{\"@id\":\"https:\\\/\\\/antaris.az\\\/#organization\"},\"potentialAction\":[{\"@type\":\"SearchAction\",\"target\":{\"@type\":\"EntryPoint\",\"urlTemplate\":\"https:\\\/\\\/antaris.az\\\/?s={search_term_string}\"},\"query-input\":{\"@type\":\"PropertyValueSpecification\",\"valueRequired\":true,\"valueName\":\"search_term_string\"}}],\"inLanguage\":\"ru-RU\"},{\"@type\":\"Organization\",\"@id\":\"https:\\\/\\\/antaris.az\\\/#organization\",\"name\":\"Antaris QSC\",\"url\":\"https:\\\/\\\/antaris.az\\\/\",\"logo\":{\"@type\":\"ImageObject\",\"inLanguage\":\"ru-RU\",\"@id\":\"https:\\\/\\\/antaris.az\\\/#\\\/schema\\\/logo\\\/image\\\/\",\"url\":\"https:\\\/\\\/antaris.az\\\/wp-content\\\/uploads\\\/2025\\\/03\\\/Antaris-logo.png\",\"contentUrl\":\"https:\\\/\\\/antaris.az\\\/wp-content\\\/uploads\\\/2025\\\/03\\\/Antaris-logo.png\",\"width\":500,\"height\":500,\"caption\":\"Antaris QSC\"},\"image\":{\"@id\":\"https:\\\/\\\/antaris.az\\\/#\\\/schema\\\/logo\\\/image\\\/\"},\"sameAs\":[\"https:\\\/\\\/www.facebook.com\\\/antaris.az\\\/\",\"https:\\\/\\\/www.instagram.com\\\/antaris.az\\\/\"]}]}<\/script>\n<!-- \/ Yoast SEO plugin. -->","yoast_head_json":{"title":"Zibil qab\u0131 M MD50017 Mondo - Antaris","robots":{"index":"index","follow":"follow","max-snippet":"max-snippet:-1","max-image-preview":"max-image-preview:large","max-video-preview":"max-video-preview:-1"},"canonical":"https:\/\/antaris.az\/ru\/m\u0259hsul\/vedr\u0259-zibil-ucun-metal-setka-qara-orta\/","og_locale":"ru_RU","og_type":"article","og_title":"Zibil qab\u0131 M MD50017 Mondo - Antaris","og_description":"Material: Metal tor R\u0259ng: Qara \u00d6l\u00e7\u00fc: Orta \u0130stehsal\u00e7\u0131 m\u0259hsul kodu: MD50017 Ticar\u0259t markas\u0131: Mondo \u0130stehsal \u00f6lk\u0259si: \u00c7in","og_url":"https:\/\/antaris.az\/ru\/m\u0259hsul\/vedr\u0259-zibil-ucun-metal-setka-qara-orta\/","og_site_name":"Antaris","article_publisher":"https:\/\/www.facebook.com\/antaris.az\/","article_modified_time":"2024-11-26T13:04:19+00:00","og_image":[{"width":800,"height":800,"url":"https:\/\/antaris.az\/wp-content\/uploads\/2020\/04\/AN-00-00024871-Zibil-vedr\u0259si-metal-setka-qara-orta.jpg","type":"image\/jpeg"}],"schema":{"@context":"https:\/\/schema.org","@graph":[{"@type":"WebPage","@id":"https:\/\/antaris.az\/m\u0259hsul\/vedr%c9%99-zibil-ucun-metal-setka-qara-orta\/","url":"https:\/\/antaris.az\/m\u0259hsul\/vedr%c9%99-zibil-ucun-metal-setka-qara-orta\/","name":"Zibil qab\u0131 M MD50017 Mondo - Antaris","isPartOf":{"@id":"https:\/\/antaris.az\/#website"},"primaryImageOfPage":{"@id":"https:\/\/antaris.az\/m\u0259hsul\/vedr%c9%99-zibil-ucun-metal-setka-qara-orta\/#primaryimage"},"image":{"@id":"https:\/\/antaris.az\/m\u0259hsul\/vedr%c9%99-zibil-ucun-metal-setka-qara-orta\/#primaryimage"},"thumbnailUrl":"https:\/\/antaris.az\/wp-content\/uploads\/2020\/04\/AN-00-00024871-Zibil-vedr\u0259si-metal-setka-qara-orta.jpg","datePublished":"2020-04-25T13:01:09+00:00","dateModified":"2024-11-26T13:04:19+00:00","breadcrumb":{"@id":"https:\/\/antaris.az\/m\u0259hsul\/vedr%c9%99-zibil-ucun-metal-setka-qara-orta\/#breadcrumb"},"inLanguage":"ru-RU","potentialAction":[{"@type":"ReadAction","target":["https:\/\/antaris.az\/m\u0259hsul\/vedr%c9%99-zibil-ucun-metal-setka-qara-orta\/"]}]},{"@type":"ImageObject","inLanguage":"ru-RU","@id":"https:\/\/antaris.az\/m\u0259hsul\/vedr%c9%99-zibil-ucun-metal-setka-qara-orta\/#primaryimage","url":"https:\/\/antaris.az\/wp-content\/uploads\/2020\/04\/AN-00-00024871-Zibil-vedr\u0259si-metal-setka-qara-orta.jpg","contentUrl":"https:\/\/antaris.az\/wp-content\/uploads\/2020\/04\/AN-00-00024871-Zibil-vedr\u0259si-metal-setka-qara-orta.jpg","width":800,"height":800,"caption":"Zibil vedr\u0259si metal setka qara orta"},{"@type":"BreadcrumbList","@id":"https:\/\/antaris.az\/m\u0259hsul\/vedr%c9%99-zibil-ucun-metal-setka-qara-orta\/#breadcrumb","itemListElement":[{"@type":"ListItem","position":1,"name":"Home","item":"https:\/\/antaris.az\/"},{"@type":"ListItem","position":2,"name":"Ma\u011faza","item":"https:\/\/antaris.az\/ru\/shop\/"},{"@type":"ListItem","position":3,"name":"Zibil qab\u0131 M MD50017 Mondo"}]},{"@type":"WebSite","@id":"https:\/\/antaris.az\/#website","url":"https:\/\/antaris.az\/","name":"Antaris","description":"Ofis, ev, m\u0259kt\u0259b \u00fc\u00e7\u00fcn h\u0259r \u015fey","publisher":{"@id":"https:\/\/antaris.az\/#organization"},"potentialAction":[{"@type":"SearchAction","target":{"@type":"EntryPoint","urlTemplate":"https:\/\/antaris.az\/?s={search_term_string}"},"query-input":{"@type":"PropertyValueSpecification","valueRequired":true,"valueName":"search_term_string"}}],"inLanguage":"ru-RU"},{"@type":"Organization","@id":"https:\/\/antaris.az\/#organization","name":"\u0410\u043d\u0442\u0430\u0440\u0438\u0441 \u0417\u0410\u041e","url":"https:\/\/antaris.az\/","logo":{"@type":"ImageObject","inLanguage":"ru-RU","@id":"https:\/\/antaris.az\/#\/schema\/logo\/image\/","url":"https:\/\/antaris.az\/wp-content\/uploads\/2025\/03\/Antaris-logo.png","contentUrl":"https:\/\/antaris.az\/wp-content\/uploads\/2025\/03\/Antaris-logo.png","width":500,"height":500,"caption":"Antaris QSC"},"image":{"@id":"https:\/\/antaris.az\/#\/schema\/logo\/image\/"},"sameAs":["https:\/\/www.facebook.com\/antaris.az\/","https:\/\/www.instagram.com\/antaris.az\/"]}]}},"_links":{"self":[{"href":"https:\/\/antaris.az\/ru\/wp-json\/wp\/v2\/product\/6022","targetHints":{"allow":["GET"]}}],"collection":[{"href":"https:\/\/antaris.az\/ru\/wp-json\/wp\/v2\/product"}],"about":[{"href":"https:\/\/antaris.az\/ru\/wp-json\/wp\/v2\/types\/product"}],"version-history":[{"count":0,"href":"https:\/\/antaris.az\/ru\/wp-json\/wp\/v2\/product\/6022\/revisions"}],"wp:featuredmedia":[{"embeddable":true,"href":"https:\/\/antaris.az\/ru\/wp-json\/wp\/v2\/media\/6027"}],"wp:attachment":[{"href":"https:\/\/antaris.az\/ru\/wp-json\/wp\/v2\/media?parent=6022"}],"wp:term":[{"taxonomy":"product_brand","embeddable":true,"href":"https:\/\/antaris.az\/ru\/wp-json\/wp\/v2\/product_brand?post=6022"},{"taxonomy":"product_cat","embeddable":true,"href":"https:\/\/antaris.az\/ru\/wp-json\/wp\/v2\/product_cat?post=6022"},{"taxonomy":"product_tag","embeddable":true,"href":"https:\/\/antaris.az\/ru\/wp-json\/wp\/v2\/product_tag?post=6022"}],"curies":[{"name":"wp","href":"https:\/\/api.w.org\/{rel}","templated":true}]}}