{"id":59157,"date":"2021-04-29T22:59:53","date_gmt":"2021-04-29T19:59:53","guid":{"rendered":"http:\/\/www2.antaris.az\/?post_type=product&#038;p=59157"},"modified":"2024-11-26T16:20:06","modified_gmt":"2024-11-26T12:20:06","slug":"skoc-qutu-ucun-ez10274-eurozone","status":"publish","type":"product","link":"https:\/\/antaris.az\/ru\/m\u0259hsul\/skoc-qutu-ucun-ez10274-eurozone\/","title":{"rendered":"Sko\u00e7 qutu \u00fc\u00e7\u00fcn EZ10274 Eurozone"},"content":{"rendered":"<p>\u015e\u0259ffaf prolipropilen t\u0259rkibli, enli, yap\u0131\u015fqanl\u0131 qabla\u015fd\u0131rma sko\u00e7u. Buru\u015flu qutular\u0131n mexanizml\u0259\u015fdirilmi\u015f qabla\u015fd\u0131r\u0131lmas\u0131 \u00fc\u00e7\u00fcn dizayn olunub. Y\u00fcks\u0259k yap\u0131\u015fqanl\u0131l\u0131\u011f\u0131 il\u0259 f\u0259rql\u0259nir (s\u0259th\u0259 yap\u0131\u015fmas\u0131 il\u0259). M\u0259saf\u0259y\u0259 davaml\u0131d\u0131r. \u015e\u0259ffafd\u0131r. Sko\u00e7un eni 48 mm uzunlu\u011fu 150 m. Korpusun lentsiz diametri 76.2 mm. Enli yap\u0131\u015fqanl\u0131 sko\u00e7 7 kq a q\u0259d\u0259r m\u0259hsullar\u0131n qabla\u015fd\u0131r\u0131lmas\u0131 \u00fc\u00e7\u00fcn dizayn olunub. A\u00e7\u0131q havada 10-30 d\u0259r\u0259c\u0259 selsid\u0259 \u00f6l\u00e7\u00fc v\u0259 x\u00fcsusiyy\u0259tl\u0259rini itirmir. Birba\u015fa g\u00fcn i\u015f\u0131\u011f\u0131 alt\u0131nda saxlamay\u0131n. Qabla\u015fd\u0131rmada sko\u00e7 say\u0131: 1 \u0259d\u0259d. Transport qutuda qabla\u015fd\u0131rma say\u0131: 36 \u0259d\u0259d.<\/p>","protected":false},"excerpt":{"rendered":"<p>\u00d6l\u00e7\u00fcl\u0259ri: 48mmx150m<br \/>\n\u0130stehsal\u00e7\u0131 m\u0259hsul kodu: EZ10274<br \/>\nTicar\u0259t markas\u0131: Eurozone<\/p>\n<p>&nbsp;<\/p>","protected":false},"featured_media":60949,"template":"","meta":{"_joinchat":[]},"product_brand":[],"product_cat":[713],"product_tag":[],"class_list":{"0":"post-59157","1":"product","2":"type-product","3":"status-publish","4":"has-post-thumbnail","6":"product_cat-skoc-v-skoc-dispenserlri","8":"first","9":"instock","10":"shipping-taxable","11":"purchasable","12":"product-type-simple"},"yoast_head":"<!-- This site is optimized with the Yoast SEO plugin v27.5 - https:\/\/yoast.com\/product\/yoast-seo-wordpress\/ -->\n<title>Sko\u00e7 qutu \u00fc\u00e7\u00fcn EZ10274 Eurozone - Antaris<\/title>\n<meta name=\"robots\" content=\"index, follow, max-snippet:-1, max-image-preview:large, max-video-preview:-1\" \/>\n<link rel=\"canonical\" href=\"https:\/\/antaris.az\/ru\/m\u0259hsul\/skoc-qutu-ucun-ez10274-eurozone\/\" \/>\n<meta property=\"og:locale\" content=\"ru_RU\" \/>\n<meta property=\"og:type\" content=\"article\" \/>\n<meta property=\"og:title\" content=\"Sko\u00e7 qutu \u00fc\u00e7\u00fcn EZ10274 Eurozone - Antaris\" \/>\n<meta property=\"og:description\" content=\"\u00d6l\u00e7\u00fcl\u0259ri: 48mmx150m \u0130stehsal\u00e7\u0131 m\u0259hsul kodu: EZ10274 Ticar\u0259t markas\u0131: Eurozone  &nbsp;\" \/>\n<meta property=\"og:url\" content=\"https:\/\/antaris.az\/ru\/m\u0259hsul\/skoc-qutu-ucun-ez10274-eurozone\/\" \/>\n<meta property=\"og:site_name\" content=\"Antaris\" \/>\n<meta property=\"article:publisher\" content=\"https:\/\/www.facebook.com\/antaris.az\/\" \/>\n<meta property=\"article:modified_time\" content=\"2024-11-26T12:20:06+00:00\" \/>\n<meta property=\"og:image\" content=\"https:\/\/antaris.az\/wp-content\/uploads\/2021\/04\/353e73eea10211e981183cd92b04d74e_1daf39f1a92511eb81b20050569bd7c0.jpg\" \/>\n\t<meta property=\"og:image:width\" content=\"300\" \/>\n\t<meta property=\"og:image:height\" content=\"300\" \/>\n\t<meta property=\"og:image:type\" content=\"image\/jpeg\" \/>\n<script type=\"application\/ld+json\" class=\"yoast-schema-graph\">{\"@context\":\"https:\\\/\\\/schema.org\",\"@graph\":[{\"@type\":\"WebPage\",\"@id\":\"https:\\\/\\\/antaris.az\\\/m\u0259hsul\\\/skoc-qutu-ucun-ez10274-eurozone\\\/\",\"url\":\"https:\\\/\\\/antaris.az\\\/m\u0259hsul\\\/skoc-qutu-ucun-ez10274-eurozone\\\/\",\"name\":\"Sko\u00e7 qutu \u00fc\u00e7\u00fcn EZ10274 Eurozone - Antaris\",\"isPartOf\":{\"@id\":\"https:\\\/\\\/antaris.az\\\/#website\"},\"primaryImageOfPage\":{\"@id\":\"https:\\\/\\\/antaris.az\\\/m\u0259hsul\\\/skoc-qutu-ucun-ez10274-eurozone\\\/#primaryimage\"},\"image\":{\"@id\":\"https:\\\/\\\/antaris.az\\\/m\u0259hsul\\\/skoc-qutu-ucun-ez10274-eurozone\\\/#primaryimage\"},\"thumbnailUrl\":\"https:\\\/\\\/antaris.az\\\/wp-content\\\/uploads\\\/2021\\\/04\\\/353e73eea10211e981183cd92b04d74e_1daf39f1a92511eb81b20050569bd7c0.jpg\",\"datePublished\":\"2021-04-29T19:59:53+00:00\",\"dateModified\":\"2024-11-26T12:20:06+00:00\",\"breadcrumb\":{\"@id\":\"https:\\\/\\\/antaris.az\\\/m\u0259hsul\\\/skoc-qutu-ucun-ez10274-eurozone\\\/#breadcrumb\"},\"inLanguage\":\"ru-RU\",\"potentialAction\":[{\"@type\":\"ReadAction\",\"target\":[\"https:\\\/\\\/antaris.az\\\/m\u0259hsul\\\/skoc-qutu-ucun-ez10274-eurozone\\\/\"]}]},{\"@type\":\"ImageObject\",\"inLanguage\":\"ru-RU\",\"@id\":\"https:\\\/\\\/antaris.az\\\/m\u0259hsul\\\/skoc-qutu-ucun-ez10274-eurozone\\\/#primaryimage\",\"url\":\"https:\\\/\\\/antaris.az\\\/wp-content\\\/uploads\\\/2021\\\/04\\\/353e73eea10211e981183cd92b04d74e_1daf39f1a92511eb81b20050569bd7c0.jpg\",\"contentUrl\":\"https:\\\/\\\/antaris.az\\\/wp-content\\\/uploads\\\/2021\\\/04\\\/353e73eea10211e981183cd92b04d74e_1daf39f1a92511eb81b20050569bd7c0.jpg\",\"width\":300,\"height\":300},{\"@type\":\"BreadcrumbList\",\"@id\":\"https:\\\/\\\/antaris.az\\\/m\u0259hsul\\\/skoc-qutu-ucun-ez10274-eurozone\\\/#breadcrumb\",\"itemListElement\":[{\"@type\":\"ListItem\",\"position\":1,\"name\":\"Home\",\"item\":\"https:\\\/\\\/antaris.az\\\/\"},{\"@type\":\"ListItem\",\"position\":2,\"name\":\"Ma\u011faza\",\"item\":\"https:\\\/\\\/antaris.az\\\/ru\\\/shop\\\/\"},{\"@type\":\"ListItem\",\"position\":3,\"name\":\"Sko\u00e7 qutu \u00fc\u00e7\u00fcn EZ10274 Eurozone\"}]},{\"@type\":\"WebSite\",\"@id\":\"https:\\\/\\\/antaris.az\\\/#website\",\"url\":\"https:\\\/\\\/antaris.az\\\/\",\"name\":\"Antaris\",\"description\":\"Ofis, ev, m\u0259kt\u0259b \u00fc\u00e7\u00fcn h\u0259r \u015fey\",\"publisher\":{\"@id\":\"https:\\\/\\\/antaris.az\\\/#organization\"},\"potentialAction\":[{\"@type\":\"SearchAction\",\"target\":{\"@type\":\"EntryPoint\",\"urlTemplate\":\"https:\\\/\\\/antaris.az\\\/?s={search_term_string}\"},\"query-input\":{\"@type\":\"PropertyValueSpecification\",\"valueRequired\":true,\"valueName\":\"search_term_string\"}}],\"inLanguage\":\"ru-RU\"},{\"@type\":\"Organization\",\"@id\":\"https:\\\/\\\/antaris.az\\\/#organization\",\"name\":\"Antaris QSC\",\"url\":\"https:\\\/\\\/antaris.az\\\/\",\"logo\":{\"@type\":\"ImageObject\",\"inLanguage\":\"ru-RU\",\"@id\":\"https:\\\/\\\/antaris.az\\\/#\\\/schema\\\/logo\\\/image\\\/\",\"url\":\"https:\\\/\\\/antaris.az\\\/wp-content\\\/uploads\\\/2025\\\/03\\\/Antaris-logo.png\",\"contentUrl\":\"https:\\\/\\\/antaris.az\\\/wp-content\\\/uploads\\\/2025\\\/03\\\/Antaris-logo.png\",\"width\":500,\"height\":500,\"caption\":\"Antaris QSC\"},\"image\":{\"@id\":\"https:\\\/\\\/antaris.az\\\/#\\\/schema\\\/logo\\\/image\\\/\"},\"sameAs\":[\"https:\\\/\\\/www.facebook.com\\\/antaris.az\\\/\",\"https:\\\/\\\/www.instagram.com\\\/antaris.az\\\/\"]}]}<\/script>\n<!-- \/ Yoast SEO plugin. -->","yoast_head_json":{"title":"Sko\u00e7 qutu \u00fc\u00e7\u00fcn EZ10274 Eurozone - Antaris","robots":{"index":"index","follow":"follow","max-snippet":"max-snippet:-1","max-image-preview":"max-image-preview:large","max-video-preview":"max-video-preview:-1"},"canonical":"https:\/\/antaris.az\/ru\/m\u0259hsul\/skoc-qutu-ucun-ez10274-eurozone\/","og_locale":"ru_RU","og_type":"article","og_title":"Sko\u00e7 qutu \u00fc\u00e7\u00fcn EZ10274 Eurozone - Antaris","og_description":"\u00d6l\u00e7\u00fcl\u0259ri: 48mmx150m \u0130stehsal\u00e7\u0131 m\u0259hsul kodu: EZ10274 Ticar\u0259t markas\u0131: Eurozone  &nbsp;","og_url":"https:\/\/antaris.az\/ru\/m\u0259hsul\/skoc-qutu-ucun-ez10274-eurozone\/","og_site_name":"Antaris","article_publisher":"https:\/\/www.facebook.com\/antaris.az\/","article_modified_time":"2024-11-26T12:20:06+00:00","og_image":[{"width":300,"height":300,"url":"https:\/\/antaris.az\/wp-content\/uploads\/2021\/04\/353e73eea10211e981183cd92b04d74e_1daf39f1a92511eb81b20050569bd7c0.jpg","type":"image\/jpeg"}],"schema":{"@context":"https:\/\/schema.org","@graph":[{"@type":"WebPage","@id":"https:\/\/antaris.az\/m\u0259hsul\/skoc-qutu-ucun-ez10274-eurozone\/","url":"https:\/\/antaris.az\/m\u0259hsul\/skoc-qutu-ucun-ez10274-eurozone\/","name":"Sko\u00e7 qutu \u00fc\u00e7\u00fcn EZ10274 Eurozone - Antaris","isPartOf":{"@id":"https:\/\/antaris.az\/#website"},"primaryImageOfPage":{"@id":"https:\/\/antaris.az\/m\u0259hsul\/skoc-qutu-ucun-ez10274-eurozone\/#primaryimage"},"image":{"@id":"https:\/\/antaris.az\/m\u0259hsul\/skoc-qutu-ucun-ez10274-eurozone\/#primaryimage"},"thumbnailUrl":"https:\/\/antaris.az\/wp-content\/uploads\/2021\/04\/353e73eea10211e981183cd92b04d74e_1daf39f1a92511eb81b20050569bd7c0.jpg","datePublished":"2021-04-29T19:59:53+00:00","dateModified":"2024-11-26T12:20:06+00:00","breadcrumb":{"@id":"https:\/\/antaris.az\/m\u0259hsul\/skoc-qutu-ucun-ez10274-eurozone\/#breadcrumb"},"inLanguage":"ru-RU","potentialAction":[{"@type":"ReadAction","target":["https:\/\/antaris.az\/m\u0259hsul\/skoc-qutu-ucun-ez10274-eurozone\/"]}]},{"@type":"ImageObject","inLanguage":"ru-RU","@id":"https:\/\/antaris.az\/m\u0259hsul\/skoc-qutu-ucun-ez10274-eurozone\/#primaryimage","url":"https:\/\/antaris.az\/wp-content\/uploads\/2021\/04\/353e73eea10211e981183cd92b04d74e_1daf39f1a92511eb81b20050569bd7c0.jpg","contentUrl":"https:\/\/antaris.az\/wp-content\/uploads\/2021\/04\/353e73eea10211e981183cd92b04d74e_1daf39f1a92511eb81b20050569bd7c0.jpg","width":300,"height":300},{"@type":"BreadcrumbList","@id":"https:\/\/antaris.az\/m\u0259hsul\/skoc-qutu-ucun-ez10274-eurozone\/#breadcrumb","itemListElement":[{"@type":"ListItem","position":1,"name":"Home","item":"https:\/\/antaris.az\/"},{"@type":"ListItem","position":2,"name":"Ma\u011faza","item":"https:\/\/antaris.az\/ru\/shop\/"},{"@type":"ListItem","position":3,"name":"Sko\u00e7 qutu \u00fc\u00e7\u00fcn EZ10274 Eurozone"}]},{"@type":"WebSite","@id":"https:\/\/antaris.az\/#website","url":"https:\/\/antaris.az\/","name":"Antaris","description":"Ofis, ev, m\u0259kt\u0259b \u00fc\u00e7\u00fcn h\u0259r \u015fey","publisher":{"@id":"https:\/\/antaris.az\/#organization"},"potentialAction":[{"@type":"SearchAction","target":{"@type":"EntryPoint","urlTemplate":"https:\/\/antaris.az\/?s={search_term_string}"},"query-input":{"@type":"PropertyValueSpecification","valueRequired":true,"valueName":"search_term_string"}}],"inLanguage":"ru-RU"},{"@type":"Organization","@id":"https:\/\/antaris.az\/#organization","name":"\u0410\u043d\u0442\u0430\u0440\u0438\u0441 \u0417\u0410\u041e","url":"https:\/\/antaris.az\/","logo":{"@type":"ImageObject","inLanguage":"ru-RU","@id":"https:\/\/antaris.az\/#\/schema\/logo\/image\/","url":"https:\/\/antaris.az\/wp-content\/uploads\/2025\/03\/Antaris-logo.png","contentUrl":"https:\/\/antaris.az\/wp-content\/uploads\/2025\/03\/Antaris-logo.png","width":500,"height":500,"caption":"Antaris QSC"},"image":{"@id":"https:\/\/antaris.az\/#\/schema\/logo\/image\/"},"sameAs":["https:\/\/www.facebook.com\/antaris.az\/","https:\/\/www.instagram.com\/antaris.az\/"]}]}},"_links":{"self":[{"href":"https:\/\/antaris.az\/ru\/wp-json\/wp\/v2\/product\/59157","targetHints":{"allow":["GET"]}}],"collection":[{"href":"https:\/\/antaris.az\/ru\/wp-json\/wp\/v2\/product"}],"about":[{"href":"https:\/\/antaris.az\/ru\/wp-json\/wp\/v2\/types\/product"}],"version-history":[{"count":0,"href":"https:\/\/antaris.az\/ru\/wp-json\/wp\/v2\/product\/59157\/revisions"}],"wp:featuredmedia":[{"embeddable":true,"href":"https:\/\/antaris.az\/ru\/wp-json\/wp\/v2\/media\/60949"}],"wp:attachment":[{"href":"https:\/\/antaris.az\/ru\/wp-json\/wp\/v2\/media?parent=59157"}],"wp:term":[{"taxonomy":"product_brand","embeddable":true,"href":"https:\/\/antaris.az\/ru\/wp-json\/wp\/v2\/product_brand?post=59157"},{"taxonomy":"product_cat","embeddable":true,"href":"https:\/\/antaris.az\/ru\/wp-json\/wp\/v2\/product_cat?post=59157"},{"taxonomy":"product_tag","embeddable":true,"href":"https:\/\/antaris.az\/ru\/wp-json\/wp\/v2\/product_tag?post=59157"}],"curies":[{"name":"wp","href":"https:\/\/api.w.org\/{rel}","templated":true}]}}