{"id":5898,"date":"2020-04-24T16:49:26","date_gmt":"2020-04-24T13:49:26","guid":{"rendered":"http:\/\/www2.antaris.az\/?post_type=product&#038;p=5898"},"modified":"2024-11-26T17:04:20","modified_gmt":"2024-11-26T13:04:20","slug":"sticky-notes-75x75mm-sari-100v-2","status":"publish","type":"product","link":"https:\/\/antaris.az\/ru\/m\u0259hsul\/sticky-notes-75x75mm-sari-100v-2\/","title":{"rendered":"Qeyd ka\u011f\u0131z\u0131 MD10067 Mondo"},"content":{"rendered":"<p>Ofis i\u015f\u00e7il\u0259ri v\u0259 yarad\u0131c\u0131 m\u00fct\u0259x\u0259ssisl\u0259r \u00fc\u00e7\u00fcn. G\u00f6r\u00fc\u015fl\u0259r, t\u0259liml\u0259r, \u201cbeyin h\u00fccumlar\u0131\u201d zaman\u0131 istifad\u0259 \u00fc\u00e7\u00fcn t\u00f6vsiy\u0259 olunur. Ka\u011f\u0131z\u0131 \u00e7\u0131xard\u0131qdan sonra yap\u0131\u015fqan\u0131n izi qalm\u0131r. Istifad\u0259 zaman\u0131 \u00fc\u00e7\u00fcn m\u0259hdudiyy\u0259t yoxdur.<\/p>\n<p>&nbsp;<\/p>","protected":false},"excerpt":{"rendered":"<p>\u00d6l\u00e7\u00fc: 75x75mm<br \/>\nR\u0259ng: Sar\u0131<br \/>\nV\u0259r\u0259ql\u0259r: 100 \u0259d\u0259d<br \/>\nQabla\u015fd\u0131rma: 12\/240<br \/>\n\u0130stehsal\u00e7\u0131 m\u0259hsul kodu: MD10067<br \/>\n\u0130stehsal \u00f6lk\u0259si: \u00c7in<\/p>\n<p>&nbsp;<\/p>","protected":false},"featured_media":112800,"template":"","meta":{"_joinchat":[]},"product_brand":[],"product_cat":[141],"product_tag":[],"class_list":{"0":"post-5898","1":"product","2":"type-product","3":"status-publish","4":"has-post-thumbnail","6":"product_cat-notes-az","7":"pa_brand-mondo","9":"first","10":"instock","11":"shipping-taxable","12":"purchasable","13":"product-type-simple"},"yoast_head":"<!-- This site is optimized with the Yoast SEO plugin v27.5 - https:\/\/yoast.com\/product\/yoast-seo-wordpress\/ -->\n<title>Qeyd ka\u011f\u0131z\u0131 MD10067 Mondo - Antaris<\/title>\n<meta name=\"robots\" content=\"index, follow, max-snippet:-1, max-image-preview:large, max-video-preview:-1\" \/>\n<link rel=\"canonical\" href=\"https:\/\/antaris.az\/ru\/m\u0259hsul\/sticky-notes-75x75mm-sari-100v-2\/\" \/>\n<meta property=\"og:locale\" content=\"ru_RU\" \/>\n<meta property=\"og:type\" content=\"article\" \/>\n<meta property=\"og:title\" content=\"Qeyd ka\u011f\u0131z\u0131 MD10067 Mondo - Antaris\" \/>\n<meta property=\"og:description\" content=\"\u00d6l\u00e7\u00fc: 75x75mm R\u0259ng: Sar\u0131 V\u0259r\u0259ql\u0259r: 100 \u0259d\u0259d Qabla\u015fd\u0131rma: 12\/240 \u0130stehsal\u00e7\u0131 m\u0259hsul kodu: MD10067 \u0130stehsal \u00f6lk\u0259si: \u00c7in  &nbsp;\" \/>\n<meta property=\"og:url\" content=\"https:\/\/antaris.az\/ru\/m\u0259hsul\/sticky-notes-75x75mm-sari-100v-2\/\" \/>\n<meta property=\"og:site_name\" content=\"Antaris\" \/>\n<meta property=\"article:publisher\" content=\"https:\/\/www.facebook.com\/antaris.az\/\" \/>\n<meta property=\"article:modified_time\" content=\"2024-11-26T13:04:20+00:00\" \/>\n<meta property=\"og:image\" content=\"https:\/\/antaris.az\/wp-content\/uploads\/2020\/04\/MD10073-Mondo-wep-1.webp\" \/>\n\t<meta property=\"og:image:width\" content=\"800\" \/>\n\t<meta property=\"og:image:height\" content=\"800\" \/>\n\t<meta property=\"og:image:type\" content=\"image\/webp\" \/>\n<script type=\"application\/ld+json\" class=\"yoast-schema-graph\">{\"@context\":\"https:\\\/\\\/schema.org\",\"@graph\":[{\"@type\":\"WebPage\",\"@id\":\"https:\\\/\\\/antaris.az\\\/m\u0259hsul\\\/sticky-notes-75x75mm-sari-100v-2\\\/\",\"url\":\"https:\\\/\\\/antaris.az\\\/m\u0259hsul\\\/sticky-notes-75x75mm-sari-100v-2\\\/\",\"name\":\"Qeyd ka\u011f\u0131z\u0131 MD10067 Mondo - Antaris\",\"isPartOf\":{\"@id\":\"https:\\\/\\\/antaris.az\\\/#website\"},\"primaryImageOfPage\":{\"@id\":\"https:\\\/\\\/antaris.az\\\/m\u0259hsul\\\/sticky-notes-75x75mm-sari-100v-2\\\/#primaryimage\"},\"image\":{\"@id\":\"https:\\\/\\\/antaris.az\\\/m\u0259hsul\\\/sticky-notes-75x75mm-sari-100v-2\\\/#primaryimage\"},\"thumbnailUrl\":\"https:\\\/\\\/antaris.az\\\/wp-content\\\/uploads\\\/2020\\\/04\\\/MD10073-Mondo-wep-1.webp\",\"datePublished\":\"2020-04-24T13:49:26+00:00\",\"dateModified\":\"2024-11-26T13:04:20+00:00\",\"breadcrumb\":{\"@id\":\"https:\\\/\\\/antaris.az\\\/m\u0259hsul\\\/sticky-notes-75x75mm-sari-100v-2\\\/#breadcrumb\"},\"inLanguage\":\"ru-RU\",\"potentialAction\":[{\"@type\":\"ReadAction\",\"target\":[\"https:\\\/\\\/antaris.az\\\/m\u0259hsul\\\/sticky-notes-75x75mm-sari-100v-2\\\/\"]}]},{\"@type\":\"ImageObject\",\"inLanguage\":\"ru-RU\",\"@id\":\"https:\\\/\\\/antaris.az\\\/m\u0259hsul\\\/sticky-notes-75x75mm-sari-100v-2\\\/#primaryimage\",\"url\":\"https:\\\/\\\/antaris.az\\\/wp-content\\\/uploads\\\/2020\\\/04\\\/MD10073-Mondo-wep-1.webp\",\"contentUrl\":\"https:\\\/\\\/antaris.az\\\/wp-content\\\/uploads\\\/2020\\\/04\\\/MD10073-Mondo-wep-1.webp\",\"width\":800,\"height\":800,\"caption\":\"MD10073 Mondo wep 1\"},{\"@type\":\"BreadcrumbList\",\"@id\":\"https:\\\/\\\/antaris.az\\\/m\u0259hsul\\\/sticky-notes-75x75mm-sari-100v-2\\\/#breadcrumb\",\"itemListElement\":[{\"@type\":\"ListItem\",\"position\":1,\"name\":\"Home\",\"item\":\"https:\\\/\\\/antaris.az\\\/\"},{\"@type\":\"ListItem\",\"position\":2,\"name\":\"Ma\u011faza\",\"item\":\"https:\\\/\\\/antaris.az\\\/ru\\\/shop\\\/\"},{\"@type\":\"ListItem\",\"position\":3,\"name\":\"Qeyd ka\u011f\u0131z\u0131 MD10067 Mondo\"}]},{\"@type\":\"WebSite\",\"@id\":\"https:\\\/\\\/antaris.az\\\/#website\",\"url\":\"https:\\\/\\\/antaris.az\\\/\",\"name\":\"Antaris\",\"description\":\"Ofis, ev, m\u0259kt\u0259b \u00fc\u00e7\u00fcn h\u0259r \u015fey\",\"publisher\":{\"@id\":\"https:\\\/\\\/antaris.az\\\/#organization\"},\"potentialAction\":[{\"@type\":\"SearchAction\",\"target\":{\"@type\":\"EntryPoint\",\"urlTemplate\":\"https:\\\/\\\/antaris.az\\\/?s={search_term_string}\"},\"query-input\":{\"@type\":\"PropertyValueSpecification\",\"valueRequired\":true,\"valueName\":\"search_term_string\"}}],\"inLanguage\":\"ru-RU\"},{\"@type\":\"Organization\",\"@id\":\"https:\\\/\\\/antaris.az\\\/#organization\",\"name\":\"Antaris QSC\",\"url\":\"https:\\\/\\\/antaris.az\\\/\",\"logo\":{\"@type\":\"ImageObject\",\"inLanguage\":\"ru-RU\",\"@id\":\"https:\\\/\\\/antaris.az\\\/#\\\/schema\\\/logo\\\/image\\\/\",\"url\":\"https:\\\/\\\/antaris.az\\\/wp-content\\\/uploads\\\/2025\\\/03\\\/Antaris-logo.png\",\"contentUrl\":\"https:\\\/\\\/antaris.az\\\/wp-content\\\/uploads\\\/2025\\\/03\\\/Antaris-logo.png\",\"width\":500,\"height\":500,\"caption\":\"Antaris QSC\"},\"image\":{\"@id\":\"https:\\\/\\\/antaris.az\\\/#\\\/schema\\\/logo\\\/image\\\/\"},\"sameAs\":[\"https:\\\/\\\/www.facebook.com\\\/antaris.az\\\/\",\"https:\\\/\\\/www.instagram.com\\\/antaris.az\\\/\"]}]}<\/script>\n<!-- \/ Yoast SEO plugin. -->","yoast_head_json":{"title":"Qeyd ka\u011f\u0131z\u0131 MD10067 Mondo - Antaris","robots":{"index":"index","follow":"follow","max-snippet":"max-snippet:-1","max-image-preview":"max-image-preview:large","max-video-preview":"max-video-preview:-1"},"canonical":"https:\/\/antaris.az\/ru\/m\u0259hsul\/sticky-notes-75x75mm-sari-100v-2\/","og_locale":"ru_RU","og_type":"article","og_title":"Qeyd ka\u011f\u0131z\u0131 MD10067 Mondo - Antaris","og_description":"\u00d6l\u00e7\u00fc: 75x75mm R\u0259ng: Sar\u0131 V\u0259r\u0259ql\u0259r: 100 \u0259d\u0259d Qabla\u015fd\u0131rma: 12\/240 \u0130stehsal\u00e7\u0131 m\u0259hsul kodu: MD10067 \u0130stehsal \u00f6lk\u0259si: \u00c7in  &nbsp;","og_url":"https:\/\/antaris.az\/ru\/m\u0259hsul\/sticky-notes-75x75mm-sari-100v-2\/","og_site_name":"Antaris","article_publisher":"https:\/\/www.facebook.com\/antaris.az\/","article_modified_time":"2024-11-26T13:04:20+00:00","og_image":[{"width":800,"height":800,"url":"https:\/\/antaris.az\/wp-content\/uploads\/2020\/04\/MD10073-Mondo-wep-1.webp","type":"image\/webp"}],"schema":{"@context":"https:\/\/schema.org","@graph":[{"@type":"WebPage","@id":"https:\/\/antaris.az\/m\u0259hsul\/sticky-notes-75x75mm-sari-100v-2\/","url":"https:\/\/antaris.az\/m\u0259hsul\/sticky-notes-75x75mm-sari-100v-2\/","name":"Qeyd ka\u011f\u0131z\u0131 MD10067 Mondo - Antaris","isPartOf":{"@id":"https:\/\/antaris.az\/#website"},"primaryImageOfPage":{"@id":"https:\/\/antaris.az\/m\u0259hsul\/sticky-notes-75x75mm-sari-100v-2\/#primaryimage"},"image":{"@id":"https:\/\/antaris.az\/m\u0259hsul\/sticky-notes-75x75mm-sari-100v-2\/#primaryimage"},"thumbnailUrl":"https:\/\/antaris.az\/wp-content\/uploads\/2020\/04\/MD10073-Mondo-wep-1.webp","datePublished":"2020-04-24T13:49:26+00:00","dateModified":"2024-11-26T13:04:20+00:00","breadcrumb":{"@id":"https:\/\/antaris.az\/m\u0259hsul\/sticky-notes-75x75mm-sari-100v-2\/#breadcrumb"},"inLanguage":"ru-RU","potentialAction":[{"@type":"ReadAction","target":["https:\/\/antaris.az\/m\u0259hsul\/sticky-notes-75x75mm-sari-100v-2\/"]}]},{"@type":"ImageObject","inLanguage":"ru-RU","@id":"https:\/\/antaris.az\/m\u0259hsul\/sticky-notes-75x75mm-sari-100v-2\/#primaryimage","url":"https:\/\/antaris.az\/wp-content\/uploads\/2020\/04\/MD10073-Mondo-wep-1.webp","contentUrl":"https:\/\/antaris.az\/wp-content\/uploads\/2020\/04\/MD10073-Mondo-wep-1.webp","width":800,"height":800,"caption":"MD10073 Mondo wep 1"},{"@type":"BreadcrumbList","@id":"https:\/\/antaris.az\/m\u0259hsul\/sticky-notes-75x75mm-sari-100v-2\/#breadcrumb","itemListElement":[{"@type":"ListItem","position":1,"name":"Home","item":"https:\/\/antaris.az\/"},{"@type":"ListItem","position":2,"name":"Ma\u011faza","item":"https:\/\/antaris.az\/ru\/shop\/"},{"@type":"ListItem","position":3,"name":"Qeyd ka\u011f\u0131z\u0131 MD10067 Mondo"}]},{"@type":"WebSite","@id":"https:\/\/antaris.az\/#website","url":"https:\/\/antaris.az\/","name":"Antaris","description":"Ofis, ev, m\u0259kt\u0259b \u00fc\u00e7\u00fcn h\u0259r \u015fey","publisher":{"@id":"https:\/\/antaris.az\/#organization"},"potentialAction":[{"@type":"SearchAction","target":{"@type":"EntryPoint","urlTemplate":"https:\/\/antaris.az\/?s={search_term_string}"},"query-input":{"@type":"PropertyValueSpecification","valueRequired":true,"valueName":"search_term_string"}}],"inLanguage":"ru-RU"},{"@type":"Organization","@id":"https:\/\/antaris.az\/#organization","name":"\u0410\u043d\u0442\u0430\u0440\u0438\u0441 \u0417\u0410\u041e","url":"https:\/\/antaris.az\/","logo":{"@type":"ImageObject","inLanguage":"ru-RU","@id":"https:\/\/antaris.az\/#\/schema\/logo\/image\/","url":"https:\/\/antaris.az\/wp-content\/uploads\/2025\/03\/Antaris-logo.png","contentUrl":"https:\/\/antaris.az\/wp-content\/uploads\/2025\/03\/Antaris-logo.png","width":500,"height":500,"caption":"Antaris QSC"},"image":{"@id":"https:\/\/antaris.az\/#\/schema\/logo\/image\/"},"sameAs":["https:\/\/www.facebook.com\/antaris.az\/","https:\/\/www.instagram.com\/antaris.az\/"]}]}},"_links":{"self":[{"href":"https:\/\/antaris.az\/ru\/wp-json\/wp\/v2\/product\/5898","targetHints":{"allow":["GET"]}}],"collection":[{"href":"https:\/\/antaris.az\/ru\/wp-json\/wp\/v2\/product"}],"about":[{"href":"https:\/\/antaris.az\/ru\/wp-json\/wp\/v2\/types\/product"}],"version-history":[{"count":0,"href":"https:\/\/antaris.az\/ru\/wp-json\/wp\/v2\/product\/5898\/revisions"}],"wp:featuredmedia":[{"embeddable":true,"href":"https:\/\/antaris.az\/ru\/wp-json\/wp\/v2\/media\/112800"}],"wp:attachment":[{"href":"https:\/\/antaris.az\/ru\/wp-json\/wp\/v2\/media?parent=5898"}],"wp:term":[{"taxonomy":"product_brand","embeddable":true,"href":"https:\/\/antaris.az\/ru\/wp-json\/wp\/v2\/product_brand?post=5898"},{"taxonomy":"product_cat","embeddable":true,"href":"https:\/\/antaris.az\/ru\/wp-json\/wp\/v2\/product_cat?post=5898"},{"taxonomy":"product_tag","embeddable":true,"href":"https:\/\/antaris.az\/ru\/wp-json\/wp\/v2\/product_tag?post=5898"}],"curies":[{"name":"wp","href":"https:\/\/api.w.org\/{rel}","templated":true}]}}