{"id":53503,"date":"2021-04-09T16:23:00","date_gmt":"2021-04-09T13:23:00","guid":{"rendered":"http:\/\/www2.antaris.az\/?post_type=product&#038;p=53503"},"modified":"2025-04-03T16:12:42","modified_gmt":"2025-04-03T12:12:42","slug":"lovh%c9%99-md60010-mondo","status":"publish","type":"product","link":"https:\/\/antaris.az\/ru\/m\u0259hsul\/lovh%c9%99-md60010-mondo\/","title":{"rendered":"L\u00f6vh\u0259 MD60010 90&#215;120 sm Mondo"},"content":{"rendered":"","protected":false},"excerpt":{"rendered":"<p>N\u00f6v\u00fc: Pano\/ \u0130kit\u0259r\u0259fli<br \/>\n\u00c7\u0259r\u00e7iv\u0259: Metal<br \/>\n\u00d6l\u00e7\u00fcl\u0259ri: 90x120sm<br \/>\n\u0130stehsal\u00e7\u0131 m\u0259hsul kodu: MD60010<br \/>\nTicar\u0259t markas\u0131: MONDO<br \/>\n\u0130stehsal\u00e7\u0131 \u00f6lk\u0259: \u00c7in<\/p>","protected":false},"featured_media":53504,"template":"","meta":{"_joinchat":[]},"product_brand":[],"product_cat":[508,401],"product_tag":[],"class_list":{"0":"post-53503","1":"product","2":"type-product","3":"status-publish","4":"has-post-thumbnail","6":"product_cat-lovh","7":"product_cat-lovhlr","8":"pa_brand-mondo","10":"first","11":"instock","12":"shipping-taxable","13":"purchasable","14":"product-type-simple"},"yoast_head":"<!-- This site is optimized with the Yoast SEO plugin v27.3 - https:\/\/yoast.com\/product\/yoast-seo-wordpress\/ -->\n<title>L\u00f6vh\u0259 MD60010 90x120 sm Mondo - Antaris<\/title>\n<meta name=\"robots\" content=\"index, follow, max-snippet:-1, max-image-preview:large, max-video-preview:-1\" \/>\n<link rel=\"canonical\" href=\"https:\/\/antaris.az\/ru\/m\u0259hsul\/lovh\u0259-md60010-mondo\/\" \/>\n<meta property=\"og:locale\" content=\"ru_RU\" \/>\n<meta property=\"og:type\" content=\"article\" \/>\n<meta property=\"og:title\" content=\"L\u00f6vh\u0259 MD60010 90x120 sm Mondo - Antaris\" \/>\n<meta property=\"og:description\" content=\"N\u00f6v\u00fc: Pano\/ \u0130kit\u0259r\u0259fli \u00c7\u0259r\u00e7iv\u0259: Metal \u00d6l\u00e7\u00fcl\u0259ri: 90x120sm \u0130stehsal\u00e7\u0131 m\u0259hsul kodu: MD60010 Ticar\u0259t markas\u0131: MONDO \u0130stehsal\u00e7\u0131 \u00f6lk\u0259: \u00c7in\" \/>\n<meta property=\"og:url\" content=\"https:\/\/antaris.az\/ru\/m\u0259hsul\/lovh\u0259-md60010-mondo\/\" \/>\n<meta property=\"og:site_name\" content=\"Antaris\" \/>\n<meta property=\"article:publisher\" content=\"https:\/\/www.facebook.com\/antaris.az\/\" \/>\n<meta property=\"article:modified_time\" content=\"2025-04-03T12:12:42+00:00\" \/>\n<meta property=\"og:image\" content=\"https:\/\/antaris.az\/wp-content\/uploads\/2021\/04\/69a3cd71e1ec11e981223cd92b04d74a_ef644cc7993511eb81b00050569bd7c0.jpg\" \/>\n\t<meta property=\"og:image:width\" content=\"800\" \/>\n\t<meta property=\"og:image:height\" content=\"800\" \/>\n\t<meta property=\"og:image:type\" content=\"image\/jpeg\" \/>\n<script type=\"application\/ld+json\" class=\"yoast-schema-graph\">{\"@context\":\"https:\\\/\\\/schema.org\",\"@graph\":[{\"@type\":\"WebPage\",\"@id\":\"https:\\\/\\\/antaris.az\\\/m\u0259hsul\\\/lovh%c9%99-md60010-mondo\\\/\",\"url\":\"https:\\\/\\\/antaris.az\\\/m\u0259hsul\\\/lovh%c9%99-md60010-mondo\\\/\",\"name\":\"L\u00f6vh\u0259 MD60010 90x120 sm Mondo - Antaris\",\"isPartOf\":{\"@id\":\"https:\\\/\\\/antaris.az\\\/#website\"},\"primaryImageOfPage\":{\"@id\":\"https:\\\/\\\/antaris.az\\\/m\u0259hsul\\\/lovh%c9%99-md60010-mondo\\\/#primaryimage\"},\"image\":{\"@id\":\"https:\\\/\\\/antaris.az\\\/m\u0259hsul\\\/lovh%c9%99-md60010-mondo\\\/#primaryimage\"},\"thumbnailUrl\":\"https:\\\/\\\/antaris.az\\\/wp-content\\\/uploads\\\/2021\\\/04\\\/69a3cd71e1ec11e981223cd92b04d74a_ef644cc7993511eb81b00050569bd7c0.jpg\",\"datePublished\":\"2021-04-09T13:23:00+00:00\",\"dateModified\":\"2025-04-03T12:12:42+00:00\",\"breadcrumb\":{\"@id\":\"https:\\\/\\\/antaris.az\\\/m\u0259hsul\\\/lovh%c9%99-md60010-mondo\\\/#breadcrumb\"},\"inLanguage\":\"ru-RU\",\"potentialAction\":[{\"@type\":\"ReadAction\",\"target\":[\"https:\\\/\\\/antaris.az\\\/m\u0259hsul\\\/lovh%c9%99-md60010-mondo\\\/\"]}]},{\"@type\":\"ImageObject\",\"inLanguage\":\"ru-RU\",\"@id\":\"https:\\\/\\\/antaris.az\\\/m\u0259hsul\\\/lovh%c9%99-md60010-mondo\\\/#primaryimage\",\"url\":\"https:\\\/\\\/antaris.az\\\/wp-content\\\/uploads\\\/2021\\\/04\\\/69a3cd71e1ec11e981223cd92b04d74a_ef644cc7993511eb81b00050569bd7c0.jpg\",\"contentUrl\":\"https:\\\/\\\/antaris.az\\\/wp-content\\\/uploads\\\/2021\\\/04\\\/69a3cd71e1ec11e981223cd92b04d74a_ef644cc7993511eb81b00050569bd7c0.jpg\",\"width\":800,\"height\":800},{\"@type\":\"BreadcrumbList\",\"@id\":\"https:\\\/\\\/antaris.az\\\/m\u0259hsul\\\/lovh%c9%99-md60010-mondo\\\/#breadcrumb\",\"itemListElement\":[{\"@type\":\"ListItem\",\"position\":1,\"name\":\"Home\",\"item\":\"https:\\\/\\\/antaris.az\\\/\"},{\"@type\":\"ListItem\",\"position\":2,\"name\":\"Ma\u011faza\",\"item\":\"https:\\\/\\\/antaris.az\\\/ru\\\/shop\\\/\"},{\"@type\":\"ListItem\",\"position\":3,\"name\":\"L\u00f6vh\u0259 MD60010 90&#215;120 sm Mondo\"}]},{\"@type\":\"WebSite\",\"@id\":\"https:\\\/\\\/antaris.az\\\/#website\",\"url\":\"https:\\\/\\\/antaris.az\\\/\",\"name\":\"Antaris\",\"description\":\"Ofis, ev, m\u0259kt\u0259b \u00fc\u00e7\u00fcn h\u0259r \u015fey\",\"publisher\":{\"@id\":\"https:\\\/\\\/antaris.az\\\/#organization\"},\"potentialAction\":[{\"@type\":\"SearchAction\",\"target\":{\"@type\":\"EntryPoint\",\"urlTemplate\":\"https:\\\/\\\/antaris.az\\\/?s={search_term_string}\"},\"query-input\":{\"@type\":\"PropertyValueSpecification\",\"valueRequired\":true,\"valueName\":\"search_term_string\"}}],\"inLanguage\":\"ru-RU\"},{\"@type\":\"Organization\",\"@id\":\"https:\\\/\\\/antaris.az\\\/#organization\",\"name\":\"Antaris QSC\",\"url\":\"https:\\\/\\\/antaris.az\\\/\",\"logo\":{\"@type\":\"ImageObject\",\"inLanguage\":\"ru-RU\",\"@id\":\"https:\\\/\\\/antaris.az\\\/#\\\/schema\\\/logo\\\/image\\\/\",\"url\":\"https:\\\/\\\/antaris.az\\\/wp-content\\\/uploads\\\/2025\\\/03\\\/Antaris-logo.png\",\"contentUrl\":\"https:\\\/\\\/antaris.az\\\/wp-content\\\/uploads\\\/2025\\\/03\\\/Antaris-logo.png\",\"width\":500,\"height\":500,\"caption\":\"Antaris QSC\"},\"image\":{\"@id\":\"https:\\\/\\\/antaris.az\\\/#\\\/schema\\\/logo\\\/image\\\/\"},\"sameAs\":[\"https:\\\/\\\/www.facebook.com\\\/antaris.az\\\/\",\"https:\\\/\\\/www.instagram.com\\\/antaris.az\\\/\"]}]}<\/script>\n<!-- \/ Yoast SEO plugin. -->","yoast_head_json":{"title":"L\u00f6vh\u0259 MD60010 90x120 sm Mondo - Antaris","robots":{"index":"index","follow":"follow","max-snippet":"max-snippet:-1","max-image-preview":"max-image-preview:large","max-video-preview":"max-video-preview:-1"},"canonical":"https:\/\/antaris.az\/ru\/m\u0259hsul\/lovh\u0259-md60010-mondo\/","og_locale":"ru_RU","og_type":"article","og_title":"L\u00f6vh\u0259 MD60010 90x120 sm Mondo - Antaris","og_description":"N\u00f6v\u00fc: Pano\/ \u0130kit\u0259r\u0259fli \u00c7\u0259r\u00e7iv\u0259: Metal \u00d6l\u00e7\u00fcl\u0259ri: 90x120sm \u0130stehsal\u00e7\u0131 m\u0259hsul kodu: MD60010 Ticar\u0259t markas\u0131: MONDO \u0130stehsal\u00e7\u0131 \u00f6lk\u0259: \u00c7in","og_url":"https:\/\/antaris.az\/ru\/m\u0259hsul\/lovh\u0259-md60010-mondo\/","og_site_name":"Antaris","article_publisher":"https:\/\/www.facebook.com\/antaris.az\/","article_modified_time":"2025-04-03T12:12:42+00:00","og_image":[{"width":800,"height":800,"url":"https:\/\/antaris.az\/wp-content\/uploads\/2021\/04\/69a3cd71e1ec11e981223cd92b04d74a_ef644cc7993511eb81b00050569bd7c0.jpg","type":"image\/jpeg"}],"schema":{"@context":"https:\/\/schema.org","@graph":[{"@type":"WebPage","@id":"https:\/\/antaris.az\/m\u0259hsul\/lovh%c9%99-md60010-mondo\/","url":"https:\/\/antaris.az\/m\u0259hsul\/lovh%c9%99-md60010-mondo\/","name":"L\u00f6vh\u0259 MD60010 90x120 sm Mondo - Antaris","isPartOf":{"@id":"https:\/\/antaris.az\/#website"},"primaryImageOfPage":{"@id":"https:\/\/antaris.az\/m\u0259hsul\/lovh%c9%99-md60010-mondo\/#primaryimage"},"image":{"@id":"https:\/\/antaris.az\/m\u0259hsul\/lovh%c9%99-md60010-mondo\/#primaryimage"},"thumbnailUrl":"https:\/\/antaris.az\/wp-content\/uploads\/2021\/04\/69a3cd71e1ec11e981223cd92b04d74a_ef644cc7993511eb81b00050569bd7c0.jpg","datePublished":"2021-04-09T13:23:00+00:00","dateModified":"2025-04-03T12:12:42+00:00","breadcrumb":{"@id":"https:\/\/antaris.az\/m\u0259hsul\/lovh%c9%99-md60010-mondo\/#breadcrumb"},"inLanguage":"ru-RU","potentialAction":[{"@type":"ReadAction","target":["https:\/\/antaris.az\/m\u0259hsul\/lovh%c9%99-md60010-mondo\/"]}]},{"@type":"ImageObject","inLanguage":"ru-RU","@id":"https:\/\/antaris.az\/m\u0259hsul\/lovh%c9%99-md60010-mondo\/#primaryimage","url":"https:\/\/antaris.az\/wp-content\/uploads\/2021\/04\/69a3cd71e1ec11e981223cd92b04d74a_ef644cc7993511eb81b00050569bd7c0.jpg","contentUrl":"https:\/\/antaris.az\/wp-content\/uploads\/2021\/04\/69a3cd71e1ec11e981223cd92b04d74a_ef644cc7993511eb81b00050569bd7c0.jpg","width":800,"height":800},{"@type":"BreadcrumbList","@id":"https:\/\/antaris.az\/m\u0259hsul\/lovh%c9%99-md60010-mondo\/#breadcrumb","itemListElement":[{"@type":"ListItem","position":1,"name":"Home","item":"https:\/\/antaris.az\/"},{"@type":"ListItem","position":2,"name":"Ma\u011faza","item":"https:\/\/antaris.az\/ru\/shop\/"},{"@type":"ListItem","position":3,"name":"L\u00f6vh\u0259 MD60010 90&#215;120 sm Mondo"}]},{"@type":"WebSite","@id":"https:\/\/antaris.az\/#website","url":"https:\/\/antaris.az\/","name":"Antaris","description":"Ofis, ev, m\u0259kt\u0259b \u00fc\u00e7\u00fcn h\u0259r \u015fey","publisher":{"@id":"https:\/\/antaris.az\/#organization"},"potentialAction":[{"@type":"SearchAction","target":{"@type":"EntryPoint","urlTemplate":"https:\/\/antaris.az\/?s={search_term_string}"},"query-input":{"@type":"PropertyValueSpecification","valueRequired":true,"valueName":"search_term_string"}}],"inLanguage":"ru-RU"},{"@type":"Organization","@id":"https:\/\/antaris.az\/#organization","name":"\u0410\u043d\u0442\u0430\u0440\u0438\u0441 \u0417\u0410\u041e","url":"https:\/\/antaris.az\/","logo":{"@type":"ImageObject","inLanguage":"ru-RU","@id":"https:\/\/antaris.az\/#\/schema\/logo\/image\/","url":"https:\/\/antaris.az\/wp-content\/uploads\/2025\/03\/Antaris-logo.png","contentUrl":"https:\/\/antaris.az\/wp-content\/uploads\/2025\/03\/Antaris-logo.png","width":500,"height":500,"caption":"Antaris QSC"},"image":{"@id":"https:\/\/antaris.az\/#\/schema\/logo\/image\/"},"sameAs":["https:\/\/www.facebook.com\/antaris.az\/","https:\/\/www.instagram.com\/antaris.az\/"]}]}},"_links":{"self":[{"href":"https:\/\/antaris.az\/ru\/wp-json\/wp\/v2\/product\/53503","targetHints":{"allow":["GET"]}}],"collection":[{"href":"https:\/\/antaris.az\/ru\/wp-json\/wp\/v2\/product"}],"about":[{"href":"https:\/\/antaris.az\/ru\/wp-json\/wp\/v2\/types\/product"}],"version-history":[{"count":0,"href":"https:\/\/antaris.az\/ru\/wp-json\/wp\/v2\/product\/53503\/revisions"}],"wp:featuredmedia":[{"embeddable":true,"href":"https:\/\/antaris.az\/ru\/wp-json\/wp\/v2\/media\/53504"}],"wp:attachment":[{"href":"https:\/\/antaris.az\/ru\/wp-json\/wp\/v2\/media?parent=53503"}],"wp:term":[{"taxonomy":"product_brand","embeddable":true,"href":"https:\/\/antaris.az\/ru\/wp-json\/wp\/v2\/product_brand?post=53503"},{"taxonomy":"product_cat","embeddable":true,"href":"https:\/\/antaris.az\/ru\/wp-json\/wp\/v2\/product_cat?post=53503"},{"taxonomy":"product_tag","embeddable":true,"href":"https:\/\/antaris.az\/ru\/wp-json\/wp\/v2\/product_tag?post=53503"}],"curies":[{"name":"wp","href":"https:\/\/api.w.org\/{rel}","templated":true}]}}