{"id":53500,"date":"2021-04-09T16:17:01","date_gmt":"2021-04-09T13:17:01","guid":{"rendered":"http:\/\/www2.antaris.az\/?post_type=product&#038;p=53500"},"modified":"2024-11-26T16:22:55","modified_gmt":"2024-11-26T12:22:55","slug":"q%c9%99l%c9%99m-semi-gel-0-7mm-md30013-mondo","status":"publish","type":"product","link":"https:\/\/antaris.az\/ru\/m\u0259hsul\/q%c9%99l%c9%99m-semi-gel-0-7mm-md30013-mondo\/","title":{"rendered":"Q\u0259l\u0259m semi-gel 0.7mm MD30013 Mondo"},"content":{"rendered":"","protected":false},"excerpt":{"rendered":"<p>Q\u0259l\u0259m: Semi-Gel<br \/>\nUcluq: 0,7mm<br \/>\nR\u0259ngi: Mavi<br \/>\n\u0130stehsal\u00e7\u0131 m\u0259hsul kodu: MD30013<br \/>\nTicar\u0259t markas\u0131: Mondo<br \/>\n\u0130stehsal \u00f6lk\u0259si: \u00c7in<\/p>","protected":false},"featured_media":53501,"template":"","meta":{"_joinchat":[]},"product_brand":[],"product_cat":[347],"product_tag":[],"class_list":{"0":"post-53500","1":"product","2":"type-product","3":"status-publish","4":"has-post-thumbnail","6":"product_cat-gel-qelem","7":"pa_brand-mondo","9":"first","10":"instock","11":"shipping-taxable","12":"purchasable","13":"product-type-simple"},"yoast_head":"<!-- This site is optimized with the Yoast SEO plugin v27.3 - https:\/\/yoast.com\/product\/yoast-seo-wordpress\/ -->\n<title>Q\u0259l\u0259m semi-gel 0.7mm MD30013 Mondo - Antaris<\/title>\n<meta name=\"robots\" content=\"index, follow, max-snippet:-1, max-image-preview:large, max-video-preview:-1\" \/>\n<link rel=\"canonical\" href=\"https:\/\/antaris.az\/ru\/m\u0259hsul\/q\u0259l\u0259m-semi-gel-0-7mm-md30013-mondo\/\" \/>\n<meta property=\"og:locale\" content=\"ru_RU\" \/>\n<meta property=\"og:type\" content=\"article\" \/>\n<meta property=\"og:title\" content=\"Q\u0259l\u0259m semi-gel 0.7mm MD30013 Mondo - Antaris\" \/>\n<meta property=\"og:description\" content=\"Q\u0259l\u0259m: Semi-Gel Ucluq: 0,7mm R\u0259ngi: Mavi \u0130stehsal\u00e7\u0131 m\u0259hsul kodu: MD30013 Ticar\u0259t markas\u0131: Mondo \u0130stehsal \u00f6lk\u0259si: \u00c7in\" \/>\n<meta property=\"og:url\" content=\"https:\/\/antaris.az\/ru\/m\u0259hsul\/q\u0259l\u0259m-semi-gel-0-7mm-md30013-mondo\/\" \/>\n<meta property=\"og:site_name\" content=\"Antaris\" \/>\n<meta property=\"article:publisher\" content=\"https:\/\/www.facebook.com\/antaris.az\/\" \/>\n<meta property=\"article:modified_time\" content=\"2024-11-26T12:22:55+00:00\" \/>\n<meta property=\"og:image\" content=\"https:\/\/antaris.az\/wp-content\/uploads\/2021\/04\/9a86df66d3d211e9811f3cd92b04d74a_d8faae51993311eb81b00050569bd7c0.jpg\" \/>\n\t<meta property=\"og:image:width\" content=\"800\" \/>\n\t<meta property=\"og:image:height\" content=\"800\" \/>\n\t<meta property=\"og:image:type\" content=\"image\/jpeg\" \/>\n<script type=\"application\/ld+json\" class=\"yoast-schema-graph\">{\"@context\":\"https:\\\/\\\/schema.org\",\"@graph\":[{\"@type\":\"WebPage\",\"@id\":\"https:\\\/\\\/antaris.az\\\/m\u0259hsul\\\/q%c9%99l%c9%99m-semi-gel-0-7mm-md30013-mondo\\\/\",\"url\":\"https:\\\/\\\/antaris.az\\\/m\u0259hsul\\\/q%c9%99l%c9%99m-semi-gel-0-7mm-md30013-mondo\\\/\",\"name\":\"Q\u0259l\u0259m semi-gel 0.7mm MD30013 Mondo - Antaris\",\"isPartOf\":{\"@id\":\"https:\\\/\\\/antaris.az\\\/#website\"},\"primaryImageOfPage\":{\"@id\":\"https:\\\/\\\/antaris.az\\\/m\u0259hsul\\\/q%c9%99l%c9%99m-semi-gel-0-7mm-md30013-mondo\\\/#primaryimage\"},\"image\":{\"@id\":\"https:\\\/\\\/antaris.az\\\/m\u0259hsul\\\/q%c9%99l%c9%99m-semi-gel-0-7mm-md30013-mondo\\\/#primaryimage\"},\"thumbnailUrl\":\"https:\\\/\\\/antaris.az\\\/wp-content\\\/uploads\\\/2021\\\/04\\\/9a86df66d3d211e9811f3cd92b04d74a_d8faae51993311eb81b00050569bd7c0.jpg\",\"datePublished\":\"2021-04-09T13:17:01+00:00\",\"dateModified\":\"2024-11-26T12:22:55+00:00\",\"breadcrumb\":{\"@id\":\"https:\\\/\\\/antaris.az\\\/m\u0259hsul\\\/q%c9%99l%c9%99m-semi-gel-0-7mm-md30013-mondo\\\/#breadcrumb\"},\"inLanguage\":\"ru-RU\",\"potentialAction\":[{\"@type\":\"ReadAction\",\"target\":[\"https:\\\/\\\/antaris.az\\\/m\u0259hsul\\\/q%c9%99l%c9%99m-semi-gel-0-7mm-md30013-mondo\\\/\"]}]},{\"@type\":\"ImageObject\",\"inLanguage\":\"ru-RU\",\"@id\":\"https:\\\/\\\/antaris.az\\\/m\u0259hsul\\\/q%c9%99l%c9%99m-semi-gel-0-7mm-md30013-mondo\\\/#primaryimage\",\"url\":\"https:\\\/\\\/antaris.az\\\/wp-content\\\/uploads\\\/2021\\\/04\\\/9a86df66d3d211e9811f3cd92b04d74a_d8faae51993311eb81b00050569bd7c0.jpg\",\"contentUrl\":\"https:\\\/\\\/antaris.az\\\/wp-content\\\/uploads\\\/2021\\\/04\\\/9a86df66d3d211e9811f3cd92b04d74a_d8faae51993311eb81b00050569bd7c0.jpg\",\"width\":800,\"height\":800},{\"@type\":\"BreadcrumbList\",\"@id\":\"https:\\\/\\\/antaris.az\\\/m\u0259hsul\\\/q%c9%99l%c9%99m-semi-gel-0-7mm-md30013-mondo\\\/#breadcrumb\",\"itemListElement\":[{\"@type\":\"ListItem\",\"position\":1,\"name\":\"Home\",\"item\":\"https:\\\/\\\/antaris.az\\\/\"},{\"@type\":\"ListItem\",\"position\":2,\"name\":\"Ma\u011faza\",\"item\":\"https:\\\/\\\/antaris.az\\\/ru\\\/shop\\\/\"},{\"@type\":\"ListItem\",\"position\":3,\"name\":\"Q\u0259l\u0259m semi-gel 0.7mm MD30013 Mondo\"}]},{\"@type\":\"WebSite\",\"@id\":\"https:\\\/\\\/antaris.az\\\/#website\",\"url\":\"https:\\\/\\\/antaris.az\\\/\",\"name\":\"Antaris\",\"description\":\"Ofis, ev, m\u0259kt\u0259b \u00fc\u00e7\u00fcn h\u0259r \u015fey\",\"publisher\":{\"@id\":\"https:\\\/\\\/antaris.az\\\/#organization\"},\"potentialAction\":[{\"@type\":\"SearchAction\",\"target\":{\"@type\":\"EntryPoint\",\"urlTemplate\":\"https:\\\/\\\/antaris.az\\\/?s={search_term_string}\"},\"query-input\":{\"@type\":\"PropertyValueSpecification\",\"valueRequired\":true,\"valueName\":\"search_term_string\"}}],\"inLanguage\":\"ru-RU\"},{\"@type\":\"Organization\",\"@id\":\"https:\\\/\\\/antaris.az\\\/#organization\",\"name\":\"Antaris QSC\",\"url\":\"https:\\\/\\\/antaris.az\\\/\",\"logo\":{\"@type\":\"ImageObject\",\"inLanguage\":\"ru-RU\",\"@id\":\"https:\\\/\\\/antaris.az\\\/#\\\/schema\\\/logo\\\/image\\\/\",\"url\":\"https:\\\/\\\/antaris.az\\\/wp-content\\\/uploads\\\/2025\\\/03\\\/Antaris-logo.png\",\"contentUrl\":\"https:\\\/\\\/antaris.az\\\/wp-content\\\/uploads\\\/2025\\\/03\\\/Antaris-logo.png\",\"width\":500,\"height\":500,\"caption\":\"Antaris QSC\"},\"image\":{\"@id\":\"https:\\\/\\\/antaris.az\\\/#\\\/schema\\\/logo\\\/image\\\/\"},\"sameAs\":[\"https:\\\/\\\/www.facebook.com\\\/antaris.az\\\/\",\"https:\\\/\\\/www.instagram.com\\\/antaris.az\\\/\"]}]}<\/script>\n<!-- \/ Yoast SEO plugin. -->","yoast_head_json":{"title":"Q\u0259l\u0259m semi-gel 0.7mm MD30013 Mondo - Antaris","robots":{"index":"index","follow":"follow","max-snippet":"max-snippet:-1","max-image-preview":"max-image-preview:large","max-video-preview":"max-video-preview:-1"},"canonical":"https:\/\/antaris.az\/ru\/m\u0259hsul\/q\u0259l\u0259m-semi-gel-0-7mm-md30013-mondo\/","og_locale":"ru_RU","og_type":"article","og_title":"Q\u0259l\u0259m semi-gel 0.7mm MD30013 Mondo - Antaris","og_description":"Q\u0259l\u0259m: Semi-Gel Ucluq: 0,7mm R\u0259ngi: Mavi \u0130stehsal\u00e7\u0131 m\u0259hsul kodu: MD30013 Ticar\u0259t markas\u0131: Mondo \u0130stehsal \u00f6lk\u0259si: \u00c7in","og_url":"https:\/\/antaris.az\/ru\/m\u0259hsul\/q\u0259l\u0259m-semi-gel-0-7mm-md30013-mondo\/","og_site_name":"Antaris","article_publisher":"https:\/\/www.facebook.com\/antaris.az\/","article_modified_time":"2024-11-26T12:22:55+00:00","og_image":[{"width":800,"height":800,"url":"https:\/\/antaris.az\/wp-content\/uploads\/2021\/04\/9a86df66d3d211e9811f3cd92b04d74a_d8faae51993311eb81b00050569bd7c0.jpg","type":"image\/jpeg"}],"schema":{"@context":"https:\/\/schema.org","@graph":[{"@type":"WebPage","@id":"https:\/\/antaris.az\/m\u0259hsul\/q%c9%99l%c9%99m-semi-gel-0-7mm-md30013-mondo\/","url":"https:\/\/antaris.az\/m\u0259hsul\/q%c9%99l%c9%99m-semi-gel-0-7mm-md30013-mondo\/","name":"Q\u0259l\u0259m semi-gel 0.7mm MD30013 Mondo - Antaris","isPartOf":{"@id":"https:\/\/antaris.az\/#website"},"primaryImageOfPage":{"@id":"https:\/\/antaris.az\/m\u0259hsul\/q%c9%99l%c9%99m-semi-gel-0-7mm-md30013-mondo\/#primaryimage"},"image":{"@id":"https:\/\/antaris.az\/m\u0259hsul\/q%c9%99l%c9%99m-semi-gel-0-7mm-md30013-mondo\/#primaryimage"},"thumbnailUrl":"https:\/\/antaris.az\/wp-content\/uploads\/2021\/04\/9a86df66d3d211e9811f3cd92b04d74a_d8faae51993311eb81b00050569bd7c0.jpg","datePublished":"2021-04-09T13:17:01+00:00","dateModified":"2024-11-26T12:22:55+00:00","breadcrumb":{"@id":"https:\/\/antaris.az\/m\u0259hsul\/q%c9%99l%c9%99m-semi-gel-0-7mm-md30013-mondo\/#breadcrumb"},"inLanguage":"ru-RU","potentialAction":[{"@type":"ReadAction","target":["https:\/\/antaris.az\/m\u0259hsul\/q%c9%99l%c9%99m-semi-gel-0-7mm-md30013-mondo\/"]}]},{"@type":"ImageObject","inLanguage":"ru-RU","@id":"https:\/\/antaris.az\/m\u0259hsul\/q%c9%99l%c9%99m-semi-gel-0-7mm-md30013-mondo\/#primaryimage","url":"https:\/\/antaris.az\/wp-content\/uploads\/2021\/04\/9a86df66d3d211e9811f3cd92b04d74a_d8faae51993311eb81b00050569bd7c0.jpg","contentUrl":"https:\/\/antaris.az\/wp-content\/uploads\/2021\/04\/9a86df66d3d211e9811f3cd92b04d74a_d8faae51993311eb81b00050569bd7c0.jpg","width":800,"height":800},{"@type":"BreadcrumbList","@id":"https:\/\/antaris.az\/m\u0259hsul\/q%c9%99l%c9%99m-semi-gel-0-7mm-md30013-mondo\/#breadcrumb","itemListElement":[{"@type":"ListItem","position":1,"name":"Home","item":"https:\/\/antaris.az\/"},{"@type":"ListItem","position":2,"name":"Ma\u011faza","item":"https:\/\/antaris.az\/ru\/shop\/"},{"@type":"ListItem","position":3,"name":"Q\u0259l\u0259m semi-gel 0.7mm MD30013 Mondo"}]},{"@type":"WebSite","@id":"https:\/\/antaris.az\/#website","url":"https:\/\/antaris.az\/","name":"Antaris","description":"Ofis, ev, m\u0259kt\u0259b \u00fc\u00e7\u00fcn h\u0259r \u015fey","publisher":{"@id":"https:\/\/antaris.az\/#organization"},"potentialAction":[{"@type":"SearchAction","target":{"@type":"EntryPoint","urlTemplate":"https:\/\/antaris.az\/?s={search_term_string}"},"query-input":{"@type":"PropertyValueSpecification","valueRequired":true,"valueName":"search_term_string"}}],"inLanguage":"ru-RU"},{"@type":"Organization","@id":"https:\/\/antaris.az\/#organization","name":"\u0410\u043d\u0442\u0430\u0440\u0438\u0441 \u0417\u0410\u041e","url":"https:\/\/antaris.az\/","logo":{"@type":"ImageObject","inLanguage":"ru-RU","@id":"https:\/\/antaris.az\/#\/schema\/logo\/image\/","url":"https:\/\/antaris.az\/wp-content\/uploads\/2025\/03\/Antaris-logo.png","contentUrl":"https:\/\/antaris.az\/wp-content\/uploads\/2025\/03\/Antaris-logo.png","width":500,"height":500,"caption":"Antaris QSC"},"image":{"@id":"https:\/\/antaris.az\/#\/schema\/logo\/image\/"},"sameAs":["https:\/\/www.facebook.com\/antaris.az\/","https:\/\/www.instagram.com\/antaris.az\/"]}]}},"_links":{"self":[{"href":"https:\/\/antaris.az\/ru\/wp-json\/wp\/v2\/product\/53500","targetHints":{"allow":["GET"]}}],"collection":[{"href":"https:\/\/antaris.az\/ru\/wp-json\/wp\/v2\/product"}],"about":[{"href":"https:\/\/antaris.az\/ru\/wp-json\/wp\/v2\/types\/product"}],"version-history":[{"count":0,"href":"https:\/\/antaris.az\/ru\/wp-json\/wp\/v2\/product\/53500\/revisions"}],"wp:featuredmedia":[{"embeddable":true,"href":"https:\/\/antaris.az\/ru\/wp-json\/wp\/v2\/media\/53501"}],"wp:attachment":[{"href":"https:\/\/antaris.az\/ru\/wp-json\/wp\/v2\/media?parent=53500"}],"wp:term":[{"taxonomy":"product_brand","embeddable":true,"href":"https:\/\/antaris.az\/ru\/wp-json\/wp\/v2\/product_brand?post=53500"},{"taxonomy":"product_cat","embeddable":true,"href":"https:\/\/antaris.az\/ru\/wp-json\/wp\/v2\/product_cat?post=53500"},{"taxonomy":"product_tag","embeddable":true,"href":"https:\/\/antaris.az\/ru\/wp-json\/wp\/v2\/product_tag?post=53500"}],"curies":[{"name":"wp","href":"https:\/\/api.w.org\/{rel}","templated":true}]}}