{"id":53131,"date":"2021-04-07T10:58:01","date_gmt":"2021-04-07T07:58:01","guid":{"rendered":"http:\/\/www2.antaris.az\/?post_type=product&#038;p=53131"},"modified":"2025-02-28T13:44:23","modified_gmt":"2025-02-28T09:44:23","slug":"karandas-d%c9%99sti-33predmet-112977-pitt-monochrome-faber-castell","status":"publish","type":"product","link":"https:\/\/antaris.az\/ru\/m\u0259hsul\/karandas-d%c9%99sti-33predmet-112977-pitt-monochrome-faber-castell\/","title":{"rendered":"Karanda\u015f d\u0259sti 33predmet 112977 PITT MONOCHROME Faber-Castell"},"content":{"rendered":"","protected":false},"excerpt":{"rendered":"<p>Karanda\u015f CASTELL 9000 2B<br \/>\nKaranda\u015f CASTELL 9000 6B<br \/>\nKaranda\u015f akvarel qaraqrafit 6B<br \/>\nKaranda\u015f qrafit PITT\u00ae MONOCHROME 6B<br \/>\nKaranda\u015f pastel 6 \u0259d\u0259d PITT\u00ae (3 ya\u011fl\u0131 + 3 adi)<br \/>\nKaranda\u015f t\u0259bii k\u00f6m\u00fcrd\u0259n PITT\u00ae MONOCHROME Medium<br \/>\nKaranda. pressl\u0259nmi\u015f k\u00f6m\u00fcrd\u0259n PITT\u00ae MONOCHROME Soft<br \/>\nT\u0259bii v\u0259 pressl\u0259nmi\u015f k\u00f6m\u00fcrd\u0259n \u00f6rt\u00fcks\u00fcz 4 \u00e7\u00fcb\u00fcq<br \/>\nT\u0259ba\u015f\u0131r 10\u0259d\u0259d PITT\u00ae MONOCHROME,<br \/>\nAksessuar: f\u0131r\u00e7a, pozan, tu\u015flama \u00fc\u00e7\u00fcn \u00e7\u00fcb\u00fcq<br \/>\nD\u0259std\u0259: 33 predmet<br \/>\n\u0130stehsal\u00e7\u0131 m\u0259hsul kodu: 112977<br \/>\nTicar\u0259t markas\u0131: Faber-Castell<\/p>","protected":false},"featured_media":98397,"template":"","meta":{"_joinchat":[]},"product_brand":[],"product_cat":[2371,701,349],"product_tag":[],"class_list":{"0":"post-53131","1":"product","2":"type-product","3":"status-publish","4":"has-post-thumbnail","6":"product_cat-karandas-destleri","7":"product_cat-rngli-karandaslar","8":"product_cat-sade_karandash_ve_ehtiyatlari","9":"pa_brand-faber-castell","10":"pa_seriya-yasil","12":"first","13":"instock","14":"shipping-taxable","15":"purchasable","16":"product-type-simple"},"yoast_head":"<!-- This site is optimized with the Yoast SEO plugin v27.4 - https:\/\/yoast.com\/product\/yoast-seo-wordpress\/ -->\n<title>Karanda\u015f d\u0259sti 33predmet 112977 PITT MONOCHROME Faber-Castell - Antaris<\/title>\n<meta name=\"robots\" content=\"index, follow, max-snippet:-1, max-image-preview:large, max-video-preview:-1\" \/>\n<link rel=\"canonical\" href=\"https:\/\/antaris.az\/ru\/m\u0259hsul\/karandas-d\u0259sti-33predmet-112977-pitt-monochrome-faber-castell\/\" \/>\n<meta property=\"og:locale\" content=\"ru_RU\" \/>\n<meta property=\"og:type\" content=\"article\" \/>\n<meta property=\"og:title\" content=\"Karanda\u015f d\u0259sti 33predmet 112977 PITT MONOCHROME Faber-Castell - Antaris\" \/>\n<meta property=\"og:description\" content=\"Karanda\u015f CASTELL 9000 2B Karanda\u015f CASTELL 9000 6B Karanda\u015f akvarel qaraqrafit 6B Karanda\u015f qrafit PITT\u00ae MONOCHROME 6B Karanda\u015f pastel 6 \u0259d\u0259d PITT\u00ae (3 ya\u011fl\u0131 + 3 adi) Karanda\u015f t\u0259bii k\u00f6m\u00fcrd\u0259n PITT\u00ae MONOCHROME Medium Karanda. pressl\u0259nmi\u015f k\u00f6m\u00fcrd\u0259n PITT\u00ae MONOCHROME Soft T\u0259bii v\u0259 pressl\u0259nmi\u015f k\u00f6m\u00fcrd\u0259n \u00f6rt\u00fcks\u00fcz 4 \u00e7\u00fcb\u00fcq T\u0259ba\u015f\u0131r 10\u0259d\u0259d PITT\u00ae MONOCHROME, Aksessuar: f\u0131r\u00e7a, pozan, tu\u015flama \u00fc\u00e7\u00fcn \u00e7\u00fcb\u00fcq D\u0259std\u0259: 33 predmet \u0130stehsal\u00e7\u0131 m\u0259hsul kodu: 112977 Ticar\u0259t markas\u0131: Faber-Castell\" \/>\n<meta property=\"og:url\" content=\"https:\/\/antaris.az\/ru\/m\u0259hsul\/karandas-d\u0259sti-33predmet-112977-pitt-monochrome-faber-castell\/\" \/>\n<meta property=\"og:site_name\" content=\"Antaris\" \/>\n<meta property=\"article:publisher\" content=\"https:\/\/www.facebook.com\/antaris.az\/\" \/>\n<meta property=\"article:modified_time\" content=\"2025-02-28T09:44:23+00:00\" \/>\n<meta property=\"og:image\" content=\"https:\/\/antaris.az\/wp-content\/uploads\/2021\/04\/112977-Faber-Castell-wep.webp\" \/>\n\t<meta property=\"og:image:width\" content=\"800\" \/>\n\t<meta property=\"og:image:height\" content=\"800\" \/>\n\t<meta property=\"og:image:type\" content=\"image\/webp\" \/>\n<script type=\"application\/ld+json\" class=\"yoast-schema-graph\">{\"@context\":\"https:\\\/\\\/schema.org\",\"@graph\":[{\"@type\":\"WebPage\",\"@id\":\"https:\\\/\\\/antaris.az\\\/m\u0259hsul\\\/karandas-d%c9%99sti-33predmet-112977-pitt-monochrome-faber-castell\\\/\",\"url\":\"https:\\\/\\\/antaris.az\\\/m\u0259hsul\\\/karandas-d%c9%99sti-33predmet-112977-pitt-monochrome-faber-castell\\\/\",\"name\":\"Karanda\u015f d\u0259sti 33predmet 112977 PITT MONOCHROME Faber-Castell - Antaris\",\"isPartOf\":{\"@id\":\"https:\\\/\\\/antaris.az\\\/#website\"},\"primaryImageOfPage\":{\"@id\":\"https:\\\/\\\/antaris.az\\\/m\u0259hsul\\\/karandas-d%c9%99sti-33predmet-112977-pitt-monochrome-faber-castell\\\/#primaryimage\"},\"image\":{\"@id\":\"https:\\\/\\\/antaris.az\\\/m\u0259hsul\\\/karandas-d%c9%99sti-33predmet-112977-pitt-monochrome-faber-castell\\\/#primaryimage\"},\"thumbnailUrl\":\"https:\\\/\\\/antaris.az\\\/wp-content\\\/uploads\\\/2021\\\/04\\\/112977-Faber-Castell-wep.webp\",\"datePublished\":\"2021-04-07T07:58:01+00:00\",\"dateModified\":\"2025-02-28T09:44:23+00:00\",\"breadcrumb\":{\"@id\":\"https:\\\/\\\/antaris.az\\\/m\u0259hsul\\\/karandas-d%c9%99sti-33predmet-112977-pitt-monochrome-faber-castell\\\/#breadcrumb\"},\"inLanguage\":\"ru-RU\",\"potentialAction\":[{\"@type\":\"ReadAction\",\"target\":[\"https:\\\/\\\/antaris.az\\\/m\u0259hsul\\\/karandas-d%c9%99sti-33predmet-112977-pitt-monochrome-faber-castell\\\/\"]}]},{\"@type\":\"ImageObject\",\"inLanguage\":\"ru-RU\",\"@id\":\"https:\\\/\\\/antaris.az\\\/m\u0259hsul\\\/karandas-d%c9%99sti-33predmet-112977-pitt-monochrome-faber-castell\\\/#primaryimage\",\"url\":\"https:\\\/\\\/antaris.az\\\/wp-content\\\/uploads\\\/2021\\\/04\\\/112977-Faber-Castell-wep.webp\",\"contentUrl\":\"https:\\\/\\\/antaris.az\\\/wp-content\\\/uploads\\\/2021\\\/04\\\/112977-Faber-Castell-wep.webp\",\"width\":800,\"height\":800,\"caption\":\"112977 Faber Castell wep\"},{\"@type\":\"BreadcrumbList\",\"@id\":\"https:\\\/\\\/antaris.az\\\/m\u0259hsul\\\/karandas-d%c9%99sti-33predmet-112977-pitt-monochrome-faber-castell\\\/#breadcrumb\",\"itemListElement\":[{\"@type\":\"ListItem\",\"position\":1,\"name\":\"Home\",\"item\":\"https:\\\/\\\/antaris.az\\\/\"},{\"@type\":\"ListItem\",\"position\":2,\"name\":\"Ma\u011faza\",\"item\":\"https:\\\/\\\/antaris.az\\\/ru\\\/shop\\\/\"},{\"@type\":\"ListItem\",\"position\":3,\"name\":\"Karanda\u015f d\u0259sti 33predmet 112977 PITT MONOCHROME Faber-Castell\"}]},{\"@type\":\"WebSite\",\"@id\":\"https:\\\/\\\/antaris.az\\\/#website\",\"url\":\"https:\\\/\\\/antaris.az\\\/\",\"name\":\"Antaris\",\"description\":\"Ofis, ev, m\u0259kt\u0259b \u00fc\u00e7\u00fcn h\u0259r \u015fey\",\"publisher\":{\"@id\":\"https:\\\/\\\/antaris.az\\\/#organization\"},\"potentialAction\":[{\"@type\":\"SearchAction\",\"target\":{\"@type\":\"EntryPoint\",\"urlTemplate\":\"https:\\\/\\\/antaris.az\\\/?s={search_term_string}\"},\"query-input\":{\"@type\":\"PropertyValueSpecification\",\"valueRequired\":true,\"valueName\":\"search_term_string\"}}],\"inLanguage\":\"ru-RU\"},{\"@type\":\"Organization\",\"@id\":\"https:\\\/\\\/antaris.az\\\/#organization\",\"name\":\"Antaris QSC\",\"url\":\"https:\\\/\\\/antaris.az\\\/\",\"logo\":{\"@type\":\"ImageObject\",\"inLanguage\":\"ru-RU\",\"@id\":\"https:\\\/\\\/antaris.az\\\/#\\\/schema\\\/logo\\\/image\\\/\",\"url\":\"https:\\\/\\\/antaris.az\\\/wp-content\\\/uploads\\\/2025\\\/03\\\/Antaris-logo.png\",\"contentUrl\":\"https:\\\/\\\/antaris.az\\\/wp-content\\\/uploads\\\/2025\\\/03\\\/Antaris-logo.png\",\"width\":500,\"height\":500,\"caption\":\"Antaris QSC\"},\"image\":{\"@id\":\"https:\\\/\\\/antaris.az\\\/#\\\/schema\\\/logo\\\/image\\\/\"},\"sameAs\":[\"https:\\\/\\\/www.facebook.com\\\/antaris.az\\\/\",\"https:\\\/\\\/www.instagram.com\\\/antaris.az\\\/\"]}]}<\/script>\n<!-- \/ Yoast SEO plugin. -->","yoast_head_json":{"title":"Karanda\u015f d\u0259sti 33predmet 112977 PITT MONOCHROME Faber-Castell - Antaris","robots":{"index":"index","follow":"follow","max-snippet":"max-snippet:-1","max-image-preview":"max-image-preview:large","max-video-preview":"max-video-preview:-1"},"canonical":"https:\/\/antaris.az\/ru\/m\u0259hsul\/karandas-d\u0259sti-33predmet-112977-pitt-monochrome-faber-castell\/","og_locale":"ru_RU","og_type":"article","og_title":"Karanda\u015f d\u0259sti 33predmet 112977 PITT MONOCHROME Faber-Castell - Antaris","og_description":"Karanda\u015f CASTELL 9000 2B Karanda\u015f CASTELL 9000 6B Karanda\u015f akvarel qaraqrafit 6B Karanda\u015f qrafit PITT\u00ae MONOCHROME 6B Karanda\u015f pastel 6 \u0259d\u0259d PITT\u00ae (3 ya\u011fl\u0131 + 3 adi) Karanda\u015f t\u0259bii k\u00f6m\u00fcrd\u0259n PITT\u00ae MONOCHROME Medium Karanda. pressl\u0259nmi\u015f k\u00f6m\u00fcrd\u0259n PITT\u00ae MONOCHROME Soft T\u0259bii v\u0259 pressl\u0259nmi\u015f k\u00f6m\u00fcrd\u0259n \u00f6rt\u00fcks\u00fcz 4 \u00e7\u00fcb\u00fcq T\u0259ba\u015f\u0131r 10\u0259d\u0259d PITT\u00ae MONOCHROME, Aksessuar: f\u0131r\u00e7a, pozan, tu\u015flama \u00fc\u00e7\u00fcn \u00e7\u00fcb\u00fcq D\u0259std\u0259: 33 predmet \u0130stehsal\u00e7\u0131 m\u0259hsul kodu: 112977 Ticar\u0259t markas\u0131: Faber-Castell","og_url":"https:\/\/antaris.az\/ru\/m\u0259hsul\/karandas-d\u0259sti-33predmet-112977-pitt-monochrome-faber-castell\/","og_site_name":"Antaris","article_publisher":"https:\/\/www.facebook.com\/antaris.az\/","article_modified_time":"2025-02-28T09:44:23+00:00","og_image":[{"width":800,"height":800,"url":"https:\/\/antaris.az\/wp-content\/uploads\/2021\/04\/112977-Faber-Castell-wep.webp","type":"image\/webp"}],"schema":{"@context":"https:\/\/schema.org","@graph":[{"@type":"WebPage","@id":"https:\/\/antaris.az\/m\u0259hsul\/karandas-d%c9%99sti-33predmet-112977-pitt-monochrome-faber-castell\/","url":"https:\/\/antaris.az\/m\u0259hsul\/karandas-d%c9%99sti-33predmet-112977-pitt-monochrome-faber-castell\/","name":"Karanda\u015f d\u0259sti 33predmet 112977 PITT MONOCHROME Faber-Castell - Antaris","isPartOf":{"@id":"https:\/\/antaris.az\/#website"},"primaryImageOfPage":{"@id":"https:\/\/antaris.az\/m\u0259hsul\/karandas-d%c9%99sti-33predmet-112977-pitt-monochrome-faber-castell\/#primaryimage"},"image":{"@id":"https:\/\/antaris.az\/m\u0259hsul\/karandas-d%c9%99sti-33predmet-112977-pitt-monochrome-faber-castell\/#primaryimage"},"thumbnailUrl":"https:\/\/antaris.az\/wp-content\/uploads\/2021\/04\/112977-Faber-Castell-wep.webp","datePublished":"2021-04-07T07:58:01+00:00","dateModified":"2025-02-28T09:44:23+00:00","breadcrumb":{"@id":"https:\/\/antaris.az\/m\u0259hsul\/karandas-d%c9%99sti-33predmet-112977-pitt-monochrome-faber-castell\/#breadcrumb"},"inLanguage":"ru-RU","potentialAction":[{"@type":"ReadAction","target":["https:\/\/antaris.az\/m\u0259hsul\/karandas-d%c9%99sti-33predmet-112977-pitt-monochrome-faber-castell\/"]}]},{"@type":"ImageObject","inLanguage":"ru-RU","@id":"https:\/\/antaris.az\/m\u0259hsul\/karandas-d%c9%99sti-33predmet-112977-pitt-monochrome-faber-castell\/#primaryimage","url":"https:\/\/antaris.az\/wp-content\/uploads\/2021\/04\/112977-Faber-Castell-wep.webp","contentUrl":"https:\/\/antaris.az\/wp-content\/uploads\/2021\/04\/112977-Faber-Castell-wep.webp","width":800,"height":800,"caption":"112977 Faber Castell wep"},{"@type":"BreadcrumbList","@id":"https:\/\/antaris.az\/m\u0259hsul\/karandas-d%c9%99sti-33predmet-112977-pitt-monochrome-faber-castell\/#breadcrumb","itemListElement":[{"@type":"ListItem","position":1,"name":"Home","item":"https:\/\/antaris.az\/"},{"@type":"ListItem","position":2,"name":"Ma\u011faza","item":"https:\/\/antaris.az\/ru\/shop\/"},{"@type":"ListItem","position":3,"name":"Karanda\u015f d\u0259sti 33predmet 112977 PITT MONOCHROME Faber-Castell"}]},{"@type":"WebSite","@id":"https:\/\/antaris.az\/#website","url":"https:\/\/antaris.az\/","name":"Antaris","description":"Ofis, ev, m\u0259kt\u0259b \u00fc\u00e7\u00fcn h\u0259r \u015fey","publisher":{"@id":"https:\/\/antaris.az\/#organization"},"potentialAction":[{"@type":"SearchAction","target":{"@type":"EntryPoint","urlTemplate":"https:\/\/antaris.az\/?s={search_term_string}"},"query-input":{"@type":"PropertyValueSpecification","valueRequired":true,"valueName":"search_term_string"}}],"inLanguage":"ru-RU"},{"@type":"Organization","@id":"https:\/\/antaris.az\/#organization","name":"\u0410\u043d\u0442\u0430\u0440\u0438\u0441 \u0417\u0410\u041e","url":"https:\/\/antaris.az\/","logo":{"@type":"ImageObject","inLanguage":"ru-RU","@id":"https:\/\/antaris.az\/#\/schema\/logo\/image\/","url":"https:\/\/antaris.az\/wp-content\/uploads\/2025\/03\/Antaris-logo.png","contentUrl":"https:\/\/antaris.az\/wp-content\/uploads\/2025\/03\/Antaris-logo.png","width":500,"height":500,"caption":"Antaris QSC"},"image":{"@id":"https:\/\/antaris.az\/#\/schema\/logo\/image\/"},"sameAs":["https:\/\/www.facebook.com\/antaris.az\/","https:\/\/www.instagram.com\/antaris.az\/"]}]}},"_links":{"self":[{"href":"https:\/\/antaris.az\/ru\/wp-json\/wp\/v2\/product\/53131","targetHints":{"allow":["GET"]}}],"collection":[{"href":"https:\/\/antaris.az\/ru\/wp-json\/wp\/v2\/product"}],"about":[{"href":"https:\/\/antaris.az\/ru\/wp-json\/wp\/v2\/types\/product"}],"version-history":[{"count":0,"href":"https:\/\/antaris.az\/ru\/wp-json\/wp\/v2\/product\/53131\/revisions"}],"wp:featuredmedia":[{"embeddable":true,"href":"https:\/\/antaris.az\/ru\/wp-json\/wp\/v2\/media\/98397"}],"wp:attachment":[{"href":"https:\/\/antaris.az\/ru\/wp-json\/wp\/v2\/media?parent=53131"}],"wp:term":[{"taxonomy":"product_brand","embeddable":true,"href":"https:\/\/antaris.az\/ru\/wp-json\/wp\/v2\/product_brand?post=53131"},{"taxonomy":"product_cat","embeddable":true,"href":"https:\/\/antaris.az\/ru\/wp-json\/wp\/v2\/product_cat?post=53131"},{"taxonomy":"product_tag","embeddable":true,"href":"https:\/\/antaris.az\/ru\/wp-json\/wp\/v2\/product_tag?post=53131"}],"curies":[{"name":"wp","href":"https:\/\/api.w.org\/{rel}","templated":true}]}}