{"id":52451,"date":"2021-03-18T11:22:27","date_gmt":"2021-03-18T08:22:27","guid":{"rendered":"http:\/\/www2.antaris.az\/?post_type=product&#038;p=52451"},"modified":"2025-01-15T10:47:49","modified_gmt":"2025-01-15T06:47:49","slug":"seyf-gs-140-k-griffon","status":"publish","type":"product","link":"https:\/\/antaris.az\/ru\/m\u0259hsul\/seyf-gs-140-k-griffon\/","title":{"rendered":"Seyf GS.140.K Griffon"},"content":{"rendered":"","protected":false},"excerpt":{"rendered":"<p>Seyf n\u00f6v\u00fc: Silah \u00fc\u00e7\u00fcn;<br \/>\nKilid sistemi: T\u0259k a\u00e7arl\u0131 sistem;<br \/>\n\u00c7\u00f6l \u00f6l\u00e7\u00fcl\u0259ri: 1412x350x300 mm;<br \/>\nDaxili \u00f6l\u00e7\u00fcl\u0259ri: 1397x347x238 mm;<br \/>\n\u00c7\u0259ki: 42 kq<br \/>\nH\u0259cmi: 140 l<br \/>\nG\u00f6vd\u0259 metal qal\u0131nl\u0131\u011f\u0131 :1,5 v\u0259 3 mm;<br \/>\nSilah say\u0131: 3 \u0259d;<br \/>\n\u018flav\u0259 : divara ba\u011flama imkan\u0131;<br \/>\nKilid z\u0259man\u0259ti: 1 il;<br \/>\n\u0130stehsal\u00e7\u0131 m\u0259hsul kodu: GS.140.K<br \/>\n\u0422\u043e\u0440\u0433\u043e\u0432\u0430\u044f \u043c\u0430\u0440\u043a\u0430: Griffon<br \/>\n\u0421\u0442\u0440\u0430\u043d\u0430 \u043f\u0440\u043e\u0438\u0437\u0432\u043e\u0434\u0438\u0442\u0435\u043b\u044c: \u0423\u043a\u0440\u0430\u0438\u043d\u0430<\/p>","protected":false},"featured_media":52452,"template":"","meta":{"_joinchat":[]},"product_brand":[],"product_cat":[2180,756],"product_tag":[],"class_list":{"0":"post-52451","1":"product","2":"type-product","3":"status-publish","4":"has-post-thumbnail","6":"product_cat-mebel","7":"product_cat-silah_seyfleri","8":"pa_brand-griffon","9":"pa_kilid-sistemi-acarli","10":"pa_novu-silah-ucun","11":"pa_reng-boz","13":"first","14":"instock","15":"shipping-taxable","16":"purchasable","17":"product-type-simple"},"yoast_head":"<!-- This site is optimized with the Yoast SEO plugin v27.3 - https:\/\/yoast.com\/product\/yoast-seo-wordpress\/ -->\n<title>Bak\u0131da seyf almaq - Antaris<\/title>\n<meta name=\"description\" content=\"Bak\u0131da seyf almaq - Seyf n\u00f6v\u00fc: Silah \u00fc\u00e7\u00fcn; Kilid sistemi: T\u0259k a\u00e7arl\u0131 sistem; \u00c7\u00f6l \u00f6l\u00e7\u00fcl\u0259ri: 1412x350x300 mm; Daxili \u00f6l\u00e7\u00fcl\u0259ri: 1397x347x238 mm; \u00c7\u0259ki: 42 kq H\u0259cmi: 140 l G\u00f6vd\u0259 metal qal\u0131nl\u0131\u011f\u0131 :1,5 v\u0259 3 mm; Silah say\u0131: 3 \u0259d; \u018flav\u0259 : divara ba\u011flama imkan\u0131; Kilid z\u0259man\u0259ti: 1 il; \u0130stehsal\u00e7\u0131 m\u0259hsul kodu: GS.140.K Ticar\u0259t markas\u0131: Griffon \u0130stehsal \u00f6lk\u0259si: Ukrayna\" \/>\n<meta name=\"robots\" content=\"index, follow, max-snippet:-1, max-image-preview:large, max-video-preview:-1\" \/>\n<link rel=\"canonical\" href=\"https:\/\/antaris.az\/ru\/m\u0259hsul\/seyf-gs-140-k-griffon\/\" \/>\n<meta property=\"og:locale\" content=\"ru_RU\" \/>\n<meta property=\"og:type\" content=\"article\" \/>\n<meta property=\"og:title\" content=\"Bak\u0131da seyf almaq - Antaris\" \/>\n<meta property=\"og:description\" content=\"Bak\u0131da seyf almaq - Seyf n\u00f6v\u00fc: Silah \u00fc\u00e7\u00fcn; Kilid sistemi: T\u0259k a\u00e7arl\u0131 sistem; \u00c7\u00f6l \u00f6l\u00e7\u00fcl\u0259ri: 1412x350x300 mm; Daxili \u00f6l\u00e7\u00fcl\u0259ri: 1397x347x238 mm; \u00c7\u0259ki: 42 kq H\u0259cmi: 140 l G\u00f6vd\u0259 metal qal\u0131nl\u0131\u011f\u0131 :1,5 v\u0259 3 mm; Silah say\u0131: 3 \u0259d; \u018flav\u0259 : divara ba\u011flama imkan\u0131; Kilid z\u0259man\u0259ti: 1 il; \u0130stehsal\u00e7\u0131 m\u0259hsul kodu: GS.140.K Ticar\u0259t markas\u0131: Griffon \u0130stehsal \u00f6lk\u0259si: Ukrayna\" \/>\n<meta property=\"og:url\" content=\"https:\/\/antaris.az\/ru\/m\u0259hsul\/seyf-gs-140-k-griffon\/\" \/>\n<meta property=\"og:site_name\" content=\"Antaris\" \/>\n<meta property=\"article:publisher\" content=\"https:\/\/www.facebook.com\/antaris.az\/\" \/>\n<meta property=\"article:modified_time\" content=\"2025-01-15T06:47:49+00:00\" \/>\n<meta property=\"og:image\" content=\"https:\/\/antaris.az\/wp-content\/uploads\/2021\/03\/GS.140.K-close.jpg\" \/>\n\t<meta property=\"og:image:width\" content=\"800\" \/>\n\t<meta property=\"og:image:height\" content=\"800\" \/>\n\t<meta property=\"og:image:type\" content=\"image\/jpeg\" \/>\n<script type=\"application\/ld+json\" class=\"yoast-schema-graph\">{\"@context\":\"https:\\\/\\\/schema.org\",\"@graph\":[{\"@type\":\"WebPage\",\"@id\":\"https:\\\/\\\/antaris.az\\\/m\u0259hsul\\\/seyf-gs-140-k-griffon\\\/\",\"url\":\"https:\\\/\\\/antaris.az\\\/m\u0259hsul\\\/seyf-gs-140-k-griffon\\\/\",\"name\":\"Bak\u0131da seyf almaq - Antaris\",\"isPartOf\":{\"@id\":\"https:\\\/\\\/antaris.az\\\/#website\"},\"primaryImageOfPage\":{\"@id\":\"https:\\\/\\\/antaris.az\\\/m\u0259hsul\\\/seyf-gs-140-k-griffon\\\/#primaryimage\"},\"image\":{\"@id\":\"https:\\\/\\\/antaris.az\\\/m\u0259hsul\\\/seyf-gs-140-k-griffon\\\/#primaryimage\"},\"thumbnailUrl\":\"https:\\\/\\\/antaris.az\\\/wp-content\\\/uploads\\\/2021\\\/03\\\/GS.140.K-close.jpg\",\"datePublished\":\"2021-03-18T08:22:27+00:00\",\"dateModified\":\"2025-01-15T06:47:49+00:00\",\"description\":\"Bak\u0131da seyf almaq - Seyf n\u00f6v\u00fc: Silah \u00fc\u00e7\u00fcn; Kilid sistemi: T\u0259k a\u00e7arl\u0131 sistem; \u00c7\u00f6l \u00f6l\u00e7\u00fcl\u0259ri: 1412x350x300 mm; Daxili \u00f6l\u00e7\u00fcl\u0259ri: 1397x347x238 mm; \u00c7\u0259ki: 42 kq H\u0259cmi: 140 l G\u00f6vd\u0259 metal qal\u0131nl\u0131\u011f\u0131 :1,5 v\u0259 3 mm; Silah say\u0131: 3 \u0259d; \u018flav\u0259 : divara ba\u011flama imkan\u0131; Kilid z\u0259man\u0259ti: 1 il; \u0130stehsal\u00e7\u0131 m\u0259hsul kodu: GS.140.K Ticar\u0259t markas\u0131: Griffon \u0130stehsal \u00f6lk\u0259si: Ukrayna\",\"breadcrumb\":{\"@id\":\"https:\\\/\\\/antaris.az\\\/m\u0259hsul\\\/seyf-gs-140-k-griffon\\\/#breadcrumb\"},\"inLanguage\":\"ru-RU\",\"potentialAction\":[{\"@type\":\"ReadAction\",\"target\":[\"https:\\\/\\\/antaris.az\\\/m\u0259hsul\\\/seyf-gs-140-k-griffon\\\/\"]}]},{\"@type\":\"ImageObject\",\"inLanguage\":\"ru-RU\",\"@id\":\"https:\\\/\\\/antaris.az\\\/m\u0259hsul\\\/seyf-gs-140-k-griffon\\\/#primaryimage\",\"url\":\"https:\\\/\\\/antaris.az\\\/wp-content\\\/uploads\\\/2021\\\/03\\\/GS.140.K-close.jpg\",\"contentUrl\":\"https:\\\/\\\/antaris.az\\\/wp-content\\\/uploads\\\/2021\\\/03\\\/GS.140.K-close.jpg\",\"width\":800,\"height\":800,\"caption\":\"seyf\"},{\"@type\":\"BreadcrumbList\",\"@id\":\"https:\\\/\\\/antaris.az\\\/m\u0259hsul\\\/seyf-gs-140-k-griffon\\\/#breadcrumb\",\"itemListElement\":[{\"@type\":\"ListItem\",\"position\":1,\"name\":\"Home\",\"item\":\"https:\\\/\\\/antaris.az\\\/\"},{\"@type\":\"ListItem\",\"position\":2,\"name\":\"Ma\u011faza\",\"item\":\"https:\\\/\\\/antaris.az\\\/ru\\\/shop\\\/\"},{\"@type\":\"ListItem\",\"position\":3,\"name\":\"Seyf GS.140.K Griffon\"}]},{\"@type\":\"WebSite\",\"@id\":\"https:\\\/\\\/antaris.az\\\/#website\",\"url\":\"https:\\\/\\\/antaris.az\\\/\",\"name\":\"Antaris\",\"description\":\"Ofis, ev, m\u0259kt\u0259b \u00fc\u00e7\u00fcn h\u0259r \u015fey\",\"publisher\":{\"@id\":\"https:\\\/\\\/antaris.az\\\/#organization\"},\"potentialAction\":[{\"@type\":\"SearchAction\",\"target\":{\"@type\":\"EntryPoint\",\"urlTemplate\":\"https:\\\/\\\/antaris.az\\\/?s={search_term_string}\"},\"query-input\":{\"@type\":\"PropertyValueSpecification\",\"valueRequired\":true,\"valueName\":\"search_term_string\"}}],\"inLanguage\":\"ru-RU\"},{\"@type\":\"Organization\",\"@id\":\"https:\\\/\\\/antaris.az\\\/#organization\",\"name\":\"Antaris QSC\",\"url\":\"https:\\\/\\\/antaris.az\\\/\",\"logo\":{\"@type\":\"ImageObject\",\"inLanguage\":\"ru-RU\",\"@id\":\"https:\\\/\\\/antaris.az\\\/#\\\/schema\\\/logo\\\/image\\\/\",\"url\":\"https:\\\/\\\/antaris.az\\\/wp-content\\\/uploads\\\/2025\\\/03\\\/Antaris-logo.png\",\"contentUrl\":\"https:\\\/\\\/antaris.az\\\/wp-content\\\/uploads\\\/2025\\\/03\\\/Antaris-logo.png\",\"width\":500,\"height\":500,\"caption\":\"Antaris QSC\"},\"image\":{\"@id\":\"https:\\\/\\\/antaris.az\\\/#\\\/schema\\\/logo\\\/image\\\/\"},\"sameAs\":[\"https:\\\/\\\/www.facebook.com\\\/antaris.az\\\/\",\"https:\\\/\\\/www.instagram.com\\\/antaris.az\\\/\"]}]}<\/script>\n<!-- \/ Yoast SEO plugin. -->","yoast_head_json":{"title":"Bak\u0131da seyf almaq - Antaris","description":"Bak\u0131da seyf almaq - Seyf n\u00f6v\u00fc: Silah \u00fc\u00e7\u00fcn; Kilid sistemi: T\u0259k a\u00e7arl\u0131 sistem; \u00c7\u00f6l \u00f6l\u00e7\u00fcl\u0259ri: 1412x350x300 mm; Daxili \u00f6l\u00e7\u00fcl\u0259ri: 1397x347x238 mm; \u00c7\u0259ki: 42 kq H\u0259cmi: 140 l G\u00f6vd\u0259 metal qal\u0131nl\u0131\u011f\u0131 :1,5 v\u0259 3 mm; Silah say\u0131: 3 \u0259d; \u018flav\u0259 : divara ba\u011flama imkan\u0131; Kilid z\u0259man\u0259ti: 1 il; \u0130stehsal\u00e7\u0131 m\u0259hsul kodu: GS.140.K Ticar\u0259t markas\u0131: Griffon \u0130stehsal \u00f6lk\u0259si: Ukrayna","robots":{"index":"index","follow":"follow","max-snippet":"max-snippet:-1","max-image-preview":"max-image-preview:large","max-video-preview":"max-video-preview:-1"},"canonical":"https:\/\/antaris.az\/ru\/m\u0259hsul\/seyf-gs-140-k-griffon\/","og_locale":"ru_RU","og_type":"article","og_title":"Bak\u0131da seyf almaq - Antaris","og_description":"Bak\u0131da seyf almaq - Seyf n\u00f6v\u00fc: Silah \u00fc\u00e7\u00fcn; Kilid sistemi: T\u0259k a\u00e7arl\u0131 sistem; \u00c7\u00f6l \u00f6l\u00e7\u00fcl\u0259ri: 1412x350x300 mm; Daxili \u00f6l\u00e7\u00fcl\u0259ri: 1397x347x238 mm; \u00c7\u0259ki: 42 kq H\u0259cmi: 140 l G\u00f6vd\u0259 metal qal\u0131nl\u0131\u011f\u0131 :1,5 v\u0259 3 mm; Silah say\u0131: 3 \u0259d; \u018flav\u0259 : divara ba\u011flama imkan\u0131; Kilid z\u0259man\u0259ti: 1 il; \u0130stehsal\u00e7\u0131 m\u0259hsul kodu: GS.140.K Ticar\u0259t markas\u0131: Griffon \u0130stehsal \u00f6lk\u0259si: Ukrayna","og_url":"https:\/\/antaris.az\/ru\/m\u0259hsul\/seyf-gs-140-k-griffon\/","og_site_name":"Antaris","article_publisher":"https:\/\/www.facebook.com\/antaris.az\/","article_modified_time":"2025-01-15T06:47:49+00:00","og_image":[{"width":800,"height":800,"url":"https:\/\/antaris.az\/wp-content\/uploads\/2021\/03\/GS.140.K-close.jpg","type":"image\/jpeg"}],"schema":{"@context":"https:\/\/schema.org","@graph":[{"@type":"WebPage","@id":"https:\/\/antaris.az\/m\u0259hsul\/seyf-gs-140-k-griffon\/","url":"https:\/\/antaris.az\/m\u0259hsul\/seyf-gs-140-k-griffon\/","name":"Bak\u0131da seyf almaq - Antaris","isPartOf":{"@id":"https:\/\/antaris.az\/#website"},"primaryImageOfPage":{"@id":"https:\/\/antaris.az\/m\u0259hsul\/seyf-gs-140-k-griffon\/#primaryimage"},"image":{"@id":"https:\/\/antaris.az\/m\u0259hsul\/seyf-gs-140-k-griffon\/#primaryimage"},"thumbnailUrl":"https:\/\/antaris.az\/wp-content\/uploads\/2021\/03\/GS.140.K-close.jpg","datePublished":"2021-03-18T08:22:27+00:00","dateModified":"2025-01-15T06:47:49+00:00","description":"Bak\u0131da seyf almaq - Seyf n\u00f6v\u00fc: Silah \u00fc\u00e7\u00fcn; Kilid sistemi: T\u0259k a\u00e7arl\u0131 sistem; \u00c7\u00f6l \u00f6l\u00e7\u00fcl\u0259ri: 1412x350x300 mm; Daxili \u00f6l\u00e7\u00fcl\u0259ri: 1397x347x238 mm; \u00c7\u0259ki: 42 kq H\u0259cmi: 140 l G\u00f6vd\u0259 metal qal\u0131nl\u0131\u011f\u0131 :1,5 v\u0259 3 mm; Silah say\u0131: 3 \u0259d; \u018flav\u0259 : divara ba\u011flama imkan\u0131; Kilid z\u0259man\u0259ti: 1 il; \u0130stehsal\u00e7\u0131 m\u0259hsul kodu: GS.140.K Ticar\u0259t markas\u0131: Griffon \u0130stehsal \u00f6lk\u0259si: Ukrayna","breadcrumb":{"@id":"https:\/\/antaris.az\/m\u0259hsul\/seyf-gs-140-k-griffon\/#breadcrumb"},"inLanguage":"ru-RU","potentialAction":[{"@type":"ReadAction","target":["https:\/\/antaris.az\/m\u0259hsul\/seyf-gs-140-k-griffon\/"]}]},{"@type":"ImageObject","inLanguage":"ru-RU","@id":"https:\/\/antaris.az\/m\u0259hsul\/seyf-gs-140-k-griffon\/#primaryimage","url":"https:\/\/antaris.az\/wp-content\/uploads\/2021\/03\/GS.140.K-close.jpg","contentUrl":"https:\/\/antaris.az\/wp-content\/uploads\/2021\/03\/GS.140.K-close.jpg","width":800,"height":800,"caption":"seyf"},{"@type":"BreadcrumbList","@id":"https:\/\/antaris.az\/m\u0259hsul\/seyf-gs-140-k-griffon\/#breadcrumb","itemListElement":[{"@type":"ListItem","position":1,"name":"Home","item":"https:\/\/antaris.az\/"},{"@type":"ListItem","position":2,"name":"Ma\u011faza","item":"https:\/\/antaris.az\/ru\/shop\/"},{"@type":"ListItem","position":3,"name":"Seyf GS.140.K Griffon"}]},{"@type":"WebSite","@id":"https:\/\/antaris.az\/#website","url":"https:\/\/antaris.az\/","name":"Antaris","description":"Ofis, ev, m\u0259kt\u0259b \u00fc\u00e7\u00fcn h\u0259r \u015fey","publisher":{"@id":"https:\/\/antaris.az\/#organization"},"potentialAction":[{"@type":"SearchAction","target":{"@type":"EntryPoint","urlTemplate":"https:\/\/antaris.az\/?s={search_term_string}"},"query-input":{"@type":"PropertyValueSpecification","valueRequired":true,"valueName":"search_term_string"}}],"inLanguage":"ru-RU"},{"@type":"Organization","@id":"https:\/\/antaris.az\/#organization","name":"\u0410\u043d\u0442\u0430\u0440\u0438\u0441 \u0417\u0410\u041e","url":"https:\/\/antaris.az\/","logo":{"@type":"ImageObject","inLanguage":"ru-RU","@id":"https:\/\/antaris.az\/#\/schema\/logo\/image\/","url":"https:\/\/antaris.az\/wp-content\/uploads\/2025\/03\/Antaris-logo.png","contentUrl":"https:\/\/antaris.az\/wp-content\/uploads\/2025\/03\/Antaris-logo.png","width":500,"height":500,"caption":"Antaris QSC"},"image":{"@id":"https:\/\/antaris.az\/#\/schema\/logo\/image\/"},"sameAs":["https:\/\/www.facebook.com\/antaris.az\/","https:\/\/www.instagram.com\/antaris.az\/"]}]}},"_links":{"self":[{"href":"https:\/\/antaris.az\/ru\/wp-json\/wp\/v2\/product\/52451","targetHints":{"allow":["GET"]}}],"collection":[{"href":"https:\/\/antaris.az\/ru\/wp-json\/wp\/v2\/product"}],"about":[{"href":"https:\/\/antaris.az\/ru\/wp-json\/wp\/v2\/types\/product"}],"version-history":[{"count":0,"href":"https:\/\/antaris.az\/ru\/wp-json\/wp\/v2\/product\/52451\/revisions"}],"wp:featuredmedia":[{"embeddable":true,"href":"https:\/\/antaris.az\/ru\/wp-json\/wp\/v2\/media\/52452"}],"wp:attachment":[{"href":"https:\/\/antaris.az\/ru\/wp-json\/wp\/v2\/media?parent=52451"}],"wp:term":[{"taxonomy":"product_brand","embeddable":true,"href":"https:\/\/antaris.az\/ru\/wp-json\/wp\/v2\/product_brand?post=52451"},{"taxonomy":"product_cat","embeddable":true,"href":"https:\/\/antaris.az\/ru\/wp-json\/wp\/v2\/product_cat?post=52451"},{"taxonomy":"product_tag","embeddable":true,"href":"https:\/\/antaris.az\/ru\/wp-json\/wp\/v2\/product_tag?post=52451"}],"curies":[{"name":"wp","href":"https:\/\/api.w.org\/{rel}","templated":true}]}}