{"id":51749,"date":"2021-03-02T13:03:33","date_gmt":"2021-03-02T10:03:33","guid":{"rendered":"http:\/\/www2.antaris.az\/?post_type=product&#038;p=51749"},"modified":"2024-11-26T16:26:21","modified_gmt":"2024-11-26T12:26:21","slug":"barsetka-2004-03-gerard-henon-q%c9%99hv%c9%99yi-24sm","status":"publish","type":"product","link":"https:\/\/antaris.az\/ru\/m\u0259hsul\/barsetka-2004-03-gerard-henon-q%c9%99hv%c9%99yi-24sm\/","title":{"rendered":"Barsetka 2004\/03 Gerard Henon"},"content":{"rendered":"","protected":false},"excerpt":{"rendered":"<p>R\u0259ngi: Q\u0259hv\u0259yi<br \/>\n\u00d6l\u00e7\u00fcl\u0259ri: 24sm<br \/>\n\u0130stehsal\u00e7\u0131 m\u0259hsul kodu: 2004\/03<br \/>\nTicar\u0259t markas\u0131: Gerard Henon<br \/>\n\u0130stehsal \u00f6lk\u0259si: Fransa<\/p>","protected":false},"featured_media":51750,"template":"","meta":{"_joinchat":[]},"product_brand":[],"product_cat":[448],"product_tag":[],"class_list":{"0":"post-51749","1":"product","2":"type-product","3":"status-publish","4":"has-post-thumbnail","6":"product_cat-barsetkalar","7":"pa_brand-gerard-henon","9":"first","10":"outofstock","11":"sale","12":"shipping-taxable","13":"purchasable","14":"product-type-simple"},"yoast_head":"<!-- This site is optimized with the Yoast SEO plugin v27.4 - https:\/\/yoast.com\/product\/yoast-seo-wordpress\/ -->\n<title>Barsetka 2004\/03 Gerard Henon - Antaris<\/title>\n<meta name=\"robots\" content=\"index, follow, max-snippet:-1, max-image-preview:large, max-video-preview:-1\" \/>\n<link rel=\"canonical\" href=\"https:\/\/antaris.az\/ru\/m\u0259hsul\/barsetka-2004-03-gerard-henon-q\u0259hv\u0259yi-24sm\/\" \/>\n<meta property=\"og:locale\" content=\"ru_RU\" \/>\n<meta property=\"og:type\" content=\"article\" \/>\n<meta property=\"og:title\" content=\"Barsetka 2004\/03 Gerard Henon - Antaris\" \/>\n<meta property=\"og:description\" content=\"R\u0259ngi: Q\u0259hv\u0259yi \u00d6l\u00e7\u00fcl\u0259ri: 24sm \u0130stehsal\u00e7\u0131 m\u0259hsul kodu: 2004\/03 Ticar\u0259t markas\u0131: Gerard Henon \u0130stehsal \u00f6lk\u0259si: Fransa\" \/>\n<meta property=\"og:url\" content=\"https:\/\/antaris.az\/ru\/m\u0259hsul\/barsetka-2004-03-gerard-henon-q\u0259hv\u0259yi-24sm\/\" \/>\n<meta property=\"og:site_name\" content=\"Antaris\" \/>\n<meta property=\"article:publisher\" content=\"https:\/\/www.facebook.com\/antaris.az\/\" \/>\n<meta property=\"article:modified_time\" content=\"2024-11-26T12:26:21+00:00\" \/>\n<meta property=\"og:image\" content=\"https:\/\/antaris.az\/wp-content\/uploads\/2021\/03\/97b003b5a93411e981193cd92b04d74a_384d1a8a7b3e11eb81ac0050569bd7c0.jpg\" \/>\n\t<meta property=\"og:image:width\" content=\"300\" \/>\n\t<meta property=\"og:image:height\" content=\"300\" \/>\n\t<meta property=\"og:image:type\" content=\"image\/jpeg\" \/>\n<script type=\"application\/ld+json\" class=\"yoast-schema-graph\">{\"@context\":\"https:\\\/\\\/schema.org\",\"@graph\":[{\"@type\":\"WebPage\",\"@id\":\"https:\\\/\\\/antaris.az\\\/ru\\\/m\u0259hsul\\\/barsetka-2004-03-gerard-henon-q%c9%99hv%c9%99yi-24sm\\\/\",\"url\":\"https:\\\/\\\/antaris.az\\\/ru\\\/m\u0259hsul\\\/barsetka-2004-03-gerard-henon-q%c9%99hv%c9%99yi-24sm\\\/\",\"name\":\"Barsetka 2004\\\/03 Gerard Henon - Antaris\",\"isPartOf\":{\"@id\":\"https:\\\/\\\/antaris.az\\\/#website\"},\"primaryImageOfPage\":{\"@id\":\"https:\\\/\\\/antaris.az\\\/ru\\\/m\u0259hsul\\\/barsetka-2004-03-gerard-henon-q%c9%99hv%c9%99yi-24sm\\\/#primaryimage\"},\"image\":{\"@id\":\"https:\\\/\\\/antaris.az\\\/ru\\\/m\u0259hsul\\\/barsetka-2004-03-gerard-henon-q%c9%99hv%c9%99yi-24sm\\\/#primaryimage\"},\"thumbnailUrl\":\"https:\\\/\\\/antaris.az\\\/wp-content\\\/uploads\\\/2021\\\/03\\\/97b003b5a93411e981193cd92b04d74a_384d1a8a7b3e11eb81ac0050569bd7c0.jpg\",\"datePublished\":\"2021-03-02T10:03:33+00:00\",\"dateModified\":\"2024-11-26T12:26:21+00:00\",\"breadcrumb\":{\"@id\":\"https:\\\/\\\/antaris.az\\\/ru\\\/m\u0259hsul\\\/barsetka-2004-03-gerard-henon-q%c9%99hv%c9%99yi-24sm\\\/#breadcrumb\"},\"inLanguage\":\"ru-RU\",\"potentialAction\":[{\"@type\":\"ReadAction\",\"target\":[\"https:\\\/\\\/antaris.az\\\/ru\\\/m\u0259hsul\\\/barsetka-2004-03-gerard-henon-q%c9%99hv%c9%99yi-24sm\\\/\"]}]},{\"@type\":\"ImageObject\",\"inLanguage\":\"ru-RU\",\"@id\":\"https:\\\/\\\/antaris.az\\\/ru\\\/m\u0259hsul\\\/barsetka-2004-03-gerard-henon-q%c9%99hv%c9%99yi-24sm\\\/#primaryimage\",\"url\":\"https:\\\/\\\/antaris.az\\\/wp-content\\\/uploads\\\/2021\\\/03\\\/97b003b5a93411e981193cd92b04d74a_384d1a8a7b3e11eb81ac0050569bd7c0.jpg\",\"contentUrl\":\"https:\\\/\\\/antaris.az\\\/wp-content\\\/uploads\\\/2021\\\/03\\\/97b003b5a93411e981193cd92b04d74a_384d1a8a7b3e11eb81ac0050569bd7c0.jpg\",\"width\":300,\"height\":300},{\"@type\":\"BreadcrumbList\",\"@id\":\"https:\\\/\\\/antaris.az\\\/ru\\\/m\u0259hsul\\\/barsetka-2004-03-gerard-henon-q%c9%99hv%c9%99yi-24sm\\\/#breadcrumb\",\"itemListElement\":[{\"@type\":\"ListItem\",\"position\":1,\"name\":\"Home\",\"item\":\"https:\\\/\\\/antaris.az\\\/\"},{\"@type\":\"ListItem\",\"position\":2,\"name\":\"Ma\u011faza\",\"item\":\"https:\\\/\\\/antaris.az\\\/ru\\\/shop\\\/\"},{\"@type\":\"ListItem\",\"position\":3,\"name\":\"Barsetka 2004\\\/03 Gerard Henon\"}]},{\"@type\":\"WebSite\",\"@id\":\"https:\\\/\\\/antaris.az\\\/#website\",\"url\":\"https:\\\/\\\/antaris.az\\\/\",\"name\":\"Antaris\",\"description\":\"Ofis, ev, m\u0259kt\u0259b \u00fc\u00e7\u00fcn h\u0259r \u015fey\",\"publisher\":{\"@id\":\"https:\\\/\\\/antaris.az\\\/#organization\"},\"potentialAction\":[{\"@type\":\"SearchAction\",\"target\":{\"@type\":\"EntryPoint\",\"urlTemplate\":\"https:\\\/\\\/antaris.az\\\/?s={search_term_string}\"},\"query-input\":{\"@type\":\"PropertyValueSpecification\",\"valueRequired\":true,\"valueName\":\"search_term_string\"}}],\"inLanguage\":\"ru-RU\"},{\"@type\":\"Organization\",\"@id\":\"https:\\\/\\\/antaris.az\\\/#organization\",\"name\":\"Antaris QSC\",\"url\":\"https:\\\/\\\/antaris.az\\\/\",\"logo\":{\"@type\":\"ImageObject\",\"inLanguage\":\"ru-RU\",\"@id\":\"https:\\\/\\\/antaris.az\\\/#\\\/schema\\\/logo\\\/image\\\/\",\"url\":\"https:\\\/\\\/antaris.az\\\/wp-content\\\/uploads\\\/2025\\\/03\\\/Antaris-logo.png\",\"contentUrl\":\"https:\\\/\\\/antaris.az\\\/wp-content\\\/uploads\\\/2025\\\/03\\\/Antaris-logo.png\",\"width\":500,\"height\":500,\"caption\":\"Antaris QSC\"},\"image\":{\"@id\":\"https:\\\/\\\/antaris.az\\\/#\\\/schema\\\/logo\\\/image\\\/\"},\"sameAs\":[\"https:\\\/\\\/www.facebook.com\\\/antaris.az\\\/\",\"https:\\\/\\\/www.instagram.com\\\/antaris.az\\\/\"]}]}<\/script>\n<!-- \/ Yoast SEO plugin. -->","yoast_head_json":{"title":"Barsetka 2004\/03 Gerard Henon - Antaris","robots":{"index":"index","follow":"follow","max-snippet":"max-snippet:-1","max-image-preview":"max-image-preview:large","max-video-preview":"max-video-preview:-1"},"canonical":"https:\/\/antaris.az\/ru\/m\u0259hsul\/barsetka-2004-03-gerard-henon-q\u0259hv\u0259yi-24sm\/","og_locale":"ru_RU","og_type":"article","og_title":"Barsetka 2004\/03 Gerard Henon - Antaris","og_description":"R\u0259ngi: Q\u0259hv\u0259yi \u00d6l\u00e7\u00fcl\u0259ri: 24sm \u0130stehsal\u00e7\u0131 m\u0259hsul kodu: 2004\/03 Ticar\u0259t markas\u0131: Gerard Henon \u0130stehsal \u00f6lk\u0259si: Fransa","og_url":"https:\/\/antaris.az\/ru\/m\u0259hsul\/barsetka-2004-03-gerard-henon-q\u0259hv\u0259yi-24sm\/","og_site_name":"Antaris","article_publisher":"https:\/\/www.facebook.com\/antaris.az\/","article_modified_time":"2024-11-26T12:26:21+00:00","og_image":[{"width":300,"height":300,"url":"https:\/\/antaris.az\/wp-content\/uploads\/2021\/03\/97b003b5a93411e981193cd92b04d74a_384d1a8a7b3e11eb81ac0050569bd7c0.jpg","type":"image\/jpeg"}],"schema":{"@context":"https:\/\/schema.org","@graph":[{"@type":"WebPage","@id":"https:\/\/antaris.az\/ru\/m\u0259hsul\/barsetka-2004-03-gerard-henon-q%c9%99hv%c9%99yi-24sm\/","url":"https:\/\/antaris.az\/ru\/m\u0259hsul\/barsetka-2004-03-gerard-henon-q%c9%99hv%c9%99yi-24sm\/","name":"Barsetka 2004\/03 Gerard Henon - Antaris","isPartOf":{"@id":"https:\/\/antaris.az\/#website"},"primaryImageOfPage":{"@id":"https:\/\/antaris.az\/ru\/m\u0259hsul\/barsetka-2004-03-gerard-henon-q%c9%99hv%c9%99yi-24sm\/#primaryimage"},"image":{"@id":"https:\/\/antaris.az\/ru\/m\u0259hsul\/barsetka-2004-03-gerard-henon-q%c9%99hv%c9%99yi-24sm\/#primaryimage"},"thumbnailUrl":"https:\/\/antaris.az\/wp-content\/uploads\/2021\/03\/97b003b5a93411e981193cd92b04d74a_384d1a8a7b3e11eb81ac0050569bd7c0.jpg","datePublished":"2021-03-02T10:03:33+00:00","dateModified":"2024-11-26T12:26:21+00:00","breadcrumb":{"@id":"https:\/\/antaris.az\/ru\/m\u0259hsul\/barsetka-2004-03-gerard-henon-q%c9%99hv%c9%99yi-24sm\/#breadcrumb"},"inLanguage":"ru-RU","potentialAction":[{"@type":"ReadAction","target":["https:\/\/antaris.az\/ru\/m\u0259hsul\/barsetka-2004-03-gerard-henon-q%c9%99hv%c9%99yi-24sm\/"]}]},{"@type":"ImageObject","inLanguage":"ru-RU","@id":"https:\/\/antaris.az\/ru\/m\u0259hsul\/barsetka-2004-03-gerard-henon-q%c9%99hv%c9%99yi-24sm\/#primaryimage","url":"https:\/\/antaris.az\/wp-content\/uploads\/2021\/03\/97b003b5a93411e981193cd92b04d74a_384d1a8a7b3e11eb81ac0050569bd7c0.jpg","contentUrl":"https:\/\/antaris.az\/wp-content\/uploads\/2021\/03\/97b003b5a93411e981193cd92b04d74a_384d1a8a7b3e11eb81ac0050569bd7c0.jpg","width":300,"height":300},{"@type":"BreadcrumbList","@id":"https:\/\/antaris.az\/ru\/m\u0259hsul\/barsetka-2004-03-gerard-henon-q%c9%99hv%c9%99yi-24sm\/#breadcrumb","itemListElement":[{"@type":"ListItem","position":1,"name":"Home","item":"https:\/\/antaris.az\/"},{"@type":"ListItem","position":2,"name":"Ma\u011faza","item":"https:\/\/antaris.az\/ru\/shop\/"},{"@type":"ListItem","position":3,"name":"Barsetka 2004\/03 Gerard Henon"}]},{"@type":"WebSite","@id":"https:\/\/antaris.az\/#website","url":"https:\/\/antaris.az\/","name":"Antaris","description":"Ofis, ev, m\u0259kt\u0259b \u00fc\u00e7\u00fcn h\u0259r \u015fey","publisher":{"@id":"https:\/\/antaris.az\/#organization"},"potentialAction":[{"@type":"SearchAction","target":{"@type":"EntryPoint","urlTemplate":"https:\/\/antaris.az\/?s={search_term_string}"},"query-input":{"@type":"PropertyValueSpecification","valueRequired":true,"valueName":"search_term_string"}}],"inLanguage":"ru-RU"},{"@type":"Organization","@id":"https:\/\/antaris.az\/#organization","name":"\u0410\u043d\u0442\u0430\u0440\u0438\u0441 \u0417\u0410\u041e","url":"https:\/\/antaris.az\/","logo":{"@type":"ImageObject","inLanguage":"ru-RU","@id":"https:\/\/antaris.az\/#\/schema\/logo\/image\/","url":"https:\/\/antaris.az\/wp-content\/uploads\/2025\/03\/Antaris-logo.png","contentUrl":"https:\/\/antaris.az\/wp-content\/uploads\/2025\/03\/Antaris-logo.png","width":500,"height":500,"caption":"Antaris QSC"},"image":{"@id":"https:\/\/antaris.az\/#\/schema\/logo\/image\/"},"sameAs":["https:\/\/www.facebook.com\/antaris.az\/","https:\/\/www.instagram.com\/antaris.az\/"]}]}},"_links":{"self":[{"href":"https:\/\/antaris.az\/ru\/wp-json\/wp\/v2\/product\/51749","targetHints":{"allow":["GET"]}}],"collection":[{"href":"https:\/\/antaris.az\/ru\/wp-json\/wp\/v2\/product"}],"about":[{"href":"https:\/\/antaris.az\/ru\/wp-json\/wp\/v2\/types\/product"}],"version-history":[{"count":0,"href":"https:\/\/antaris.az\/ru\/wp-json\/wp\/v2\/product\/51749\/revisions"}],"wp:featuredmedia":[{"embeddable":true,"href":"https:\/\/antaris.az\/ru\/wp-json\/wp\/v2\/media\/51750"}],"wp:attachment":[{"href":"https:\/\/antaris.az\/ru\/wp-json\/wp\/v2\/media?parent=51749"}],"wp:term":[{"taxonomy":"product_brand","embeddable":true,"href":"https:\/\/antaris.az\/ru\/wp-json\/wp\/v2\/product_brand?post=51749"},{"taxonomy":"product_cat","embeddable":true,"href":"https:\/\/antaris.az\/ru\/wp-json\/wp\/v2\/product_cat?post=51749"},{"taxonomy":"product_tag","embeddable":true,"href":"https:\/\/antaris.az\/ru\/wp-json\/wp\/v2\/product_tag?post=51749"}],"curies":[{"name":"wp","href":"https:\/\/api.w.org\/{rel}","templated":true}]}}