{"id":51297,"date":"2021-02-12T19:23:31","date_gmt":"2021-02-12T16:23:31","guid":{"rendered":"http:\/\/www2.antaris.az\/?post_type=product&#038;p=51297"},"modified":"2024-11-26T16:28:53","modified_gmt":"2024-11-26T12:28:53","slug":"kitab-d%c9%99st%c9%99yi-470425-oxford-yes","status":"publish","type":"product","link":"https:\/\/antaris.az\/ru\/m\u0259hsul\/kitab-d%c9%99st%c9%99yi-470425-oxford-yes\/","title":{"rendered":"Kitab d\u0259st\u0259yi 470425 OXFORD Yes"},"content":{"rendered":"","protected":false},"excerpt":{"rendered":"<p>R\u0259ngi: Maviu<br \/>\n\u0130stehsal\u00e7\u0131 m\u0259hsul kodu: 470425<br \/>\n\u0422\u043e\u0440\u0433\u043e\u0432\u0430\u044f \u043c\u0430\u0440\u043a\u0430: Yes<br \/>\n\u0421\u0442\u0440\u0430\u043d\u0430 \u043f\u0440\u043e\u0438\u0437\u0432\u043e\u0434\u0438\u0442\u0435\u043b\u044c: \u0423\u043a\u0440\u0430\u0438\u043d\u0430<\/p>","protected":false},"featured_media":51298,"template":"","meta":{"_joinchat":[]},"product_brand":[],"product_cat":[510,1018],"product_tag":[],"class_list":{"0":"post-51297","1":"product","2":"type-product","3":"status-publish","4":"has-post-thumbnail","6":"product_cat-kitab-dstyi","7":"product_cat-mekteb-antaris","8":"pa_brand-yes","10":"first","11":"instock","12":"shipping-taxable","13":"purchasable","14":"product-type-simple"},"yoast_head":"<!-- This site is optimized with the Yoast SEO plugin v27.3 - https:\/\/yoast.com\/product\/yoast-seo-wordpress\/ -->\n<title>Kitab d\u0259st\u0259yi 470425 OXFORD Yes - Antaris<\/title>\n<meta name=\"robots\" content=\"index, follow, max-snippet:-1, max-image-preview:large, max-video-preview:-1\" \/>\n<link rel=\"canonical\" href=\"https:\/\/antaris.az\/ru\/m\u0259hsul\/kitab-d\u0259st\u0259yi-470425-oxford-yes\/\" \/>\n<meta property=\"og:locale\" content=\"ru_RU\" \/>\n<meta property=\"og:type\" content=\"article\" \/>\n<meta property=\"og:title\" content=\"Kitab d\u0259st\u0259yi 470425 OXFORD Yes - Antaris\" \/>\n<meta property=\"og:description\" content=\"R\u0259ngi: Maviu \u0130stehsal\u00e7\u0131 m\u0259hsul kodu: 470425 Ticar\u0259t markas\u0131: Yes \u0130stehsal \u00f6lk\u0259si: Ukrayna\" \/>\n<meta property=\"og:url\" content=\"https:\/\/antaris.az\/ru\/m\u0259hsul\/kitab-d\u0259st\u0259yi-470425-oxford-yes\/\" \/>\n<meta property=\"og:site_name\" content=\"Antaris\" \/>\n<meta property=\"article:publisher\" content=\"https:\/\/www.facebook.com\/antaris.az\/\" \/>\n<meta property=\"article:modified_time\" content=\"2024-11-26T12:28:53+00:00\" \/>\n<meta property=\"og:image\" content=\"https:\/\/antaris.az\/wp-content\/uploads\/2021\/02\/1210fea9b2be11e9811b3cd92b04d74a_323261c56d4e11eb81ab0050569bd7c0.jpg\" \/>\n\t<meta property=\"og:image:width\" content=\"800\" \/>\n\t<meta property=\"og:image:height\" content=\"800\" \/>\n\t<meta property=\"og:image:type\" content=\"image\/jpeg\" \/>\n<script type=\"application\/ld+json\" class=\"yoast-schema-graph\">{\"@context\":\"https:\\\/\\\/schema.org\",\"@graph\":[{\"@type\":\"WebPage\",\"@id\":\"https:\\\/\\\/antaris.az\\\/m\u0259hsul\\\/kitab-d%c9%99st%c9%99yi-470425-oxford-yes\\\/\",\"url\":\"https:\\\/\\\/antaris.az\\\/m\u0259hsul\\\/kitab-d%c9%99st%c9%99yi-470425-oxford-yes\\\/\",\"name\":\"Kitab d\u0259st\u0259yi 470425 OXFORD Yes - Antaris\",\"isPartOf\":{\"@id\":\"https:\\\/\\\/antaris.az\\\/#website\"},\"primaryImageOfPage\":{\"@id\":\"https:\\\/\\\/antaris.az\\\/m\u0259hsul\\\/kitab-d%c9%99st%c9%99yi-470425-oxford-yes\\\/#primaryimage\"},\"image\":{\"@id\":\"https:\\\/\\\/antaris.az\\\/m\u0259hsul\\\/kitab-d%c9%99st%c9%99yi-470425-oxford-yes\\\/#primaryimage\"},\"thumbnailUrl\":\"https:\\\/\\\/antaris.az\\\/wp-content\\\/uploads\\\/2021\\\/02\\\/1210fea9b2be11e9811b3cd92b04d74a_323261c56d4e11eb81ab0050569bd7c0.jpg\",\"datePublished\":\"2021-02-12T16:23:31+00:00\",\"dateModified\":\"2024-11-26T12:28:53+00:00\",\"breadcrumb\":{\"@id\":\"https:\\\/\\\/antaris.az\\\/m\u0259hsul\\\/kitab-d%c9%99st%c9%99yi-470425-oxford-yes\\\/#breadcrumb\"},\"inLanguage\":\"ru-RU\",\"potentialAction\":[{\"@type\":\"ReadAction\",\"target\":[\"https:\\\/\\\/antaris.az\\\/m\u0259hsul\\\/kitab-d%c9%99st%c9%99yi-470425-oxford-yes\\\/\"]}]},{\"@type\":\"ImageObject\",\"inLanguage\":\"ru-RU\",\"@id\":\"https:\\\/\\\/antaris.az\\\/m\u0259hsul\\\/kitab-d%c9%99st%c9%99yi-470425-oxford-yes\\\/#primaryimage\",\"url\":\"https:\\\/\\\/antaris.az\\\/wp-content\\\/uploads\\\/2021\\\/02\\\/1210fea9b2be11e9811b3cd92b04d74a_323261c56d4e11eb81ab0050569bd7c0.jpg\",\"contentUrl\":\"https:\\\/\\\/antaris.az\\\/wp-content\\\/uploads\\\/2021\\\/02\\\/1210fea9b2be11e9811b3cd92b04d74a_323261c56d4e11eb81ab0050569bd7c0.jpg\",\"width\":800,\"height\":800},{\"@type\":\"BreadcrumbList\",\"@id\":\"https:\\\/\\\/antaris.az\\\/m\u0259hsul\\\/kitab-d%c9%99st%c9%99yi-470425-oxford-yes\\\/#breadcrumb\",\"itemListElement\":[{\"@type\":\"ListItem\",\"position\":1,\"name\":\"Home\",\"item\":\"https:\\\/\\\/antaris.az\\\/\"},{\"@type\":\"ListItem\",\"position\":2,\"name\":\"Ma\u011faza\",\"item\":\"https:\\\/\\\/antaris.az\\\/ru\\\/shop\\\/\"},{\"@type\":\"ListItem\",\"position\":3,\"name\":\"Kitab d\u0259st\u0259yi 470425 OXFORD Yes\"}]},{\"@type\":\"WebSite\",\"@id\":\"https:\\\/\\\/antaris.az\\\/#website\",\"url\":\"https:\\\/\\\/antaris.az\\\/\",\"name\":\"Antaris\",\"description\":\"Ofis, ev, m\u0259kt\u0259b \u00fc\u00e7\u00fcn h\u0259r \u015fey\",\"publisher\":{\"@id\":\"https:\\\/\\\/antaris.az\\\/#organization\"},\"potentialAction\":[{\"@type\":\"SearchAction\",\"target\":{\"@type\":\"EntryPoint\",\"urlTemplate\":\"https:\\\/\\\/antaris.az\\\/?s={search_term_string}\"},\"query-input\":{\"@type\":\"PropertyValueSpecification\",\"valueRequired\":true,\"valueName\":\"search_term_string\"}}],\"inLanguage\":\"ru-RU\"},{\"@type\":\"Organization\",\"@id\":\"https:\\\/\\\/antaris.az\\\/#organization\",\"name\":\"Antaris QSC\",\"url\":\"https:\\\/\\\/antaris.az\\\/\",\"logo\":{\"@type\":\"ImageObject\",\"inLanguage\":\"ru-RU\",\"@id\":\"https:\\\/\\\/antaris.az\\\/#\\\/schema\\\/logo\\\/image\\\/\",\"url\":\"https:\\\/\\\/antaris.az\\\/wp-content\\\/uploads\\\/2025\\\/03\\\/Antaris-logo.png\",\"contentUrl\":\"https:\\\/\\\/antaris.az\\\/wp-content\\\/uploads\\\/2025\\\/03\\\/Antaris-logo.png\",\"width\":500,\"height\":500,\"caption\":\"Antaris QSC\"},\"image\":{\"@id\":\"https:\\\/\\\/antaris.az\\\/#\\\/schema\\\/logo\\\/image\\\/\"},\"sameAs\":[\"https:\\\/\\\/www.facebook.com\\\/antaris.az\\\/\",\"https:\\\/\\\/www.instagram.com\\\/antaris.az\\\/\"]}]}<\/script>\n<!-- \/ Yoast SEO plugin. -->","yoast_head_json":{"title":"Kitab d\u0259st\u0259yi 470425 OXFORD Yes - Antaris","robots":{"index":"index","follow":"follow","max-snippet":"max-snippet:-1","max-image-preview":"max-image-preview:large","max-video-preview":"max-video-preview:-1"},"canonical":"https:\/\/antaris.az\/ru\/m\u0259hsul\/kitab-d\u0259st\u0259yi-470425-oxford-yes\/","og_locale":"ru_RU","og_type":"article","og_title":"Kitab d\u0259st\u0259yi 470425 OXFORD Yes - Antaris","og_description":"R\u0259ngi: Maviu \u0130stehsal\u00e7\u0131 m\u0259hsul kodu: 470425 Ticar\u0259t markas\u0131: Yes \u0130stehsal \u00f6lk\u0259si: Ukrayna","og_url":"https:\/\/antaris.az\/ru\/m\u0259hsul\/kitab-d\u0259st\u0259yi-470425-oxford-yes\/","og_site_name":"Antaris","article_publisher":"https:\/\/www.facebook.com\/antaris.az\/","article_modified_time":"2024-11-26T12:28:53+00:00","og_image":[{"width":800,"height":800,"url":"https:\/\/antaris.az\/wp-content\/uploads\/2021\/02\/1210fea9b2be11e9811b3cd92b04d74a_323261c56d4e11eb81ab0050569bd7c0.jpg","type":"image\/jpeg"}],"schema":{"@context":"https:\/\/schema.org","@graph":[{"@type":"WebPage","@id":"https:\/\/antaris.az\/m\u0259hsul\/kitab-d%c9%99st%c9%99yi-470425-oxford-yes\/","url":"https:\/\/antaris.az\/m\u0259hsul\/kitab-d%c9%99st%c9%99yi-470425-oxford-yes\/","name":"Kitab d\u0259st\u0259yi 470425 OXFORD Yes - Antaris","isPartOf":{"@id":"https:\/\/antaris.az\/#website"},"primaryImageOfPage":{"@id":"https:\/\/antaris.az\/m\u0259hsul\/kitab-d%c9%99st%c9%99yi-470425-oxford-yes\/#primaryimage"},"image":{"@id":"https:\/\/antaris.az\/m\u0259hsul\/kitab-d%c9%99st%c9%99yi-470425-oxford-yes\/#primaryimage"},"thumbnailUrl":"https:\/\/antaris.az\/wp-content\/uploads\/2021\/02\/1210fea9b2be11e9811b3cd92b04d74a_323261c56d4e11eb81ab0050569bd7c0.jpg","datePublished":"2021-02-12T16:23:31+00:00","dateModified":"2024-11-26T12:28:53+00:00","breadcrumb":{"@id":"https:\/\/antaris.az\/m\u0259hsul\/kitab-d%c9%99st%c9%99yi-470425-oxford-yes\/#breadcrumb"},"inLanguage":"ru-RU","potentialAction":[{"@type":"ReadAction","target":["https:\/\/antaris.az\/m\u0259hsul\/kitab-d%c9%99st%c9%99yi-470425-oxford-yes\/"]}]},{"@type":"ImageObject","inLanguage":"ru-RU","@id":"https:\/\/antaris.az\/m\u0259hsul\/kitab-d%c9%99st%c9%99yi-470425-oxford-yes\/#primaryimage","url":"https:\/\/antaris.az\/wp-content\/uploads\/2021\/02\/1210fea9b2be11e9811b3cd92b04d74a_323261c56d4e11eb81ab0050569bd7c0.jpg","contentUrl":"https:\/\/antaris.az\/wp-content\/uploads\/2021\/02\/1210fea9b2be11e9811b3cd92b04d74a_323261c56d4e11eb81ab0050569bd7c0.jpg","width":800,"height":800},{"@type":"BreadcrumbList","@id":"https:\/\/antaris.az\/m\u0259hsul\/kitab-d%c9%99st%c9%99yi-470425-oxford-yes\/#breadcrumb","itemListElement":[{"@type":"ListItem","position":1,"name":"Home","item":"https:\/\/antaris.az\/"},{"@type":"ListItem","position":2,"name":"Ma\u011faza","item":"https:\/\/antaris.az\/ru\/shop\/"},{"@type":"ListItem","position":3,"name":"Kitab d\u0259st\u0259yi 470425 OXFORD Yes"}]},{"@type":"WebSite","@id":"https:\/\/antaris.az\/#website","url":"https:\/\/antaris.az\/","name":"Antaris","description":"Ofis, ev, m\u0259kt\u0259b \u00fc\u00e7\u00fcn h\u0259r \u015fey","publisher":{"@id":"https:\/\/antaris.az\/#organization"},"potentialAction":[{"@type":"SearchAction","target":{"@type":"EntryPoint","urlTemplate":"https:\/\/antaris.az\/?s={search_term_string}"},"query-input":{"@type":"PropertyValueSpecification","valueRequired":true,"valueName":"search_term_string"}}],"inLanguage":"ru-RU"},{"@type":"Organization","@id":"https:\/\/antaris.az\/#organization","name":"\u0410\u043d\u0442\u0430\u0440\u0438\u0441 \u0417\u0410\u041e","url":"https:\/\/antaris.az\/","logo":{"@type":"ImageObject","inLanguage":"ru-RU","@id":"https:\/\/antaris.az\/#\/schema\/logo\/image\/","url":"https:\/\/antaris.az\/wp-content\/uploads\/2025\/03\/Antaris-logo.png","contentUrl":"https:\/\/antaris.az\/wp-content\/uploads\/2025\/03\/Antaris-logo.png","width":500,"height":500,"caption":"Antaris QSC"},"image":{"@id":"https:\/\/antaris.az\/#\/schema\/logo\/image\/"},"sameAs":["https:\/\/www.facebook.com\/antaris.az\/","https:\/\/www.instagram.com\/antaris.az\/"]}]}},"_links":{"self":[{"href":"https:\/\/antaris.az\/ru\/wp-json\/wp\/v2\/product\/51297","targetHints":{"allow":["GET"]}}],"collection":[{"href":"https:\/\/antaris.az\/ru\/wp-json\/wp\/v2\/product"}],"about":[{"href":"https:\/\/antaris.az\/ru\/wp-json\/wp\/v2\/types\/product"}],"version-history":[{"count":0,"href":"https:\/\/antaris.az\/ru\/wp-json\/wp\/v2\/product\/51297\/revisions"}],"wp:featuredmedia":[{"embeddable":true,"href":"https:\/\/antaris.az\/ru\/wp-json\/wp\/v2\/media\/51298"}],"wp:attachment":[{"href":"https:\/\/antaris.az\/ru\/wp-json\/wp\/v2\/media?parent=51297"}],"wp:term":[{"taxonomy":"product_brand","embeddable":true,"href":"https:\/\/antaris.az\/ru\/wp-json\/wp\/v2\/product_brand?post=51297"},{"taxonomy":"product_cat","embeddable":true,"href":"https:\/\/antaris.az\/ru\/wp-json\/wp\/v2\/product_cat?post=51297"},{"taxonomy":"product_tag","embeddable":true,"href":"https:\/\/antaris.az\/ru\/wp-json\/wp\/v2\/product_tag?post=51297"}],"curies":[{"name":"wp","href":"https:\/\/api.w.org\/{rel}","templated":true}]}}