{"id":50383,"date":"2021-01-12T15:03:53","date_gmt":"2021-01-12T12:03:53","guid":{"rendered":"http:\/\/www2.antaris.az\/?post_type=product&#038;p=50383"},"modified":"2025-03-05T19:19:55","modified_gmt":"2025-03-05T15:19:55","slug":"q%c9%99l%c9%99m-gel-0-8mm-ub200-vision-elite-uni-ball-2","status":"publish","type":"product","link":"https:\/\/antaris.az\/ru\/m\u0259hsul\/q%c9%99l%c9%99m-gel-0-8mm-ub200-vision-elite-uni-ball-2\/","title":{"rendered":"Q\u0259l\u0259m gel 0.8mm UB200 Vision Elite Uni-Ball"},"content":{"rendered":"<p><!--td {border: 1px solid #ccc;}br {mso-data-placement:same-cell;}--><span data-sheets-value=\"{&quot;1&quot;:2,&quot;2&quot;:&quot;Yaponiya keyfiyy\u0259ti. Y\u00fcks\u0259k keyfiyy\u0259tli v\u0259 etibarl\u0131 gel q\u0259l\u0259m. Suya davaml\u0131. T\u0259yyar\u0259d\u0259 u\u00e7u\u015f \u00fc\u00e7\u00fcn t\u0259hl\u00fck\u0259sizdir - t\u0259zyiq d\u0259yi\u015fdikd\u0259 s\u0131zm\u0131r.nnQ\u0259l\u0259m: GelnUcluq: 0,8mmnM\u00fcr\u0259kk\u0259b: Suya davaml\u0131d\u0131rnR\u0259ng: Qaran\u0130stehsal\u00e7\u0131 m\u0259hsul kodu: UB200nTicar\u0259t markas\u0131: Uni-Balln\u0130stehsal \u00f6lk\u0259si: Yaponiya&quot;}\" data-sheets-userformat=\"{&quot;2&quot;:14781,&quot;3&quot;:{&quot;1&quot;:0,&quot;3&quot;:1},&quot;5&quot;:{&quot;1&quot;:[{&quot;1&quot;:2,&quot;2&quot;:0,&quot;5&quot;:{&quot;1&quot;:2,&quot;2&quot;:0}},{&quot;1&quot;:0,&quot;2&quot;:0,&quot;3&quot;:3},{&quot;1&quot;:1,&quot;2&quot;:0,&quot;4&quot;:1}]},&quot;6&quot;:{&quot;1&quot;:[{&quot;1&quot;:2,&quot;2&quot;:0,&quot;5&quot;:{&quot;1&quot;:2,&quot;2&quot;:0}},{&quot;1&quot;:0,&quot;2&quot;:0,&quot;3&quot;:3},{&quot;1&quot;:1,&quot;2&quot;:0,&quot;4&quot;:1}]},&quot;7&quot;:{&quot;1&quot;:[{&quot;1&quot;:2,&quot;2&quot;:0,&quot;5&quot;:{&quot;1&quot;:2,&quot;2&quot;:0}},{&quot;1&quot;:0,&quot;2&quot;:0,&quot;3&quot;:3},{&quot;1&quot;:1,&quot;2&quot;:0,&quot;4&quot;:1}]},&quot;8&quot;:{&quot;1&quot;:[{&quot;1&quot;:2,&quot;2&quot;:0,&quot;5&quot;:{&quot;1&quot;:2,&quot;2&quot;:0}},{&quot;1&quot;:0,&quot;2&quot;:0,&quot;3&quot;:3},{&quot;1&quot;:1,&quot;2&quot;:0,&quot;4&quot;:1}]},&quot;10&quot;:0,&quot;11&quot;:4,&quot;14&quot;:{&quot;1&quot;:3,&quot;3&quot;:1},&quot;15&quot;:&quot;Cambria&quot;,&quot;16&quot;:11}\">Yaponiya keyfiyy\u0259ti. Y\u00fcks\u0259k keyfiyy\u0259tli v\u0259 etibarl\u0131 gel q\u0259l\u0259m. Suya davaml\u0131. T\u0259yyar\u0259d\u0259 u\u00e7u\u015f \u00fc\u00e7\u00fcn t\u0259hl\u00fck\u0259sizdir &#8211; t\u0259zyiq d\u0259yi\u015fdikd\u0259 s\u0131zm\u0131r.<\/span><\/p>\n<p>&nbsp;<\/p>\n","protected":false},"excerpt":{"rendered":"<p><span data-sheets-value=\"{&quot;1&quot;:2,&quot;2&quot;:&quot;Yaponiya keyfiyy\u0259ti. Y\u00fcks\u0259k keyfiyy\u0259tli v\u0259 etibarl\u0131 gel q\u0259l\u0259m. Suya davaml\u0131. T\u0259yyar\u0259d\u0259 u\u00e7u\u015f \u00fc\u00e7\u00fcn t\u0259hl\u00fck\u0259sizdir - t\u0259zyiq d\u0259yi\u015fdikd\u0259 s\u0131zm\u0131r.nnQ\u0259l\u0259m: GelnUcluq: 0,8mmnM\u00fcr\u0259kk\u0259b: Suya davaml\u0131d\u0131rnR\u0259ng: Qaran\u0130stehsal\u00e7\u0131 m\u0259hsul kodu: UB200nTicar\u0259t markas\u0131: Uni-Balln\u0130stehsal \u00f6lk\u0259si: Yaponiya&quot;}\" data-sheets-userformat=\"{&quot;2&quot;:14781,&quot;3&quot;:{&quot;1&quot;:0,&quot;3&quot;:1},&quot;5&quot;:{&quot;1&quot;:[{&quot;1&quot;:2,&quot;2&quot;:0,&quot;5&quot;:{&quot;1&quot;:2,&quot;2&quot;:0}},{&quot;1&quot;:0,&quot;2&quot;:0,&quot;3&quot;:3},{&quot;1&quot;:1,&quot;2&quot;:0,&quot;4&quot;:1}]},&quot;6&quot;:{&quot;1&quot;:[{&quot;1&quot;:2,&quot;2&quot;:0,&quot;5&quot;:{&quot;1&quot;:2,&quot;2&quot;:0}},{&quot;1&quot;:0,&quot;2&quot;:0,&quot;3&quot;:3},{&quot;1&quot;:1,&quot;2&quot;:0,&quot;4&quot;:1}]},&quot;7&quot;:{&quot;1&quot;:[{&quot;1&quot;:2,&quot;2&quot;:0,&quot;5&quot;:{&quot;1&quot;:2,&quot;2&quot;:0}},{&quot;1&quot;:0,&quot;2&quot;:0,&quot;3&quot;:3},{&quot;1&quot;:1,&quot;2&quot;:0,&quot;4&quot;:1}]},&quot;8&quot;:{&quot;1&quot;:[{&quot;1&quot;:2,&quot;2&quot;:0,&quot;5&quot;:{&quot;1&quot;:2,&quot;2&quot;:0}},{&quot;1&quot;:0,&quot;2&quot;:0,&quot;3&quot;:3},{&quot;1&quot;:1,&quot;2&quot;:0,&quot;4&quot;:1}]},&quot;10&quot;:0,&quot;11&quot;:4,&quot;14&quot;:{&quot;1&quot;:3,&quot;3&quot;:1},&quot;15&quot;:&quot;Cambria&quot;,&quot;16&quot;:11}\">Q\u0259l\u0259m: Gel<br \/>\nUcluq: 0,8mm<br \/>\nM\u00fcr\u0259kk\u0259b: Suya davaml\u0131d\u0131r<br \/>\nR\u0259ng: Ya\u015f\u0131l<br \/>\n\u0130stehsal\u00e7\u0131 m\u0259hsul kodu: UB200<br \/>\nTicar\u0259t markas\u0131: Uni-Ball<br \/>\n\u0130stehsal \u00f6lk\u0259si: Yaponiya<\/span><\/p>\n","protected":false},"featured_media":100669,"template":"","meta":{"_joinchat":[]},"product_brand":[],"product_cat":[347],"product_tag":[],"class_list":{"0":"post-50383","1":"product","2":"type-product","3":"status-publish","4":"has-post-thumbnail","6":"product_cat-gel-qelem","7":"pa_brand-uni-ball-2","9":"first","10":"instock","11":"shipping-taxable","12":"purchasable","13":"product-type-simple"},"yoast_head":"<!-- This site is optimized with the Yoast SEO plugin v27.4 - https:\/\/yoast.com\/product\/yoast-seo-wordpress\/ -->\n<title>Q\u0259l\u0259m gel 0.8mm UB200 Vision Elite Uni-Ball - Antaris<\/title>\n<meta name=\"robots\" content=\"index, follow, max-snippet:-1, max-image-preview:large, max-video-preview:-1\" \/>\n<link rel=\"canonical\" href=\"https:\/\/antaris.az\/ru\/m\u0259hsul\/q\u0259l\u0259m-gel-0-8mm-ub200-vision-elite-uni-ball-2\/\" \/>\n<meta property=\"og:locale\" content=\"ru_RU\" \/>\n<meta property=\"og:type\" content=\"article\" \/>\n<meta property=\"og:title\" content=\"Q\u0259l\u0259m gel 0.8mm UB200 Vision Elite Uni-Ball - Antaris\" \/>\n<meta property=\"og:description\" content=\"Q\u0259l\u0259m: Gel Ucluq: 0,8mm M\u00fcr\u0259kk\u0259b: Suya davaml\u0131d\u0131r R\u0259ng: Ya\u015f\u0131l \u0130stehsal\u00e7\u0131 m\u0259hsul kodu: UB200 Ticar\u0259t markas\u0131: Uni-Ball \u0130stehsal \u00f6lk\u0259si: Yaponiya\" \/>\n<meta property=\"og:url\" content=\"https:\/\/antaris.az\/ru\/m\u0259hsul\/q\u0259l\u0259m-gel-0-8mm-ub200-vision-elite-uni-ball-2\/\" \/>\n<meta property=\"og:site_name\" content=\"Antaris\" \/>\n<meta property=\"article:publisher\" content=\"https:\/\/www.facebook.com\/antaris.az\/\" \/>\n<meta property=\"article:modified_time\" content=\"2025-03-05T15:19:55+00:00\" \/>\n<meta property=\"og:image\" content=\"https:\/\/antaris.az\/wp-content\/uploads\/2021\/01\/UB200-yasil-wep.webp\" \/>\n\t<meta property=\"og:image:width\" content=\"800\" \/>\n\t<meta property=\"og:image:height\" content=\"800\" \/>\n\t<meta property=\"og:image:type\" content=\"image\/webp\" \/>\n<script type=\"application\/ld+json\" class=\"yoast-schema-graph\">{\"@context\":\"https:\\\/\\\/schema.org\",\"@graph\":[{\"@type\":\"WebPage\",\"@id\":\"https:\\\/\\\/antaris.az\\\/ru\\\/m\u0259hsul\\\/q%c9%99l%c9%99m-gel-0-8mm-ub200-vision-elite-uni-ball-2\\\/\",\"url\":\"https:\\\/\\\/antaris.az\\\/ru\\\/m\u0259hsul\\\/q%c9%99l%c9%99m-gel-0-8mm-ub200-vision-elite-uni-ball-2\\\/\",\"name\":\"Q\u0259l\u0259m gel 0.8mm UB200 Vision Elite Uni-Ball - Antaris\",\"isPartOf\":{\"@id\":\"https:\\\/\\\/antaris.az\\\/#website\"},\"primaryImageOfPage\":{\"@id\":\"https:\\\/\\\/antaris.az\\\/ru\\\/m\u0259hsul\\\/q%c9%99l%c9%99m-gel-0-8mm-ub200-vision-elite-uni-ball-2\\\/#primaryimage\"},\"image\":{\"@id\":\"https:\\\/\\\/antaris.az\\\/ru\\\/m\u0259hsul\\\/q%c9%99l%c9%99m-gel-0-8mm-ub200-vision-elite-uni-ball-2\\\/#primaryimage\"},\"thumbnailUrl\":\"https:\\\/\\\/antaris.az\\\/wp-content\\\/uploads\\\/2021\\\/01\\\/UB200-yasil-wep.webp\",\"datePublished\":\"2021-01-12T12:03:53+00:00\",\"dateModified\":\"2025-03-05T15:19:55+00:00\",\"breadcrumb\":{\"@id\":\"https:\\\/\\\/antaris.az\\\/ru\\\/m\u0259hsul\\\/q%c9%99l%c9%99m-gel-0-8mm-ub200-vision-elite-uni-ball-2\\\/#breadcrumb\"},\"inLanguage\":\"ru-RU\",\"potentialAction\":[{\"@type\":\"ReadAction\",\"target\":[\"https:\\\/\\\/antaris.az\\\/ru\\\/m\u0259hsul\\\/q%c9%99l%c9%99m-gel-0-8mm-ub200-vision-elite-uni-ball-2\\\/\"]}]},{\"@type\":\"ImageObject\",\"inLanguage\":\"ru-RU\",\"@id\":\"https:\\\/\\\/antaris.az\\\/ru\\\/m\u0259hsul\\\/q%c9%99l%c9%99m-gel-0-8mm-ub200-vision-elite-uni-ball-2\\\/#primaryimage\",\"url\":\"https:\\\/\\\/antaris.az\\\/wp-content\\\/uploads\\\/2021\\\/01\\\/UB200-yasil-wep.webp\",\"contentUrl\":\"https:\\\/\\\/antaris.az\\\/wp-content\\\/uploads\\\/2021\\\/01\\\/UB200-yasil-wep.webp\",\"width\":800,\"height\":800,\"caption\":\"UB200 yasil wep\"},{\"@type\":\"BreadcrumbList\",\"@id\":\"https:\\\/\\\/antaris.az\\\/ru\\\/m\u0259hsul\\\/q%c9%99l%c9%99m-gel-0-8mm-ub200-vision-elite-uni-ball-2\\\/#breadcrumb\",\"itemListElement\":[{\"@type\":\"ListItem\",\"position\":1,\"name\":\"Home\",\"item\":\"https:\\\/\\\/antaris.az\\\/\"},{\"@type\":\"ListItem\",\"position\":2,\"name\":\"Ma\u011faza\",\"item\":\"https:\\\/\\\/antaris.az\\\/ru\\\/shop\\\/\"},{\"@type\":\"ListItem\",\"position\":3,\"name\":\"Q\u0259l\u0259m gel 0.8mm UB200 Vision Elite Uni-Ball\"}]},{\"@type\":\"WebSite\",\"@id\":\"https:\\\/\\\/antaris.az\\\/#website\",\"url\":\"https:\\\/\\\/antaris.az\\\/\",\"name\":\"Antaris\",\"description\":\"Ofis, ev, m\u0259kt\u0259b \u00fc\u00e7\u00fcn h\u0259r \u015fey\",\"publisher\":{\"@id\":\"https:\\\/\\\/antaris.az\\\/#organization\"},\"potentialAction\":[{\"@type\":\"SearchAction\",\"target\":{\"@type\":\"EntryPoint\",\"urlTemplate\":\"https:\\\/\\\/antaris.az\\\/?s={search_term_string}\"},\"query-input\":{\"@type\":\"PropertyValueSpecification\",\"valueRequired\":true,\"valueName\":\"search_term_string\"}}],\"inLanguage\":\"ru-RU\"},{\"@type\":\"Organization\",\"@id\":\"https:\\\/\\\/antaris.az\\\/#organization\",\"name\":\"Antaris QSC\",\"url\":\"https:\\\/\\\/antaris.az\\\/\",\"logo\":{\"@type\":\"ImageObject\",\"inLanguage\":\"ru-RU\",\"@id\":\"https:\\\/\\\/antaris.az\\\/#\\\/schema\\\/logo\\\/image\\\/\",\"url\":\"https:\\\/\\\/antaris.az\\\/wp-content\\\/uploads\\\/2025\\\/03\\\/Antaris-logo.png\",\"contentUrl\":\"https:\\\/\\\/antaris.az\\\/wp-content\\\/uploads\\\/2025\\\/03\\\/Antaris-logo.png\",\"width\":500,\"height\":500,\"caption\":\"Antaris QSC\"},\"image\":{\"@id\":\"https:\\\/\\\/antaris.az\\\/#\\\/schema\\\/logo\\\/image\\\/\"},\"sameAs\":[\"https:\\\/\\\/www.facebook.com\\\/antaris.az\\\/\",\"https:\\\/\\\/www.instagram.com\\\/antaris.az\\\/\"]}]}<\/script>\n<!-- \/ Yoast SEO plugin. -->","yoast_head_json":{"title":"Q\u0259l\u0259m gel 0.8mm UB200 Vision Elite Uni-Ball - Antaris","robots":{"index":"index","follow":"follow","max-snippet":"max-snippet:-1","max-image-preview":"max-image-preview:large","max-video-preview":"max-video-preview:-1"},"canonical":"https:\/\/antaris.az\/ru\/m\u0259hsul\/q\u0259l\u0259m-gel-0-8mm-ub200-vision-elite-uni-ball-2\/","og_locale":"ru_RU","og_type":"article","og_title":"Q\u0259l\u0259m gel 0.8mm UB200 Vision Elite Uni-Ball - Antaris","og_description":"Q\u0259l\u0259m: Gel Ucluq: 0,8mm M\u00fcr\u0259kk\u0259b: Suya davaml\u0131d\u0131r R\u0259ng: Ya\u015f\u0131l \u0130stehsal\u00e7\u0131 m\u0259hsul kodu: UB200 Ticar\u0259t markas\u0131: Uni-Ball \u0130stehsal \u00f6lk\u0259si: Yaponiya","og_url":"https:\/\/antaris.az\/ru\/m\u0259hsul\/q\u0259l\u0259m-gel-0-8mm-ub200-vision-elite-uni-ball-2\/","og_site_name":"Antaris","article_publisher":"https:\/\/www.facebook.com\/antaris.az\/","article_modified_time":"2025-03-05T15:19:55+00:00","og_image":[{"width":800,"height":800,"url":"https:\/\/antaris.az\/wp-content\/uploads\/2021\/01\/UB200-yasil-wep.webp","type":"image\/webp"}],"schema":{"@context":"https:\/\/schema.org","@graph":[{"@type":"WebPage","@id":"https:\/\/antaris.az\/ru\/m\u0259hsul\/q%c9%99l%c9%99m-gel-0-8mm-ub200-vision-elite-uni-ball-2\/","url":"https:\/\/antaris.az\/ru\/m\u0259hsul\/q%c9%99l%c9%99m-gel-0-8mm-ub200-vision-elite-uni-ball-2\/","name":"Q\u0259l\u0259m gel 0.8mm UB200 Vision Elite Uni-Ball - Antaris","isPartOf":{"@id":"https:\/\/antaris.az\/#website"},"primaryImageOfPage":{"@id":"https:\/\/antaris.az\/ru\/m\u0259hsul\/q%c9%99l%c9%99m-gel-0-8mm-ub200-vision-elite-uni-ball-2\/#primaryimage"},"image":{"@id":"https:\/\/antaris.az\/ru\/m\u0259hsul\/q%c9%99l%c9%99m-gel-0-8mm-ub200-vision-elite-uni-ball-2\/#primaryimage"},"thumbnailUrl":"https:\/\/antaris.az\/wp-content\/uploads\/2021\/01\/UB200-yasil-wep.webp","datePublished":"2021-01-12T12:03:53+00:00","dateModified":"2025-03-05T15:19:55+00:00","breadcrumb":{"@id":"https:\/\/antaris.az\/ru\/m\u0259hsul\/q%c9%99l%c9%99m-gel-0-8mm-ub200-vision-elite-uni-ball-2\/#breadcrumb"},"inLanguage":"ru-RU","potentialAction":[{"@type":"ReadAction","target":["https:\/\/antaris.az\/ru\/m\u0259hsul\/q%c9%99l%c9%99m-gel-0-8mm-ub200-vision-elite-uni-ball-2\/"]}]},{"@type":"ImageObject","inLanguage":"ru-RU","@id":"https:\/\/antaris.az\/ru\/m\u0259hsul\/q%c9%99l%c9%99m-gel-0-8mm-ub200-vision-elite-uni-ball-2\/#primaryimage","url":"https:\/\/antaris.az\/wp-content\/uploads\/2021\/01\/UB200-yasil-wep.webp","contentUrl":"https:\/\/antaris.az\/wp-content\/uploads\/2021\/01\/UB200-yasil-wep.webp","width":800,"height":800,"caption":"UB200 yasil wep"},{"@type":"BreadcrumbList","@id":"https:\/\/antaris.az\/ru\/m\u0259hsul\/q%c9%99l%c9%99m-gel-0-8mm-ub200-vision-elite-uni-ball-2\/#breadcrumb","itemListElement":[{"@type":"ListItem","position":1,"name":"Home","item":"https:\/\/antaris.az\/"},{"@type":"ListItem","position":2,"name":"Ma\u011faza","item":"https:\/\/antaris.az\/ru\/shop\/"},{"@type":"ListItem","position":3,"name":"Q\u0259l\u0259m gel 0.8mm UB200 Vision Elite Uni-Ball"}]},{"@type":"WebSite","@id":"https:\/\/antaris.az\/#website","url":"https:\/\/antaris.az\/","name":"Antaris","description":"Ofis, ev, m\u0259kt\u0259b \u00fc\u00e7\u00fcn h\u0259r \u015fey","publisher":{"@id":"https:\/\/antaris.az\/#organization"},"potentialAction":[{"@type":"SearchAction","target":{"@type":"EntryPoint","urlTemplate":"https:\/\/antaris.az\/?s={search_term_string}"},"query-input":{"@type":"PropertyValueSpecification","valueRequired":true,"valueName":"search_term_string"}}],"inLanguage":"ru-RU"},{"@type":"Organization","@id":"https:\/\/antaris.az\/#organization","name":"\u0410\u043d\u0442\u0430\u0440\u0438\u0441 \u0417\u0410\u041e","url":"https:\/\/antaris.az\/","logo":{"@type":"ImageObject","inLanguage":"ru-RU","@id":"https:\/\/antaris.az\/#\/schema\/logo\/image\/","url":"https:\/\/antaris.az\/wp-content\/uploads\/2025\/03\/Antaris-logo.png","contentUrl":"https:\/\/antaris.az\/wp-content\/uploads\/2025\/03\/Antaris-logo.png","width":500,"height":500,"caption":"Antaris QSC"},"image":{"@id":"https:\/\/antaris.az\/#\/schema\/logo\/image\/"},"sameAs":["https:\/\/www.facebook.com\/antaris.az\/","https:\/\/www.instagram.com\/antaris.az\/"]}]}},"_links":{"self":[{"href":"https:\/\/antaris.az\/ru\/wp-json\/wp\/v2\/product\/50383","targetHints":{"allow":["GET"]}}],"collection":[{"href":"https:\/\/antaris.az\/ru\/wp-json\/wp\/v2\/product"}],"about":[{"href":"https:\/\/antaris.az\/ru\/wp-json\/wp\/v2\/types\/product"}],"version-history":[{"count":0,"href":"https:\/\/antaris.az\/ru\/wp-json\/wp\/v2\/product\/50383\/revisions"}],"wp:featuredmedia":[{"embeddable":true,"href":"https:\/\/antaris.az\/ru\/wp-json\/wp\/v2\/media\/100669"}],"wp:attachment":[{"href":"https:\/\/antaris.az\/ru\/wp-json\/wp\/v2\/media?parent=50383"}],"wp:term":[{"taxonomy":"product_brand","embeddable":true,"href":"https:\/\/antaris.az\/ru\/wp-json\/wp\/v2\/product_brand?post=50383"},{"taxonomy":"product_cat","embeddable":true,"href":"https:\/\/antaris.az\/ru\/wp-json\/wp\/v2\/product_cat?post=50383"},{"taxonomy":"product_tag","embeddable":true,"href":"https:\/\/antaris.az\/ru\/wp-json\/wp\/v2\/product_tag?post=50383"}],"curies":[{"name":"wp","href":"https:\/\/api.w.org\/{rel}","templated":true}]}}