{"id":48804,"date":"2020-12-04T18:55:06","date_gmt":"2020-12-04T15:55:06","guid":{"rendered":"http:\/\/www2.antaris.az\/?post_type=product&#038;p=48804"},"modified":"2025-01-15T10:47:49","modified_gmt":"2025-01-15T06:47:49","slug":"seyf-s-25-ep-griffon","status":"publish","type":"product","link":"https:\/\/antaris.az\/ru\/m\u0259hsul\/seyf-s-25-ep-griffon\/","title":{"rendered":"Seyf S.25.EP Griffon"},"content":{"rendered":"","protected":false},"excerpt":{"rendered":"<p>N\u00f6v\u00fc: Silah \u00fc\u00e7\u00fcn<br \/>\nSilah say\u0131: 2 \u0259d\u0259d<br \/>\nKilid: T\u0259k kodlu<br \/>\nXarici \u00f6l\u00e7\u00fcl\u0259ri: 250x350x260mm<br \/>\nDaxili \u00f6l\u00e7\u00fcl\u0259ri: 244x344x205 mm<br \/>\n\u00c7\u0259ki: 16kg<br \/>\n\u0130stehsal\u00e7\u0131 m\u0259hsul kodu: S.25.EP<br \/>\n\u0422\u043e\u0440\u0433\u043e\u0432\u0430\u044f \u043c\u0430\u0440\u043a\u0430: Griffon<br \/>\n\u041f\u0440\u043e\u0438\u0437\u0432\u043e\u0434\u0438\u0442\u0435\u043b: \u0423\u043a\u0440\u0430\u0438\u043d\u0430<\/p>\n<p>&nbsp;<\/p>","protected":false},"featured_media":48805,"template":"","meta":{"_joinchat":[]},"product_brand":[],"product_cat":[2180,756],"product_tag":[],"class_list":{"0":"post-48804","1":"product","2":"type-product","3":"status-publish","4":"has-post-thumbnail","6":"product_cat-mebel","7":"product_cat-silah_seyfleri","8":"pa_brand-griffon","9":"pa_kilid-sistemi-kodlu","10":"pa_novu-silah-ucun","11":"pa_reng-qara","13":"first","14":"instock","15":"sale","16":"shipping-taxable","17":"purchasable","18":"product-type-simple"},"yoast_head":"<!-- This site is optimized with the Yoast SEO plugin v27.5 - https:\/\/yoast.com\/product\/yoast-seo-wordpress\/ -->\n<title>\u0421\u0435\u0439\u0444 \u0434\u043b\u044f \u043e\u0444\u0438\u0441\u0430 - Antaris<\/title>\n<meta name=\"description\" content=\"\u0421\u0435\u0439\u0444 \u0434\u043b\u044f \u043e\u0444\u0438\u0441\u0430 - N\u00f6v\u00fc: Silah \u00fc\u00e7\u00fcn Silah say\u0131: 2 \u0259d\u0259d Kilid: T\u0259k kodlu Xarici \u00f6l\u00e7\u00fcl\u0259ri: 250x350x260mm Daxili \u00f6l\u00e7\u00fcl\u0259ri: 244x344x205 mm \u00c7\u0259ki: 16kg \u0130stehsal\u00e7\u0131 m\u0259hsul kodu: S.25.EP Ticar\u0259t markas\u0131: Griffon \u0130stehsal\u00e7\u0131 \u00f6lk\u0259: Ukrayna  &nbsp;\" \/>\n<meta name=\"robots\" content=\"index, follow, max-snippet:-1, max-image-preview:large, max-video-preview:-1\" \/>\n<link rel=\"canonical\" href=\"https:\/\/antaris.az\/ru\/m\u0259hsul\/seyf-s-25-ep-griffon\/\" \/>\n<meta property=\"og:locale\" content=\"ru_RU\" \/>\n<meta property=\"og:type\" content=\"article\" \/>\n<meta property=\"og:title\" content=\"\u0421\u0435\u0439\u0444 \u0434\u043b\u044f \u043e\u0444\u0438\u0441\u0430 - Antaris\" \/>\n<meta property=\"og:description\" content=\"\u0421\u0435\u0439\u0444 \u0434\u043b\u044f \u043e\u0444\u0438\u0441\u0430 - N\u00f6v\u00fc: Silah \u00fc\u00e7\u00fcn Silah say\u0131: 2 \u0259d\u0259d Kilid: T\u0259k kodlu Xarici \u00f6l\u00e7\u00fcl\u0259ri: 250x350x260mm Daxili \u00f6l\u00e7\u00fcl\u0259ri: 244x344x205 mm \u00c7\u0259ki: 16kg \u0130stehsal\u00e7\u0131 m\u0259hsul kodu: S.25.EP Ticar\u0259t markas\u0131: Griffon \u0130stehsal\u00e7\u0131 \u00f6lk\u0259: Ukrayna  &nbsp;\" \/>\n<meta property=\"og:url\" content=\"https:\/\/antaris.az\/ru\/m\u0259hsul\/seyf-s-25-ep-griffon\/\" \/>\n<meta property=\"og:site_name\" content=\"Antaris\" \/>\n<meta property=\"article:publisher\" content=\"https:\/\/www.facebook.com\/antaris.az\/\" \/>\n<meta property=\"article:modified_time\" content=\"2025-01-15T06:47:49+00:00\" \/>\n<meta property=\"og:image\" content=\"https:\/\/antaris.az\/wp-content\/uploads\/2020\/12\/31.-S.25.EP_.jpg\" \/>\n\t<meta property=\"og:image:width\" content=\"800\" \/>\n\t<meta property=\"og:image:height\" content=\"800\" \/>\n\t<meta property=\"og:image:type\" content=\"image\/jpeg\" \/>\n<script type=\"application\/ld+json\" class=\"yoast-schema-graph\">{\"@context\":\"https:\\\/\\\/schema.org\",\"@graph\":[{\"@type\":\"WebPage\",\"@id\":\"https:\\\/\\\/antaris.az\\\/m\u0259hsul\\\/seyf-s-25-ep-griffon\\\/\",\"url\":\"https:\\\/\\\/antaris.az\\\/m\u0259hsul\\\/seyf-s-25-ep-griffon\\\/\",\"name\":\"\u0421\u0435\u0439\u0444 \u0434\u043b\u044f \u043e\u0444\u0438\u0441\u0430 - Antaris\",\"isPartOf\":{\"@id\":\"https:\\\/\\\/antaris.az\\\/#website\"},\"primaryImageOfPage\":{\"@id\":\"https:\\\/\\\/antaris.az\\\/m\u0259hsul\\\/seyf-s-25-ep-griffon\\\/#primaryimage\"},\"image\":{\"@id\":\"https:\\\/\\\/antaris.az\\\/m\u0259hsul\\\/seyf-s-25-ep-griffon\\\/#primaryimage\"},\"thumbnailUrl\":\"https:\\\/\\\/antaris.az\\\/wp-content\\\/uploads\\\/2020\\\/12\\\/31.-S.25.EP_.jpg\",\"datePublished\":\"2020-12-04T15:55:06+00:00\",\"dateModified\":\"2025-01-15T06:47:49+00:00\",\"description\":\"\u0421\u0435\u0439\u0444 \u0434\u043b\u044f \u043e\u0444\u0438\u0441\u0430 - N\u00f6v\u00fc: Silah \u00fc\u00e7\u00fcn Silah say\u0131: 2 \u0259d\u0259d Kilid: T\u0259k kodlu Xarici \u00f6l\u00e7\u00fcl\u0259ri: 250x350x260mm Daxili \u00f6l\u00e7\u00fcl\u0259ri: 244x344x205 mm \u00c7\u0259ki: 16kg \u0130stehsal\u00e7\u0131 m\u0259hsul kodu: S.25.EP Ticar\u0259t markas\u0131: Griffon \u0130stehsal\u00e7\u0131 \u00f6lk\u0259: Ukrayna &nbsp;\",\"breadcrumb\":{\"@id\":\"https:\\\/\\\/antaris.az\\\/m\u0259hsul\\\/seyf-s-25-ep-griffon\\\/#breadcrumb\"},\"inLanguage\":\"ru-RU\",\"potentialAction\":[{\"@type\":\"ReadAction\",\"target\":[\"https:\\\/\\\/antaris.az\\\/m\u0259hsul\\\/seyf-s-25-ep-griffon\\\/\"]}]},{\"@type\":\"ImageObject\",\"inLanguage\":\"ru-RU\",\"@id\":\"https:\\\/\\\/antaris.az\\\/m\u0259hsul\\\/seyf-s-25-ep-griffon\\\/#primaryimage\",\"url\":\"https:\\\/\\\/antaris.az\\\/wp-content\\\/uploads\\\/2020\\\/12\\\/31.-S.25.EP_.jpg\",\"contentUrl\":\"https:\\\/\\\/antaris.az\\\/wp-content\\\/uploads\\\/2020\\\/12\\\/31.-S.25.EP_.jpg\",\"width\":800,\"height\":800,\"caption\":\"seyf\"},{\"@type\":\"BreadcrumbList\",\"@id\":\"https:\\\/\\\/antaris.az\\\/m\u0259hsul\\\/seyf-s-25-ep-griffon\\\/#breadcrumb\",\"itemListElement\":[{\"@type\":\"ListItem\",\"position\":1,\"name\":\"Home\",\"item\":\"https:\\\/\\\/antaris.az\\\/\"},{\"@type\":\"ListItem\",\"position\":2,\"name\":\"Ma\u011faza\",\"item\":\"https:\\\/\\\/antaris.az\\\/ru\\\/shop\\\/\"},{\"@type\":\"ListItem\",\"position\":3,\"name\":\"Seyf S.25.EP Griffon\"}]},{\"@type\":\"WebSite\",\"@id\":\"https:\\\/\\\/antaris.az\\\/#website\",\"url\":\"https:\\\/\\\/antaris.az\\\/\",\"name\":\"Antaris\",\"description\":\"Ofis, ev, m\u0259kt\u0259b \u00fc\u00e7\u00fcn h\u0259r \u015fey\",\"publisher\":{\"@id\":\"https:\\\/\\\/antaris.az\\\/#organization\"},\"potentialAction\":[{\"@type\":\"SearchAction\",\"target\":{\"@type\":\"EntryPoint\",\"urlTemplate\":\"https:\\\/\\\/antaris.az\\\/?s={search_term_string}\"},\"query-input\":{\"@type\":\"PropertyValueSpecification\",\"valueRequired\":true,\"valueName\":\"search_term_string\"}}],\"inLanguage\":\"ru-RU\"},{\"@type\":\"Organization\",\"@id\":\"https:\\\/\\\/antaris.az\\\/#organization\",\"name\":\"Antaris QSC\",\"url\":\"https:\\\/\\\/antaris.az\\\/\",\"logo\":{\"@type\":\"ImageObject\",\"inLanguage\":\"ru-RU\",\"@id\":\"https:\\\/\\\/antaris.az\\\/#\\\/schema\\\/logo\\\/image\\\/\",\"url\":\"https:\\\/\\\/antaris.az\\\/wp-content\\\/uploads\\\/2025\\\/03\\\/Antaris-logo.png\",\"contentUrl\":\"https:\\\/\\\/antaris.az\\\/wp-content\\\/uploads\\\/2025\\\/03\\\/Antaris-logo.png\",\"width\":500,\"height\":500,\"caption\":\"Antaris QSC\"},\"image\":{\"@id\":\"https:\\\/\\\/antaris.az\\\/#\\\/schema\\\/logo\\\/image\\\/\"},\"sameAs\":[\"https:\\\/\\\/www.facebook.com\\\/antaris.az\\\/\",\"https:\\\/\\\/www.instagram.com\\\/antaris.az\\\/\"]}]}<\/script>\n<!-- \/ Yoast SEO plugin. -->","yoast_head_json":{"title":"\u0421\u0435\u0439\u0444 \u0434\u043b\u044f \u043e\u0444\u0438\u0441\u0430 - Antaris","description":"\u0421\u0435\u0439\u0444 \u0434\u043b\u044f \u043e\u0444\u0438\u0441\u0430 - N\u00f6v\u00fc: Silah \u00fc\u00e7\u00fcn Silah say\u0131: 2 \u0259d\u0259d Kilid: T\u0259k kodlu Xarici \u00f6l\u00e7\u00fcl\u0259ri: 250x350x260mm Daxili \u00f6l\u00e7\u00fcl\u0259ri: 244x344x205 mm \u00c7\u0259ki: 16kg \u0130stehsal\u00e7\u0131 m\u0259hsul kodu: S.25.EP Ticar\u0259t markas\u0131: Griffon \u0130stehsal\u00e7\u0131 \u00f6lk\u0259: Ukrayna  &nbsp;","robots":{"index":"index","follow":"follow","max-snippet":"max-snippet:-1","max-image-preview":"max-image-preview:large","max-video-preview":"max-video-preview:-1"},"canonical":"https:\/\/antaris.az\/ru\/m\u0259hsul\/seyf-s-25-ep-griffon\/","og_locale":"ru_RU","og_type":"article","og_title":"\u0421\u0435\u0439\u0444 \u0434\u043b\u044f \u043e\u0444\u0438\u0441\u0430 - Antaris","og_description":"\u0421\u0435\u0439\u0444 \u0434\u043b\u044f \u043e\u0444\u0438\u0441\u0430 - N\u00f6v\u00fc: Silah \u00fc\u00e7\u00fcn Silah say\u0131: 2 \u0259d\u0259d Kilid: T\u0259k kodlu Xarici \u00f6l\u00e7\u00fcl\u0259ri: 250x350x260mm Daxili \u00f6l\u00e7\u00fcl\u0259ri: 244x344x205 mm \u00c7\u0259ki: 16kg \u0130stehsal\u00e7\u0131 m\u0259hsul kodu: S.25.EP Ticar\u0259t markas\u0131: Griffon \u0130stehsal\u00e7\u0131 \u00f6lk\u0259: Ukrayna  &nbsp;","og_url":"https:\/\/antaris.az\/ru\/m\u0259hsul\/seyf-s-25-ep-griffon\/","og_site_name":"Antaris","article_publisher":"https:\/\/www.facebook.com\/antaris.az\/","article_modified_time":"2025-01-15T06:47:49+00:00","og_image":[{"width":800,"height":800,"url":"https:\/\/antaris.az\/wp-content\/uploads\/2020\/12\/31.-S.25.EP_.jpg","type":"image\/jpeg"}],"schema":{"@context":"https:\/\/schema.org","@graph":[{"@type":"WebPage","@id":"https:\/\/antaris.az\/m\u0259hsul\/seyf-s-25-ep-griffon\/","url":"https:\/\/antaris.az\/m\u0259hsul\/seyf-s-25-ep-griffon\/","name":"\u0421\u0435\u0439\u0444 \u0434\u043b\u044f \u043e\u0444\u0438\u0441\u0430 - Antaris","isPartOf":{"@id":"https:\/\/antaris.az\/#website"},"primaryImageOfPage":{"@id":"https:\/\/antaris.az\/m\u0259hsul\/seyf-s-25-ep-griffon\/#primaryimage"},"image":{"@id":"https:\/\/antaris.az\/m\u0259hsul\/seyf-s-25-ep-griffon\/#primaryimage"},"thumbnailUrl":"https:\/\/antaris.az\/wp-content\/uploads\/2020\/12\/31.-S.25.EP_.jpg","datePublished":"2020-12-04T15:55:06+00:00","dateModified":"2025-01-15T06:47:49+00:00","description":"\u0421\u0435\u0439\u0444 \u0434\u043b\u044f \u043e\u0444\u0438\u0441\u0430 - N\u00f6v\u00fc: Silah \u00fc\u00e7\u00fcn Silah say\u0131: 2 \u0259d\u0259d Kilid: T\u0259k kodlu Xarici \u00f6l\u00e7\u00fcl\u0259ri: 250x350x260mm Daxili \u00f6l\u00e7\u00fcl\u0259ri: 244x344x205 mm \u00c7\u0259ki: 16kg \u0130stehsal\u00e7\u0131 m\u0259hsul kodu: S.25.EP Ticar\u0259t markas\u0131: Griffon \u0130stehsal\u00e7\u0131 \u00f6lk\u0259: Ukrayna &nbsp;","breadcrumb":{"@id":"https:\/\/antaris.az\/m\u0259hsul\/seyf-s-25-ep-griffon\/#breadcrumb"},"inLanguage":"ru-RU","potentialAction":[{"@type":"ReadAction","target":["https:\/\/antaris.az\/m\u0259hsul\/seyf-s-25-ep-griffon\/"]}]},{"@type":"ImageObject","inLanguage":"ru-RU","@id":"https:\/\/antaris.az\/m\u0259hsul\/seyf-s-25-ep-griffon\/#primaryimage","url":"https:\/\/antaris.az\/wp-content\/uploads\/2020\/12\/31.-S.25.EP_.jpg","contentUrl":"https:\/\/antaris.az\/wp-content\/uploads\/2020\/12\/31.-S.25.EP_.jpg","width":800,"height":800,"caption":"seyf"},{"@type":"BreadcrumbList","@id":"https:\/\/antaris.az\/m\u0259hsul\/seyf-s-25-ep-griffon\/#breadcrumb","itemListElement":[{"@type":"ListItem","position":1,"name":"Home","item":"https:\/\/antaris.az\/"},{"@type":"ListItem","position":2,"name":"Ma\u011faza","item":"https:\/\/antaris.az\/ru\/shop\/"},{"@type":"ListItem","position":3,"name":"Seyf S.25.EP Griffon"}]},{"@type":"WebSite","@id":"https:\/\/antaris.az\/#website","url":"https:\/\/antaris.az\/","name":"Antaris","description":"Ofis, ev, m\u0259kt\u0259b \u00fc\u00e7\u00fcn h\u0259r \u015fey","publisher":{"@id":"https:\/\/antaris.az\/#organization"},"potentialAction":[{"@type":"SearchAction","target":{"@type":"EntryPoint","urlTemplate":"https:\/\/antaris.az\/?s={search_term_string}"},"query-input":{"@type":"PropertyValueSpecification","valueRequired":true,"valueName":"search_term_string"}}],"inLanguage":"ru-RU"},{"@type":"Organization","@id":"https:\/\/antaris.az\/#organization","name":"\u0410\u043d\u0442\u0430\u0440\u0438\u0441 \u0417\u0410\u041e","url":"https:\/\/antaris.az\/","logo":{"@type":"ImageObject","inLanguage":"ru-RU","@id":"https:\/\/antaris.az\/#\/schema\/logo\/image\/","url":"https:\/\/antaris.az\/wp-content\/uploads\/2025\/03\/Antaris-logo.png","contentUrl":"https:\/\/antaris.az\/wp-content\/uploads\/2025\/03\/Antaris-logo.png","width":500,"height":500,"caption":"Antaris QSC"},"image":{"@id":"https:\/\/antaris.az\/#\/schema\/logo\/image\/"},"sameAs":["https:\/\/www.facebook.com\/antaris.az\/","https:\/\/www.instagram.com\/antaris.az\/"]}]}},"_links":{"self":[{"href":"https:\/\/antaris.az\/ru\/wp-json\/wp\/v2\/product\/48804","targetHints":{"allow":["GET"]}}],"collection":[{"href":"https:\/\/antaris.az\/ru\/wp-json\/wp\/v2\/product"}],"about":[{"href":"https:\/\/antaris.az\/ru\/wp-json\/wp\/v2\/types\/product"}],"version-history":[{"count":0,"href":"https:\/\/antaris.az\/ru\/wp-json\/wp\/v2\/product\/48804\/revisions"}],"wp:featuredmedia":[{"embeddable":true,"href":"https:\/\/antaris.az\/ru\/wp-json\/wp\/v2\/media\/48805"}],"wp:attachment":[{"href":"https:\/\/antaris.az\/ru\/wp-json\/wp\/v2\/media?parent=48804"}],"wp:term":[{"taxonomy":"product_brand","embeddable":true,"href":"https:\/\/antaris.az\/ru\/wp-json\/wp\/v2\/product_brand?post=48804"},{"taxonomy":"product_cat","embeddable":true,"href":"https:\/\/antaris.az\/ru\/wp-json\/wp\/v2\/product_cat?post=48804"},{"taxonomy":"product_tag","embeddable":true,"href":"https:\/\/antaris.az\/ru\/wp-json\/wp\/v2\/product_tag?post=48804"}],"curies":[{"name":"wp","href":"https:\/\/api.w.org\/{rel}","templated":true}]}}