{"id":48516,"date":"2020-12-01T14:37:06","date_gmt":"2020-12-01T11:37:06","guid":{"rendered":"http:\/\/www2.antaris.az\/?post_type=product&#038;p=48516"},"modified":"2024-11-26T16:35:09","modified_gmt":"2024-11-26T12:35:09","slug":"d%c9%99st-mk240-wireless-black-chart-reuse-rus-logitech","status":"publish","type":"product","link":"https:\/\/antaris.az\/ru\/m\u0259hsul\/d%c9%99st-mk240-wireless-black-chart-reuse-rus-logitech\/","title":{"rendered":"D\u0259st MK240 Logitech"},"content":{"rendered":"<p>&nbsp;<\/p>\n<p>&nbsp;<\/p>\n<p>&nbsp;<\/p>","protected":false},"excerpt":{"rendered":"<p>D\u0259st: Keyboard + mouse<br \/>\nQo\u015fulma: simsiz<br \/>\nD\u00fcym\u0259 say\u0131: 79<br \/>\n\u00d6l\u00e7\u00fcl\u0259ri (keyboard): 288x139x21 mm<br \/>\n\u00d6l\u00e7\u00fcl\u0259ri (mouse) \u2013 60x100x32 mm<br \/>\nEnerji m\u0259nb\u0259yi (keyboard): 2xAAA<br \/>\nEnerji m\u0259nb\u0259yi (mouse): 2xAAA<br \/>\nistehsal\u00e7\u0131 m\u0259hsul kodu: MK240<br \/>\n\u0130stehsal\u00e7\u0131 sayt\u0131na ke\u00e7id: <a href=\"https:\/\/www.logitech.com\/ru-ru\/product\/wireless-combo-mk240#specification-tabular\">logitech.com<\/a><\/p>","protected":false},"featured_media":48519,"template":"","meta":{"_joinchat":[]},"product_brand":[],"product_cat":[398],"product_tag":[],"class_list":{"0":"post-48516","1":"product","2":"type-product","3":"status-publish","4":"has-post-thumbnail","6":"product_cat-komputer-aksessuarlari","7":"pa_brand-logitech","9":"first","10":"outofstock","11":"shipping-taxable","12":"purchasable","13":"product-type-simple"},"yoast_head":"<!-- This site is optimized with the Yoast SEO plugin v27.4 - https:\/\/yoast.com\/product\/yoast-seo-wordpress\/ -->\n<title>D\u0259st MK240 Logitech - Antaris<\/title>\n<meta name=\"robots\" content=\"index, follow, max-snippet:-1, max-image-preview:large, max-video-preview:-1\" \/>\n<link rel=\"canonical\" href=\"https:\/\/antaris.az\/ru\/m\u0259hsul\/d\u0259st-mk240-wireless-black-chart-reuse-rus-logitech\/\" \/>\n<meta property=\"og:locale\" content=\"ru_RU\" \/>\n<meta property=\"og:type\" content=\"article\" \/>\n<meta property=\"og:title\" content=\"D\u0259st MK240 Logitech - Antaris\" \/>\n<meta property=\"og:description\" content=\"D\u0259st: Keyboard + mouse Qo\u015fulma: simsiz D\u00fcym\u0259 say\u0131: 79 \u00d6l\u00e7\u00fcl\u0259ri (keyboard): 288x139x21 mm \u00d6l\u00e7\u00fcl\u0259ri (mouse) \u2013 60x100x32 mm Enerji m\u0259nb\u0259yi (keyboard): 2xAAA Enerji m\u0259nb\u0259yi (mouse): 2xAAA istehsal\u00e7\u0131 m\u0259hsul kodu: MK240 \u0130stehsal\u00e7\u0131 sayt\u0131na ke\u00e7id: logitech.com\" \/>\n<meta property=\"og:url\" content=\"https:\/\/antaris.az\/ru\/m\u0259hsul\/d\u0259st-mk240-wireless-black-chart-reuse-rus-logitech\/\" \/>\n<meta property=\"og:site_name\" content=\"Antaris\" \/>\n<meta property=\"article:publisher\" content=\"https:\/\/www.facebook.com\/antaris.az\/\" \/>\n<meta property=\"article:modified_time\" content=\"2024-11-26T12:35:09+00:00\" \/>\n<meta property=\"og:image\" content=\"https:\/\/antaris.az\/wp-content\/uploads\/2020\/12\/wireless-combo-mk240-gallery.jpg\" \/>\n\t<meta property=\"og:image:width\" content=\"800\" \/>\n\t<meta property=\"og:image:height\" content=\"800\" \/>\n\t<meta property=\"og:image:type\" content=\"image\/jpeg\" \/>\n<script type=\"application\/ld+json\" class=\"yoast-schema-graph\">{\"@context\":\"https:\\\/\\\/schema.org\",\"@graph\":[{\"@type\":\"WebPage\",\"@id\":\"https:\\\/\\\/antaris.az\\\/m\u0259hsul\\\/d%c9%99st-mk240-wireless-black-chart-reuse-rus-logitech\\\/\",\"url\":\"https:\\\/\\\/antaris.az\\\/m\u0259hsul\\\/d%c9%99st-mk240-wireless-black-chart-reuse-rus-logitech\\\/\",\"name\":\"D\u0259st MK240 Logitech - Antaris\",\"isPartOf\":{\"@id\":\"https:\\\/\\\/antaris.az\\\/#website\"},\"primaryImageOfPage\":{\"@id\":\"https:\\\/\\\/antaris.az\\\/m\u0259hsul\\\/d%c9%99st-mk240-wireless-black-chart-reuse-rus-logitech\\\/#primaryimage\"},\"image\":{\"@id\":\"https:\\\/\\\/antaris.az\\\/m\u0259hsul\\\/d%c9%99st-mk240-wireless-black-chart-reuse-rus-logitech\\\/#primaryimage\"},\"thumbnailUrl\":\"https:\\\/\\\/antaris.az\\\/wp-content\\\/uploads\\\/2020\\\/12\\\/wireless-combo-mk240-gallery.jpg\",\"datePublished\":\"2020-12-01T11:37:06+00:00\",\"dateModified\":\"2024-11-26T12:35:09+00:00\",\"breadcrumb\":{\"@id\":\"https:\\\/\\\/antaris.az\\\/m\u0259hsul\\\/d%c9%99st-mk240-wireless-black-chart-reuse-rus-logitech\\\/#breadcrumb\"},\"inLanguage\":\"ru-RU\",\"potentialAction\":[{\"@type\":\"ReadAction\",\"target\":[\"https:\\\/\\\/antaris.az\\\/m\u0259hsul\\\/d%c9%99st-mk240-wireless-black-chart-reuse-rus-logitech\\\/\"]}]},{\"@type\":\"ImageObject\",\"inLanguage\":\"ru-RU\",\"@id\":\"https:\\\/\\\/antaris.az\\\/m\u0259hsul\\\/d%c9%99st-mk240-wireless-black-chart-reuse-rus-logitech\\\/#primaryimage\",\"url\":\"https:\\\/\\\/antaris.az\\\/wp-content\\\/uploads\\\/2020\\\/12\\\/wireless-combo-mk240-gallery.jpg\",\"contentUrl\":\"https:\\\/\\\/antaris.az\\\/wp-content\\\/uploads\\\/2020\\\/12\\\/wireless-combo-mk240-gallery.jpg\",\"width\":800,\"height\":800},{\"@type\":\"BreadcrumbList\",\"@id\":\"https:\\\/\\\/antaris.az\\\/m\u0259hsul\\\/d%c9%99st-mk240-wireless-black-chart-reuse-rus-logitech\\\/#breadcrumb\",\"itemListElement\":[{\"@type\":\"ListItem\",\"position\":1,\"name\":\"Home\",\"item\":\"https:\\\/\\\/antaris.az\\\/\"},{\"@type\":\"ListItem\",\"position\":2,\"name\":\"Ma\u011faza\",\"item\":\"https:\\\/\\\/antaris.az\\\/ru\\\/shop\\\/\"},{\"@type\":\"ListItem\",\"position\":3,\"name\":\"D\u0259st MK240 Logitech\"}]},{\"@type\":\"WebSite\",\"@id\":\"https:\\\/\\\/antaris.az\\\/#website\",\"url\":\"https:\\\/\\\/antaris.az\\\/\",\"name\":\"Antaris\",\"description\":\"Ofis, ev, m\u0259kt\u0259b \u00fc\u00e7\u00fcn h\u0259r \u015fey\",\"publisher\":{\"@id\":\"https:\\\/\\\/antaris.az\\\/#organization\"},\"potentialAction\":[{\"@type\":\"SearchAction\",\"target\":{\"@type\":\"EntryPoint\",\"urlTemplate\":\"https:\\\/\\\/antaris.az\\\/?s={search_term_string}\"},\"query-input\":{\"@type\":\"PropertyValueSpecification\",\"valueRequired\":true,\"valueName\":\"search_term_string\"}}],\"inLanguage\":\"ru-RU\"},{\"@type\":\"Organization\",\"@id\":\"https:\\\/\\\/antaris.az\\\/#organization\",\"name\":\"Antaris QSC\",\"url\":\"https:\\\/\\\/antaris.az\\\/\",\"logo\":{\"@type\":\"ImageObject\",\"inLanguage\":\"ru-RU\",\"@id\":\"https:\\\/\\\/antaris.az\\\/#\\\/schema\\\/logo\\\/image\\\/\",\"url\":\"https:\\\/\\\/antaris.az\\\/wp-content\\\/uploads\\\/2025\\\/03\\\/Antaris-logo.png\",\"contentUrl\":\"https:\\\/\\\/antaris.az\\\/wp-content\\\/uploads\\\/2025\\\/03\\\/Antaris-logo.png\",\"width\":500,\"height\":500,\"caption\":\"Antaris QSC\"},\"image\":{\"@id\":\"https:\\\/\\\/antaris.az\\\/#\\\/schema\\\/logo\\\/image\\\/\"},\"sameAs\":[\"https:\\\/\\\/www.facebook.com\\\/antaris.az\\\/\",\"https:\\\/\\\/www.instagram.com\\\/antaris.az\\\/\"]}]}<\/script>\n<!-- \/ Yoast SEO plugin. -->","yoast_head_json":{"title":"D\u0259st MK240 Logitech - Antaris","robots":{"index":"index","follow":"follow","max-snippet":"max-snippet:-1","max-image-preview":"max-image-preview:large","max-video-preview":"max-video-preview:-1"},"canonical":"https:\/\/antaris.az\/ru\/m\u0259hsul\/d\u0259st-mk240-wireless-black-chart-reuse-rus-logitech\/","og_locale":"ru_RU","og_type":"article","og_title":"D\u0259st MK240 Logitech - Antaris","og_description":"D\u0259st: Keyboard + mouse Qo\u015fulma: simsiz D\u00fcym\u0259 say\u0131: 79 \u00d6l\u00e7\u00fcl\u0259ri (keyboard): 288x139x21 mm \u00d6l\u00e7\u00fcl\u0259ri (mouse) \u2013 60x100x32 mm Enerji m\u0259nb\u0259yi (keyboard): 2xAAA Enerji m\u0259nb\u0259yi (mouse): 2xAAA istehsal\u00e7\u0131 m\u0259hsul kodu: MK240 \u0130stehsal\u00e7\u0131 sayt\u0131na ke\u00e7id: logitech.com","og_url":"https:\/\/antaris.az\/ru\/m\u0259hsul\/d\u0259st-mk240-wireless-black-chart-reuse-rus-logitech\/","og_site_name":"Antaris","article_publisher":"https:\/\/www.facebook.com\/antaris.az\/","article_modified_time":"2024-11-26T12:35:09+00:00","og_image":[{"width":800,"height":800,"url":"https:\/\/antaris.az\/wp-content\/uploads\/2020\/12\/wireless-combo-mk240-gallery.jpg","type":"image\/jpeg"}],"schema":{"@context":"https:\/\/schema.org","@graph":[{"@type":"WebPage","@id":"https:\/\/antaris.az\/m\u0259hsul\/d%c9%99st-mk240-wireless-black-chart-reuse-rus-logitech\/","url":"https:\/\/antaris.az\/m\u0259hsul\/d%c9%99st-mk240-wireless-black-chart-reuse-rus-logitech\/","name":"D\u0259st MK240 Logitech - Antaris","isPartOf":{"@id":"https:\/\/antaris.az\/#website"},"primaryImageOfPage":{"@id":"https:\/\/antaris.az\/m\u0259hsul\/d%c9%99st-mk240-wireless-black-chart-reuse-rus-logitech\/#primaryimage"},"image":{"@id":"https:\/\/antaris.az\/m\u0259hsul\/d%c9%99st-mk240-wireless-black-chart-reuse-rus-logitech\/#primaryimage"},"thumbnailUrl":"https:\/\/antaris.az\/wp-content\/uploads\/2020\/12\/wireless-combo-mk240-gallery.jpg","datePublished":"2020-12-01T11:37:06+00:00","dateModified":"2024-11-26T12:35:09+00:00","breadcrumb":{"@id":"https:\/\/antaris.az\/m\u0259hsul\/d%c9%99st-mk240-wireless-black-chart-reuse-rus-logitech\/#breadcrumb"},"inLanguage":"ru-RU","potentialAction":[{"@type":"ReadAction","target":["https:\/\/antaris.az\/m\u0259hsul\/d%c9%99st-mk240-wireless-black-chart-reuse-rus-logitech\/"]}]},{"@type":"ImageObject","inLanguage":"ru-RU","@id":"https:\/\/antaris.az\/m\u0259hsul\/d%c9%99st-mk240-wireless-black-chart-reuse-rus-logitech\/#primaryimage","url":"https:\/\/antaris.az\/wp-content\/uploads\/2020\/12\/wireless-combo-mk240-gallery.jpg","contentUrl":"https:\/\/antaris.az\/wp-content\/uploads\/2020\/12\/wireless-combo-mk240-gallery.jpg","width":800,"height":800},{"@type":"BreadcrumbList","@id":"https:\/\/antaris.az\/m\u0259hsul\/d%c9%99st-mk240-wireless-black-chart-reuse-rus-logitech\/#breadcrumb","itemListElement":[{"@type":"ListItem","position":1,"name":"Home","item":"https:\/\/antaris.az\/"},{"@type":"ListItem","position":2,"name":"Ma\u011faza","item":"https:\/\/antaris.az\/ru\/shop\/"},{"@type":"ListItem","position":3,"name":"D\u0259st MK240 Logitech"}]},{"@type":"WebSite","@id":"https:\/\/antaris.az\/#website","url":"https:\/\/antaris.az\/","name":"Antaris","description":"Ofis, ev, m\u0259kt\u0259b \u00fc\u00e7\u00fcn h\u0259r \u015fey","publisher":{"@id":"https:\/\/antaris.az\/#organization"},"potentialAction":[{"@type":"SearchAction","target":{"@type":"EntryPoint","urlTemplate":"https:\/\/antaris.az\/?s={search_term_string}"},"query-input":{"@type":"PropertyValueSpecification","valueRequired":true,"valueName":"search_term_string"}}],"inLanguage":"ru-RU"},{"@type":"Organization","@id":"https:\/\/antaris.az\/#organization","name":"\u0410\u043d\u0442\u0430\u0440\u0438\u0441 \u0417\u0410\u041e","url":"https:\/\/antaris.az\/","logo":{"@type":"ImageObject","inLanguage":"ru-RU","@id":"https:\/\/antaris.az\/#\/schema\/logo\/image\/","url":"https:\/\/antaris.az\/wp-content\/uploads\/2025\/03\/Antaris-logo.png","contentUrl":"https:\/\/antaris.az\/wp-content\/uploads\/2025\/03\/Antaris-logo.png","width":500,"height":500,"caption":"Antaris QSC"},"image":{"@id":"https:\/\/antaris.az\/#\/schema\/logo\/image\/"},"sameAs":["https:\/\/www.facebook.com\/antaris.az\/","https:\/\/www.instagram.com\/antaris.az\/"]}]}},"_links":{"self":[{"href":"https:\/\/antaris.az\/ru\/wp-json\/wp\/v2\/product\/48516","targetHints":{"allow":["GET"]}}],"collection":[{"href":"https:\/\/antaris.az\/ru\/wp-json\/wp\/v2\/product"}],"about":[{"href":"https:\/\/antaris.az\/ru\/wp-json\/wp\/v2\/types\/product"}],"version-history":[{"count":0,"href":"https:\/\/antaris.az\/ru\/wp-json\/wp\/v2\/product\/48516\/revisions"}],"wp:featuredmedia":[{"embeddable":true,"href":"https:\/\/antaris.az\/ru\/wp-json\/wp\/v2\/media\/48519"}],"wp:attachment":[{"href":"https:\/\/antaris.az\/ru\/wp-json\/wp\/v2\/media?parent=48516"}],"wp:term":[{"taxonomy":"product_brand","embeddable":true,"href":"https:\/\/antaris.az\/ru\/wp-json\/wp\/v2\/product_brand?post=48516"},{"taxonomy":"product_cat","embeddable":true,"href":"https:\/\/antaris.az\/ru\/wp-json\/wp\/v2\/product_cat?post=48516"},{"taxonomy":"product_tag","embeddable":true,"href":"https:\/\/antaris.az\/ru\/wp-json\/wp\/v2\/product_tag?post=48516"}],"curies":[{"name":"wp","href":"https:\/\/api.w.org\/{rel}","templated":true}]}}