{"id":48346,"date":"2020-11-26T15:37:09","date_gmt":"2020-11-26T12:37:09","guid":{"rendered":"http:\/\/www2.antaris.az\/?post_type=product&#038;p=48346"},"modified":"2024-11-26T16:35:14","modified_gmt":"2024-11-26T12:35:14","slug":"printer-i-sensys-mf3010-canon","status":"publish","type":"product","link":"https:\/\/antaris.az\/ru\/m\u0259hsul\/printer-i-sensys-mf3010-canon\/","title":{"rendered":"Printer MF3010 i-SENSYS Canon"},"content":{"rendered":"<p><strong><br \/>\n<\/strong>\u00a0 \u00a0 \u00a0 \u00a0 \u00a0 \u00a0 \u00a0 \u00a0 \u00a0 \u00a0 \u00a0 \u00a0 \u00a0 \u00a0 \u00a0 \u00a0 \u00a0 \u00a0 \u00a0 \u00a0 \u00a0 \u00a0 \u00a0 \u00a0 \u00a0 \u00a0 \u00a0<strong><br \/>\n<\/strong><\/p>\n<p>&nbsp;<\/p>","protected":false},"excerpt":{"rendered":"<p>Cihaz: MFP<br \/>\n\u00c7ap n\u00f6v\u00fc: Qara<br \/>\n\u00c7ap texnologiyas\u0131: Laser<br \/>\n\u00c7ap format\u0131: \u04104<br \/>\nMaksimal ayl\u0131q y\u00fckl\u0259m\u0259: 8000 p<br \/>\nA\u011f-qara \u00e7ap\u0131n s\u00fcr\u0259ti: 18 ppm<br \/>\nKartric\/toner n\u00f6v\u00fc: Canon 725<br \/>\n\u0130nterfeysl\u0259r: USB(B)<br \/>\n\u0130stehsal\u00e7\u0131 m\u0259hsul kodu: MF3010<br \/>\n\u0130stehsal\u00e7\u0131n\u0131n sayt\u0131na ke\u00e7id: <a href=\"https:\/\/www.canon.ru\/for_home\/product_finder\/multifunctionals\/laser\/i-sensys_mf3010\/specification.html\">canon.ru<\/a><\/p>\n<p>&nbsp;<\/p>\n<p>&nbsp;<\/p>","protected":false},"featured_media":48347,"template":"","meta":{"_joinchat":[]},"product_brand":[],"product_cat":[396],"product_tag":[],"class_list":{"0":"post-48346","1":"product","2":"type-product","3":"status-publish","4":"has-post-thumbnail","6":"product_cat-printerler","7":"pa_brand-canon","9":"first","10":"outofstock","11":"shipping-taxable","12":"purchasable","13":"product-type-simple"},"yoast_head":"<!-- This site is optimized with the Yoast SEO plugin v27.3 - https:\/\/yoast.com\/product\/yoast-seo-wordpress\/ -->\n<title>Printer MF3010 i-SENSYS Canon - Antaris<\/title>\n<meta name=\"robots\" content=\"index, follow, max-snippet:-1, max-image-preview:large, max-video-preview:-1\" \/>\n<link rel=\"canonical\" href=\"https:\/\/antaris.az\/ru\/m\u0259hsul\/printer-i-sensys-mf3010-canon\/\" \/>\n<meta property=\"og:locale\" content=\"ru_RU\" \/>\n<meta property=\"og:type\" content=\"article\" \/>\n<meta property=\"og:title\" content=\"Printer MF3010 i-SENSYS Canon - Antaris\" \/>\n<meta property=\"og:description\" content=\"Cihaz: MFP \u00c7ap n\u00f6v\u00fc: Qara \u00c7ap texnologiyas\u0131: Laser \u00c7ap format\u0131: \u04104 Maksimal ayl\u0131q y\u00fckl\u0259m\u0259: 8000 p A\u011f-qara \u00e7ap\u0131n s\u00fcr\u0259ti: 18 ppm Kartric\/toner n\u00f6v\u00fc: Canon 725 \u0130nterfeysl\u0259r: USB(B) \u0130stehsal\u00e7\u0131 m\u0259hsul kodu: MF3010 \u0130stehsal\u00e7\u0131n\u0131n sayt\u0131na ke\u00e7id: canon.ru  &nbsp;  &nbsp;\" \/>\n<meta property=\"og:url\" content=\"https:\/\/antaris.az\/ru\/m\u0259hsul\/printer-i-sensys-mf3010-canon\/\" \/>\n<meta property=\"og:site_name\" content=\"Antaris\" \/>\n<meta property=\"article:publisher\" content=\"https:\/\/www.facebook.com\/antaris.az\/\" \/>\n<meta property=\"article:modified_time\" content=\"2024-11-26T12:35:14+00:00\" \/>\n<meta property=\"og:image\" content=\"https:\/\/antaris.az\/wp-content\/uploads\/2020\/11\/Canon-i-SENSYS-MF3010-01.jpg\" \/>\n\t<meta property=\"og:image:width\" content=\"800\" \/>\n\t<meta property=\"og:image:height\" content=\"800\" \/>\n\t<meta property=\"og:image:type\" content=\"image\/jpeg\" \/>\n<script type=\"application\/ld+json\" class=\"yoast-schema-graph\">{\"@context\":\"https:\\\/\\\/schema.org\",\"@graph\":[{\"@type\":\"WebPage\",\"@id\":\"https:\\\/\\\/antaris.az\\\/m\u0259hsul\\\/printer-i-sensys-mf3010-canon\\\/\",\"url\":\"https:\\\/\\\/antaris.az\\\/m\u0259hsul\\\/printer-i-sensys-mf3010-canon\\\/\",\"name\":\"Printer MF3010 i-SENSYS Canon - Antaris\",\"isPartOf\":{\"@id\":\"https:\\\/\\\/antaris.az\\\/#website\"},\"primaryImageOfPage\":{\"@id\":\"https:\\\/\\\/antaris.az\\\/m\u0259hsul\\\/printer-i-sensys-mf3010-canon\\\/#primaryimage\"},\"image\":{\"@id\":\"https:\\\/\\\/antaris.az\\\/m\u0259hsul\\\/printer-i-sensys-mf3010-canon\\\/#primaryimage\"},\"thumbnailUrl\":\"https:\\\/\\\/antaris.az\\\/wp-content\\\/uploads\\\/2020\\\/11\\\/Canon-i-SENSYS-MF3010-01.jpg\",\"datePublished\":\"2020-11-26T12:37:09+00:00\",\"dateModified\":\"2024-11-26T12:35:14+00:00\",\"breadcrumb\":{\"@id\":\"https:\\\/\\\/antaris.az\\\/m\u0259hsul\\\/printer-i-sensys-mf3010-canon\\\/#breadcrumb\"},\"inLanguage\":\"ru-RU\",\"potentialAction\":[{\"@type\":\"ReadAction\",\"target\":[\"https:\\\/\\\/antaris.az\\\/m\u0259hsul\\\/printer-i-sensys-mf3010-canon\\\/\"]}]},{\"@type\":\"ImageObject\",\"inLanguage\":\"ru-RU\",\"@id\":\"https:\\\/\\\/antaris.az\\\/m\u0259hsul\\\/printer-i-sensys-mf3010-canon\\\/#primaryimage\",\"url\":\"https:\\\/\\\/antaris.az\\\/wp-content\\\/uploads\\\/2020\\\/11\\\/Canon-i-SENSYS-MF3010-01.jpg\",\"contentUrl\":\"https:\\\/\\\/antaris.az\\\/wp-content\\\/uploads\\\/2020\\\/11\\\/Canon-i-SENSYS-MF3010-01.jpg\",\"width\":800,\"height\":800},{\"@type\":\"BreadcrumbList\",\"@id\":\"https:\\\/\\\/antaris.az\\\/m\u0259hsul\\\/printer-i-sensys-mf3010-canon\\\/#breadcrumb\",\"itemListElement\":[{\"@type\":\"ListItem\",\"position\":1,\"name\":\"Home\",\"item\":\"https:\\\/\\\/antaris.az\\\/\"},{\"@type\":\"ListItem\",\"position\":2,\"name\":\"Ma\u011faza\",\"item\":\"https:\\\/\\\/antaris.az\\\/ru\\\/shop\\\/\"},{\"@type\":\"ListItem\",\"position\":3,\"name\":\"Printer MF3010 i-SENSYS Canon\"}]},{\"@type\":\"WebSite\",\"@id\":\"https:\\\/\\\/antaris.az\\\/#website\",\"url\":\"https:\\\/\\\/antaris.az\\\/\",\"name\":\"Antaris\",\"description\":\"Ofis, ev, m\u0259kt\u0259b \u00fc\u00e7\u00fcn h\u0259r \u015fey\",\"publisher\":{\"@id\":\"https:\\\/\\\/antaris.az\\\/#organization\"},\"potentialAction\":[{\"@type\":\"SearchAction\",\"target\":{\"@type\":\"EntryPoint\",\"urlTemplate\":\"https:\\\/\\\/antaris.az\\\/?s={search_term_string}\"},\"query-input\":{\"@type\":\"PropertyValueSpecification\",\"valueRequired\":true,\"valueName\":\"search_term_string\"}}],\"inLanguage\":\"ru-RU\"},{\"@type\":\"Organization\",\"@id\":\"https:\\\/\\\/antaris.az\\\/#organization\",\"name\":\"Antaris QSC\",\"url\":\"https:\\\/\\\/antaris.az\\\/\",\"logo\":{\"@type\":\"ImageObject\",\"inLanguage\":\"ru-RU\",\"@id\":\"https:\\\/\\\/antaris.az\\\/#\\\/schema\\\/logo\\\/image\\\/\",\"url\":\"https:\\\/\\\/antaris.az\\\/wp-content\\\/uploads\\\/2025\\\/03\\\/Antaris-logo.png\",\"contentUrl\":\"https:\\\/\\\/antaris.az\\\/wp-content\\\/uploads\\\/2025\\\/03\\\/Antaris-logo.png\",\"width\":500,\"height\":500,\"caption\":\"Antaris QSC\"},\"image\":{\"@id\":\"https:\\\/\\\/antaris.az\\\/#\\\/schema\\\/logo\\\/image\\\/\"},\"sameAs\":[\"https:\\\/\\\/www.facebook.com\\\/antaris.az\\\/\",\"https:\\\/\\\/www.instagram.com\\\/antaris.az\\\/\"]}]}<\/script>\n<!-- \/ Yoast SEO plugin. -->","yoast_head_json":{"title":"Printer MF3010 i-SENSYS Canon - Antaris","robots":{"index":"index","follow":"follow","max-snippet":"max-snippet:-1","max-image-preview":"max-image-preview:large","max-video-preview":"max-video-preview:-1"},"canonical":"https:\/\/antaris.az\/ru\/m\u0259hsul\/printer-i-sensys-mf3010-canon\/","og_locale":"ru_RU","og_type":"article","og_title":"Printer MF3010 i-SENSYS Canon - Antaris","og_description":"Cihaz: MFP \u00c7ap n\u00f6v\u00fc: Qara \u00c7ap texnologiyas\u0131: Laser \u00c7ap format\u0131: \u04104 Maksimal ayl\u0131q y\u00fckl\u0259m\u0259: 8000 p A\u011f-qara \u00e7ap\u0131n s\u00fcr\u0259ti: 18 ppm Kartric\/toner n\u00f6v\u00fc: Canon 725 \u0130nterfeysl\u0259r: USB(B) \u0130stehsal\u00e7\u0131 m\u0259hsul kodu: MF3010 \u0130stehsal\u00e7\u0131n\u0131n sayt\u0131na ke\u00e7id: canon.ru  &nbsp;  &nbsp;","og_url":"https:\/\/antaris.az\/ru\/m\u0259hsul\/printer-i-sensys-mf3010-canon\/","og_site_name":"Antaris","article_publisher":"https:\/\/www.facebook.com\/antaris.az\/","article_modified_time":"2024-11-26T12:35:14+00:00","og_image":[{"width":800,"height":800,"url":"https:\/\/antaris.az\/wp-content\/uploads\/2020\/11\/Canon-i-SENSYS-MF3010-01.jpg","type":"image\/jpeg"}],"schema":{"@context":"https:\/\/schema.org","@graph":[{"@type":"WebPage","@id":"https:\/\/antaris.az\/m\u0259hsul\/printer-i-sensys-mf3010-canon\/","url":"https:\/\/antaris.az\/m\u0259hsul\/printer-i-sensys-mf3010-canon\/","name":"Printer MF3010 i-SENSYS Canon - Antaris","isPartOf":{"@id":"https:\/\/antaris.az\/#website"},"primaryImageOfPage":{"@id":"https:\/\/antaris.az\/m\u0259hsul\/printer-i-sensys-mf3010-canon\/#primaryimage"},"image":{"@id":"https:\/\/antaris.az\/m\u0259hsul\/printer-i-sensys-mf3010-canon\/#primaryimage"},"thumbnailUrl":"https:\/\/antaris.az\/wp-content\/uploads\/2020\/11\/Canon-i-SENSYS-MF3010-01.jpg","datePublished":"2020-11-26T12:37:09+00:00","dateModified":"2024-11-26T12:35:14+00:00","breadcrumb":{"@id":"https:\/\/antaris.az\/m\u0259hsul\/printer-i-sensys-mf3010-canon\/#breadcrumb"},"inLanguage":"ru-RU","potentialAction":[{"@type":"ReadAction","target":["https:\/\/antaris.az\/m\u0259hsul\/printer-i-sensys-mf3010-canon\/"]}]},{"@type":"ImageObject","inLanguage":"ru-RU","@id":"https:\/\/antaris.az\/m\u0259hsul\/printer-i-sensys-mf3010-canon\/#primaryimage","url":"https:\/\/antaris.az\/wp-content\/uploads\/2020\/11\/Canon-i-SENSYS-MF3010-01.jpg","contentUrl":"https:\/\/antaris.az\/wp-content\/uploads\/2020\/11\/Canon-i-SENSYS-MF3010-01.jpg","width":800,"height":800},{"@type":"BreadcrumbList","@id":"https:\/\/antaris.az\/m\u0259hsul\/printer-i-sensys-mf3010-canon\/#breadcrumb","itemListElement":[{"@type":"ListItem","position":1,"name":"Home","item":"https:\/\/antaris.az\/"},{"@type":"ListItem","position":2,"name":"Ma\u011faza","item":"https:\/\/antaris.az\/ru\/shop\/"},{"@type":"ListItem","position":3,"name":"Printer MF3010 i-SENSYS Canon"}]},{"@type":"WebSite","@id":"https:\/\/antaris.az\/#website","url":"https:\/\/antaris.az\/","name":"Antaris","description":"Ofis, ev, m\u0259kt\u0259b \u00fc\u00e7\u00fcn h\u0259r \u015fey","publisher":{"@id":"https:\/\/antaris.az\/#organization"},"potentialAction":[{"@type":"SearchAction","target":{"@type":"EntryPoint","urlTemplate":"https:\/\/antaris.az\/?s={search_term_string}"},"query-input":{"@type":"PropertyValueSpecification","valueRequired":true,"valueName":"search_term_string"}}],"inLanguage":"ru-RU"},{"@type":"Organization","@id":"https:\/\/antaris.az\/#organization","name":"\u0410\u043d\u0442\u0430\u0440\u0438\u0441 \u0417\u0410\u041e","url":"https:\/\/antaris.az\/","logo":{"@type":"ImageObject","inLanguage":"ru-RU","@id":"https:\/\/antaris.az\/#\/schema\/logo\/image\/","url":"https:\/\/antaris.az\/wp-content\/uploads\/2025\/03\/Antaris-logo.png","contentUrl":"https:\/\/antaris.az\/wp-content\/uploads\/2025\/03\/Antaris-logo.png","width":500,"height":500,"caption":"Antaris QSC"},"image":{"@id":"https:\/\/antaris.az\/#\/schema\/logo\/image\/"},"sameAs":["https:\/\/www.facebook.com\/antaris.az\/","https:\/\/www.instagram.com\/antaris.az\/"]}]}},"_links":{"self":[{"href":"https:\/\/antaris.az\/ru\/wp-json\/wp\/v2\/product\/48346","targetHints":{"allow":["GET"]}}],"collection":[{"href":"https:\/\/antaris.az\/ru\/wp-json\/wp\/v2\/product"}],"about":[{"href":"https:\/\/antaris.az\/ru\/wp-json\/wp\/v2\/types\/product"}],"version-history":[{"count":0,"href":"https:\/\/antaris.az\/ru\/wp-json\/wp\/v2\/product\/48346\/revisions"}],"wp:featuredmedia":[{"embeddable":true,"href":"https:\/\/antaris.az\/ru\/wp-json\/wp\/v2\/media\/48347"}],"wp:attachment":[{"href":"https:\/\/antaris.az\/ru\/wp-json\/wp\/v2\/media?parent=48346"}],"wp:term":[{"taxonomy":"product_brand","embeddable":true,"href":"https:\/\/antaris.az\/ru\/wp-json\/wp\/v2\/product_brand?post=48346"},{"taxonomy":"product_cat","embeddable":true,"href":"https:\/\/antaris.az\/ru\/wp-json\/wp\/v2\/product_cat?post=48346"},{"taxonomy":"product_tag","embeddable":true,"href":"https:\/\/antaris.az\/ru\/wp-json\/wp\/v2\/product_tag?post=48346"}],"curies":[{"name":"wp","href":"https:\/\/api.w.org\/{rel}","templated":true}]}}