{"id":38382,"date":"2020-10-02T18:06:11","date_gmt":"2020-10-02T15:06:11","guid":{"rendered":"http:\/\/www2.antaris.az\/?post_type=product&#038;p=38382"},"modified":"2024-11-26T16:39:19","modified_gmt":"2024-11-26T12:39:19","slug":"bayraq-az%c9%99rbaycan-75x150sm-sad%c9%99","status":"publish","type":"product","link":"https:\/\/antaris.az\/ru\/m\u0259hsul\/bayraq-az%c9%99rbaycan-75x150sm-sad%c9%99\/","title":{"rendered":"Bayraq Az\u0259rbaycan 75x150sm sad\u0259"},"content":{"rendered":"<div class=\"gmail_default\">\n<p id=\"tw-target-text\" class=\"tw-data-text tw-text-large XcVN5d tw-ta\" data-placeholder=\"\u041f\u0435\u0440\u0435\u0432\u043e\u0434\"><span lang=\"az\">Az\u0259rbaycan Respublikas\u0131n\u0131n bayra\u011f\u0131 Az\u0259rbaycan\u0131n d\u00f6vl\u0259t orqanlar\u0131, Az\u0259rbaycan\u0131n xaricd\u0259ki diplomatik v\u0259 dig\u0259r r\u0259smi n\u00fcmay\u0259nd\u0259likl\u0259ri, h\u0259rbi hiss\u0259l\u0259r, Az\u0259rbaycan adi v\u0131 h\u0259rbi g\u0259mil\u0259rind\u0259, el\u0259c\u0259 d\u0259 t\u0259nt\u0259n\u0259li v\u0259 bayram t\u0259dbirl\u0259rind\u0259 i\u015ftirak ed\u0259n v\u0259t\u0259nda\u015flar t\u0259r\u0259find\u0259n istifad\u0259 olunur.\u00a0<\/span><\/p>\n<pre class=\"tw-data-text tw-text-large XcVN5d tw-ta\" data-placeholder=\"\u041f\u0435\u0440\u0435\u0432\u043e\u0434\"><\/pre>\n<\/div>\n<div class=\"gmail_default\"><\/div>","protected":false},"excerpt":{"rendered":"<div class=\"gmail_default\"><span style=\"font-family: verdana, sans-serif;\">Ol\u00e7\u00fcl\u0259ri: 75x150sm<\/span><\/div>\n<div class=\"gmail_default\"><span style=\"font-family: verdana, sans-serif;\">Material: S<span lang=\"az\">intetik<\/span><\/span><\/div>\n<div class=\"gmail_default\"><span style=\"font-family: verdana, sans-serif;\"><span lang=\"az\">\u00c7ap: Birt\u0259r\u0259fli<br \/>\n\u0130stehsal \u00f6lk\u0259si: Az\u0259rbaycan<br \/>\n<\/span><\/span><span style=\"font-family: verdana, sans-serif;\"><span lang=\"az\">Bayraq dir\u0259yi daxil deyil<\/span><\/span><\/div>\n<pre id=\"tw-target-text\" class=\"tw-data-text tw-text-large XcVN5d tw-ta\" data-placeholder=\"\u041f\u0435\u0440\u0435\u0432\u043e\u0434\"><\/pre>","protected":false},"featured_media":65141,"template":"","meta":{"_joinchat":[]},"product_brand":[],"product_cat":[424],"product_tag":[773,776,779,769],"class_list":{"0":"post-38382","1":"product","2":"type-product","3":"status-publish","4":"has-post-thumbnail","6":"product_cat-suvenir","7":"product_tag-azrbaycan","8":"product_tag-azrbaycan-bayragi","9":"product_tag-azrbaycanin-bayragi","10":"product_tag-bayraq","12":"first","13":"outofstock","14":"sale","15":"shipping-taxable","16":"purchasable","17":"product-type-simple"},"yoast_head":"<!-- This site is optimized with the Yoast SEO plugin v27.3 - https:\/\/yoast.com\/product\/yoast-seo-wordpress\/ -->\n<title>Bayraq Az\u0259rbaycan almaq Bak\u0131da - Antaris<\/title>\n<meta name=\"description\" content=\"Bayraq Az\u0259rbaycan almaq Bak\u0131da - Ol\u00e7\u00fcl\u0259ri: 75x150sm Material: Sintetik \u00c7ap: Birt\u0259r\u0259fli \u0130stehsal \u00f6lk\u0259si: Az\u0259rbaycan Bayraq dir\u0259yi daxil deyil\" \/>\n<meta name=\"robots\" content=\"index, follow, max-snippet:-1, max-image-preview:large, max-video-preview:-1\" \/>\n<link rel=\"canonical\" href=\"https:\/\/antaris.az\/ru\/m\u0259hsul\/bayraq-az\u0259rbaycan-75x150sm-sad\u0259\/\" \/>\n<meta property=\"og:locale\" content=\"ru_RU\" \/>\n<meta property=\"og:type\" content=\"article\" \/>\n<meta property=\"og:title\" content=\"Bayraq Az\u0259rbaycan almaq Bak\u0131da - Antaris\" \/>\n<meta property=\"og:description\" content=\"Bayraq Az\u0259rbaycan almaq Bak\u0131da - Ol\u00e7\u00fcl\u0259ri: 75x150sm Material: Sintetik \u00c7ap: Birt\u0259r\u0259fli \u0130stehsal \u00f6lk\u0259si: Az\u0259rbaycan Bayraq dir\u0259yi daxil deyil\" \/>\n<meta property=\"og:url\" content=\"https:\/\/antaris.az\/ru\/m\u0259hsul\/bayraq-az\u0259rbaycan-75x150sm-sad\u0259\/\" \/>\n<meta property=\"og:site_name\" content=\"Antaris\" \/>\n<meta property=\"article:publisher\" content=\"https:\/\/www.facebook.com\/antaris.az\/\" \/>\n<meta property=\"article:modified_time\" content=\"2024-11-26T12:39:19+00:00\" \/>\n<meta property=\"og:image\" content=\"https:\/\/antaris.az\/wp-content\/uploads\/2020\/10\/Azerbaijan-B.webp\" \/>\n\t<meta property=\"og:image:width\" content=\"800\" \/>\n\t<meta property=\"og:image:height\" content=\"800\" \/>\n\t<meta property=\"og:image:type\" content=\"image\/webp\" \/>\n<script type=\"application\/ld+json\" class=\"yoast-schema-graph\">{\"@context\":\"https:\\\/\\\/schema.org\",\"@graph\":[{\"@type\":\"WebPage\",\"@id\":\"https:\\\/\\\/antaris.az\\\/m\u0259hsul\\\/bayraq-az%c9%99rbaycan-75x150sm-sad%c9%99\\\/\",\"url\":\"https:\\\/\\\/antaris.az\\\/m\u0259hsul\\\/bayraq-az%c9%99rbaycan-75x150sm-sad%c9%99\\\/\",\"name\":\"Bayraq Az\u0259rbaycan almaq Bak\u0131da - Antaris\",\"isPartOf\":{\"@id\":\"https:\\\/\\\/antaris.az\\\/#website\"},\"primaryImageOfPage\":{\"@id\":\"https:\\\/\\\/antaris.az\\\/m\u0259hsul\\\/bayraq-az%c9%99rbaycan-75x150sm-sad%c9%99\\\/#primaryimage\"},\"image\":{\"@id\":\"https:\\\/\\\/antaris.az\\\/m\u0259hsul\\\/bayraq-az%c9%99rbaycan-75x150sm-sad%c9%99\\\/#primaryimage\"},\"thumbnailUrl\":\"https:\\\/\\\/antaris.az\\\/wp-content\\\/uploads\\\/2020\\\/10\\\/Azerbaijan-B.webp\",\"datePublished\":\"2020-10-02T15:06:11+00:00\",\"dateModified\":\"2024-11-26T12:39:19+00:00\",\"description\":\"Bayraq Az\u0259rbaycan almaq Bak\u0131da - Ol\u00e7\u00fcl\u0259ri: 75x150sm Material: Sintetik \u00c7ap: Birt\u0259r\u0259fli \u0130stehsal \u00f6lk\u0259si: Az\u0259rbaycan Bayraq dir\u0259yi daxil deyil\",\"breadcrumb\":{\"@id\":\"https:\\\/\\\/antaris.az\\\/m\u0259hsul\\\/bayraq-az%c9%99rbaycan-75x150sm-sad%c9%99\\\/#breadcrumb\"},\"inLanguage\":\"ru-RU\",\"potentialAction\":[{\"@type\":\"ReadAction\",\"target\":[\"https:\\\/\\\/antaris.az\\\/m\u0259hsul\\\/bayraq-az%c9%99rbaycan-75x150sm-sad%c9%99\\\/\"]}]},{\"@type\":\"ImageObject\",\"inLanguage\":\"ru-RU\",\"@id\":\"https:\\\/\\\/antaris.az\\\/m\u0259hsul\\\/bayraq-az%c9%99rbaycan-75x150sm-sad%c9%99\\\/#primaryimage\",\"url\":\"https:\\\/\\\/antaris.az\\\/wp-content\\\/uploads\\\/2020\\\/10\\\/Azerbaijan-B.webp\",\"contentUrl\":\"https:\\\/\\\/antaris.az\\\/wp-content\\\/uploads\\\/2020\\\/10\\\/Azerbaijan-B.webp\",\"width\":800,\"height\":800,\"caption\":\"bayraq\"},{\"@type\":\"BreadcrumbList\",\"@id\":\"https:\\\/\\\/antaris.az\\\/m\u0259hsul\\\/bayraq-az%c9%99rbaycan-75x150sm-sad%c9%99\\\/#breadcrumb\",\"itemListElement\":[{\"@type\":\"ListItem\",\"position\":1,\"name\":\"Home\",\"item\":\"https:\\\/\\\/antaris.az\\\/\"},{\"@type\":\"ListItem\",\"position\":2,\"name\":\"Ma\u011faza\",\"item\":\"https:\\\/\\\/antaris.az\\\/ru\\\/shop\\\/\"},{\"@type\":\"ListItem\",\"position\":3,\"name\":\"Bayraq Az\u0259rbaycan 75x150sm sad\u0259\"}]},{\"@type\":\"WebSite\",\"@id\":\"https:\\\/\\\/antaris.az\\\/#website\",\"url\":\"https:\\\/\\\/antaris.az\\\/\",\"name\":\"Antaris\",\"description\":\"Ofis, ev, m\u0259kt\u0259b \u00fc\u00e7\u00fcn h\u0259r \u015fey\",\"publisher\":{\"@id\":\"https:\\\/\\\/antaris.az\\\/#organization\"},\"potentialAction\":[{\"@type\":\"SearchAction\",\"target\":{\"@type\":\"EntryPoint\",\"urlTemplate\":\"https:\\\/\\\/antaris.az\\\/?s={search_term_string}\"},\"query-input\":{\"@type\":\"PropertyValueSpecification\",\"valueRequired\":true,\"valueName\":\"search_term_string\"}}],\"inLanguage\":\"ru-RU\"},{\"@type\":\"Organization\",\"@id\":\"https:\\\/\\\/antaris.az\\\/#organization\",\"name\":\"Antaris QSC\",\"url\":\"https:\\\/\\\/antaris.az\\\/\",\"logo\":{\"@type\":\"ImageObject\",\"inLanguage\":\"ru-RU\",\"@id\":\"https:\\\/\\\/antaris.az\\\/#\\\/schema\\\/logo\\\/image\\\/\",\"url\":\"https:\\\/\\\/antaris.az\\\/wp-content\\\/uploads\\\/2025\\\/03\\\/Antaris-logo.png\",\"contentUrl\":\"https:\\\/\\\/antaris.az\\\/wp-content\\\/uploads\\\/2025\\\/03\\\/Antaris-logo.png\",\"width\":500,\"height\":500,\"caption\":\"Antaris QSC\"},\"image\":{\"@id\":\"https:\\\/\\\/antaris.az\\\/#\\\/schema\\\/logo\\\/image\\\/\"},\"sameAs\":[\"https:\\\/\\\/www.facebook.com\\\/antaris.az\\\/\",\"https:\\\/\\\/www.instagram.com\\\/antaris.az\\\/\"]}]}<\/script>\n<!-- \/ Yoast SEO plugin. -->","yoast_head_json":{"title":"Bayraq Az\u0259rbaycan almaq Bak\u0131da - Antaris","description":"Bayraq Az\u0259rbaycan almaq Bak\u0131da - Ol\u00e7\u00fcl\u0259ri: 75x150sm Material: Sintetik \u00c7ap: Birt\u0259r\u0259fli \u0130stehsal \u00f6lk\u0259si: Az\u0259rbaycan Bayraq dir\u0259yi daxil deyil","robots":{"index":"index","follow":"follow","max-snippet":"max-snippet:-1","max-image-preview":"max-image-preview:large","max-video-preview":"max-video-preview:-1"},"canonical":"https:\/\/antaris.az\/ru\/m\u0259hsul\/bayraq-az\u0259rbaycan-75x150sm-sad\u0259\/","og_locale":"ru_RU","og_type":"article","og_title":"Bayraq Az\u0259rbaycan almaq Bak\u0131da - Antaris","og_description":"Bayraq Az\u0259rbaycan almaq Bak\u0131da - Ol\u00e7\u00fcl\u0259ri: 75x150sm Material: Sintetik \u00c7ap: Birt\u0259r\u0259fli \u0130stehsal \u00f6lk\u0259si: Az\u0259rbaycan Bayraq dir\u0259yi daxil deyil","og_url":"https:\/\/antaris.az\/ru\/m\u0259hsul\/bayraq-az\u0259rbaycan-75x150sm-sad\u0259\/","og_site_name":"Antaris","article_publisher":"https:\/\/www.facebook.com\/antaris.az\/","article_modified_time":"2024-11-26T12:39:19+00:00","og_image":[{"width":800,"height":800,"url":"https:\/\/antaris.az\/wp-content\/uploads\/2020\/10\/Azerbaijan-B.webp","type":"image\/webp"}],"schema":{"@context":"https:\/\/schema.org","@graph":[{"@type":"WebPage","@id":"https:\/\/antaris.az\/m\u0259hsul\/bayraq-az%c9%99rbaycan-75x150sm-sad%c9%99\/","url":"https:\/\/antaris.az\/m\u0259hsul\/bayraq-az%c9%99rbaycan-75x150sm-sad%c9%99\/","name":"Bayraq Az\u0259rbaycan almaq Bak\u0131da - Antaris","isPartOf":{"@id":"https:\/\/antaris.az\/#website"},"primaryImageOfPage":{"@id":"https:\/\/antaris.az\/m\u0259hsul\/bayraq-az%c9%99rbaycan-75x150sm-sad%c9%99\/#primaryimage"},"image":{"@id":"https:\/\/antaris.az\/m\u0259hsul\/bayraq-az%c9%99rbaycan-75x150sm-sad%c9%99\/#primaryimage"},"thumbnailUrl":"https:\/\/antaris.az\/wp-content\/uploads\/2020\/10\/Azerbaijan-B.webp","datePublished":"2020-10-02T15:06:11+00:00","dateModified":"2024-11-26T12:39:19+00:00","description":"Bayraq Az\u0259rbaycan almaq Bak\u0131da - Ol\u00e7\u00fcl\u0259ri: 75x150sm Material: Sintetik \u00c7ap: Birt\u0259r\u0259fli \u0130stehsal \u00f6lk\u0259si: Az\u0259rbaycan Bayraq dir\u0259yi daxil deyil","breadcrumb":{"@id":"https:\/\/antaris.az\/m\u0259hsul\/bayraq-az%c9%99rbaycan-75x150sm-sad%c9%99\/#breadcrumb"},"inLanguage":"ru-RU","potentialAction":[{"@type":"ReadAction","target":["https:\/\/antaris.az\/m\u0259hsul\/bayraq-az%c9%99rbaycan-75x150sm-sad%c9%99\/"]}]},{"@type":"ImageObject","inLanguage":"ru-RU","@id":"https:\/\/antaris.az\/m\u0259hsul\/bayraq-az%c9%99rbaycan-75x150sm-sad%c9%99\/#primaryimage","url":"https:\/\/antaris.az\/wp-content\/uploads\/2020\/10\/Azerbaijan-B.webp","contentUrl":"https:\/\/antaris.az\/wp-content\/uploads\/2020\/10\/Azerbaijan-B.webp","width":800,"height":800,"caption":"bayraq"},{"@type":"BreadcrumbList","@id":"https:\/\/antaris.az\/m\u0259hsul\/bayraq-az%c9%99rbaycan-75x150sm-sad%c9%99\/#breadcrumb","itemListElement":[{"@type":"ListItem","position":1,"name":"Home","item":"https:\/\/antaris.az\/"},{"@type":"ListItem","position":2,"name":"Ma\u011faza","item":"https:\/\/antaris.az\/ru\/shop\/"},{"@type":"ListItem","position":3,"name":"Bayraq Az\u0259rbaycan 75x150sm sad\u0259"}]},{"@type":"WebSite","@id":"https:\/\/antaris.az\/#website","url":"https:\/\/antaris.az\/","name":"Antaris","description":"Ofis, ev, m\u0259kt\u0259b \u00fc\u00e7\u00fcn h\u0259r \u015fey","publisher":{"@id":"https:\/\/antaris.az\/#organization"},"potentialAction":[{"@type":"SearchAction","target":{"@type":"EntryPoint","urlTemplate":"https:\/\/antaris.az\/?s={search_term_string}"},"query-input":{"@type":"PropertyValueSpecification","valueRequired":true,"valueName":"search_term_string"}}],"inLanguage":"ru-RU"},{"@type":"Organization","@id":"https:\/\/antaris.az\/#organization","name":"\u0410\u043d\u0442\u0430\u0440\u0438\u0441 \u0417\u0410\u041e","url":"https:\/\/antaris.az\/","logo":{"@type":"ImageObject","inLanguage":"ru-RU","@id":"https:\/\/antaris.az\/#\/schema\/logo\/image\/","url":"https:\/\/antaris.az\/wp-content\/uploads\/2025\/03\/Antaris-logo.png","contentUrl":"https:\/\/antaris.az\/wp-content\/uploads\/2025\/03\/Antaris-logo.png","width":500,"height":500,"caption":"Antaris QSC"},"image":{"@id":"https:\/\/antaris.az\/#\/schema\/logo\/image\/"},"sameAs":["https:\/\/www.facebook.com\/antaris.az\/","https:\/\/www.instagram.com\/antaris.az\/"]}]}},"_links":{"self":[{"href":"https:\/\/antaris.az\/ru\/wp-json\/wp\/v2\/product\/38382","targetHints":{"allow":["GET"]}}],"collection":[{"href":"https:\/\/antaris.az\/ru\/wp-json\/wp\/v2\/product"}],"about":[{"href":"https:\/\/antaris.az\/ru\/wp-json\/wp\/v2\/types\/product"}],"version-history":[{"count":0,"href":"https:\/\/antaris.az\/ru\/wp-json\/wp\/v2\/product\/38382\/revisions"}],"wp:featuredmedia":[{"embeddable":true,"href":"https:\/\/antaris.az\/ru\/wp-json\/wp\/v2\/media\/65141"}],"wp:attachment":[{"href":"https:\/\/antaris.az\/ru\/wp-json\/wp\/v2\/media?parent=38382"}],"wp:term":[{"taxonomy":"product_brand","embeddable":true,"href":"https:\/\/antaris.az\/ru\/wp-json\/wp\/v2\/product_brand?post=38382"},{"taxonomy":"product_cat","embeddable":true,"href":"https:\/\/antaris.az\/ru\/wp-json\/wp\/v2\/product_cat?post=38382"},{"taxonomy":"product_tag","embeddable":true,"href":"https:\/\/antaris.az\/ru\/wp-json\/wp\/v2\/product_tag?post=38382"}],"curies":[{"name":"wp","href":"https:\/\/api.w.org\/{rel}","templated":true}]}}