{"id":37615,"date":"2020-09-11T15:15:42","date_gmt":"2020-09-11T12:15:42","guid":{"rendered":"http:\/\/www2.antaris.az\/?post_type=product&#038;p=37615"},"modified":"2024-11-26T16:39:27","modified_gmt":"2024-11-26T12:39:27","slug":"sredder-6v-15l-cdkart-ag-comix","status":"publish","type":"product","link":"https:\/\/antaris.az\/ru\/m\u0259hsul\/sredder-6v-15l-cdkart-ag-comix\/","title":{"rendered":"\u015eredder S3306-CO60 Comix"},"content":{"rendered":"","protected":false},"excerpt":{"rendered":"<p id=\"tw-target-text\" class=\"tw-data-text tw-text-large XcVN5d tw-ta\" dir=\"ltr\" data-placeholder=\"\u041f\u0435\u0440\u0435\u0432\u043e\u0434\"><span lang=\"az\">V\u0259r\u0259q say\u0131: 6v<br \/>\nH\u0259cmi: 15l<br \/>\nGiri\u015f eni: 220mm<br \/>\nN\u00f6v\u00fc: Kredit kartlar\u0131 \u00fc\u00e7\u00fcn\/ CD \u00fc\u00e7\u00fcn<br \/>\n\u0130\u015fl\u0259m\u0259 d\u00f6vr\u00fc: 10 d\u0259q<br \/>\nK\u0259sm\u0259 s\u00fcr\u0259ti: 2.2 m\/d\u0259q<br \/>\nBir par\u00e7an\u0131n \u00f6l\u00e7\u00fcs\u00fc: 2x5mm<br \/>\nS\u0259s s\u0259viyy\u0259si: 58 dB<br \/>\n\u00d6l\u00e7\u00fcl\u0259ri: 340x250x520 mm<br \/>\n<\/span>R\u0259ngi: A\u011f<br \/>\n\u0130stehsal\u00e7\u0131 m\u0259hsul kodu: S3306-CO60<br \/>\nTicar\u0259t markas\u0131: Comix<br \/>\n\u0130stehsal \u00f6lk\u0259si: \u00c7in<\/p>","protected":false},"featured_media":37617,"template":"","meta":{"_joinchat":[]},"product_brand":[],"product_cat":[368],"product_tag":[],"class_list":{"0":"post-37615","1":"product","2":"type-product","3":"status-publish","4":"has-post-thumbnail","6":"product_cat-sredder","7":"pa_brand-comix","9":"first","10":"instock","11":"shipping-taxable","12":"purchasable","13":"product-type-simple"},"yoast_head":"<!-- This site is optimized with the Yoast SEO plugin v27.3 - https:\/\/yoast.com\/product\/yoast-seo-wordpress\/ -->\n<title>\u015eredder S3306-CO60 Comix - Antaris<\/title>\n<meta name=\"robots\" content=\"index, follow, max-snippet:-1, max-image-preview:large, max-video-preview:-1\" \/>\n<link rel=\"canonical\" href=\"https:\/\/antaris.az\/ru\/m\u0259hsul\/sredder-6v-15l-cdkart-ag-comix\/\" \/>\n<meta property=\"og:locale\" content=\"ru_RU\" \/>\n<meta property=\"og:type\" content=\"article\" \/>\n<meta property=\"og:title\" content=\"\u015eredder S3306-CO60 Comix - Antaris\" \/>\n<meta property=\"og:description\" content=\"V\u0259r\u0259q say\u0131: 6v H\u0259cmi: 15l Giri\u015f eni: 220mm N\u00f6v\u00fc: Kredit kartlar\u0131 \u00fc\u00e7\u00fcn\/ CD \u00fc\u00e7\u00fcn \u0130\u015fl\u0259m\u0259 d\u00f6vr\u00fc: 10 d\u0259q K\u0259sm\u0259 s\u00fcr\u0259ti: 2.2 m\/d\u0259q Bir par\u00e7an\u0131n \u00f6l\u00e7\u00fcs\u00fc: 2x5mm S\u0259s s\u0259viyy\u0259si: 58 dB \u00d6l\u00e7\u00fcl\u0259ri: 340x250x520 mm R\u0259ngi: A\u011f \u0130stehsal\u00e7\u0131 m\u0259hsul kodu: S3306-CO60 Ticar\u0259t markas\u0131: Comix \u0130stehsal \u00f6lk\u0259si: \u00c7in\" \/>\n<meta property=\"og:url\" content=\"https:\/\/antaris.az\/ru\/m\u0259hsul\/sredder-6v-15l-cdkart-ag-comix\/\" \/>\n<meta property=\"og:site_name\" content=\"Antaris\" \/>\n<meta property=\"article:publisher\" content=\"https:\/\/www.facebook.com\/antaris.az\/\" \/>\n<meta property=\"article:modified_time\" content=\"2024-11-26T12:39:27+00:00\" \/>\n<meta property=\"og:image\" content=\"https:\/\/antaris.az\/wp-content\/uploads\/2020\/09\/Sredder-6v-15L-CDkart-ag-Comix1.jpg\" \/>\n\t<meta property=\"og:image:width\" content=\"800\" \/>\n\t<meta property=\"og:image:height\" content=\"800\" \/>\n\t<meta property=\"og:image:type\" content=\"image\/jpeg\" \/>\n<script type=\"application\/ld+json\" class=\"yoast-schema-graph\">{\"@context\":\"https:\\\/\\\/schema.org\",\"@graph\":[{\"@type\":\"WebPage\",\"@id\":\"https:\\\/\\\/antaris.az\\\/m\u0259hsul\\\/sredder-6v-15l-cdkart-ag-comix\\\/\",\"url\":\"https:\\\/\\\/antaris.az\\\/m\u0259hsul\\\/sredder-6v-15l-cdkart-ag-comix\\\/\",\"name\":\"\u015eredder S3306-CO60 Comix - Antaris\",\"isPartOf\":{\"@id\":\"https:\\\/\\\/antaris.az\\\/#website\"},\"primaryImageOfPage\":{\"@id\":\"https:\\\/\\\/antaris.az\\\/m\u0259hsul\\\/sredder-6v-15l-cdkart-ag-comix\\\/#primaryimage\"},\"image\":{\"@id\":\"https:\\\/\\\/antaris.az\\\/m\u0259hsul\\\/sredder-6v-15l-cdkart-ag-comix\\\/#primaryimage\"},\"thumbnailUrl\":\"https:\\\/\\\/antaris.az\\\/wp-content\\\/uploads\\\/2020\\\/09\\\/Sredder-6v-15L-CDkart-ag-Comix1.jpg\",\"datePublished\":\"2020-09-11T12:15:42+00:00\",\"dateModified\":\"2024-11-26T12:39:27+00:00\",\"breadcrumb\":{\"@id\":\"https:\\\/\\\/antaris.az\\\/m\u0259hsul\\\/sredder-6v-15l-cdkart-ag-comix\\\/#breadcrumb\"},\"inLanguage\":\"ru-RU\",\"potentialAction\":[{\"@type\":\"ReadAction\",\"target\":[\"https:\\\/\\\/antaris.az\\\/m\u0259hsul\\\/sredder-6v-15l-cdkart-ag-comix\\\/\"]}]},{\"@type\":\"ImageObject\",\"inLanguage\":\"ru-RU\",\"@id\":\"https:\\\/\\\/antaris.az\\\/m\u0259hsul\\\/sredder-6v-15l-cdkart-ag-comix\\\/#primaryimage\",\"url\":\"https:\\\/\\\/antaris.az\\\/wp-content\\\/uploads\\\/2020\\\/09\\\/Sredder-6v-15L-CDkart-ag-Comix1.jpg\",\"contentUrl\":\"https:\\\/\\\/antaris.az\\\/wp-content\\\/uploads\\\/2020\\\/09\\\/Sredder-6v-15L-CDkart-ag-Comix1.jpg\",\"width\":800,\"height\":800},{\"@type\":\"BreadcrumbList\",\"@id\":\"https:\\\/\\\/antaris.az\\\/m\u0259hsul\\\/sredder-6v-15l-cdkart-ag-comix\\\/#breadcrumb\",\"itemListElement\":[{\"@type\":\"ListItem\",\"position\":1,\"name\":\"Home\",\"item\":\"https:\\\/\\\/antaris.az\\\/\"},{\"@type\":\"ListItem\",\"position\":2,\"name\":\"Ma\u011faza\",\"item\":\"https:\\\/\\\/antaris.az\\\/ru\\\/shop\\\/\"},{\"@type\":\"ListItem\",\"position\":3,\"name\":\"\u015eredder S3306-CO60 Comix\"}]},{\"@type\":\"WebSite\",\"@id\":\"https:\\\/\\\/antaris.az\\\/#website\",\"url\":\"https:\\\/\\\/antaris.az\\\/\",\"name\":\"Antaris\",\"description\":\"Ofis, ev, m\u0259kt\u0259b \u00fc\u00e7\u00fcn h\u0259r \u015fey\",\"publisher\":{\"@id\":\"https:\\\/\\\/antaris.az\\\/#organization\"},\"potentialAction\":[{\"@type\":\"SearchAction\",\"target\":{\"@type\":\"EntryPoint\",\"urlTemplate\":\"https:\\\/\\\/antaris.az\\\/?s={search_term_string}\"},\"query-input\":{\"@type\":\"PropertyValueSpecification\",\"valueRequired\":true,\"valueName\":\"search_term_string\"}}],\"inLanguage\":\"ru-RU\"},{\"@type\":\"Organization\",\"@id\":\"https:\\\/\\\/antaris.az\\\/#organization\",\"name\":\"Antaris QSC\",\"url\":\"https:\\\/\\\/antaris.az\\\/\",\"logo\":{\"@type\":\"ImageObject\",\"inLanguage\":\"ru-RU\",\"@id\":\"https:\\\/\\\/antaris.az\\\/#\\\/schema\\\/logo\\\/image\\\/\",\"url\":\"https:\\\/\\\/antaris.az\\\/wp-content\\\/uploads\\\/2025\\\/03\\\/Antaris-logo.png\",\"contentUrl\":\"https:\\\/\\\/antaris.az\\\/wp-content\\\/uploads\\\/2025\\\/03\\\/Antaris-logo.png\",\"width\":500,\"height\":500,\"caption\":\"Antaris QSC\"},\"image\":{\"@id\":\"https:\\\/\\\/antaris.az\\\/#\\\/schema\\\/logo\\\/image\\\/\"},\"sameAs\":[\"https:\\\/\\\/www.facebook.com\\\/antaris.az\\\/\",\"https:\\\/\\\/www.instagram.com\\\/antaris.az\\\/\"]}]}<\/script>\n<!-- \/ Yoast SEO plugin. -->","yoast_head_json":{"title":"\u015eredder S3306-CO60 Comix - Antaris","robots":{"index":"index","follow":"follow","max-snippet":"max-snippet:-1","max-image-preview":"max-image-preview:large","max-video-preview":"max-video-preview:-1"},"canonical":"https:\/\/antaris.az\/ru\/m\u0259hsul\/sredder-6v-15l-cdkart-ag-comix\/","og_locale":"ru_RU","og_type":"article","og_title":"\u015eredder S3306-CO60 Comix - Antaris","og_description":"V\u0259r\u0259q say\u0131: 6v H\u0259cmi: 15l Giri\u015f eni: 220mm N\u00f6v\u00fc: Kredit kartlar\u0131 \u00fc\u00e7\u00fcn\/ CD \u00fc\u00e7\u00fcn \u0130\u015fl\u0259m\u0259 d\u00f6vr\u00fc: 10 d\u0259q K\u0259sm\u0259 s\u00fcr\u0259ti: 2.2 m\/d\u0259q Bir par\u00e7an\u0131n \u00f6l\u00e7\u00fcs\u00fc: 2x5mm S\u0259s s\u0259viyy\u0259si: 58 dB \u00d6l\u00e7\u00fcl\u0259ri: 340x250x520 mm R\u0259ngi: A\u011f \u0130stehsal\u00e7\u0131 m\u0259hsul kodu: S3306-CO60 Ticar\u0259t markas\u0131: Comix \u0130stehsal \u00f6lk\u0259si: \u00c7in","og_url":"https:\/\/antaris.az\/ru\/m\u0259hsul\/sredder-6v-15l-cdkart-ag-comix\/","og_site_name":"Antaris","article_publisher":"https:\/\/www.facebook.com\/antaris.az\/","article_modified_time":"2024-11-26T12:39:27+00:00","og_image":[{"width":800,"height":800,"url":"https:\/\/antaris.az\/wp-content\/uploads\/2020\/09\/Sredder-6v-15L-CDkart-ag-Comix1.jpg","type":"image\/jpeg"}],"schema":{"@context":"https:\/\/schema.org","@graph":[{"@type":"WebPage","@id":"https:\/\/antaris.az\/m\u0259hsul\/sredder-6v-15l-cdkart-ag-comix\/","url":"https:\/\/antaris.az\/m\u0259hsul\/sredder-6v-15l-cdkart-ag-comix\/","name":"\u015eredder S3306-CO60 Comix - Antaris","isPartOf":{"@id":"https:\/\/antaris.az\/#website"},"primaryImageOfPage":{"@id":"https:\/\/antaris.az\/m\u0259hsul\/sredder-6v-15l-cdkart-ag-comix\/#primaryimage"},"image":{"@id":"https:\/\/antaris.az\/m\u0259hsul\/sredder-6v-15l-cdkart-ag-comix\/#primaryimage"},"thumbnailUrl":"https:\/\/antaris.az\/wp-content\/uploads\/2020\/09\/Sredder-6v-15L-CDkart-ag-Comix1.jpg","datePublished":"2020-09-11T12:15:42+00:00","dateModified":"2024-11-26T12:39:27+00:00","breadcrumb":{"@id":"https:\/\/antaris.az\/m\u0259hsul\/sredder-6v-15l-cdkart-ag-comix\/#breadcrumb"},"inLanguage":"ru-RU","potentialAction":[{"@type":"ReadAction","target":["https:\/\/antaris.az\/m\u0259hsul\/sredder-6v-15l-cdkart-ag-comix\/"]}]},{"@type":"ImageObject","inLanguage":"ru-RU","@id":"https:\/\/antaris.az\/m\u0259hsul\/sredder-6v-15l-cdkart-ag-comix\/#primaryimage","url":"https:\/\/antaris.az\/wp-content\/uploads\/2020\/09\/Sredder-6v-15L-CDkart-ag-Comix1.jpg","contentUrl":"https:\/\/antaris.az\/wp-content\/uploads\/2020\/09\/Sredder-6v-15L-CDkart-ag-Comix1.jpg","width":800,"height":800},{"@type":"BreadcrumbList","@id":"https:\/\/antaris.az\/m\u0259hsul\/sredder-6v-15l-cdkart-ag-comix\/#breadcrumb","itemListElement":[{"@type":"ListItem","position":1,"name":"Home","item":"https:\/\/antaris.az\/"},{"@type":"ListItem","position":2,"name":"Ma\u011faza","item":"https:\/\/antaris.az\/ru\/shop\/"},{"@type":"ListItem","position":3,"name":"\u015eredder S3306-CO60 Comix"}]},{"@type":"WebSite","@id":"https:\/\/antaris.az\/#website","url":"https:\/\/antaris.az\/","name":"Antaris","description":"Ofis, ev, m\u0259kt\u0259b \u00fc\u00e7\u00fcn h\u0259r \u015fey","publisher":{"@id":"https:\/\/antaris.az\/#organization"},"potentialAction":[{"@type":"SearchAction","target":{"@type":"EntryPoint","urlTemplate":"https:\/\/antaris.az\/?s={search_term_string}"},"query-input":{"@type":"PropertyValueSpecification","valueRequired":true,"valueName":"search_term_string"}}],"inLanguage":"ru-RU"},{"@type":"Organization","@id":"https:\/\/antaris.az\/#organization","name":"\u0410\u043d\u0442\u0430\u0440\u0438\u0441 \u0417\u0410\u041e","url":"https:\/\/antaris.az\/","logo":{"@type":"ImageObject","inLanguage":"ru-RU","@id":"https:\/\/antaris.az\/#\/schema\/logo\/image\/","url":"https:\/\/antaris.az\/wp-content\/uploads\/2025\/03\/Antaris-logo.png","contentUrl":"https:\/\/antaris.az\/wp-content\/uploads\/2025\/03\/Antaris-logo.png","width":500,"height":500,"caption":"Antaris QSC"},"image":{"@id":"https:\/\/antaris.az\/#\/schema\/logo\/image\/"},"sameAs":["https:\/\/www.facebook.com\/antaris.az\/","https:\/\/www.instagram.com\/antaris.az\/"]}]}},"_links":{"self":[{"href":"https:\/\/antaris.az\/ru\/wp-json\/wp\/v2\/product\/37615","targetHints":{"allow":["GET"]}}],"collection":[{"href":"https:\/\/antaris.az\/ru\/wp-json\/wp\/v2\/product"}],"about":[{"href":"https:\/\/antaris.az\/ru\/wp-json\/wp\/v2\/types\/product"}],"version-history":[{"count":0,"href":"https:\/\/antaris.az\/ru\/wp-json\/wp\/v2\/product\/37615\/revisions"}],"wp:featuredmedia":[{"embeddable":true,"href":"https:\/\/antaris.az\/ru\/wp-json\/wp\/v2\/media\/37617"}],"wp:attachment":[{"href":"https:\/\/antaris.az\/ru\/wp-json\/wp\/v2\/media?parent=37615"}],"wp:term":[{"taxonomy":"product_brand","embeddable":true,"href":"https:\/\/antaris.az\/ru\/wp-json\/wp\/v2\/product_brand?post=37615"},{"taxonomy":"product_cat","embeddable":true,"href":"https:\/\/antaris.az\/ru\/wp-json\/wp\/v2\/product_cat?post=37615"},{"taxonomy":"product_tag","embeddable":true,"href":"https:\/\/antaris.az\/ru\/wp-json\/wp\/v2\/product_tag?post=37615"}],"curies":[{"name":"wp","href":"https:\/\/api.w.org\/{rel}","templated":true}]}}