{"id":37375,"date":"2020-09-04T23:50:23","date_gmt":"2020-09-04T20:50:23","guid":{"rendered":"http:\/\/www2.antaris.az\/?post_type=product&#038;p=37375"},"modified":"2024-11-26T16:39:33","modified_gmt":"2024-11-26T12:39:33","slug":"akvarel-albomu-210x210-mm-10v-santi-floristika","status":"publish","type":"product","link":"https:\/\/antaris.az\/ru\/m\u0259hsul\/akvarel-albomu-210x210-mm-10v-santi-floristika\/","title":{"rendered":"Albom r\u0259sm \u00fc\u00e7\u00fcn 742623 FLOR\u0130ST\u0130KA Santi"},"content":{"rendered":"<p>&#8220;Paper Watercolour Collection&#8221; seriyas\u0131ndan eskiz-kitab\u0131 (sket\u00e7buk). V\u0259r\u0259ql\u0259r x\u00fcsusi ka\u011f\u0131zdan haz\u0131rlan\u0131b, basma il\u0259. Sulu boya, pastel, k\u00f6m\u00fcr v\u0259 karanda\u015fla r\u0259sm \u00e7\u0259km\u0259k \u00fc\u00e7\u00fcn ideald\u0131r.<\/p>","protected":false},"excerpt":{"rendered":"<p>N\u00f6v\u00fc: Spirall\u0131\/ Akvarel<br \/>\nV\u0259r\u0259q say: 10<br \/>\n\u00d6l\u00e7\u00fcs\u00fc: 210x210mm<br \/>\n\u00dcz qab\u0131\u011f\u0131: Parlaq laminasiya<br \/>\nTicar\u0259t markas\u0131: SANT\u0130<br \/>\n\u0130stehsal\u00e7\u0131 m\u0259hsul kodu: 742623<br \/>\n\u041f\u0440\u043e\u0438\u0437\u0432\u043e\u0434\u0438\u0442\u0435\u043b: \u0423\u043a\u0440\u0430\u0438\u043d\u0430<\/p>\n<p><a href=\"http:\/\/antaris.az\/wp-content\/uploads\/2020\/08\/TOP-stiker-1.png\"><img decoding=\"async\" class=\"alignnone size-medium wp-image-23556\" src=\"http:\/\/antaris.az\/wp-content\/uploads\/2020\/08\/TOP-stiker-1-300x48.png\" alt=\"\" width=\"300\" height=\"48\" srcset=\"https:\/\/antaris.az\/wp-content\/uploads\/2020\/08\/TOP-stiker-1-300x48.png 300w, https:\/\/antaris.az\/wp-content\/uploads\/2020\/08\/TOP-stiker-1-150x24.png 150w, https:\/\/antaris.az\/wp-content\/uploads\/2020\/08\/TOP-stiker-1.png 501w\" sizes=\"(max-width: 300px) 100vw, 300px\" \/><\/a><br \/>\n<a href=\"http:\/\/antaris.az\/wp-content\/uploads\/2020\/08\/For-Shcool-Stiker-gold.png\"><img decoding=\"async\" class=\"alignnone wp-image-27149 size-thumbnail\" src=\"http:\/\/antaris.az\/wp-content\/uploads\/2020\/08\/For-Shcool-Stiker-gold-150x150.png\" alt=\"\" width=\"150\" height=\"150\" srcset=\"https:\/\/antaris.az\/wp-content\/uploads\/2020\/08\/For-Shcool-Stiker-gold-150x150.png 150w, https:\/\/antaris.az\/wp-content\/uploads\/2020\/08\/For-Shcool-Stiker-gold-300x300.png 300w, https:\/\/antaris.az\/wp-content\/uploads\/2020\/08\/For-Shcool-Stiker-gold.png 501w\" sizes=\"(max-width: 150px) 100vw, 150px\" \/><\/a><\/p>","protected":false},"featured_media":26936,"template":"","meta":{"_joinchat":[]},"product_brand":[],"product_cat":[513],"product_tag":[],"class_list":{"0":"post-37375","1":"product","2":"type-product","3":"status-publish","4":"has-post-thumbnail","6":"product_cat-rsm-albomu","7":"pa_brand-santi","8":"pa_cins-qiz","10":"first","11":"outofstock","12":"shipping-taxable","13":"purchasable","14":"product-type-simple"},"yoast_head":"<!-- This site is optimized with the Yoast SEO plugin v27.3 - https:\/\/yoast.com\/product\/yoast-seo-wordpress\/ -->\n<title>Albom r\u0259sm \u00fc\u00e7\u00fcn 742623 FLOR\u0130ST\u0130KA Santi - Antaris<\/title>\n<meta name=\"robots\" content=\"index, follow, max-snippet:-1, max-image-preview:large, max-video-preview:-1\" \/>\n<link rel=\"canonical\" href=\"https:\/\/antaris.az\/ru\/m\u0259hsul\/akvarel-albomu-210x210-mm-10v-santi-floristika\/\" \/>\n<meta property=\"og:locale\" content=\"ru_RU\" \/>\n<meta property=\"og:type\" content=\"article\" \/>\n<meta property=\"og:title\" content=\"Albom r\u0259sm \u00fc\u00e7\u00fcn 742623 FLOR\u0130ST\u0130KA Santi - Antaris\" \/>\n<meta property=\"og:description\" content=\"N\u00f6v\u00fc: Spirall\u0131\/ Akvarel V\u0259r\u0259q say: 10 \u00d6l\u00e7\u00fcs\u00fc: 210x210mm \u00dcz qab\u0131\u011f\u0131: Parlaq laminasiya Ticar\u0259t markas\u0131: SANT\u0130 \u0130stehsal\u00e7\u0131 m\u0259hsul kodu: 742623 \u0130stehsal\u00e7\u0131 \u00f6lk\u0259: Ukrayna\" \/>\n<meta property=\"og:url\" content=\"https:\/\/antaris.az\/ru\/m\u0259hsul\/akvarel-albomu-210x210-mm-10v-santi-floristika\/\" \/>\n<meta property=\"og:site_name\" content=\"Antaris\" \/>\n<meta property=\"article:publisher\" content=\"https:\/\/www.facebook.com\/antaris.az\/\" \/>\n<meta property=\"article:modified_time\" content=\"2024-11-26T12:39:33+00:00\" \/>\n<meta property=\"og:image\" content=\"https:\/\/antaris.az\/wp-content\/uploads\/2020\/08\/Suluboya-albomu-210x210-mm-10v.-SANTI-Floristika1.jpg\" \/>\n\t<meta property=\"og:image:width\" content=\"800\" \/>\n\t<meta property=\"og:image:height\" content=\"800\" \/>\n\t<meta property=\"og:image:type\" content=\"image\/jpeg\" \/>\n<script type=\"application\/ld+json\" class=\"yoast-schema-graph\">{\"@context\":\"https:\\\/\\\/schema.org\",\"@graph\":[{\"@type\":\"WebPage\",\"@id\":\"https:\\\/\\\/antaris.az\\\/m\u0259hsul\\\/akvarel-albomu-210x210-mm-10v-santi-floristika\\\/\",\"url\":\"https:\\\/\\\/antaris.az\\\/m\u0259hsul\\\/akvarel-albomu-210x210-mm-10v-santi-floristika\\\/\",\"name\":\"Albom r\u0259sm \u00fc\u00e7\u00fcn 742623 FLOR\u0130ST\u0130KA Santi - Antaris\",\"isPartOf\":{\"@id\":\"https:\\\/\\\/antaris.az\\\/#website\"},\"primaryImageOfPage\":{\"@id\":\"https:\\\/\\\/antaris.az\\\/m\u0259hsul\\\/akvarel-albomu-210x210-mm-10v-santi-floristika\\\/#primaryimage\"},\"image\":{\"@id\":\"https:\\\/\\\/antaris.az\\\/m\u0259hsul\\\/akvarel-albomu-210x210-mm-10v-santi-floristika\\\/#primaryimage\"},\"thumbnailUrl\":\"https:\\\/\\\/antaris.az\\\/wp-content\\\/uploads\\\/2020\\\/08\\\/Suluboya-albomu-210x210-mm-10v.-SANTI-Floristika1.jpg\",\"datePublished\":\"2020-09-04T20:50:23+00:00\",\"dateModified\":\"2024-11-26T12:39:33+00:00\",\"breadcrumb\":{\"@id\":\"https:\\\/\\\/antaris.az\\\/m\u0259hsul\\\/akvarel-albomu-210x210-mm-10v-santi-floristika\\\/#breadcrumb\"},\"inLanguage\":\"ru-RU\",\"potentialAction\":[{\"@type\":\"ReadAction\",\"target\":[\"https:\\\/\\\/antaris.az\\\/m\u0259hsul\\\/akvarel-albomu-210x210-mm-10v-santi-floristika\\\/\"]}]},{\"@type\":\"ImageObject\",\"inLanguage\":\"ru-RU\",\"@id\":\"https:\\\/\\\/antaris.az\\\/m\u0259hsul\\\/akvarel-albomu-210x210-mm-10v-santi-floristika\\\/#primaryimage\",\"url\":\"https:\\\/\\\/antaris.az\\\/wp-content\\\/uploads\\\/2020\\\/08\\\/Suluboya-albomu-210x210-mm-10v.-SANTI-Floristika1.jpg\",\"contentUrl\":\"https:\\\/\\\/antaris.az\\\/wp-content\\\/uploads\\\/2020\\\/08\\\/Suluboya-albomu-210x210-mm-10v.-SANTI-Floristika1.jpg\",\"width\":800,\"height\":800},{\"@type\":\"BreadcrumbList\",\"@id\":\"https:\\\/\\\/antaris.az\\\/m\u0259hsul\\\/akvarel-albomu-210x210-mm-10v-santi-floristika\\\/#breadcrumb\",\"itemListElement\":[{\"@type\":\"ListItem\",\"position\":1,\"name\":\"Home\",\"item\":\"https:\\\/\\\/antaris.az\\\/\"},{\"@type\":\"ListItem\",\"position\":2,\"name\":\"Ma\u011faza\",\"item\":\"https:\\\/\\\/antaris.az\\\/ru\\\/shop\\\/\"},{\"@type\":\"ListItem\",\"position\":3,\"name\":\"Albom r\u0259sm \u00fc\u00e7\u00fcn 742623 FLOR\u0130ST\u0130KA Santi\"}]},{\"@type\":\"WebSite\",\"@id\":\"https:\\\/\\\/antaris.az\\\/#website\",\"url\":\"https:\\\/\\\/antaris.az\\\/\",\"name\":\"Antaris\",\"description\":\"Ofis, ev, m\u0259kt\u0259b \u00fc\u00e7\u00fcn h\u0259r \u015fey\",\"publisher\":{\"@id\":\"https:\\\/\\\/antaris.az\\\/#organization\"},\"potentialAction\":[{\"@type\":\"SearchAction\",\"target\":{\"@type\":\"EntryPoint\",\"urlTemplate\":\"https:\\\/\\\/antaris.az\\\/?s={search_term_string}\"},\"query-input\":{\"@type\":\"PropertyValueSpecification\",\"valueRequired\":true,\"valueName\":\"search_term_string\"}}],\"inLanguage\":\"ru-RU\"},{\"@type\":\"Organization\",\"@id\":\"https:\\\/\\\/antaris.az\\\/#organization\",\"name\":\"Antaris QSC\",\"url\":\"https:\\\/\\\/antaris.az\\\/\",\"logo\":{\"@type\":\"ImageObject\",\"inLanguage\":\"ru-RU\",\"@id\":\"https:\\\/\\\/antaris.az\\\/#\\\/schema\\\/logo\\\/image\\\/\",\"url\":\"https:\\\/\\\/antaris.az\\\/wp-content\\\/uploads\\\/2025\\\/03\\\/Antaris-logo.png\",\"contentUrl\":\"https:\\\/\\\/antaris.az\\\/wp-content\\\/uploads\\\/2025\\\/03\\\/Antaris-logo.png\",\"width\":500,\"height\":500,\"caption\":\"Antaris QSC\"},\"image\":{\"@id\":\"https:\\\/\\\/antaris.az\\\/#\\\/schema\\\/logo\\\/image\\\/\"},\"sameAs\":[\"https:\\\/\\\/www.facebook.com\\\/antaris.az\\\/\",\"https:\\\/\\\/www.instagram.com\\\/antaris.az\\\/\"]}]}<\/script>\n<!-- \/ Yoast SEO plugin. -->","yoast_head_json":{"title":"Albom r\u0259sm \u00fc\u00e7\u00fcn 742623 FLOR\u0130ST\u0130KA Santi - Antaris","robots":{"index":"index","follow":"follow","max-snippet":"max-snippet:-1","max-image-preview":"max-image-preview:large","max-video-preview":"max-video-preview:-1"},"canonical":"https:\/\/antaris.az\/ru\/m\u0259hsul\/akvarel-albomu-210x210-mm-10v-santi-floristika\/","og_locale":"ru_RU","og_type":"article","og_title":"Albom r\u0259sm \u00fc\u00e7\u00fcn 742623 FLOR\u0130ST\u0130KA Santi - Antaris","og_description":"N\u00f6v\u00fc: Spirall\u0131\/ Akvarel V\u0259r\u0259q say: 10 \u00d6l\u00e7\u00fcs\u00fc: 210x210mm \u00dcz qab\u0131\u011f\u0131: Parlaq laminasiya Ticar\u0259t markas\u0131: SANT\u0130 \u0130stehsal\u00e7\u0131 m\u0259hsul kodu: 742623 \u0130stehsal\u00e7\u0131 \u00f6lk\u0259: Ukrayna","og_url":"https:\/\/antaris.az\/ru\/m\u0259hsul\/akvarel-albomu-210x210-mm-10v-santi-floristika\/","og_site_name":"Antaris","article_publisher":"https:\/\/www.facebook.com\/antaris.az\/","article_modified_time":"2024-11-26T12:39:33+00:00","og_image":[{"width":800,"height":800,"url":"https:\/\/antaris.az\/wp-content\/uploads\/2020\/08\/Suluboya-albomu-210x210-mm-10v.-SANTI-Floristika1.jpg","type":"image\/jpeg"}],"schema":{"@context":"https:\/\/schema.org","@graph":[{"@type":"WebPage","@id":"https:\/\/antaris.az\/m\u0259hsul\/akvarel-albomu-210x210-mm-10v-santi-floristika\/","url":"https:\/\/antaris.az\/m\u0259hsul\/akvarel-albomu-210x210-mm-10v-santi-floristika\/","name":"Albom r\u0259sm \u00fc\u00e7\u00fcn 742623 FLOR\u0130ST\u0130KA Santi - Antaris","isPartOf":{"@id":"https:\/\/antaris.az\/#website"},"primaryImageOfPage":{"@id":"https:\/\/antaris.az\/m\u0259hsul\/akvarel-albomu-210x210-mm-10v-santi-floristika\/#primaryimage"},"image":{"@id":"https:\/\/antaris.az\/m\u0259hsul\/akvarel-albomu-210x210-mm-10v-santi-floristika\/#primaryimage"},"thumbnailUrl":"https:\/\/antaris.az\/wp-content\/uploads\/2020\/08\/Suluboya-albomu-210x210-mm-10v.-SANTI-Floristika1.jpg","datePublished":"2020-09-04T20:50:23+00:00","dateModified":"2024-11-26T12:39:33+00:00","breadcrumb":{"@id":"https:\/\/antaris.az\/m\u0259hsul\/akvarel-albomu-210x210-mm-10v-santi-floristika\/#breadcrumb"},"inLanguage":"ru-RU","potentialAction":[{"@type":"ReadAction","target":["https:\/\/antaris.az\/m\u0259hsul\/akvarel-albomu-210x210-mm-10v-santi-floristika\/"]}]},{"@type":"ImageObject","inLanguage":"ru-RU","@id":"https:\/\/antaris.az\/m\u0259hsul\/akvarel-albomu-210x210-mm-10v-santi-floristika\/#primaryimage","url":"https:\/\/antaris.az\/wp-content\/uploads\/2020\/08\/Suluboya-albomu-210x210-mm-10v.-SANTI-Floristika1.jpg","contentUrl":"https:\/\/antaris.az\/wp-content\/uploads\/2020\/08\/Suluboya-albomu-210x210-mm-10v.-SANTI-Floristika1.jpg","width":800,"height":800},{"@type":"BreadcrumbList","@id":"https:\/\/antaris.az\/m\u0259hsul\/akvarel-albomu-210x210-mm-10v-santi-floristika\/#breadcrumb","itemListElement":[{"@type":"ListItem","position":1,"name":"Home","item":"https:\/\/antaris.az\/"},{"@type":"ListItem","position":2,"name":"Ma\u011faza","item":"https:\/\/antaris.az\/ru\/shop\/"},{"@type":"ListItem","position":3,"name":"Albom r\u0259sm \u00fc\u00e7\u00fcn 742623 FLOR\u0130ST\u0130KA Santi"}]},{"@type":"WebSite","@id":"https:\/\/antaris.az\/#website","url":"https:\/\/antaris.az\/","name":"Antaris","description":"Ofis, ev, m\u0259kt\u0259b \u00fc\u00e7\u00fcn h\u0259r \u015fey","publisher":{"@id":"https:\/\/antaris.az\/#organization"},"potentialAction":[{"@type":"SearchAction","target":{"@type":"EntryPoint","urlTemplate":"https:\/\/antaris.az\/?s={search_term_string}"},"query-input":{"@type":"PropertyValueSpecification","valueRequired":true,"valueName":"search_term_string"}}],"inLanguage":"ru-RU"},{"@type":"Organization","@id":"https:\/\/antaris.az\/#organization","name":"\u0410\u043d\u0442\u0430\u0440\u0438\u0441 \u0417\u0410\u041e","url":"https:\/\/antaris.az\/","logo":{"@type":"ImageObject","inLanguage":"ru-RU","@id":"https:\/\/antaris.az\/#\/schema\/logo\/image\/","url":"https:\/\/antaris.az\/wp-content\/uploads\/2025\/03\/Antaris-logo.png","contentUrl":"https:\/\/antaris.az\/wp-content\/uploads\/2025\/03\/Antaris-logo.png","width":500,"height":500,"caption":"Antaris QSC"},"image":{"@id":"https:\/\/antaris.az\/#\/schema\/logo\/image\/"},"sameAs":["https:\/\/www.facebook.com\/antaris.az\/","https:\/\/www.instagram.com\/antaris.az\/"]}]}},"_links":{"self":[{"href":"https:\/\/antaris.az\/ru\/wp-json\/wp\/v2\/product\/37375","targetHints":{"allow":["GET"]}}],"collection":[{"href":"https:\/\/antaris.az\/ru\/wp-json\/wp\/v2\/product"}],"about":[{"href":"https:\/\/antaris.az\/ru\/wp-json\/wp\/v2\/types\/product"}],"version-history":[{"count":0,"href":"https:\/\/antaris.az\/ru\/wp-json\/wp\/v2\/product\/37375\/revisions"}],"wp:featuredmedia":[{"embeddable":true,"href":"https:\/\/antaris.az\/ru\/wp-json\/wp\/v2\/media\/26936"}],"wp:attachment":[{"href":"https:\/\/antaris.az\/ru\/wp-json\/wp\/v2\/media?parent=37375"}],"wp:term":[{"taxonomy":"product_brand","embeddable":true,"href":"https:\/\/antaris.az\/ru\/wp-json\/wp\/v2\/product_brand?post=37375"},{"taxonomy":"product_cat","embeddable":true,"href":"https:\/\/antaris.az\/ru\/wp-json\/wp\/v2\/product_cat?post=37375"},{"taxonomy":"product_tag","embeddable":true,"href":"https:\/\/antaris.az\/ru\/wp-json\/wp\/v2\/product_tag?post=37375"}],"curies":[{"name":"wp","href":"https:\/\/api.w.org\/{rel}","templated":true}]}}