{"id":36996,"date":"2020-08-30T13:32:51","date_gmt":"2020-08-30T10:32:51","guid":{"rendered":"http:\/\/www2.antaris.az\/?post_type=product&#038;p=36996"},"modified":"2024-11-26T16:40:50","modified_gmt":"2024-11-26T12:40:50","slug":"a5-96-s%c9%99h-yes-nourish-x%c9%99tli-qeyd-d%c9%99ft%c9%99ri","status":"publish","type":"product","link":"https:\/\/antaris.az\/ru\/m\u0259hsul\/a5-96-s%c9%99h-yes-nourish-x%c9%99tli-qeyd-d%c9%99ft%c9%99ri\/","title":{"rendered":"D\u0259ft\u0259r 764193 NOUR\u0130SH Yes"},"content":{"rendered":"<p>Daxili \u00e7ap b\u00f6lm\u0259sinin parlaql\u0131\u011f\u0131 uzun m\u00fcdd\u0259t davam ed\u0259n i\u015f zaman\u0131 g\u00f6zl\u0259ri q\u0131c\u0131qland\u0131rm\u0131r. X\u0259tl\u0259rin eni qeyd \u00fc\u00e7\u00fcn optimald\u0131r. &#8220;NOUR\u0130SH&#8221; koleksiyas\u0131n\u0131n \u00f6rt\u00fcy\u00fc bir ne\u00e7\u0259 dizaynda haz\u0131rlanm\u0131\u015fd\u0131r.<\/p>","protected":false},"excerpt":{"rendered":"<p>Format: A5<br \/>\nS\u0259hif\u0259 say\u0131: 96<br \/>\nDaxili \u00e7ap: X\u0259tli<br \/>\n\u041f\u0440\u043e\u0438\u0437\u0432\u043e\u0434\u0438\u0442\u0435\u043b: \u0423\u043a\u0440\u0430\u0438\u043d\u0430<br \/>\n\u0130stehsal\u00e7\u0131 m\u0259hsul kodu: 764193<br \/>\n\u0130stehsal\u00e7\u0131 firma: YES<\/p>\n<p><a href=\"http:\/\/antaris.az\/wp-content\/uploads\/2020\/08\/TOP-stiker-1.png\"><img decoding=\"async\" class=\"alignnone size-medium wp-image-23556\" src=\"http:\/\/antaris.az\/wp-content\/uploads\/2020\/08\/TOP-stiker-1-300x48.png\" alt=\"\" width=\"300\" height=\"48\" srcset=\"https:\/\/antaris.az\/wp-content\/uploads\/2020\/08\/TOP-stiker-1-300x48.png 300w, https:\/\/antaris.az\/wp-content\/uploads\/2020\/08\/TOP-stiker-1-150x24.png 150w, https:\/\/antaris.az\/wp-content\/uploads\/2020\/08\/TOP-stiker-1.png 501w\" sizes=\"(max-width: 300px) 100vw, 300px\" \/><\/a><br \/>\n<a href=\"http:\/\/antaris.az\/wp-content\/uploads\/2020\/08\/For-Shcool-Stiker-gold.png\"><img decoding=\"async\" class=\"alignnone wp-image-27149 size-thumbnail\" src=\"http:\/\/antaris.az\/wp-content\/uploads\/2020\/08\/For-Shcool-Stiker-gold-150x150.png\" alt=\"\" width=\"150\" height=\"150\" srcset=\"https:\/\/antaris.az\/wp-content\/uploads\/2020\/08\/For-Shcool-Stiker-gold-150x150.png 150w, https:\/\/antaris.az\/wp-content\/uploads\/2020\/08\/For-Shcool-Stiker-gold-300x300.png 300w, https:\/\/antaris.az\/wp-content\/uploads\/2020\/08\/For-Shcool-Stiker-gold.png 501w\" sizes=\"(max-width: 150px) 100vw, 150px\" \/><\/a><\/p>","protected":false},"featured_media":37760,"template":"","meta":{"_joinchat":[]},"product_brand":[],"product_cat":[516],"product_tag":[],"class_list":{"0":"post-36996","1":"product","2":"type-product","3":"status-publish","4":"has-post-thumbnail","6":"product_cat-dftrlr","7":"pa_brand-yes","8":"pa_cins-qiz","9":"pa_novu-standart","10":"pa_olcu-a5","12":"first","13":"instock","14":"shipping-taxable","15":"purchasable","16":"product-type-simple"},"yoast_head":"<!-- This site is optimized with the Yoast SEO plugin v27.3 - https:\/\/yoast.com\/product\/yoast-seo-wordpress\/ -->\n<title>D\u0259ft\u0259r 764193 NOUR\u0130SH Yes - Antaris<\/title>\n<meta name=\"robots\" content=\"index, follow, max-snippet:-1, max-image-preview:large, max-video-preview:-1\" \/>\n<link rel=\"canonical\" href=\"https:\/\/antaris.az\/ru\/m\u0259hsul\/a5-96-s\u0259h-yes-nourish-x\u0259tli-qeyd-d\u0259ft\u0259ri\/\" \/>\n<meta property=\"og:locale\" content=\"ru_RU\" \/>\n<meta property=\"og:type\" content=\"article\" \/>\n<meta property=\"og:title\" content=\"D\u0259ft\u0259r 764193 NOUR\u0130SH Yes - Antaris\" \/>\n<meta property=\"og:description\" content=\"Format: A5 S\u0259hif\u0259 say\u0131: 96 Daxili \u00e7ap: X\u0259tli \u0130stehsal\u00e7\u0131 \u00f6lk\u0259: Ukrayna \u0130stehsal\u00e7\u0131 m\u0259hsul kodu: 764193 \u0130stehsal\u00e7\u0131 firma: YES\" \/>\n<meta property=\"og:url\" content=\"https:\/\/antaris.az\/ru\/m\u0259hsul\/a5-96-s\u0259h-yes-nourish-x\u0259tli-qeyd-d\u0259ft\u0259ri\/\" \/>\n<meta property=\"og:site_name\" content=\"Antaris\" \/>\n<meta property=\"article:publisher\" content=\"https:\/\/www.facebook.com\/antaris.az\/\" \/>\n<meta property=\"article:modified_time\" content=\"2024-11-26T12:40:50+00:00\" \/>\n<meta property=\"og:image\" content=\"https:\/\/antaris.az\/wp-content\/uploads\/2020\/08\/A596-s\u0259h.YES-NOURISH-x\u0259tli-qeyd-d\u0259ft\u0259ri.jpg\" \/>\n\t<meta property=\"og:image:width\" content=\"800\" \/>\n\t<meta property=\"og:image:height\" content=\"800\" \/>\n\t<meta property=\"og:image:type\" content=\"image\/jpeg\" \/>\n<script type=\"application\/ld+json\" class=\"yoast-schema-graph\">{\"@context\":\"https:\\\/\\\/schema.org\",\"@graph\":[{\"@type\":\"WebPage\",\"@id\":\"https:\\\/\\\/antaris.az\\\/m\u0259hsul\\\/a5-96-s%c9%99h-yes-nourish-x%c9%99tli-qeyd-d%c9%99ft%c9%99ri\\\/\",\"url\":\"https:\\\/\\\/antaris.az\\\/m\u0259hsul\\\/a5-96-s%c9%99h-yes-nourish-x%c9%99tli-qeyd-d%c9%99ft%c9%99ri\\\/\",\"name\":\"D\u0259ft\u0259r 764193 NOUR\u0130SH Yes - Antaris\",\"isPartOf\":{\"@id\":\"https:\\\/\\\/antaris.az\\\/#website\"},\"primaryImageOfPage\":{\"@id\":\"https:\\\/\\\/antaris.az\\\/m\u0259hsul\\\/a5-96-s%c9%99h-yes-nourish-x%c9%99tli-qeyd-d%c9%99ft%c9%99ri\\\/#primaryimage\"},\"image\":{\"@id\":\"https:\\\/\\\/antaris.az\\\/m\u0259hsul\\\/a5-96-s%c9%99h-yes-nourish-x%c9%99tli-qeyd-d%c9%99ft%c9%99ri\\\/#primaryimage\"},\"thumbnailUrl\":\"https:\\\/\\\/antaris.az\\\/wp-content\\\/uploads\\\/2020\\\/08\\\/A596-s\u0259h.YES-NOURISH-x\u0259tli-qeyd-d\u0259ft\u0259ri.jpg\",\"datePublished\":\"2020-08-30T10:32:51+00:00\",\"dateModified\":\"2024-11-26T12:40:50+00:00\",\"breadcrumb\":{\"@id\":\"https:\\\/\\\/antaris.az\\\/m\u0259hsul\\\/a5-96-s%c9%99h-yes-nourish-x%c9%99tli-qeyd-d%c9%99ft%c9%99ri\\\/#breadcrumb\"},\"inLanguage\":\"ru-RU\",\"potentialAction\":[{\"@type\":\"ReadAction\",\"target\":[\"https:\\\/\\\/antaris.az\\\/m\u0259hsul\\\/a5-96-s%c9%99h-yes-nourish-x%c9%99tli-qeyd-d%c9%99ft%c9%99ri\\\/\"]}]},{\"@type\":\"ImageObject\",\"inLanguage\":\"ru-RU\",\"@id\":\"https:\\\/\\\/antaris.az\\\/m\u0259hsul\\\/a5-96-s%c9%99h-yes-nourish-x%c9%99tli-qeyd-d%c9%99ft%c9%99ri\\\/#primaryimage\",\"url\":\"https:\\\/\\\/antaris.az\\\/wp-content\\\/uploads\\\/2020\\\/08\\\/A596-s\u0259h.YES-NOURISH-x\u0259tli-qeyd-d\u0259ft\u0259ri.jpg\",\"contentUrl\":\"https:\\\/\\\/antaris.az\\\/wp-content\\\/uploads\\\/2020\\\/08\\\/A596-s\u0259h.YES-NOURISH-x\u0259tli-qeyd-d\u0259ft\u0259ri.jpg\",\"width\":800,\"height\":800},{\"@type\":\"BreadcrumbList\",\"@id\":\"https:\\\/\\\/antaris.az\\\/m\u0259hsul\\\/a5-96-s%c9%99h-yes-nourish-x%c9%99tli-qeyd-d%c9%99ft%c9%99ri\\\/#breadcrumb\",\"itemListElement\":[{\"@type\":\"ListItem\",\"position\":1,\"name\":\"Home\",\"item\":\"https:\\\/\\\/antaris.az\\\/\"},{\"@type\":\"ListItem\",\"position\":2,\"name\":\"Ma\u011faza\",\"item\":\"https:\\\/\\\/antaris.az\\\/ru\\\/shop\\\/\"},{\"@type\":\"ListItem\",\"position\":3,\"name\":\"D\u0259ft\u0259r 764193 NOUR\u0130SH Yes\"}]},{\"@type\":\"WebSite\",\"@id\":\"https:\\\/\\\/antaris.az\\\/#website\",\"url\":\"https:\\\/\\\/antaris.az\\\/\",\"name\":\"Antaris\",\"description\":\"Ofis, ev, m\u0259kt\u0259b \u00fc\u00e7\u00fcn h\u0259r \u015fey\",\"publisher\":{\"@id\":\"https:\\\/\\\/antaris.az\\\/#organization\"},\"potentialAction\":[{\"@type\":\"SearchAction\",\"target\":{\"@type\":\"EntryPoint\",\"urlTemplate\":\"https:\\\/\\\/antaris.az\\\/?s={search_term_string}\"},\"query-input\":{\"@type\":\"PropertyValueSpecification\",\"valueRequired\":true,\"valueName\":\"search_term_string\"}}],\"inLanguage\":\"ru-RU\"},{\"@type\":\"Organization\",\"@id\":\"https:\\\/\\\/antaris.az\\\/#organization\",\"name\":\"Antaris QSC\",\"url\":\"https:\\\/\\\/antaris.az\\\/\",\"logo\":{\"@type\":\"ImageObject\",\"inLanguage\":\"ru-RU\",\"@id\":\"https:\\\/\\\/antaris.az\\\/#\\\/schema\\\/logo\\\/image\\\/\",\"url\":\"https:\\\/\\\/antaris.az\\\/wp-content\\\/uploads\\\/2025\\\/03\\\/Antaris-logo.png\",\"contentUrl\":\"https:\\\/\\\/antaris.az\\\/wp-content\\\/uploads\\\/2025\\\/03\\\/Antaris-logo.png\",\"width\":500,\"height\":500,\"caption\":\"Antaris QSC\"},\"image\":{\"@id\":\"https:\\\/\\\/antaris.az\\\/#\\\/schema\\\/logo\\\/image\\\/\"},\"sameAs\":[\"https:\\\/\\\/www.facebook.com\\\/antaris.az\\\/\",\"https:\\\/\\\/www.instagram.com\\\/antaris.az\\\/\"]}]}<\/script>\n<!-- \/ Yoast SEO plugin. -->","yoast_head_json":{"title":"D\u0259ft\u0259r 764193 NOUR\u0130SH Yes - Antaris","robots":{"index":"index","follow":"follow","max-snippet":"max-snippet:-1","max-image-preview":"max-image-preview:large","max-video-preview":"max-video-preview:-1"},"canonical":"https:\/\/antaris.az\/ru\/m\u0259hsul\/a5-96-s\u0259h-yes-nourish-x\u0259tli-qeyd-d\u0259ft\u0259ri\/","og_locale":"ru_RU","og_type":"article","og_title":"D\u0259ft\u0259r 764193 NOUR\u0130SH Yes - Antaris","og_description":"Format: A5 S\u0259hif\u0259 say\u0131: 96 Daxili \u00e7ap: X\u0259tli \u0130stehsal\u00e7\u0131 \u00f6lk\u0259: Ukrayna \u0130stehsal\u00e7\u0131 m\u0259hsul kodu: 764193 \u0130stehsal\u00e7\u0131 firma: YES","og_url":"https:\/\/antaris.az\/ru\/m\u0259hsul\/a5-96-s\u0259h-yes-nourish-x\u0259tli-qeyd-d\u0259ft\u0259ri\/","og_site_name":"Antaris","article_publisher":"https:\/\/www.facebook.com\/antaris.az\/","article_modified_time":"2024-11-26T12:40:50+00:00","og_image":[{"width":800,"height":800,"url":"https:\/\/antaris.az\/wp-content\/uploads\/2020\/08\/A596-s\u0259h.YES-NOURISH-x\u0259tli-qeyd-d\u0259ft\u0259ri.jpg","type":"image\/jpeg"}],"schema":{"@context":"https:\/\/schema.org","@graph":[{"@type":"WebPage","@id":"https:\/\/antaris.az\/m\u0259hsul\/a5-96-s%c9%99h-yes-nourish-x%c9%99tli-qeyd-d%c9%99ft%c9%99ri\/","url":"https:\/\/antaris.az\/m\u0259hsul\/a5-96-s%c9%99h-yes-nourish-x%c9%99tli-qeyd-d%c9%99ft%c9%99ri\/","name":"D\u0259ft\u0259r 764193 NOUR\u0130SH Yes - Antaris","isPartOf":{"@id":"https:\/\/antaris.az\/#website"},"primaryImageOfPage":{"@id":"https:\/\/antaris.az\/m\u0259hsul\/a5-96-s%c9%99h-yes-nourish-x%c9%99tli-qeyd-d%c9%99ft%c9%99ri\/#primaryimage"},"image":{"@id":"https:\/\/antaris.az\/m\u0259hsul\/a5-96-s%c9%99h-yes-nourish-x%c9%99tli-qeyd-d%c9%99ft%c9%99ri\/#primaryimage"},"thumbnailUrl":"https:\/\/antaris.az\/wp-content\/uploads\/2020\/08\/A596-s\u0259h.YES-NOURISH-x\u0259tli-qeyd-d\u0259ft\u0259ri.jpg","datePublished":"2020-08-30T10:32:51+00:00","dateModified":"2024-11-26T12:40:50+00:00","breadcrumb":{"@id":"https:\/\/antaris.az\/m\u0259hsul\/a5-96-s%c9%99h-yes-nourish-x%c9%99tli-qeyd-d%c9%99ft%c9%99ri\/#breadcrumb"},"inLanguage":"ru-RU","potentialAction":[{"@type":"ReadAction","target":["https:\/\/antaris.az\/m\u0259hsul\/a5-96-s%c9%99h-yes-nourish-x%c9%99tli-qeyd-d%c9%99ft%c9%99ri\/"]}]},{"@type":"ImageObject","inLanguage":"ru-RU","@id":"https:\/\/antaris.az\/m\u0259hsul\/a5-96-s%c9%99h-yes-nourish-x%c9%99tli-qeyd-d%c9%99ft%c9%99ri\/#primaryimage","url":"https:\/\/antaris.az\/wp-content\/uploads\/2020\/08\/A596-s\u0259h.YES-NOURISH-x\u0259tli-qeyd-d\u0259ft\u0259ri.jpg","contentUrl":"https:\/\/antaris.az\/wp-content\/uploads\/2020\/08\/A596-s\u0259h.YES-NOURISH-x\u0259tli-qeyd-d\u0259ft\u0259ri.jpg","width":800,"height":800},{"@type":"BreadcrumbList","@id":"https:\/\/antaris.az\/m\u0259hsul\/a5-96-s%c9%99h-yes-nourish-x%c9%99tli-qeyd-d%c9%99ft%c9%99ri\/#breadcrumb","itemListElement":[{"@type":"ListItem","position":1,"name":"Home","item":"https:\/\/antaris.az\/"},{"@type":"ListItem","position":2,"name":"Ma\u011faza","item":"https:\/\/antaris.az\/ru\/shop\/"},{"@type":"ListItem","position":3,"name":"D\u0259ft\u0259r 764193 NOUR\u0130SH Yes"}]},{"@type":"WebSite","@id":"https:\/\/antaris.az\/#website","url":"https:\/\/antaris.az\/","name":"Antaris","description":"Ofis, ev, m\u0259kt\u0259b \u00fc\u00e7\u00fcn h\u0259r \u015fey","publisher":{"@id":"https:\/\/antaris.az\/#organization"},"potentialAction":[{"@type":"SearchAction","target":{"@type":"EntryPoint","urlTemplate":"https:\/\/antaris.az\/?s={search_term_string}"},"query-input":{"@type":"PropertyValueSpecification","valueRequired":true,"valueName":"search_term_string"}}],"inLanguage":"ru-RU"},{"@type":"Organization","@id":"https:\/\/antaris.az\/#organization","name":"\u0410\u043d\u0442\u0430\u0440\u0438\u0441 \u0417\u0410\u041e","url":"https:\/\/antaris.az\/","logo":{"@type":"ImageObject","inLanguage":"ru-RU","@id":"https:\/\/antaris.az\/#\/schema\/logo\/image\/","url":"https:\/\/antaris.az\/wp-content\/uploads\/2025\/03\/Antaris-logo.png","contentUrl":"https:\/\/antaris.az\/wp-content\/uploads\/2025\/03\/Antaris-logo.png","width":500,"height":500,"caption":"Antaris QSC"},"image":{"@id":"https:\/\/antaris.az\/#\/schema\/logo\/image\/"},"sameAs":["https:\/\/www.facebook.com\/antaris.az\/","https:\/\/www.instagram.com\/antaris.az\/"]}]}},"_links":{"self":[{"href":"https:\/\/antaris.az\/ru\/wp-json\/wp\/v2\/product\/36996","targetHints":{"allow":["GET"]}}],"collection":[{"href":"https:\/\/antaris.az\/ru\/wp-json\/wp\/v2\/product"}],"about":[{"href":"https:\/\/antaris.az\/ru\/wp-json\/wp\/v2\/types\/product"}],"version-history":[{"count":0,"href":"https:\/\/antaris.az\/ru\/wp-json\/wp\/v2\/product\/36996\/revisions"}],"wp:featuredmedia":[{"embeddable":true,"href":"https:\/\/antaris.az\/ru\/wp-json\/wp\/v2\/media\/37760"}],"wp:attachment":[{"href":"https:\/\/antaris.az\/ru\/wp-json\/wp\/v2\/media?parent=36996"}],"wp:term":[{"taxonomy":"product_brand","embeddable":true,"href":"https:\/\/antaris.az\/ru\/wp-json\/wp\/v2\/product_brand?post=36996"},{"taxonomy":"product_cat","embeddable":true,"href":"https:\/\/antaris.az\/ru\/wp-json\/wp\/v2\/product_cat?post=36996"},{"taxonomy":"product_tag","embeddable":true,"href":"https:\/\/antaris.az\/ru\/wp-json\/wp\/v2\/product_tag?post=36996"}],"curies":[{"name":"wp","href":"https:\/\/api.w.org\/{rel}","templated":true}]}}