{"id":36984,"date":"2020-09-14T12:05:50","date_gmt":"2020-09-14T09:05:50","guid":{"rendered":"http:\/\/www2.antaris.az\/?post_type=product&#038;p=36984"},"modified":"2024-11-26T16:39:25","modified_gmt":"2024-11-26T12:39:25","slug":"a5-48-s%c9%99h-yes-art-geo-damali-qeyd-d%c9%99ft%c9%99ri","status":"publish","type":"product","link":"https:\/\/antaris.az\/ru\/m\u0259hsul\/a5-48-s%c9%99h-yes-art-geo-damali-qeyd-d%c9%99ft%c9%99ri\/","title":{"rendered":"D\u0259ft\u0259r 763275 Art Geo Yes"},"content":{"rendered":"<p>Bu d\u0259ft\u0259rl\u0259ri \u0259linizd\u0259n k\u0259nara qoymaq ist\u0259miy\u0259c\u0259ksiniz. M\u00fckmm\u0259l dizayner \u00f6rt\u00fckl\u00fc, b\u00fcll\u00fcr a\u011f daxili \u00e7ap\u0131, g\u00f6zl\u0259rinizi yormayacaq. B\u00fct\u00fcn bu keyfiyy\u0259tl\u0259r YES markas\u0131n\u0131n \u0259n d\u0259bli d\u0259ft\u0259rl\u0259rind\u0259dir. Sizin ideyalar\u0131n\u0131z \u00fc\u00e7\u00fcn \u0259n yax\u015f\u0131 se\u00e7imdir.<\/p>","protected":false},"excerpt":{"rendered":"<p>Format: A5<br \/>\nS\u0259hif\u0259 say\u0131: 48<br \/>\n\u00dcz qab\u0131\u011f\u0131: \u0130ridium<br \/>\nDaxili \u00e7ap: Damal\u0131<br \/>\n\u041f\u0440\u043e\u0438\u0437\u0432\u043e\u0434\u0438\u0442\u0435\u043b: \u0423\u043a\u0440\u0430\u0438\u043d\u0430<br \/>\n\u0130stehsal\u00e7\u0131 m\u0259hsul kodu: 763275<br \/>\n\u0130stehsal\u00e7\u0131 firma: YES<\/p>\n<p><a href=\"http:\/\/antaris.az\/wp-content\/uploads\/2020\/08\/TOP-stiker-1.png\"><img decoding=\"async\" class=\"alignnone size-medium wp-image-23556\" src=\"http:\/\/antaris.az\/wp-content\/uploads\/2020\/08\/TOP-stiker-1-300x48.png\" alt=\"\" width=\"300\" height=\"48\" srcset=\"https:\/\/antaris.az\/wp-content\/uploads\/2020\/08\/TOP-stiker-1-300x48.png 300w, https:\/\/antaris.az\/wp-content\/uploads\/2020\/08\/TOP-stiker-1-150x24.png 150w, https:\/\/antaris.az\/wp-content\/uploads\/2020\/08\/TOP-stiker-1.png 501w\" sizes=\"(max-width: 300px) 100vw, 300px\" \/><\/a><br \/>\n<a href=\"http:\/\/antaris.az\/wp-content\/uploads\/2020\/08\/For-Shcool-Stiker-gold.png\"><img decoding=\"async\" class=\"alignnone wp-image-27149 size-thumbnail\" src=\"http:\/\/antaris.az\/wp-content\/uploads\/2020\/08\/For-Shcool-Stiker-gold-150x150.png\" alt=\"\" width=\"150\" height=\"150\" srcset=\"https:\/\/antaris.az\/wp-content\/uploads\/2020\/08\/For-Shcool-Stiker-gold-150x150.png 150w, https:\/\/antaris.az\/wp-content\/uploads\/2020\/08\/For-Shcool-Stiker-gold-300x300.png 300w, https:\/\/antaris.az\/wp-content\/uploads\/2020\/08\/For-Shcool-Stiker-gold.png 501w\" sizes=\"(max-width: 150px) 100vw, 150px\" \/><\/a><\/p>","protected":false},"featured_media":37725,"template":"","meta":{"_joinchat":[]},"product_brand":[],"product_cat":[516],"product_tag":[],"class_list":{"0":"post-36984","1":"product","2":"type-product","3":"status-publish","4":"has-post-thumbnail","6":"product_cat-dftrlr","7":"pa_brand-yes","8":"pa_cins-oglan","9":"pa_cins-qiz","10":"pa_cins-unisex","11":"pa_novu-standart","12":"pa_olcu-a5","14":"first","15":"instock","16":"shipping-taxable","17":"purchasable","18":"product-type-simple"},"yoast_head":"<!-- This site is optimized with the Yoast SEO plugin v27.3 - https:\/\/yoast.com\/product\/yoast-seo-wordpress\/ -->\n<title>D\u0259ft\u0259r 763275 Art Geo Yes - Antaris<\/title>\n<meta name=\"robots\" content=\"index, follow, max-snippet:-1, max-image-preview:large, max-video-preview:-1\" \/>\n<link rel=\"canonical\" href=\"https:\/\/antaris.az\/ru\/m\u0259hsul\/a5-48-s\u0259h-yes-art-geo-damali-qeyd-d\u0259ft\u0259ri\/\" \/>\n<meta property=\"og:locale\" content=\"ru_RU\" \/>\n<meta property=\"og:type\" content=\"article\" \/>\n<meta property=\"og:title\" content=\"D\u0259ft\u0259r 763275 Art Geo Yes - Antaris\" \/>\n<meta property=\"og:description\" content=\"Format: A5 S\u0259hif\u0259 say\u0131: 48 \u00dcz qab\u0131\u011f\u0131: \u0130ridium Daxili \u00e7ap: Damal\u0131 \u0130stehsal\u00e7\u0131 \u00f6lk\u0259: Ukrayna \u0130stehsal\u00e7\u0131 m\u0259hsul kodu: 763275 \u0130stehsal\u00e7\u0131 firma: YES\" \/>\n<meta property=\"og:url\" content=\"https:\/\/antaris.az\/ru\/m\u0259hsul\/a5-48-s\u0259h-yes-art-geo-damali-qeyd-d\u0259ft\u0259ri\/\" \/>\n<meta property=\"og:site_name\" content=\"Antaris\" \/>\n<meta property=\"article:publisher\" content=\"https:\/\/www.facebook.com\/antaris.az\/\" \/>\n<meta property=\"article:modified_time\" content=\"2024-11-26T12:39:25+00:00\" \/>\n<meta property=\"og:image\" content=\"https:\/\/antaris.az\/wp-content\/uploads\/2020\/08\/A548-s\u0259h.YES-Art-Geo-damali-qeyd-d\u0259ft\u0259ri4.jpg\" \/>\n\t<meta property=\"og:image:width\" content=\"800\" \/>\n\t<meta property=\"og:image:height\" content=\"800\" \/>\n\t<meta property=\"og:image:type\" content=\"image\/jpeg\" \/>\n<script type=\"application\/ld+json\" class=\"yoast-schema-graph\">{\"@context\":\"https:\\\/\\\/schema.org\",\"@graph\":[{\"@type\":\"WebPage\",\"@id\":\"https:\\\/\\\/antaris.az\\\/m\u0259hsul\\\/a5-48-s%c9%99h-yes-art-geo-damali-qeyd-d%c9%99ft%c9%99ri\\\/\",\"url\":\"https:\\\/\\\/antaris.az\\\/m\u0259hsul\\\/a5-48-s%c9%99h-yes-art-geo-damali-qeyd-d%c9%99ft%c9%99ri\\\/\",\"name\":\"D\u0259ft\u0259r 763275 Art Geo Yes - Antaris\",\"isPartOf\":{\"@id\":\"https:\\\/\\\/antaris.az\\\/#website\"},\"primaryImageOfPage\":{\"@id\":\"https:\\\/\\\/antaris.az\\\/m\u0259hsul\\\/a5-48-s%c9%99h-yes-art-geo-damali-qeyd-d%c9%99ft%c9%99ri\\\/#primaryimage\"},\"image\":{\"@id\":\"https:\\\/\\\/antaris.az\\\/m\u0259hsul\\\/a5-48-s%c9%99h-yes-art-geo-damali-qeyd-d%c9%99ft%c9%99ri\\\/#primaryimage\"},\"thumbnailUrl\":\"https:\\\/\\\/antaris.az\\\/wp-content\\\/uploads\\\/2020\\\/08\\\/A548-s\u0259h.YES-Art-Geo-damali-qeyd-d\u0259ft\u0259ri4.jpg\",\"datePublished\":\"2020-09-14T09:05:50+00:00\",\"dateModified\":\"2024-11-26T12:39:25+00:00\",\"breadcrumb\":{\"@id\":\"https:\\\/\\\/antaris.az\\\/m\u0259hsul\\\/a5-48-s%c9%99h-yes-art-geo-damali-qeyd-d%c9%99ft%c9%99ri\\\/#breadcrumb\"},\"inLanguage\":\"ru-RU\",\"potentialAction\":[{\"@type\":\"ReadAction\",\"target\":[\"https:\\\/\\\/antaris.az\\\/m\u0259hsul\\\/a5-48-s%c9%99h-yes-art-geo-damali-qeyd-d%c9%99ft%c9%99ri\\\/\"]}]},{\"@type\":\"ImageObject\",\"inLanguage\":\"ru-RU\",\"@id\":\"https:\\\/\\\/antaris.az\\\/m\u0259hsul\\\/a5-48-s%c9%99h-yes-art-geo-damali-qeyd-d%c9%99ft%c9%99ri\\\/#primaryimage\",\"url\":\"https:\\\/\\\/antaris.az\\\/wp-content\\\/uploads\\\/2020\\\/08\\\/A548-s\u0259h.YES-Art-Geo-damali-qeyd-d\u0259ft\u0259ri4.jpg\",\"contentUrl\":\"https:\\\/\\\/antaris.az\\\/wp-content\\\/uploads\\\/2020\\\/08\\\/A548-s\u0259h.YES-Art-Geo-damali-qeyd-d\u0259ft\u0259ri4.jpg\",\"width\":800,\"height\":800},{\"@type\":\"BreadcrumbList\",\"@id\":\"https:\\\/\\\/antaris.az\\\/m\u0259hsul\\\/a5-48-s%c9%99h-yes-art-geo-damali-qeyd-d%c9%99ft%c9%99ri\\\/#breadcrumb\",\"itemListElement\":[{\"@type\":\"ListItem\",\"position\":1,\"name\":\"Home\",\"item\":\"https:\\\/\\\/antaris.az\\\/\"},{\"@type\":\"ListItem\",\"position\":2,\"name\":\"Ma\u011faza\",\"item\":\"https:\\\/\\\/antaris.az\\\/ru\\\/shop\\\/\"},{\"@type\":\"ListItem\",\"position\":3,\"name\":\"D\u0259ft\u0259r 763275 Art Geo Yes\"}]},{\"@type\":\"WebSite\",\"@id\":\"https:\\\/\\\/antaris.az\\\/#website\",\"url\":\"https:\\\/\\\/antaris.az\\\/\",\"name\":\"Antaris\",\"description\":\"Ofis, ev, m\u0259kt\u0259b \u00fc\u00e7\u00fcn h\u0259r \u015fey\",\"publisher\":{\"@id\":\"https:\\\/\\\/antaris.az\\\/#organization\"},\"potentialAction\":[{\"@type\":\"SearchAction\",\"target\":{\"@type\":\"EntryPoint\",\"urlTemplate\":\"https:\\\/\\\/antaris.az\\\/?s={search_term_string}\"},\"query-input\":{\"@type\":\"PropertyValueSpecification\",\"valueRequired\":true,\"valueName\":\"search_term_string\"}}],\"inLanguage\":\"ru-RU\"},{\"@type\":\"Organization\",\"@id\":\"https:\\\/\\\/antaris.az\\\/#organization\",\"name\":\"Antaris QSC\",\"url\":\"https:\\\/\\\/antaris.az\\\/\",\"logo\":{\"@type\":\"ImageObject\",\"inLanguage\":\"ru-RU\",\"@id\":\"https:\\\/\\\/antaris.az\\\/#\\\/schema\\\/logo\\\/image\\\/\",\"url\":\"https:\\\/\\\/antaris.az\\\/wp-content\\\/uploads\\\/2025\\\/03\\\/Antaris-logo.png\",\"contentUrl\":\"https:\\\/\\\/antaris.az\\\/wp-content\\\/uploads\\\/2025\\\/03\\\/Antaris-logo.png\",\"width\":500,\"height\":500,\"caption\":\"Antaris QSC\"},\"image\":{\"@id\":\"https:\\\/\\\/antaris.az\\\/#\\\/schema\\\/logo\\\/image\\\/\"},\"sameAs\":[\"https:\\\/\\\/www.facebook.com\\\/antaris.az\\\/\",\"https:\\\/\\\/www.instagram.com\\\/antaris.az\\\/\"]}]}<\/script>\n<!-- \/ Yoast SEO plugin. -->","yoast_head_json":{"title":"D\u0259ft\u0259r 763275 Art Geo Yes - Antaris","robots":{"index":"index","follow":"follow","max-snippet":"max-snippet:-1","max-image-preview":"max-image-preview:large","max-video-preview":"max-video-preview:-1"},"canonical":"https:\/\/antaris.az\/ru\/m\u0259hsul\/a5-48-s\u0259h-yes-art-geo-damali-qeyd-d\u0259ft\u0259ri\/","og_locale":"ru_RU","og_type":"article","og_title":"D\u0259ft\u0259r 763275 Art Geo Yes - Antaris","og_description":"Format: A5 S\u0259hif\u0259 say\u0131: 48 \u00dcz qab\u0131\u011f\u0131: \u0130ridium Daxili \u00e7ap: Damal\u0131 \u0130stehsal\u00e7\u0131 \u00f6lk\u0259: Ukrayna \u0130stehsal\u00e7\u0131 m\u0259hsul kodu: 763275 \u0130stehsal\u00e7\u0131 firma: YES","og_url":"https:\/\/antaris.az\/ru\/m\u0259hsul\/a5-48-s\u0259h-yes-art-geo-damali-qeyd-d\u0259ft\u0259ri\/","og_site_name":"Antaris","article_publisher":"https:\/\/www.facebook.com\/antaris.az\/","article_modified_time":"2024-11-26T12:39:25+00:00","og_image":[{"width":800,"height":800,"url":"https:\/\/antaris.az\/wp-content\/uploads\/2020\/08\/A548-s\u0259h.YES-Art-Geo-damali-qeyd-d\u0259ft\u0259ri4.jpg","type":"image\/jpeg"}],"schema":{"@context":"https:\/\/schema.org","@graph":[{"@type":"WebPage","@id":"https:\/\/antaris.az\/m\u0259hsul\/a5-48-s%c9%99h-yes-art-geo-damali-qeyd-d%c9%99ft%c9%99ri\/","url":"https:\/\/antaris.az\/m\u0259hsul\/a5-48-s%c9%99h-yes-art-geo-damali-qeyd-d%c9%99ft%c9%99ri\/","name":"D\u0259ft\u0259r 763275 Art Geo Yes - Antaris","isPartOf":{"@id":"https:\/\/antaris.az\/#website"},"primaryImageOfPage":{"@id":"https:\/\/antaris.az\/m\u0259hsul\/a5-48-s%c9%99h-yes-art-geo-damali-qeyd-d%c9%99ft%c9%99ri\/#primaryimage"},"image":{"@id":"https:\/\/antaris.az\/m\u0259hsul\/a5-48-s%c9%99h-yes-art-geo-damali-qeyd-d%c9%99ft%c9%99ri\/#primaryimage"},"thumbnailUrl":"https:\/\/antaris.az\/wp-content\/uploads\/2020\/08\/A548-s\u0259h.YES-Art-Geo-damali-qeyd-d\u0259ft\u0259ri4.jpg","datePublished":"2020-09-14T09:05:50+00:00","dateModified":"2024-11-26T12:39:25+00:00","breadcrumb":{"@id":"https:\/\/antaris.az\/m\u0259hsul\/a5-48-s%c9%99h-yes-art-geo-damali-qeyd-d%c9%99ft%c9%99ri\/#breadcrumb"},"inLanguage":"ru-RU","potentialAction":[{"@type":"ReadAction","target":["https:\/\/antaris.az\/m\u0259hsul\/a5-48-s%c9%99h-yes-art-geo-damali-qeyd-d%c9%99ft%c9%99ri\/"]}]},{"@type":"ImageObject","inLanguage":"ru-RU","@id":"https:\/\/antaris.az\/m\u0259hsul\/a5-48-s%c9%99h-yes-art-geo-damali-qeyd-d%c9%99ft%c9%99ri\/#primaryimage","url":"https:\/\/antaris.az\/wp-content\/uploads\/2020\/08\/A548-s\u0259h.YES-Art-Geo-damali-qeyd-d\u0259ft\u0259ri4.jpg","contentUrl":"https:\/\/antaris.az\/wp-content\/uploads\/2020\/08\/A548-s\u0259h.YES-Art-Geo-damali-qeyd-d\u0259ft\u0259ri4.jpg","width":800,"height":800},{"@type":"BreadcrumbList","@id":"https:\/\/antaris.az\/m\u0259hsul\/a5-48-s%c9%99h-yes-art-geo-damali-qeyd-d%c9%99ft%c9%99ri\/#breadcrumb","itemListElement":[{"@type":"ListItem","position":1,"name":"Home","item":"https:\/\/antaris.az\/"},{"@type":"ListItem","position":2,"name":"Ma\u011faza","item":"https:\/\/antaris.az\/ru\/shop\/"},{"@type":"ListItem","position":3,"name":"D\u0259ft\u0259r 763275 Art Geo Yes"}]},{"@type":"WebSite","@id":"https:\/\/antaris.az\/#website","url":"https:\/\/antaris.az\/","name":"Antaris","description":"Ofis, ev, m\u0259kt\u0259b \u00fc\u00e7\u00fcn h\u0259r \u015fey","publisher":{"@id":"https:\/\/antaris.az\/#organization"},"potentialAction":[{"@type":"SearchAction","target":{"@type":"EntryPoint","urlTemplate":"https:\/\/antaris.az\/?s={search_term_string}"},"query-input":{"@type":"PropertyValueSpecification","valueRequired":true,"valueName":"search_term_string"}}],"inLanguage":"ru-RU"},{"@type":"Organization","@id":"https:\/\/antaris.az\/#organization","name":"\u0410\u043d\u0442\u0430\u0440\u0438\u0441 \u0417\u0410\u041e","url":"https:\/\/antaris.az\/","logo":{"@type":"ImageObject","inLanguage":"ru-RU","@id":"https:\/\/antaris.az\/#\/schema\/logo\/image\/","url":"https:\/\/antaris.az\/wp-content\/uploads\/2025\/03\/Antaris-logo.png","contentUrl":"https:\/\/antaris.az\/wp-content\/uploads\/2025\/03\/Antaris-logo.png","width":500,"height":500,"caption":"Antaris QSC"},"image":{"@id":"https:\/\/antaris.az\/#\/schema\/logo\/image\/"},"sameAs":["https:\/\/www.facebook.com\/antaris.az\/","https:\/\/www.instagram.com\/antaris.az\/"]}]}},"_links":{"self":[{"href":"https:\/\/antaris.az\/ru\/wp-json\/wp\/v2\/product\/36984","targetHints":{"allow":["GET"]}}],"collection":[{"href":"https:\/\/antaris.az\/ru\/wp-json\/wp\/v2\/product"}],"about":[{"href":"https:\/\/antaris.az\/ru\/wp-json\/wp\/v2\/types\/product"}],"version-history":[{"count":0,"href":"https:\/\/antaris.az\/ru\/wp-json\/wp\/v2\/product\/36984\/revisions"}],"wp:featuredmedia":[{"embeddable":true,"href":"https:\/\/antaris.az\/ru\/wp-json\/wp\/v2\/media\/37725"}],"wp:attachment":[{"href":"https:\/\/antaris.az\/ru\/wp-json\/wp\/v2\/media?parent=36984"}],"wp:term":[{"taxonomy":"product_brand","embeddable":true,"href":"https:\/\/antaris.az\/ru\/wp-json\/wp\/v2\/product_brand?post=36984"},{"taxonomy":"product_cat","embeddable":true,"href":"https:\/\/antaris.az\/ru\/wp-json\/wp\/v2\/product_cat?post=36984"},{"taxonomy":"product_tag","embeddable":true,"href":"https:\/\/antaris.az\/ru\/wp-json\/wp\/v2\/product_tag?post=36984"}],"curies":[{"name":"wp","href":"https:\/\/api.w.org\/{rel}","templated":true}]}}