{"id":36934,"date":"2020-09-14T11:38:02","date_gmt":"2020-09-14T08:38:02","guid":{"rendered":"http:\/\/www2.antaris.az\/?post_type=product&#038;p=36934"},"modified":"2024-11-26T16:39:26","modified_gmt":"2024-11-26T12:39:26","slug":"a5-48-s%c9%99h-yes-cografiya-damali-d%c9%99ft%c9%99r","status":"publish","type":"product","link":"https:\/\/antaris.az\/ru\/m\u0259hsul\/a5-48-s%c9%99h-yes-cografiya-damali-d%c9%99ft%c9%99r\/","title":{"rendered":"D\u0259ft\u0259r 764035 Co\u011frafiya Yes"},"content":{"rendered":"<p>D\u0259ft\u0259rd\u0259 iki \u00f6rt\u00fckd\u0259 Co\u011frafiya F\u0259nni \u00fcz\u00fcr\u0259 \u0259sas m\u0259lumatlar var. \u00d6rt\u00fck bir ne\u00e7\u0259 dizayn se\u00e7imind\u0259 haz\u0131rlanm\u0131\u015fd\u0131r.<\/p>","protected":false},"excerpt":{"rendered":"<p>Format: A5<br \/>\nS\u0259hif\u0259 say\u0131: 48<br \/>\nDaxili \u00e7ap: Damal\u0131<br \/>\n\u041f\u0440\u043e\u0438\u0437\u0432\u043e\u0434\u0438\u0442\u0435\u043b: \u0423\u043a\u0440\u0430\u0438\u043d\u0430<br \/>\n\u0130stehsal\u00e7\u0131 m\u0259hsul kodu: 764035<br \/>\n\u0130stehsal\u00e7\u0131 firma: YES<\/p>\n<p><a href=\"http:\/\/antaris.az\/wp-content\/uploads\/2020\/08\/TOP-stiker-1.png\"><img decoding=\"async\" class=\"alignnone size-medium wp-image-23556\" src=\"http:\/\/antaris.az\/wp-content\/uploads\/2020\/08\/TOP-stiker-1-300x48.png\" alt=\"\" width=\"300\" height=\"48\" srcset=\"https:\/\/antaris.az\/wp-content\/uploads\/2020\/08\/TOP-stiker-1-300x48.png 300w, https:\/\/antaris.az\/wp-content\/uploads\/2020\/08\/TOP-stiker-1-150x24.png 150w, https:\/\/antaris.az\/wp-content\/uploads\/2020\/08\/TOP-stiker-1.png 501w\" sizes=\"(max-width: 300px) 100vw, 300px\" \/><\/a><br \/>\n<a href=\"http:\/\/antaris.az\/wp-content\/uploads\/2020\/08\/For-Shcool-Stiker-gold.png\"><img decoding=\"async\" class=\"alignnone wp-image-27149 size-thumbnail\" src=\"http:\/\/antaris.az\/wp-content\/uploads\/2020\/08\/For-Shcool-Stiker-gold-150x150.png\" alt=\"\" width=\"150\" height=\"150\" srcset=\"https:\/\/antaris.az\/wp-content\/uploads\/2020\/08\/For-Shcool-Stiker-gold-150x150.png 150w, https:\/\/antaris.az\/wp-content\/uploads\/2020\/08\/For-Shcool-Stiker-gold-300x300.png 300w, https:\/\/antaris.az\/wp-content\/uploads\/2020\/08\/For-Shcool-Stiker-gold.png 501w\" sizes=\"(max-width: 150px) 100vw, 150px\" \/><\/a><\/p>","protected":false},"featured_media":37728,"template":"","meta":{"_joinchat":[]},"product_brand":[],"product_cat":[516],"product_tag":[],"class_list":{"0":"post-36934","1":"product","2":"type-product","3":"status-publish","4":"has-post-thumbnail","6":"product_cat-dftrlr","7":"pa_brand-yes","8":"pa_cins-oglan","9":"pa_cins-qiz","10":"pa_novu-standart","11":"pa_olcu-a5","13":"first","14":"instock","15":"shipping-taxable","16":"purchasable","17":"product-type-simple"},"yoast_head":"<!-- This site is optimized with the Yoast SEO plugin v27.3 - https:\/\/yoast.com\/product\/yoast-seo-wordpress\/ -->\n<title>D\u0259ft\u0259r 764035 Co\u011frafiya Yes - Antaris<\/title>\n<meta name=\"robots\" content=\"index, follow, max-snippet:-1, max-image-preview:large, max-video-preview:-1\" \/>\n<link rel=\"canonical\" href=\"https:\/\/antaris.az\/ru\/m\u0259hsul\/a5-48-s\u0259h-yes-cografiya-damali-d\u0259ft\u0259r\/\" \/>\n<meta property=\"og:locale\" content=\"ru_RU\" \/>\n<meta property=\"og:type\" content=\"article\" \/>\n<meta property=\"og:title\" content=\"D\u0259ft\u0259r 764035 Co\u011frafiya Yes - Antaris\" \/>\n<meta property=\"og:description\" content=\"Format: A5 S\u0259hif\u0259 say\u0131: 48 Daxili \u00e7ap: Damal\u0131 \u0130stehsal\u00e7\u0131 \u00f6lk\u0259: Ukrayna \u0130stehsal\u00e7\u0131 m\u0259hsul kodu: 764035 \u0130stehsal\u00e7\u0131 firma: YES\" \/>\n<meta property=\"og:url\" content=\"https:\/\/antaris.az\/ru\/m\u0259hsul\/a5-48-s\u0259h-yes-cografiya-damali-d\u0259ft\u0259r\/\" \/>\n<meta property=\"og:site_name\" content=\"Antaris\" \/>\n<meta property=\"article:publisher\" content=\"https:\/\/www.facebook.com\/antaris.az\/\" \/>\n<meta property=\"article:modified_time\" content=\"2024-11-26T12:39:26+00:00\" \/>\n<meta property=\"og:image\" content=\"https:\/\/antaris.az\/wp-content\/uploads\/2020\/09\/A548-s\u0259h.-YES-Cografiya-damali-d\u0259ft\u0259r.jpg\" \/>\n\t<meta property=\"og:image:width\" content=\"800\" \/>\n\t<meta property=\"og:image:height\" content=\"800\" \/>\n\t<meta property=\"og:image:type\" content=\"image\/jpeg\" \/>\n<script type=\"application\/ld+json\" class=\"yoast-schema-graph\">{\"@context\":\"https:\\\/\\\/schema.org\",\"@graph\":[{\"@type\":\"WebPage\",\"@id\":\"https:\\\/\\\/antaris.az\\\/m\u0259hsul\\\/a5-48-s%c9%99h-yes-cografiya-damali-d%c9%99ft%c9%99r\\\/\",\"url\":\"https:\\\/\\\/antaris.az\\\/m\u0259hsul\\\/a5-48-s%c9%99h-yes-cografiya-damali-d%c9%99ft%c9%99r\\\/\",\"name\":\"D\u0259ft\u0259r 764035 Co\u011frafiya Yes - Antaris\",\"isPartOf\":{\"@id\":\"https:\\\/\\\/antaris.az\\\/#website\"},\"primaryImageOfPage\":{\"@id\":\"https:\\\/\\\/antaris.az\\\/m\u0259hsul\\\/a5-48-s%c9%99h-yes-cografiya-damali-d%c9%99ft%c9%99r\\\/#primaryimage\"},\"image\":{\"@id\":\"https:\\\/\\\/antaris.az\\\/m\u0259hsul\\\/a5-48-s%c9%99h-yes-cografiya-damali-d%c9%99ft%c9%99r\\\/#primaryimage\"},\"thumbnailUrl\":\"https:\\\/\\\/antaris.az\\\/wp-content\\\/uploads\\\/2020\\\/09\\\/A548-s\u0259h.-YES-Cografiya-damali-d\u0259ft\u0259r.jpg\",\"datePublished\":\"2020-09-14T08:38:02+00:00\",\"dateModified\":\"2024-11-26T12:39:26+00:00\",\"breadcrumb\":{\"@id\":\"https:\\\/\\\/antaris.az\\\/m\u0259hsul\\\/a5-48-s%c9%99h-yes-cografiya-damali-d%c9%99ft%c9%99r\\\/#breadcrumb\"},\"inLanguage\":\"ru-RU\",\"potentialAction\":[{\"@type\":\"ReadAction\",\"target\":[\"https:\\\/\\\/antaris.az\\\/m\u0259hsul\\\/a5-48-s%c9%99h-yes-cografiya-damali-d%c9%99ft%c9%99r\\\/\"]}]},{\"@type\":\"ImageObject\",\"inLanguage\":\"ru-RU\",\"@id\":\"https:\\\/\\\/antaris.az\\\/m\u0259hsul\\\/a5-48-s%c9%99h-yes-cografiya-damali-d%c9%99ft%c9%99r\\\/#primaryimage\",\"url\":\"https:\\\/\\\/antaris.az\\\/wp-content\\\/uploads\\\/2020\\\/09\\\/A548-s\u0259h.-YES-Cografiya-damali-d\u0259ft\u0259r.jpg\",\"contentUrl\":\"https:\\\/\\\/antaris.az\\\/wp-content\\\/uploads\\\/2020\\\/09\\\/A548-s\u0259h.-YES-Cografiya-damali-d\u0259ft\u0259r.jpg\",\"width\":800,\"height\":800},{\"@type\":\"BreadcrumbList\",\"@id\":\"https:\\\/\\\/antaris.az\\\/m\u0259hsul\\\/a5-48-s%c9%99h-yes-cografiya-damali-d%c9%99ft%c9%99r\\\/#breadcrumb\",\"itemListElement\":[{\"@type\":\"ListItem\",\"position\":1,\"name\":\"Home\",\"item\":\"https:\\\/\\\/antaris.az\\\/\"},{\"@type\":\"ListItem\",\"position\":2,\"name\":\"Ma\u011faza\",\"item\":\"https:\\\/\\\/antaris.az\\\/ru\\\/shop\\\/\"},{\"@type\":\"ListItem\",\"position\":3,\"name\":\"D\u0259ft\u0259r 764035 Co\u011frafiya Yes\"}]},{\"@type\":\"WebSite\",\"@id\":\"https:\\\/\\\/antaris.az\\\/#website\",\"url\":\"https:\\\/\\\/antaris.az\\\/\",\"name\":\"Antaris\",\"description\":\"Ofis, ev, m\u0259kt\u0259b \u00fc\u00e7\u00fcn h\u0259r \u015fey\",\"publisher\":{\"@id\":\"https:\\\/\\\/antaris.az\\\/#organization\"},\"potentialAction\":[{\"@type\":\"SearchAction\",\"target\":{\"@type\":\"EntryPoint\",\"urlTemplate\":\"https:\\\/\\\/antaris.az\\\/?s={search_term_string}\"},\"query-input\":{\"@type\":\"PropertyValueSpecification\",\"valueRequired\":true,\"valueName\":\"search_term_string\"}}],\"inLanguage\":\"ru-RU\"},{\"@type\":\"Organization\",\"@id\":\"https:\\\/\\\/antaris.az\\\/#organization\",\"name\":\"Antaris QSC\",\"url\":\"https:\\\/\\\/antaris.az\\\/\",\"logo\":{\"@type\":\"ImageObject\",\"inLanguage\":\"ru-RU\",\"@id\":\"https:\\\/\\\/antaris.az\\\/#\\\/schema\\\/logo\\\/image\\\/\",\"url\":\"https:\\\/\\\/antaris.az\\\/wp-content\\\/uploads\\\/2025\\\/03\\\/Antaris-logo.png\",\"contentUrl\":\"https:\\\/\\\/antaris.az\\\/wp-content\\\/uploads\\\/2025\\\/03\\\/Antaris-logo.png\",\"width\":500,\"height\":500,\"caption\":\"Antaris QSC\"},\"image\":{\"@id\":\"https:\\\/\\\/antaris.az\\\/#\\\/schema\\\/logo\\\/image\\\/\"},\"sameAs\":[\"https:\\\/\\\/www.facebook.com\\\/antaris.az\\\/\",\"https:\\\/\\\/www.instagram.com\\\/antaris.az\\\/\"]}]}<\/script>\n<!-- \/ Yoast SEO plugin. -->","yoast_head_json":{"title":"D\u0259ft\u0259r 764035 Co\u011frafiya Yes - Antaris","robots":{"index":"index","follow":"follow","max-snippet":"max-snippet:-1","max-image-preview":"max-image-preview:large","max-video-preview":"max-video-preview:-1"},"canonical":"https:\/\/antaris.az\/ru\/m\u0259hsul\/a5-48-s\u0259h-yes-cografiya-damali-d\u0259ft\u0259r\/","og_locale":"ru_RU","og_type":"article","og_title":"D\u0259ft\u0259r 764035 Co\u011frafiya Yes - Antaris","og_description":"Format: A5 S\u0259hif\u0259 say\u0131: 48 Daxili \u00e7ap: Damal\u0131 \u0130stehsal\u00e7\u0131 \u00f6lk\u0259: Ukrayna \u0130stehsal\u00e7\u0131 m\u0259hsul kodu: 764035 \u0130stehsal\u00e7\u0131 firma: YES","og_url":"https:\/\/antaris.az\/ru\/m\u0259hsul\/a5-48-s\u0259h-yes-cografiya-damali-d\u0259ft\u0259r\/","og_site_name":"Antaris","article_publisher":"https:\/\/www.facebook.com\/antaris.az\/","article_modified_time":"2024-11-26T12:39:26+00:00","og_image":[{"width":800,"height":800,"url":"https:\/\/antaris.az\/wp-content\/uploads\/2020\/09\/A548-s\u0259h.-YES-Cografiya-damali-d\u0259ft\u0259r.jpg","type":"image\/jpeg"}],"schema":{"@context":"https:\/\/schema.org","@graph":[{"@type":"WebPage","@id":"https:\/\/antaris.az\/m\u0259hsul\/a5-48-s%c9%99h-yes-cografiya-damali-d%c9%99ft%c9%99r\/","url":"https:\/\/antaris.az\/m\u0259hsul\/a5-48-s%c9%99h-yes-cografiya-damali-d%c9%99ft%c9%99r\/","name":"D\u0259ft\u0259r 764035 Co\u011frafiya Yes - Antaris","isPartOf":{"@id":"https:\/\/antaris.az\/#website"},"primaryImageOfPage":{"@id":"https:\/\/antaris.az\/m\u0259hsul\/a5-48-s%c9%99h-yes-cografiya-damali-d%c9%99ft%c9%99r\/#primaryimage"},"image":{"@id":"https:\/\/antaris.az\/m\u0259hsul\/a5-48-s%c9%99h-yes-cografiya-damali-d%c9%99ft%c9%99r\/#primaryimage"},"thumbnailUrl":"https:\/\/antaris.az\/wp-content\/uploads\/2020\/09\/A548-s\u0259h.-YES-Cografiya-damali-d\u0259ft\u0259r.jpg","datePublished":"2020-09-14T08:38:02+00:00","dateModified":"2024-11-26T12:39:26+00:00","breadcrumb":{"@id":"https:\/\/antaris.az\/m\u0259hsul\/a5-48-s%c9%99h-yes-cografiya-damali-d%c9%99ft%c9%99r\/#breadcrumb"},"inLanguage":"ru-RU","potentialAction":[{"@type":"ReadAction","target":["https:\/\/antaris.az\/m\u0259hsul\/a5-48-s%c9%99h-yes-cografiya-damali-d%c9%99ft%c9%99r\/"]}]},{"@type":"ImageObject","inLanguage":"ru-RU","@id":"https:\/\/antaris.az\/m\u0259hsul\/a5-48-s%c9%99h-yes-cografiya-damali-d%c9%99ft%c9%99r\/#primaryimage","url":"https:\/\/antaris.az\/wp-content\/uploads\/2020\/09\/A548-s\u0259h.-YES-Cografiya-damali-d\u0259ft\u0259r.jpg","contentUrl":"https:\/\/antaris.az\/wp-content\/uploads\/2020\/09\/A548-s\u0259h.-YES-Cografiya-damali-d\u0259ft\u0259r.jpg","width":800,"height":800},{"@type":"BreadcrumbList","@id":"https:\/\/antaris.az\/m\u0259hsul\/a5-48-s%c9%99h-yes-cografiya-damali-d%c9%99ft%c9%99r\/#breadcrumb","itemListElement":[{"@type":"ListItem","position":1,"name":"Home","item":"https:\/\/antaris.az\/"},{"@type":"ListItem","position":2,"name":"Ma\u011faza","item":"https:\/\/antaris.az\/ru\/shop\/"},{"@type":"ListItem","position":3,"name":"D\u0259ft\u0259r 764035 Co\u011frafiya Yes"}]},{"@type":"WebSite","@id":"https:\/\/antaris.az\/#website","url":"https:\/\/antaris.az\/","name":"Antaris","description":"Ofis, ev, m\u0259kt\u0259b \u00fc\u00e7\u00fcn h\u0259r \u015fey","publisher":{"@id":"https:\/\/antaris.az\/#organization"},"potentialAction":[{"@type":"SearchAction","target":{"@type":"EntryPoint","urlTemplate":"https:\/\/antaris.az\/?s={search_term_string}"},"query-input":{"@type":"PropertyValueSpecification","valueRequired":true,"valueName":"search_term_string"}}],"inLanguage":"ru-RU"},{"@type":"Organization","@id":"https:\/\/antaris.az\/#organization","name":"\u0410\u043d\u0442\u0430\u0440\u0438\u0441 \u0417\u0410\u041e","url":"https:\/\/antaris.az\/","logo":{"@type":"ImageObject","inLanguage":"ru-RU","@id":"https:\/\/antaris.az\/#\/schema\/logo\/image\/","url":"https:\/\/antaris.az\/wp-content\/uploads\/2025\/03\/Antaris-logo.png","contentUrl":"https:\/\/antaris.az\/wp-content\/uploads\/2025\/03\/Antaris-logo.png","width":500,"height":500,"caption":"Antaris QSC"},"image":{"@id":"https:\/\/antaris.az\/#\/schema\/logo\/image\/"},"sameAs":["https:\/\/www.facebook.com\/antaris.az\/","https:\/\/www.instagram.com\/antaris.az\/"]}]}},"_links":{"self":[{"href":"https:\/\/antaris.az\/ru\/wp-json\/wp\/v2\/product\/36934","targetHints":{"allow":["GET"]}}],"collection":[{"href":"https:\/\/antaris.az\/ru\/wp-json\/wp\/v2\/product"}],"about":[{"href":"https:\/\/antaris.az\/ru\/wp-json\/wp\/v2\/types\/product"}],"version-history":[{"count":0,"href":"https:\/\/antaris.az\/ru\/wp-json\/wp\/v2\/product\/36934\/revisions"}],"wp:featuredmedia":[{"embeddable":true,"href":"https:\/\/antaris.az\/ru\/wp-json\/wp\/v2\/media\/37728"}],"wp:attachment":[{"href":"https:\/\/antaris.az\/ru\/wp-json\/wp\/v2\/media?parent=36934"}],"wp:term":[{"taxonomy":"product_brand","embeddable":true,"href":"https:\/\/antaris.az\/ru\/wp-json\/wp\/v2\/product_brand?post=36934"},{"taxonomy":"product_cat","embeddable":true,"href":"https:\/\/antaris.az\/ru\/wp-json\/wp\/v2\/product_cat?post=36934"},{"taxonomy":"product_tag","embeddable":true,"href":"https:\/\/antaris.az\/ru\/wp-json\/wp\/v2\/product_tag?post=36934"}],"curies":[{"name":"wp","href":"https:\/\/api.w.org\/{rel}","templated":true}]}}