{"id":23199,"date":"2020-08-06T14:00:21","date_gmt":"2020-08-06T11:00:21","guid":{"rendered":"http:\/\/www2.antaris.az\/?post_type=product&#038;p=23199"},"modified":"2025-03-13T14:20:50","modified_gmt":"2025-03-13T10:20:50","slug":"bloknot-100x200mm-96v-yes-turnowsky-pattern-heart","status":"publish","type":"product","link":"https:\/\/antaris.az\/ru\/m\u0259hsul\/bloknot-100x200mm-96v-yes-turnowsky-pattern-heart\/","title":{"rendered":"Bloknot 151445 TURNOWSKY. PATTERN HEART Yes"},"content":{"rendered":"","protected":false},"excerpt":{"rendered":"<p>N\u00f6v\u00fc: X\u0259tli<br \/>\n\u00d6l\u00e7\u00fc: 10&#215;20 sm<br \/>\nV\u0259r\u0259q say\u0131: 96<br \/>\n\u0130stehsal\u00e7\u0131 m\u0259hsul kodu: 151445<br \/>\nTicar\u0259t markas\u0131: YES<br \/>\n\u0421\u0442\u0440\u0430\u043d\u0430 \u043f\u0440\u043e\u0438\u0437\u0432\u043e\u0434\u0438\u0442\u0435\u043b\u044c: \u0423\u043a\u0440\u0430\u0438\u043d\u0430<\/p>\n<p>&nbsp;<\/p>\n<p>&nbsp;<\/p>","protected":false},"featured_media":21831,"template":"","meta":{"_joinchat":[]},"product_brand":[],"product_cat":[515],"product_tag":[],"class_list":{"0":"post-23199","1":"product","2":"type-product","3":"status-publish","4":"has-post-thumbnail","6":"product_cat-bloknot2","7":"pa_brand-yes","8":"pa_novu-standart","9":"pa_olcu-10x20-sm","11":"first","12":"instock","13":"shipping-taxable","14":"purchasable","15":"product-type-simple"},"yoast_head":"<!-- This site is optimized with the Yoast SEO plugin v27.3 - https:\/\/yoast.com\/product\/yoast-seo-wordpress\/ -->\n<title>Bloknot 151445 TURNOWSKY. PATTERN HEART Yes - Antaris<\/title>\n<meta name=\"robots\" content=\"index, follow, max-snippet:-1, max-image-preview:large, max-video-preview:-1\" \/>\n<link rel=\"canonical\" href=\"https:\/\/antaris.az\/ru\/m\u0259hsul\/bloknot-100x200mm-96v-yes-turnowsky-pattern-heart\/\" \/>\n<meta property=\"og:locale\" content=\"ru_RU\" \/>\n<meta property=\"og:type\" content=\"article\" \/>\n<meta property=\"og:title\" content=\"Bloknot 151445 TURNOWSKY. PATTERN HEART Yes - Antaris\" \/>\n<meta property=\"og:description\" content=\"N\u00f6v\u00fc: X\u0259tli \u00d6l\u00e7\u00fc: 10x20 sm V\u0259r\u0259q say\u0131: 96 \u0130stehsal\u00e7\u0131 m\u0259hsul kodu: 151445 Ticar\u0259t markas\u0131: YES \u0130stehsal \u00f6lk\u0259si: Ukrayna  &nbsp;  &nbsp;\" \/>\n<meta property=\"og:url\" content=\"https:\/\/antaris.az\/ru\/m\u0259hsul\/bloknot-100x200mm-96v-yes-turnowsky-pattern-heart\/\" \/>\n<meta property=\"og:site_name\" content=\"Antaris\" \/>\n<meta property=\"article:publisher\" content=\"https:\/\/www.facebook.com\/antaris.az\/\" \/>\n<meta property=\"article:modified_time\" content=\"2025-03-13T10:20:50+00:00\" \/>\n<meta property=\"og:image\" content=\"https:\/\/antaris.az\/wp-content\/uploads\/2020\/08\/Bloknot-100x200mm-96v-YES-Turnowsky.-Pattern-heart.jpg\" \/>\n\t<meta property=\"og:image:width\" content=\"800\" \/>\n\t<meta property=\"og:image:height\" content=\"800\" \/>\n\t<meta property=\"og:image:type\" content=\"image\/jpeg\" \/>\n<script type=\"application\/ld+json\" class=\"yoast-schema-graph\">{\"@context\":\"https:\\\/\\\/schema.org\",\"@graph\":[{\"@type\":\"WebPage\",\"@id\":\"https:\\\/\\\/antaris.az\\\/m\u0259hsul\\\/bloknot-100x200mm-96v-yes-turnowsky-pattern-heart\\\/\",\"url\":\"https:\\\/\\\/antaris.az\\\/m\u0259hsul\\\/bloknot-100x200mm-96v-yes-turnowsky-pattern-heart\\\/\",\"name\":\"Bloknot 151445 TURNOWSKY. PATTERN HEART Yes - Antaris\",\"isPartOf\":{\"@id\":\"https:\\\/\\\/antaris.az\\\/#website\"},\"primaryImageOfPage\":{\"@id\":\"https:\\\/\\\/antaris.az\\\/m\u0259hsul\\\/bloknot-100x200mm-96v-yes-turnowsky-pattern-heart\\\/#primaryimage\"},\"image\":{\"@id\":\"https:\\\/\\\/antaris.az\\\/m\u0259hsul\\\/bloknot-100x200mm-96v-yes-turnowsky-pattern-heart\\\/#primaryimage\"},\"thumbnailUrl\":\"https:\\\/\\\/antaris.az\\\/wp-content\\\/uploads\\\/2020\\\/08\\\/Bloknot-100x200mm-96v-YES-Turnowsky.-Pattern-heart.jpg\",\"datePublished\":\"2020-08-06T11:00:21+00:00\",\"dateModified\":\"2025-03-13T10:20:50+00:00\",\"breadcrumb\":{\"@id\":\"https:\\\/\\\/antaris.az\\\/m\u0259hsul\\\/bloknot-100x200mm-96v-yes-turnowsky-pattern-heart\\\/#breadcrumb\"},\"inLanguage\":\"ru-RU\",\"potentialAction\":[{\"@type\":\"ReadAction\",\"target\":[\"https:\\\/\\\/antaris.az\\\/m\u0259hsul\\\/bloknot-100x200mm-96v-yes-turnowsky-pattern-heart\\\/\"]}]},{\"@type\":\"ImageObject\",\"inLanguage\":\"ru-RU\",\"@id\":\"https:\\\/\\\/antaris.az\\\/m\u0259hsul\\\/bloknot-100x200mm-96v-yes-turnowsky-pattern-heart\\\/#primaryimage\",\"url\":\"https:\\\/\\\/antaris.az\\\/wp-content\\\/uploads\\\/2020\\\/08\\\/Bloknot-100x200mm-96v-YES-Turnowsky.-Pattern-heart.jpg\",\"contentUrl\":\"https:\\\/\\\/antaris.az\\\/wp-content\\\/uploads\\\/2020\\\/08\\\/Bloknot-100x200mm-96v-YES-Turnowsky.-Pattern-heart.jpg\",\"width\":800,\"height\":800},{\"@type\":\"BreadcrumbList\",\"@id\":\"https:\\\/\\\/antaris.az\\\/m\u0259hsul\\\/bloknot-100x200mm-96v-yes-turnowsky-pattern-heart\\\/#breadcrumb\",\"itemListElement\":[{\"@type\":\"ListItem\",\"position\":1,\"name\":\"Home\",\"item\":\"https:\\\/\\\/antaris.az\\\/\"},{\"@type\":\"ListItem\",\"position\":2,\"name\":\"Ma\u011faza\",\"item\":\"https:\\\/\\\/antaris.az\\\/ru\\\/shop\\\/\"},{\"@type\":\"ListItem\",\"position\":3,\"name\":\"Bloknot 151445 TURNOWSKY. PATTERN HEART Yes\"}]},{\"@type\":\"WebSite\",\"@id\":\"https:\\\/\\\/antaris.az\\\/#website\",\"url\":\"https:\\\/\\\/antaris.az\\\/\",\"name\":\"Antaris\",\"description\":\"Ofis, ev, m\u0259kt\u0259b \u00fc\u00e7\u00fcn h\u0259r \u015fey\",\"publisher\":{\"@id\":\"https:\\\/\\\/antaris.az\\\/#organization\"},\"potentialAction\":[{\"@type\":\"SearchAction\",\"target\":{\"@type\":\"EntryPoint\",\"urlTemplate\":\"https:\\\/\\\/antaris.az\\\/?s={search_term_string}\"},\"query-input\":{\"@type\":\"PropertyValueSpecification\",\"valueRequired\":true,\"valueName\":\"search_term_string\"}}],\"inLanguage\":\"ru-RU\"},{\"@type\":\"Organization\",\"@id\":\"https:\\\/\\\/antaris.az\\\/#organization\",\"name\":\"Antaris QSC\",\"url\":\"https:\\\/\\\/antaris.az\\\/\",\"logo\":{\"@type\":\"ImageObject\",\"inLanguage\":\"ru-RU\",\"@id\":\"https:\\\/\\\/antaris.az\\\/#\\\/schema\\\/logo\\\/image\\\/\",\"url\":\"https:\\\/\\\/antaris.az\\\/wp-content\\\/uploads\\\/2025\\\/03\\\/Antaris-logo.png\",\"contentUrl\":\"https:\\\/\\\/antaris.az\\\/wp-content\\\/uploads\\\/2025\\\/03\\\/Antaris-logo.png\",\"width\":500,\"height\":500,\"caption\":\"Antaris QSC\"},\"image\":{\"@id\":\"https:\\\/\\\/antaris.az\\\/#\\\/schema\\\/logo\\\/image\\\/\"},\"sameAs\":[\"https:\\\/\\\/www.facebook.com\\\/antaris.az\\\/\",\"https:\\\/\\\/www.instagram.com\\\/antaris.az\\\/\"]}]}<\/script>\n<!-- \/ Yoast SEO plugin. -->","yoast_head_json":{"title":"Bloknot 151445 TURNOWSKY. PATTERN HEART Yes - Antaris","robots":{"index":"index","follow":"follow","max-snippet":"max-snippet:-1","max-image-preview":"max-image-preview:large","max-video-preview":"max-video-preview:-1"},"canonical":"https:\/\/antaris.az\/ru\/m\u0259hsul\/bloknot-100x200mm-96v-yes-turnowsky-pattern-heart\/","og_locale":"ru_RU","og_type":"article","og_title":"Bloknot 151445 TURNOWSKY. PATTERN HEART Yes - Antaris","og_description":"N\u00f6v\u00fc: X\u0259tli \u00d6l\u00e7\u00fc: 10x20 sm V\u0259r\u0259q say\u0131: 96 \u0130stehsal\u00e7\u0131 m\u0259hsul kodu: 151445 Ticar\u0259t markas\u0131: YES \u0130stehsal \u00f6lk\u0259si: Ukrayna  &nbsp;  &nbsp;","og_url":"https:\/\/antaris.az\/ru\/m\u0259hsul\/bloknot-100x200mm-96v-yes-turnowsky-pattern-heart\/","og_site_name":"Antaris","article_publisher":"https:\/\/www.facebook.com\/antaris.az\/","article_modified_time":"2025-03-13T10:20:50+00:00","og_image":[{"width":800,"height":800,"url":"https:\/\/antaris.az\/wp-content\/uploads\/2020\/08\/Bloknot-100x200mm-96v-YES-Turnowsky.-Pattern-heart.jpg","type":"image\/jpeg"}],"schema":{"@context":"https:\/\/schema.org","@graph":[{"@type":"WebPage","@id":"https:\/\/antaris.az\/m\u0259hsul\/bloknot-100x200mm-96v-yes-turnowsky-pattern-heart\/","url":"https:\/\/antaris.az\/m\u0259hsul\/bloknot-100x200mm-96v-yes-turnowsky-pattern-heart\/","name":"Bloknot 151445 TURNOWSKY. PATTERN HEART Yes - Antaris","isPartOf":{"@id":"https:\/\/antaris.az\/#website"},"primaryImageOfPage":{"@id":"https:\/\/antaris.az\/m\u0259hsul\/bloknot-100x200mm-96v-yes-turnowsky-pattern-heart\/#primaryimage"},"image":{"@id":"https:\/\/antaris.az\/m\u0259hsul\/bloknot-100x200mm-96v-yes-turnowsky-pattern-heart\/#primaryimage"},"thumbnailUrl":"https:\/\/antaris.az\/wp-content\/uploads\/2020\/08\/Bloknot-100x200mm-96v-YES-Turnowsky.-Pattern-heart.jpg","datePublished":"2020-08-06T11:00:21+00:00","dateModified":"2025-03-13T10:20:50+00:00","breadcrumb":{"@id":"https:\/\/antaris.az\/m\u0259hsul\/bloknot-100x200mm-96v-yes-turnowsky-pattern-heart\/#breadcrumb"},"inLanguage":"ru-RU","potentialAction":[{"@type":"ReadAction","target":["https:\/\/antaris.az\/m\u0259hsul\/bloknot-100x200mm-96v-yes-turnowsky-pattern-heart\/"]}]},{"@type":"ImageObject","inLanguage":"ru-RU","@id":"https:\/\/antaris.az\/m\u0259hsul\/bloknot-100x200mm-96v-yes-turnowsky-pattern-heart\/#primaryimage","url":"https:\/\/antaris.az\/wp-content\/uploads\/2020\/08\/Bloknot-100x200mm-96v-YES-Turnowsky.-Pattern-heart.jpg","contentUrl":"https:\/\/antaris.az\/wp-content\/uploads\/2020\/08\/Bloknot-100x200mm-96v-YES-Turnowsky.-Pattern-heart.jpg","width":800,"height":800},{"@type":"BreadcrumbList","@id":"https:\/\/antaris.az\/m\u0259hsul\/bloknot-100x200mm-96v-yes-turnowsky-pattern-heart\/#breadcrumb","itemListElement":[{"@type":"ListItem","position":1,"name":"Home","item":"https:\/\/antaris.az\/"},{"@type":"ListItem","position":2,"name":"Ma\u011faza","item":"https:\/\/antaris.az\/ru\/shop\/"},{"@type":"ListItem","position":3,"name":"Bloknot 151445 TURNOWSKY. PATTERN HEART Yes"}]},{"@type":"WebSite","@id":"https:\/\/antaris.az\/#website","url":"https:\/\/antaris.az\/","name":"Antaris","description":"Ofis, ev, m\u0259kt\u0259b \u00fc\u00e7\u00fcn h\u0259r \u015fey","publisher":{"@id":"https:\/\/antaris.az\/#organization"},"potentialAction":[{"@type":"SearchAction","target":{"@type":"EntryPoint","urlTemplate":"https:\/\/antaris.az\/?s={search_term_string}"},"query-input":{"@type":"PropertyValueSpecification","valueRequired":true,"valueName":"search_term_string"}}],"inLanguage":"ru-RU"},{"@type":"Organization","@id":"https:\/\/antaris.az\/#organization","name":"\u0410\u043d\u0442\u0430\u0440\u0438\u0441 \u0417\u0410\u041e","url":"https:\/\/antaris.az\/","logo":{"@type":"ImageObject","inLanguage":"ru-RU","@id":"https:\/\/antaris.az\/#\/schema\/logo\/image\/","url":"https:\/\/antaris.az\/wp-content\/uploads\/2025\/03\/Antaris-logo.png","contentUrl":"https:\/\/antaris.az\/wp-content\/uploads\/2025\/03\/Antaris-logo.png","width":500,"height":500,"caption":"Antaris QSC"},"image":{"@id":"https:\/\/antaris.az\/#\/schema\/logo\/image\/"},"sameAs":["https:\/\/www.facebook.com\/antaris.az\/","https:\/\/www.instagram.com\/antaris.az\/"]}]}},"_links":{"self":[{"href":"https:\/\/antaris.az\/ru\/wp-json\/wp\/v2\/product\/23199","targetHints":{"allow":["GET"]}}],"collection":[{"href":"https:\/\/antaris.az\/ru\/wp-json\/wp\/v2\/product"}],"about":[{"href":"https:\/\/antaris.az\/ru\/wp-json\/wp\/v2\/types\/product"}],"version-history":[{"count":0,"href":"https:\/\/antaris.az\/ru\/wp-json\/wp\/v2\/product\/23199\/revisions"}],"wp:featuredmedia":[{"embeddable":true,"href":"https:\/\/antaris.az\/ru\/wp-json\/wp\/v2\/media\/21831"}],"wp:attachment":[{"href":"https:\/\/antaris.az\/ru\/wp-json\/wp\/v2\/media?parent=23199"}],"wp:term":[{"taxonomy":"product_brand","embeddable":true,"href":"https:\/\/antaris.az\/ru\/wp-json\/wp\/v2\/product_brand?post=23199"},{"taxonomy":"product_cat","embeddable":true,"href":"https:\/\/antaris.az\/ru\/wp-json\/wp\/v2\/product_cat?post=23199"},{"taxonomy":"product_tag","embeddable":true,"href":"https:\/\/antaris.az\/ru\/wp-json\/wp\/v2\/product_tag?post=23199"}],"curies":[{"name":"wp","href":"https:\/\/api.w.org\/{rel}","templated":true}]}}