{"id":131439,"date":"2026-04-01T17:04:17","date_gmt":"2026-04-01T13:04:17","guid":{"rendered":"https:\/\/antaris.az\/?post_type=product&#038;p=131439"},"modified":"2026-04-01T17:04:18","modified_gmt":"2026-04-01T13:04:18","slug":"gel-santexnika-ucun-600ml-net-tuz-ruhu-pemoksol","status":"publish","type":"product","link":"https:\/\/antaris.az\/ru\/m\u0259hsul\/gel-santexnika-ucun-600ml-net-tuz-ruhu-pemoksol\/","title":{"rendered":"Gel santexnika \u00fc\u00e7\u00fcn 600ml Net (Tuz Ruhu) Pemoksol"},"content":{"rendered":"","protected":false},"excerpt":{"rendered":"","protected":false},"featured_media":0,"template":"","meta":{"_joinchat":[]},"product_brand":[],"product_cat":[2409,2417,225],"product_tag":[],"class_list":{"0":"post-131439","1":"product","2":"type-product","3":"status-publish","5":"product_cat-b2b","6":"product_cat-domestic-b2b","7":"product_cat-tmizlik-maddlr","9":"first","10":"instock","11":"shipping-taxable","12":"product-type-simple"},"yoast_head":"<!-- This site is optimized with the Yoast SEO plugin v27.3 - https:\/\/yoast.com\/product\/yoast-seo-wordpress\/ -->\n<title>Gel santexnika \u00fc\u00e7\u00fcn 600ml Net (Tuz Ruhu) Pemoksol - Antaris<\/title>\n<meta name=\"description\" content=\"Gel santexnika \u00fc\u00e7\u00fcn 600ml Net (Tuz Ruhu) Pemoksol\" \/>\n<meta name=\"robots\" content=\"index, follow, max-snippet:-1, max-image-preview:large, max-video-preview:-1\" \/>\n<link rel=\"canonical\" href=\"https:\/\/antaris.az\/ru\/m\u0259hsul\/gel-santexnika-ucun-600ml-net-tuz-ruhu-pemoksol\/\" \/>\n<meta property=\"og:locale\" content=\"ru_RU\" \/>\n<meta property=\"og:type\" content=\"article\" \/>\n<meta property=\"og:title\" content=\"Gel santexnika \u00fc\u00e7\u00fcn 600ml Net (Tuz Ruhu) Pemoksol - Antaris\" \/>\n<meta property=\"og:description\" content=\"Gel santexnika \u00fc\u00e7\u00fcn 600ml Net (Tuz Ruhu) Pemoksol\" \/>\n<meta property=\"og:url\" content=\"https:\/\/antaris.az\/ru\/m\u0259hsul\/gel-santexnika-ucun-600ml-net-tuz-ruhu-pemoksol\/\" \/>\n<meta property=\"og:site_name\" content=\"Antaris\" \/>\n<meta property=\"article:publisher\" content=\"https:\/\/www.facebook.com\/antaris.az\/\" \/>\n<meta property=\"article:modified_time\" content=\"2026-04-01T13:04:18+00:00\" \/>\n<script type=\"application\/ld+json\" class=\"yoast-schema-graph\">{\"@context\":\"https:\\\/\\\/schema.org\",\"@graph\":[{\"@type\":\"WebPage\",\"@id\":\"https:\\\/\\\/antaris.az\\\/m\u0259hsul\\\/gel-santexnika-ucun-600ml-net-tuz-ruhu-pemoksol\\\/\",\"url\":\"https:\\\/\\\/antaris.az\\\/m\u0259hsul\\\/gel-santexnika-ucun-600ml-net-tuz-ruhu-pemoksol\\\/\",\"name\":\"Gel santexnika \u00fc\u00e7\u00fcn 600ml Net (Tuz Ruhu) Pemoksol - Antaris\",\"isPartOf\":{\"@id\":\"https:\\\/\\\/antaris.az\\\/#website\"},\"datePublished\":\"2026-04-01T13:04:17+00:00\",\"dateModified\":\"2026-04-01T13:04:18+00:00\",\"description\":\"Gel santexnika \u00fc\u00e7\u00fcn 600ml Net (Tuz Ruhu) Pemoksol\",\"breadcrumb\":{\"@id\":\"https:\\\/\\\/antaris.az\\\/m\u0259hsul\\\/gel-santexnika-ucun-600ml-net-tuz-ruhu-pemoksol\\\/#breadcrumb\"},\"inLanguage\":\"ru-RU\",\"potentialAction\":[{\"@type\":\"ReadAction\",\"target\":[\"https:\\\/\\\/antaris.az\\\/m\u0259hsul\\\/gel-santexnika-ucun-600ml-net-tuz-ruhu-pemoksol\\\/\"]}]},{\"@type\":\"BreadcrumbList\",\"@id\":\"https:\\\/\\\/antaris.az\\\/m\u0259hsul\\\/gel-santexnika-ucun-600ml-net-tuz-ruhu-pemoksol\\\/#breadcrumb\",\"itemListElement\":[{\"@type\":\"ListItem\",\"position\":1,\"name\":\"Home\",\"item\":\"https:\\\/\\\/antaris.az\\\/\"},{\"@type\":\"ListItem\",\"position\":2,\"name\":\"Ma\u011faza\",\"item\":\"https:\\\/\\\/antaris.az\\\/ru\\\/shop\\\/\"},{\"@type\":\"ListItem\",\"position\":3,\"name\":\"Gel santexnika \u00fc\u00e7\u00fcn 600ml Net (Tuz Ruhu) Pemoksol\"}]},{\"@type\":\"WebSite\",\"@id\":\"https:\\\/\\\/antaris.az\\\/#website\",\"url\":\"https:\\\/\\\/antaris.az\\\/\",\"name\":\"Antaris\",\"description\":\"Ofis, ev, m\u0259kt\u0259b \u00fc\u00e7\u00fcn h\u0259r \u015fey\",\"publisher\":{\"@id\":\"https:\\\/\\\/antaris.az\\\/#organization\"},\"potentialAction\":[{\"@type\":\"SearchAction\",\"target\":{\"@type\":\"EntryPoint\",\"urlTemplate\":\"https:\\\/\\\/antaris.az\\\/?s={search_term_string}\"},\"query-input\":{\"@type\":\"PropertyValueSpecification\",\"valueRequired\":true,\"valueName\":\"search_term_string\"}}],\"inLanguage\":\"ru-RU\"},{\"@type\":\"Organization\",\"@id\":\"https:\\\/\\\/antaris.az\\\/#organization\",\"name\":\"Antaris QSC\",\"url\":\"https:\\\/\\\/antaris.az\\\/\",\"logo\":{\"@type\":\"ImageObject\",\"inLanguage\":\"ru-RU\",\"@id\":\"https:\\\/\\\/antaris.az\\\/#\\\/schema\\\/logo\\\/image\\\/\",\"url\":\"https:\\\/\\\/antaris.az\\\/wp-content\\\/uploads\\\/2025\\\/03\\\/Antaris-logo.png\",\"contentUrl\":\"https:\\\/\\\/antaris.az\\\/wp-content\\\/uploads\\\/2025\\\/03\\\/Antaris-logo.png\",\"width\":500,\"height\":500,\"caption\":\"Antaris QSC\"},\"image\":{\"@id\":\"https:\\\/\\\/antaris.az\\\/#\\\/schema\\\/logo\\\/image\\\/\"},\"sameAs\":[\"https:\\\/\\\/www.facebook.com\\\/antaris.az\\\/\",\"https:\\\/\\\/www.instagram.com\\\/antaris.az\\\/\"]}]}<\/script>\n<!-- \/ Yoast SEO plugin. -->","yoast_head_json":{"title":"Gel santexnika \u00fc\u00e7\u00fcn 600ml Net (Tuz Ruhu) Pemoksol - Antaris","description":"Gel santexnika \u00fc\u00e7\u00fcn 600ml Net (Tuz Ruhu) Pemoksol","robots":{"index":"index","follow":"follow","max-snippet":"max-snippet:-1","max-image-preview":"max-image-preview:large","max-video-preview":"max-video-preview:-1"},"canonical":"https:\/\/antaris.az\/ru\/m\u0259hsul\/gel-santexnika-ucun-600ml-net-tuz-ruhu-pemoksol\/","og_locale":"ru_RU","og_type":"article","og_title":"Gel santexnika \u00fc\u00e7\u00fcn 600ml Net (Tuz Ruhu) Pemoksol - Antaris","og_description":"Gel santexnika \u00fc\u00e7\u00fcn 600ml Net (Tuz Ruhu) Pemoksol","og_url":"https:\/\/antaris.az\/ru\/m\u0259hsul\/gel-santexnika-ucun-600ml-net-tuz-ruhu-pemoksol\/","og_site_name":"Antaris","article_publisher":"https:\/\/www.facebook.com\/antaris.az\/","article_modified_time":"2026-04-01T13:04:18+00:00","schema":{"@context":"https:\/\/schema.org","@graph":[{"@type":"WebPage","@id":"https:\/\/antaris.az\/m\u0259hsul\/gel-santexnika-ucun-600ml-net-tuz-ruhu-pemoksol\/","url":"https:\/\/antaris.az\/m\u0259hsul\/gel-santexnika-ucun-600ml-net-tuz-ruhu-pemoksol\/","name":"Gel santexnika \u00fc\u00e7\u00fcn 600ml Net (Tuz Ruhu) Pemoksol - Antaris","isPartOf":{"@id":"https:\/\/antaris.az\/#website"},"datePublished":"2026-04-01T13:04:17+00:00","dateModified":"2026-04-01T13:04:18+00:00","description":"Gel santexnika \u00fc\u00e7\u00fcn 600ml Net (Tuz Ruhu) Pemoksol","breadcrumb":{"@id":"https:\/\/antaris.az\/m\u0259hsul\/gel-santexnika-ucun-600ml-net-tuz-ruhu-pemoksol\/#breadcrumb"},"inLanguage":"ru-RU","potentialAction":[{"@type":"ReadAction","target":["https:\/\/antaris.az\/m\u0259hsul\/gel-santexnika-ucun-600ml-net-tuz-ruhu-pemoksol\/"]}]},{"@type":"BreadcrumbList","@id":"https:\/\/antaris.az\/m\u0259hsul\/gel-santexnika-ucun-600ml-net-tuz-ruhu-pemoksol\/#breadcrumb","itemListElement":[{"@type":"ListItem","position":1,"name":"Home","item":"https:\/\/antaris.az\/"},{"@type":"ListItem","position":2,"name":"Ma\u011faza","item":"https:\/\/antaris.az\/ru\/shop\/"},{"@type":"ListItem","position":3,"name":"Gel santexnika \u00fc\u00e7\u00fcn 600ml Net (Tuz Ruhu) Pemoksol"}]},{"@type":"WebSite","@id":"https:\/\/antaris.az\/#website","url":"https:\/\/antaris.az\/","name":"Antaris","description":"Ofis, ev, m\u0259kt\u0259b \u00fc\u00e7\u00fcn h\u0259r \u015fey","publisher":{"@id":"https:\/\/antaris.az\/#organization"},"potentialAction":[{"@type":"SearchAction","target":{"@type":"EntryPoint","urlTemplate":"https:\/\/antaris.az\/?s={search_term_string}"},"query-input":{"@type":"PropertyValueSpecification","valueRequired":true,"valueName":"search_term_string"}}],"inLanguage":"ru-RU"},{"@type":"Organization","@id":"https:\/\/antaris.az\/#organization","name":"\u0410\u043d\u0442\u0430\u0440\u0438\u0441 \u0417\u0410\u041e","url":"https:\/\/antaris.az\/","logo":{"@type":"ImageObject","inLanguage":"ru-RU","@id":"https:\/\/antaris.az\/#\/schema\/logo\/image\/","url":"https:\/\/antaris.az\/wp-content\/uploads\/2025\/03\/Antaris-logo.png","contentUrl":"https:\/\/antaris.az\/wp-content\/uploads\/2025\/03\/Antaris-logo.png","width":500,"height":500,"caption":"Antaris QSC"},"image":{"@id":"https:\/\/antaris.az\/#\/schema\/logo\/image\/"},"sameAs":["https:\/\/www.facebook.com\/antaris.az\/","https:\/\/www.instagram.com\/antaris.az\/"]}]}},"_links":{"self":[{"href":"https:\/\/antaris.az\/ru\/wp-json\/wp\/v2\/product\/131439","targetHints":{"allow":["GET"]}}],"collection":[{"href":"https:\/\/antaris.az\/ru\/wp-json\/wp\/v2\/product"}],"about":[{"href":"https:\/\/antaris.az\/ru\/wp-json\/wp\/v2\/types\/product"}],"version-history":[{"count":1,"href":"https:\/\/antaris.az\/ru\/wp-json\/wp\/v2\/product\/131439\/revisions"}],"predecessor-version":[{"id":131440,"href":"https:\/\/antaris.az\/ru\/wp-json\/wp\/v2\/product\/131439\/revisions\/131440"}],"wp:attachment":[{"href":"https:\/\/antaris.az\/ru\/wp-json\/wp\/v2\/media?parent=131439"}],"wp:term":[{"taxonomy":"product_brand","embeddable":true,"href":"https:\/\/antaris.az\/ru\/wp-json\/wp\/v2\/product_brand?post=131439"},{"taxonomy":"product_cat","embeddable":true,"href":"https:\/\/antaris.az\/ru\/wp-json\/wp\/v2\/product_cat?post=131439"},{"taxonomy":"product_tag","embeddable":true,"href":"https:\/\/antaris.az\/ru\/wp-json\/wp\/v2\/product_tag?post=131439"}],"curies":[{"name":"wp","href":"https:\/\/api.w.org\/{rel}","templated":true}]}}