{"id":131400,"date":"2026-04-01T10:28:16","date_gmt":"2026-04-01T06:28:16","guid":{"rendered":"https:\/\/antaris.az\/?post_type=product&#038;p=131400"},"modified":"2026-04-01T10:28:16","modified_gmt":"2026-04-01T06:28:16","slug":"yuyucu-toz-qab-ucun-400qr-effect","status":"publish","type":"product","link":"https:\/\/antaris.az\/ru\/m\u0259hsul\/yuyucu-toz-qab-ucun-400qr-effect\/","title":{"rendered":"Yuyucu toz qab \u00fc\u00e7\u00fcn 400qr Effect"},"content":{"rendered":"","protected":false},"excerpt":{"rendered":"","protected":false},"featured_media":0,"template":"","meta":{"_joinchat":[]},"product_brand":[],"product_cat":[2409,2417],"product_tag":[],"class_list":{"0":"post-131400","1":"product","2":"type-product","3":"status-publish","5":"product_cat-b2b","6":"product_cat-domestic-b2b","8":"first","9":"instock","10":"shipping-taxable","11":"product-type-simple"},"yoast_head":"<!-- This site is optimized with the Yoast SEO plugin v27.3 - https:\/\/yoast.com\/product\/yoast-seo-wordpress\/ -->\n<title>Yuyucu toz qab \u00fc\u00e7\u00fcn 400qr Effect - Antaris<\/title>\n<meta name=\"description\" content=\"Yuyucu toz qab \u00fc\u00e7\u00fcn 400qr Effect\" \/>\n<meta name=\"robots\" content=\"index, follow, max-snippet:-1, max-image-preview:large, max-video-preview:-1\" \/>\n<link rel=\"canonical\" href=\"https:\/\/antaris.az\/ru\/m\u0259hsul\/yuyucu-toz-qab-ucun-400qr-effect\/\" \/>\n<meta property=\"og:locale\" content=\"ru_RU\" \/>\n<meta property=\"og:type\" content=\"article\" \/>\n<meta property=\"og:title\" content=\"Yuyucu toz qab \u00fc\u00e7\u00fcn 400qr Effect - Antaris\" \/>\n<meta property=\"og:description\" content=\"Yuyucu toz qab \u00fc\u00e7\u00fcn 400qr Effect\" \/>\n<meta property=\"og:url\" content=\"https:\/\/antaris.az\/ru\/m\u0259hsul\/yuyucu-toz-qab-ucun-400qr-effect\/\" \/>\n<meta property=\"og:site_name\" content=\"Antaris\" \/>\n<meta property=\"article:publisher\" content=\"https:\/\/www.facebook.com\/antaris.az\/\" \/>\n<script type=\"application\/ld+json\" class=\"yoast-schema-graph\">{\"@context\":\"https:\\\/\\\/schema.org\",\"@graph\":[{\"@type\":\"WebPage\",\"@id\":\"https:\\\/\\\/antaris.az\\\/m\u0259hsul\\\/yuyucu-toz-qab-ucun-400qr-effect\\\/\",\"url\":\"https:\\\/\\\/antaris.az\\\/m\u0259hsul\\\/yuyucu-toz-qab-ucun-400qr-effect\\\/\",\"name\":\"Yuyucu toz qab \u00fc\u00e7\u00fcn 400qr Effect - Antaris\",\"isPartOf\":{\"@id\":\"https:\\\/\\\/antaris.az\\\/#website\"},\"datePublished\":\"2026-04-01T06:28:16+00:00\",\"description\":\"Yuyucu toz qab \u00fc\u00e7\u00fcn 400qr Effect\",\"breadcrumb\":{\"@id\":\"https:\\\/\\\/antaris.az\\\/m\u0259hsul\\\/yuyucu-toz-qab-ucun-400qr-effect\\\/#breadcrumb\"},\"inLanguage\":\"ru-RU\",\"potentialAction\":[{\"@type\":\"ReadAction\",\"target\":[\"https:\\\/\\\/antaris.az\\\/m\u0259hsul\\\/yuyucu-toz-qab-ucun-400qr-effect\\\/\"]}]},{\"@type\":\"BreadcrumbList\",\"@id\":\"https:\\\/\\\/antaris.az\\\/m\u0259hsul\\\/yuyucu-toz-qab-ucun-400qr-effect\\\/#breadcrumb\",\"itemListElement\":[{\"@type\":\"ListItem\",\"position\":1,\"name\":\"Home\",\"item\":\"https:\\\/\\\/antaris.az\\\/\"},{\"@type\":\"ListItem\",\"position\":2,\"name\":\"Ma\u011faza\",\"item\":\"https:\\\/\\\/antaris.az\\\/ru\\\/shop\\\/\"},{\"@type\":\"ListItem\",\"position\":3,\"name\":\"Yuyucu toz qab \u00fc\u00e7\u00fcn 400qr Effect\"}]},{\"@type\":\"WebSite\",\"@id\":\"https:\\\/\\\/antaris.az\\\/#website\",\"url\":\"https:\\\/\\\/antaris.az\\\/\",\"name\":\"Antaris\",\"description\":\"Ofis, ev, m\u0259kt\u0259b \u00fc\u00e7\u00fcn h\u0259r \u015fey\",\"publisher\":{\"@id\":\"https:\\\/\\\/antaris.az\\\/#organization\"},\"potentialAction\":[{\"@type\":\"SearchAction\",\"target\":{\"@type\":\"EntryPoint\",\"urlTemplate\":\"https:\\\/\\\/antaris.az\\\/?s={search_term_string}\"},\"query-input\":{\"@type\":\"PropertyValueSpecification\",\"valueRequired\":true,\"valueName\":\"search_term_string\"}}],\"inLanguage\":\"ru-RU\"},{\"@type\":\"Organization\",\"@id\":\"https:\\\/\\\/antaris.az\\\/#organization\",\"name\":\"Antaris QSC\",\"url\":\"https:\\\/\\\/antaris.az\\\/\",\"logo\":{\"@type\":\"ImageObject\",\"inLanguage\":\"ru-RU\",\"@id\":\"https:\\\/\\\/antaris.az\\\/#\\\/schema\\\/logo\\\/image\\\/\",\"url\":\"https:\\\/\\\/antaris.az\\\/wp-content\\\/uploads\\\/2025\\\/03\\\/Antaris-logo.png\",\"contentUrl\":\"https:\\\/\\\/antaris.az\\\/wp-content\\\/uploads\\\/2025\\\/03\\\/Antaris-logo.png\",\"width\":500,\"height\":500,\"caption\":\"Antaris QSC\"},\"image\":{\"@id\":\"https:\\\/\\\/antaris.az\\\/#\\\/schema\\\/logo\\\/image\\\/\"},\"sameAs\":[\"https:\\\/\\\/www.facebook.com\\\/antaris.az\\\/\",\"https:\\\/\\\/www.instagram.com\\\/antaris.az\\\/\"]}]}<\/script>\n<!-- \/ Yoast SEO plugin. -->","yoast_head_json":{"title":"Yuyucu toz qab \u00fc\u00e7\u00fcn 400qr Effect - Antaris","description":"Yuyucu toz qab \u00fc\u00e7\u00fcn 400qr Effect","robots":{"index":"index","follow":"follow","max-snippet":"max-snippet:-1","max-image-preview":"max-image-preview:large","max-video-preview":"max-video-preview:-1"},"canonical":"https:\/\/antaris.az\/ru\/m\u0259hsul\/yuyucu-toz-qab-ucun-400qr-effect\/","og_locale":"ru_RU","og_type":"article","og_title":"Yuyucu toz qab \u00fc\u00e7\u00fcn 400qr Effect - Antaris","og_description":"Yuyucu toz qab \u00fc\u00e7\u00fcn 400qr Effect","og_url":"https:\/\/antaris.az\/ru\/m\u0259hsul\/yuyucu-toz-qab-ucun-400qr-effect\/","og_site_name":"Antaris","article_publisher":"https:\/\/www.facebook.com\/antaris.az\/","schema":{"@context":"https:\/\/schema.org","@graph":[{"@type":"WebPage","@id":"https:\/\/antaris.az\/m\u0259hsul\/yuyucu-toz-qab-ucun-400qr-effect\/","url":"https:\/\/antaris.az\/m\u0259hsul\/yuyucu-toz-qab-ucun-400qr-effect\/","name":"Yuyucu toz qab \u00fc\u00e7\u00fcn 400qr Effect - Antaris","isPartOf":{"@id":"https:\/\/antaris.az\/#website"},"datePublished":"2026-04-01T06:28:16+00:00","description":"Yuyucu toz qab \u00fc\u00e7\u00fcn 400qr Effect","breadcrumb":{"@id":"https:\/\/antaris.az\/m\u0259hsul\/yuyucu-toz-qab-ucun-400qr-effect\/#breadcrumb"},"inLanguage":"ru-RU","potentialAction":[{"@type":"ReadAction","target":["https:\/\/antaris.az\/m\u0259hsul\/yuyucu-toz-qab-ucun-400qr-effect\/"]}]},{"@type":"BreadcrumbList","@id":"https:\/\/antaris.az\/m\u0259hsul\/yuyucu-toz-qab-ucun-400qr-effect\/#breadcrumb","itemListElement":[{"@type":"ListItem","position":1,"name":"Home","item":"https:\/\/antaris.az\/"},{"@type":"ListItem","position":2,"name":"Ma\u011faza","item":"https:\/\/antaris.az\/ru\/shop\/"},{"@type":"ListItem","position":3,"name":"Yuyucu toz qab \u00fc\u00e7\u00fcn 400qr Effect"}]},{"@type":"WebSite","@id":"https:\/\/antaris.az\/#website","url":"https:\/\/antaris.az\/","name":"Antaris","description":"Ofis, ev, m\u0259kt\u0259b \u00fc\u00e7\u00fcn h\u0259r \u015fey","publisher":{"@id":"https:\/\/antaris.az\/#organization"},"potentialAction":[{"@type":"SearchAction","target":{"@type":"EntryPoint","urlTemplate":"https:\/\/antaris.az\/?s={search_term_string}"},"query-input":{"@type":"PropertyValueSpecification","valueRequired":true,"valueName":"search_term_string"}}],"inLanguage":"ru-RU"},{"@type":"Organization","@id":"https:\/\/antaris.az\/#organization","name":"\u0410\u043d\u0442\u0430\u0440\u0438\u0441 \u0417\u0410\u041e","url":"https:\/\/antaris.az\/","logo":{"@type":"ImageObject","inLanguage":"ru-RU","@id":"https:\/\/antaris.az\/#\/schema\/logo\/image\/","url":"https:\/\/antaris.az\/wp-content\/uploads\/2025\/03\/Antaris-logo.png","contentUrl":"https:\/\/antaris.az\/wp-content\/uploads\/2025\/03\/Antaris-logo.png","width":500,"height":500,"caption":"Antaris QSC"},"image":{"@id":"https:\/\/antaris.az\/#\/schema\/logo\/image\/"},"sameAs":["https:\/\/www.facebook.com\/antaris.az\/","https:\/\/www.instagram.com\/antaris.az\/"]}]}},"_links":{"self":[{"href":"https:\/\/antaris.az\/ru\/wp-json\/wp\/v2\/product\/131400","targetHints":{"allow":["GET"]}}],"collection":[{"href":"https:\/\/antaris.az\/ru\/wp-json\/wp\/v2\/product"}],"about":[{"href":"https:\/\/antaris.az\/ru\/wp-json\/wp\/v2\/types\/product"}],"version-history":[{"count":1,"href":"https:\/\/antaris.az\/ru\/wp-json\/wp\/v2\/product\/131400\/revisions"}],"predecessor-version":[{"id":131401,"href":"https:\/\/antaris.az\/ru\/wp-json\/wp\/v2\/product\/131400\/revisions\/131401"}],"wp:attachment":[{"href":"https:\/\/antaris.az\/ru\/wp-json\/wp\/v2\/media?parent=131400"}],"wp:term":[{"taxonomy":"product_brand","embeddable":true,"href":"https:\/\/antaris.az\/ru\/wp-json\/wp\/v2\/product_brand?post=131400"},{"taxonomy":"product_cat","embeddable":true,"href":"https:\/\/antaris.az\/ru\/wp-json\/wp\/v2\/product_cat?post=131400"},{"taxonomy":"product_tag","embeddable":true,"href":"https:\/\/antaris.az\/ru\/wp-json\/wp\/v2\/product_tag?post=131400"}],"curies":[{"name":"wp","href":"https:\/\/api.w.org\/{rel}","templated":true}]}}