{"id":130200,"date":"2026-01-27T10:20:21","date_gmt":"2026-01-27T06:20:21","guid":{"rendered":"https:\/\/antaris.az\/?post_type=product&#038;p=130200"},"modified":"2026-01-27T10:20:21","modified_gmt":"2026-01-27T06:20:21","slug":"gel-qab-yumaq-ucun-500ml-fairy-pg","status":"publish","type":"product","link":"https:\/\/antaris.az\/ru\/m\u0259hsul\/gel-qab-yumaq-ucun-500ml-fairy-pg\/","title":{"rendered":"Gel qab yumaq \u00fc\u00e7\u00fcn 500ml  Fairy PG"},"content":{"rendered":"","protected":false},"excerpt":{"rendered":"<p>N\u00f6v\u00fc: Gel qab yumaq \u00fc\u00e7\u00fcn<br \/>\nH\u0259cmi: 500 ml<br \/>\nTicar\u0259t markas\u0131: Fairy<br \/>\n\u0130stehsal\u00e7\u0131 \u00f6lk\u0259: T\u00fcrkiy\u0259<\/p>","protected":false},"featured_media":130201,"template":"","meta":{"_joinchat":[]},"product_brand":[],"product_cat":[2409,2417],"product_tag":[],"class_list":{"0":"post-130200","1":"product","2":"type-product","3":"status-publish","4":"has-post-thumbnail","6":"product_cat-b2b","7":"product_cat-domestic-b2b","8":"pa_brand-pg","10":"first","11":"instock","12":"shipping-taxable","13":"product-type-simple"},"yoast_head":"<!-- This site is optimized with the Yoast SEO plugin v27.5 - https:\/\/yoast.com\/product\/yoast-seo-wordpress\/ -->\n<title>Gel qab yumaq \u00fc\u00e7\u00fcn 500ml Fairy PG - Antaris<\/title>\n<meta name=\"description\" content=\"Gel qab yumaq \u00fc\u00e7\u00fcn 500ml Fairy PG\" \/>\n<meta name=\"robots\" content=\"index, follow, max-snippet:-1, max-image-preview:large, max-video-preview:-1\" \/>\n<link rel=\"canonical\" href=\"https:\/\/antaris.az\/ru\/m\u0259hsul\/gel-qab-yumaq-ucun-500ml-fairy-pg\/\" \/>\n<meta property=\"og:locale\" content=\"ru_RU\" \/>\n<meta property=\"og:type\" content=\"article\" \/>\n<meta property=\"og:title\" content=\"Gel qab yumaq \u00fc\u00e7\u00fcn 500ml Fairy PG - Antaris\" \/>\n<meta property=\"og:description\" content=\"Gel qab yumaq \u00fc\u00e7\u00fcn 500ml Fairy PG\" \/>\n<meta property=\"og:url\" content=\"https:\/\/antaris.az\/ru\/m\u0259hsul\/gel-qab-yumaq-ucun-500ml-fairy-pg\/\" \/>\n<meta property=\"og:site_name\" content=\"Antaris\" \/>\n<meta property=\"article:publisher\" content=\"https:\/\/www.facebook.com\/antaris.az\/\" \/>\n<meta property=\"og:image\" content=\"https:\/\/antaris.az\/wp-content\/uploads\/2026\/01\/Gel-qab-yumaq-ucun-500ml-Fairy-PG.webp\" \/>\n\t<meta property=\"og:image:width\" content=\"900\" \/>\n\t<meta property=\"og:image:height\" content=\"900\" \/>\n\t<meta property=\"og:image:type\" content=\"image\/webp\" \/>\n<script type=\"application\/ld+json\" class=\"yoast-schema-graph\">{\"@context\":\"https:\\\/\\\/schema.org\",\"@graph\":[{\"@type\":\"WebPage\",\"@id\":\"https:\\\/\\\/antaris.az\\\/m\u0259hsul\\\/gel-qab-yumaq-ucun-500ml-fairy-pg\\\/\",\"url\":\"https:\\\/\\\/antaris.az\\\/m\u0259hsul\\\/gel-qab-yumaq-ucun-500ml-fairy-pg\\\/\",\"name\":\"Gel qab yumaq \u00fc\u00e7\u00fcn 500ml Fairy PG - Antaris\",\"isPartOf\":{\"@id\":\"https:\\\/\\\/antaris.az\\\/#website\"},\"primaryImageOfPage\":{\"@id\":\"https:\\\/\\\/antaris.az\\\/m\u0259hsul\\\/gel-qab-yumaq-ucun-500ml-fairy-pg\\\/#primaryimage\"},\"image\":{\"@id\":\"https:\\\/\\\/antaris.az\\\/m\u0259hsul\\\/gel-qab-yumaq-ucun-500ml-fairy-pg\\\/#primaryimage\"},\"thumbnailUrl\":\"https:\\\/\\\/antaris.az\\\/wp-content\\\/uploads\\\/2026\\\/01\\\/Gel-qab-yumaq-ucun-500ml-Fairy-PG.webp\",\"datePublished\":\"2026-01-27T06:20:21+00:00\",\"description\":\"Gel qab yumaq \u00fc\u00e7\u00fcn 500ml Fairy PG\",\"breadcrumb\":{\"@id\":\"https:\\\/\\\/antaris.az\\\/m\u0259hsul\\\/gel-qab-yumaq-ucun-500ml-fairy-pg\\\/#breadcrumb\"},\"inLanguage\":\"ru-RU\",\"potentialAction\":[{\"@type\":\"ReadAction\",\"target\":[\"https:\\\/\\\/antaris.az\\\/m\u0259hsul\\\/gel-qab-yumaq-ucun-500ml-fairy-pg\\\/\"]}]},{\"@type\":\"ImageObject\",\"inLanguage\":\"ru-RU\",\"@id\":\"https:\\\/\\\/antaris.az\\\/m\u0259hsul\\\/gel-qab-yumaq-ucun-500ml-fairy-pg\\\/#primaryimage\",\"url\":\"https:\\\/\\\/antaris.az\\\/wp-content\\\/uploads\\\/2026\\\/01\\\/Gel-qab-yumaq-ucun-500ml-Fairy-PG.webp\",\"contentUrl\":\"https:\\\/\\\/antaris.az\\\/wp-content\\\/uploads\\\/2026\\\/01\\\/Gel-qab-yumaq-ucun-500ml-Fairy-PG.webp\",\"width\":900,\"height\":900},{\"@type\":\"BreadcrumbList\",\"@id\":\"https:\\\/\\\/antaris.az\\\/m\u0259hsul\\\/gel-qab-yumaq-ucun-500ml-fairy-pg\\\/#breadcrumb\",\"itemListElement\":[{\"@type\":\"ListItem\",\"position\":1,\"name\":\"Home\",\"item\":\"https:\\\/\\\/antaris.az\\\/\"},{\"@type\":\"ListItem\",\"position\":2,\"name\":\"Ma\u011faza\",\"item\":\"https:\\\/\\\/antaris.az\\\/ru\\\/shop\\\/\"},{\"@type\":\"ListItem\",\"position\":3,\"name\":\"Gel qab yumaq \u00fc\u00e7\u00fcn 500ml Fairy PG\"}]},{\"@type\":\"WebSite\",\"@id\":\"https:\\\/\\\/antaris.az\\\/#website\",\"url\":\"https:\\\/\\\/antaris.az\\\/\",\"name\":\"Antaris\",\"description\":\"Ofis, ev, m\u0259kt\u0259b \u00fc\u00e7\u00fcn h\u0259r \u015fey\",\"publisher\":{\"@id\":\"https:\\\/\\\/antaris.az\\\/#organization\"},\"potentialAction\":[{\"@type\":\"SearchAction\",\"target\":{\"@type\":\"EntryPoint\",\"urlTemplate\":\"https:\\\/\\\/antaris.az\\\/?s={search_term_string}\"},\"query-input\":{\"@type\":\"PropertyValueSpecification\",\"valueRequired\":true,\"valueName\":\"search_term_string\"}}],\"inLanguage\":\"ru-RU\"},{\"@type\":\"Organization\",\"@id\":\"https:\\\/\\\/antaris.az\\\/#organization\",\"name\":\"Antaris QSC\",\"url\":\"https:\\\/\\\/antaris.az\\\/\",\"logo\":{\"@type\":\"ImageObject\",\"inLanguage\":\"ru-RU\",\"@id\":\"https:\\\/\\\/antaris.az\\\/#\\\/schema\\\/logo\\\/image\\\/\",\"url\":\"https:\\\/\\\/antaris.az\\\/wp-content\\\/uploads\\\/2025\\\/03\\\/Antaris-logo.png\",\"contentUrl\":\"https:\\\/\\\/antaris.az\\\/wp-content\\\/uploads\\\/2025\\\/03\\\/Antaris-logo.png\",\"width\":500,\"height\":500,\"caption\":\"Antaris QSC\"},\"image\":{\"@id\":\"https:\\\/\\\/antaris.az\\\/#\\\/schema\\\/logo\\\/image\\\/\"},\"sameAs\":[\"https:\\\/\\\/www.facebook.com\\\/antaris.az\\\/\",\"https:\\\/\\\/www.instagram.com\\\/antaris.az\\\/\"]}]}<\/script>\n<!-- \/ Yoast SEO plugin. -->","yoast_head_json":{"title":"Gel qab yumaq \u00fc\u00e7\u00fcn 500ml Fairy PG - Antaris","description":"Gel qab yumaq \u00fc\u00e7\u00fcn 500ml Fairy PG","robots":{"index":"index","follow":"follow","max-snippet":"max-snippet:-1","max-image-preview":"max-image-preview:large","max-video-preview":"max-video-preview:-1"},"canonical":"https:\/\/antaris.az\/ru\/m\u0259hsul\/gel-qab-yumaq-ucun-500ml-fairy-pg\/","og_locale":"ru_RU","og_type":"article","og_title":"Gel qab yumaq \u00fc\u00e7\u00fcn 500ml Fairy PG - Antaris","og_description":"Gel qab yumaq \u00fc\u00e7\u00fcn 500ml Fairy PG","og_url":"https:\/\/antaris.az\/ru\/m\u0259hsul\/gel-qab-yumaq-ucun-500ml-fairy-pg\/","og_site_name":"Antaris","article_publisher":"https:\/\/www.facebook.com\/antaris.az\/","og_image":[{"width":900,"height":900,"url":"https:\/\/antaris.az\/wp-content\/uploads\/2026\/01\/Gel-qab-yumaq-ucun-500ml-Fairy-PG.webp","type":"image\/webp"}],"schema":{"@context":"https:\/\/schema.org","@graph":[{"@type":"WebPage","@id":"https:\/\/antaris.az\/m\u0259hsul\/gel-qab-yumaq-ucun-500ml-fairy-pg\/","url":"https:\/\/antaris.az\/m\u0259hsul\/gel-qab-yumaq-ucun-500ml-fairy-pg\/","name":"Gel qab yumaq \u00fc\u00e7\u00fcn 500ml Fairy PG - Antaris","isPartOf":{"@id":"https:\/\/antaris.az\/#website"},"primaryImageOfPage":{"@id":"https:\/\/antaris.az\/m\u0259hsul\/gel-qab-yumaq-ucun-500ml-fairy-pg\/#primaryimage"},"image":{"@id":"https:\/\/antaris.az\/m\u0259hsul\/gel-qab-yumaq-ucun-500ml-fairy-pg\/#primaryimage"},"thumbnailUrl":"https:\/\/antaris.az\/wp-content\/uploads\/2026\/01\/Gel-qab-yumaq-ucun-500ml-Fairy-PG.webp","datePublished":"2026-01-27T06:20:21+00:00","description":"Gel qab yumaq \u00fc\u00e7\u00fcn 500ml Fairy PG","breadcrumb":{"@id":"https:\/\/antaris.az\/m\u0259hsul\/gel-qab-yumaq-ucun-500ml-fairy-pg\/#breadcrumb"},"inLanguage":"ru-RU","potentialAction":[{"@type":"ReadAction","target":["https:\/\/antaris.az\/m\u0259hsul\/gel-qab-yumaq-ucun-500ml-fairy-pg\/"]}]},{"@type":"ImageObject","inLanguage":"ru-RU","@id":"https:\/\/antaris.az\/m\u0259hsul\/gel-qab-yumaq-ucun-500ml-fairy-pg\/#primaryimage","url":"https:\/\/antaris.az\/wp-content\/uploads\/2026\/01\/Gel-qab-yumaq-ucun-500ml-Fairy-PG.webp","contentUrl":"https:\/\/antaris.az\/wp-content\/uploads\/2026\/01\/Gel-qab-yumaq-ucun-500ml-Fairy-PG.webp","width":900,"height":900},{"@type":"BreadcrumbList","@id":"https:\/\/antaris.az\/m\u0259hsul\/gel-qab-yumaq-ucun-500ml-fairy-pg\/#breadcrumb","itemListElement":[{"@type":"ListItem","position":1,"name":"Home","item":"https:\/\/antaris.az\/"},{"@type":"ListItem","position":2,"name":"Ma\u011faza","item":"https:\/\/antaris.az\/ru\/shop\/"},{"@type":"ListItem","position":3,"name":"Gel qab yumaq \u00fc\u00e7\u00fcn 500ml Fairy PG"}]},{"@type":"WebSite","@id":"https:\/\/antaris.az\/#website","url":"https:\/\/antaris.az\/","name":"Antaris","description":"Ofis, ev, m\u0259kt\u0259b \u00fc\u00e7\u00fcn h\u0259r \u015fey","publisher":{"@id":"https:\/\/antaris.az\/#organization"},"potentialAction":[{"@type":"SearchAction","target":{"@type":"EntryPoint","urlTemplate":"https:\/\/antaris.az\/?s={search_term_string}"},"query-input":{"@type":"PropertyValueSpecification","valueRequired":true,"valueName":"search_term_string"}}],"inLanguage":"ru-RU"},{"@type":"Organization","@id":"https:\/\/antaris.az\/#organization","name":"\u0410\u043d\u0442\u0430\u0440\u0438\u0441 \u0417\u0410\u041e","url":"https:\/\/antaris.az\/","logo":{"@type":"ImageObject","inLanguage":"ru-RU","@id":"https:\/\/antaris.az\/#\/schema\/logo\/image\/","url":"https:\/\/antaris.az\/wp-content\/uploads\/2025\/03\/Antaris-logo.png","contentUrl":"https:\/\/antaris.az\/wp-content\/uploads\/2025\/03\/Antaris-logo.png","width":500,"height":500,"caption":"Antaris QSC"},"image":{"@id":"https:\/\/antaris.az\/#\/schema\/logo\/image\/"},"sameAs":["https:\/\/www.facebook.com\/antaris.az\/","https:\/\/www.instagram.com\/antaris.az\/"]}]}},"_links":{"self":[{"href":"https:\/\/antaris.az\/ru\/wp-json\/wp\/v2\/product\/130200","targetHints":{"allow":["GET"]}}],"collection":[{"href":"https:\/\/antaris.az\/ru\/wp-json\/wp\/v2\/product"}],"about":[{"href":"https:\/\/antaris.az\/ru\/wp-json\/wp\/v2\/types\/product"}],"version-history":[{"count":0,"href":"https:\/\/antaris.az\/ru\/wp-json\/wp\/v2\/product\/130200\/revisions"}],"wp:featuredmedia":[{"embeddable":true,"href":"https:\/\/antaris.az\/ru\/wp-json\/wp\/v2\/media\/130201"}],"wp:attachment":[{"href":"https:\/\/antaris.az\/ru\/wp-json\/wp\/v2\/media?parent=130200"}],"wp:term":[{"taxonomy":"product_brand","embeddable":true,"href":"https:\/\/antaris.az\/ru\/wp-json\/wp\/v2\/product_brand?post=130200"},{"taxonomy":"product_cat","embeddable":true,"href":"https:\/\/antaris.az\/ru\/wp-json\/wp\/v2\/product_cat?post=130200"},{"taxonomy":"product_tag","embeddable":true,"href":"https:\/\/antaris.az\/ru\/wp-json\/wp\/v2\/product_tag?post=130200"}],"curies":[{"name":"wp","href":"https:\/\/api.w.org\/{rel}","templated":true}]}}