{"id":129493,"date":"2025-12-09T11:42:29","date_gmt":"2025-12-09T07:42:29","guid":{"rendered":"https:\/\/antaris.az\/?post_type=product&#038;p=129493"},"modified":"2026-02-24T17:20:20","modified_gmt":"2026-02-24T13:20:20","slug":"seyf-griffon-2-qapili-1-acar-v%c9%99-1kodlu-1183%d1%85480%d1%85400-75kq-r2-120-k-e","status":"publish","type":"product","link":"https:\/\/antaris.az\/ru\/m\u0259hsul\/seyf-griffon-2-qapili-1-acar-v%c9%99-1kodlu-1183%d1%85480%d1%85400-75kq-r2-120-k-e\/","title":{"rendered":"Seyf, Griffon, 2 qap\u0131l\u0131, 1 a\u00e7ar v\u0259 1kodlu, 1183\u0445480\u0445400, 75kq, R2.120.K.E"},"content":{"rendered":"","protected":false},"excerpt":{"rendered":"<p>N\u00f6v\u00fc: Ev v\u0259 Ofis \u00fc\u00e7\u00fcn<br \/>\nXarici \u00f6l\u00e7\u00fcl\u0259ri: 1183x480x400 mm<br \/>\nDaxili \u00f6l\u00e7\u00fcl\u0259ri: 2\u0445575x474x335 mm<br \/>\n\u00c7\u0259ki: 75 kq<br \/>\nH\u0259cmi: 155 L<br \/>\nM\u00fcdafi\u0259 qat\u0131:<br \/>\n&#8211; G\u00f6vd\u0259 metal\u0131n\u0131n qal\u0131nl\u0131\u011f\u0131 2 mm<br \/>\n&#8211; Qap\u0131 metal\u0131n\u0131n qal\u0131nl\u0131\u011f\u0131 5 mm<br \/>\nKilid sistemi: Lowe &amp; Fletcher a\u00e7ar seyf kilidi (\u0130ngilt\u0259r\u0259),<br \/>\nVDS Class 1 sertifikat\u0131, GRIFFON 2.0 elektron kombinasiya kilidi (Ukrayna)<br \/>\n\u018flav\u0259: Seyfi yer\u0259 b\u0259rkitm\u0259k \u00fc\u00e7\u00fcn l\u00f6vb\u0259rl\u0259r<br \/>\nKonstruksiya z\u0259man\u0259ti: 5 il<br \/>\n\u0413\u0430\u0440\u0430\u043d\u0442\u0438\u044f \u043d\u0430 \u0437\u0430\u043c\u043e\u043a: 1 \u0433\u043e\u0434<br \/>\n\u0421\u043e\u043e\u0442\u0432\u0435\u0442\u0441\u0442\u0432\u0443\u0435\u0442 \u043c\u0435\u0436\u0434\u0443\u043d\u0430\u0440\u043e\u0434\u043d\u044b\u043c \u0441\u0442\u0430\u043d\u0434\u0430\u0440\u0442\u0430\u043c<br \/>\n\u0130stehsal\u00e7\u0131 kodu: R2.120.K.E<br \/>\n\u0422\u043e\u0440\u0433\u043e\u0432\u0430\u044f \u043c\u0430\u0440\u043a\u0430: Griffon<br \/>\n\u0421\u0442\u0440\u0430\u043d\u0430 \u043f\u0440\u043e\u0438\u0437\u0432\u043e\u0434\u0438\u0442\u0435\u043b\u044c: \u0423\u043a\u0440\u0430\u0438\u043d\u0430<br \/>\nKonstruksiya z\u0259man\u0259ti: 5 il<br \/>\n\u0413\u0430\u0440\u0430\u043d\u0442\u0438\u044f \u043d\u0430 \u0437\u0430\u043c\u043e\u043a: 1 \u0433\u043e\u0434<br \/>\n\u0421\u043e\u043e\u0442\u0432\u0435\u0442\u0441\u0442\u0432\u0443\u0435\u0442 \u043c\u0435\u0436\u0434\u0443\u043d\u0430\u0440\u043e\u0434\u043d\u044b\u043c \u0441\u0442\u0430\u043d\u0434\u0430\u0440\u0442\u0430\u043c<br \/>\n\u0130stehsal\u00e7\u0131 kodu: R2.120.K.E<br \/>\n\u0422\u043e\u0440\u0433\u043e\u0432\u0430\u044f \u043c\u0430\u0440\u043a\u0430: Griffon<br \/>\n\u0421\u0442\u0440\u0430\u043d\u0430 \u043f\u0440\u043e\u0438\u0437\u0432\u043e\u0434\u0438\u0442\u0435\u043b\u044c: \u0423\u043a\u0440\u0430\u0438\u043d\u0430<\/p>","protected":false},"featured_media":129494,"template":"","meta":{"_joinchat":[]},"product_brand":[],"product_cat":[755],"product_tag":[],"class_list":{"0":"post-129493","1":"product","2":"type-product","3":"status-publish","4":"has-post-thumbnail","6":"product_cat-otel_ev_seyfleri","7":"pa_brand-griffon","9":"first","10":"onbackorder","11":"featured","12":"shipping-taxable","13":"purchasable","14":"product-type-simple"},"yoast_head":"<!-- This site is optimized with the Yoast SEO plugin v27.5 - https:\/\/yoast.com\/product\/yoast-seo-wordpress\/ -->\n<title>Seyf, Griffon, 2 qap\u0131l\u0131, 1 a\u00e7ar v\u0259 1kodlu, 1183\u0445480\u0445400, 75kq, R2.120.K.E - Antaris<\/title>\n<meta name=\"description\" content=\"Seyf, Griffon, 2 qap\u0131l\u0131, 1 a\u00e7ar v\u0259 1kodlu, 1183\u0445480\u0445400, 75kq, R2.120.K.E\" \/>\n<meta name=\"robots\" content=\"index, follow, max-snippet:-1, max-image-preview:large, max-video-preview:-1\" \/>\n<link rel=\"canonical\" href=\"https:\/\/antaris.az\/ru\/m\u0259hsul\/seyf-griffon-2-qapili-1-acar-v\u0259-1kodlu-1183\u0445480\u0445400-75kq-r2-120-k-e\/\" \/>\n<meta property=\"og:locale\" content=\"ru_RU\" \/>\n<meta property=\"og:type\" content=\"article\" \/>\n<meta property=\"og:title\" content=\"Seyf, Griffon, 2 qap\u0131l\u0131, 1 a\u00e7ar v\u0259 1kodlu, 1183\u0445480\u0445400, 75kq, R2.120.K.E - Antaris\" \/>\n<meta property=\"og:description\" content=\"Seyf, Griffon, 2 qap\u0131l\u0131, 1 a\u00e7ar v\u0259 1kodlu, 1183\u0445480\u0445400, 75kq, R2.120.K.E\" \/>\n<meta property=\"og:url\" content=\"https:\/\/antaris.az\/ru\/m\u0259hsul\/seyf-griffon-2-qapili-1-acar-v\u0259-1kodlu-1183\u0445480\u0445400-75kq-r2-120-k-e\/\" \/>\n<meta property=\"og:site_name\" content=\"Antaris\" \/>\n<meta property=\"article:publisher\" content=\"https:\/\/www.facebook.com\/antaris.az\/\" \/>\n<meta property=\"article:modified_time\" content=\"2026-02-24T13:20:20+00:00\" \/>\n<meta property=\"og:image\" content=\"https:\/\/antaris.az\/wp-content\/uploads\/2025\/12\/R2.120.K.E-1.webp\" \/>\n\t<meta property=\"og:image:width\" content=\"800\" \/>\n\t<meta property=\"og:image:height\" content=\"800\" \/>\n\t<meta property=\"og:image:type\" content=\"image\/webp\" \/>\n<script type=\"application\/ld+json\" class=\"yoast-schema-graph\">{\"@context\":\"https:\\\/\\\/schema.org\",\"@graph\":[{\"@type\":\"WebPage\",\"@id\":\"https:\\\/\\\/antaris.az\\\/m\u0259hsul\\\/seyf-griffon-2-qapili-1-acar-v%c9%99-1kodlu-1183%d1%85480%d1%85400-75kq-r2-120-k-e\\\/\",\"url\":\"https:\\\/\\\/antaris.az\\\/m\u0259hsul\\\/seyf-griffon-2-qapili-1-acar-v%c9%99-1kodlu-1183%d1%85480%d1%85400-75kq-r2-120-k-e\\\/\",\"name\":\"Seyf, Griffon, 2 qap\u0131l\u0131, 1 a\u00e7ar v\u0259 1kodlu, 1183\u0445480\u0445400, 75kq, R2.120.K.E - Antaris\",\"isPartOf\":{\"@id\":\"https:\\\/\\\/antaris.az\\\/#website\"},\"primaryImageOfPage\":{\"@id\":\"https:\\\/\\\/antaris.az\\\/m\u0259hsul\\\/seyf-griffon-2-qapili-1-acar-v%c9%99-1kodlu-1183%d1%85480%d1%85400-75kq-r2-120-k-e\\\/#primaryimage\"},\"image\":{\"@id\":\"https:\\\/\\\/antaris.az\\\/m\u0259hsul\\\/seyf-griffon-2-qapili-1-acar-v%c9%99-1kodlu-1183%d1%85480%d1%85400-75kq-r2-120-k-e\\\/#primaryimage\"},\"thumbnailUrl\":\"https:\\\/\\\/antaris.az\\\/wp-content\\\/uploads\\\/2025\\\/12\\\/R2.120.K.E-1.webp\",\"datePublished\":\"2025-12-09T07:42:29+00:00\",\"dateModified\":\"2026-02-24T13:20:20+00:00\",\"description\":\"Seyf, Griffon, 2 qap\u0131l\u0131, 1 a\u00e7ar v\u0259 1kodlu, 1183\u0445480\u0445400, 75kq, R2.120.K.E\",\"breadcrumb\":{\"@id\":\"https:\\\/\\\/antaris.az\\\/m\u0259hsul\\\/seyf-griffon-2-qapili-1-acar-v%c9%99-1kodlu-1183%d1%85480%d1%85400-75kq-r2-120-k-e\\\/#breadcrumb\"},\"inLanguage\":\"ru-RU\",\"potentialAction\":[{\"@type\":\"ReadAction\",\"target\":[\"https:\\\/\\\/antaris.az\\\/m\u0259hsul\\\/seyf-griffon-2-qapili-1-acar-v%c9%99-1kodlu-1183%d1%85480%d1%85400-75kq-r2-120-k-e\\\/\"]}]},{\"@type\":\"ImageObject\",\"inLanguage\":\"ru-RU\",\"@id\":\"https:\\\/\\\/antaris.az\\\/m\u0259hsul\\\/seyf-griffon-2-qapili-1-acar-v%c9%99-1kodlu-1183%d1%85480%d1%85400-75kq-r2-120-k-e\\\/#primaryimage\",\"url\":\"https:\\\/\\\/antaris.az\\\/wp-content\\\/uploads\\\/2025\\\/12\\\/R2.120.K.E-1.webp\",\"contentUrl\":\"https:\\\/\\\/antaris.az\\\/wp-content\\\/uploads\\\/2025\\\/12\\\/R2.120.K.E-1.webp\",\"width\":800,\"height\":800},{\"@type\":\"BreadcrumbList\",\"@id\":\"https:\\\/\\\/antaris.az\\\/m\u0259hsul\\\/seyf-griffon-2-qapili-1-acar-v%c9%99-1kodlu-1183%d1%85480%d1%85400-75kq-r2-120-k-e\\\/#breadcrumb\",\"itemListElement\":[{\"@type\":\"ListItem\",\"position\":1,\"name\":\"Home\",\"item\":\"https:\\\/\\\/antaris.az\\\/\"},{\"@type\":\"ListItem\",\"position\":2,\"name\":\"Ma\u011faza\",\"item\":\"https:\\\/\\\/antaris.az\\\/ru\\\/shop\\\/\"},{\"@type\":\"ListItem\",\"position\":3,\"name\":\"Seyf, Griffon, 2 qap\u0131l\u0131, 1 a\u00e7ar v\u0259 1kodlu, 1183\u0445480\u0445400, 75kq, R2.120.K.E\"}]},{\"@type\":\"WebSite\",\"@id\":\"https:\\\/\\\/antaris.az\\\/#website\",\"url\":\"https:\\\/\\\/antaris.az\\\/\",\"name\":\"Antaris\",\"description\":\"Ofis, ev, m\u0259kt\u0259b \u00fc\u00e7\u00fcn h\u0259r \u015fey\",\"publisher\":{\"@id\":\"https:\\\/\\\/antaris.az\\\/#organization\"},\"potentialAction\":[{\"@type\":\"SearchAction\",\"target\":{\"@type\":\"EntryPoint\",\"urlTemplate\":\"https:\\\/\\\/antaris.az\\\/?s={search_term_string}\"},\"query-input\":{\"@type\":\"PropertyValueSpecification\",\"valueRequired\":true,\"valueName\":\"search_term_string\"}}],\"inLanguage\":\"ru-RU\"},{\"@type\":\"Organization\",\"@id\":\"https:\\\/\\\/antaris.az\\\/#organization\",\"name\":\"Antaris QSC\",\"url\":\"https:\\\/\\\/antaris.az\\\/\",\"logo\":{\"@type\":\"ImageObject\",\"inLanguage\":\"ru-RU\",\"@id\":\"https:\\\/\\\/antaris.az\\\/#\\\/schema\\\/logo\\\/image\\\/\",\"url\":\"https:\\\/\\\/antaris.az\\\/wp-content\\\/uploads\\\/2025\\\/03\\\/Antaris-logo.png\",\"contentUrl\":\"https:\\\/\\\/antaris.az\\\/wp-content\\\/uploads\\\/2025\\\/03\\\/Antaris-logo.png\",\"width\":500,\"height\":500,\"caption\":\"Antaris QSC\"},\"image\":{\"@id\":\"https:\\\/\\\/antaris.az\\\/#\\\/schema\\\/logo\\\/image\\\/\"},\"sameAs\":[\"https:\\\/\\\/www.facebook.com\\\/antaris.az\\\/\",\"https:\\\/\\\/www.instagram.com\\\/antaris.az\\\/\"]}]}<\/script>\n<!-- \/ Yoast SEO plugin. -->","yoast_head_json":{"title":"Seyf, Griffon, 2 qap\u0131l\u0131, 1 a\u00e7ar v\u0259 1kodlu, 1183\u0445480\u0445400, 75kq, R2.120.K.E - Antaris","description":"Seyf, Griffon, 2 qap\u0131l\u0131, 1 a\u00e7ar v\u0259 1kodlu, 1183\u0445480\u0445400, 75kq, R2.120.K.E","robots":{"index":"index","follow":"follow","max-snippet":"max-snippet:-1","max-image-preview":"max-image-preview:large","max-video-preview":"max-video-preview:-1"},"canonical":"https:\/\/antaris.az\/ru\/m\u0259hsul\/seyf-griffon-2-qapili-1-acar-v\u0259-1kodlu-1183\u0445480\u0445400-75kq-r2-120-k-e\/","og_locale":"ru_RU","og_type":"article","og_title":"Seyf, Griffon, 2 qap\u0131l\u0131, 1 a\u00e7ar v\u0259 1kodlu, 1183\u0445480\u0445400, 75kq, R2.120.K.E - Antaris","og_description":"Seyf, Griffon, 2 qap\u0131l\u0131, 1 a\u00e7ar v\u0259 1kodlu, 1183\u0445480\u0445400, 75kq, R2.120.K.E","og_url":"https:\/\/antaris.az\/ru\/m\u0259hsul\/seyf-griffon-2-qapili-1-acar-v\u0259-1kodlu-1183\u0445480\u0445400-75kq-r2-120-k-e\/","og_site_name":"Antaris","article_publisher":"https:\/\/www.facebook.com\/antaris.az\/","article_modified_time":"2026-02-24T13:20:20+00:00","og_image":[{"width":800,"height":800,"url":"https:\/\/antaris.az\/wp-content\/uploads\/2025\/12\/R2.120.K.E-1.webp","type":"image\/webp"}],"schema":{"@context":"https:\/\/schema.org","@graph":[{"@type":"WebPage","@id":"https:\/\/antaris.az\/m\u0259hsul\/seyf-griffon-2-qapili-1-acar-v%c9%99-1kodlu-1183%d1%85480%d1%85400-75kq-r2-120-k-e\/","url":"https:\/\/antaris.az\/m\u0259hsul\/seyf-griffon-2-qapili-1-acar-v%c9%99-1kodlu-1183%d1%85480%d1%85400-75kq-r2-120-k-e\/","name":"Seyf, Griffon, 2 qap\u0131l\u0131, 1 a\u00e7ar v\u0259 1kodlu, 1183\u0445480\u0445400, 75kq, R2.120.K.E - Antaris","isPartOf":{"@id":"https:\/\/antaris.az\/#website"},"primaryImageOfPage":{"@id":"https:\/\/antaris.az\/m\u0259hsul\/seyf-griffon-2-qapili-1-acar-v%c9%99-1kodlu-1183%d1%85480%d1%85400-75kq-r2-120-k-e\/#primaryimage"},"image":{"@id":"https:\/\/antaris.az\/m\u0259hsul\/seyf-griffon-2-qapili-1-acar-v%c9%99-1kodlu-1183%d1%85480%d1%85400-75kq-r2-120-k-e\/#primaryimage"},"thumbnailUrl":"https:\/\/antaris.az\/wp-content\/uploads\/2025\/12\/R2.120.K.E-1.webp","datePublished":"2025-12-09T07:42:29+00:00","dateModified":"2026-02-24T13:20:20+00:00","description":"Seyf, Griffon, 2 qap\u0131l\u0131, 1 a\u00e7ar v\u0259 1kodlu, 1183\u0445480\u0445400, 75kq, R2.120.K.E","breadcrumb":{"@id":"https:\/\/antaris.az\/m\u0259hsul\/seyf-griffon-2-qapili-1-acar-v%c9%99-1kodlu-1183%d1%85480%d1%85400-75kq-r2-120-k-e\/#breadcrumb"},"inLanguage":"ru-RU","potentialAction":[{"@type":"ReadAction","target":["https:\/\/antaris.az\/m\u0259hsul\/seyf-griffon-2-qapili-1-acar-v%c9%99-1kodlu-1183%d1%85480%d1%85400-75kq-r2-120-k-e\/"]}]},{"@type":"ImageObject","inLanguage":"ru-RU","@id":"https:\/\/antaris.az\/m\u0259hsul\/seyf-griffon-2-qapili-1-acar-v%c9%99-1kodlu-1183%d1%85480%d1%85400-75kq-r2-120-k-e\/#primaryimage","url":"https:\/\/antaris.az\/wp-content\/uploads\/2025\/12\/R2.120.K.E-1.webp","contentUrl":"https:\/\/antaris.az\/wp-content\/uploads\/2025\/12\/R2.120.K.E-1.webp","width":800,"height":800},{"@type":"BreadcrumbList","@id":"https:\/\/antaris.az\/m\u0259hsul\/seyf-griffon-2-qapili-1-acar-v%c9%99-1kodlu-1183%d1%85480%d1%85400-75kq-r2-120-k-e\/#breadcrumb","itemListElement":[{"@type":"ListItem","position":1,"name":"Home","item":"https:\/\/antaris.az\/"},{"@type":"ListItem","position":2,"name":"Ma\u011faza","item":"https:\/\/antaris.az\/ru\/shop\/"},{"@type":"ListItem","position":3,"name":"Seyf, Griffon, 2 qap\u0131l\u0131, 1 a\u00e7ar v\u0259 1kodlu, 1183\u0445480\u0445400, 75kq, R2.120.K.E"}]},{"@type":"WebSite","@id":"https:\/\/antaris.az\/#website","url":"https:\/\/antaris.az\/","name":"Antaris","description":"Ofis, ev, m\u0259kt\u0259b \u00fc\u00e7\u00fcn h\u0259r \u015fey","publisher":{"@id":"https:\/\/antaris.az\/#organization"},"potentialAction":[{"@type":"SearchAction","target":{"@type":"EntryPoint","urlTemplate":"https:\/\/antaris.az\/?s={search_term_string}"},"query-input":{"@type":"PropertyValueSpecification","valueRequired":true,"valueName":"search_term_string"}}],"inLanguage":"ru-RU"},{"@type":"Organization","@id":"https:\/\/antaris.az\/#organization","name":"\u0410\u043d\u0442\u0430\u0440\u0438\u0441 \u0417\u0410\u041e","url":"https:\/\/antaris.az\/","logo":{"@type":"ImageObject","inLanguage":"ru-RU","@id":"https:\/\/antaris.az\/#\/schema\/logo\/image\/","url":"https:\/\/antaris.az\/wp-content\/uploads\/2025\/03\/Antaris-logo.png","contentUrl":"https:\/\/antaris.az\/wp-content\/uploads\/2025\/03\/Antaris-logo.png","width":500,"height":500,"caption":"Antaris QSC"},"image":{"@id":"https:\/\/antaris.az\/#\/schema\/logo\/image\/"},"sameAs":["https:\/\/www.facebook.com\/antaris.az\/","https:\/\/www.instagram.com\/antaris.az\/"]}]}},"_links":{"self":[{"href":"https:\/\/antaris.az\/ru\/wp-json\/wp\/v2\/product\/129493","targetHints":{"allow":["GET"]}}],"collection":[{"href":"https:\/\/antaris.az\/ru\/wp-json\/wp\/v2\/product"}],"about":[{"href":"https:\/\/antaris.az\/ru\/wp-json\/wp\/v2\/types\/product"}],"version-history":[{"count":0,"href":"https:\/\/antaris.az\/ru\/wp-json\/wp\/v2\/product\/129493\/revisions"}],"wp:featuredmedia":[{"embeddable":true,"href":"https:\/\/antaris.az\/ru\/wp-json\/wp\/v2\/media\/129494"}],"wp:attachment":[{"href":"https:\/\/antaris.az\/ru\/wp-json\/wp\/v2\/media?parent=129493"}],"wp:term":[{"taxonomy":"product_brand","embeddable":true,"href":"https:\/\/antaris.az\/ru\/wp-json\/wp\/v2\/product_brand?post=129493"},{"taxonomy":"product_cat","embeddable":true,"href":"https:\/\/antaris.az\/ru\/wp-json\/wp\/v2\/product_cat?post=129493"},{"taxonomy":"product_tag","embeddable":true,"href":"https:\/\/antaris.az\/ru\/wp-json\/wp\/v2\/product_tag?post=129493"}],"curies":[{"name":"wp","href":"https:\/\/api.w.org\/{rel}","templated":true}]}}