{"id":127823,"date":"2025-07-25T18:07:47","date_gmt":"2025-07-25T14:07:47","guid":{"rendered":"https:\/\/antaris.az\/?post_type=product&#038;p=127823"},"modified":"2025-09-13T16:36:14","modified_gmt":"2025-09-13T12:36:14","slug":"canta-m%c9%99kt%c9%99bli-550095-pusheen-stellar-yes","status":"publish","type":"product","link":"https:\/\/antaris.az\/ru\/m\u0259hsul\/canta-m%c9%99kt%c9%99bli-550095-pusheen-stellar-yes\/","title":{"rendered":"\u00c7anta m\u0259kt\u0259bli 550095 Pusheen Stellar YES"},"content":{"rendered":"","protected":false},"excerpt":{"rendered":"<p>\u00d6l\u00e7\u00fc: S | 35 x 28 x 15 sm<br \/>\nYa\u015f: 6-9<br \/>\nH\u0259cmi: 15L<br \/>\n\u00c7\u0259ki: 0,85 kq (+\/- 10%)<br \/>\nMaterial: EVA \/ Polyester<br \/>\nR\u0259ngi: Multir\u0259ng<br \/>\n\u0130stehsal\u00e7\u0131 m\u0259hsul kodu: 550095<br \/>\n\u0422\u043e\u0440\u0433\u043e\u0432\u0430\u044f \u043c\u0430\u0440\u043a\u0430: Yes<br \/>\n\u041f\u0440\u043e\u0438\u0437\u0432\u043e\u0434\u0438\u0442\u0435\u043b: \u0423\u043a\u0440\u0430\u0438\u043d\u0430<\/p>","protected":false},"featured_media":127938,"template":"","meta":{"_joinchat":[]},"product_brand":[],"product_cat":[478],"product_tag":[],"class_list":{"0":"post-127823","1":"product","2":"type-product","3":"status-publish","4":"has-post-thumbnail","6":"product_cat-mekteb_chantalari","7":"pa_brand-yes","8":"pa_cins-qiz","9":"pa_reng-multirng","10":"pa_yas-6-9-yas","12":"first","13":"instock","14":"shipping-taxable","15":"purchasable","16":"product-type-simple"},"yoast_head":"<!-- This site is optimized with the Yoast SEO plugin v27.3 - https:\/\/yoast.com\/product\/yoast-seo-wordpress\/ -->\n<title>\u00c7anta m\u0259kt\u0259bli 550095 Pusheen Stellar YES - Antaris<\/title>\n<meta name=\"description\" content=\"M\u0259kt\u0259bli \u00e7antas\u0131 YES Pusheen Stellar\" \/>\n<meta name=\"robots\" content=\"index, follow, max-snippet:-1, max-image-preview:large, max-video-preview:-1\" \/>\n<link rel=\"canonical\" href=\"https:\/\/antaris.az\/ru\/m\u0259hsul\/canta-m\u0259kt\u0259bli-550095-pusheen-stellar-yes\/\" \/>\n<meta property=\"og:locale\" content=\"ru_RU\" \/>\n<meta property=\"og:type\" content=\"article\" \/>\n<meta property=\"og:title\" content=\"\u00c7anta m\u0259kt\u0259bli 550095 Pusheen Stellar YES - Antaris\" \/>\n<meta property=\"og:description\" content=\"M\u0259kt\u0259bli \u00e7antas\u0131 YES Pusheen Stellar\" \/>\n<meta property=\"og:url\" content=\"https:\/\/antaris.az\/ru\/m\u0259hsul\/canta-m\u0259kt\u0259bli-550095-pusheen-stellar-yes\/\" \/>\n<meta property=\"og:site_name\" content=\"Antaris\" \/>\n<meta property=\"article:publisher\" content=\"https:\/\/www.facebook.com\/antaris.az\/\" \/>\n<meta property=\"article:modified_time\" content=\"2025-09-13T12:36:14+00:00\" \/>\n<meta property=\"og:image\" content=\"https:\/\/antaris.az\/wp-content\/uploads\/2025\/07\/550095-1.webp\" \/>\n\t<meta property=\"og:image:width\" content=\"800\" \/>\n\t<meta property=\"og:image:height\" content=\"800\" \/>\n\t<meta property=\"og:image:type\" content=\"image\/webp\" \/>\n<script type=\"application\/ld+json\" class=\"yoast-schema-graph\">{\"@context\":\"https:\\\/\\\/schema.org\",\"@graph\":[{\"@type\":\"WebPage\",\"@id\":\"https:\\\/\\\/antaris.az\\\/m\u0259hsul\\\/canta-m%c9%99kt%c9%99bli-550095-pusheen-stellar-yes\\\/\",\"url\":\"https:\\\/\\\/antaris.az\\\/m\u0259hsul\\\/canta-m%c9%99kt%c9%99bli-550095-pusheen-stellar-yes\\\/\",\"name\":\"\u00c7anta m\u0259kt\u0259bli 550095 Pusheen Stellar YES - Antaris\",\"isPartOf\":{\"@id\":\"https:\\\/\\\/antaris.az\\\/#website\"},\"primaryImageOfPage\":{\"@id\":\"https:\\\/\\\/antaris.az\\\/m\u0259hsul\\\/canta-m%c9%99kt%c9%99bli-550095-pusheen-stellar-yes\\\/#primaryimage\"},\"image\":{\"@id\":\"https:\\\/\\\/antaris.az\\\/m\u0259hsul\\\/canta-m%c9%99kt%c9%99bli-550095-pusheen-stellar-yes\\\/#primaryimage\"},\"thumbnailUrl\":\"https:\\\/\\\/antaris.az\\\/wp-content\\\/uploads\\\/2025\\\/07\\\/550095-1.webp\",\"datePublished\":\"2025-07-25T14:07:47+00:00\",\"dateModified\":\"2025-09-13T12:36:14+00:00\",\"description\":\"M\u0259kt\u0259bli \u00e7antas\u0131 YES Pusheen Stellar\",\"breadcrumb\":{\"@id\":\"https:\\\/\\\/antaris.az\\\/m\u0259hsul\\\/canta-m%c9%99kt%c9%99bli-550095-pusheen-stellar-yes\\\/#breadcrumb\"},\"inLanguage\":\"ru-RU\",\"potentialAction\":[{\"@type\":\"ReadAction\",\"target\":[\"https:\\\/\\\/antaris.az\\\/m\u0259hsul\\\/canta-m%c9%99kt%c9%99bli-550095-pusheen-stellar-yes\\\/\"]}]},{\"@type\":\"ImageObject\",\"inLanguage\":\"ru-RU\",\"@id\":\"https:\\\/\\\/antaris.az\\\/m\u0259hsul\\\/canta-m%c9%99kt%c9%99bli-550095-pusheen-stellar-yes\\\/#primaryimage\",\"url\":\"https:\\\/\\\/antaris.az\\\/wp-content\\\/uploads\\\/2025\\\/07\\\/550095-1.webp\",\"contentUrl\":\"https:\\\/\\\/antaris.az\\\/wp-content\\\/uploads\\\/2025\\\/07\\\/550095-1.webp\",\"width\":800,\"height\":800},{\"@type\":\"BreadcrumbList\",\"@id\":\"https:\\\/\\\/antaris.az\\\/m\u0259hsul\\\/canta-m%c9%99kt%c9%99bli-550095-pusheen-stellar-yes\\\/#breadcrumb\",\"itemListElement\":[{\"@type\":\"ListItem\",\"position\":1,\"name\":\"Home\",\"item\":\"https:\\\/\\\/antaris.az\\\/\"},{\"@type\":\"ListItem\",\"position\":2,\"name\":\"Ma\u011faza\",\"item\":\"https:\\\/\\\/antaris.az\\\/ru\\\/shop\\\/\"},{\"@type\":\"ListItem\",\"position\":3,\"name\":\"\u00c7anta m\u0259kt\u0259bli 550095 Pusheen Stellar YES\"}]},{\"@type\":\"WebSite\",\"@id\":\"https:\\\/\\\/antaris.az\\\/#website\",\"url\":\"https:\\\/\\\/antaris.az\\\/\",\"name\":\"Antaris\",\"description\":\"Ofis, ev, m\u0259kt\u0259b \u00fc\u00e7\u00fcn h\u0259r \u015fey\",\"publisher\":{\"@id\":\"https:\\\/\\\/antaris.az\\\/#organization\"},\"potentialAction\":[{\"@type\":\"SearchAction\",\"target\":{\"@type\":\"EntryPoint\",\"urlTemplate\":\"https:\\\/\\\/antaris.az\\\/?s={search_term_string}\"},\"query-input\":{\"@type\":\"PropertyValueSpecification\",\"valueRequired\":true,\"valueName\":\"search_term_string\"}}],\"inLanguage\":\"ru-RU\"},{\"@type\":\"Organization\",\"@id\":\"https:\\\/\\\/antaris.az\\\/#organization\",\"name\":\"Antaris QSC\",\"url\":\"https:\\\/\\\/antaris.az\\\/\",\"logo\":{\"@type\":\"ImageObject\",\"inLanguage\":\"ru-RU\",\"@id\":\"https:\\\/\\\/antaris.az\\\/#\\\/schema\\\/logo\\\/image\\\/\",\"url\":\"https:\\\/\\\/antaris.az\\\/wp-content\\\/uploads\\\/2025\\\/03\\\/Antaris-logo.png\",\"contentUrl\":\"https:\\\/\\\/antaris.az\\\/wp-content\\\/uploads\\\/2025\\\/03\\\/Antaris-logo.png\",\"width\":500,\"height\":500,\"caption\":\"Antaris QSC\"},\"image\":{\"@id\":\"https:\\\/\\\/antaris.az\\\/#\\\/schema\\\/logo\\\/image\\\/\"},\"sameAs\":[\"https:\\\/\\\/www.facebook.com\\\/antaris.az\\\/\",\"https:\\\/\\\/www.instagram.com\\\/antaris.az\\\/\"]}]}<\/script>\n<!-- \/ Yoast SEO plugin. -->","yoast_head_json":{"title":"\u00c7anta m\u0259kt\u0259bli 550095 Pusheen Stellar YES - Antaris","description":"M\u0259kt\u0259bli \u00e7antas\u0131 YES Pusheen Stellar","robots":{"index":"index","follow":"follow","max-snippet":"max-snippet:-1","max-image-preview":"max-image-preview:large","max-video-preview":"max-video-preview:-1"},"canonical":"https:\/\/antaris.az\/ru\/m\u0259hsul\/canta-m\u0259kt\u0259bli-550095-pusheen-stellar-yes\/","og_locale":"ru_RU","og_type":"article","og_title":"\u00c7anta m\u0259kt\u0259bli 550095 Pusheen Stellar YES - Antaris","og_description":"M\u0259kt\u0259bli \u00e7antas\u0131 YES Pusheen Stellar","og_url":"https:\/\/antaris.az\/ru\/m\u0259hsul\/canta-m\u0259kt\u0259bli-550095-pusheen-stellar-yes\/","og_site_name":"Antaris","article_publisher":"https:\/\/www.facebook.com\/antaris.az\/","article_modified_time":"2025-09-13T12:36:14+00:00","og_image":[{"width":800,"height":800,"url":"https:\/\/antaris.az\/wp-content\/uploads\/2025\/07\/550095-1.webp","type":"image\/webp"}],"schema":{"@context":"https:\/\/schema.org","@graph":[{"@type":"WebPage","@id":"https:\/\/antaris.az\/m\u0259hsul\/canta-m%c9%99kt%c9%99bli-550095-pusheen-stellar-yes\/","url":"https:\/\/antaris.az\/m\u0259hsul\/canta-m%c9%99kt%c9%99bli-550095-pusheen-stellar-yes\/","name":"\u00c7anta m\u0259kt\u0259bli 550095 Pusheen Stellar YES - Antaris","isPartOf":{"@id":"https:\/\/antaris.az\/#website"},"primaryImageOfPage":{"@id":"https:\/\/antaris.az\/m\u0259hsul\/canta-m%c9%99kt%c9%99bli-550095-pusheen-stellar-yes\/#primaryimage"},"image":{"@id":"https:\/\/antaris.az\/m\u0259hsul\/canta-m%c9%99kt%c9%99bli-550095-pusheen-stellar-yes\/#primaryimage"},"thumbnailUrl":"https:\/\/antaris.az\/wp-content\/uploads\/2025\/07\/550095-1.webp","datePublished":"2025-07-25T14:07:47+00:00","dateModified":"2025-09-13T12:36:14+00:00","description":"M\u0259kt\u0259bli \u00e7antas\u0131 YES Pusheen Stellar","breadcrumb":{"@id":"https:\/\/antaris.az\/m\u0259hsul\/canta-m%c9%99kt%c9%99bli-550095-pusheen-stellar-yes\/#breadcrumb"},"inLanguage":"ru-RU","potentialAction":[{"@type":"ReadAction","target":["https:\/\/antaris.az\/m\u0259hsul\/canta-m%c9%99kt%c9%99bli-550095-pusheen-stellar-yes\/"]}]},{"@type":"ImageObject","inLanguage":"ru-RU","@id":"https:\/\/antaris.az\/m\u0259hsul\/canta-m%c9%99kt%c9%99bli-550095-pusheen-stellar-yes\/#primaryimage","url":"https:\/\/antaris.az\/wp-content\/uploads\/2025\/07\/550095-1.webp","contentUrl":"https:\/\/antaris.az\/wp-content\/uploads\/2025\/07\/550095-1.webp","width":800,"height":800},{"@type":"BreadcrumbList","@id":"https:\/\/antaris.az\/m\u0259hsul\/canta-m%c9%99kt%c9%99bli-550095-pusheen-stellar-yes\/#breadcrumb","itemListElement":[{"@type":"ListItem","position":1,"name":"Home","item":"https:\/\/antaris.az\/"},{"@type":"ListItem","position":2,"name":"Ma\u011faza","item":"https:\/\/antaris.az\/ru\/shop\/"},{"@type":"ListItem","position":3,"name":"\u00c7anta m\u0259kt\u0259bli 550095 Pusheen Stellar YES"}]},{"@type":"WebSite","@id":"https:\/\/antaris.az\/#website","url":"https:\/\/antaris.az\/","name":"Antaris","description":"Ofis, ev, m\u0259kt\u0259b \u00fc\u00e7\u00fcn h\u0259r \u015fey","publisher":{"@id":"https:\/\/antaris.az\/#organization"},"potentialAction":[{"@type":"SearchAction","target":{"@type":"EntryPoint","urlTemplate":"https:\/\/antaris.az\/?s={search_term_string}"},"query-input":{"@type":"PropertyValueSpecification","valueRequired":true,"valueName":"search_term_string"}}],"inLanguage":"ru-RU"},{"@type":"Organization","@id":"https:\/\/antaris.az\/#organization","name":"\u0410\u043d\u0442\u0430\u0440\u0438\u0441 \u0417\u0410\u041e","url":"https:\/\/antaris.az\/","logo":{"@type":"ImageObject","inLanguage":"ru-RU","@id":"https:\/\/antaris.az\/#\/schema\/logo\/image\/","url":"https:\/\/antaris.az\/wp-content\/uploads\/2025\/03\/Antaris-logo.png","contentUrl":"https:\/\/antaris.az\/wp-content\/uploads\/2025\/03\/Antaris-logo.png","width":500,"height":500,"caption":"Antaris QSC"},"image":{"@id":"https:\/\/antaris.az\/#\/schema\/logo\/image\/"},"sameAs":["https:\/\/www.facebook.com\/antaris.az\/","https:\/\/www.instagram.com\/antaris.az\/"]}]}},"_links":{"self":[{"href":"https:\/\/antaris.az\/ru\/wp-json\/wp\/v2\/product\/127823","targetHints":{"allow":["GET"]}}],"collection":[{"href":"https:\/\/antaris.az\/ru\/wp-json\/wp\/v2\/product"}],"about":[{"href":"https:\/\/antaris.az\/ru\/wp-json\/wp\/v2\/types\/product"}],"version-history":[{"count":0,"href":"https:\/\/antaris.az\/ru\/wp-json\/wp\/v2\/product\/127823\/revisions"}],"wp:featuredmedia":[{"embeddable":true,"href":"https:\/\/antaris.az\/ru\/wp-json\/wp\/v2\/media\/127938"}],"wp:attachment":[{"href":"https:\/\/antaris.az\/ru\/wp-json\/wp\/v2\/media?parent=127823"}],"wp:term":[{"taxonomy":"product_brand","embeddable":true,"href":"https:\/\/antaris.az\/ru\/wp-json\/wp\/v2\/product_brand?post=127823"},{"taxonomy":"product_cat","embeddable":true,"href":"https:\/\/antaris.az\/ru\/wp-json\/wp\/v2\/product_cat?post=127823"},{"taxonomy":"product_tag","embeddable":true,"href":"https:\/\/antaris.az\/ru\/wp-json\/wp\/v2\/product_tag?post=127823"}],"curies":[{"name":"wp","href":"https:\/\/api.w.org\/{rel}","templated":true}]}}