{"id":109774,"date":"2024-09-13T14:26:12","date_gmt":"2024-09-13T11:26:12","guid":{"rendered":"https:\/\/antaris.az\/?post_type=product&#038;p=109774"},"modified":"2024-11-25T16:34:10","modified_gmt":"2024-11-25T12:34:10","slug":"usb-flash-kecirm%c9%99-ucun-qutu-metal","status":"publish","type":"product","link":"https:\/\/antaris.az\/ru\/m\u0259hsul\/usb-flash-kecirm%c9%99-ucun-qutu-metal\/","title":{"rendered":"USB flash ke\u00e7irm\u0259 \u00fc\u00e7\u00fcn qutu metal"},"content":{"rendered":"","protected":false},"excerpt":{"rendered":"<p>Material: Metal<br \/>\n\u00d6l\u00e7\u00fc: 9.2 \u0445 6.3 \u0445 1.8 sm<br \/>\n\u00c7\u0259ki: 0.033 qr<\/p>","protected":false},"featured_media":109775,"template":"","meta":{"_joinchat":[]},"product_brand":[],"product_cat":[429],"product_tag":[],"class_list":{"0":"post-109774","1":"product","2":"type-product","3":"status-publish","4":"has-post-thumbnail","6":"product_cat-usb-flskart-yaddas-dasiyicisi","8":"first","9":"instock","10":"shipping-taxable","11":"purchasable","12":"product-type-simple"},"yoast_head":"<!-- This site is optimized with the Yoast SEO plugin v27.4 - https:\/\/yoast.com\/product\/yoast-seo-wordpress\/ -->\n<title>USB flash ke\u00e7irm\u0259 \u00fc\u00e7\u00fcn qutu metal - Antaris<\/title>\n<meta name=\"robots\" content=\"index, follow, max-snippet:-1, max-image-preview:large, max-video-preview:-1\" \/>\n<link rel=\"canonical\" href=\"https:\/\/antaris.az\/ru\/m\u0259hsul\/usb-flash-kecirm\u0259-ucun-qutu-metal\/\" \/>\n<meta property=\"og:locale\" content=\"ru_RU\" \/>\n<meta property=\"og:type\" content=\"article\" \/>\n<meta property=\"og:title\" content=\"USB flash ke\u00e7irm\u0259 \u00fc\u00e7\u00fcn qutu metal - Antaris\" \/>\n<meta property=\"og:description\" content=\"Material: Metal \u00d6l\u00e7\u00fc: 9.2 \u0445 6.3 \u0445 1.8 sm \u00c7\u0259ki: 0.033 qr\" \/>\n<meta property=\"og:url\" content=\"https:\/\/antaris.az\/ru\/m\u0259hsul\/usb-flash-kecirm\u0259-ucun-qutu-metal\/\" \/>\n<meta property=\"og:site_name\" content=\"Antaris\" \/>\n<meta property=\"article:publisher\" content=\"https:\/\/www.facebook.com\/antaris.az\/\" \/>\n<meta property=\"article:modified_time\" content=\"2024-11-25T12:34:10+00:00\" \/>\n<meta property=\"og:image\" content=\"https:\/\/antaris.az\/wp-content\/uploads\/2024\/09\/USB-flash-kecirm\u0259-ucun-qutu-metal-wep.webp\" \/>\n\t<meta property=\"og:image:width\" content=\"800\" \/>\n\t<meta property=\"og:image:height\" content=\"800\" \/>\n\t<meta property=\"og:image:type\" content=\"image\/webp\" \/>\n<script type=\"application\/ld+json\" class=\"yoast-schema-graph\">{\"@context\":\"https:\\\/\\\/schema.org\",\"@graph\":[{\"@type\":\"WebPage\",\"@id\":\"https:\\\/\\\/antaris.az\\\/ru\\\/m\u0259hsul\\\/usb-flash-kecirm%c9%99-ucun-qutu-metal\\\/\",\"url\":\"https:\\\/\\\/antaris.az\\\/ru\\\/m\u0259hsul\\\/usb-flash-kecirm%c9%99-ucun-qutu-metal\\\/\",\"name\":\"USB flash ke\u00e7irm\u0259 \u00fc\u00e7\u00fcn qutu metal - Antaris\",\"isPartOf\":{\"@id\":\"https:\\\/\\\/antaris.az\\\/#website\"},\"primaryImageOfPage\":{\"@id\":\"https:\\\/\\\/antaris.az\\\/ru\\\/m\u0259hsul\\\/usb-flash-kecirm%c9%99-ucun-qutu-metal\\\/#primaryimage\"},\"image\":{\"@id\":\"https:\\\/\\\/antaris.az\\\/ru\\\/m\u0259hsul\\\/usb-flash-kecirm%c9%99-ucun-qutu-metal\\\/#primaryimage\"},\"thumbnailUrl\":\"https:\\\/\\\/antaris.az\\\/wp-content\\\/uploads\\\/2024\\\/09\\\/USB-flash-kecirm\u0259-ucun-qutu-metal-wep.webp\",\"datePublished\":\"2024-09-13T11:26:12+00:00\",\"dateModified\":\"2024-11-25T12:34:10+00:00\",\"breadcrumb\":{\"@id\":\"https:\\\/\\\/antaris.az\\\/ru\\\/m\u0259hsul\\\/usb-flash-kecirm%c9%99-ucun-qutu-metal\\\/#breadcrumb\"},\"inLanguage\":\"ru-RU\",\"potentialAction\":[{\"@type\":\"ReadAction\",\"target\":[\"https:\\\/\\\/antaris.az\\\/ru\\\/m\u0259hsul\\\/usb-flash-kecirm%c9%99-ucun-qutu-metal\\\/\"]}]},{\"@type\":\"ImageObject\",\"inLanguage\":\"ru-RU\",\"@id\":\"https:\\\/\\\/antaris.az\\\/ru\\\/m\u0259hsul\\\/usb-flash-kecirm%c9%99-ucun-qutu-metal\\\/#primaryimage\",\"url\":\"https:\\\/\\\/antaris.az\\\/wp-content\\\/uploads\\\/2024\\\/09\\\/USB-flash-kecirm\u0259-ucun-qutu-metal-wep.webp\",\"contentUrl\":\"https:\\\/\\\/antaris.az\\\/wp-content\\\/uploads\\\/2024\\\/09\\\/USB-flash-kecirm\u0259-ucun-qutu-metal-wep.webp\",\"width\":800,\"height\":800,\"caption\":\"USB flash ke\u00e7irm\u0259 \u00fc\u00e7\u00fcn qutu metal wep\"},{\"@type\":\"BreadcrumbList\",\"@id\":\"https:\\\/\\\/antaris.az\\\/ru\\\/m\u0259hsul\\\/usb-flash-kecirm%c9%99-ucun-qutu-metal\\\/#breadcrumb\",\"itemListElement\":[{\"@type\":\"ListItem\",\"position\":1,\"name\":\"Home\",\"item\":\"https:\\\/\\\/antaris.az\\\/\"},{\"@type\":\"ListItem\",\"position\":2,\"name\":\"Ma\u011faza\",\"item\":\"https:\\\/\\\/antaris.az\\\/ru\\\/shop\\\/\"},{\"@type\":\"ListItem\",\"position\":3,\"name\":\"USB flash ke\u00e7irm\u0259 \u00fc\u00e7\u00fcn qutu metal\"}]},{\"@type\":\"WebSite\",\"@id\":\"https:\\\/\\\/antaris.az\\\/#website\",\"url\":\"https:\\\/\\\/antaris.az\\\/\",\"name\":\"Antaris\",\"description\":\"Ofis, ev, m\u0259kt\u0259b \u00fc\u00e7\u00fcn h\u0259r \u015fey\",\"publisher\":{\"@id\":\"https:\\\/\\\/antaris.az\\\/#organization\"},\"potentialAction\":[{\"@type\":\"SearchAction\",\"target\":{\"@type\":\"EntryPoint\",\"urlTemplate\":\"https:\\\/\\\/antaris.az\\\/?s={search_term_string}\"},\"query-input\":{\"@type\":\"PropertyValueSpecification\",\"valueRequired\":true,\"valueName\":\"search_term_string\"}}],\"inLanguage\":\"ru-RU\"},{\"@type\":\"Organization\",\"@id\":\"https:\\\/\\\/antaris.az\\\/#organization\",\"name\":\"Antaris QSC\",\"url\":\"https:\\\/\\\/antaris.az\\\/\",\"logo\":{\"@type\":\"ImageObject\",\"inLanguage\":\"ru-RU\",\"@id\":\"https:\\\/\\\/antaris.az\\\/#\\\/schema\\\/logo\\\/image\\\/\",\"url\":\"https:\\\/\\\/antaris.az\\\/wp-content\\\/uploads\\\/2025\\\/03\\\/Antaris-logo.png\",\"contentUrl\":\"https:\\\/\\\/antaris.az\\\/wp-content\\\/uploads\\\/2025\\\/03\\\/Antaris-logo.png\",\"width\":500,\"height\":500,\"caption\":\"Antaris QSC\"},\"image\":{\"@id\":\"https:\\\/\\\/antaris.az\\\/#\\\/schema\\\/logo\\\/image\\\/\"},\"sameAs\":[\"https:\\\/\\\/www.facebook.com\\\/antaris.az\\\/\",\"https:\\\/\\\/www.instagram.com\\\/antaris.az\\\/\"]}]}<\/script>\n<!-- \/ Yoast SEO plugin. -->","yoast_head_json":{"title":"USB flash ke\u00e7irm\u0259 \u00fc\u00e7\u00fcn qutu metal - Antaris","robots":{"index":"index","follow":"follow","max-snippet":"max-snippet:-1","max-image-preview":"max-image-preview:large","max-video-preview":"max-video-preview:-1"},"canonical":"https:\/\/antaris.az\/ru\/m\u0259hsul\/usb-flash-kecirm\u0259-ucun-qutu-metal\/","og_locale":"ru_RU","og_type":"article","og_title":"USB flash ke\u00e7irm\u0259 \u00fc\u00e7\u00fcn qutu metal - Antaris","og_description":"Material: Metal \u00d6l\u00e7\u00fc: 9.2 \u0445 6.3 \u0445 1.8 sm \u00c7\u0259ki: 0.033 qr","og_url":"https:\/\/antaris.az\/ru\/m\u0259hsul\/usb-flash-kecirm\u0259-ucun-qutu-metal\/","og_site_name":"Antaris","article_publisher":"https:\/\/www.facebook.com\/antaris.az\/","article_modified_time":"2024-11-25T12:34:10+00:00","og_image":[{"width":800,"height":800,"url":"https:\/\/antaris.az\/wp-content\/uploads\/2024\/09\/USB-flash-kecirm\u0259-ucun-qutu-metal-wep.webp","type":"image\/webp"}],"schema":{"@context":"https:\/\/schema.org","@graph":[{"@type":"WebPage","@id":"https:\/\/antaris.az\/ru\/m\u0259hsul\/usb-flash-kecirm%c9%99-ucun-qutu-metal\/","url":"https:\/\/antaris.az\/ru\/m\u0259hsul\/usb-flash-kecirm%c9%99-ucun-qutu-metal\/","name":"USB flash ke\u00e7irm\u0259 \u00fc\u00e7\u00fcn qutu metal - Antaris","isPartOf":{"@id":"https:\/\/antaris.az\/#website"},"primaryImageOfPage":{"@id":"https:\/\/antaris.az\/ru\/m\u0259hsul\/usb-flash-kecirm%c9%99-ucun-qutu-metal\/#primaryimage"},"image":{"@id":"https:\/\/antaris.az\/ru\/m\u0259hsul\/usb-flash-kecirm%c9%99-ucun-qutu-metal\/#primaryimage"},"thumbnailUrl":"https:\/\/antaris.az\/wp-content\/uploads\/2024\/09\/USB-flash-kecirm\u0259-ucun-qutu-metal-wep.webp","datePublished":"2024-09-13T11:26:12+00:00","dateModified":"2024-11-25T12:34:10+00:00","breadcrumb":{"@id":"https:\/\/antaris.az\/ru\/m\u0259hsul\/usb-flash-kecirm%c9%99-ucun-qutu-metal\/#breadcrumb"},"inLanguage":"ru-RU","potentialAction":[{"@type":"ReadAction","target":["https:\/\/antaris.az\/ru\/m\u0259hsul\/usb-flash-kecirm%c9%99-ucun-qutu-metal\/"]}]},{"@type":"ImageObject","inLanguage":"ru-RU","@id":"https:\/\/antaris.az\/ru\/m\u0259hsul\/usb-flash-kecirm%c9%99-ucun-qutu-metal\/#primaryimage","url":"https:\/\/antaris.az\/wp-content\/uploads\/2024\/09\/USB-flash-kecirm\u0259-ucun-qutu-metal-wep.webp","contentUrl":"https:\/\/antaris.az\/wp-content\/uploads\/2024\/09\/USB-flash-kecirm\u0259-ucun-qutu-metal-wep.webp","width":800,"height":800,"caption":"USB flash ke\u00e7irm\u0259 \u00fc\u00e7\u00fcn qutu metal wep"},{"@type":"BreadcrumbList","@id":"https:\/\/antaris.az\/ru\/m\u0259hsul\/usb-flash-kecirm%c9%99-ucun-qutu-metal\/#breadcrumb","itemListElement":[{"@type":"ListItem","position":1,"name":"Home","item":"https:\/\/antaris.az\/"},{"@type":"ListItem","position":2,"name":"Ma\u011faza","item":"https:\/\/antaris.az\/ru\/shop\/"},{"@type":"ListItem","position":3,"name":"USB flash ke\u00e7irm\u0259 \u00fc\u00e7\u00fcn qutu metal"}]},{"@type":"WebSite","@id":"https:\/\/antaris.az\/#website","url":"https:\/\/antaris.az\/","name":"Antaris","description":"Ofis, ev, m\u0259kt\u0259b \u00fc\u00e7\u00fcn h\u0259r \u015fey","publisher":{"@id":"https:\/\/antaris.az\/#organization"},"potentialAction":[{"@type":"SearchAction","target":{"@type":"EntryPoint","urlTemplate":"https:\/\/antaris.az\/?s={search_term_string}"},"query-input":{"@type":"PropertyValueSpecification","valueRequired":true,"valueName":"search_term_string"}}],"inLanguage":"ru-RU"},{"@type":"Organization","@id":"https:\/\/antaris.az\/#organization","name":"\u0410\u043d\u0442\u0430\u0440\u0438\u0441 \u0417\u0410\u041e","url":"https:\/\/antaris.az\/","logo":{"@type":"ImageObject","inLanguage":"ru-RU","@id":"https:\/\/antaris.az\/#\/schema\/logo\/image\/","url":"https:\/\/antaris.az\/wp-content\/uploads\/2025\/03\/Antaris-logo.png","contentUrl":"https:\/\/antaris.az\/wp-content\/uploads\/2025\/03\/Antaris-logo.png","width":500,"height":500,"caption":"Antaris QSC"},"image":{"@id":"https:\/\/antaris.az\/#\/schema\/logo\/image\/"},"sameAs":["https:\/\/www.facebook.com\/antaris.az\/","https:\/\/www.instagram.com\/antaris.az\/"]}]}},"_links":{"self":[{"href":"https:\/\/antaris.az\/ru\/wp-json\/wp\/v2\/product\/109774","targetHints":{"allow":["GET"]}}],"collection":[{"href":"https:\/\/antaris.az\/ru\/wp-json\/wp\/v2\/product"}],"about":[{"href":"https:\/\/antaris.az\/ru\/wp-json\/wp\/v2\/types\/product"}],"version-history":[{"count":0,"href":"https:\/\/antaris.az\/ru\/wp-json\/wp\/v2\/product\/109774\/revisions"}],"wp:featuredmedia":[{"embeddable":true,"href":"https:\/\/antaris.az\/ru\/wp-json\/wp\/v2\/media\/109775"}],"wp:attachment":[{"href":"https:\/\/antaris.az\/ru\/wp-json\/wp\/v2\/media?parent=109774"}],"wp:term":[{"taxonomy":"product_brand","embeddable":true,"href":"https:\/\/antaris.az\/ru\/wp-json\/wp\/v2\/product_brand?post=109774"},{"taxonomy":"product_cat","embeddable":true,"href":"https:\/\/antaris.az\/ru\/wp-json\/wp\/v2\/product_cat?post=109774"},{"taxonomy":"product_tag","embeddable":true,"href":"https:\/\/antaris.az\/ru\/wp-json\/wp\/v2\/product_tag?post=109774"}],"curies":[{"name":"wp","href":"https:\/\/api.w.org\/{rel}","templated":true}]}}