{"id":109707,"date":"2024-09-12T16:25:07","date_gmt":"2024-09-12T13:25:07","guid":{"rendered":"https:\/\/antaris.az\/?post_type=product&#038;p=109707"},"modified":"2024-11-25T17:23:46","modified_gmt":"2024-11-25T13:23:46","slug":"q%c9%99l%c9%99m-metal-qapaqli-korpusu-qara-qara-prc","status":"publish","type":"product","link":"https:\/\/antaris.az\/ru\/m\u0259hsul\/q%c9%99l%c9%99m-metal-qapaqli-korpusu-qara-qara-prc\/","title":{"rendered":"Q\u0259l\u0259m metal qapaql\u0131 (korpusu qara) qara PRC"},"content":{"rendered":"","protected":false},"excerpt":{"rendered":"<p>\u00c7ap \u00fcsulu: Lazer\/ UV\/ Tampon\/ Trafaret<br \/>\nTicar\u0259t markas\u0131: PRC<\/p>","protected":false},"featured_media":109708,"template":"","meta":{"_joinchat":[]},"product_brand":[],"product_cat":[417],"product_tag":[],"class_list":{"0":"post-109707","1":"product","2":"type-product","3":"status-publish","4":"has-post-thumbnail","6":"product_cat-qlm","8":"first","9":"instock","10":"shipping-taxable","11":"purchasable","12":"product-type-simple"},"yoast_head":"<!-- This site is optimized with the Yoast SEO plugin v27.3 - https:\/\/yoast.com\/product\/yoast-seo-wordpress\/ -->\n<title>Q\u0259l\u0259m metal qapaql\u0131 (korpusu qara) qara PRC - Antaris<\/title>\n<meta name=\"robots\" content=\"index, follow, max-snippet:-1, max-image-preview:large, max-video-preview:-1\" \/>\n<link rel=\"canonical\" href=\"https:\/\/antaris.az\/ru\/m\u0259hsul\/q\u0259l\u0259m-metal-qapaqli-korpusu-qara-qara-prc\/\" \/>\n<meta property=\"og:locale\" content=\"ru_RU\" \/>\n<meta property=\"og:type\" content=\"article\" \/>\n<meta property=\"og:title\" content=\"Q\u0259l\u0259m metal qapaql\u0131 (korpusu qara) qara PRC - Antaris\" \/>\n<meta property=\"og:description\" content=\"\u00c7ap \u00fcsulu: Lazer\/ UV\/ Tampon\/ Trafaret Ticar\u0259t markas\u0131: PRC\" \/>\n<meta property=\"og:url\" content=\"https:\/\/antaris.az\/ru\/m\u0259hsul\/q\u0259l\u0259m-metal-qapaqli-korpusu-qara-qara-prc\/\" \/>\n<meta property=\"og:site_name\" content=\"Antaris\" \/>\n<meta property=\"article:publisher\" content=\"https:\/\/www.facebook.com\/antaris.az\/\" \/>\n<meta property=\"article:modified_time\" content=\"2024-11-25T13:23:46+00:00\" \/>\n<meta property=\"og:image\" content=\"https:\/\/antaris.az\/wp-content\/uploads\/2024\/09\/Q\u0259l\u0259m-metal-qapaqli-korpusu-qara-qara-PRC-wep.webp\" \/>\n\t<meta property=\"og:image:width\" content=\"800\" \/>\n\t<meta property=\"og:image:height\" content=\"800\" \/>\n\t<meta property=\"og:image:type\" content=\"image\/webp\" \/>\n<script type=\"application\/ld+json\" class=\"yoast-schema-graph\">{\"@context\":\"https:\\\/\\\/schema.org\",\"@graph\":[{\"@type\":\"WebPage\",\"@id\":\"https:\\\/\\\/antaris.az\\\/m\u0259hsul\\\/q%c9%99l%c9%99m-metal-qapaqli-korpusu-qara-qara-prc\\\/\",\"url\":\"https:\\\/\\\/antaris.az\\\/m\u0259hsul\\\/q%c9%99l%c9%99m-metal-qapaqli-korpusu-qara-qara-prc\\\/\",\"name\":\"Q\u0259l\u0259m metal qapaql\u0131 (korpusu qara) qara PRC - Antaris\",\"isPartOf\":{\"@id\":\"https:\\\/\\\/antaris.az\\\/#website\"},\"primaryImageOfPage\":{\"@id\":\"https:\\\/\\\/antaris.az\\\/m\u0259hsul\\\/q%c9%99l%c9%99m-metal-qapaqli-korpusu-qara-qara-prc\\\/#primaryimage\"},\"image\":{\"@id\":\"https:\\\/\\\/antaris.az\\\/m\u0259hsul\\\/q%c9%99l%c9%99m-metal-qapaqli-korpusu-qara-qara-prc\\\/#primaryimage\"},\"thumbnailUrl\":\"https:\\\/\\\/antaris.az\\\/wp-content\\\/uploads\\\/2024\\\/09\\\/Q\u0259l\u0259m-metal-qapaqli-korpusu-qara-qara-PRC-wep.webp\",\"datePublished\":\"2024-09-12T13:25:07+00:00\",\"dateModified\":\"2024-11-25T13:23:46+00:00\",\"breadcrumb\":{\"@id\":\"https:\\\/\\\/antaris.az\\\/m\u0259hsul\\\/q%c9%99l%c9%99m-metal-qapaqli-korpusu-qara-qara-prc\\\/#breadcrumb\"},\"inLanguage\":\"ru-RU\",\"potentialAction\":[{\"@type\":\"ReadAction\",\"target\":[\"https:\\\/\\\/antaris.az\\\/m\u0259hsul\\\/q%c9%99l%c9%99m-metal-qapaqli-korpusu-qara-qara-prc\\\/\"]}]},{\"@type\":\"ImageObject\",\"inLanguage\":\"ru-RU\",\"@id\":\"https:\\\/\\\/antaris.az\\\/m\u0259hsul\\\/q%c9%99l%c9%99m-metal-qapaqli-korpusu-qara-qara-prc\\\/#primaryimage\",\"url\":\"https:\\\/\\\/antaris.az\\\/wp-content\\\/uploads\\\/2024\\\/09\\\/Q\u0259l\u0259m-metal-qapaqli-korpusu-qara-qara-PRC-wep.webp\",\"contentUrl\":\"https:\\\/\\\/antaris.az\\\/wp-content\\\/uploads\\\/2024\\\/09\\\/Q\u0259l\u0259m-metal-qapaqli-korpusu-qara-qara-PRC-wep.webp\",\"width\":800,\"height\":800,\"caption\":\"Q\u0259l\u0259m metal qapaql\u0131 (korpusu qara) qara PRC wep\"},{\"@type\":\"BreadcrumbList\",\"@id\":\"https:\\\/\\\/antaris.az\\\/m\u0259hsul\\\/q%c9%99l%c9%99m-metal-qapaqli-korpusu-qara-qara-prc\\\/#breadcrumb\",\"itemListElement\":[{\"@type\":\"ListItem\",\"position\":1,\"name\":\"Home\",\"item\":\"https:\\\/\\\/antaris.az\\\/\"},{\"@type\":\"ListItem\",\"position\":2,\"name\":\"Ma\u011faza\",\"item\":\"https:\\\/\\\/antaris.az\\\/ru\\\/shop\\\/\"},{\"@type\":\"ListItem\",\"position\":3,\"name\":\"Q\u0259l\u0259m metal qapaql\u0131 (korpusu qara) qara PRC\"}]},{\"@type\":\"WebSite\",\"@id\":\"https:\\\/\\\/antaris.az\\\/#website\",\"url\":\"https:\\\/\\\/antaris.az\\\/\",\"name\":\"Antaris\",\"description\":\"Ofis, ev, m\u0259kt\u0259b \u00fc\u00e7\u00fcn h\u0259r \u015fey\",\"publisher\":{\"@id\":\"https:\\\/\\\/antaris.az\\\/#organization\"},\"potentialAction\":[{\"@type\":\"SearchAction\",\"target\":{\"@type\":\"EntryPoint\",\"urlTemplate\":\"https:\\\/\\\/antaris.az\\\/?s={search_term_string}\"},\"query-input\":{\"@type\":\"PropertyValueSpecification\",\"valueRequired\":true,\"valueName\":\"search_term_string\"}}],\"inLanguage\":\"ru-RU\"},{\"@type\":\"Organization\",\"@id\":\"https:\\\/\\\/antaris.az\\\/#organization\",\"name\":\"Antaris QSC\",\"url\":\"https:\\\/\\\/antaris.az\\\/\",\"logo\":{\"@type\":\"ImageObject\",\"inLanguage\":\"ru-RU\",\"@id\":\"https:\\\/\\\/antaris.az\\\/#\\\/schema\\\/logo\\\/image\\\/\",\"url\":\"https:\\\/\\\/antaris.az\\\/wp-content\\\/uploads\\\/2025\\\/03\\\/Antaris-logo.png\",\"contentUrl\":\"https:\\\/\\\/antaris.az\\\/wp-content\\\/uploads\\\/2025\\\/03\\\/Antaris-logo.png\",\"width\":500,\"height\":500,\"caption\":\"Antaris QSC\"},\"image\":{\"@id\":\"https:\\\/\\\/antaris.az\\\/#\\\/schema\\\/logo\\\/image\\\/\"},\"sameAs\":[\"https:\\\/\\\/www.facebook.com\\\/antaris.az\\\/\",\"https:\\\/\\\/www.instagram.com\\\/antaris.az\\\/\"]}]}<\/script>\n<!-- \/ Yoast SEO plugin. -->","yoast_head_json":{"title":"Q\u0259l\u0259m metal qapaql\u0131 (korpusu qara) qara PRC - Antaris","robots":{"index":"index","follow":"follow","max-snippet":"max-snippet:-1","max-image-preview":"max-image-preview:large","max-video-preview":"max-video-preview:-1"},"canonical":"https:\/\/antaris.az\/ru\/m\u0259hsul\/q\u0259l\u0259m-metal-qapaqli-korpusu-qara-qara-prc\/","og_locale":"ru_RU","og_type":"article","og_title":"Q\u0259l\u0259m metal qapaql\u0131 (korpusu qara) qara PRC - Antaris","og_description":"\u00c7ap \u00fcsulu: Lazer\/ UV\/ Tampon\/ Trafaret Ticar\u0259t markas\u0131: PRC","og_url":"https:\/\/antaris.az\/ru\/m\u0259hsul\/q\u0259l\u0259m-metal-qapaqli-korpusu-qara-qara-prc\/","og_site_name":"Antaris","article_publisher":"https:\/\/www.facebook.com\/antaris.az\/","article_modified_time":"2024-11-25T13:23:46+00:00","og_image":[{"width":800,"height":800,"url":"https:\/\/antaris.az\/wp-content\/uploads\/2024\/09\/Q\u0259l\u0259m-metal-qapaqli-korpusu-qara-qara-PRC-wep.webp","type":"image\/webp"}],"schema":{"@context":"https:\/\/schema.org","@graph":[{"@type":"WebPage","@id":"https:\/\/antaris.az\/m\u0259hsul\/q%c9%99l%c9%99m-metal-qapaqli-korpusu-qara-qara-prc\/","url":"https:\/\/antaris.az\/m\u0259hsul\/q%c9%99l%c9%99m-metal-qapaqli-korpusu-qara-qara-prc\/","name":"Q\u0259l\u0259m metal qapaql\u0131 (korpusu qara) qara PRC - Antaris","isPartOf":{"@id":"https:\/\/antaris.az\/#website"},"primaryImageOfPage":{"@id":"https:\/\/antaris.az\/m\u0259hsul\/q%c9%99l%c9%99m-metal-qapaqli-korpusu-qara-qara-prc\/#primaryimage"},"image":{"@id":"https:\/\/antaris.az\/m\u0259hsul\/q%c9%99l%c9%99m-metal-qapaqli-korpusu-qara-qara-prc\/#primaryimage"},"thumbnailUrl":"https:\/\/antaris.az\/wp-content\/uploads\/2024\/09\/Q\u0259l\u0259m-metal-qapaqli-korpusu-qara-qara-PRC-wep.webp","datePublished":"2024-09-12T13:25:07+00:00","dateModified":"2024-11-25T13:23:46+00:00","breadcrumb":{"@id":"https:\/\/antaris.az\/m\u0259hsul\/q%c9%99l%c9%99m-metal-qapaqli-korpusu-qara-qara-prc\/#breadcrumb"},"inLanguage":"ru-RU","potentialAction":[{"@type":"ReadAction","target":["https:\/\/antaris.az\/m\u0259hsul\/q%c9%99l%c9%99m-metal-qapaqli-korpusu-qara-qara-prc\/"]}]},{"@type":"ImageObject","inLanguage":"ru-RU","@id":"https:\/\/antaris.az\/m\u0259hsul\/q%c9%99l%c9%99m-metal-qapaqli-korpusu-qara-qara-prc\/#primaryimage","url":"https:\/\/antaris.az\/wp-content\/uploads\/2024\/09\/Q\u0259l\u0259m-metal-qapaqli-korpusu-qara-qara-PRC-wep.webp","contentUrl":"https:\/\/antaris.az\/wp-content\/uploads\/2024\/09\/Q\u0259l\u0259m-metal-qapaqli-korpusu-qara-qara-PRC-wep.webp","width":800,"height":800,"caption":"Q\u0259l\u0259m metal qapaql\u0131 (korpusu qara) qara PRC wep"},{"@type":"BreadcrumbList","@id":"https:\/\/antaris.az\/m\u0259hsul\/q%c9%99l%c9%99m-metal-qapaqli-korpusu-qara-qara-prc\/#breadcrumb","itemListElement":[{"@type":"ListItem","position":1,"name":"Home","item":"https:\/\/antaris.az\/"},{"@type":"ListItem","position":2,"name":"Ma\u011faza","item":"https:\/\/antaris.az\/ru\/shop\/"},{"@type":"ListItem","position":3,"name":"Q\u0259l\u0259m metal qapaql\u0131 (korpusu qara) qara PRC"}]},{"@type":"WebSite","@id":"https:\/\/antaris.az\/#website","url":"https:\/\/antaris.az\/","name":"Antaris","description":"Ofis, ev, m\u0259kt\u0259b \u00fc\u00e7\u00fcn h\u0259r \u015fey","publisher":{"@id":"https:\/\/antaris.az\/#organization"},"potentialAction":[{"@type":"SearchAction","target":{"@type":"EntryPoint","urlTemplate":"https:\/\/antaris.az\/?s={search_term_string}"},"query-input":{"@type":"PropertyValueSpecification","valueRequired":true,"valueName":"search_term_string"}}],"inLanguage":"ru-RU"},{"@type":"Organization","@id":"https:\/\/antaris.az\/#organization","name":"\u0410\u043d\u0442\u0430\u0440\u0438\u0441 \u0417\u0410\u041e","url":"https:\/\/antaris.az\/","logo":{"@type":"ImageObject","inLanguage":"ru-RU","@id":"https:\/\/antaris.az\/#\/schema\/logo\/image\/","url":"https:\/\/antaris.az\/wp-content\/uploads\/2025\/03\/Antaris-logo.png","contentUrl":"https:\/\/antaris.az\/wp-content\/uploads\/2025\/03\/Antaris-logo.png","width":500,"height":500,"caption":"Antaris QSC"},"image":{"@id":"https:\/\/antaris.az\/#\/schema\/logo\/image\/"},"sameAs":["https:\/\/www.facebook.com\/antaris.az\/","https:\/\/www.instagram.com\/antaris.az\/"]}]}},"_links":{"self":[{"href":"https:\/\/antaris.az\/ru\/wp-json\/wp\/v2\/product\/109707","targetHints":{"allow":["GET"]}}],"collection":[{"href":"https:\/\/antaris.az\/ru\/wp-json\/wp\/v2\/product"}],"about":[{"href":"https:\/\/antaris.az\/ru\/wp-json\/wp\/v2\/types\/product"}],"version-history":[{"count":0,"href":"https:\/\/antaris.az\/ru\/wp-json\/wp\/v2\/product\/109707\/revisions"}],"wp:featuredmedia":[{"embeddable":true,"href":"https:\/\/antaris.az\/ru\/wp-json\/wp\/v2\/media\/109708"}],"wp:attachment":[{"href":"https:\/\/antaris.az\/ru\/wp-json\/wp\/v2\/media?parent=109707"}],"wp:term":[{"taxonomy":"product_brand","embeddable":true,"href":"https:\/\/antaris.az\/ru\/wp-json\/wp\/v2\/product_brand?post=109707"},{"taxonomy":"product_cat","embeddable":true,"href":"https:\/\/antaris.az\/ru\/wp-json\/wp\/v2\/product_cat?post=109707"},{"taxonomy":"product_tag","embeddable":true,"href":"https:\/\/antaris.az\/ru\/wp-json\/wp\/v2\/product_tag?post=109707"}],"curies":[{"name":"wp","href":"https:\/\/api.w.org\/{rel}","templated":true}]}}