{"id":108194,"date":"2024-08-20T15:33:01","date_gmt":"2024-08-20T12:33:01","guid":{"rendered":"https:\/\/antaris.az\/?post_type=product&#038;p=108194"},"modified":"2024-11-25T17:26:15","modified_gmt":"2024-11-25T13:26:15","slug":"canta-m%c9%99kt%c9%99bli-caleidoscope-blue-55840811-arsuna","status":"publish","type":"product","link":"https:\/\/antaris.az\/ru\/m\u0259hsul\/canta-m%c9%99kt%c9%99bli-caleidoscope-blue-55840811-arsuna\/","title":{"rendered":"\u00c7anta m\u0259kt\u0259bli Caleidoscope-blue 55840811 Arsuna"},"content":{"rendered":"","protected":false},"excerpt":{"rendered":"<p>\u00d6l\u00e7\u00fc: 320 x 510 x 250 mm<br \/>\n\u00c7\u0259ki: 0.650 kq<br \/>\n\u041c\u0430\u0442\u0435\u0440\u0438\u0430\u043b: \u041f\u043e\u043b\u0438\u044d\u0441\u0442\u0435\u0440<br \/>\nR\u0259ngi: Mavi<br \/>\n\u0130stehsal\u00e7\u0131 m\u0259hsul kodu: 55840811<br \/>\nTicar\u0259t markas\u0131: Arsuna<br \/>\n\u0130stehsal\u00e7\u0131 \u00f6lk\u0259: Macar\u0131stan<\/p>","protected":false},"featured_media":108267,"template":"","meta":{"_joinchat":[]},"product_brand":[],"product_cat":[519],"product_tag":[],"class_list":{"0":"post-108194","1":"product","2":"type-product","3":"status-publish","4":"has-post-thumbnail","6":"product_cat-cantalar","7":"pa_brand-ars-una","8":"pa_cins-qiz","9":"pa_reng-mavi","10":"pa_yas-10-13-yas","12":"first","13":"instock","14":"shipping-taxable","15":"purchasable","16":"product-type-simple"},"yoast_head":"<!-- This site is optimized with the Yoast SEO plugin v27.3 - https:\/\/yoast.com\/product\/yoast-seo-wordpress\/ -->\n<title>\u00c7anta m\u0259kt\u0259bli Caleidoscope-blue 55840811 Arsuna - Antaris<\/title>\n<meta name=\"robots\" content=\"index, follow, max-snippet:-1, max-image-preview:large, max-video-preview:-1\" \/>\n<link rel=\"canonical\" href=\"https:\/\/antaris.az\/ru\/m\u0259hsul\/canta-m\u0259kt\u0259bli-caleidoscope-blue-55840811-arsuna\/\" \/>\n<meta property=\"og:locale\" content=\"ru_RU\" \/>\n<meta property=\"og:type\" content=\"article\" \/>\n<meta property=\"og:title\" content=\"\u00c7anta m\u0259kt\u0259bli Caleidoscope-blue 55840811 Arsuna - Antaris\" \/>\n<meta property=\"og:description\" content=\"\u00d6l\u00e7\u00fc: 320 x 510 x 250 mm \u00c7\u0259ki: 0.650 kq Material: Polyester R\u0259ngi: Mavi \u0130stehsal\u00e7\u0131 m\u0259hsul kodu: 55840811 Ticar\u0259t markas\u0131: Arsuna \u0130stehsal\u00e7\u0131 \u00f6lk\u0259: Macar\u0131stan\" \/>\n<meta property=\"og:url\" content=\"https:\/\/antaris.az\/ru\/m\u0259hsul\/canta-m\u0259kt\u0259bli-caleidoscope-blue-55840811-arsuna\/\" \/>\n<meta property=\"og:site_name\" content=\"Antaris\" \/>\n<meta property=\"article:publisher\" content=\"https:\/\/www.facebook.com\/antaris.az\/\" \/>\n<meta property=\"article:modified_time\" content=\"2024-11-25T13:26:15+00:00\" \/>\n<meta property=\"og:image\" content=\"https:\/\/antaris.az\/wp-content\/uploads\/2024\/08\/55840811-Arsuna-wep-1.webp\" \/>\n\t<meta property=\"og:image:width\" content=\"800\" \/>\n\t<meta property=\"og:image:height\" content=\"800\" \/>\n\t<meta property=\"og:image:type\" content=\"image\/webp\" \/>\n<script type=\"application\/ld+json\" class=\"yoast-schema-graph\">{\"@context\":\"https:\\\/\\\/schema.org\",\"@graph\":[{\"@type\":\"WebPage\",\"@id\":\"https:\\\/\\\/antaris.az\\\/m\u0259hsul\\\/canta-m%c9%99kt%c9%99bli-caleidoscope-blue-55840811-arsuna\\\/\",\"url\":\"https:\\\/\\\/antaris.az\\\/m\u0259hsul\\\/canta-m%c9%99kt%c9%99bli-caleidoscope-blue-55840811-arsuna\\\/\",\"name\":\"\u00c7anta m\u0259kt\u0259bli Caleidoscope-blue 55840811 Arsuna - Antaris\",\"isPartOf\":{\"@id\":\"https:\\\/\\\/antaris.az\\\/#website\"},\"primaryImageOfPage\":{\"@id\":\"https:\\\/\\\/antaris.az\\\/m\u0259hsul\\\/canta-m%c9%99kt%c9%99bli-caleidoscope-blue-55840811-arsuna\\\/#primaryimage\"},\"image\":{\"@id\":\"https:\\\/\\\/antaris.az\\\/m\u0259hsul\\\/canta-m%c9%99kt%c9%99bli-caleidoscope-blue-55840811-arsuna\\\/#primaryimage\"},\"thumbnailUrl\":\"https:\\\/\\\/antaris.az\\\/wp-content\\\/uploads\\\/2024\\\/08\\\/55840811-Arsuna-wep-1.webp\",\"datePublished\":\"2024-08-20T12:33:01+00:00\",\"dateModified\":\"2024-11-25T13:26:15+00:00\",\"breadcrumb\":{\"@id\":\"https:\\\/\\\/antaris.az\\\/m\u0259hsul\\\/canta-m%c9%99kt%c9%99bli-caleidoscope-blue-55840811-arsuna\\\/#breadcrumb\"},\"inLanguage\":\"ru-RU\",\"potentialAction\":[{\"@type\":\"ReadAction\",\"target\":[\"https:\\\/\\\/antaris.az\\\/m\u0259hsul\\\/canta-m%c9%99kt%c9%99bli-caleidoscope-blue-55840811-arsuna\\\/\"]}]},{\"@type\":\"ImageObject\",\"inLanguage\":\"ru-RU\",\"@id\":\"https:\\\/\\\/antaris.az\\\/m\u0259hsul\\\/canta-m%c9%99kt%c9%99bli-caleidoscope-blue-55840811-arsuna\\\/#primaryimage\",\"url\":\"https:\\\/\\\/antaris.az\\\/wp-content\\\/uploads\\\/2024\\\/08\\\/55840811-Arsuna-wep-1.webp\",\"contentUrl\":\"https:\\\/\\\/antaris.az\\\/wp-content\\\/uploads\\\/2024\\\/08\\\/55840811-Arsuna-wep-1.webp\",\"width\":800,\"height\":800,\"caption\":\"55840811 Arsuna wep 1\"},{\"@type\":\"BreadcrumbList\",\"@id\":\"https:\\\/\\\/antaris.az\\\/m\u0259hsul\\\/canta-m%c9%99kt%c9%99bli-caleidoscope-blue-55840811-arsuna\\\/#breadcrumb\",\"itemListElement\":[{\"@type\":\"ListItem\",\"position\":1,\"name\":\"Home\",\"item\":\"https:\\\/\\\/antaris.az\\\/\"},{\"@type\":\"ListItem\",\"position\":2,\"name\":\"Ma\u011faza\",\"item\":\"https:\\\/\\\/antaris.az\\\/ru\\\/shop\\\/\"},{\"@type\":\"ListItem\",\"position\":3,\"name\":\"\u00c7anta m\u0259kt\u0259bli Caleidoscope-blue 55840811 Arsuna\"}]},{\"@type\":\"WebSite\",\"@id\":\"https:\\\/\\\/antaris.az\\\/#website\",\"url\":\"https:\\\/\\\/antaris.az\\\/\",\"name\":\"Antaris\",\"description\":\"Ofis, ev, m\u0259kt\u0259b \u00fc\u00e7\u00fcn h\u0259r \u015fey\",\"publisher\":{\"@id\":\"https:\\\/\\\/antaris.az\\\/#organization\"},\"potentialAction\":[{\"@type\":\"SearchAction\",\"target\":{\"@type\":\"EntryPoint\",\"urlTemplate\":\"https:\\\/\\\/antaris.az\\\/?s={search_term_string}\"},\"query-input\":{\"@type\":\"PropertyValueSpecification\",\"valueRequired\":true,\"valueName\":\"search_term_string\"}}],\"inLanguage\":\"ru-RU\"},{\"@type\":\"Organization\",\"@id\":\"https:\\\/\\\/antaris.az\\\/#organization\",\"name\":\"Antaris QSC\",\"url\":\"https:\\\/\\\/antaris.az\\\/\",\"logo\":{\"@type\":\"ImageObject\",\"inLanguage\":\"ru-RU\",\"@id\":\"https:\\\/\\\/antaris.az\\\/#\\\/schema\\\/logo\\\/image\\\/\",\"url\":\"https:\\\/\\\/antaris.az\\\/wp-content\\\/uploads\\\/2025\\\/03\\\/Antaris-logo.png\",\"contentUrl\":\"https:\\\/\\\/antaris.az\\\/wp-content\\\/uploads\\\/2025\\\/03\\\/Antaris-logo.png\",\"width\":500,\"height\":500,\"caption\":\"Antaris QSC\"},\"image\":{\"@id\":\"https:\\\/\\\/antaris.az\\\/#\\\/schema\\\/logo\\\/image\\\/\"},\"sameAs\":[\"https:\\\/\\\/www.facebook.com\\\/antaris.az\\\/\",\"https:\\\/\\\/www.instagram.com\\\/antaris.az\\\/\"]}]}<\/script>\n<!-- \/ Yoast SEO plugin. -->","yoast_head_json":{"title":"\u00c7anta m\u0259kt\u0259bli Caleidoscope-blue 55840811 Arsuna - Antaris","robots":{"index":"index","follow":"follow","max-snippet":"max-snippet:-1","max-image-preview":"max-image-preview:large","max-video-preview":"max-video-preview:-1"},"canonical":"https:\/\/antaris.az\/ru\/m\u0259hsul\/canta-m\u0259kt\u0259bli-caleidoscope-blue-55840811-arsuna\/","og_locale":"ru_RU","og_type":"article","og_title":"\u00c7anta m\u0259kt\u0259bli Caleidoscope-blue 55840811 Arsuna - Antaris","og_description":"\u00d6l\u00e7\u00fc: 320 x 510 x 250 mm \u00c7\u0259ki: 0.650 kq Material: Polyester R\u0259ngi: Mavi \u0130stehsal\u00e7\u0131 m\u0259hsul kodu: 55840811 Ticar\u0259t markas\u0131: Arsuna \u0130stehsal\u00e7\u0131 \u00f6lk\u0259: Macar\u0131stan","og_url":"https:\/\/antaris.az\/ru\/m\u0259hsul\/canta-m\u0259kt\u0259bli-caleidoscope-blue-55840811-arsuna\/","og_site_name":"Antaris","article_publisher":"https:\/\/www.facebook.com\/antaris.az\/","article_modified_time":"2024-11-25T13:26:15+00:00","og_image":[{"width":800,"height":800,"url":"https:\/\/antaris.az\/wp-content\/uploads\/2024\/08\/55840811-Arsuna-wep-1.webp","type":"image\/webp"}],"schema":{"@context":"https:\/\/schema.org","@graph":[{"@type":"WebPage","@id":"https:\/\/antaris.az\/m\u0259hsul\/canta-m%c9%99kt%c9%99bli-caleidoscope-blue-55840811-arsuna\/","url":"https:\/\/antaris.az\/m\u0259hsul\/canta-m%c9%99kt%c9%99bli-caleidoscope-blue-55840811-arsuna\/","name":"\u00c7anta m\u0259kt\u0259bli Caleidoscope-blue 55840811 Arsuna - Antaris","isPartOf":{"@id":"https:\/\/antaris.az\/#website"},"primaryImageOfPage":{"@id":"https:\/\/antaris.az\/m\u0259hsul\/canta-m%c9%99kt%c9%99bli-caleidoscope-blue-55840811-arsuna\/#primaryimage"},"image":{"@id":"https:\/\/antaris.az\/m\u0259hsul\/canta-m%c9%99kt%c9%99bli-caleidoscope-blue-55840811-arsuna\/#primaryimage"},"thumbnailUrl":"https:\/\/antaris.az\/wp-content\/uploads\/2024\/08\/55840811-Arsuna-wep-1.webp","datePublished":"2024-08-20T12:33:01+00:00","dateModified":"2024-11-25T13:26:15+00:00","breadcrumb":{"@id":"https:\/\/antaris.az\/m\u0259hsul\/canta-m%c9%99kt%c9%99bli-caleidoscope-blue-55840811-arsuna\/#breadcrumb"},"inLanguage":"ru-RU","potentialAction":[{"@type":"ReadAction","target":["https:\/\/antaris.az\/m\u0259hsul\/canta-m%c9%99kt%c9%99bli-caleidoscope-blue-55840811-arsuna\/"]}]},{"@type":"ImageObject","inLanguage":"ru-RU","@id":"https:\/\/antaris.az\/m\u0259hsul\/canta-m%c9%99kt%c9%99bli-caleidoscope-blue-55840811-arsuna\/#primaryimage","url":"https:\/\/antaris.az\/wp-content\/uploads\/2024\/08\/55840811-Arsuna-wep-1.webp","contentUrl":"https:\/\/antaris.az\/wp-content\/uploads\/2024\/08\/55840811-Arsuna-wep-1.webp","width":800,"height":800,"caption":"55840811 Arsuna wep 1"},{"@type":"BreadcrumbList","@id":"https:\/\/antaris.az\/m\u0259hsul\/canta-m%c9%99kt%c9%99bli-caleidoscope-blue-55840811-arsuna\/#breadcrumb","itemListElement":[{"@type":"ListItem","position":1,"name":"Home","item":"https:\/\/antaris.az\/"},{"@type":"ListItem","position":2,"name":"Ma\u011faza","item":"https:\/\/antaris.az\/ru\/shop\/"},{"@type":"ListItem","position":3,"name":"\u00c7anta m\u0259kt\u0259bli Caleidoscope-blue 55840811 Arsuna"}]},{"@type":"WebSite","@id":"https:\/\/antaris.az\/#website","url":"https:\/\/antaris.az\/","name":"Antaris","description":"Ofis, ev, m\u0259kt\u0259b \u00fc\u00e7\u00fcn h\u0259r \u015fey","publisher":{"@id":"https:\/\/antaris.az\/#organization"},"potentialAction":[{"@type":"SearchAction","target":{"@type":"EntryPoint","urlTemplate":"https:\/\/antaris.az\/?s={search_term_string}"},"query-input":{"@type":"PropertyValueSpecification","valueRequired":true,"valueName":"search_term_string"}}],"inLanguage":"ru-RU"},{"@type":"Organization","@id":"https:\/\/antaris.az\/#organization","name":"\u0410\u043d\u0442\u0430\u0440\u0438\u0441 \u0417\u0410\u041e","url":"https:\/\/antaris.az\/","logo":{"@type":"ImageObject","inLanguage":"ru-RU","@id":"https:\/\/antaris.az\/#\/schema\/logo\/image\/","url":"https:\/\/antaris.az\/wp-content\/uploads\/2025\/03\/Antaris-logo.png","contentUrl":"https:\/\/antaris.az\/wp-content\/uploads\/2025\/03\/Antaris-logo.png","width":500,"height":500,"caption":"Antaris QSC"},"image":{"@id":"https:\/\/antaris.az\/#\/schema\/logo\/image\/"},"sameAs":["https:\/\/www.facebook.com\/antaris.az\/","https:\/\/www.instagram.com\/antaris.az\/"]}]}},"_links":{"self":[{"href":"https:\/\/antaris.az\/ru\/wp-json\/wp\/v2\/product\/108194","targetHints":{"allow":["GET"]}}],"collection":[{"href":"https:\/\/antaris.az\/ru\/wp-json\/wp\/v2\/product"}],"about":[{"href":"https:\/\/antaris.az\/ru\/wp-json\/wp\/v2\/types\/product"}],"version-history":[{"count":0,"href":"https:\/\/antaris.az\/ru\/wp-json\/wp\/v2\/product\/108194\/revisions"}],"wp:featuredmedia":[{"embeddable":true,"href":"https:\/\/antaris.az\/ru\/wp-json\/wp\/v2\/media\/108267"}],"wp:attachment":[{"href":"https:\/\/antaris.az\/ru\/wp-json\/wp\/v2\/media?parent=108194"}],"wp:term":[{"taxonomy":"product_brand","embeddable":true,"href":"https:\/\/antaris.az\/ru\/wp-json\/wp\/v2\/product_brand?post=108194"},{"taxonomy":"product_cat","embeddable":true,"href":"https:\/\/antaris.az\/ru\/wp-json\/wp\/v2\/product_cat?post=108194"},{"taxonomy":"product_tag","embeddable":true,"href":"https:\/\/antaris.az\/ru\/wp-json\/wp\/v2\/product_tag?post=108194"}],"curies":[{"name":"wp","href":"https:\/\/api.w.org\/{rel}","templated":true}]}}