{"id":105213,"date":"2024-07-12T15:15:43","date_gmt":"2024-07-12T12:15:43","guid":{"rendered":"https:\/\/antaris.az\/?post_type=product&#038;p=105213"},"modified":"2025-04-04T11:42:00","modified_gmt":"2025-04-04T07:42:00","slug":"qelem-gel-1-5mm-qara-348399-faber-castell","status":"publish","type":"product","link":"https:\/\/antaris.az\/ru\/m\u0259hsul\/qelem-gel-1-5mm-qara-348399-faber-castell\/","title":{"rendered":"Q\u018fL\u018fM GEL 1.5MM QARA 348399 FABER-CASTELL"},"content":{"rendered":"","protected":false},"excerpt":{"rendered":"<p>Ucluq: 1.5 mm<br \/>\nR\u0259ng: Qara<br \/>\n\u0130stehsal\u00e7\u0131 m\u0259hsul kodu: 348399<br \/>\nTicar\u0259t markas\u0131: Faber-Castell<br \/>\n\u0130stehsal\u00e7\u0131 \u00f6lk\u0259: Almaniya<\/p>","protected":false},"featured_media":105331,"template":"","meta":{"_joinchat":[]},"product_brand":[],"product_cat":[347],"product_tag":[],"class_list":{"0":"post-105213","1":"product","2":"type-product","3":"status-publish","4":"has-post-thumbnail","6":"product_cat-gel-qelem","7":"pa_brand-faber-castell","9":"first","10":"instock","11":"shipping-taxable","12":"purchasable","13":"product-type-simple"},"yoast_head":"<!-- This site is optimized with the Yoast SEO plugin v27.3 - https:\/\/yoast.com\/product\/yoast-seo-wordpress\/ -->\n<title>Q\u018fL\u018fM GEL 1.5MM QARA 348399 FABER-CASTELL - Antaris<\/title>\n<meta name=\"robots\" content=\"index, follow, max-snippet:-1, max-image-preview:large, max-video-preview:-1\" \/>\n<link rel=\"canonical\" href=\"https:\/\/antaris.az\/ru\/m\u0259hsul\/qelem-gel-1-5mm-qara-348399-faber-castell\/\" \/>\n<meta property=\"og:locale\" content=\"ru_RU\" \/>\n<meta property=\"og:type\" content=\"article\" \/>\n<meta property=\"og:title\" content=\"Q\u018fL\u018fM GEL 1.5MM QARA 348399 FABER-CASTELL - Antaris\" \/>\n<meta property=\"og:description\" content=\"Ucluq: 1.5 mm R\u0259ng: Qara \u0130stehsal\u00e7\u0131 m\u0259hsul kodu: 348399 Ticar\u0259t markas\u0131: Faber-Castell \u0130stehsal\u00e7\u0131 \u00f6lk\u0259: Almaniya\" \/>\n<meta property=\"og:url\" content=\"https:\/\/antaris.az\/ru\/m\u0259hsul\/qelem-gel-1-5mm-qara-348399-faber-castell\/\" \/>\n<meta property=\"og:site_name\" content=\"Antaris\" \/>\n<meta property=\"article:publisher\" content=\"https:\/\/www.facebook.com\/antaris.az\/\" \/>\n<meta property=\"article:modified_time\" content=\"2025-04-04T07:42:00+00:00\" \/>\n<meta property=\"og:image\" content=\"https:\/\/antaris.az\/wp-content\/uploads\/2024\/07\/348399-FABER-CASTELL-wep-1.webp\" \/>\n\t<meta property=\"og:image:width\" content=\"800\" \/>\n\t<meta property=\"og:image:height\" content=\"800\" \/>\n\t<meta property=\"og:image:type\" content=\"image\/webp\" \/>\n<script type=\"application\/ld+json\" class=\"yoast-schema-graph\">{\"@context\":\"https:\\\/\\\/schema.org\",\"@graph\":[{\"@type\":\"WebPage\",\"@id\":\"https:\\\/\\\/antaris.az\\\/m\u0259hsul\\\/qelem-gel-1-5mm-qara-348399-faber-castell\\\/\",\"url\":\"https:\\\/\\\/antaris.az\\\/m\u0259hsul\\\/qelem-gel-1-5mm-qara-348399-faber-castell\\\/\",\"name\":\"Q\u018fL\u018fM GEL 1.5MM QARA 348399 FABER-CASTELL - Antaris\",\"isPartOf\":{\"@id\":\"https:\\\/\\\/antaris.az\\\/#website\"},\"primaryImageOfPage\":{\"@id\":\"https:\\\/\\\/antaris.az\\\/m\u0259hsul\\\/qelem-gel-1-5mm-qara-348399-faber-castell\\\/#primaryimage\"},\"image\":{\"@id\":\"https:\\\/\\\/antaris.az\\\/m\u0259hsul\\\/qelem-gel-1-5mm-qara-348399-faber-castell\\\/#primaryimage\"},\"thumbnailUrl\":\"https:\\\/\\\/antaris.az\\\/wp-content\\\/uploads\\\/2024\\\/07\\\/348399-FABER-CASTELL-wep-1.webp\",\"datePublished\":\"2024-07-12T12:15:43+00:00\",\"dateModified\":\"2025-04-04T07:42:00+00:00\",\"breadcrumb\":{\"@id\":\"https:\\\/\\\/antaris.az\\\/m\u0259hsul\\\/qelem-gel-1-5mm-qara-348399-faber-castell\\\/#breadcrumb\"},\"inLanguage\":\"ru-RU\",\"potentialAction\":[{\"@type\":\"ReadAction\",\"target\":[\"https:\\\/\\\/antaris.az\\\/m\u0259hsul\\\/qelem-gel-1-5mm-qara-348399-faber-castell\\\/\"]}]},{\"@type\":\"ImageObject\",\"inLanguage\":\"ru-RU\",\"@id\":\"https:\\\/\\\/antaris.az\\\/m\u0259hsul\\\/qelem-gel-1-5mm-qara-348399-faber-castell\\\/#primaryimage\",\"url\":\"https:\\\/\\\/antaris.az\\\/wp-content\\\/uploads\\\/2024\\\/07\\\/348399-FABER-CASTELL-wep-1.webp\",\"contentUrl\":\"https:\\\/\\\/antaris.az\\\/wp-content\\\/uploads\\\/2024\\\/07\\\/348399-FABER-CASTELL-wep-1.webp\",\"width\":800,\"height\":800,\"caption\":\"348399 FABER-CASTELL wep 1\"},{\"@type\":\"BreadcrumbList\",\"@id\":\"https:\\\/\\\/antaris.az\\\/m\u0259hsul\\\/qelem-gel-1-5mm-qara-348399-faber-castell\\\/#breadcrumb\",\"itemListElement\":[{\"@type\":\"ListItem\",\"position\":1,\"name\":\"Home\",\"item\":\"https:\\\/\\\/antaris.az\\\/\"},{\"@type\":\"ListItem\",\"position\":2,\"name\":\"Ma\u011faza\",\"item\":\"https:\\\/\\\/antaris.az\\\/ru\\\/shop\\\/\"},{\"@type\":\"ListItem\",\"position\":3,\"name\":\"Q\u018fL\u018fM GEL 1.5MM QARA 348399 FABER-CASTELL\"}]},{\"@type\":\"WebSite\",\"@id\":\"https:\\\/\\\/antaris.az\\\/#website\",\"url\":\"https:\\\/\\\/antaris.az\\\/\",\"name\":\"Antaris\",\"description\":\"Ofis, ev, m\u0259kt\u0259b \u00fc\u00e7\u00fcn h\u0259r \u015fey\",\"publisher\":{\"@id\":\"https:\\\/\\\/antaris.az\\\/#organization\"},\"potentialAction\":[{\"@type\":\"SearchAction\",\"target\":{\"@type\":\"EntryPoint\",\"urlTemplate\":\"https:\\\/\\\/antaris.az\\\/?s={search_term_string}\"},\"query-input\":{\"@type\":\"PropertyValueSpecification\",\"valueRequired\":true,\"valueName\":\"search_term_string\"}}],\"inLanguage\":\"ru-RU\"},{\"@type\":\"Organization\",\"@id\":\"https:\\\/\\\/antaris.az\\\/#organization\",\"name\":\"Antaris QSC\",\"url\":\"https:\\\/\\\/antaris.az\\\/\",\"logo\":{\"@type\":\"ImageObject\",\"inLanguage\":\"ru-RU\",\"@id\":\"https:\\\/\\\/antaris.az\\\/#\\\/schema\\\/logo\\\/image\\\/\",\"url\":\"https:\\\/\\\/antaris.az\\\/wp-content\\\/uploads\\\/2025\\\/03\\\/Antaris-logo.png\",\"contentUrl\":\"https:\\\/\\\/antaris.az\\\/wp-content\\\/uploads\\\/2025\\\/03\\\/Antaris-logo.png\",\"width\":500,\"height\":500,\"caption\":\"Antaris QSC\"},\"image\":{\"@id\":\"https:\\\/\\\/antaris.az\\\/#\\\/schema\\\/logo\\\/image\\\/\"},\"sameAs\":[\"https:\\\/\\\/www.facebook.com\\\/antaris.az\\\/\",\"https:\\\/\\\/www.instagram.com\\\/antaris.az\\\/\"]}]}<\/script>\n<!-- \/ Yoast SEO plugin. -->","yoast_head_json":{"title":"Q\u018fL\u018fM GEL 1.5MM QARA 348399 FABER-CASTELL - Antaris","robots":{"index":"index","follow":"follow","max-snippet":"max-snippet:-1","max-image-preview":"max-image-preview:large","max-video-preview":"max-video-preview:-1"},"canonical":"https:\/\/antaris.az\/ru\/m\u0259hsul\/qelem-gel-1-5mm-qara-348399-faber-castell\/","og_locale":"ru_RU","og_type":"article","og_title":"Q\u018fL\u018fM GEL 1.5MM QARA 348399 FABER-CASTELL - Antaris","og_description":"Ucluq: 1.5 mm R\u0259ng: Qara \u0130stehsal\u00e7\u0131 m\u0259hsul kodu: 348399 Ticar\u0259t markas\u0131: Faber-Castell \u0130stehsal\u00e7\u0131 \u00f6lk\u0259: Almaniya","og_url":"https:\/\/antaris.az\/ru\/m\u0259hsul\/qelem-gel-1-5mm-qara-348399-faber-castell\/","og_site_name":"Antaris","article_publisher":"https:\/\/www.facebook.com\/antaris.az\/","article_modified_time":"2025-04-04T07:42:00+00:00","og_image":[{"width":800,"height":800,"url":"https:\/\/antaris.az\/wp-content\/uploads\/2024\/07\/348399-FABER-CASTELL-wep-1.webp","type":"image\/webp"}],"schema":{"@context":"https:\/\/schema.org","@graph":[{"@type":"WebPage","@id":"https:\/\/antaris.az\/m\u0259hsul\/qelem-gel-1-5mm-qara-348399-faber-castell\/","url":"https:\/\/antaris.az\/m\u0259hsul\/qelem-gel-1-5mm-qara-348399-faber-castell\/","name":"Q\u018fL\u018fM GEL 1.5MM QARA 348399 FABER-CASTELL - Antaris","isPartOf":{"@id":"https:\/\/antaris.az\/#website"},"primaryImageOfPage":{"@id":"https:\/\/antaris.az\/m\u0259hsul\/qelem-gel-1-5mm-qara-348399-faber-castell\/#primaryimage"},"image":{"@id":"https:\/\/antaris.az\/m\u0259hsul\/qelem-gel-1-5mm-qara-348399-faber-castell\/#primaryimage"},"thumbnailUrl":"https:\/\/antaris.az\/wp-content\/uploads\/2024\/07\/348399-FABER-CASTELL-wep-1.webp","datePublished":"2024-07-12T12:15:43+00:00","dateModified":"2025-04-04T07:42:00+00:00","breadcrumb":{"@id":"https:\/\/antaris.az\/m\u0259hsul\/qelem-gel-1-5mm-qara-348399-faber-castell\/#breadcrumb"},"inLanguage":"ru-RU","potentialAction":[{"@type":"ReadAction","target":["https:\/\/antaris.az\/m\u0259hsul\/qelem-gel-1-5mm-qara-348399-faber-castell\/"]}]},{"@type":"ImageObject","inLanguage":"ru-RU","@id":"https:\/\/antaris.az\/m\u0259hsul\/qelem-gel-1-5mm-qara-348399-faber-castell\/#primaryimage","url":"https:\/\/antaris.az\/wp-content\/uploads\/2024\/07\/348399-FABER-CASTELL-wep-1.webp","contentUrl":"https:\/\/antaris.az\/wp-content\/uploads\/2024\/07\/348399-FABER-CASTELL-wep-1.webp","width":800,"height":800,"caption":"348399 FABER-CASTELL wep 1"},{"@type":"BreadcrumbList","@id":"https:\/\/antaris.az\/m\u0259hsul\/qelem-gel-1-5mm-qara-348399-faber-castell\/#breadcrumb","itemListElement":[{"@type":"ListItem","position":1,"name":"Home","item":"https:\/\/antaris.az\/"},{"@type":"ListItem","position":2,"name":"Ma\u011faza","item":"https:\/\/antaris.az\/ru\/shop\/"},{"@type":"ListItem","position":3,"name":"Q\u018fL\u018fM GEL 1.5MM QARA 348399 FABER-CASTELL"}]},{"@type":"WebSite","@id":"https:\/\/antaris.az\/#website","url":"https:\/\/antaris.az\/","name":"Antaris","description":"Ofis, ev, m\u0259kt\u0259b \u00fc\u00e7\u00fcn h\u0259r \u015fey","publisher":{"@id":"https:\/\/antaris.az\/#organization"},"potentialAction":[{"@type":"SearchAction","target":{"@type":"EntryPoint","urlTemplate":"https:\/\/antaris.az\/?s={search_term_string}"},"query-input":{"@type":"PropertyValueSpecification","valueRequired":true,"valueName":"search_term_string"}}],"inLanguage":"ru-RU"},{"@type":"Organization","@id":"https:\/\/antaris.az\/#organization","name":"\u0410\u043d\u0442\u0430\u0440\u0438\u0441 \u0417\u0410\u041e","url":"https:\/\/antaris.az\/","logo":{"@type":"ImageObject","inLanguage":"ru-RU","@id":"https:\/\/antaris.az\/#\/schema\/logo\/image\/","url":"https:\/\/antaris.az\/wp-content\/uploads\/2025\/03\/Antaris-logo.png","contentUrl":"https:\/\/antaris.az\/wp-content\/uploads\/2025\/03\/Antaris-logo.png","width":500,"height":500,"caption":"Antaris QSC"},"image":{"@id":"https:\/\/antaris.az\/#\/schema\/logo\/image\/"},"sameAs":["https:\/\/www.facebook.com\/antaris.az\/","https:\/\/www.instagram.com\/antaris.az\/"]}]}},"_links":{"self":[{"href":"https:\/\/antaris.az\/ru\/wp-json\/wp\/v2\/product\/105213","targetHints":{"allow":["GET"]}}],"collection":[{"href":"https:\/\/antaris.az\/ru\/wp-json\/wp\/v2\/product"}],"about":[{"href":"https:\/\/antaris.az\/ru\/wp-json\/wp\/v2\/types\/product"}],"version-history":[{"count":0,"href":"https:\/\/antaris.az\/ru\/wp-json\/wp\/v2\/product\/105213\/revisions"}],"wp:featuredmedia":[{"embeddable":true,"href":"https:\/\/antaris.az\/ru\/wp-json\/wp\/v2\/media\/105331"}],"wp:attachment":[{"href":"https:\/\/antaris.az\/ru\/wp-json\/wp\/v2\/media?parent=105213"}],"wp:term":[{"taxonomy":"product_brand","embeddable":true,"href":"https:\/\/antaris.az\/ru\/wp-json\/wp\/v2\/product_brand?post=105213"},{"taxonomy":"product_cat","embeddable":true,"href":"https:\/\/antaris.az\/ru\/wp-json\/wp\/v2\/product_cat?post=105213"},{"taxonomy":"product_tag","embeddable":true,"href":"https:\/\/antaris.az\/ru\/wp-json\/wp\/v2\/product_tag?post=105213"}],"curies":[{"name":"wp","href":"https:\/\/api.w.org\/{rel}","templated":true}]}}