{"id":104585,"date":"2024-07-02T15:57:05","date_gmt":"2024-07-02T12:57:05","guid":{"rendered":"https:\/\/antaris.az\/?post_type=product&#038;p=104585"},"modified":"2025-11-01T12:30:39","modified_gmt":"2025-11-01T08:30:39","slug":"qovluq-tablet-ucun-dr8113-c2m-87333-scrikss-sensor-q%c9%99l%c9%99mi-stilus","status":"publish","type":"product","link":"https:\/\/antaris.az\/ru\/m\u0259hsul\/qovluq-tablet-ucun-dr8113-c2m-87333-scrikss-sensor-q%c9%99l%c9%99mi-stilus\/","title":{"rendered":"Qovluq tablet \u00fc\u00e7\u00fcn DR8113-C2M 87333 Scrikss + Sensor q\u0259l\u0259mi ( Stilus )"},"content":{"rendered":"<p>&#8220;Leather by Scrikss&#8221; qeydiyyatdan ke\u00e7mi\u015f ticar\u0259t ni\u015fan\u0131 il\u0259 x\u00fcsusi haz\u0131rlanm\u0131\u015f h\u0259diyy\u0259 d\u0259stl\u0259ri d\u0259ri aksesuarlar\u0131 v\u0259 Scrikss q\u0259l\u0259ml\u0259ri x\u00fcsusi v\u0259 vacib g\u00fcnl\u0259r \u00fc\u00e7\u00fcn n\u0259z\u0259rd\u0259 tutulmu\u015f promosyon f\u0259aliyy\u0259tl\u0259rini v\u0259 h\u0259diyy\u0259l\u0259ri m\u0259nal\u0131 edir v\u0259 d\u0259y\u0259r qat\u0131r. \u0130\u00e7\u0259risind\u0259 plan\u015fet (7 d\u00fcym) v\u0259 4 kredit kart\u0131 b\u00f6lm\u0259si olan \u015f\u0131k plan\u015fet qutusu, Scrikss sensor q\u0259l\u0259mi v\u0259 bloknotla birlikd\u0259 portfel kimi d\u0259 istifad\u0259 edil\u0259 bil\u0259r.<\/p>","protected":false},"excerpt":{"rendered":"<p>N\u00f6v\u00fc: Tablet \u00fc\u00e7\u00fcn<br \/>\n\u00d6l\u00e7\u00fcl\u0259ri: A5<br \/>\n\u0130stehsal\u00e7\u0131 kodu: 87333<br \/>\nTicar\u0259t markas\u0131: Scrikss<br \/>\n\u0130stehsal\u00e7\u0131 \u00f6lk\u0259: T\u00fcrkiy\u0259<\/p>","protected":false},"featured_media":104713,"template":"","meta":{"_joinchat":[]},"product_brand":[],"product_cat":[445],"product_tag":[],"class_list":{"0":"post-104585","1":"product","2":"type-product","3":"status-publish","4":"has-post-thumbnail","6":"product_cat-biznes-aksesuarlar","7":"pa_brand-scrikss","9":"first","10":"instock","11":"shipping-taxable","12":"purchasable","13":"product-type-simple"},"yoast_head":"<!-- This site is optimized with the Yoast SEO plugin v27.4 - https:\/\/yoast.com\/product\/yoast-seo-wordpress\/ -->\n<title>Qovluq tablet \u00fc\u00e7\u00fcn DR8113-C2M 87333 Scrikss + Sensor q\u0259l\u0259mi ( Stilus ) - Antaris<\/title>\n<meta name=\"description\" content=\"Qovluq tablet \u00fc\u00e7\u00fcn DR8113-C2M 87333 Scrikss + Sensor q\u0259l\u0259mi ( Stilus )\" \/>\n<meta name=\"robots\" content=\"index, follow, max-snippet:-1, max-image-preview:large, max-video-preview:-1\" \/>\n<link rel=\"canonical\" href=\"https:\/\/antaris.az\/ru\/m\u0259hsul\/qovluq-tablet-ucun-dr8113-c2m-87333-scrikss-sensor-q\u0259l\u0259mi-stilus\/\" \/>\n<meta property=\"og:locale\" content=\"ru_RU\" \/>\n<meta property=\"og:type\" content=\"article\" \/>\n<meta property=\"og:title\" content=\"Qovluq tablet \u00fc\u00e7\u00fcn DR8113-C2M 87333 Scrikss + Sensor q\u0259l\u0259mi ( Stilus ) - Antaris\" \/>\n<meta property=\"og:description\" content=\"Qovluq tablet \u00fc\u00e7\u00fcn DR8113-C2M 87333 Scrikss + Sensor q\u0259l\u0259mi ( Stilus )\" \/>\n<meta property=\"og:url\" content=\"https:\/\/antaris.az\/ru\/m\u0259hsul\/qovluq-tablet-ucun-dr8113-c2m-87333-scrikss-sensor-q\u0259l\u0259mi-stilus\/\" \/>\n<meta property=\"og:site_name\" content=\"Antaris\" \/>\n<meta property=\"article:publisher\" content=\"https:\/\/www.facebook.com\/antaris.az\/\" \/>\n<meta property=\"article:modified_time\" content=\"2025-11-01T08:30:39+00:00\" \/>\n<meta property=\"og:image\" content=\"https:\/\/antaris.az\/wp-content\/uploads\/2024\/07\/DR8113-C2M-87333-Scrikss-wep-1.webp\" \/>\n\t<meta property=\"og:image:width\" content=\"800\" \/>\n\t<meta property=\"og:image:height\" content=\"800\" \/>\n\t<meta property=\"og:image:type\" content=\"image\/webp\" \/>\n<script type=\"application\/ld+json\" class=\"yoast-schema-graph\">{\"@context\":\"https:\\\/\\\/schema.org\",\"@graph\":[{\"@type\":\"WebPage\",\"@id\":\"https:\\\/\\\/antaris.az\\\/m\u0259hsul\\\/qovluq-tablet-ucun-dr8113-c2m-87333-scrikss-sensor-q%c9%99l%c9%99mi-stilus\\\/\",\"url\":\"https:\\\/\\\/antaris.az\\\/m\u0259hsul\\\/qovluq-tablet-ucun-dr8113-c2m-87333-scrikss-sensor-q%c9%99l%c9%99mi-stilus\\\/\",\"name\":\"Qovluq tablet \u00fc\u00e7\u00fcn DR8113-C2M 87333 Scrikss + Sensor q\u0259l\u0259mi ( Stilus ) - Antaris\",\"isPartOf\":{\"@id\":\"https:\\\/\\\/antaris.az\\\/#website\"},\"primaryImageOfPage\":{\"@id\":\"https:\\\/\\\/antaris.az\\\/m\u0259hsul\\\/qovluq-tablet-ucun-dr8113-c2m-87333-scrikss-sensor-q%c9%99l%c9%99mi-stilus\\\/#primaryimage\"},\"image\":{\"@id\":\"https:\\\/\\\/antaris.az\\\/m\u0259hsul\\\/qovluq-tablet-ucun-dr8113-c2m-87333-scrikss-sensor-q%c9%99l%c9%99mi-stilus\\\/#primaryimage\"},\"thumbnailUrl\":\"https:\\\/\\\/antaris.az\\\/wp-content\\\/uploads\\\/2024\\\/07\\\/DR8113-C2M-87333-Scrikss-wep-1.webp\",\"datePublished\":\"2024-07-02T12:57:05+00:00\",\"dateModified\":\"2025-11-01T08:30:39+00:00\",\"description\":\"Qovluq tablet \u00fc\u00e7\u00fcn DR8113-C2M 87333 Scrikss + Sensor q\u0259l\u0259mi ( Stilus )\",\"breadcrumb\":{\"@id\":\"https:\\\/\\\/antaris.az\\\/m\u0259hsul\\\/qovluq-tablet-ucun-dr8113-c2m-87333-scrikss-sensor-q%c9%99l%c9%99mi-stilus\\\/#breadcrumb\"},\"inLanguage\":\"ru-RU\",\"potentialAction\":[{\"@type\":\"ReadAction\",\"target\":[\"https:\\\/\\\/antaris.az\\\/m\u0259hsul\\\/qovluq-tablet-ucun-dr8113-c2m-87333-scrikss-sensor-q%c9%99l%c9%99mi-stilus\\\/\"]}]},{\"@type\":\"ImageObject\",\"inLanguage\":\"ru-RU\",\"@id\":\"https:\\\/\\\/antaris.az\\\/m\u0259hsul\\\/qovluq-tablet-ucun-dr8113-c2m-87333-scrikss-sensor-q%c9%99l%c9%99mi-stilus\\\/#primaryimage\",\"url\":\"https:\\\/\\\/antaris.az\\\/wp-content\\\/uploads\\\/2024\\\/07\\\/DR8113-C2M-87333-Scrikss-wep-1.webp\",\"contentUrl\":\"https:\\\/\\\/antaris.az\\\/wp-content\\\/uploads\\\/2024\\\/07\\\/DR8113-C2M-87333-Scrikss-wep-1.webp\",\"width\":800,\"height\":800,\"caption\":\"DR8113-C2M 87333 Scrikss wep 1\"},{\"@type\":\"BreadcrumbList\",\"@id\":\"https:\\\/\\\/antaris.az\\\/m\u0259hsul\\\/qovluq-tablet-ucun-dr8113-c2m-87333-scrikss-sensor-q%c9%99l%c9%99mi-stilus\\\/#breadcrumb\",\"itemListElement\":[{\"@type\":\"ListItem\",\"position\":1,\"name\":\"Home\",\"item\":\"https:\\\/\\\/antaris.az\\\/\"},{\"@type\":\"ListItem\",\"position\":2,\"name\":\"Ma\u011faza\",\"item\":\"https:\\\/\\\/antaris.az\\\/ru\\\/shop\\\/\"},{\"@type\":\"ListItem\",\"position\":3,\"name\":\"Qovluq tablet \u00fc\u00e7\u00fcn DR8113-C2M 87333 Scrikss + Sensor q\u0259l\u0259mi ( Stilus )\"}]},{\"@type\":\"WebSite\",\"@id\":\"https:\\\/\\\/antaris.az\\\/#website\",\"url\":\"https:\\\/\\\/antaris.az\\\/\",\"name\":\"Antaris\",\"description\":\"Ofis, ev, m\u0259kt\u0259b \u00fc\u00e7\u00fcn h\u0259r \u015fey\",\"publisher\":{\"@id\":\"https:\\\/\\\/antaris.az\\\/#organization\"},\"potentialAction\":[{\"@type\":\"SearchAction\",\"target\":{\"@type\":\"EntryPoint\",\"urlTemplate\":\"https:\\\/\\\/antaris.az\\\/?s={search_term_string}\"},\"query-input\":{\"@type\":\"PropertyValueSpecification\",\"valueRequired\":true,\"valueName\":\"search_term_string\"}}],\"inLanguage\":\"ru-RU\"},{\"@type\":\"Organization\",\"@id\":\"https:\\\/\\\/antaris.az\\\/#organization\",\"name\":\"Antaris QSC\",\"url\":\"https:\\\/\\\/antaris.az\\\/\",\"logo\":{\"@type\":\"ImageObject\",\"inLanguage\":\"ru-RU\",\"@id\":\"https:\\\/\\\/antaris.az\\\/#\\\/schema\\\/logo\\\/image\\\/\",\"url\":\"https:\\\/\\\/antaris.az\\\/wp-content\\\/uploads\\\/2025\\\/03\\\/Antaris-logo.png\",\"contentUrl\":\"https:\\\/\\\/antaris.az\\\/wp-content\\\/uploads\\\/2025\\\/03\\\/Antaris-logo.png\",\"width\":500,\"height\":500,\"caption\":\"Antaris QSC\"},\"image\":{\"@id\":\"https:\\\/\\\/antaris.az\\\/#\\\/schema\\\/logo\\\/image\\\/\"},\"sameAs\":[\"https:\\\/\\\/www.facebook.com\\\/antaris.az\\\/\",\"https:\\\/\\\/www.instagram.com\\\/antaris.az\\\/\"]}]}<\/script>\n<!-- \/ Yoast SEO plugin. -->","yoast_head_json":{"title":"Qovluq tablet \u00fc\u00e7\u00fcn DR8113-C2M 87333 Scrikss + Sensor q\u0259l\u0259mi ( Stilus ) - Antaris","description":"Qovluq tablet \u00fc\u00e7\u00fcn DR8113-C2M 87333 Scrikss + Sensor q\u0259l\u0259mi ( Stilus )","robots":{"index":"index","follow":"follow","max-snippet":"max-snippet:-1","max-image-preview":"max-image-preview:large","max-video-preview":"max-video-preview:-1"},"canonical":"https:\/\/antaris.az\/ru\/m\u0259hsul\/qovluq-tablet-ucun-dr8113-c2m-87333-scrikss-sensor-q\u0259l\u0259mi-stilus\/","og_locale":"ru_RU","og_type":"article","og_title":"Qovluq tablet \u00fc\u00e7\u00fcn DR8113-C2M 87333 Scrikss + Sensor q\u0259l\u0259mi ( Stilus ) - Antaris","og_description":"Qovluq tablet \u00fc\u00e7\u00fcn DR8113-C2M 87333 Scrikss + Sensor q\u0259l\u0259mi ( Stilus )","og_url":"https:\/\/antaris.az\/ru\/m\u0259hsul\/qovluq-tablet-ucun-dr8113-c2m-87333-scrikss-sensor-q\u0259l\u0259mi-stilus\/","og_site_name":"Antaris","article_publisher":"https:\/\/www.facebook.com\/antaris.az\/","article_modified_time":"2025-11-01T08:30:39+00:00","og_image":[{"width":800,"height":800,"url":"https:\/\/antaris.az\/wp-content\/uploads\/2024\/07\/DR8113-C2M-87333-Scrikss-wep-1.webp","type":"image\/webp"}],"schema":{"@context":"https:\/\/schema.org","@graph":[{"@type":"WebPage","@id":"https:\/\/antaris.az\/m\u0259hsul\/qovluq-tablet-ucun-dr8113-c2m-87333-scrikss-sensor-q%c9%99l%c9%99mi-stilus\/","url":"https:\/\/antaris.az\/m\u0259hsul\/qovluq-tablet-ucun-dr8113-c2m-87333-scrikss-sensor-q%c9%99l%c9%99mi-stilus\/","name":"Qovluq tablet \u00fc\u00e7\u00fcn DR8113-C2M 87333 Scrikss + Sensor q\u0259l\u0259mi ( Stilus ) - Antaris","isPartOf":{"@id":"https:\/\/antaris.az\/#website"},"primaryImageOfPage":{"@id":"https:\/\/antaris.az\/m\u0259hsul\/qovluq-tablet-ucun-dr8113-c2m-87333-scrikss-sensor-q%c9%99l%c9%99mi-stilus\/#primaryimage"},"image":{"@id":"https:\/\/antaris.az\/m\u0259hsul\/qovluq-tablet-ucun-dr8113-c2m-87333-scrikss-sensor-q%c9%99l%c9%99mi-stilus\/#primaryimage"},"thumbnailUrl":"https:\/\/antaris.az\/wp-content\/uploads\/2024\/07\/DR8113-C2M-87333-Scrikss-wep-1.webp","datePublished":"2024-07-02T12:57:05+00:00","dateModified":"2025-11-01T08:30:39+00:00","description":"Qovluq tablet \u00fc\u00e7\u00fcn DR8113-C2M 87333 Scrikss + Sensor q\u0259l\u0259mi ( Stilus )","breadcrumb":{"@id":"https:\/\/antaris.az\/m\u0259hsul\/qovluq-tablet-ucun-dr8113-c2m-87333-scrikss-sensor-q%c9%99l%c9%99mi-stilus\/#breadcrumb"},"inLanguage":"ru-RU","potentialAction":[{"@type":"ReadAction","target":["https:\/\/antaris.az\/m\u0259hsul\/qovluq-tablet-ucun-dr8113-c2m-87333-scrikss-sensor-q%c9%99l%c9%99mi-stilus\/"]}]},{"@type":"ImageObject","inLanguage":"ru-RU","@id":"https:\/\/antaris.az\/m\u0259hsul\/qovluq-tablet-ucun-dr8113-c2m-87333-scrikss-sensor-q%c9%99l%c9%99mi-stilus\/#primaryimage","url":"https:\/\/antaris.az\/wp-content\/uploads\/2024\/07\/DR8113-C2M-87333-Scrikss-wep-1.webp","contentUrl":"https:\/\/antaris.az\/wp-content\/uploads\/2024\/07\/DR8113-C2M-87333-Scrikss-wep-1.webp","width":800,"height":800,"caption":"DR8113-C2M 87333 Scrikss wep 1"},{"@type":"BreadcrumbList","@id":"https:\/\/antaris.az\/m\u0259hsul\/qovluq-tablet-ucun-dr8113-c2m-87333-scrikss-sensor-q%c9%99l%c9%99mi-stilus\/#breadcrumb","itemListElement":[{"@type":"ListItem","position":1,"name":"Home","item":"https:\/\/antaris.az\/"},{"@type":"ListItem","position":2,"name":"Ma\u011faza","item":"https:\/\/antaris.az\/ru\/shop\/"},{"@type":"ListItem","position":3,"name":"Qovluq tablet \u00fc\u00e7\u00fcn DR8113-C2M 87333 Scrikss + Sensor q\u0259l\u0259mi ( Stilus )"}]},{"@type":"WebSite","@id":"https:\/\/antaris.az\/#website","url":"https:\/\/antaris.az\/","name":"Antaris","description":"Ofis, ev, m\u0259kt\u0259b \u00fc\u00e7\u00fcn h\u0259r \u015fey","publisher":{"@id":"https:\/\/antaris.az\/#organization"},"potentialAction":[{"@type":"SearchAction","target":{"@type":"EntryPoint","urlTemplate":"https:\/\/antaris.az\/?s={search_term_string}"},"query-input":{"@type":"PropertyValueSpecification","valueRequired":true,"valueName":"search_term_string"}}],"inLanguage":"ru-RU"},{"@type":"Organization","@id":"https:\/\/antaris.az\/#organization","name":"\u0410\u043d\u0442\u0430\u0440\u0438\u0441 \u0417\u0410\u041e","url":"https:\/\/antaris.az\/","logo":{"@type":"ImageObject","inLanguage":"ru-RU","@id":"https:\/\/antaris.az\/#\/schema\/logo\/image\/","url":"https:\/\/antaris.az\/wp-content\/uploads\/2025\/03\/Antaris-logo.png","contentUrl":"https:\/\/antaris.az\/wp-content\/uploads\/2025\/03\/Antaris-logo.png","width":500,"height":500,"caption":"Antaris QSC"},"image":{"@id":"https:\/\/antaris.az\/#\/schema\/logo\/image\/"},"sameAs":["https:\/\/www.facebook.com\/antaris.az\/","https:\/\/www.instagram.com\/antaris.az\/"]}]}},"_links":{"self":[{"href":"https:\/\/antaris.az\/ru\/wp-json\/wp\/v2\/product\/104585","targetHints":{"allow":["GET"]}}],"collection":[{"href":"https:\/\/antaris.az\/ru\/wp-json\/wp\/v2\/product"}],"about":[{"href":"https:\/\/antaris.az\/ru\/wp-json\/wp\/v2\/types\/product"}],"version-history":[{"count":0,"href":"https:\/\/antaris.az\/ru\/wp-json\/wp\/v2\/product\/104585\/revisions"}],"wp:featuredmedia":[{"embeddable":true,"href":"https:\/\/antaris.az\/ru\/wp-json\/wp\/v2\/media\/104713"}],"wp:attachment":[{"href":"https:\/\/antaris.az\/ru\/wp-json\/wp\/v2\/media?parent=104585"}],"wp:term":[{"taxonomy":"product_brand","embeddable":true,"href":"https:\/\/antaris.az\/ru\/wp-json\/wp\/v2\/product_brand?post=104585"},{"taxonomy":"product_cat","embeddable":true,"href":"https:\/\/antaris.az\/ru\/wp-json\/wp\/v2\/product_cat?post=104585"},{"taxonomy":"product_tag","embeddable":true,"href":"https:\/\/antaris.az\/ru\/wp-json\/wp\/v2\/product_tag?post=104585"}],"curies":[{"name":"wp","href":"https:\/\/api.w.org\/{rel}","templated":true}]}}