{"id":104429,"date":"2024-06-25T15:30:25","date_gmt":"2024-06-25T12:30:25","guid":{"rendered":"https:\/\/antaris.az\/?post_type=product&#038;p=104429"},"modified":"2024-11-26T15:16:57","modified_gmt":"2024-11-26T11:16:57","slug":"batareya-aaa-nimh-700ma-rechargeable-1x2-gp","status":"publish","type":"product","link":"https:\/\/antaris.az\/ru\/m\u0259hsul\/batareya-aaa-nimh-700ma-rechargeable-1x2-gp\/","title":{"rendered":"Batareya AAA N\u0130MH 700mA Rechargeable 1&#215;2 GP"},"content":{"rendered":"","protected":false},"excerpt":{"rendered":"<p>Standart \u00f6l\u00e7\u00fc: AA<br \/>\nSay\u0131: 1&#215;2<br \/>\nG\u0259rginlik: 1.5V<br \/>\nTicar\u0259t markas\u0131: Duracell<\/p>","protected":false},"featured_media":104430,"template":"","meta":{"_joinchat":[]},"product_brand":[],"product_cat":[346],"product_tag":[],"class_list":{"0":"post-104429","1":"product","2":"type-product","3":"status-publish","4":"has-post-thumbnail","6":"product_cat-batareya","8":"first","9":"instock","10":"shipping-taxable","11":"purchasable","12":"product-type-simple"},"yoast_head":"<!-- This site is optimized with the Yoast SEO plugin v27.3 - https:\/\/yoast.com\/product\/yoast-seo-wordpress\/ -->\n<title>Batareya AAA N\u0130MH 700mA Rechargeable 1x2 GP - Antaris<\/title>\n<meta name=\"robots\" content=\"index, follow, max-snippet:-1, max-image-preview:large, max-video-preview:-1\" \/>\n<link rel=\"canonical\" href=\"https:\/\/antaris.az\/ru\/m\u0259hsul\/batareya-aaa-nimh-700ma-rechargeable-1x2-gp\/\" \/>\n<meta property=\"og:locale\" content=\"ru_RU\" \/>\n<meta property=\"og:type\" content=\"article\" \/>\n<meta property=\"og:title\" content=\"Batareya AAA N\u0130MH 700mA Rechargeable 1x2 GP - Antaris\" \/>\n<meta property=\"og:description\" content=\"Standart \u00f6l\u00e7\u00fc: AA Say\u0131: 1x2 G\u0259rginlik: 1.5V Ticar\u0259t markas\u0131: Duracell\" \/>\n<meta property=\"og:url\" content=\"https:\/\/antaris.az\/ru\/m\u0259hsul\/batareya-aaa-nimh-700ma-rechargeable-1x2-gp\/\" \/>\n<meta property=\"og:site_name\" content=\"Antaris\" \/>\n<meta property=\"article:publisher\" content=\"https:\/\/www.facebook.com\/antaris.az\/\" \/>\n<meta property=\"article:modified_time\" content=\"2024-11-26T11:16:57+00:00\" \/>\n<meta property=\"og:image\" content=\"https:\/\/antaris.az\/wp-content\/uploads\/2024\/06\/AAA-NIMH-700mA-Rechargeable-1x2-GP-wep.webp\" \/>\n\t<meta property=\"og:image:width\" content=\"800\" \/>\n\t<meta property=\"og:image:height\" content=\"800\" \/>\n\t<meta property=\"og:image:type\" content=\"image\/webp\" \/>\n<script type=\"application\/ld+json\" class=\"yoast-schema-graph\">{\"@context\":\"https:\\\/\\\/schema.org\",\"@graph\":[{\"@type\":\"WebPage\",\"@id\":\"https:\\\/\\\/antaris.az\\\/m\u0259hsul\\\/batareya-aaa-nimh-700ma-rechargeable-1x2-gp\\\/\",\"url\":\"https:\\\/\\\/antaris.az\\\/m\u0259hsul\\\/batareya-aaa-nimh-700ma-rechargeable-1x2-gp\\\/\",\"name\":\"Batareya AAA N\u0130MH 700mA Rechargeable 1x2 GP - Antaris\",\"isPartOf\":{\"@id\":\"https:\\\/\\\/antaris.az\\\/#website\"},\"primaryImageOfPage\":{\"@id\":\"https:\\\/\\\/antaris.az\\\/m\u0259hsul\\\/batareya-aaa-nimh-700ma-rechargeable-1x2-gp\\\/#primaryimage\"},\"image\":{\"@id\":\"https:\\\/\\\/antaris.az\\\/m\u0259hsul\\\/batareya-aaa-nimh-700ma-rechargeable-1x2-gp\\\/#primaryimage\"},\"thumbnailUrl\":\"https:\\\/\\\/antaris.az\\\/wp-content\\\/uploads\\\/2024\\\/06\\\/AAA-NIMH-700mA-Rechargeable-1x2-GP-wep.webp\",\"datePublished\":\"2024-06-25T12:30:25+00:00\",\"dateModified\":\"2024-11-26T11:16:57+00:00\",\"breadcrumb\":{\"@id\":\"https:\\\/\\\/antaris.az\\\/m\u0259hsul\\\/batareya-aaa-nimh-700ma-rechargeable-1x2-gp\\\/#breadcrumb\"},\"inLanguage\":\"ru-RU\",\"potentialAction\":[{\"@type\":\"ReadAction\",\"target\":[\"https:\\\/\\\/antaris.az\\\/m\u0259hsul\\\/batareya-aaa-nimh-700ma-rechargeable-1x2-gp\\\/\"]}]},{\"@type\":\"ImageObject\",\"inLanguage\":\"ru-RU\",\"@id\":\"https:\\\/\\\/antaris.az\\\/m\u0259hsul\\\/batareya-aaa-nimh-700ma-rechargeable-1x2-gp\\\/#primaryimage\",\"url\":\"https:\\\/\\\/antaris.az\\\/wp-content\\\/uploads\\\/2024\\\/06\\\/AAA-NIMH-700mA-Rechargeable-1x2-GP-wep.webp\",\"contentUrl\":\"https:\\\/\\\/antaris.az\\\/wp-content\\\/uploads\\\/2024\\\/06\\\/AAA-NIMH-700mA-Rechargeable-1x2-GP-wep.webp\",\"width\":800,\"height\":800,\"caption\":\"AAA N\u0130MH 700mA Rechargeable 1x2 GP wep\"},{\"@type\":\"BreadcrumbList\",\"@id\":\"https:\\\/\\\/antaris.az\\\/m\u0259hsul\\\/batareya-aaa-nimh-700ma-rechargeable-1x2-gp\\\/#breadcrumb\",\"itemListElement\":[{\"@type\":\"ListItem\",\"position\":1,\"name\":\"Home\",\"item\":\"https:\\\/\\\/antaris.az\\\/\"},{\"@type\":\"ListItem\",\"position\":2,\"name\":\"Ma\u011faza\",\"item\":\"https:\\\/\\\/antaris.az\\\/ru\\\/shop\\\/\"},{\"@type\":\"ListItem\",\"position\":3,\"name\":\"Batareya AAA N\u0130MH 700mA Rechargeable 1&#215;2 GP\"}]},{\"@type\":\"WebSite\",\"@id\":\"https:\\\/\\\/antaris.az\\\/#website\",\"url\":\"https:\\\/\\\/antaris.az\\\/\",\"name\":\"Antaris\",\"description\":\"Ofis, ev, m\u0259kt\u0259b \u00fc\u00e7\u00fcn h\u0259r \u015fey\",\"publisher\":{\"@id\":\"https:\\\/\\\/antaris.az\\\/#organization\"},\"potentialAction\":[{\"@type\":\"SearchAction\",\"target\":{\"@type\":\"EntryPoint\",\"urlTemplate\":\"https:\\\/\\\/antaris.az\\\/?s={search_term_string}\"},\"query-input\":{\"@type\":\"PropertyValueSpecification\",\"valueRequired\":true,\"valueName\":\"search_term_string\"}}],\"inLanguage\":\"ru-RU\"},{\"@type\":\"Organization\",\"@id\":\"https:\\\/\\\/antaris.az\\\/#organization\",\"name\":\"Antaris QSC\",\"url\":\"https:\\\/\\\/antaris.az\\\/\",\"logo\":{\"@type\":\"ImageObject\",\"inLanguage\":\"ru-RU\",\"@id\":\"https:\\\/\\\/antaris.az\\\/#\\\/schema\\\/logo\\\/image\\\/\",\"url\":\"https:\\\/\\\/antaris.az\\\/wp-content\\\/uploads\\\/2025\\\/03\\\/Antaris-logo.png\",\"contentUrl\":\"https:\\\/\\\/antaris.az\\\/wp-content\\\/uploads\\\/2025\\\/03\\\/Antaris-logo.png\",\"width\":500,\"height\":500,\"caption\":\"Antaris QSC\"},\"image\":{\"@id\":\"https:\\\/\\\/antaris.az\\\/#\\\/schema\\\/logo\\\/image\\\/\"},\"sameAs\":[\"https:\\\/\\\/www.facebook.com\\\/antaris.az\\\/\",\"https:\\\/\\\/www.instagram.com\\\/antaris.az\\\/\"]}]}<\/script>\n<!-- \/ Yoast SEO plugin. -->","yoast_head_json":{"title":"Batareya AAA N\u0130MH 700mA Rechargeable 1x2 GP - Antaris","robots":{"index":"index","follow":"follow","max-snippet":"max-snippet:-1","max-image-preview":"max-image-preview:large","max-video-preview":"max-video-preview:-1"},"canonical":"https:\/\/antaris.az\/ru\/m\u0259hsul\/batareya-aaa-nimh-700ma-rechargeable-1x2-gp\/","og_locale":"ru_RU","og_type":"article","og_title":"Batareya AAA N\u0130MH 700mA Rechargeable 1x2 GP - Antaris","og_description":"Standart \u00f6l\u00e7\u00fc: AA Say\u0131: 1x2 G\u0259rginlik: 1.5V Ticar\u0259t markas\u0131: Duracell","og_url":"https:\/\/antaris.az\/ru\/m\u0259hsul\/batareya-aaa-nimh-700ma-rechargeable-1x2-gp\/","og_site_name":"Antaris","article_publisher":"https:\/\/www.facebook.com\/antaris.az\/","article_modified_time":"2024-11-26T11:16:57+00:00","og_image":[{"width":800,"height":800,"url":"https:\/\/antaris.az\/wp-content\/uploads\/2024\/06\/AAA-NIMH-700mA-Rechargeable-1x2-GP-wep.webp","type":"image\/webp"}],"schema":{"@context":"https:\/\/schema.org","@graph":[{"@type":"WebPage","@id":"https:\/\/antaris.az\/m\u0259hsul\/batareya-aaa-nimh-700ma-rechargeable-1x2-gp\/","url":"https:\/\/antaris.az\/m\u0259hsul\/batareya-aaa-nimh-700ma-rechargeable-1x2-gp\/","name":"Batareya AAA N\u0130MH 700mA Rechargeable 1x2 GP - Antaris","isPartOf":{"@id":"https:\/\/antaris.az\/#website"},"primaryImageOfPage":{"@id":"https:\/\/antaris.az\/m\u0259hsul\/batareya-aaa-nimh-700ma-rechargeable-1x2-gp\/#primaryimage"},"image":{"@id":"https:\/\/antaris.az\/m\u0259hsul\/batareya-aaa-nimh-700ma-rechargeable-1x2-gp\/#primaryimage"},"thumbnailUrl":"https:\/\/antaris.az\/wp-content\/uploads\/2024\/06\/AAA-NIMH-700mA-Rechargeable-1x2-GP-wep.webp","datePublished":"2024-06-25T12:30:25+00:00","dateModified":"2024-11-26T11:16:57+00:00","breadcrumb":{"@id":"https:\/\/antaris.az\/m\u0259hsul\/batareya-aaa-nimh-700ma-rechargeable-1x2-gp\/#breadcrumb"},"inLanguage":"ru-RU","potentialAction":[{"@type":"ReadAction","target":["https:\/\/antaris.az\/m\u0259hsul\/batareya-aaa-nimh-700ma-rechargeable-1x2-gp\/"]}]},{"@type":"ImageObject","inLanguage":"ru-RU","@id":"https:\/\/antaris.az\/m\u0259hsul\/batareya-aaa-nimh-700ma-rechargeable-1x2-gp\/#primaryimage","url":"https:\/\/antaris.az\/wp-content\/uploads\/2024\/06\/AAA-NIMH-700mA-Rechargeable-1x2-GP-wep.webp","contentUrl":"https:\/\/antaris.az\/wp-content\/uploads\/2024\/06\/AAA-NIMH-700mA-Rechargeable-1x2-GP-wep.webp","width":800,"height":800,"caption":"AAA N\u0130MH 700mA Rechargeable 1x2 GP wep"},{"@type":"BreadcrumbList","@id":"https:\/\/antaris.az\/m\u0259hsul\/batareya-aaa-nimh-700ma-rechargeable-1x2-gp\/#breadcrumb","itemListElement":[{"@type":"ListItem","position":1,"name":"Home","item":"https:\/\/antaris.az\/"},{"@type":"ListItem","position":2,"name":"Ma\u011faza","item":"https:\/\/antaris.az\/ru\/shop\/"},{"@type":"ListItem","position":3,"name":"Batareya AAA N\u0130MH 700mA Rechargeable 1&#215;2 GP"}]},{"@type":"WebSite","@id":"https:\/\/antaris.az\/#website","url":"https:\/\/antaris.az\/","name":"Antaris","description":"Ofis, ev, m\u0259kt\u0259b \u00fc\u00e7\u00fcn h\u0259r \u015fey","publisher":{"@id":"https:\/\/antaris.az\/#organization"},"potentialAction":[{"@type":"SearchAction","target":{"@type":"EntryPoint","urlTemplate":"https:\/\/antaris.az\/?s={search_term_string}"},"query-input":{"@type":"PropertyValueSpecification","valueRequired":true,"valueName":"search_term_string"}}],"inLanguage":"ru-RU"},{"@type":"Organization","@id":"https:\/\/antaris.az\/#organization","name":"\u0410\u043d\u0442\u0430\u0440\u0438\u0441 \u0417\u0410\u041e","url":"https:\/\/antaris.az\/","logo":{"@type":"ImageObject","inLanguage":"ru-RU","@id":"https:\/\/antaris.az\/#\/schema\/logo\/image\/","url":"https:\/\/antaris.az\/wp-content\/uploads\/2025\/03\/Antaris-logo.png","contentUrl":"https:\/\/antaris.az\/wp-content\/uploads\/2025\/03\/Antaris-logo.png","width":500,"height":500,"caption":"Antaris QSC"},"image":{"@id":"https:\/\/antaris.az\/#\/schema\/logo\/image\/"},"sameAs":["https:\/\/www.facebook.com\/antaris.az\/","https:\/\/www.instagram.com\/antaris.az\/"]}]}},"_links":{"self":[{"href":"https:\/\/antaris.az\/ru\/wp-json\/wp\/v2\/product\/104429","targetHints":{"allow":["GET"]}}],"collection":[{"href":"https:\/\/antaris.az\/ru\/wp-json\/wp\/v2\/product"}],"about":[{"href":"https:\/\/antaris.az\/ru\/wp-json\/wp\/v2\/types\/product"}],"version-history":[{"count":0,"href":"https:\/\/antaris.az\/ru\/wp-json\/wp\/v2\/product\/104429\/revisions"}],"wp:featuredmedia":[{"embeddable":true,"href":"https:\/\/antaris.az\/ru\/wp-json\/wp\/v2\/media\/104430"}],"wp:attachment":[{"href":"https:\/\/antaris.az\/ru\/wp-json\/wp\/v2\/media?parent=104429"}],"wp:term":[{"taxonomy":"product_brand","embeddable":true,"href":"https:\/\/antaris.az\/ru\/wp-json\/wp\/v2\/product_brand?post=104429"},{"taxonomy":"product_cat","embeddable":true,"href":"https:\/\/antaris.az\/ru\/wp-json\/wp\/v2\/product_cat?post=104429"},{"taxonomy":"product_tag","embeddable":true,"href":"https:\/\/antaris.az\/ru\/wp-json\/wp\/v2\/product_tag?post=104429"}],"curies":[{"name":"wp","href":"https:\/\/api.w.org\/{rel}","templated":true}]}}