{"id":10334,"date":"2020-05-27T12:04:45","date_gmt":"2020-05-27T09:04:45","guid":{"rendered":"http:\/\/www2.antaris.az\/?post_type=product&#038;p=10334"},"modified":"2024-11-26T16:55:14","modified_gmt":"2024-11-26T12:55:14","slug":"plastik-kart-iki-t%c9%99r%c9%99fli","status":"publish","type":"product","link":"https:\/\/antaris.az\/ru\/m\u0259hsul\/plastik-kart-iki-t%c9%99r%c9%99fli\/","title":{"rendered":"Plastik kart iki t\u0259r\u0259fli"},"content":{"rendered":"<p>Davaml\u0131, \u0259yil\u0259bil\u0259n v\u0259 uzun\u00f6m\u00fcrl\u00fc kartlarlar. Plastik material\u0131n r\u0259ngind\u0259n v\u0259 qal\u0131nl\u0131\u011f\u0131ndan as\u0131l\u0131 olmayaraq, c\u0131z\u0131lmaya qar\u015f\u0131 y\u00fcks\u0259k h\u0259ssasl\u0131q v\u0259 d\u00f6z\u00fcml\u00fcl\u00fck g\u00f6st\u0259rir. T\u0259klif etdiyimiz plastik kartlar \u0130D kart, endirim kart\u0131, h\u0259diyy\u0259 kart\u0131, otel kart\u0131, bank kart\u0131, vizit kart v.s kimi bir s\u0131ra xidm\u0259tl\u0259ri yerin\u0259 yetirm\u0259kl\u0259 yana\u015f\u0131, \u00e7ipli-\u00e7ipsiz, barkodlu-sad\u0259, maqnit oxuyuculu, emboslu v\u0259 ba\u015fqa bir s\u0131ra texnikalarla da haz\u0131rlana bilinir. \u0130st\u0259y\u0259 g\u00f6r\u0259, boyundan as\u0131lmaq \u00fc\u00e7\u00fcn iplik d\u0259liyid\u0259 qoyulur. Xidm\u0259t\u0259 eyni zamanda m\u00fc\u015ft\u0259ri t\u0259r\u0259find\u0259n t\u0259qdim olunan plastik kart \u00fcz\u0259rind\u0259 \u00e7ap da daxildir.<\/p>\n<p>Qeyd: Qiym\u0259t t\u0259klifi say, dizayn, material v\u0259 dig\u0259r amill\u0259rd\u0259n as\u0131l\u0131 olaraq d\u0259yi\u015fil\u0259 bil\u0259r. \u018ftrafl\u0131 m\u0259lumat \u00fc\u00e7\u00fcn \u0259laq\u0259: Natiq \u018flizad\u0259\/ natig.alizadeh@antaris.az\/ +994 51 728 76 46<\/p>\n<p>&nbsp;<\/p>","protected":false},"excerpt":{"rendered":"<p>Kart: Plastik<br \/>\n\u00d6l\u00e7\u00fcs\u00fc: 86&#215;54 mm<br \/>\n\u00c7ap: \u0130ki t\u0259r\u0259fli\/ UV<br \/>\n\u0130stehsal \u00f6lk\u0259si: Azrbaycan<\/p>","protected":false},"featured_media":10335,"template":"","meta":{"_joinchat":[]},"product_brand":[],"product_cat":[264],"product_tag":[],"class_list":{"0":"post-10334","1":"product","2":"type-product","3":"status-publish","4":"has-post-thumbnail","6":"product_cat-id-v-plastik-kartlar","8":"first","9":"instock","10":"shipping-taxable","11":"purchasable","12":"product-type-simple"},"yoast_head":"<!-- This site is optimized with the Yoast SEO plugin v27.3 - https:\/\/yoast.com\/product\/yoast-seo-wordpress\/ -->\n<title>Plastik kart iki t\u0259r\u0259fli - Antaris<\/title>\n<meta name=\"robots\" content=\"index, follow, max-snippet:-1, max-image-preview:large, max-video-preview:-1\" \/>\n<link rel=\"canonical\" href=\"https:\/\/antaris.az\/ru\/m\u0259hsul\/plastik-kart-iki-t\u0259r\u0259fli\/\" \/>\n<meta property=\"og:locale\" content=\"ru_RU\" \/>\n<meta property=\"og:type\" content=\"article\" \/>\n<meta property=\"og:title\" content=\"Plastik kart iki t\u0259r\u0259fli - Antaris\" \/>\n<meta property=\"og:description\" content=\"Kart: Plastik \u00d6l\u00e7\u00fcs\u00fc: 86x54 mm \u00c7ap: \u0130ki t\u0259r\u0259fli\/ UV \u0130stehsal \u00f6lk\u0259si: Azrbaycan\" \/>\n<meta property=\"og:url\" content=\"https:\/\/antaris.az\/ru\/m\u0259hsul\/plastik-kart-iki-t\u0259r\u0259fli\/\" \/>\n<meta property=\"og:site_name\" content=\"Antaris\" \/>\n<meta property=\"article:publisher\" content=\"https:\/\/www.facebook.com\/antaris.az\/\" \/>\n<meta property=\"article:modified_time\" content=\"2024-11-26T12:55:14+00:00\" \/>\n<meta property=\"og:image\" content=\"https:\/\/antaris.az\/wp-content\/uploads\/2020\/05\/AN-00-00028147-min.jpg\" \/>\n\t<meta property=\"og:image:width\" content=\"1600\" \/>\n\t<meta property=\"og:image:height\" content=\"1600\" \/>\n\t<meta property=\"og:image:type\" content=\"image\/jpeg\" \/>\n<script type=\"application\/ld+json\" class=\"yoast-schema-graph\">{\"@context\":\"https:\\\/\\\/schema.org\",\"@graph\":[{\"@type\":\"WebPage\",\"@id\":\"https:\\\/\\\/antaris.az\\\/m\u0259hsul\\\/plastik-kart-iki-t%c9%99r%c9%99fli\\\/\",\"url\":\"https:\\\/\\\/antaris.az\\\/m\u0259hsul\\\/plastik-kart-iki-t%c9%99r%c9%99fli\\\/\",\"name\":\"Plastik kart iki t\u0259r\u0259fli - Antaris\",\"isPartOf\":{\"@id\":\"https:\\\/\\\/antaris.az\\\/#website\"},\"primaryImageOfPage\":{\"@id\":\"https:\\\/\\\/antaris.az\\\/m\u0259hsul\\\/plastik-kart-iki-t%c9%99r%c9%99fli\\\/#primaryimage\"},\"image\":{\"@id\":\"https:\\\/\\\/antaris.az\\\/m\u0259hsul\\\/plastik-kart-iki-t%c9%99r%c9%99fli\\\/#primaryimage\"},\"thumbnailUrl\":\"https:\\\/\\\/antaris.az\\\/wp-content\\\/uploads\\\/2020\\\/05\\\/AN-00-00028147-min.jpg\",\"datePublished\":\"2020-05-27T09:04:45+00:00\",\"dateModified\":\"2024-11-26T12:55:14+00:00\",\"breadcrumb\":{\"@id\":\"https:\\\/\\\/antaris.az\\\/m\u0259hsul\\\/plastik-kart-iki-t%c9%99r%c9%99fli\\\/#breadcrumb\"},\"inLanguage\":\"ru-RU\",\"potentialAction\":[{\"@type\":\"ReadAction\",\"target\":[\"https:\\\/\\\/antaris.az\\\/m\u0259hsul\\\/plastik-kart-iki-t%c9%99r%c9%99fli\\\/\"]}]},{\"@type\":\"ImageObject\",\"inLanguage\":\"ru-RU\",\"@id\":\"https:\\\/\\\/antaris.az\\\/m\u0259hsul\\\/plastik-kart-iki-t%c9%99r%c9%99fli\\\/#primaryimage\",\"url\":\"https:\\\/\\\/antaris.az\\\/wp-content\\\/uploads\\\/2020\\\/05\\\/AN-00-00028147-min.jpg\",\"contentUrl\":\"https:\\\/\\\/antaris.az\\\/wp-content\\\/uploads\\\/2020\\\/05\\\/AN-00-00028147-min.jpg\",\"width\":1600,\"height\":1600,\"caption\":\"Plastik kart iki t\u0259r\u0259fli\"},{\"@type\":\"BreadcrumbList\",\"@id\":\"https:\\\/\\\/antaris.az\\\/m\u0259hsul\\\/plastik-kart-iki-t%c9%99r%c9%99fli\\\/#breadcrumb\",\"itemListElement\":[{\"@type\":\"ListItem\",\"position\":1,\"name\":\"Home\",\"item\":\"https:\\\/\\\/antaris.az\\\/\"},{\"@type\":\"ListItem\",\"position\":2,\"name\":\"Ma\u011faza\",\"item\":\"https:\\\/\\\/antaris.az\\\/ru\\\/shop\\\/\"},{\"@type\":\"ListItem\",\"position\":3,\"name\":\"Plastik kart iki t\u0259r\u0259fli\"}]},{\"@type\":\"WebSite\",\"@id\":\"https:\\\/\\\/antaris.az\\\/#website\",\"url\":\"https:\\\/\\\/antaris.az\\\/\",\"name\":\"Antaris\",\"description\":\"Ofis, ev, m\u0259kt\u0259b \u00fc\u00e7\u00fcn h\u0259r \u015fey\",\"publisher\":{\"@id\":\"https:\\\/\\\/antaris.az\\\/#organization\"},\"potentialAction\":[{\"@type\":\"SearchAction\",\"target\":{\"@type\":\"EntryPoint\",\"urlTemplate\":\"https:\\\/\\\/antaris.az\\\/?s={search_term_string}\"},\"query-input\":{\"@type\":\"PropertyValueSpecification\",\"valueRequired\":true,\"valueName\":\"search_term_string\"}}],\"inLanguage\":\"ru-RU\"},{\"@type\":\"Organization\",\"@id\":\"https:\\\/\\\/antaris.az\\\/#organization\",\"name\":\"Antaris QSC\",\"url\":\"https:\\\/\\\/antaris.az\\\/\",\"logo\":{\"@type\":\"ImageObject\",\"inLanguage\":\"ru-RU\",\"@id\":\"https:\\\/\\\/antaris.az\\\/#\\\/schema\\\/logo\\\/image\\\/\",\"url\":\"https:\\\/\\\/antaris.az\\\/wp-content\\\/uploads\\\/2025\\\/03\\\/Antaris-logo.png\",\"contentUrl\":\"https:\\\/\\\/antaris.az\\\/wp-content\\\/uploads\\\/2025\\\/03\\\/Antaris-logo.png\",\"width\":500,\"height\":500,\"caption\":\"Antaris QSC\"},\"image\":{\"@id\":\"https:\\\/\\\/antaris.az\\\/#\\\/schema\\\/logo\\\/image\\\/\"},\"sameAs\":[\"https:\\\/\\\/www.facebook.com\\\/antaris.az\\\/\",\"https:\\\/\\\/www.instagram.com\\\/antaris.az\\\/\"]}]}<\/script>\n<!-- \/ Yoast SEO plugin. -->","yoast_head_json":{"title":"Plastik kart iki t\u0259r\u0259fli - Antaris","robots":{"index":"index","follow":"follow","max-snippet":"max-snippet:-1","max-image-preview":"max-image-preview:large","max-video-preview":"max-video-preview:-1"},"canonical":"https:\/\/antaris.az\/ru\/m\u0259hsul\/plastik-kart-iki-t\u0259r\u0259fli\/","og_locale":"ru_RU","og_type":"article","og_title":"Plastik kart iki t\u0259r\u0259fli - Antaris","og_description":"Kart: Plastik \u00d6l\u00e7\u00fcs\u00fc: 86x54 mm \u00c7ap: \u0130ki t\u0259r\u0259fli\/ UV \u0130stehsal \u00f6lk\u0259si: Azrbaycan","og_url":"https:\/\/antaris.az\/ru\/m\u0259hsul\/plastik-kart-iki-t\u0259r\u0259fli\/","og_site_name":"Antaris","article_publisher":"https:\/\/www.facebook.com\/antaris.az\/","article_modified_time":"2024-11-26T12:55:14+00:00","og_image":[{"width":1600,"height":1600,"url":"https:\/\/antaris.az\/wp-content\/uploads\/2020\/05\/AN-00-00028147-min.jpg","type":"image\/jpeg"}],"schema":{"@context":"https:\/\/schema.org","@graph":[{"@type":"WebPage","@id":"https:\/\/antaris.az\/m\u0259hsul\/plastik-kart-iki-t%c9%99r%c9%99fli\/","url":"https:\/\/antaris.az\/m\u0259hsul\/plastik-kart-iki-t%c9%99r%c9%99fli\/","name":"Plastik kart iki t\u0259r\u0259fli - Antaris","isPartOf":{"@id":"https:\/\/antaris.az\/#website"},"primaryImageOfPage":{"@id":"https:\/\/antaris.az\/m\u0259hsul\/plastik-kart-iki-t%c9%99r%c9%99fli\/#primaryimage"},"image":{"@id":"https:\/\/antaris.az\/m\u0259hsul\/plastik-kart-iki-t%c9%99r%c9%99fli\/#primaryimage"},"thumbnailUrl":"https:\/\/antaris.az\/wp-content\/uploads\/2020\/05\/AN-00-00028147-min.jpg","datePublished":"2020-05-27T09:04:45+00:00","dateModified":"2024-11-26T12:55:14+00:00","breadcrumb":{"@id":"https:\/\/antaris.az\/m\u0259hsul\/plastik-kart-iki-t%c9%99r%c9%99fli\/#breadcrumb"},"inLanguage":"ru-RU","potentialAction":[{"@type":"ReadAction","target":["https:\/\/antaris.az\/m\u0259hsul\/plastik-kart-iki-t%c9%99r%c9%99fli\/"]}]},{"@type":"ImageObject","inLanguage":"ru-RU","@id":"https:\/\/antaris.az\/m\u0259hsul\/plastik-kart-iki-t%c9%99r%c9%99fli\/#primaryimage","url":"https:\/\/antaris.az\/wp-content\/uploads\/2020\/05\/AN-00-00028147-min.jpg","contentUrl":"https:\/\/antaris.az\/wp-content\/uploads\/2020\/05\/AN-00-00028147-min.jpg","width":1600,"height":1600,"caption":"Plastik kart iki t\u0259r\u0259fli"},{"@type":"BreadcrumbList","@id":"https:\/\/antaris.az\/m\u0259hsul\/plastik-kart-iki-t%c9%99r%c9%99fli\/#breadcrumb","itemListElement":[{"@type":"ListItem","position":1,"name":"Home","item":"https:\/\/antaris.az\/"},{"@type":"ListItem","position":2,"name":"Ma\u011faza","item":"https:\/\/antaris.az\/ru\/shop\/"},{"@type":"ListItem","position":3,"name":"Plastik kart iki t\u0259r\u0259fli"}]},{"@type":"WebSite","@id":"https:\/\/antaris.az\/#website","url":"https:\/\/antaris.az\/","name":"Antaris","description":"Ofis, ev, m\u0259kt\u0259b \u00fc\u00e7\u00fcn h\u0259r \u015fey","publisher":{"@id":"https:\/\/antaris.az\/#organization"},"potentialAction":[{"@type":"SearchAction","target":{"@type":"EntryPoint","urlTemplate":"https:\/\/antaris.az\/?s={search_term_string}"},"query-input":{"@type":"PropertyValueSpecification","valueRequired":true,"valueName":"search_term_string"}}],"inLanguage":"ru-RU"},{"@type":"Organization","@id":"https:\/\/antaris.az\/#organization","name":"\u0410\u043d\u0442\u0430\u0440\u0438\u0441 \u0417\u0410\u041e","url":"https:\/\/antaris.az\/","logo":{"@type":"ImageObject","inLanguage":"ru-RU","@id":"https:\/\/antaris.az\/#\/schema\/logo\/image\/","url":"https:\/\/antaris.az\/wp-content\/uploads\/2025\/03\/Antaris-logo.png","contentUrl":"https:\/\/antaris.az\/wp-content\/uploads\/2025\/03\/Antaris-logo.png","width":500,"height":500,"caption":"Antaris QSC"},"image":{"@id":"https:\/\/antaris.az\/#\/schema\/logo\/image\/"},"sameAs":["https:\/\/www.facebook.com\/antaris.az\/","https:\/\/www.instagram.com\/antaris.az\/"]}]}},"_links":{"self":[{"href":"https:\/\/antaris.az\/ru\/wp-json\/wp\/v2\/product\/10334","targetHints":{"allow":["GET"]}}],"collection":[{"href":"https:\/\/antaris.az\/ru\/wp-json\/wp\/v2\/product"}],"about":[{"href":"https:\/\/antaris.az\/ru\/wp-json\/wp\/v2\/types\/product"}],"version-history":[{"count":0,"href":"https:\/\/antaris.az\/ru\/wp-json\/wp\/v2\/product\/10334\/revisions"}],"wp:featuredmedia":[{"embeddable":true,"href":"https:\/\/antaris.az\/ru\/wp-json\/wp\/v2\/media\/10335"}],"wp:attachment":[{"href":"https:\/\/antaris.az\/ru\/wp-json\/wp\/v2\/media?parent=10334"}],"wp:term":[{"taxonomy":"product_brand","embeddable":true,"href":"https:\/\/antaris.az\/ru\/wp-json\/wp\/v2\/product_brand?post=10334"},{"taxonomy":"product_cat","embeddable":true,"href":"https:\/\/antaris.az\/ru\/wp-json\/wp\/v2\/product_cat?post=10334"},{"taxonomy":"product_tag","embeddable":true,"href":"https:\/\/antaris.az\/ru\/wp-json\/wp\/v2\/product_tag?post=10334"}],"curies":[{"name":"wp","href":"https:\/\/api.w.org\/{rel}","templated":true}]}}