{"id":10310,"date":"2020-05-27T09:01:57","date_gmt":"2020-05-27T06:01:57","guid":{"rendered":"http:\/\/www2.antaris.az\/?post_type=product&#038;p=10310"},"modified":"2024-11-26T16:55:15","modified_gmt":"2024-11-26T12:55:15","slug":"vizit-kart-iki-t%c9%99r%c9%99fli","status":"publish","type":"product","link":"https:\/\/antaris.az\/ru\/m\u0259hsul\/vizit-kart-iki-t%c9%99r%c9%99fli\/","title":{"rendered":"Vizit kart iki t\u0259r\u0259fli"},"content":{"rendered":"<p>Bu vizit kartlar \u0259n m\u00fck\u0259mm\u0259l se\u00e7im olacaq. \u018fks\u0259r hallarda sad\u0259lik \u0259n yax\u015f\u0131 n\u0259tic\u0259ni verir. Laminasiyalar m\u0259hsulunuza d\u0259b-d\u0259b\u0259 v\u0259 g\u00fccl\u00fc bir g\u00f6r\u00fcn\u00fc\u015f ver\u0259c\u0259kdir.<\/p>\n<p>Qeyd: \u018ftrafl\u0131 m\u0259lumat \u00fc\u00e7\u00fcn \u0259laq\u0259: Natiq \u018flizad\u0259\/ natig.alizadeh@antaris.az\/ +994 51 728 76 46<\/p>\n<p>&nbsp;<\/p>","protected":false},"excerpt":{"rendered":"<p>N\u00f6v\u00fc: Klassik<br \/>\nKa\u011f\u0131z\u0131n qal\u0131nl\u0131\u011f\u0131: 350qr<br \/>\nKa\u011f\u0131z\u0131n n\u00f6v\u00fc: Mat\/ Parlaq<br \/>\n\u00c7ap: \u0130kit\u0259r\u0259fli\/ R\u0259ngli\/ Lazer<br \/>\nLaminasiya: M\u00fcmk\u00fcnd\u00fcr\/ Mat v\u0259 ya Parlaq<br \/>\n\u0130stehsal \u00f6lk\u0259si: Az\u0259rbaycan<\/p>\n<p>Minimal Tiraj Say\u0131: 50 \u0259d<\/p>","protected":false},"featured_media":10311,"template":"","meta":{"_joinchat":[]},"product_brand":[],"product_cat":[260],"product_tag":[],"class_list":{"0":"post-10310","1":"product","2":"type-product","3":"status-publish","4":"has-post-thumbnail","6":"product_cat-vizit-kartlari","8":"first","9":"instock","10":"shipping-taxable","11":"purchasable","12":"product-type-simple"},"yoast_head":"<!-- This site is optimized with the Yoast SEO plugin v27.4 - https:\/\/yoast.com\/product\/yoast-seo-wordpress\/ -->\n<title>Vizit kart iki t\u0259r\u0259fli - Antaris<\/title>\n<meta name=\"robots\" content=\"index, follow, max-snippet:-1, max-image-preview:large, max-video-preview:-1\" \/>\n<link rel=\"canonical\" href=\"https:\/\/antaris.az\/ru\/m\u0259hsul\/vizit-kart-iki-t\u0259r\u0259fli\/\" \/>\n<meta property=\"og:locale\" content=\"ru_RU\" \/>\n<meta property=\"og:type\" content=\"article\" \/>\n<meta property=\"og:title\" content=\"Vizit kart iki t\u0259r\u0259fli - Antaris\" \/>\n<meta property=\"og:description\" content=\"N\u00f6v\u00fc: Klassik Ka\u011f\u0131z\u0131n qal\u0131nl\u0131\u011f\u0131: 350qr Ka\u011f\u0131z\u0131n n\u00f6v\u00fc: Mat\/ Parlaq \u00c7ap: \u0130kit\u0259r\u0259fli\/ R\u0259ngli\/ Lazer Laminasiya: M\u00fcmk\u00fcnd\u00fcr\/ Mat v\u0259 ya Parlaq \u0130stehsal \u00f6lk\u0259si: Az\u0259rbaycan  Minimal Tiraj Say\u0131: 50 \u0259d\" \/>\n<meta property=\"og:url\" content=\"https:\/\/antaris.az\/ru\/m\u0259hsul\/vizit-kart-iki-t\u0259r\u0259fli\/\" \/>\n<meta property=\"og:site_name\" content=\"Antaris\" \/>\n<meta property=\"article:publisher\" content=\"https:\/\/www.facebook.com\/antaris.az\/\" \/>\n<meta property=\"article:modified_time\" content=\"2024-11-26T12:55:15+00:00\" \/>\n<meta property=\"og:image\" content=\"https:\/\/antaris.az\/wp-content\/uploads\/2020\/05\/AN-00-00005121-min.jpg\" \/>\n\t<meta property=\"og:image:width\" content=\"1600\" \/>\n\t<meta property=\"og:image:height\" content=\"1600\" \/>\n\t<meta property=\"og:image:type\" content=\"image\/jpeg\" \/>\n<script type=\"application\/ld+json\" class=\"yoast-schema-graph\">{\"@context\":\"https:\\\/\\\/schema.org\",\"@graph\":[{\"@type\":\"WebPage\",\"@id\":\"https:\\\/\\\/antaris.az\\\/m\u0259hsul\\\/vizit-kart-iki-t%c9%99r%c9%99fli\\\/\",\"url\":\"https:\\\/\\\/antaris.az\\\/m\u0259hsul\\\/vizit-kart-iki-t%c9%99r%c9%99fli\\\/\",\"name\":\"Vizit kart iki t\u0259r\u0259fli - Antaris\",\"isPartOf\":{\"@id\":\"https:\\\/\\\/antaris.az\\\/#website\"},\"primaryImageOfPage\":{\"@id\":\"https:\\\/\\\/antaris.az\\\/m\u0259hsul\\\/vizit-kart-iki-t%c9%99r%c9%99fli\\\/#primaryimage\"},\"image\":{\"@id\":\"https:\\\/\\\/antaris.az\\\/m\u0259hsul\\\/vizit-kart-iki-t%c9%99r%c9%99fli\\\/#primaryimage\"},\"thumbnailUrl\":\"https:\\\/\\\/antaris.az\\\/wp-content\\\/uploads\\\/2020\\\/05\\\/AN-00-00005121-min.jpg\",\"datePublished\":\"2020-05-27T06:01:57+00:00\",\"dateModified\":\"2024-11-26T12:55:15+00:00\",\"breadcrumb\":{\"@id\":\"https:\\\/\\\/antaris.az\\\/m\u0259hsul\\\/vizit-kart-iki-t%c9%99r%c9%99fli\\\/#breadcrumb\"},\"inLanguage\":\"ru-RU\",\"potentialAction\":[{\"@type\":\"ReadAction\",\"target\":[\"https:\\\/\\\/antaris.az\\\/m\u0259hsul\\\/vizit-kart-iki-t%c9%99r%c9%99fli\\\/\"]}]},{\"@type\":\"ImageObject\",\"inLanguage\":\"ru-RU\",\"@id\":\"https:\\\/\\\/antaris.az\\\/m\u0259hsul\\\/vizit-kart-iki-t%c9%99r%c9%99fli\\\/#primaryimage\",\"url\":\"https:\\\/\\\/antaris.az\\\/wp-content\\\/uploads\\\/2020\\\/05\\\/AN-00-00005121-min.jpg\",\"contentUrl\":\"https:\\\/\\\/antaris.az\\\/wp-content\\\/uploads\\\/2020\\\/05\\\/AN-00-00005121-min.jpg\",\"width\":1600,\"height\":1600,\"caption\":\"Vizit kart iki t\u0259r\u0259fli\"},{\"@type\":\"BreadcrumbList\",\"@id\":\"https:\\\/\\\/antaris.az\\\/m\u0259hsul\\\/vizit-kart-iki-t%c9%99r%c9%99fli\\\/#breadcrumb\",\"itemListElement\":[{\"@type\":\"ListItem\",\"position\":1,\"name\":\"Home\",\"item\":\"https:\\\/\\\/antaris.az\\\/\"},{\"@type\":\"ListItem\",\"position\":2,\"name\":\"Ma\u011faza\",\"item\":\"https:\\\/\\\/antaris.az\\\/ru\\\/shop\\\/\"},{\"@type\":\"ListItem\",\"position\":3,\"name\":\"Vizit kart iki t\u0259r\u0259fli\"}]},{\"@type\":\"WebSite\",\"@id\":\"https:\\\/\\\/antaris.az\\\/#website\",\"url\":\"https:\\\/\\\/antaris.az\\\/\",\"name\":\"Antaris\",\"description\":\"Ofis, ev, m\u0259kt\u0259b \u00fc\u00e7\u00fcn h\u0259r \u015fey\",\"publisher\":{\"@id\":\"https:\\\/\\\/antaris.az\\\/#organization\"},\"potentialAction\":[{\"@type\":\"SearchAction\",\"target\":{\"@type\":\"EntryPoint\",\"urlTemplate\":\"https:\\\/\\\/antaris.az\\\/?s={search_term_string}\"},\"query-input\":{\"@type\":\"PropertyValueSpecification\",\"valueRequired\":true,\"valueName\":\"search_term_string\"}}],\"inLanguage\":\"ru-RU\"},{\"@type\":\"Organization\",\"@id\":\"https:\\\/\\\/antaris.az\\\/#organization\",\"name\":\"Antaris QSC\",\"url\":\"https:\\\/\\\/antaris.az\\\/\",\"logo\":{\"@type\":\"ImageObject\",\"inLanguage\":\"ru-RU\",\"@id\":\"https:\\\/\\\/antaris.az\\\/#\\\/schema\\\/logo\\\/image\\\/\",\"url\":\"https:\\\/\\\/antaris.az\\\/wp-content\\\/uploads\\\/2025\\\/03\\\/Antaris-logo.png\",\"contentUrl\":\"https:\\\/\\\/antaris.az\\\/wp-content\\\/uploads\\\/2025\\\/03\\\/Antaris-logo.png\",\"width\":500,\"height\":500,\"caption\":\"Antaris QSC\"},\"image\":{\"@id\":\"https:\\\/\\\/antaris.az\\\/#\\\/schema\\\/logo\\\/image\\\/\"},\"sameAs\":[\"https:\\\/\\\/www.facebook.com\\\/antaris.az\\\/\",\"https:\\\/\\\/www.instagram.com\\\/antaris.az\\\/\"]}]}<\/script>\n<!-- \/ Yoast SEO plugin. -->","yoast_head_json":{"title":"Vizit kart iki t\u0259r\u0259fli - Antaris","robots":{"index":"index","follow":"follow","max-snippet":"max-snippet:-1","max-image-preview":"max-image-preview:large","max-video-preview":"max-video-preview:-1"},"canonical":"https:\/\/antaris.az\/ru\/m\u0259hsul\/vizit-kart-iki-t\u0259r\u0259fli\/","og_locale":"ru_RU","og_type":"article","og_title":"Vizit kart iki t\u0259r\u0259fli - Antaris","og_description":"N\u00f6v\u00fc: Klassik Ka\u011f\u0131z\u0131n qal\u0131nl\u0131\u011f\u0131: 350qr Ka\u011f\u0131z\u0131n n\u00f6v\u00fc: Mat\/ Parlaq \u00c7ap: \u0130kit\u0259r\u0259fli\/ R\u0259ngli\/ Lazer Laminasiya: M\u00fcmk\u00fcnd\u00fcr\/ Mat v\u0259 ya Parlaq \u0130stehsal \u00f6lk\u0259si: Az\u0259rbaycan  Minimal Tiraj Say\u0131: 50 \u0259d","og_url":"https:\/\/antaris.az\/ru\/m\u0259hsul\/vizit-kart-iki-t\u0259r\u0259fli\/","og_site_name":"Antaris","article_publisher":"https:\/\/www.facebook.com\/antaris.az\/","article_modified_time":"2024-11-26T12:55:15+00:00","og_image":[{"width":1600,"height":1600,"url":"https:\/\/antaris.az\/wp-content\/uploads\/2020\/05\/AN-00-00005121-min.jpg","type":"image\/jpeg"}],"schema":{"@context":"https:\/\/schema.org","@graph":[{"@type":"WebPage","@id":"https:\/\/antaris.az\/m\u0259hsul\/vizit-kart-iki-t%c9%99r%c9%99fli\/","url":"https:\/\/antaris.az\/m\u0259hsul\/vizit-kart-iki-t%c9%99r%c9%99fli\/","name":"Vizit kart iki t\u0259r\u0259fli - Antaris","isPartOf":{"@id":"https:\/\/antaris.az\/#website"},"primaryImageOfPage":{"@id":"https:\/\/antaris.az\/m\u0259hsul\/vizit-kart-iki-t%c9%99r%c9%99fli\/#primaryimage"},"image":{"@id":"https:\/\/antaris.az\/m\u0259hsul\/vizit-kart-iki-t%c9%99r%c9%99fli\/#primaryimage"},"thumbnailUrl":"https:\/\/antaris.az\/wp-content\/uploads\/2020\/05\/AN-00-00005121-min.jpg","datePublished":"2020-05-27T06:01:57+00:00","dateModified":"2024-11-26T12:55:15+00:00","breadcrumb":{"@id":"https:\/\/antaris.az\/m\u0259hsul\/vizit-kart-iki-t%c9%99r%c9%99fli\/#breadcrumb"},"inLanguage":"ru-RU","potentialAction":[{"@type":"ReadAction","target":["https:\/\/antaris.az\/m\u0259hsul\/vizit-kart-iki-t%c9%99r%c9%99fli\/"]}]},{"@type":"ImageObject","inLanguage":"ru-RU","@id":"https:\/\/antaris.az\/m\u0259hsul\/vizit-kart-iki-t%c9%99r%c9%99fli\/#primaryimage","url":"https:\/\/antaris.az\/wp-content\/uploads\/2020\/05\/AN-00-00005121-min.jpg","contentUrl":"https:\/\/antaris.az\/wp-content\/uploads\/2020\/05\/AN-00-00005121-min.jpg","width":1600,"height":1600,"caption":"Vizit kart iki t\u0259r\u0259fli"},{"@type":"BreadcrumbList","@id":"https:\/\/antaris.az\/m\u0259hsul\/vizit-kart-iki-t%c9%99r%c9%99fli\/#breadcrumb","itemListElement":[{"@type":"ListItem","position":1,"name":"Home","item":"https:\/\/antaris.az\/"},{"@type":"ListItem","position":2,"name":"Ma\u011faza","item":"https:\/\/antaris.az\/ru\/shop\/"},{"@type":"ListItem","position":3,"name":"Vizit kart iki t\u0259r\u0259fli"}]},{"@type":"WebSite","@id":"https:\/\/antaris.az\/#website","url":"https:\/\/antaris.az\/","name":"Antaris","description":"Ofis, ev, m\u0259kt\u0259b \u00fc\u00e7\u00fcn h\u0259r \u015fey","publisher":{"@id":"https:\/\/antaris.az\/#organization"},"potentialAction":[{"@type":"SearchAction","target":{"@type":"EntryPoint","urlTemplate":"https:\/\/antaris.az\/?s={search_term_string}"},"query-input":{"@type":"PropertyValueSpecification","valueRequired":true,"valueName":"search_term_string"}}],"inLanguage":"ru-RU"},{"@type":"Organization","@id":"https:\/\/antaris.az\/#organization","name":"\u0410\u043d\u0442\u0430\u0440\u0438\u0441 \u0417\u0410\u041e","url":"https:\/\/antaris.az\/","logo":{"@type":"ImageObject","inLanguage":"ru-RU","@id":"https:\/\/antaris.az\/#\/schema\/logo\/image\/","url":"https:\/\/antaris.az\/wp-content\/uploads\/2025\/03\/Antaris-logo.png","contentUrl":"https:\/\/antaris.az\/wp-content\/uploads\/2025\/03\/Antaris-logo.png","width":500,"height":500,"caption":"Antaris QSC"},"image":{"@id":"https:\/\/antaris.az\/#\/schema\/logo\/image\/"},"sameAs":["https:\/\/www.facebook.com\/antaris.az\/","https:\/\/www.instagram.com\/antaris.az\/"]}]}},"_links":{"self":[{"href":"https:\/\/antaris.az\/ru\/wp-json\/wp\/v2\/product\/10310","targetHints":{"allow":["GET"]}}],"collection":[{"href":"https:\/\/antaris.az\/ru\/wp-json\/wp\/v2\/product"}],"about":[{"href":"https:\/\/antaris.az\/ru\/wp-json\/wp\/v2\/types\/product"}],"version-history":[{"count":0,"href":"https:\/\/antaris.az\/ru\/wp-json\/wp\/v2\/product\/10310\/revisions"}],"wp:featuredmedia":[{"embeddable":true,"href":"https:\/\/antaris.az\/ru\/wp-json\/wp\/v2\/media\/10311"}],"wp:attachment":[{"href":"https:\/\/antaris.az\/ru\/wp-json\/wp\/v2\/media?parent=10310"}],"wp:term":[{"taxonomy":"product_brand","embeddable":true,"href":"https:\/\/antaris.az\/ru\/wp-json\/wp\/v2\/product_brand?post=10310"},{"taxonomy":"product_cat","embeddable":true,"href":"https:\/\/antaris.az\/ru\/wp-json\/wp\/v2\/product_cat?post=10310"},{"taxonomy":"product_tag","embeddable":true,"href":"https:\/\/antaris.az\/ru\/wp-json\/wp\/v2\/product_tag?post=10310"}],"curies":[{"name":"wp","href":"https:\/\/api.w.org\/{rel}","templated":true}]}}