{"id":10289,"date":"2020-05-26T20:53:26","date_gmt":"2020-05-26T17:53:26","guid":{"rendered":"http:\/\/www2.antaris.az\/?post_type=product&#038;p=10289"},"modified":"2024-11-26T16:55:15","modified_gmt":"2024-11-26T12:55:15","slug":"bloknot-powerbank-il%c9%99-cohesion","status":"publish","type":"product","link":"https:\/\/antaris.az\/ru\/m\u0259hsul\/bloknot-powerbank-il%c9%99-cohesion\/","title":{"rendered":"Bloknot powerbank il\u0259 Cohesion"},"content":{"rendered":"<p>Bloknot par\u00e7a effetktli materialdan haz\u0131rlan\u0131b. Qapaq maqnitl\u0259 ba\u011flan\u0131r v\u0259 \u00fcz\u0259rind\u0259 lazerl\u0259 c\u0131zma edil\u0259 bil\u0259n i\u015fiql\u0131 qara \u00e7\u0259r\u00e7iv\u0259 var. Qapaq daxilin\u0259 4000mah g\u00fcc\u00fcnd\u0259 powerbank qoyulub (bloknota qeydl\u0259r yazmaqla yana\u015f\u0131 telefona enerji il\u0259 t\u0259min etm\u0259k imkan\u0131 var). \u0130\u00e7 t\u0259r\u0259fd\u0259 USB kabel, vizitkart, telefon v\u0259 s\u0259n\u0259d qoymaq \u00fc\u00e7\u00fcn cibl\u0259r v\u0259 telefon \u00fc\u00e7\u00fcn dayaq rolunu oynayan aksesuar var. \u0130\u00e7ind\u0259ki bloknot bitdikd\u0259n sonra d\u0259yi\u015fdiril\u0259 bil\u0259r. D\u00fcz x\u0259ttli v\u0259r\u0259ql\u0259r g\u00f6z yormayan x\u00fcsusi sar\u0131mt\u0131l ka\u011f\u0131zdan haz\u0131rlan\u0131b, h\u0259r v\u0259r\u0259qd\u0259 tarix yazmaq \u00fc\u00e7\u00fcn qeyd yeri var. Qiym\u0259t\u0259 lazer c\u0131zma il\u0259 loqo vurulmas\u0131 daxildir.<\/p>\n<p>QEYD: Bu m\u0259hsullar \u00fcz\u0259rin\u0259 sizin loqo vurula bil\u0259r, bunun \u00fc\u00e7\u00fcn biziml\u0259 \u0259laq\u0259 saxlay\u0131n. Qiym\u0259t saydan, \u00f6l\u00e7\u00fcd\u0259n v\u0259 \u00e7ap r\u0259nginin say\u0131ndan as\u0131l\u0131 oldu\u011fundan qiym\u0259tl\u0259r standard deyil v\u0259 h\u0259r sifari\u015f \u00fc\u00e7\u00fcn ayr\u0131ca hesablan\u0131r. \u018flaq\u0259 \u00fc\u00e7\u00fcn: Emil \u0130sayev\/ emil.isayev@antaris.az\/ +994 12 440 13 43 (daxili 169).<\/p>\n<p>&nbsp;<\/p>\n<p>&nbsp;<\/p>","protected":false},"excerpt":{"rendered":"<p>\u00d6l\u00e7\u00fcl\u0259ri: 17x24sm,<br \/>\nBloknot \u00f6l\u00e7\u00fcl\u0259ri: 15x21sm,<br \/>\nV\u0259r\u0259q say\u0131: 100,|<br \/>\n\u00c7ap \u00fcsulu: Lazer c\u0131zma\/ UV\/\u00a0 Trafaret,<br \/>\nTicar\u0259t markas\u0131: Cohesion,<br \/>\n\u0130stehsal\u00e7\u0131 \u00f6lk\u0259: \u00c7in.<\/p>","protected":false},"featured_media":10290,"template":"","meta":{"_joinchat":[]},"product_brand":[],"product_cat":[416],"product_tag":[],"class_list":{"0":"post-10289","1":"product","2":"type-product","3":"status-publish","4":"has-post-thumbnail","6":"product_cat-bloknot-2","8":"first","9":"outofstock","10":"shipping-taxable","11":"purchasable","12":"product-type-simple"},"yoast_head":"<!-- This site is optimized with the Yoast SEO plugin v27.4 - https:\/\/yoast.com\/product\/yoast-seo-wordpress\/ -->\n<title>Bloknot powerbank il\u0259 Cohesion - Antaris<\/title>\n<meta name=\"robots\" content=\"index, follow, max-snippet:-1, max-image-preview:large, max-video-preview:-1\" \/>\n<link rel=\"canonical\" href=\"https:\/\/antaris.az\/ru\/m\u0259hsul\/bloknot-powerbank-il\u0259-cohesion\/\" \/>\n<meta property=\"og:locale\" content=\"ru_RU\" \/>\n<meta property=\"og:type\" content=\"article\" \/>\n<meta property=\"og:title\" content=\"Bloknot powerbank il\u0259 Cohesion - Antaris\" \/>\n<meta property=\"og:description\" content=\"\u00d6l\u00e7\u00fcl\u0259ri: 17x24sm, Bloknot \u00f6l\u00e7\u00fcl\u0259ri: 15x21sm, V\u0259r\u0259q say\u0131: 100,| \u00c7ap \u00fcsulu: Lazer c\u0131zma\/ UV\/\u00a0 Trafaret, Ticar\u0259t markas\u0131: Cohesion, \u0130stehsal\u00e7\u0131 \u00f6lk\u0259: \u00c7in.\" \/>\n<meta property=\"og:url\" content=\"https:\/\/antaris.az\/ru\/m\u0259hsul\/bloknot-powerbank-il\u0259-cohesion\/\" \/>\n<meta property=\"og:site_name\" content=\"Antaris\" \/>\n<meta property=\"article:publisher\" content=\"https:\/\/www.facebook.com\/antaris.az\/\" \/>\n<meta property=\"article:modified_time\" content=\"2024-11-26T12:55:15+00:00\" \/>\n<meta property=\"og:image\" content=\"https:\/\/antaris.az\/wp-content\/uploads\/2020\/05\/Bloknot-4000mah-powerbank-il\u0259.jpg\" \/>\n\t<meta property=\"og:image:width\" content=\"800\" \/>\n\t<meta property=\"og:image:height\" content=\"800\" \/>\n\t<meta property=\"og:image:type\" content=\"image\/jpeg\" \/>\n<script type=\"application\/ld+json\" class=\"yoast-schema-graph\">{\"@context\":\"https:\\\/\\\/schema.org\",\"@graph\":[{\"@type\":\"WebPage\",\"@id\":\"https:\\\/\\\/antaris.az\\\/m\u0259hsul\\\/bloknot-powerbank-il%c9%99-cohesion\\\/\",\"url\":\"https:\\\/\\\/antaris.az\\\/m\u0259hsul\\\/bloknot-powerbank-il%c9%99-cohesion\\\/\",\"name\":\"Bloknot powerbank il\u0259 Cohesion - Antaris\",\"isPartOf\":{\"@id\":\"https:\\\/\\\/antaris.az\\\/#website\"},\"primaryImageOfPage\":{\"@id\":\"https:\\\/\\\/antaris.az\\\/m\u0259hsul\\\/bloknot-powerbank-il%c9%99-cohesion\\\/#primaryimage\"},\"image\":{\"@id\":\"https:\\\/\\\/antaris.az\\\/m\u0259hsul\\\/bloknot-powerbank-il%c9%99-cohesion\\\/#primaryimage\"},\"thumbnailUrl\":\"https:\\\/\\\/antaris.az\\\/wp-content\\\/uploads\\\/2020\\\/05\\\/Bloknot-4000mah-powerbank-il\u0259.jpg\",\"datePublished\":\"2020-05-26T17:53:26+00:00\",\"dateModified\":\"2024-11-26T12:55:15+00:00\",\"breadcrumb\":{\"@id\":\"https:\\\/\\\/antaris.az\\\/m\u0259hsul\\\/bloknot-powerbank-il%c9%99-cohesion\\\/#breadcrumb\"},\"inLanguage\":\"ru-RU\",\"potentialAction\":[{\"@type\":\"ReadAction\",\"target\":[\"https:\\\/\\\/antaris.az\\\/m\u0259hsul\\\/bloknot-powerbank-il%c9%99-cohesion\\\/\"]}]},{\"@type\":\"ImageObject\",\"inLanguage\":\"ru-RU\",\"@id\":\"https:\\\/\\\/antaris.az\\\/m\u0259hsul\\\/bloknot-powerbank-il%c9%99-cohesion\\\/#primaryimage\",\"url\":\"https:\\\/\\\/antaris.az\\\/wp-content\\\/uploads\\\/2020\\\/05\\\/Bloknot-4000mah-powerbank-il\u0259.jpg\",\"contentUrl\":\"https:\\\/\\\/antaris.az\\\/wp-content\\\/uploads\\\/2020\\\/05\\\/Bloknot-4000mah-powerbank-il\u0259.jpg\",\"width\":800,\"height\":800,\"caption\":\"Bloknot powerbank il\u0259 Cohesion\"},{\"@type\":\"BreadcrumbList\",\"@id\":\"https:\\\/\\\/antaris.az\\\/m\u0259hsul\\\/bloknot-powerbank-il%c9%99-cohesion\\\/#breadcrumb\",\"itemListElement\":[{\"@type\":\"ListItem\",\"position\":1,\"name\":\"Home\",\"item\":\"https:\\\/\\\/antaris.az\\\/\"},{\"@type\":\"ListItem\",\"position\":2,\"name\":\"Ma\u011faza\",\"item\":\"https:\\\/\\\/antaris.az\\\/ru\\\/shop\\\/\"},{\"@type\":\"ListItem\",\"position\":3,\"name\":\"Bloknot powerbank il\u0259 Cohesion\"}]},{\"@type\":\"WebSite\",\"@id\":\"https:\\\/\\\/antaris.az\\\/#website\",\"url\":\"https:\\\/\\\/antaris.az\\\/\",\"name\":\"Antaris\",\"description\":\"Ofis, ev, m\u0259kt\u0259b \u00fc\u00e7\u00fcn h\u0259r \u015fey\",\"publisher\":{\"@id\":\"https:\\\/\\\/antaris.az\\\/#organization\"},\"potentialAction\":[{\"@type\":\"SearchAction\",\"target\":{\"@type\":\"EntryPoint\",\"urlTemplate\":\"https:\\\/\\\/antaris.az\\\/?s={search_term_string}\"},\"query-input\":{\"@type\":\"PropertyValueSpecification\",\"valueRequired\":true,\"valueName\":\"search_term_string\"}}],\"inLanguage\":\"ru-RU\"},{\"@type\":\"Organization\",\"@id\":\"https:\\\/\\\/antaris.az\\\/#organization\",\"name\":\"Antaris QSC\",\"url\":\"https:\\\/\\\/antaris.az\\\/\",\"logo\":{\"@type\":\"ImageObject\",\"inLanguage\":\"ru-RU\",\"@id\":\"https:\\\/\\\/antaris.az\\\/#\\\/schema\\\/logo\\\/image\\\/\",\"url\":\"https:\\\/\\\/antaris.az\\\/wp-content\\\/uploads\\\/2025\\\/03\\\/Antaris-logo.png\",\"contentUrl\":\"https:\\\/\\\/antaris.az\\\/wp-content\\\/uploads\\\/2025\\\/03\\\/Antaris-logo.png\",\"width\":500,\"height\":500,\"caption\":\"Antaris QSC\"},\"image\":{\"@id\":\"https:\\\/\\\/antaris.az\\\/#\\\/schema\\\/logo\\\/image\\\/\"},\"sameAs\":[\"https:\\\/\\\/www.facebook.com\\\/antaris.az\\\/\",\"https:\\\/\\\/www.instagram.com\\\/antaris.az\\\/\"]}]}<\/script>\n<!-- \/ Yoast SEO plugin. -->","yoast_head_json":{"title":"Bloknot powerbank il\u0259 Cohesion - Antaris","robots":{"index":"index","follow":"follow","max-snippet":"max-snippet:-1","max-image-preview":"max-image-preview:large","max-video-preview":"max-video-preview:-1"},"canonical":"https:\/\/antaris.az\/ru\/m\u0259hsul\/bloknot-powerbank-il\u0259-cohesion\/","og_locale":"ru_RU","og_type":"article","og_title":"Bloknot powerbank il\u0259 Cohesion - Antaris","og_description":"\u00d6l\u00e7\u00fcl\u0259ri: 17x24sm, Bloknot \u00f6l\u00e7\u00fcl\u0259ri: 15x21sm, V\u0259r\u0259q say\u0131: 100,| \u00c7ap \u00fcsulu: Lazer c\u0131zma\/ UV\/\u00a0 Trafaret, Ticar\u0259t markas\u0131: Cohesion, \u0130stehsal\u00e7\u0131 \u00f6lk\u0259: \u00c7in.","og_url":"https:\/\/antaris.az\/ru\/m\u0259hsul\/bloknot-powerbank-il\u0259-cohesion\/","og_site_name":"Antaris","article_publisher":"https:\/\/www.facebook.com\/antaris.az\/","article_modified_time":"2024-11-26T12:55:15+00:00","og_image":[{"width":800,"height":800,"url":"https:\/\/antaris.az\/wp-content\/uploads\/2020\/05\/Bloknot-4000mah-powerbank-il\u0259.jpg","type":"image\/jpeg"}],"schema":{"@context":"https:\/\/schema.org","@graph":[{"@type":"WebPage","@id":"https:\/\/antaris.az\/m\u0259hsul\/bloknot-powerbank-il%c9%99-cohesion\/","url":"https:\/\/antaris.az\/m\u0259hsul\/bloknot-powerbank-il%c9%99-cohesion\/","name":"Bloknot powerbank il\u0259 Cohesion - Antaris","isPartOf":{"@id":"https:\/\/antaris.az\/#website"},"primaryImageOfPage":{"@id":"https:\/\/antaris.az\/m\u0259hsul\/bloknot-powerbank-il%c9%99-cohesion\/#primaryimage"},"image":{"@id":"https:\/\/antaris.az\/m\u0259hsul\/bloknot-powerbank-il%c9%99-cohesion\/#primaryimage"},"thumbnailUrl":"https:\/\/antaris.az\/wp-content\/uploads\/2020\/05\/Bloknot-4000mah-powerbank-il\u0259.jpg","datePublished":"2020-05-26T17:53:26+00:00","dateModified":"2024-11-26T12:55:15+00:00","breadcrumb":{"@id":"https:\/\/antaris.az\/m\u0259hsul\/bloknot-powerbank-il%c9%99-cohesion\/#breadcrumb"},"inLanguage":"ru-RU","potentialAction":[{"@type":"ReadAction","target":["https:\/\/antaris.az\/m\u0259hsul\/bloknot-powerbank-il%c9%99-cohesion\/"]}]},{"@type":"ImageObject","inLanguage":"ru-RU","@id":"https:\/\/antaris.az\/m\u0259hsul\/bloknot-powerbank-il%c9%99-cohesion\/#primaryimage","url":"https:\/\/antaris.az\/wp-content\/uploads\/2020\/05\/Bloknot-4000mah-powerbank-il\u0259.jpg","contentUrl":"https:\/\/antaris.az\/wp-content\/uploads\/2020\/05\/Bloknot-4000mah-powerbank-il\u0259.jpg","width":800,"height":800,"caption":"Bloknot powerbank il\u0259 Cohesion"},{"@type":"BreadcrumbList","@id":"https:\/\/antaris.az\/m\u0259hsul\/bloknot-powerbank-il%c9%99-cohesion\/#breadcrumb","itemListElement":[{"@type":"ListItem","position":1,"name":"Home","item":"https:\/\/antaris.az\/"},{"@type":"ListItem","position":2,"name":"Ma\u011faza","item":"https:\/\/antaris.az\/ru\/shop\/"},{"@type":"ListItem","position":3,"name":"Bloknot powerbank il\u0259 Cohesion"}]},{"@type":"WebSite","@id":"https:\/\/antaris.az\/#website","url":"https:\/\/antaris.az\/","name":"Antaris","description":"Ofis, ev, m\u0259kt\u0259b \u00fc\u00e7\u00fcn h\u0259r \u015fey","publisher":{"@id":"https:\/\/antaris.az\/#organization"},"potentialAction":[{"@type":"SearchAction","target":{"@type":"EntryPoint","urlTemplate":"https:\/\/antaris.az\/?s={search_term_string}"},"query-input":{"@type":"PropertyValueSpecification","valueRequired":true,"valueName":"search_term_string"}}],"inLanguage":"ru-RU"},{"@type":"Organization","@id":"https:\/\/antaris.az\/#organization","name":"\u0410\u043d\u0442\u0430\u0440\u0438\u0441 \u0417\u0410\u041e","url":"https:\/\/antaris.az\/","logo":{"@type":"ImageObject","inLanguage":"ru-RU","@id":"https:\/\/antaris.az\/#\/schema\/logo\/image\/","url":"https:\/\/antaris.az\/wp-content\/uploads\/2025\/03\/Antaris-logo.png","contentUrl":"https:\/\/antaris.az\/wp-content\/uploads\/2025\/03\/Antaris-logo.png","width":500,"height":500,"caption":"Antaris QSC"},"image":{"@id":"https:\/\/antaris.az\/#\/schema\/logo\/image\/"},"sameAs":["https:\/\/www.facebook.com\/antaris.az\/","https:\/\/www.instagram.com\/antaris.az\/"]}]}},"_links":{"self":[{"href":"https:\/\/antaris.az\/ru\/wp-json\/wp\/v2\/product\/10289","targetHints":{"allow":["GET"]}}],"collection":[{"href":"https:\/\/antaris.az\/ru\/wp-json\/wp\/v2\/product"}],"about":[{"href":"https:\/\/antaris.az\/ru\/wp-json\/wp\/v2\/types\/product"}],"version-history":[{"count":0,"href":"https:\/\/antaris.az\/ru\/wp-json\/wp\/v2\/product\/10289\/revisions"}],"wp:featuredmedia":[{"embeddable":true,"href":"https:\/\/antaris.az\/ru\/wp-json\/wp\/v2\/media\/10290"}],"wp:attachment":[{"href":"https:\/\/antaris.az\/ru\/wp-json\/wp\/v2\/media?parent=10289"}],"wp:term":[{"taxonomy":"product_brand","embeddable":true,"href":"https:\/\/antaris.az\/ru\/wp-json\/wp\/v2\/product_brand?post=10289"},{"taxonomy":"product_cat","embeddable":true,"href":"https:\/\/antaris.az\/ru\/wp-json\/wp\/v2\/product_cat?post=10289"},{"taxonomy":"product_tag","embeddable":true,"href":"https:\/\/antaris.az\/ru\/wp-json\/wp\/v2\/product_tag?post=10289"}],"curies":[{"name":"wp","href":"https:\/\/api.w.org\/{rel}","templated":true}]}}