{"id":10254,"date":"2020-05-26T07:09:49","date_gmt":"2020-05-26T04:09:49","guid":{"rendered":"http:\/\/www2.antaris.az\/?post_type=product&#038;p=10254"},"modified":"2024-11-26T16:55:16","modified_gmt":"2024-11-26T12:55:16","slug":"bloknot-ustd%c9%99n-spiralli-a5","status":"publish","type":"product","link":"https:\/\/antaris.az\/ru\/m\u0259hsul\/bloknot-ustd%c9%99n-spiralli-a5\/","title":{"rendered":"Bloknot \u00fcstd\u0259n spirall\u0131 A5"},"content":{"rendered":"<p>X\u00fcsusi sifari\u015fl\u0259 haz\u0131rlan\u0131r, i\u00e7 v\u0259r\u0259ql\u0259r 80 mq ofset ka\u011f\u0131z\u0131ndan, qapaq 300 mq kartondan haz\u0131rlan\u0131r. \u0130\u00e7 blok 1 t\u0259r\u0259fli 2 r\u0259ng \u00e7ap olunur, 50 v\u0259r\u0259qd\u0259n ibar\u0259tdir. \u00dcst hiss\u0259d\u0259n metal spiral vurulur.<\/p>\n<p>QEYD: Bu m\u0259hsullar \u00fcz\u0259rin\u0259 sizin loqo vurula bil\u0259r, bunun \u00fc\u00e7\u00fcn biziml\u0259 \u0259laq\u0259 saxlay\u0131n. Qiym\u0259t saydan, \u00f6l\u00e7\u00fcd\u0259n v\u0259 \u00e7ap r\u0259nginin say\u0131ndan as\u0131l\u0131 oldu\u011fundan qiym\u0259tl\u0259r standard deyil v\u0259 h\u0259r sifari\u015f \u00fc\u00e7\u00fcn ayr\u0131ca hesablan\u0131r. \u018flaq\u0259 \u00fc\u00e7\u00fcn: Emil \u0130sayev\/ emil.isayev@antaris.az\/ +994 12 440 13 43 (daxili 169).<\/p>\n<p>&nbsp;<\/p>","protected":false},"excerpt":{"rendered":"<p>V\u0259r\u0259q n\u00f6v\u00fc: A5<br \/>\nV\u0259r\u0259q say\u0131: 50<br \/>\nMinimal sifari\u015f say\u0131: 100\u0259d\u0259d<br \/>\n\u00d6l\u00e7\u00fc: 148&#215;210 mm<br \/>\n\u00c7ap \u00fcsulu: Ofset<br \/>\nTicar\u0259t markas\u0131: Antaris<br \/>\n\u0130stehsal \u00f6lk\u0259si: Az\u0259rbaycan<\/p>","protected":false},"featured_media":10255,"template":"","meta":{"_joinchat":[]},"product_brand":[],"product_cat":[547],"product_tag":[],"class_list":{"0":"post-10254","1":"product","2":"type-product","3":"status-publish","4":"has-post-thumbnail","6":"product_cat-bloknot-3","8":"first","9":"outofstock","10":"shipping-taxable","11":"purchasable","12":"product-type-simple"},"yoast_head":"<!-- This site is optimized with the Yoast SEO plugin v27.4 - https:\/\/yoast.com\/product\/yoast-seo-wordpress\/ -->\n<title>Bloknot \u00fcstd\u0259n spirall\u0131 A5 - Antaris<\/title>\n<meta name=\"robots\" content=\"index, follow, max-snippet:-1, max-image-preview:large, max-video-preview:-1\" \/>\n<link rel=\"canonical\" href=\"https:\/\/antaris.az\/ru\/m\u0259hsul\/bloknot-ustd\u0259n-spiralli-a5\/\" \/>\n<meta property=\"og:locale\" content=\"ru_RU\" \/>\n<meta property=\"og:type\" content=\"article\" \/>\n<meta property=\"og:title\" content=\"Bloknot \u00fcstd\u0259n spirall\u0131 A5 - Antaris\" \/>\n<meta property=\"og:description\" content=\"V\u0259r\u0259q n\u00f6v\u00fc: A5 V\u0259r\u0259q say\u0131: 50 Minimal sifari\u015f say\u0131: 100\u0259d\u0259d \u00d6l\u00e7\u00fc: 148x210 mm \u00c7ap \u00fcsulu: Ofset Ticar\u0259t markas\u0131: Antaris \u0130stehsal \u00f6lk\u0259si: Az\u0259rbaycan\" \/>\n<meta property=\"og:url\" content=\"https:\/\/antaris.az\/ru\/m\u0259hsul\/bloknot-ustd\u0259n-spiralli-a5\/\" \/>\n<meta property=\"og:site_name\" content=\"Antaris\" \/>\n<meta property=\"article:publisher\" content=\"https:\/\/www.facebook.com\/antaris.az\/\" \/>\n<meta property=\"article:modified_time\" content=\"2024-11-26T12:55:16+00:00\" \/>\n<meta property=\"og:image\" content=\"https:\/\/antaris.az\/wp-content\/uploads\/2020\/05\/AN-00-00007661-Bloknot-\u00fcstd\u0259n-spirall\u0131-50v-148x210mm-A5.jpg\" \/>\n\t<meta property=\"og:image:width\" content=\"800\" \/>\n\t<meta property=\"og:image:height\" content=\"800\" \/>\n\t<meta property=\"og:image:type\" content=\"image\/jpeg\" \/>\n<script type=\"application\/ld+json\" class=\"yoast-schema-graph\">{\"@context\":\"https:\\\/\\\/schema.org\",\"@graph\":[{\"@type\":\"WebPage\",\"@id\":\"https:\\\/\\\/antaris.az\\\/ru\\\/m\u0259hsul\\\/bloknot-ustd%c9%99n-spiralli-a5\\\/\",\"url\":\"https:\\\/\\\/antaris.az\\\/ru\\\/m\u0259hsul\\\/bloknot-ustd%c9%99n-spiralli-a5\\\/\",\"name\":\"Bloknot \u00fcstd\u0259n spirall\u0131 A5 - Antaris\",\"isPartOf\":{\"@id\":\"https:\\\/\\\/antaris.az\\\/#website\"},\"primaryImageOfPage\":{\"@id\":\"https:\\\/\\\/antaris.az\\\/ru\\\/m\u0259hsul\\\/bloknot-ustd%c9%99n-spiralli-a5\\\/#primaryimage\"},\"image\":{\"@id\":\"https:\\\/\\\/antaris.az\\\/ru\\\/m\u0259hsul\\\/bloknot-ustd%c9%99n-spiralli-a5\\\/#primaryimage\"},\"thumbnailUrl\":\"https:\\\/\\\/antaris.az\\\/wp-content\\\/uploads\\\/2020\\\/05\\\/AN-00-00007661-Bloknot-\u00fcstd\u0259n-spirall\u0131-50v-148x210mm-A5.jpg\",\"datePublished\":\"2020-05-26T04:09:49+00:00\",\"dateModified\":\"2024-11-26T12:55:16+00:00\",\"breadcrumb\":{\"@id\":\"https:\\\/\\\/antaris.az\\\/ru\\\/m\u0259hsul\\\/bloknot-ustd%c9%99n-spiralli-a5\\\/#breadcrumb\"},\"inLanguage\":\"ru-RU\",\"potentialAction\":[{\"@type\":\"ReadAction\",\"target\":[\"https:\\\/\\\/antaris.az\\\/ru\\\/m\u0259hsul\\\/bloknot-ustd%c9%99n-spiralli-a5\\\/\"]}]},{\"@type\":\"ImageObject\",\"inLanguage\":\"ru-RU\",\"@id\":\"https:\\\/\\\/antaris.az\\\/ru\\\/m\u0259hsul\\\/bloknot-ustd%c9%99n-spiralli-a5\\\/#primaryimage\",\"url\":\"https:\\\/\\\/antaris.az\\\/wp-content\\\/uploads\\\/2020\\\/05\\\/AN-00-00007661-Bloknot-\u00fcstd\u0259n-spirall\u0131-50v-148x210mm-A5.jpg\",\"contentUrl\":\"https:\\\/\\\/antaris.az\\\/wp-content\\\/uploads\\\/2020\\\/05\\\/AN-00-00007661-Bloknot-\u00fcstd\u0259n-spirall\u0131-50v-148x210mm-A5.jpg\",\"width\":800,\"height\":800,\"caption\":\"Bloknot \u00fcstd\u0259n spirall\u0131 50v 148x210mm (A5)\"},{\"@type\":\"BreadcrumbList\",\"@id\":\"https:\\\/\\\/antaris.az\\\/ru\\\/m\u0259hsul\\\/bloknot-ustd%c9%99n-spiralli-a5\\\/#breadcrumb\",\"itemListElement\":[{\"@type\":\"ListItem\",\"position\":1,\"name\":\"Home\",\"item\":\"https:\\\/\\\/antaris.az\\\/\"},{\"@type\":\"ListItem\",\"position\":2,\"name\":\"Ma\u011faza\",\"item\":\"https:\\\/\\\/antaris.az\\\/ru\\\/shop\\\/\"},{\"@type\":\"ListItem\",\"position\":3,\"name\":\"Bloknot \u00fcstd\u0259n spirall\u0131 A5\"}]},{\"@type\":\"WebSite\",\"@id\":\"https:\\\/\\\/antaris.az\\\/#website\",\"url\":\"https:\\\/\\\/antaris.az\\\/\",\"name\":\"Antaris\",\"description\":\"Ofis, ev, m\u0259kt\u0259b \u00fc\u00e7\u00fcn h\u0259r \u015fey\",\"publisher\":{\"@id\":\"https:\\\/\\\/antaris.az\\\/#organization\"},\"potentialAction\":[{\"@type\":\"SearchAction\",\"target\":{\"@type\":\"EntryPoint\",\"urlTemplate\":\"https:\\\/\\\/antaris.az\\\/?s={search_term_string}\"},\"query-input\":{\"@type\":\"PropertyValueSpecification\",\"valueRequired\":true,\"valueName\":\"search_term_string\"}}],\"inLanguage\":\"ru-RU\"},{\"@type\":\"Organization\",\"@id\":\"https:\\\/\\\/antaris.az\\\/#organization\",\"name\":\"Antaris QSC\",\"url\":\"https:\\\/\\\/antaris.az\\\/\",\"logo\":{\"@type\":\"ImageObject\",\"inLanguage\":\"ru-RU\",\"@id\":\"https:\\\/\\\/antaris.az\\\/#\\\/schema\\\/logo\\\/image\\\/\",\"url\":\"https:\\\/\\\/antaris.az\\\/wp-content\\\/uploads\\\/2025\\\/03\\\/Antaris-logo.png\",\"contentUrl\":\"https:\\\/\\\/antaris.az\\\/wp-content\\\/uploads\\\/2025\\\/03\\\/Antaris-logo.png\",\"width\":500,\"height\":500,\"caption\":\"Antaris QSC\"},\"image\":{\"@id\":\"https:\\\/\\\/antaris.az\\\/#\\\/schema\\\/logo\\\/image\\\/\"},\"sameAs\":[\"https:\\\/\\\/www.facebook.com\\\/antaris.az\\\/\",\"https:\\\/\\\/www.instagram.com\\\/antaris.az\\\/\"]}]}<\/script>\n<!-- \/ Yoast SEO plugin. -->","yoast_head_json":{"title":"Bloknot \u00fcstd\u0259n spirall\u0131 A5 - Antaris","robots":{"index":"index","follow":"follow","max-snippet":"max-snippet:-1","max-image-preview":"max-image-preview:large","max-video-preview":"max-video-preview:-1"},"canonical":"https:\/\/antaris.az\/ru\/m\u0259hsul\/bloknot-ustd\u0259n-spiralli-a5\/","og_locale":"ru_RU","og_type":"article","og_title":"Bloknot \u00fcstd\u0259n spirall\u0131 A5 - Antaris","og_description":"V\u0259r\u0259q n\u00f6v\u00fc: A5 V\u0259r\u0259q say\u0131: 50 Minimal sifari\u015f say\u0131: 100\u0259d\u0259d \u00d6l\u00e7\u00fc: 148x210 mm \u00c7ap \u00fcsulu: Ofset Ticar\u0259t markas\u0131: Antaris \u0130stehsal \u00f6lk\u0259si: Az\u0259rbaycan","og_url":"https:\/\/antaris.az\/ru\/m\u0259hsul\/bloknot-ustd\u0259n-spiralli-a5\/","og_site_name":"Antaris","article_publisher":"https:\/\/www.facebook.com\/antaris.az\/","article_modified_time":"2024-11-26T12:55:16+00:00","og_image":[{"width":800,"height":800,"url":"https:\/\/antaris.az\/wp-content\/uploads\/2020\/05\/AN-00-00007661-Bloknot-\u00fcstd\u0259n-spirall\u0131-50v-148x210mm-A5.jpg","type":"image\/jpeg"}],"schema":{"@context":"https:\/\/schema.org","@graph":[{"@type":"WebPage","@id":"https:\/\/antaris.az\/ru\/m\u0259hsul\/bloknot-ustd%c9%99n-spiralli-a5\/","url":"https:\/\/antaris.az\/ru\/m\u0259hsul\/bloknot-ustd%c9%99n-spiralli-a5\/","name":"Bloknot \u00fcstd\u0259n spirall\u0131 A5 - Antaris","isPartOf":{"@id":"https:\/\/antaris.az\/#website"},"primaryImageOfPage":{"@id":"https:\/\/antaris.az\/ru\/m\u0259hsul\/bloknot-ustd%c9%99n-spiralli-a5\/#primaryimage"},"image":{"@id":"https:\/\/antaris.az\/ru\/m\u0259hsul\/bloknot-ustd%c9%99n-spiralli-a5\/#primaryimage"},"thumbnailUrl":"https:\/\/antaris.az\/wp-content\/uploads\/2020\/05\/AN-00-00007661-Bloknot-\u00fcstd\u0259n-spirall\u0131-50v-148x210mm-A5.jpg","datePublished":"2020-05-26T04:09:49+00:00","dateModified":"2024-11-26T12:55:16+00:00","breadcrumb":{"@id":"https:\/\/antaris.az\/ru\/m\u0259hsul\/bloknot-ustd%c9%99n-spiralli-a5\/#breadcrumb"},"inLanguage":"ru-RU","potentialAction":[{"@type":"ReadAction","target":["https:\/\/antaris.az\/ru\/m\u0259hsul\/bloknot-ustd%c9%99n-spiralli-a5\/"]}]},{"@type":"ImageObject","inLanguage":"ru-RU","@id":"https:\/\/antaris.az\/ru\/m\u0259hsul\/bloknot-ustd%c9%99n-spiralli-a5\/#primaryimage","url":"https:\/\/antaris.az\/wp-content\/uploads\/2020\/05\/AN-00-00007661-Bloknot-\u00fcstd\u0259n-spirall\u0131-50v-148x210mm-A5.jpg","contentUrl":"https:\/\/antaris.az\/wp-content\/uploads\/2020\/05\/AN-00-00007661-Bloknot-\u00fcstd\u0259n-spirall\u0131-50v-148x210mm-A5.jpg","width":800,"height":800,"caption":"Bloknot \u00fcstd\u0259n spirall\u0131 50v 148x210mm (A5)"},{"@type":"BreadcrumbList","@id":"https:\/\/antaris.az\/ru\/m\u0259hsul\/bloknot-ustd%c9%99n-spiralli-a5\/#breadcrumb","itemListElement":[{"@type":"ListItem","position":1,"name":"Home","item":"https:\/\/antaris.az\/"},{"@type":"ListItem","position":2,"name":"Ma\u011faza","item":"https:\/\/antaris.az\/ru\/shop\/"},{"@type":"ListItem","position":3,"name":"Bloknot \u00fcstd\u0259n spirall\u0131 A5"}]},{"@type":"WebSite","@id":"https:\/\/antaris.az\/#website","url":"https:\/\/antaris.az\/","name":"Antaris","description":"Ofis, ev, m\u0259kt\u0259b \u00fc\u00e7\u00fcn h\u0259r \u015fey","publisher":{"@id":"https:\/\/antaris.az\/#organization"},"potentialAction":[{"@type":"SearchAction","target":{"@type":"EntryPoint","urlTemplate":"https:\/\/antaris.az\/?s={search_term_string}"},"query-input":{"@type":"PropertyValueSpecification","valueRequired":true,"valueName":"search_term_string"}}],"inLanguage":"ru-RU"},{"@type":"Organization","@id":"https:\/\/antaris.az\/#organization","name":"\u0410\u043d\u0442\u0430\u0440\u0438\u0441 \u0417\u0410\u041e","url":"https:\/\/antaris.az\/","logo":{"@type":"ImageObject","inLanguage":"ru-RU","@id":"https:\/\/antaris.az\/#\/schema\/logo\/image\/","url":"https:\/\/antaris.az\/wp-content\/uploads\/2025\/03\/Antaris-logo.png","contentUrl":"https:\/\/antaris.az\/wp-content\/uploads\/2025\/03\/Antaris-logo.png","width":500,"height":500,"caption":"Antaris QSC"},"image":{"@id":"https:\/\/antaris.az\/#\/schema\/logo\/image\/"},"sameAs":["https:\/\/www.facebook.com\/antaris.az\/","https:\/\/www.instagram.com\/antaris.az\/"]}]}},"_links":{"self":[{"href":"https:\/\/antaris.az\/ru\/wp-json\/wp\/v2\/product\/10254","targetHints":{"allow":["GET"]}}],"collection":[{"href":"https:\/\/antaris.az\/ru\/wp-json\/wp\/v2\/product"}],"about":[{"href":"https:\/\/antaris.az\/ru\/wp-json\/wp\/v2\/types\/product"}],"version-history":[{"count":0,"href":"https:\/\/antaris.az\/ru\/wp-json\/wp\/v2\/product\/10254\/revisions"}],"wp:featuredmedia":[{"embeddable":true,"href":"https:\/\/antaris.az\/ru\/wp-json\/wp\/v2\/media\/10255"}],"wp:attachment":[{"href":"https:\/\/antaris.az\/ru\/wp-json\/wp\/v2\/media?parent=10254"}],"wp:term":[{"taxonomy":"product_brand","embeddable":true,"href":"https:\/\/antaris.az\/ru\/wp-json\/wp\/v2\/product_brand?post=10254"},{"taxonomy":"product_cat","embeddable":true,"href":"https:\/\/antaris.az\/ru\/wp-json\/wp\/v2\/product_cat?post=10254"},{"taxonomy":"product_tag","embeddable":true,"href":"https:\/\/antaris.az\/ru\/wp-json\/wp\/v2\/product_tag?post=10254"}],"curies":[{"name":"wp","href":"https:\/\/api.w.org\/{rel}","templated":true}]}}