{"id":101628,"date":"2024-05-02T15:40:37","date_gmt":"2024-05-02T12:40:37","guid":{"rendered":"https:\/\/antaris.az\/?post_type=product&#038;p=101628"},"modified":"2024-11-26T15:17:13","modified_gmt":"2024-11-26T11:17:13","slug":"rivacase-7761-dark-grey-laptop-backpack-15-6","status":"publish","type":"product","link":"https:\/\/antaris.az\/ru\/m\u0259hsul\/rivacase-7761-dark-grey-laptop-backpack-15-6\/","title":{"rendered":"RIVACASE 7761 dark grey Laptop backpack 15.6"},"content":{"rendered":"","protected":false},"excerpt":{"rendered":"<p>\u00d6l\u00e7\u00fc: 15.6&#8221;<br \/>\n\u00c7\u0259ki: 0.79 kq<br \/>\nR\u0259ngi: T\u00fcnd boz<br \/>\nXarici \u00f6l\u00e7\u00fcl\u0259r: 310\u00d7150\u00d7460 mm<br \/>\nDaxili \u00f6l\u00e7\u00fcl\u0259r: 280\u00d7395\u00d740 mm<br \/>\n\u0130stehsal\u00e7\u0131 m\u0259hsul kodu: 7761<br \/>\nTicar\u0259t markas\u0131: RIVACASE<br \/>\n\u0130stehsal\u00e7\u0131 \u00f6lk\u0259: Almaniya<\/p>","protected":false},"featured_media":101690,"template":"","meta":{"_joinchat":[]},"product_brand":[],"product_cat":[450],"product_tag":[],"class_list":{"0":"post-101628","1":"product","2":"type-product","3":"status-publish","4":"has-post-thumbnail","6":"product_cat-notebook-cantasi","7":"pa_brand-rivacase","9":"first","10":"outofstock","11":"shipping-taxable","12":"purchasable","13":"product-type-simple"},"yoast_head":"<!-- This site is optimized with the Yoast SEO plugin v27.4 - https:\/\/yoast.com\/product\/yoast-seo-wordpress\/ -->\n<title>RIVACASE 7761 dark grey Laptop backpack 15.6 - Antaris<\/title>\n<meta name=\"robots\" content=\"index, follow, max-snippet:-1, max-image-preview:large, max-video-preview:-1\" \/>\n<link rel=\"canonical\" href=\"https:\/\/antaris.az\/ru\/m\u0259hsul\/rivacase-7761-dark-grey-laptop-backpack-15-6\/\" \/>\n<meta property=\"og:locale\" content=\"ru_RU\" \/>\n<meta property=\"og:type\" content=\"article\" \/>\n<meta property=\"og:title\" content=\"RIVACASE 7761 dark grey Laptop backpack 15.6 - Antaris\" \/>\n<meta property=\"og:description\" content=\"\u00d6l\u00e7\u00fc: 15.6&#039;&#039; \u00c7\u0259ki: 0.79 kq R\u0259ngi: T\u00fcnd boz Xarici \u00f6l\u00e7\u00fcl\u0259r: 310\u00d7150\u00d7460 mm Daxili \u00f6l\u00e7\u00fcl\u0259r: 280\u00d7395\u00d740 mm \u0130stehsal\u00e7\u0131 m\u0259hsul kodu: 7761 Ticar\u0259t markas\u0131: RIVACASE \u0130stehsal\u00e7\u0131 \u00f6lk\u0259: Almaniya\" \/>\n<meta property=\"og:url\" content=\"https:\/\/antaris.az\/ru\/m\u0259hsul\/rivacase-7761-dark-grey-laptop-backpack-15-6\/\" \/>\n<meta property=\"og:site_name\" content=\"Antaris\" \/>\n<meta property=\"article:publisher\" content=\"https:\/\/www.facebook.com\/antaris.az\/\" \/>\n<meta property=\"article:modified_time\" content=\"2024-11-26T11:17:13+00:00\" \/>\n<meta property=\"og:image\" content=\"https:\/\/antaris.az\/wp-content\/uploads\/2024\/05\/RIVACASE-7761-dark-grey-Laptop-wep-1.webp\" \/>\n\t<meta property=\"og:image:width\" content=\"800\" \/>\n\t<meta property=\"og:image:height\" content=\"800\" \/>\n\t<meta property=\"og:image:type\" content=\"image\/webp\" \/>\n<script type=\"application\/ld+json\" class=\"yoast-schema-graph\">{\"@context\":\"https:\\\/\\\/schema.org\",\"@graph\":[{\"@type\":\"WebPage\",\"@id\":\"https:\\\/\\\/antaris.az\\\/m\u0259hsul\\\/rivacase-7761-dark-grey-laptop-backpack-15-6\\\/\",\"url\":\"https:\\\/\\\/antaris.az\\\/m\u0259hsul\\\/rivacase-7761-dark-grey-laptop-backpack-15-6\\\/\",\"name\":\"RIVACASE 7761 dark grey Laptop backpack 15.6 - Antaris\",\"isPartOf\":{\"@id\":\"https:\\\/\\\/antaris.az\\\/#website\"},\"primaryImageOfPage\":{\"@id\":\"https:\\\/\\\/antaris.az\\\/m\u0259hsul\\\/rivacase-7761-dark-grey-laptop-backpack-15-6\\\/#primaryimage\"},\"image\":{\"@id\":\"https:\\\/\\\/antaris.az\\\/m\u0259hsul\\\/rivacase-7761-dark-grey-laptop-backpack-15-6\\\/#primaryimage\"},\"thumbnailUrl\":\"https:\\\/\\\/antaris.az\\\/wp-content\\\/uploads\\\/2024\\\/05\\\/RIVACASE-7761-dark-grey-Laptop-wep-1.webp\",\"datePublished\":\"2024-05-02T12:40:37+00:00\",\"dateModified\":\"2024-11-26T11:17:13+00:00\",\"breadcrumb\":{\"@id\":\"https:\\\/\\\/antaris.az\\\/m\u0259hsul\\\/rivacase-7761-dark-grey-laptop-backpack-15-6\\\/#breadcrumb\"},\"inLanguage\":\"ru-RU\",\"potentialAction\":[{\"@type\":\"ReadAction\",\"target\":[\"https:\\\/\\\/antaris.az\\\/m\u0259hsul\\\/rivacase-7761-dark-grey-laptop-backpack-15-6\\\/\"]}]},{\"@type\":\"ImageObject\",\"inLanguage\":\"ru-RU\",\"@id\":\"https:\\\/\\\/antaris.az\\\/m\u0259hsul\\\/rivacase-7761-dark-grey-laptop-backpack-15-6\\\/#primaryimage\",\"url\":\"https:\\\/\\\/antaris.az\\\/wp-content\\\/uploads\\\/2024\\\/05\\\/RIVACASE-7761-dark-grey-Laptop-wep-1.webp\",\"contentUrl\":\"https:\\\/\\\/antaris.az\\\/wp-content\\\/uploads\\\/2024\\\/05\\\/RIVACASE-7761-dark-grey-Laptop-wep-1.webp\",\"width\":800,\"height\":800,\"caption\":\"RIVACASE 7761 dark grey Laptop wep 1\"},{\"@type\":\"BreadcrumbList\",\"@id\":\"https:\\\/\\\/antaris.az\\\/m\u0259hsul\\\/rivacase-7761-dark-grey-laptop-backpack-15-6\\\/#breadcrumb\",\"itemListElement\":[{\"@type\":\"ListItem\",\"position\":1,\"name\":\"Home\",\"item\":\"https:\\\/\\\/antaris.az\\\/\"},{\"@type\":\"ListItem\",\"position\":2,\"name\":\"Ma\u011faza\",\"item\":\"https:\\\/\\\/antaris.az\\\/ru\\\/shop\\\/\"},{\"@type\":\"ListItem\",\"position\":3,\"name\":\"RIVACASE 7761 dark grey Laptop backpack 15.6\"}]},{\"@type\":\"WebSite\",\"@id\":\"https:\\\/\\\/antaris.az\\\/#website\",\"url\":\"https:\\\/\\\/antaris.az\\\/\",\"name\":\"Antaris\",\"description\":\"Ofis, ev, m\u0259kt\u0259b \u00fc\u00e7\u00fcn h\u0259r \u015fey\",\"publisher\":{\"@id\":\"https:\\\/\\\/antaris.az\\\/#organization\"},\"potentialAction\":[{\"@type\":\"SearchAction\",\"target\":{\"@type\":\"EntryPoint\",\"urlTemplate\":\"https:\\\/\\\/antaris.az\\\/?s={search_term_string}\"},\"query-input\":{\"@type\":\"PropertyValueSpecification\",\"valueRequired\":true,\"valueName\":\"search_term_string\"}}],\"inLanguage\":\"ru-RU\"},{\"@type\":\"Organization\",\"@id\":\"https:\\\/\\\/antaris.az\\\/#organization\",\"name\":\"Antaris QSC\",\"url\":\"https:\\\/\\\/antaris.az\\\/\",\"logo\":{\"@type\":\"ImageObject\",\"inLanguage\":\"ru-RU\",\"@id\":\"https:\\\/\\\/antaris.az\\\/#\\\/schema\\\/logo\\\/image\\\/\",\"url\":\"https:\\\/\\\/antaris.az\\\/wp-content\\\/uploads\\\/2025\\\/03\\\/Antaris-logo.png\",\"contentUrl\":\"https:\\\/\\\/antaris.az\\\/wp-content\\\/uploads\\\/2025\\\/03\\\/Antaris-logo.png\",\"width\":500,\"height\":500,\"caption\":\"Antaris QSC\"},\"image\":{\"@id\":\"https:\\\/\\\/antaris.az\\\/#\\\/schema\\\/logo\\\/image\\\/\"},\"sameAs\":[\"https:\\\/\\\/www.facebook.com\\\/antaris.az\\\/\",\"https:\\\/\\\/www.instagram.com\\\/antaris.az\\\/\"]}]}<\/script>\n<!-- \/ Yoast SEO plugin. -->","yoast_head_json":{"title":"RIVACASE 7761 dark grey Laptop backpack 15.6 - Antaris","robots":{"index":"index","follow":"follow","max-snippet":"max-snippet:-1","max-image-preview":"max-image-preview:large","max-video-preview":"max-video-preview:-1"},"canonical":"https:\/\/antaris.az\/ru\/m\u0259hsul\/rivacase-7761-dark-grey-laptop-backpack-15-6\/","og_locale":"ru_RU","og_type":"article","og_title":"RIVACASE 7761 dark grey Laptop backpack 15.6 - Antaris","og_description":"\u00d6l\u00e7\u00fc: 15.6'' \u00c7\u0259ki: 0.79 kq R\u0259ngi: T\u00fcnd boz Xarici \u00f6l\u00e7\u00fcl\u0259r: 310\u00d7150\u00d7460 mm Daxili \u00f6l\u00e7\u00fcl\u0259r: 280\u00d7395\u00d740 mm \u0130stehsal\u00e7\u0131 m\u0259hsul kodu: 7761 Ticar\u0259t markas\u0131: RIVACASE \u0130stehsal\u00e7\u0131 \u00f6lk\u0259: Almaniya","og_url":"https:\/\/antaris.az\/ru\/m\u0259hsul\/rivacase-7761-dark-grey-laptop-backpack-15-6\/","og_site_name":"Antaris","article_publisher":"https:\/\/www.facebook.com\/antaris.az\/","article_modified_time":"2024-11-26T11:17:13+00:00","og_image":[{"width":800,"height":800,"url":"https:\/\/antaris.az\/wp-content\/uploads\/2024\/05\/RIVACASE-7761-dark-grey-Laptop-wep-1.webp","type":"image\/webp"}],"schema":{"@context":"https:\/\/schema.org","@graph":[{"@type":"WebPage","@id":"https:\/\/antaris.az\/m\u0259hsul\/rivacase-7761-dark-grey-laptop-backpack-15-6\/","url":"https:\/\/antaris.az\/m\u0259hsul\/rivacase-7761-dark-grey-laptop-backpack-15-6\/","name":"RIVACASE 7761 dark grey Laptop backpack 15.6 - Antaris","isPartOf":{"@id":"https:\/\/antaris.az\/#website"},"primaryImageOfPage":{"@id":"https:\/\/antaris.az\/m\u0259hsul\/rivacase-7761-dark-grey-laptop-backpack-15-6\/#primaryimage"},"image":{"@id":"https:\/\/antaris.az\/m\u0259hsul\/rivacase-7761-dark-grey-laptop-backpack-15-6\/#primaryimage"},"thumbnailUrl":"https:\/\/antaris.az\/wp-content\/uploads\/2024\/05\/RIVACASE-7761-dark-grey-Laptop-wep-1.webp","datePublished":"2024-05-02T12:40:37+00:00","dateModified":"2024-11-26T11:17:13+00:00","breadcrumb":{"@id":"https:\/\/antaris.az\/m\u0259hsul\/rivacase-7761-dark-grey-laptop-backpack-15-6\/#breadcrumb"},"inLanguage":"ru-RU","potentialAction":[{"@type":"ReadAction","target":["https:\/\/antaris.az\/m\u0259hsul\/rivacase-7761-dark-grey-laptop-backpack-15-6\/"]}]},{"@type":"ImageObject","inLanguage":"ru-RU","@id":"https:\/\/antaris.az\/m\u0259hsul\/rivacase-7761-dark-grey-laptop-backpack-15-6\/#primaryimage","url":"https:\/\/antaris.az\/wp-content\/uploads\/2024\/05\/RIVACASE-7761-dark-grey-Laptop-wep-1.webp","contentUrl":"https:\/\/antaris.az\/wp-content\/uploads\/2024\/05\/RIVACASE-7761-dark-grey-Laptop-wep-1.webp","width":800,"height":800,"caption":"RIVACASE 7761 dark grey Laptop wep 1"},{"@type":"BreadcrumbList","@id":"https:\/\/antaris.az\/m\u0259hsul\/rivacase-7761-dark-grey-laptop-backpack-15-6\/#breadcrumb","itemListElement":[{"@type":"ListItem","position":1,"name":"Home","item":"https:\/\/antaris.az\/"},{"@type":"ListItem","position":2,"name":"Ma\u011faza","item":"https:\/\/antaris.az\/ru\/shop\/"},{"@type":"ListItem","position":3,"name":"RIVACASE 7761 dark grey Laptop backpack 15.6"}]},{"@type":"WebSite","@id":"https:\/\/antaris.az\/#website","url":"https:\/\/antaris.az\/","name":"Antaris","description":"Ofis, ev, m\u0259kt\u0259b \u00fc\u00e7\u00fcn h\u0259r \u015fey","publisher":{"@id":"https:\/\/antaris.az\/#organization"},"potentialAction":[{"@type":"SearchAction","target":{"@type":"EntryPoint","urlTemplate":"https:\/\/antaris.az\/?s={search_term_string}"},"query-input":{"@type":"PropertyValueSpecification","valueRequired":true,"valueName":"search_term_string"}}],"inLanguage":"ru-RU"},{"@type":"Organization","@id":"https:\/\/antaris.az\/#organization","name":"\u0410\u043d\u0442\u0430\u0440\u0438\u0441 \u0417\u0410\u041e","url":"https:\/\/antaris.az\/","logo":{"@type":"ImageObject","inLanguage":"ru-RU","@id":"https:\/\/antaris.az\/#\/schema\/logo\/image\/","url":"https:\/\/antaris.az\/wp-content\/uploads\/2025\/03\/Antaris-logo.png","contentUrl":"https:\/\/antaris.az\/wp-content\/uploads\/2025\/03\/Antaris-logo.png","width":500,"height":500,"caption":"Antaris QSC"},"image":{"@id":"https:\/\/antaris.az\/#\/schema\/logo\/image\/"},"sameAs":["https:\/\/www.facebook.com\/antaris.az\/","https:\/\/www.instagram.com\/antaris.az\/"]}]}},"_links":{"self":[{"href":"https:\/\/antaris.az\/ru\/wp-json\/wp\/v2\/product\/101628","targetHints":{"allow":["GET"]}}],"collection":[{"href":"https:\/\/antaris.az\/ru\/wp-json\/wp\/v2\/product"}],"about":[{"href":"https:\/\/antaris.az\/ru\/wp-json\/wp\/v2\/types\/product"}],"version-history":[{"count":0,"href":"https:\/\/antaris.az\/ru\/wp-json\/wp\/v2\/product\/101628\/revisions"}],"wp:featuredmedia":[{"embeddable":true,"href":"https:\/\/antaris.az\/ru\/wp-json\/wp\/v2\/media\/101690"}],"wp:attachment":[{"href":"https:\/\/antaris.az\/ru\/wp-json\/wp\/v2\/media?parent=101628"}],"wp:term":[{"taxonomy":"product_brand","embeddable":true,"href":"https:\/\/antaris.az\/ru\/wp-json\/wp\/v2\/product_brand?post=101628"},{"taxonomy":"product_cat","embeddable":true,"href":"https:\/\/antaris.az\/ru\/wp-json\/wp\/v2\/product_cat?post=101628"},{"taxonomy":"product_tag","embeddable":true,"href":"https:\/\/antaris.az\/ru\/wp-json\/wp\/v2\/product_tag?post=101628"}],"curies":[{"name":"wp","href":"https:\/\/api.w.org\/{rel}","templated":true}]}}