{"id":100995,"date":"2024-03-18T15:01:09","date_gmt":"2024-03-18T12:01:09","guid":{"rendered":"https:\/\/antaris.az\/?post_type=product&#038;p=100995"},"modified":"2024-11-26T15:18:13","modified_gmt":"2024-11-26T11:18:13","slug":"s%c9%99ffaf-fayl-a3-90-mikron-vertikal-1x25-noki-4836-p","status":"publish","type":"product","link":"https:\/\/antaris.az\/ru\/m\u0259hsul\/s%c9%99ffaf-fayl-a3-90-mikron-vertikal-1x25-noki-4836-p\/","title":{"rendered":"\u015e\u018fFFAF FAYL A3 90 M\u0130KRON VERT\u0130KAL 1X25 NOK\u0130 4836-P"},"content":{"rendered":"","protected":false},"excerpt":{"rendered":"<p>N\u00f6v\u00fc: \u015e\u0259ffaf fayl<br \/>\nFormat: A3<br \/>\nQal\u0131nl\u0131\u011f\u0131: 90 mkr<br \/>\nQabla\u015fd\u0131rma: 25 \u0259d\u0259d<br \/>\n\u0130stehsal\u00e7\u0131 m\u0259hsul kodu: 4836-P<br \/>\nTicar\u0259t markas\u0131: NOK\u0130<br \/>\n\u0130stehsal\u00e7\u0131 \u00f6lk\u0259: T\u00fcrkiy\u0259<\/p>","protected":false},"featured_media":101017,"template":"","meta":{"_joinchat":[]},"product_brand":[],"product_cat":[359],"product_tag":[],"class_list":{"0":"post-100995","1":"product","2":"type-product","3":"status-publish","4":"has-post-thumbnail","6":"product_cat-sffaf-fayl","7":"pa_brand-noki","9":"first","10":"outofstock","11":"shipping-taxable","12":"purchasable","13":"product-type-simple"},"yoast_head":"<!-- This site is optimized with the Yoast SEO plugin v27.4 - https:\/\/yoast.com\/product\/yoast-seo-wordpress\/ -->\n<title>\u015e\u018fFFAF FAYL A3 90 M\u0130KRON VERT\u0130KAL 1X25 NOK\u0130 4836-P - Antaris<\/title>\n<meta name=\"robots\" content=\"index, follow, max-snippet:-1, max-image-preview:large, max-video-preview:-1\" \/>\n<link rel=\"canonical\" href=\"https:\/\/antaris.az\/ru\/m\u0259hsul\/s\u0259ffaf-fayl-a3-90-mikron-vertikal-1x25-noki-4836-p\/\" \/>\n<meta property=\"og:locale\" content=\"ru_RU\" \/>\n<meta property=\"og:type\" content=\"article\" \/>\n<meta property=\"og:title\" content=\"\u015e\u018fFFAF FAYL A3 90 M\u0130KRON VERT\u0130KAL 1X25 NOK\u0130 4836-P - Antaris\" \/>\n<meta property=\"og:description\" content=\"N\u00f6v\u00fc: \u015e\u0259ffaf fayl Format: A3 Qal\u0131nl\u0131\u011f\u0131: 90 mkr Qabla\u015fd\u0131rma: 25 \u0259d\u0259d \u0130stehsal\u00e7\u0131 m\u0259hsul kodu: 4836-P Ticar\u0259t markas\u0131: NOK\u0130 \u0130stehsal\u00e7\u0131 \u00f6lk\u0259: T\u00fcrkiy\u0259\" \/>\n<meta property=\"og:url\" content=\"https:\/\/antaris.az\/ru\/m\u0259hsul\/s\u0259ffaf-fayl-a3-90-mikron-vertikal-1x25-noki-4836-p\/\" \/>\n<meta property=\"og:site_name\" content=\"Antaris\" \/>\n<meta property=\"article:publisher\" content=\"https:\/\/www.facebook.com\/antaris.az\/\" \/>\n<meta property=\"article:modified_time\" content=\"2024-11-26T11:18:13+00:00\" \/>\n<meta property=\"og:image\" content=\"https:\/\/antaris.az\/wp-content\/uploads\/2024\/03\/NOKI-4836-P-wep-1.webp\" \/>\n\t<meta property=\"og:image:width\" content=\"800\" \/>\n\t<meta property=\"og:image:height\" content=\"800\" \/>\n\t<meta property=\"og:image:type\" content=\"image\/webp\" \/>\n<script type=\"application\/ld+json\" class=\"yoast-schema-graph\">{\"@context\":\"https:\\\/\\\/schema.org\",\"@graph\":[{\"@type\":\"WebPage\",\"@id\":\"https:\\\/\\\/antaris.az\\\/m\u0259hsul\\\/s%c9%99ffaf-fayl-a3-90-mikron-vertikal-1x25-noki-4836-p\\\/\",\"url\":\"https:\\\/\\\/antaris.az\\\/m\u0259hsul\\\/s%c9%99ffaf-fayl-a3-90-mikron-vertikal-1x25-noki-4836-p\\\/\",\"name\":\"\u015e\u018fFFAF FAYL A3 90 M\u0130KRON VERT\u0130KAL 1X25 NOK\u0130 4836-P - Antaris\",\"isPartOf\":{\"@id\":\"https:\\\/\\\/antaris.az\\\/#website\"},\"primaryImageOfPage\":{\"@id\":\"https:\\\/\\\/antaris.az\\\/m\u0259hsul\\\/s%c9%99ffaf-fayl-a3-90-mikron-vertikal-1x25-noki-4836-p\\\/#primaryimage\"},\"image\":{\"@id\":\"https:\\\/\\\/antaris.az\\\/m\u0259hsul\\\/s%c9%99ffaf-fayl-a3-90-mikron-vertikal-1x25-noki-4836-p\\\/#primaryimage\"},\"thumbnailUrl\":\"https:\\\/\\\/antaris.az\\\/wp-content\\\/uploads\\\/2024\\\/03\\\/NOKI-4836-P-wep-1.webp\",\"datePublished\":\"2024-03-18T12:01:09+00:00\",\"dateModified\":\"2024-11-26T11:18:13+00:00\",\"breadcrumb\":{\"@id\":\"https:\\\/\\\/antaris.az\\\/m\u0259hsul\\\/s%c9%99ffaf-fayl-a3-90-mikron-vertikal-1x25-noki-4836-p\\\/#breadcrumb\"},\"inLanguage\":\"ru-RU\",\"potentialAction\":[{\"@type\":\"ReadAction\",\"target\":[\"https:\\\/\\\/antaris.az\\\/m\u0259hsul\\\/s%c9%99ffaf-fayl-a3-90-mikron-vertikal-1x25-noki-4836-p\\\/\"]}]},{\"@type\":\"ImageObject\",\"inLanguage\":\"ru-RU\",\"@id\":\"https:\\\/\\\/antaris.az\\\/m\u0259hsul\\\/s%c9%99ffaf-fayl-a3-90-mikron-vertikal-1x25-noki-4836-p\\\/#primaryimage\",\"url\":\"https:\\\/\\\/antaris.az\\\/wp-content\\\/uploads\\\/2024\\\/03\\\/NOKI-4836-P-wep-1.webp\",\"contentUrl\":\"https:\\\/\\\/antaris.az\\\/wp-content\\\/uploads\\\/2024\\\/03\\\/NOKI-4836-P-wep-1.webp\",\"width\":800,\"height\":800,\"caption\":\"NOK\u0130 4836-P wep\"},{\"@type\":\"BreadcrumbList\",\"@id\":\"https:\\\/\\\/antaris.az\\\/m\u0259hsul\\\/s%c9%99ffaf-fayl-a3-90-mikron-vertikal-1x25-noki-4836-p\\\/#breadcrumb\",\"itemListElement\":[{\"@type\":\"ListItem\",\"position\":1,\"name\":\"Home\",\"item\":\"https:\\\/\\\/antaris.az\\\/\"},{\"@type\":\"ListItem\",\"position\":2,\"name\":\"Ma\u011faza\",\"item\":\"https:\\\/\\\/antaris.az\\\/ru\\\/shop\\\/\"},{\"@type\":\"ListItem\",\"position\":3,\"name\":\"\u015e\u018fFFAF FAYL A3 90 M\u0130KRON VERT\u0130KAL 1X25 NOK\u0130 4836-P\"}]},{\"@type\":\"WebSite\",\"@id\":\"https:\\\/\\\/antaris.az\\\/#website\",\"url\":\"https:\\\/\\\/antaris.az\\\/\",\"name\":\"Antaris\",\"description\":\"Ofis, ev, m\u0259kt\u0259b \u00fc\u00e7\u00fcn h\u0259r \u015fey\",\"publisher\":{\"@id\":\"https:\\\/\\\/antaris.az\\\/#organization\"},\"potentialAction\":[{\"@type\":\"SearchAction\",\"target\":{\"@type\":\"EntryPoint\",\"urlTemplate\":\"https:\\\/\\\/antaris.az\\\/?s={search_term_string}\"},\"query-input\":{\"@type\":\"PropertyValueSpecification\",\"valueRequired\":true,\"valueName\":\"search_term_string\"}}],\"inLanguage\":\"ru-RU\"},{\"@type\":\"Organization\",\"@id\":\"https:\\\/\\\/antaris.az\\\/#organization\",\"name\":\"Antaris QSC\",\"url\":\"https:\\\/\\\/antaris.az\\\/\",\"logo\":{\"@type\":\"ImageObject\",\"inLanguage\":\"ru-RU\",\"@id\":\"https:\\\/\\\/antaris.az\\\/#\\\/schema\\\/logo\\\/image\\\/\",\"url\":\"https:\\\/\\\/antaris.az\\\/wp-content\\\/uploads\\\/2025\\\/03\\\/Antaris-logo.png\",\"contentUrl\":\"https:\\\/\\\/antaris.az\\\/wp-content\\\/uploads\\\/2025\\\/03\\\/Antaris-logo.png\",\"width\":500,\"height\":500,\"caption\":\"Antaris QSC\"},\"image\":{\"@id\":\"https:\\\/\\\/antaris.az\\\/#\\\/schema\\\/logo\\\/image\\\/\"},\"sameAs\":[\"https:\\\/\\\/www.facebook.com\\\/antaris.az\\\/\",\"https:\\\/\\\/www.instagram.com\\\/antaris.az\\\/\"]}]}<\/script>\n<!-- \/ Yoast SEO plugin. -->","yoast_head_json":{"title":"\u015e\u018fFFAF FAYL A3 90 M\u0130KRON VERT\u0130KAL 1X25 NOK\u0130 4836-P - Antaris","robots":{"index":"index","follow":"follow","max-snippet":"max-snippet:-1","max-image-preview":"max-image-preview:large","max-video-preview":"max-video-preview:-1"},"canonical":"https:\/\/antaris.az\/ru\/m\u0259hsul\/s\u0259ffaf-fayl-a3-90-mikron-vertikal-1x25-noki-4836-p\/","og_locale":"ru_RU","og_type":"article","og_title":"\u015e\u018fFFAF FAYL A3 90 M\u0130KRON VERT\u0130KAL 1X25 NOK\u0130 4836-P - Antaris","og_description":"N\u00f6v\u00fc: \u015e\u0259ffaf fayl Format: A3 Qal\u0131nl\u0131\u011f\u0131: 90 mkr Qabla\u015fd\u0131rma: 25 \u0259d\u0259d \u0130stehsal\u00e7\u0131 m\u0259hsul kodu: 4836-P Ticar\u0259t markas\u0131: NOK\u0130 \u0130stehsal\u00e7\u0131 \u00f6lk\u0259: T\u00fcrkiy\u0259","og_url":"https:\/\/antaris.az\/ru\/m\u0259hsul\/s\u0259ffaf-fayl-a3-90-mikron-vertikal-1x25-noki-4836-p\/","og_site_name":"Antaris","article_publisher":"https:\/\/www.facebook.com\/antaris.az\/","article_modified_time":"2024-11-26T11:18:13+00:00","og_image":[{"width":800,"height":800,"url":"https:\/\/antaris.az\/wp-content\/uploads\/2024\/03\/NOKI-4836-P-wep-1.webp","type":"image\/webp"}],"schema":{"@context":"https:\/\/schema.org","@graph":[{"@type":"WebPage","@id":"https:\/\/antaris.az\/m\u0259hsul\/s%c9%99ffaf-fayl-a3-90-mikron-vertikal-1x25-noki-4836-p\/","url":"https:\/\/antaris.az\/m\u0259hsul\/s%c9%99ffaf-fayl-a3-90-mikron-vertikal-1x25-noki-4836-p\/","name":"\u015e\u018fFFAF FAYL A3 90 M\u0130KRON VERT\u0130KAL 1X25 NOK\u0130 4836-P - Antaris","isPartOf":{"@id":"https:\/\/antaris.az\/#website"},"primaryImageOfPage":{"@id":"https:\/\/antaris.az\/m\u0259hsul\/s%c9%99ffaf-fayl-a3-90-mikron-vertikal-1x25-noki-4836-p\/#primaryimage"},"image":{"@id":"https:\/\/antaris.az\/m\u0259hsul\/s%c9%99ffaf-fayl-a3-90-mikron-vertikal-1x25-noki-4836-p\/#primaryimage"},"thumbnailUrl":"https:\/\/antaris.az\/wp-content\/uploads\/2024\/03\/NOKI-4836-P-wep-1.webp","datePublished":"2024-03-18T12:01:09+00:00","dateModified":"2024-11-26T11:18:13+00:00","breadcrumb":{"@id":"https:\/\/antaris.az\/m\u0259hsul\/s%c9%99ffaf-fayl-a3-90-mikron-vertikal-1x25-noki-4836-p\/#breadcrumb"},"inLanguage":"ru-RU","potentialAction":[{"@type":"ReadAction","target":["https:\/\/antaris.az\/m\u0259hsul\/s%c9%99ffaf-fayl-a3-90-mikron-vertikal-1x25-noki-4836-p\/"]}]},{"@type":"ImageObject","inLanguage":"ru-RU","@id":"https:\/\/antaris.az\/m\u0259hsul\/s%c9%99ffaf-fayl-a3-90-mikron-vertikal-1x25-noki-4836-p\/#primaryimage","url":"https:\/\/antaris.az\/wp-content\/uploads\/2024\/03\/NOKI-4836-P-wep-1.webp","contentUrl":"https:\/\/antaris.az\/wp-content\/uploads\/2024\/03\/NOKI-4836-P-wep-1.webp","width":800,"height":800,"caption":"NOK\u0130 4836-P wep"},{"@type":"BreadcrumbList","@id":"https:\/\/antaris.az\/m\u0259hsul\/s%c9%99ffaf-fayl-a3-90-mikron-vertikal-1x25-noki-4836-p\/#breadcrumb","itemListElement":[{"@type":"ListItem","position":1,"name":"Home","item":"https:\/\/antaris.az\/"},{"@type":"ListItem","position":2,"name":"Ma\u011faza","item":"https:\/\/antaris.az\/ru\/shop\/"},{"@type":"ListItem","position":3,"name":"\u015e\u018fFFAF FAYL A3 90 M\u0130KRON VERT\u0130KAL 1X25 NOK\u0130 4836-P"}]},{"@type":"WebSite","@id":"https:\/\/antaris.az\/#website","url":"https:\/\/antaris.az\/","name":"Antaris","description":"Ofis, ev, m\u0259kt\u0259b \u00fc\u00e7\u00fcn h\u0259r \u015fey","publisher":{"@id":"https:\/\/antaris.az\/#organization"},"potentialAction":[{"@type":"SearchAction","target":{"@type":"EntryPoint","urlTemplate":"https:\/\/antaris.az\/?s={search_term_string}"},"query-input":{"@type":"PropertyValueSpecification","valueRequired":true,"valueName":"search_term_string"}}],"inLanguage":"ru-RU"},{"@type":"Organization","@id":"https:\/\/antaris.az\/#organization","name":"\u0410\u043d\u0442\u0430\u0440\u0438\u0441 \u0417\u0410\u041e","url":"https:\/\/antaris.az\/","logo":{"@type":"ImageObject","inLanguage":"ru-RU","@id":"https:\/\/antaris.az\/#\/schema\/logo\/image\/","url":"https:\/\/antaris.az\/wp-content\/uploads\/2025\/03\/Antaris-logo.png","contentUrl":"https:\/\/antaris.az\/wp-content\/uploads\/2025\/03\/Antaris-logo.png","width":500,"height":500,"caption":"Antaris QSC"},"image":{"@id":"https:\/\/antaris.az\/#\/schema\/logo\/image\/"},"sameAs":["https:\/\/www.facebook.com\/antaris.az\/","https:\/\/www.instagram.com\/antaris.az\/"]}]}},"_links":{"self":[{"href":"https:\/\/antaris.az\/ru\/wp-json\/wp\/v2\/product\/100995","targetHints":{"allow":["GET"]}}],"collection":[{"href":"https:\/\/antaris.az\/ru\/wp-json\/wp\/v2\/product"}],"about":[{"href":"https:\/\/antaris.az\/ru\/wp-json\/wp\/v2\/types\/product"}],"version-history":[{"count":0,"href":"https:\/\/antaris.az\/ru\/wp-json\/wp\/v2\/product\/100995\/revisions"}],"wp:featuredmedia":[{"embeddable":true,"href":"https:\/\/antaris.az\/ru\/wp-json\/wp\/v2\/media\/101017"}],"wp:attachment":[{"href":"https:\/\/antaris.az\/ru\/wp-json\/wp\/v2\/media?parent=100995"}],"wp:term":[{"taxonomy":"product_brand","embeddable":true,"href":"https:\/\/antaris.az\/ru\/wp-json\/wp\/v2\/product_brand?post=100995"},{"taxonomy":"product_cat","embeddable":true,"href":"https:\/\/antaris.az\/ru\/wp-json\/wp\/v2\/product_cat?post=100995"},{"taxonomy":"product_tag","embeddable":true,"href":"https:\/\/antaris.az\/ru\/wp-json\/wp\/v2\/product_tag?post=100995"}],"curies":[{"name":"wp","href":"https:\/\/api.w.org\/{rel}","templated":true}]}}