{"id":97241,"date":"2023-08-04T19:49:06","date_gmt":"2023-08-04T16:49:06","guid":{"rendered":"https:\/\/antaris.az\/?page_id=97241"},"modified":"2025-08-18T11:53:55","modified_gmt":"2025-08-18T07:53:55","slug":"kredit-sertleri","status":"publish","type":"page","link":"https:\/\/antaris.az\/ru\/kredit-sertleri\/","title":{"rendered":"\u0423\u0441\u043b\u043e\u0432\u0438\u044f \u043a\u0440\u0435\u0434\u0438\u0442\u0430"},"content":{"rendered":"<div data-elementor-type=\"wp-page\" data-elementor-id=\"97241\" class=\"elementor elementor-97241\" data-elementor-post-type=\"page\">\n\t\t\t\t\t\t<section class=\"wd-negative-gap elementor-section elementor-top-section elementor-element elementor-element-f222ffc elementor-section-boxed elementor-section-height-default elementor-section-height-default\" data-id=\"f222ffc\" data-element_type=\"section\" data-e-type=\"section\">\n\t\t\t\t\t\t<div class=\"elementor-container elementor-column-gap-default\">\n\t\t\t\t\t<div class=\"elementor-column elementor-col-100 elementor-top-column elementor-element elementor-element-11c2feb\" data-id=\"11c2feb\" data-element_type=\"column\" data-e-type=\"column\">\n\t\t\t<div class=\"elementor-widget-wrap elementor-element-populated\">\n\t\t\t\t\t\t<div class=\"elementor-element elementor-element-93ee379 elementor-widget elementor-widget-wd_text_block\" data-id=\"93ee379\" data-element_type=\"widget\" data-e-type=\"widget\" data-widget_type=\"wd_text_block.default\">\n\t\t\t\t<div class=\"elementor-widget-container\">\n\t\t\t\t\t\t\t<div class=\"wd-text-block reset-last-child text-left\">\n\t\t\t\n\t\t\t<p style=\"text-align: left;\">20 ya\u015fdan 70 ya\u015fa q\u0259d\u0259r h\u0259r k\u0259s Antaris m\u0259hsullar\u0131n\u0131 kreditl\u0259 \u0259ld\u0259 ed\u0259 bil\u0259r. \u015e\u0259rtl\u0259r \u00e7ox sad\u0259dir.<\/p><p style=\"text-align: left;\">\u2022 R\u0259smi i\u015f yeri t\u0259l\u0259b olunmadan t\u0259k \u015f\u0259xsiyy\u0259t v\u0259siq\u0259si il\u0259 50 manatdan yuxar\u0131 olan b\u00fct\u00fcn m\u0259hsullar\u0131 h\u0259r bir \u015f\u0259xs (t\u0259l\u0259b\u0259l\u0259r, evdar xan\u0131mlar v\u0259 s.) kreditl\u0259 \u0259ld\u0259 ed\u0259 bil\u0259r.<\/p><p style=\"text-align: left;\">\u2022 Kreditl\u0259 olan sifari\u015fl\u0259rd\u0259 d\u0259 Az\u0259rbaycan\u0131n b\u00fct\u00fcn b\u00f6lg\u0259l\u0259rin\u0259 \u00e7atd\u0131r\u0131lma olunur.<\/p><p>6, 9, 12, 15, 18 ayl\u0131q daxili kredit is\u0259 faiz il\u0259 hesablan\u0131r.<\/p> \n\t\t\t\t\t<\/div>\n\t\t\t\t\t\t<\/div>\n\t\t\t\t<\/div>\n\t\t\t\t\t<\/div>\n\t\t<\/div>\n\t\t\t\t\t<\/div>\n\t\t<\/section>\n\t\t\t\t<section class=\"wd-negative-gap elementor-section elementor-top-section elementor-element elementor-element-3207b59 elementor-section-boxed elementor-section-height-default elementor-section-height-default\" data-id=\"3207b59\" data-element_type=\"section\" data-e-type=\"section\">\n\t\t\t\t\t\t<div class=\"elementor-container elementor-column-gap-default\">\n\t\t\t\t\t<div class=\"elementor-column elementor-col-100 elementor-top-column elementor-element elementor-element-1fafd75\" data-id=\"1fafd75\" data-element_type=\"column\" data-e-type=\"column\">\n\t\t\t<div class=\"elementor-widget-wrap elementor-element-populated\">\n\t\t\t\t\t\t<div class=\"elementor-element elementor-element-60f7b81 elementor-widget elementor-widget-wd_text_block\" data-id=\"60f7b81\" data-element_type=\"widget\" data-e-type=\"widget\" data-widget_type=\"wd_text_block.default\">\n\t\t\t\t<div class=\"elementor-widget-container\">\n\t\t\t\t\t\t\t<div class=\"wd-text-block reset-last-child text-left\">\n\t\t\t\n\t\t\t<p style=\"text-align: center;\">Kreditl\u0259 ba\u011fl\u0131\u00a0m\u00fcraci\u0259t etm\u0259k \u00fc\u00e7\u00fcn bu n\u00f6mr\u0259 il\u0259 \u0259laq\u0259 saxlaya bil\u0259rsiniz:<\/p><p style=\"text-align: center;\"><strong>+994 70 440 13 43<\/strong><\/p>\n\t\t\t\t\t<\/div>\n\t\t\t\t\t\t<\/div>\n\t\t\t\t<\/div>\n\t\t\t\t\t<\/div>\n\t\t<\/div>\n\t\t\t\t\t<\/div>\n\t\t<\/section>\n\t\t\t\t<section class=\"wd-negative-gap elementor-section elementor-top-section elementor-element elementor-element-a55a34e elementor-section-boxed elementor-section-height-default elementor-section-height-default\" data-id=\"a55a34e\" data-element_type=\"section\" data-e-type=\"section\">\n\t\t\t\t\t\t<div class=\"elementor-container elementor-column-gap-default\">\n\t\t\t\t\t<div class=\"elementor-column elementor-col-100 elementor-top-column elementor-element elementor-element-ce19803\" data-id=\"ce19803\" data-element_type=\"column\" data-e-type=\"column\">\n\t\t\t<div class=\"elementor-widget-wrap elementor-element-populated\">\n\t\t\t\t\t\t<div class=\"elementor-element elementor-element-7f061d9 elementor-widget elementor-widget-wd_social_buttons\" data-id=\"7f061d9\" data-element_type=\"widget\" data-e-type=\"widget\" data-widget_type=\"wd_social_buttons.default\">\n\t\t\t\t<div class=\"elementor-widget-container\">\n\t\t\t\t\t\t\t\t<div\n\t\t\t\t\t\tclass=\"wd-social-icons wd-style-default wd-size-default social-follow wd-shape-circle color-scheme-dark text-center\">\n\t\t\t\t\n\t\t\t\t\n\t\t\t\t\n\t\t\t\t\n\t\t\t\t\n\t\t\t\t\n\t\t\t\t\n\t\t\t\t\n\t\t\t\t\n\t\t\t\t\n\t\t\t\t\n\t\t\t\t\n\t\t\t\t\n\t\t\t\t\n\t\t\t\t\n\t\t\t\t\n\t\t\t\t\n\t\t\t\t\n\t\t\t\t\n\t\t\t\t\n\t\t\t\t\t\t\t\t\t<a rel=\"noopener noreferrer nofollow\" href=\"https:\/\/wa.me\/994704401343\" target=\"_blank\" class=\"wd-hide-md wd-social-icon social-whatsapp\" aria-label=\"WhatsApp social link\">\n\t\t\t\t\t\t<span class=\"wd-icon\"><\/span>\n\t\t\t\t\t\t\t\t\t\t\t<\/a>\n\n\t\t\t\t\t<a rel=\"noopener noreferrer nofollow\" href=\"https:\/\/wa.me\/994704401343\" target=\"_blank\" class=\"wd-hide-lg wd-social-icon social-whatsapp\" aria-label=\"WhatsApp social link\">\n\t\t\t\t\t\t<span class=\"wd-icon\"><\/span>\n\t\t\t\t\t\t\t\t\t\t\t<\/a>\n\t\t\t\t\n\t\t\t\t\n\t\t\t\t\n\t\t\t\t\n\t\t\t\t\n\t\t\t\t\n\t\t\t\t\n\t\t\t\t\n\t\t\t<\/div>\n\n\t\t\t\t\t\t<\/div>\n\t\t\t\t<\/div>\n\t\t\t\t\t<\/div>\n\t\t<\/div>\n\t\t\t\t\t<\/div>\n\t\t<\/section>\n\t\t\t\t<\/div>","protected":false},"excerpt":{"rendered":"<p>20 ya\u015fdan 70 ya\u015fa q\u0259d\u0259r h\u0259r k\u0259s Antaris m\u0259hsullar\u0131n\u0131 kreditl\u0259 \u0259ld\u0259 ed\u0259 bil\u0259r. \u015e\u0259rtl\u0259r \u00e7ox sad\u0259dir. \u2022 R\u0259smi i\u015f yeri<\/p>","protected":false},"author":1,"featured_media":97290,"parent":0,"menu_order":0,"comment_status":"closed","ping_status":"closed","template":"","meta":{"_joinchat":[],"footnotes":""},"class_list":["post-97241","page","type-page","status-publish","has-post-thumbnail","hentry"],"yoast_head":"<!-- This site is optimized with the Yoast SEO plugin v27.5 - https:\/\/yoast.com\/product\/yoast-seo-wordpress\/ -->\n<title>Kredit \u015f\u0259rtl\u0259ri - Antaris<\/title>\n<meta name=\"robots\" content=\"index, follow, max-snippet:-1, max-image-preview:large, max-video-preview:-1\" \/>\n<link rel=\"canonical\" href=\"https:\/\/antaris.az\/ru\/kredit-sertleri\/\" \/>\n<meta property=\"og:locale\" content=\"ru_RU\" \/>\n<meta property=\"og:type\" content=\"article\" \/>\n<meta property=\"og:title\" content=\"Kredit \u015f\u0259rtl\u0259ri - Antaris\" \/>\n<meta property=\"og:description\" content=\"20 ya\u015fdan 70 ya\u015fa q\u0259d\u0259r h\u0259r k\u0259s Antaris m\u0259hsullar\u0131n\u0131 kreditl\u0259 \u0259ld\u0259 ed\u0259 bil\u0259r. \u015e\u0259rtl\u0259r \u00e7ox sad\u0259dir. \u2022 R\u0259smi i\u015f yeri\" \/>\n<meta property=\"og:url\" content=\"https:\/\/antaris.az\/ru\/kredit-sertleri\/\" \/>\n<meta property=\"og:site_name\" content=\"Antaris\" \/>\n<meta property=\"article:publisher\" content=\"https:\/\/www.facebook.com\/antaris.az\/\" \/>\n<meta property=\"article:modified_time\" content=\"2025-08-18T07:53:55+00:00\" \/>\n<meta property=\"og:image\" content=\"https:\/\/antaris.az\/wp-content\/uploads\/2023\/08\/kreditt-1.jpg\" \/>\n\t<meta property=\"og:image:width\" content=\"636\" \/>\n\t<meta property=\"og:image:height\" content=\"414\" \/>\n\t<meta property=\"og:image:type\" content=\"image\/jpeg\" \/>\n<script type=\"application\/ld+json\" class=\"yoast-schema-graph\">{\"@context\":\"https:\\\/\\\/schema.org\",\"@graph\":[{\"@type\":\"WebPage\",\"@id\":\"https:\\\/\\\/antaris.az\\\/kredit-sertleri\\\/\",\"url\":\"https:\\\/\\\/antaris.az\\\/kredit-sertleri\\\/\",\"name\":\"Kredit \u015f\u0259rtl\u0259ri - Antaris\",\"isPartOf\":{\"@id\":\"https:\\\/\\\/antaris.az\\\/#website\"},\"primaryImageOfPage\":{\"@id\":\"https:\\\/\\\/antaris.az\\\/kredit-sertleri\\\/#primaryimage\"},\"image\":{\"@id\":\"https:\\\/\\\/antaris.az\\\/kredit-sertleri\\\/#primaryimage\"},\"thumbnailUrl\":\"https:\\\/\\\/antaris.az\\\/wp-content\\\/uploads\\\/2023\\\/08\\\/kreditt-1.jpg\",\"datePublished\":\"2023-08-04T16:49:06+00:00\",\"dateModified\":\"2025-08-18T07:53:55+00:00\",\"breadcrumb\":{\"@id\":\"https:\\\/\\\/antaris.az\\\/kredit-sertleri\\\/#breadcrumb\"},\"inLanguage\":\"ru-RU\",\"potentialAction\":[{\"@type\":\"ReadAction\",\"target\":[\"https:\\\/\\\/antaris.az\\\/kredit-sertleri\\\/\"]}]},{\"@type\":\"ImageObject\",\"inLanguage\":\"ru-RU\",\"@id\":\"https:\\\/\\\/antaris.az\\\/kredit-sertleri\\\/#primaryimage\",\"url\":\"https:\\\/\\\/antaris.az\\\/wp-content\\\/uploads\\\/2023\\\/08\\\/kreditt-1.jpg\",\"contentUrl\":\"https:\\\/\\\/antaris.az\\\/wp-content\\\/uploads\\\/2023\\\/08\\\/kreditt-1.jpg\",\"width\":636,\"height\":414,\"caption\":\"kreditt (1)\"},{\"@type\":\"BreadcrumbList\",\"@id\":\"https:\\\/\\\/antaris.az\\\/kredit-sertleri\\\/#breadcrumb\",\"itemListElement\":[{\"@type\":\"ListItem\",\"position\":1,\"name\":\"Home\",\"item\":\"https:\\\/\\\/antaris.az\\\/\"},{\"@type\":\"ListItem\",\"position\":2,\"name\":\"Kredit \u015f\u0259rtl\u0259ri\"}]},{\"@type\":\"WebSite\",\"@id\":\"https:\\\/\\\/antaris.az\\\/#website\",\"url\":\"https:\\\/\\\/antaris.az\\\/\",\"name\":\"Antaris\",\"description\":\"Ofis, ev, m\u0259kt\u0259b \u00fc\u00e7\u00fcn h\u0259r \u015fey\",\"publisher\":{\"@id\":\"https:\\\/\\\/antaris.az\\\/#organization\"},\"potentialAction\":[{\"@type\":\"SearchAction\",\"target\":{\"@type\":\"EntryPoint\",\"urlTemplate\":\"https:\\\/\\\/antaris.az\\\/?s={search_term_string}\"},\"query-input\":{\"@type\":\"PropertyValueSpecification\",\"valueRequired\":true,\"valueName\":\"search_term_string\"}}],\"inLanguage\":\"ru-RU\"},{\"@type\":\"Organization\",\"@id\":\"https:\\\/\\\/antaris.az\\\/#organization\",\"name\":\"Antaris QSC\",\"url\":\"https:\\\/\\\/antaris.az\\\/\",\"logo\":{\"@type\":\"ImageObject\",\"inLanguage\":\"ru-RU\",\"@id\":\"https:\\\/\\\/antaris.az\\\/#\\\/schema\\\/logo\\\/image\\\/\",\"url\":\"https:\\\/\\\/antaris.az\\\/wp-content\\\/uploads\\\/2025\\\/03\\\/Antaris-logo.png\",\"contentUrl\":\"https:\\\/\\\/antaris.az\\\/wp-content\\\/uploads\\\/2025\\\/03\\\/Antaris-logo.png\",\"width\":500,\"height\":500,\"caption\":\"Antaris QSC\"},\"image\":{\"@id\":\"https:\\\/\\\/antaris.az\\\/#\\\/schema\\\/logo\\\/image\\\/\"},\"sameAs\":[\"https:\\\/\\\/www.facebook.com\\\/antaris.az\\\/\",\"https:\\\/\\\/www.instagram.com\\\/antaris.az\\\/\"]}]}<\/script>\n<!-- \/ Yoast SEO plugin. -->","yoast_head_json":{"title":"Kredit \u015f\u0259rtl\u0259ri - Antaris","robots":{"index":"index","follow":"follow","max-snippet":"max-snippet:-1","max-image-preview":"max-image-preview:large","max-video-preview":"max-video-preview:-1"},"canonical":"https:\/\/antaris.az\/ru\/kredit-sertleri\/","og_locale":"ru_RU","og_type":"article","og_title":"Kredit \u015f\u0259rtl\u0259ri - Antaris","og_description":"20 ya\u015fdan 70 ya\u015fa q\u0259d\u0259r h\u0259r k\u0259s Antaris m\u0259hsullar\u0131n\u0131 kreditl\u0259 \u0259ld\u0259 ed\u0259 bil\u0259r. \u015e\u0259rtl\u0259r \u00e7ox sad\u0259dir. \u2022 R\u0259smi i\u015f yeri","og_url":"https:\/\/antaris.az\/ru\/kredit-sertleri\/","og_site_name":"Antaris","article_publisher":"https:\/\/www.facebook.com\/antaris.az\/","article_modified_time":"2025-08-18T07:53:55+00:00","og_image":[{"width":636,"height":414,"url":"https:\/\/antaris.az\/wp-content\/uploads\/2023\/08\/kreditt-1.jpg","type":"image\/jpeg"}],"schema":{"@context":"https:\/\/schema.org","@graph":[{"@type":"WebPage","@id":"https:\/\/antaris.az\/kredit-sertleri\/","url":"https:\/\/antaris.az\/kredit-sertleri\/","name":"Kredit \u015f\u0259rtl\u0259ri - Antaris","isPartOf":{"@id":"https:\/\/antaris.az\/#website"},"primaryImageOfPage":{"@id":"https:\/\/antaris.az\/kredit-sertleri\/#primaryimage"},"image":{"@id":"https:\/\/antaris.az\/kredit-sertleri\/#primaryimage"},"thumbnailUrl":"https:\/\/antaris.az\/wp-content\/uploads\/2023\/08\/kreditt-1.jpg","datePublished":"2023-08-04T16:49:06+00:00","dateModified":"2025-08-18T07:53:55+00:00","breadcrumb":{"@id":"https:\/\/antaris.az\/kredit-sertleri\/#breadcrumb"},"inLanguage":"ru-RU","potentialAction":[{"@type":"ReadAction","target":["https:\/\/antaris.az\/kredit-sertleri\/"]}]},{"@type":"ImageObject","inLanguage":"ru-RU","@id":"https:\/\/antaris.az\/kredit-sertleri\/#primaryimage","url":"https:\/\/antaris.az\/wp-content\/uploads\/2023\/08\/kreditt-1.jpg","contentUrl":"https:\/\/antaris.az\/wp-content\/uploads\/2023\/08\/kreditt-1.jpg","width":636,"height":414,"caption":"kreditt (1)"},{"@type":"BreadcrumbList","@id":"https:\/\/antaris.az\/kredit-sertleri\/#breadcrumb","itemListElement":[{"@type":"ListItem","position":1,"name":"Home","item":"https:\/\/antaris.az\/"},{"@type":"ListItem","position":2,"name":"Kredit \u015f\u0259rtl\u0259ri"}]},{"@type":"WebSite","@id":"https:\/\/antaris.az\/#website","url":"https:\/\/antaris.az\/","name":"Antaris","description":"Ofis, ev, m\u0259kt\u0259b \u00fc\u00e7\u00fcn h\u0259r \u015fey","publisher":{"@id":"https:\/\/antaris.az\/#organization"},"potentialAction":[{"@type":"SearchAction","target":{"@type":"EntryPoint","urlTemplate":"https:\/\/antaris.az\/?s={search_term_string}"},"query-input":{"@type":"PropertyValueSpecification","valueRequired":true,"valueName":"search_term_string"}}],"inLanguage":"ru-RU"},{"@type":"Organization","@id":"https:\/\/antaris.az\/#organization","name":"\u0410\u043d\u0442\u0430\u0440\u0438\u0441 \u0417\u0410\u041e","url":"https:\/\/antaris.az\/","logo":{"@type":"ImageObject","inLanguage":"ru-RU","@id":"https:\/\/antaris.az\/#\/schema\/logo\/image\/","url":"https:\/\/antaris.az\/wp-content\/uploads\/2025\/03\/Antaris-logo.png","contentUrl":"https:\/\/antaris.az\/wp-content\/uploads\/2025\/03\/Antaris-logo.png","width":500,"height":500,"caption":"Antaris QSC"},"image":{"@id":"https:\/\/antaris.az\/#\/schema\/logo\/image\/"},"sameAs":["https:\/\/www.facebook.com\/antaris.az\/","https:\/\/www.instagram.com\/antaris.az\/"]}]}},"_links":{"self":[{"href":"https:\/\/antaris.az\/ru\/wp-json\/wp\/v2\/pages\/97241","targetHints":{"allow":["GET"]}}],"collection":[{"href":"https:\/\/antaris.az\/ru\/wp-json\/wp\/v2\/pages"}],"about":[{"href":"https:\/\/antaris.az\/ru\/wp-json\/wp\/v2\/types\/page"}],"author":[{"embeddable":true,"href":"https:\/\/antaris.az\/ru\/wp-json\/wp\/v2\/users\/1"}],"replies":[{"embeddable":true,"href":"https:\/\/antaris.az\/ru\/wp-json\/wp\/v2\/comments?post=97241"}],"version-history":[{"count":0,"href":"https:\/\/antaris.az\/ru\/wp-json\/wp\/v2\/pages\/97241\/revisions"}],"wp:featuredmedia":[{"embeddable":true,"href":"https:\/\/antaris.az\/ru\/wp-json\/wp\/v2\/media\/97290"}],"wp:attachment":[{"href":"https:\/\/antaris.az\/ru\/wp-json\/wp\/v2\/media?parent=97241"}],"curies":[{"name":"wp","href":"https:\/\/api.w.org\/{rel}","templated":true}]}}