{"id":91057,"date":"2023-02-06T19:57:07","date_gmt":"2023-02-06T16:57:07","guid":{"rendered":"http:\/\/www2.antaris.az\/?page_id=91057"},"modified":"2025-02-04T09:59:28","modified_gmt":"2025-02-04T05:59:28","slug":"karyera","status":"publish","type":"page","link":"https:\/\/antaris.az\/ru\/karyera\/","title":{"rendered":"\u041a\u0430\u0440\u044c\u0435\u0440\u0430"},"content":{"rendered":"<div data-elementor-type=\"wp-page\" data-elementor-id=\"91057\" class=\"elementor elementor-91057\" data-elementor-post-type=\"page\">\n\t\t\t\t<div class=\"elementor-element elementor-element-c676671 e-flex e-con-boxed e-con e-parent\" data-id=\"c676671\" data-element_type=\"container\" data-e-type=\"container\">\n\t\t\t\t\t<div class=\"e-con-inner\">\n\t\t\t\t<div class=\"elementor-element elementor-element-e3d8f8e elementor-widget elementor-widget-wd_text_block\" data-id=\"e3d8f8e\" data-element_type=\"widget\" data-e-type=\"widget\" data-widget_type=\"wd_text_block.default\">\n\t\t\t\t<div class=\"elementor-widget-container\">\n\t\t\t\t\t\t\t<div class=\"wd-text-block reset-last-child text-center\">\n\t\t\t\n\t\t\t<p>Hal-haz\u0131rda aktiv vakansiya yoxdur.<\/p>\n\t\t\t\t\t<\/div>\n\t\t\t\t\t\t<\/div>\n\t\t\t\t<\/div>\n\t\t\t\t\t<\/div>\n\t\t\t\t<\/div>\n\t\t<div class=\"elementor-element elementor-element-53bcb3f elementor-hidden-desktop elementor-hidden-tablet elementor-hidden-mobile e-flex e-con-boxed e-con e-parent\" data-id=\"53bcb3f\" data-element_type=\"container\" data-e-type=\"container\">\n\t\t\t\t\t<div class=\"e-con-inner\">\n\t\t\t\t<div class=\"elementor-element elementor-element-7964a1b elementor-widget elementor-widget-wd_tabs\" data-id=\"7964a1b\" data-element_type=\"widget\" data-e-type=\"widget\" data-widget_type=\"wd_tabs.default\">\n\t\t\t\t<div class=\"elementor-widget-container\">\n\t\t\t\t\t\t\t<div class=\"wd-tabs tabs-design-simple wd-header-with-bg\">\n\t\t\t<div class=\"wd-tabs-header\">\n\t\t\t\t\t\t\t\t\t<div class=\"tabs-name title\">\n\t\t\t\t\t\t\n\t\t\t\t\t\t<span class=\"tabs-text\" data-elementor-setting-key=\"title\">\n\t\t\t\t\t\t\tM\u00f6vcud vakansiyalar\t\t\t\t\t\t<\/span>\n\t\t\t\t\t<\/div>\n\t\t\t\t\n\t\t\t\t\n\t\t\t\t<div class=\"wd-nav-wrapper wd-nav-tabs-wrapper wd-mb-action-swipe\">\n\t\t\t\t\t<ul class=\"wd-nav wd-nav-tabs wd-icon-pos-left wd-style-underline\">\n\t\t\t\t\t\t\t\t\t\t\t\t\t\n\t\t\t\t\t\t\t<li>\n\t\t\t\t\t\t\t\t<a href=\"#\" class=\"wd-nav-link\">\n\t\t\t\t\t\t\t\t\t\n\t\t\t\t\t\t\t\t\t<span class=\"nav-link-text wd-tabs-title\">\n\t\t\t\t\t\t\t\t\t\tKorporativ sat\u0131\u015f m\u00fct\u0259x\u0259ssisi\t\t\t\t\t\t\t\t\t<\/span>\n\t\t\t\t\t\t\t\t<\/a>\n\t\t\t\t\t\t\t<\/li>\n\n\t\t\t\t\t\t\t\t\t\t\t\t\t\n\t\t\t\t\t\t\t<li>\n\t\t\t\t\t\t\t\t<a href=\"#\" class=\"wd-nav-link\">\n\t\t\t\t\t\t\t\t\t\n\t\t\t\t\t\t\t\t\t<span class=\"nav-link-text wd-tabs-title\">\n\t\t\t\t\t\t\t\t\t\tQeydiyyat\u00e7\u0131\t\t\t\t\t\t\t\t\t<\/span>\n\t\t\t\t\t\t\t\t<\/a>\n\t\t\t\t\t\t\t<\/li>\n\n\t\t\t\t\t\t\t\t\t\t\t<\/ul>\n\t\t\t\t<\/div>\n\t\t\t<\/div>\n\n\t\t\t<div class=\"wd-tabs-content-wrapper\">\n\t\t\t\t\t\t\t\t\t\t\t\t\t\t\n\t\t\t\t\t<div class=\"wd-tab-content wd-entry-content\">\n\t\t\t\t\t\t\t\t\t\t\t\t\t<div >\n\t\t\t\t\t\t\t\t<p style=\"padding-left: 40px;\"><strong>KORPORAT\u0130V SATI\u015e M\u00dcT\u018fX\u018fSS\u0130S\u0130<\/strong><\/p><p style=\"padding-left: 40px;\"><strong>\u0130\u015f bar\u0259d\u0259 m\u0259lumat:<\/strong><\/p><ul><li style=\"list-style-type: none;\"><ul><li>Bazar ara\u015fd\u0131rmas\u0131 aparmaq, m\u00fc\u015ft\u0259ri t\u0259l\u0259batlar\u0131n\u0131 \u00f6yr\u0259nm\u0259k;<\/li><li>M\u00fc\u015ft\u0259ril\u0259r\u0259 \u015firk\u0259tin m\u0259hsullar\u0131 haqq\u0131nda \u0259trafl\u0131 m\u0259lumat verilm\u0259si;<\/li><li>M\u00fc\u015ft\u0259ri il\u0259 g\u00f6r\u00fc\u015fl\u0259rin t\u0259yin edilm\u0259si v\u0259 g\u00f6r\u00fc\u015fl\u0259rd\u0259 i\u015ftirak etm\u0259si;<\/li><li>Potensial korporativ m\u00fc\u015ft\u0259ril\u0259rin axtar\u0131\u015f\u0131n\u0131 h\u0259yata ke\u00e7irm\u0259k v\u0259 onlarla g\u00f6r\u00fc\u015fl\u0259r ke\u00e7irm\u0259k;<\/li><li>D\u00f6vl\u0259t v\u0259 kommersiya t\u0259\u015fkilatlar\u0131 t\u0259r\u0259find\u0259n elan edilmi\u015f v\u0259 \u015firk\u0259tin f\u0259aliyy\u0259t n\u00f6v\u00fc il\u0259 uy\u011fun olan tenderl\u0259rin m\u00fc\u0259yy\u0259n edilm\u0259si;<\/li><li>Yeni\u00a0\u00a0m\u00fc\u015ft\u0259ril\u0259rin c\u0259lb edilm\u0259si, potensial m\u00fc\u015ft\u0259ril\u0259rin axtar\u0131\u015f\u0131;<\/li><li>M\u00fc\u015ft\u0259ril\u0259rd\u0259n g\u0259l\u0259n sor\u011fular\u0131n vaxt\u0131nda v\u0259 i\u015fg\u00fczar formada cavabland\u0131r\u0131lmas\u0131;<\/li><li>Texnoloji yenilikl\u0259r\u0259 v\u0259 s\u00fcr\u0259tli \u00f6yr\u0259nm\u0259y\u0259 a\u00e7\u0131q olmal\u0131;<\/li><li>Sat\u0131\u015f ba\u015fa \u00e7atd\u0131qdan sonra m\u00fcqavil\u0259 haz\u0131rlanma prosesinin koordinasiya edilm\u0259si (rekvizitl\u0259r, \u00e7atd\u0131r\u0131lma, hesab faktura, qaim\u0259);<\/li><li>Tender prosesi haqq\u0131nda m\u0259lumatl\u0131 olma\u011f\u0131 v\u0259 i\u015fl\u0259m\u0259 qabiliyy\u0259ti olma\u011f\u0131 m\u00fctl\u0259qdir;<\/li><li>T\u0259klifl\u0259ri analiz etm\u0259k; ucuz qiym\u0259t v\u0259 s\u0259rf\u0259li \u015f\u0259rtl\u0259rin \u0259ld\u0259 edilm\u0259si \u00fc\u00e7\u00fcn t\u0259chizat\u00e7\u0131larla dan\u0131\u015f\u0131qlar aparmaq;<\/li><li>Tender t\u0259l\u0259bl\u0259rinin t\u0259hlil edilm\u0259si v\u0259 r\u0259hb\u0259rliy\u0259 \u00e7atd\u0131r\u0131lmas\u0131;<\/li><li>Yeni\u00a0\u00a0m\u00fc\u015ft\u0259ril\u0259rin c\u0259lb edilm\u0259si, potensial m\u00fc\u015ft\u0259ril\u0259rin axtar\u0131\u015f\u0131;<\/li><\/ul><\/li><\/ul><p style=\"padding-left: 40px;\"><strong>Namiz\u0259d\u0259 t\u0259l\u0259bl\u0259r:<\/strong><\/p><ul><li style=\"list-style-type: none;\"><ul><li>Ali t\u0259hsil;<\/li><li>Korporativ g\u00f6r\u00fcn\u00fc\u015fl\u00fc, \u00fcnsiyy\u0259tcil, i\u015fg\u00fczar v\u0259 s\u0259lis dan\u0131\u015f\u0131q qabiliyy\u0259tli;<\/li><li>2-3 ild\u0259n art\u0131q Korporativ sat\u0131\u015f \u00fczr\u0259 t\u0259cr\u00fcb\u0259;<\/li><li>Tender.gov.az portal\u0131nda i\u015fl\u0259m\u0259yi bacarmal\u0131;<\/li><li>Yenilik\u00e7i, dinamik v\u0259 daxili motivasiyas\u0131 y\u00fcks\u0259k;<\/li><li>Dil bilikl\u0259ri: Az\u0259rbaycan (\u0259la), Rus (yax\u015f\u0131), \u0130ngilis dili (arzuolunand\u0131r);<\/li><li>M\u00fcxt\u0259lif d\u00fc\u015f\u00fcnc\u0259 v\u0259 d\u00fcnya g\u00f6r\u00fc\u015f\u00fcn\u0259 malik olan insanlarla \u00fcnsiyy\u0259t qurmaq bacar\u0131\u011f\u0131;<\/li><li>\u00dcnsiyy\u0259t t\u0259rzi il\u0259 insanlar\u0131 c\u0259lb etm\u0259 v\u0259 inand\u0131rmaq bacar\u0131\u011f\u0131;<\/li><li>M\u00fcxt\u0259lif biznes prosesl\u0259rd\u0259n anlay\u0131\u015fl\u0131 olmal\u0131;<\/li><li>Texnoloji yenilikl\u0259r\u0259 v\u0259 s\u00fcr\u0259tli \u00f6yr\u0259nm\u0259y\u0259 a\u00e7\u0131q olmal\u0131;<\/li><li>Komandan\u0131n bir \u00fczv\u00fc olmaq \u00fc\u00e7\u00fcn, yeni i\u015f m\u00fchitin\u0259 v\u0259 kollektiv\u0259 tez uy\u011funla\u015fmaq bacar\u0131\u011f\u0131;<\/li><li>Biznes y\u00f6n\u00fcml\u00fc t\u0259f\u0259kk\u00fcr\u0259 sahib;<\/li><li>Fikrini d\u0259qiq, lokanik v\u0259 \u00f6z\u00fcn\u0259 \u0259minlikl\u0259 t\u0259qdim etm\u0259 bacar\u0131\u011f\u0131;<\/li><li>Enerjili, pozitiv, \u00e7evik v\u0259 m\u0259suliyy\u0259tli olmas\u0131;<\/li><li>Stress\u0259 davaml\u0131;<\/li><li>\u0130nformasiyan\u0131n t\u0259hlili v\u0259 analiz etm\u0259k bacar\u0131\u011f\u0131;<\/li><li>T\u0259\u015fkilat\u00e7\u0131l\u0131q v\u0259 komandada i\u015fl\u0259m\u0259k bacar\u0131\u011f\u0131 y\u00fcks\u0259k olmal\u0131d\u0131r;<\/li><\/ul><\/li><\/ul><p style=\"padding-left: 40px;\"><strong>\u0130\u015f \u015f\u0259raiti:<\/strong><\/p><ul><li style=\"list-style-type: none;\"><ul><li>\u0130\u015f g\u00fcnl\u0259rinin say\u0131 6 g\u00fcn;<\/li><li>\u0130stirah\u0259t g\u00fcn\u00fc h\u0259ft\u0259d\u0259 1 g\u00fcn;<\/li><li>\u018fm\u0259k haqq\u0131 m\u00fcsahib\u0259 \u0259sas\u0131nda namiz\u0259din bilik v\u0259 bacar\u0131qlar\u0131na uy\u011fun olaraq t\u0259yin olunacaqd\u0131r;<\/li><li>S\u0259n\u0259dl\u0259\u015fdirm\u0259 qanunvericiliy\u0259 uy\u011fun \u015f\u0259kild\u0259 apar\u0131l\u0131r;<\/li><\/ul><\/li><\/ul><p style=\"padding-left: 40px;\">M\u00fcvafiq t\u0259l\u0259bl\u0259r\u0259 uy\u011fun olan namiz\u0259dl\u0259r CV-l\u0259rini m\u00f6vzu hiss\u0259sind\u0259 <strong>\u201cKorporativ sat\u0131\u015f m\u00fct\u0259x\u0259ssisi\u201d<\/strong> qeyd etm\u0259kl\u0259 <strong>hr@antaris.az<\/strong> elektron po\u00e7t \u00fcnvan\u0131na g\u00f6nd\u0259r\u0259 bil\u0259rl\u0259r.<\/p>\t\t\t\t\t\t\t<\/div>\n\t\t\t\t\t\t\t\t\t\t\t<\/div>\n\n\t\t\t\t\t\t\t\t\t\t\t\t\t\t\n\t\t\t\t\t<div class=\"wd-tab-content wd-entry-content\">\n\t\t\t\t\t\t\t\t\t\t\t\t\t<div >\n\t\t\t\t\t\t\t\t<p style=\"padding-left: 40px;\"><strong>QEYD\u0130YYAT\u00c7I<\/strong><\/p><p style=\"padding-left: 40px;\"><strong>\u0130\u015f bar\u0259d\u0259 m\u0259lumat:<\/strong><\/p><ul><li style=\"list-style-type: none;\"><ul><li>Ofis\u0259 g\u0259l\u0259n qonaqlar\u0131n qar\u015f\u0131lanmas\u0131, y\u00f6nl\u0259ndirilm\u0259si, z\u0259ngl\u0259rin, info- mailin\u0259 g\u0259l\u0259n e maill\u0259rin cavabland\u0131r\u0131lmas\u0131, m\u00fcvafiq y\u00f6nl\u0259ndirilm\u0259si;<\/li><li>Ba\u015f ofis\u0259 daxil olan v\u0259 \u00e7\u0131xan s\u0259n\u0259dl\u0259rin, ba\u011flamalar\u0131n q\u0259bulu, t\u0259hvil-t\u0259slimi, qeydiyyat\u0131, aidiyyat\u0131 \u00fczr\u0259 y\u00f6nl\u0259ndirilm\u0259si, taml\u0131\u011f\u0131na, d\u00f6vriyy\u0259sin\u0259 n\u0259zar\u0259t;<\/li><li>\u015eirk\u0259t\u0259 daxil olan elektron s\u0259n\u0259dl\u0259rin d\u00fczg\u00fcn y\u00f6nl\u0259ndirilm\u0259si, t\u0259l\u0259b olunan elektron s\u0259n\u0259dl\u0259rin;<\/li><li>\u015eirk\u0259tin elektron serverin\u0259 yerl\u0259\u015fdirilm\u0259si, g\u00fcnd\u0259lik Anbar-\u00c7atd\u0131r\u0131lmadan daxil olan sat\u0131\u015f qaim\u0259l\u0259rin scan olmas\u0131, elektron server\u0259 t\u0259snifat\u0131na uy\u011fun yerl\u0259\u015fdirilm\u0259si;<\/li><li>Ba\u015f ofis\u0259 inzibati texniki n\u0259zar\u0259t;<\/li><li>Ba\u015f ofisin istifad\u0259 ofis il\u0259 ba\u011fl\u0131 sor\u011fular\u0131n\u0131n Sat\u0131nalma \u015f\u00f6b\u0259sin\u0259 y\u00f6nl\u0259ndirilm\u0259si, vaxt\u0131 vaxt\u0131nda, d\u0259qiq t\u0259min olunmas\u0131na n\u0259zar\u0259t;<\/li><li>\u015eirk\u0259tin Korporativ n\u00f6mr\u0259l\u0259rinin proxy serverin\u0259 n\u0259zar\u0259t;<\/li><li>\u0130R g\u00f6st\u0259ri\u015fi il\u0259 ayl\u0131q i\u015f\u0259 giri\u015f-\u00e7\u0131x\u0131\u015f\u0131n c\u0259dv\u0259l\u0259 k\u00f6\u00e7\u00fcr\u00fclm\u0259si, \u0130R-na t\u0259hvili;<\/li><li>\u0130R g\u00f6st\u0259ri\u015fi \u0259sas\u0131nda vakansiyaya uy\u011fun namiz\u0259dl\u0259rl\u0259 \u0259laq\u0259 saxlan\u0131b ofis\u0259 d\u0259v\u0259t olunmas\u0131;<\/li><li>R\u0259hb\u0259rliyin v\u0259 \u0130R tap\u015f\u0131r\u0131qlar\u0131n\u0131 icra etm\u0259k.<\/li><\/ul><\/li><\/ul><p style=\"padding-left: 40px;\"><strong>Namiz\u0259d\u0259 t\u0259l\u0259bl\u0259r:<\/strong><\/p><ul><li style=\"list-style-type: none;\"><ul><li>T\u0259hsil \u2013 Ali v\u0259 ya orta ixtisas;<\/li><li>1 ild\u0259n a\u015fa\u011f\u0131 i\u015f t\u0259cr\u00fcb\u0259si;<\/li><li>Ya\u015f h\u0259ddi 21-33 ya\u015f aras\u0131;<\/li><li>Dil bilikl\u0259ri: Az\u0259rbaycan dili \u2013 S\u0259lis i\u015fguzar \u015fifahi, yaz\u0131l\u0131 \u00fcnsiyy\u0259t;<\/li><li>S\u0259rb\u0259st kompyuter istifad\u0259\u00e7isi (MC word, Excel, Power point, e-po\u00e7t);<\/li><li>D\u0259qiqlik, d\u00fcr\u00fcstl\u00fck, y\u00fcks\u0259k m\u0259suliyy\u0259t, diqq\u0259t, problem h\u0259ll etm\u0259 bacar\u0131\u011f\u0131na malik analitik d\u00fc\u015f\u00fcnc\u0259;<\/li><li>T\u0259\u015fkilati bacar\u0131qlar;<\/li><li>Komandada i\u015fl\u0259m\u0259k qabiliyy\u0259ti, stress\u0259davaml\u0131l\u0131q, \u00e7eviklik;<\/li><li>\u015e\u0259xsi inki\u015faf y\u00f6n\u00fcml\u00fc;<\/li><\/ul><\/li><\/ul><p style=\"padding-left: 40px;\"><strong>\u0130\u015f \u015f\u0259raiti:<\/strong><\/p><ul><li style=\"list-style-type: none;\"><ul><li>\u0130\u015f g\u00fcnl\u0259rinin say\u0131 6 g\u00fcn;<\/li><li>\u0130stirah\u0259t g\u00fcn\u00fc h\u0259ft\u0259d\u0259 1 g\u00fcn;<\/li><li>\u018fm\u0259k haqq\u0131 m\u00fcsahib\u0259 \u0259sas\u0131nda m\u00fc\u0259yy\u0259nl\u0259\u015fdiril\u0259c\u0259k;<\/li><li>S\u0259n\u0259dl\u0259\u015fdirm\u0259 qanunvericiliy\u0259 uy\u011fun \u015f\u0259kild\u0259 apar\u0131l\u0131r;<\/li><\/ul><\/li><\/ul><p style=\"padding-left: 40px;\">M\u00fcvafiq t\u0259l\u0259bl\u0259r\u0259 uy\u011fun olan namiz\u0259dl\u0259r CV-l\u0259rini m\u00f6vzu hiss\u0259sind\u0259 <strong>\u201cQeydiyyat\u00e7\u0131\u201d<\/strong> qeyd etm\u0259kl\u0259 <strong>hr@antaris.az<\/strong> elektron po\u00e7t \u00fcnvan\u0131na g\u00f6nd\u0259r\u0259 bil\u0259rl\u0259r.<\/p>\t\t\t\t\t\t\t<\/div>\n\t\t\t\t\t\t\t\t\t\t\t<\/div>\n\n\t\t\t\t\t\t\t<\/div>\n\t\t<\/div>\n\t\t\t\t\t\t<\/div>\n\t\t\t\t<\/div>\n\t\t\t\t\t<\/div>\n\t\t\t\t<\/div>\n\t\t\t\t<\/div>","protected":false},"excerpt":{"rendered":"<p>Hal-haz\u0131rda aktiv vakansiya yoxdur. M\u00f6vcud vakansiyalar Korporativ sat\u0131\u015f m\u00fct\u0259x\u0259ssisi Qeydiyyat\u00e7\u0131 KORPORAT\u0130V SATI\u015e M\u00dcT\u018fX\u018fSS\u0130S\u0130 \u0130\u015f bar\u0259d\u0259 m\u0259lumat: Bazar ara\u015fd\u0131rmas\u0131 aparmaq, m\u00fc\u015ft\u0259ri<\/p>","protected":false},"author":1,"featured_media":0,"parent":0,"menu_order":0,"comment_status":"closed","ping_status":"closed","template":"","meta":{"_joinchat":[],"footnotes":""},"class_list":["post-91057","page","type-page","status-publish","hentry"],"yoast_head":"<!-- This site is optimized with the Yoast SEO plugin v27.5 - https:\/\/yoast.com\/product\/yoast-seo-wordpress\/ -->\n<title>Karyera - Antaris<\/title>\n<meta name=\"robots\" content=\"index, follow, max-snippet:-1, max-image-preview:large, max-video-preview:-1\" \/>\n<link rel=\"canonical\" href=\"https:\/\/antaris.az\/ru\/karyera\/\" \/>\n<meta property=\"og:locale\" content=\"ru_RU\" \/>\n<meta property=\"og:type\" content=\"article\" \/>\n<meta property=\"og:title\" content=\"Karyera - Antaris\" \/>\n<meta property=\"og:description\" content=\"Hal-haz\u0131rda aktiv vakansiya yoxdur. M\u00f6vcud vakansiyalar Korporativ sat\u0131\u015f m\u00fct\u0259x\u0259ssisi Qeydiyyat\u00e7\u0131 KORPORAT\u0130V SATI\u015e M\u00dcT\u018fX\u018fSS\u0130S\u0130 \u0130\u015f bar\u0259d\u0259 m\u0259lumat: Bazar ara\u015fd\u0131rmas\u0131 aparmaq, m\u00fc\u015ft\u0259ri\" \/>\n<meta property=\"og:url\" content=\"https:\/\/antaris.az\/ru\/karyera\/\" \/>\n<meta property=\"og:site_name\" content=\"Antaris\" \/>\n<meta property=\"article:publisher\" content=\"https:\/\/www.facebook.com\/antaris.az\/\" \/>\n<meta property=\"article:modified_time\" content=\"2025-02-04T05:59:28+00:00\" \/>\n<script type=\"application\/ld+json\" class=\"yoast-schema-graph\">{\"@context\":\"https:\\\/\\\/schema.org\",\"@graph\":[{\"@type\":\"WebPage\",\"@id\":\"https:\\\/\\\/antaris.az\\\/karyera\\\/\",\"url\":\"https:\\\/\\\/antaris.az\\\/karyera\\\/\",\"name\":\"Karyera - Antaris\",\"isPartOf\":{\"@id\":\"https:\\\/\\\/antaris.az\\\/#website\"},\"datePublished\":\"2023-02-06T16:57:07+00:00\",\"dateModified\":\"2025-02-04T05:59:28+00:00\",\"breadcrumb\":{\"@id\":\"https:\\\/\\\/antaris.az\\\/karyera\\\/#breadcrumb\"},\"inLanguage\":\"ru-RU\",\"potentialAction\":[{\"@type\":\"ReadAction\",\"target\":[\"https:\\\/\\\/antaris.az\\\/karyera\\\/\"]}]},{\"@type\":\"BreadcrumbList\",\"@id\":\"https:\\\/\\\/antaris.az\\\/karyera\\\/#breadcrumb\",\"itemListElement\":[{\"@type\":\"ListItem\",\"position\":1,\"name\":\"Home\",\"item\":\"https:\\\/\\\/antaris.az\\\/\"},{\"@type\":\"ListItem\",\"position\":2,\"name\":\"Karyera\"}]},{\"@type\":\"WebSite\",\"@id\":\"https:\\\/\\\/antaris.az\\\/#website\",\"url\":\"https:\\\/\\\/antaris.az\\\/\",\"name\":\"Antaris\",\"description\":\"Ofis, ev, m\u0259kt\u0259b \u00fc\u00e7\u00fcn h\u0259r \u015fey\",\"publisher\":{\"@id\":\"https:\\\/\\\/antaris.az\\\/#organization\"},\"potentialAction\":[{\"@type\":\"SearchAction\",\"target\":{\"@type\":\"EntryPoint\",\"urlTemplate\":\"https:\\\/\\\/antaris.az\\\/?s={search_term_string}\"},\"query-input\":{\"@type\":\"PropertyValueSpecification\",\"valueRequired\":true,\"valueName\":\"search_term_string\"}}],\"inLanguage\":\"ru-RU\"},{\"@type\":\"Organization\",\"@id\":\"https:\\\/\\\/antaris.az\\\/#organization\",\"name\":\"Antaris QSC\",\"url\":\"https:\\\/\\\/antaris.az\\\/\",\"logo\":{\"@type\":\"ImageObject\",\"inLanguage\":\"ru-RU\",\"@id\":\"https:\\\/\\\/antaris.az\\\/#\\\/schema\\\/logo\\\/image\\\/\",\"url\":\"https:\\\/\\\/antaris.az\\\/wp-content\\\/uploads\\\/2025\\\/03\\\/Antaris-logo.png\",\"contentUrl\":\"https:\\\/\\\/antaris.az\\\/wp-content\\\/uploads\\\/2025\\\/03\\\/Antaris-logo.png\",\"width\":500,\"height\":500,\"caption\":\"Antaris QSC\"},\"image\":{\"@id\":\"https:\\\/\\\/antaris.az\\\/#\\\/schema\\\/logo\\\/image\\\/\"},\"sameAs\":[\"https:\\\/\\\/www.facebook.com\\\/antaris.az\\\/\",\"https:\\\/\\\/www.instagram.com\\\/antaris.az\\\/\"]}]}<\/script>\n<!-- \/ Yoast SEO plugin. -->","yoast_head_json":{"title":"Karyera - Antaris","robots":{"index":"index","follow":"follow","max-snippet":"max-snippet:-1","max-image-preview":"max-image-preview:large","max-video-preview":"max-video-preview:-1"},"canonical":"https:\/\/antaris.az\/ru\/karyera\/","og_locale":"ru_RU","og_type":"article","og_title":"Karyera - Antaris","og_description":"Hal-haz\u0131rda aktiv vakansiya yoxdur. M\u00f6vcud vakansiyalar Korporativ sat\u0131\u015f m\u00fct\u0259x\u0259ssisi Qeydiyyat\u00e7\u0131 KORPORAT\u0130V SATI\u015e M\u00dcT\u018fX\u018fSS\u0130S\u0130 \u0130\u015f bar\u0259d\u0259 m\u0259lumat: Bazar ara\u015fd\u0131rmas\u0131 aparmaq, m\u00fc\u015ft\u0259ri","og_url":"https:\/\/antaris.az\/ru\/karyera\/","og_site_name":"Antaris","article_publisher":"https:\/\/www.facebook.com\/antaris.az\/","article_modified_time":"2025-02-04T05:59:28+00:00","schema":{"@context":"https:\/\/schema.org","@graph":[{"@type":"WebPage","@id":"https:\/\/antaris.az\/karyera\/","url":"https:\/\/antaris.az\/karyera\/","name":"Karyera - Antaris","isPartOf":{"@id":"https:\/\/antaris.az\/#website"},"datePublished":"2023-02-06T16:57:07+00:00","dateModified":"2025-02-04T05:59:28+00:00","breadcrumb":{"@id":"https:\/\/antaris.az\/karyera\/#breadcrumb"},"inLanguage":"ru-RU","potentialAction":[{"@type":"ReadAction","target":["https:\/\/antaris.az\/karyera\/"]}]},{"@type":"BreadcrumbList","@id":"https:\/\/antaris.az\/karyera\/#breadcrumb","itemListElement":[{"@type":"ListItem","position":1,"name":"Home","item":"https:\/\/antaris.az\/"},{"@type":"ListItem","position":2,"name":"Karyera"}]},{"@type":"WebSite","@id":"https:\/\/antaris.az\/#website","url":"https:\/\/antaris.az\/","name":"Antaris","description":"Ofis, ev, m\u0259kt\u0259b \u00fc\u00e7\u00fcn h\u0259r \u015fey","publisher":{"@id":"https:\/\/antaris.az\/#organization"},"potentialAction":[{"@type":"SearchAction","target":{"@type":"EntryPoint","urlTemplate":"https:\/\/antaris.az\/?s={search_term_string}"},"query-input":{"@type":"PropertyValueSpecification","valueRequired":true,"valueName":"search_term_string"}}],"inLanguage":"ru-RU"},{"@type":"Organization","@id":"https:\/\/antaris.az\/#organization","name":"\u0410\u043d\u0442\u0430\u0440\u0438\u0441 \u0417\u0410\u041e","url":"https:\/\/antaris.az\/","logo":{"@type":"ImageObject","inLanguage":"ru-RU","@id":"https:\/\/antaris.az\/#\/schema\/logo\/image\/","url":"https:\/\/antaris.az\/wp-content\/uploads\/2025\/03\/Antaris-logo.png","contentUrl":"https:\/\/antaris.az\/wp-content\/uploads\/2025\/03\/Antaris-logo.png","width":500,"height":500,"caption":"Antaris QSC"},"image":{"@id":"https:\/\/antaris.az\/#\/schema\/logo\/image\/"},"sameAs":["https:\/\/www.facebook.com\/antaris.az\/","https:\/\/www.instagram.com\/antaris.az\/"]}]}},"_links":{"self":[{"href":"https:\/\/antaris.az\/ru\/wp-json\/wp\/v2\/pages\/91057","targetHints":{"allow":["GET"]}}],"collection":[{"href":"https:\/\/antaris.az\/ru\/wp-json\/wp\/v2\/pages"}],"about":[{"href":"https:\/\/antaris.az\/ru\/wp-json\/wp\/v2\/types\/page"}],"author":[{"embeddable":true,"href":"https:\/\/antaris.az\/ru\/wp-json\/wp\/v2\/users\/1"}],"replies":[{"embeddable":true,"href":"https:\/\/antaris.az\/ru\/wp-json\/wp\/v2\/comments?post=91057"}],"version-history":[{"count":1,"href":"https:\/\/antaris.az\/ru\/wp-json\/wp\/v2\/pages\/91057\/revisions"}],"predecessor-version":[{"id":131359,"href":"https:\/\/antaris.az\/ru\/wp-json\/wp\/v2\/pages\/91057\/revisions\/131359"}],"wp:attachment":[{"href":"https:\/\/antaris.az\/ru\/wp-json\/wp\/v2\/media?parent=91057"}],"curies":[{"name":"wp","href":"https:\/\/api.w.org\/{rel}","templated":true}]}}