{"id":6399,"date":"2020-04-26T15:45:34","date_gmt":"2020-04-26T12:45:34","guid":{"rendered":"http:\/\/www2.antaris.az\/?page_id=6399"},"modified":"2024-06-04T19:56:35","modified_gmt":"2024-06-04T16:56:35","slug":"geri-qaytarma-v%c9%99-d%c9%99yisdirilm%c9%99","status":"publish","type":"page","link":"https:\/\/antaris.az\/ru\/geri-qaytarma-v%c9%99-d%c9%99yisdirilm%c9%99\/","title":{"rendered":"\u0412\u043e\u0437\u0432\u0440\u0430\u0442 \u0438 \u043e\u0431\u043c\u0435\u043d"},"content":{"rendered":"<div data-elementor-type=\"wp-page\" data-elementor-id=\"6399\" class=\"elementor elementor-6399\" data-elementor-post-type=\"page\">\n\t\t\t\t\t\t<section class=\"wd-negative-gap elementor-section elementor-top-section elementor-element elementor-element-e2a0da3 elementor-section-boxed elementor-section-height-default elementor-section-height-default\" data-id=\"e2a0da3\" data-element_type=\"section\" data-e-type=\"section\">\n\t\t\t\t\t\t<div class=\"elementor-container elementor-column-gap-default\">\n\t\t\t\t\t<div class=\"elementor-column elementor-col-100 elementor-top-column elementor-element elementor-element-1477563\" data-id=\"1477563\" data-element_type=\"column\" data-e-type=\"column\">\n\t\t\t<div class=\"elementor-widget-wrap elementor-element-populated\">\n\t\t\t\t\t\t<div class=\"elementor-element elementor-element-6bf7347 elementor-widget elementor-widget-wd_text_block\" data-id=\"6bf7347\" data-element_type=\"widget\" data-e-type=\"widget\" data-widget_type=\"wd_text_block.default\">\n\t\t\t\t<div class=\"elementor-widget-container\">\n\t\t\t\t\t\t\t<div class=\"wd-text-block reset-last-child text-left\">\n\t\t\t\n\t\t\t<p>Antaris QSC-d\u0259n online v\u0259 ya dig\u0259r formada al\u0131nan mallar\u0131n d\u0259yi\u015fdirilm\u0259si\/geri qaytar\u0131lmas\u0131 qaydalar\u0131 a\u011fad\u0131dak\u0131 kimidir:<\/p><ol><li>Geri qaytar\u0131lmas\u0131 qada\u011fan olunan mallar istisna olmaqla b\u00fct\u00fcn mallar Az\u0259rbaycan Respublikas\u0131n\u0131n \u0130stehlak\u00e7\u0131lar\u0131n h\u00fcquqlar\u0131n\u0131n m\u00fcdafi\u0259si haqq\u0131nda qanunun 15-ci madd\u0259sind\u0259 qeyd edildiyi \u015f\u0259rtl\u0259 14 g\u00fcn \u0259rzind\u0259 geri qaytar\u0131la bil\u0259r.<\/li><li>Mal t\u0259hvil al\u0131nan zaman m\u00fctl\u0259q \u015f\u0259kild\u0259 fiziki x\u00fcsusiyy\u0259tl\u0259ri, funksionall\u0131qlar\u0131 yoxlanmal\u0131d\u0131r, \u0259g\u0259r h\u0259r hans\u0131 irad varsa yerind\u0259 \u00e7atd\u0131r\u0131lman\u0131 ed\u0259n \u0259m\u0259kda\u015f\u0131m\u0131za bildirilm\u0259lidir,<\/li><li>Mal\u0131n qutusu (\u0259g\u0259r qutuda olan mald\u0131rsa) a\u00e7\u0131l\u0131bsa,<\/li><li>Mal istifad\u0259 edilmi\u015fdirs\u0259,<\/li><li>Mal\u0131n \u0259mt\u0259\u0259 g\u00f6r\u00fcn\u00fc\u015f\u00fc, istehlak x\u00fcsusiyy\u0259tl\u0259ri v\u0259 fiziki g\u00f6st\u0259ricil\u0259rd\u0259 deformasiya olubsa,<\/li><li>Al\u0131\u015f v\u0259 \u00e7atd\u0131r\u0131lma zaman\u0131 t\u0259qdim olunan s\u0259n\u0259d (elektron v\u0259 ya adi s\u0259n\u0259d) saxlan\u0131bsa,<\/li><li>AR-n\u0131n NK-nin m\u00fcvafiq q\u0259rar\u0131n\u0131n siyah\u0131 hal\u0131nda d\u0259yi\u015fdirilm\u0259si\/geri qaytar\u0131lmas\u0131 edilm\u0259y\u0259n mallardan deyils\u0259,<\/li><li>Geri qaytar\u0131lma v\u0259 d\u0259yi\u015fdirilm\u0259 ancaq istehsal x\u0259tas\u0131na g\u00f6r\u0259 olan q\u00fcsurdursa v\u0259 ya bu q\u00fcsur t\u0259hvil t\u0259slim zaman\u0131 ortaya \u00e7\u0131xm\u0131\u015fd\u0131rsa bu zaman geri qaytarma\/d\u0259yi\u015fdirm\u0259 icra edilir.<\/li><li>Mal qaytar\u0131lan\/d\u0259yi\u015fdiril\u0259n zaman qabla\u015fd\u0131rmas\u0131, al\u0131\u015f s\u0259n\u0259dl\u0259ri v\u0259 aksesuarlar\u0131 (akseasuarlar\u0131 olan mald\u0131rsa) il\u0259 birlikd\u0259 verilm\u0259lidir.<\/li><\/ol><p>A\u015fa\u011f\u0131dak\u0131 mallar\u0131n geri qaytar\u0131lmas\u0131 edilmir:<\/p><ol><li>D\u0259ri m\u0259mulatlar\u0131<\/li><li>M\u0259kt\u0259b, h\u0259diyy\u0259lik, hobbi, ev \u0259\u015fyas\u0131 v\u0259 dig\u0259r f\u0259rdi istifad\u0259 mallar\u0131<\/li><li>B\u00fct\u00fcn n\u00f6v Gigiyena m\u0259hsullar\u0131<\/li><li>Sifari\u015f \u0259sas\u0131nda \u015f\u0259xs\u0259 \u00f6z\u0259l olaraq haz\u0131rlanm\u0131\u015f m\u0259hsullar<\/li><li>Hiss\u0259l\u0259rd\u0259n ibar\u0259t olaraq anbarda saxlan\u0131lan v\u0259 m\u00fc\u015ft\u0259rinin ist\u0259yi il\u0259 montaj edil\u0259r\u0259k m\u00fc\u015ft\u0259rinin ofisin\u0259 \u00e7atd\u0131rlan mallar (d\u0259mir dolablar, mebell\u0259r v\u0259 s.)<\/li><li>Seyf v\u0259 dig\u0259r bu tipd\u0259 kassa v\u0259 m\u00fchafiz\u0259 m\u0259qs\u0259dli mallar.<\/li><\/ol>\n\t\t\t\t\t<\/div>\n\t\t\t\t\t\t<\/div>\n\t\t\t\t<\/div>\n\t\t\t\t\t<\/div>\n\t\t<\/div>\n\t\t\t\t\t<\/div>\n\t\t<\/section>\n\t\t\t\t<\/div>","protected":false},"excerpt":{"rendered":"<p>Antaris QSC-d\u0259n online v\u0259 ya dig\u0259r formada al\u0131nan mallar\u0131n d\u0259yi\u015fdirilm\u0259si\/geri qaytar\u0131lmas\u0131 qaydalar\u0131 a\u011fad\u0131dak\u0131 kimidir: Geri qaytar\u0131lmas\u0131 qada\u011fan olunan mallar istisna<\/p>","protected":false},"author":1,"featured_media":0,"parent":0,"menu_order":0,"comment_status":"closed","ping_status":"closed","template":"","meta":{"_joinchat":[],"footnotes":""},"class_list":["post-6399","page","type-page","status-publish","hentry"],"yoast_head":"<!-- This site is optimized with the Yoast SEO plugin v27.3 - https:\/\/yoast.com\/product\/yoast-seo-wordpress\/ -->\n<title>Geri qaytarma v\u0259 d\u0259yi\u015fdirilm\u0259 - Antaris<\/title>\n<meta name=\"robots\" content=\"index, follow, max-snippet:-1, max-image-preview:large, max-video-preview:-1\" \/>\n<link rel=\"canonical\" href=\"https:\/\/antaris.az\/ru\/geri-qaytarma-v\u0259-d\u0259yisdirilm\u0259\/\" \/>\n<meta property=\"og:locale\" content=\"ru_RU\" \/>\n<meta property=\"og:type\" content=\"article\" \/>\n<meta property=\"og:title\" content=\"Geri qaytarma v\u0259 d\u0259yi\u015fdirilm\u0259 - Antaris\" \/>\n<meta property=\"og:description\" content=\"Antaris QSC-d\u0259n online v\u0259 ya dig\u0259r formada al\u0131nan mallar\u0131n d\u0259yi\u015fdirilm\u0259si\/geri qaytar\u0131lmas\u0131 qaydalar\u0131 a\u011fad\u0131dak\u0131 kimidir: Geri qaytar\u0131lmas\u0131 qada\u011fan olunan mallar istisna\" \/>\n<meta property=\"og:url\" content=\"https:\/\/antaris.az\/ru\/geri-qaytarma-v\u0259-d\u0259yisdirilm\u0259\/\" \/>\n<meta property=\"og:site_name\" content=\"Antaris\" \/>\n<meta property=\"article:publisher\" content=\"https:\/\/www.facebook.com\/antaris.az\/\" \/>\n<meta property=\"article:modified_time\" content=\"2024-06-04T16:56:35+00:00\" \/>\n<script type=\"application\/ld+json\" class=\"yoast-schema-graph\">{\"@context\":\"https:\\\/\\\/schema.org\",\"@graph\":[{\"@type\":\"WebPage\",\"@id\":\"https:\\\/\\\/antaris.az\\\/geri-qaytarma-v%c9%99-d%c9%99yisdirilm%c9%99\\\/\",\"url\":\"https:\\\/\\\/antaris.az\\\/geri-qaytarma-v%c9%99-d%c9%99yisdirilm%c9%99\\\/\",\"name\":\"Geri qaytarma v\u0259 d\u0259yi\u015fdirilm\u0259 - Antaris\",\"isPartOf\":{\"@id\":\"https:\\\/\\\/antaris.az\\\/#website\"},\"datePublished\":\"2020-04-26T12:45:34+00:00\",\"dateModified\":\"2024-06-04T16:56:35+00:00\",\"breadcrumb\":{\"@id\":\"https:\\\/\\\/antaris.az\\\/geri-qaytarma-v%c9%99-d%c9%99yisdirilm%c9%99\\\/#breadcrumb\"},\"inLanguage\":\"ru-RU\",\"potentialAction\":[{\"@type\":\"ReadAction\",\"target\":[\"https:\\\/\\\/antaris.az\\\/geri-qaytarma-v%c9%99-d%c9%99yisdirilm%c9%99\\\/\"]}]},{\"@type\":\"BreadcrumbList\",\"@id\":\"https:\\\/\\\/antaris.az\\\/geri-qaytarma-v%c9%99-d%c9%99yisdirilm%c9%99\\\/#breadcrumb\",\"itemListElement\":[{\"@type\":\"ListItem\",\"position\":1,\"name\":\"Home\",\"item\":\"https:\\\/\\\/antaris.az\\\/\"},{\"@type\":\"ListItem\",\"position\":2,\"name\":\"Geri qaytarma v\u0259 d\u0259yi\u015fdirilm\u0259\"}]},{\"@type\":\"WebSite\",\"@id\":\"https:\\\/\\\/antaris.az\\\/#website\",\"url\":\"https:\\\/\\\/antaris.az\\\/\",\"name\":\"Antaris\",\"description\":\"Ofis, ev, m\u0259kt\u0259b \u00fc\u00e7\u00fcn h\u0259r \u015fey\",\"publisher\":{\"@id\":\"https:\\\/\\\/antaris.az\\\/#organization\"},\"potentialAction\":[{\"@type\":\"SearchAction\",\"target\":{\"@type\":\"EntryPoint\",\"urlTemplate\":\"https:\\\/\\\/antaris.az\\\/?s={search_term_string}\"},\"query-input\":{\"@type\":\"PropertyValueSpecification\",\"valueRequired\":true,\"valueName\":\"search_term_string\"}}],\"inLanguage\":\"ru-RU\"},{\"@type\":\"Organization\",\"@id\":\"https:\\\/\\\/antaris.az\\\/#organization\",\"name\":\"Antaris QSC\",\"url\":\"https:\\\/\\\/antaris.az\\\/\",\"logo\":{\"@type\":\"ImageObject\",\"inLanguage\":\"ru-RU\",\"@id\":\"https:\\\/\\\/antaris.az\\\/#\\\/schema\\\/logo\\\/image\\\/\",\"url\":\"https:\\\/\\\/antaris.az\\\/wp-content\\\/uploads\\\/2025\\\/03\\\/Antaris-logo.png\",\"contentUrl\":\"https:\\\/\\\/antaris.az\\\/wp-content\\\/uploads\\\/2025\\\/03\\\/Antaris-logo.png\",\"width\":500,\"height\":500,\"caption\":\"Antaris QSC\"},\"image\":{\"@id\":\"https:\\\/\\\/antaris.az\\\/#\\\/schema\\\/logo\\\/image\\\/\"},\"sameAs\":[\"https:\\\/\\\/www.facebook.com\\\/antaris.az\\\/\",\"https:\\\/\\\/www.instagram.com\\\/antaris.az\\\/\"]}]}<\/script>\n<!-- \/ Yoast SEO plugin. -->","yoast_head_json":{"title":"Geri qaytarma v\u0259 d\u0259yi\u015fdirilm\u0259 - Antaris","robots":{"index":"index","follow":"follow","max-snippet":"max-snippet:-1","max-image-preview":"max-image-preview:large","max-video-preview":"max-video-preview:-1"},"canonical":"https:\/\/antaris.az\/ru\/geri-qaytarma-v\u0259-d\u0259yisdirilm\u0259\/","og_locale":"ru_RU","og_type":"article","og_title":"Geri qaytarma v\u0259 d\u0259yi\u015fdirilm\u0259 - Antaris","og_description":"Antaris QSC-d\u0259n online v\u0259 ya dig\u0259r formada al\u0131nan mallar\u0131n d\u0259yi\u015fdirilm\u0259si\/geri qaytar\u0131lmas\u0131 qaydalar\u0131 a\u011fad\u0131dak\u0131 kimidir: Geri qaytar\u0131lmas\u0131 qada\u011fan olunan mallar istisna","og_url":"https:\/\/antaris.az\/ru\/geri-qaytarma-v\u0259-d\u0259yisdirilm\u0259\/","og_site_name":"Antaris","article_publisher":"https:\/\/www.facebook.com\/antaris.az\/","article_modified_time":"2024-06-04T16:56:35+00:00","schema":{"@context":"https:\/\/schema.org","@graph":[{"@type":"WebPage","@id":"https:\/\/antaris.az\/geri-qaytarma-v%c9%99-d%c9%99yisdirilm%c9%99\/","url":"https:\/\/antaris.az\/geri-qaytarma-v%c9%99-d%c9%99yisdirilm%c9%99\/","name":"Geri qaytarma v\u0259 d\u0259yi\u015fdirilm\u0259 - Antaris","isPartOf":{"@id":"https:\/\/antaris.az\/#website"},"datePublished":"2020-04-26T12:45:34+00:00","dateModified":"2024-06-04T16:56:35+00:00","breadcrumb":{"@id":"https:\/\/antaris.az\/geri-qaytarma-v%c9%99-d%c9%99yisdirilm%c9%99\/#breadcrumb"},"inLanguage":"ru-RU","potentialAction":[{"@type":"ReadAction","target":["https:\/\/antaris.az\/geri-qaytarma-v%c9%99-d%c9%99yisdirilm%c9%99\/"]}]},{"@type":"BreadcrumbList","@id":"https:\/\/antaris.az\/geri-qaytarma-v%c9%99-d%c9%99yisdirilm%c9%99\/#breadcrumb","itemListElement":[{"@type":"ListItem","position":1,"name":"Home","item":"https:\/\/antaris.az\/"},{"@type":"ListItem","position":2,"name":"Geri qaytarma v\u0259 d\u0259yi\u015fdirilm\u0259"}]},{"@type":"WebSite","@id":"https:\/\/antaris.az\/#website","url":"https:\/\/antaris.az\/","name":"Antaris","description":"Ofis, ev, m\u0259kt\u0259b \u00fc\u00e7\u00fcn h\u0259r \u015fey","publisher":{"@id":"https:\/\/antaris.az\/#organization"},"potentialAction":[{"@type":"SearchAction","target":{"@type":"EntryPoint","urlTemplate":"https:\/\/antaris.az\/?s={search_term_string}"},"query-input":{"@type":"PropertyValueSpecification","valueRequired":true,"valueName":"search_term_string"}}],"inLanguage":"ru-RU"},{"@type":"Organization","@id":"https:\/\/antaris.az\/#organization","name":"\u0410\u043d\u0442\u0430\u0440\u0438\u0441 \u0417\u0410\u041e","url":"https:\/\/antaris.az\/","logo":{"@type":"ImageObject","inLanguage":"ru-RU","@id":"https:\/\/antaris.az\/#\/schema\/logo\/image\/","url":"https:\/\/antaris.az\/wp-content\/uploads\/2025\/03\/Antaris-logo.png","contentUrl":"https:\/\/antaris.az\/wp-content\/uploads\/2025\/03\/Antaris-logo.png","width":500,"height":500,"caption":"Antaris QSC"},"image":{"@id":"https:\/\/antaris.az\/#\/schema\/logo\/image\/"},"sameAs":["https:\/\/www.facebook.com\/antaris.az\/","https:\/\/www.instagram.com\/antaris.az\/"]}]}},"_links":{"self":[{"href":"https:\/\/antaris.az\/ru\/wp-json\/wp\/v2\/pages\/6399","targetHints":{"allow":["GET"]}}],"collection":[{"href":"https:\/\/antaris.az\/ru\/wp-json\/wp\/v2\/pages"}],"about":[{"href":"https:\/\/antaris.az\/ru\/wp-json\/wp\/v2\/types\/page"}],"author":[{"embeddable":true,"href":"https:\/\/antaris.az\/ru\/wp-json\/wp\/v2\/users\/1"}],"replies":[{"embeddable":true,"href":"https:\/\/antaris.az\/ru\/wp-json\/wp\/v2\/comments?post=6399"}],"version-history":[{"count":0,"href":"https:\/\/antaris.az\/ru\/wp-json\/wp\/v2\/pages\/6399\/revisions"}],"wp:attachment":[{"href":"https:\/\/antaris.az\/ru\/wp-json\/wp\/v2\/media?parent=6399"}],"curies":[{"name":"wp","href":"https:\/\/api.w.org\/{rel}","templated":true}]}}