{"id":20372,"date":"2020-07-30T19:21:48","date_gmt":"2020-07-30T16:21:48","guid":{"rendered":"http:\/\/www2.antaris.az\/?page_id=20372"},"modified":"2020-07-30T19:21:48","modified_gmt":"2020-07-30T16:21:48","slug":"yeni","status":"publish","type":"page","link":"https:\/\/antaris.az\/ru\/yeni\/","title":{"rendered":"Yeni"},"content":{"rendered":"<p>[vc_row css=&#8221;.vc_custom_1497424250728{margin-bottom: 8vh !important;}&#8221;][vc_column][products_tabs design=&#8221;simple&#8221; color=&#8221;eyJwYXJhbV90eXBlIjoid29vZG1hcnRfY29sb3JwaWNrZXIiLCJjc3NfYXJncyI6eyJjb2xvciI6WyIudGFicy1kZXNpZ24tc2ltcGxlIC5wcm9kdWN0cy10YWJzLXRpdGxlIGxpLmFjdGl2ZS10YWItdGl0bGUiLCIudGFicy1kZXNpZ24tc2ltcGxlIC5vd2wtbmF2ID4gZGl2OmhvdmVyIiwiLnRhYnMtZGVzaWduLXNpbXBsZSAud3JhcC1sb2FkaW5nLWFycm93ID4gZGl2Om5vdCguZGlzYWJsZWQpOmhvdmVyIl0sImJvcmRlci1jb2xvciI6WyIudGFicy1kZXNpZ24tc2ltcGxlIC50YWJzLW5hbWUiXSwiYmFja2dyb3VuZC1jb2xvciI6WyIudGFicy1kZXNpZ24tZGVmYXVsdCAucHJvZHVjdHMtdGFicy10aXRsZSAudGFiLWxhYmVsOmFmdGVyIiwiLnRhYnMtZGVzaWduLWFsdCAucHJvZHVjdHMtdGFicy10aXRsZSAudGFiLWxhYmVsOmFmdGVyIl19LCJzZWxlY3Rvcl9pZCI6IjVlYjE4NTYzZDEwODUiLCJkYXRhIjp7ImRlc2t0b3AiOiIjZDIxOTM3In19&#8243; title=&#8221;YEN\u0130&#8221; woodmart_css_id=&#8221;5eb18563d1085&#8243;][products_tab items_per_page=&#8221;16&#8243; pagination=&#8221;infinit&#8221; orderby=&#8221;date&#8221; columns=&#8221;4&#8243; sale_countdown=&#8221;0&#8243; stock_progress_bar=&#8221;0&#8243; products_bordered_grid=&#8221;0&#8243; lazy_loading=&#8221;yes&#8221;][\/products_tabs][\/vc_column][\/vc_row]<\/p>\n","protected":false},"excerpt":{"rendered":"<p>[vc_row css=&#8221;.vc_custom_1497424250728{margin-bottom: 8vh !important;}&#8221;][vc_column][products_tabs design=&#8221;simple&#8221; color=&#8221;eyJwYXJhbV90eXBlIjoid29vZG1hcnRfY29sb3JwaWNrZXIiLCJjc3NfYXJncyI6eyJjb2xvciI6WyIudGFicy1kZXNpZ24tc2ltcGxlIC5wcm9kdWN0cy10YWJzLXRpdGxlIGxpLmFjdGl2ZS10YWItdGl0bGUiLCIudGFicy1kZXNpZ24tc2ltcGxlIC5vd2wtbmF2ID4gZGl2OmhvdmVyIiwiLnRhYnMtZGVzaWduLXNpbXBsZSAud3JhcC1sb2FkaW5nLWFycm93ID4gZGl2Om5vdCguZGlzYWJsZWQpOmhvdmVyIl0sImJvcmRlci1jb2xvciI6WyIudGFicy1kZXNpZ24tc2ltcGxlIC50YWJzLW5hbWUiXSwiYmFja2dyb3VuZC1jb2xvciI6WyIudGFicy1kZXNpZ24tZGVmYXVsdCAucHJvZHVjdHMtdGFicy10aXRsZSAudGFiLWxhYmVsOmFmdGVyIiwiLnRhYnMtZGVzaWduLWFsdCAucHJvZHVjdHMtdGFicy10aXRsZSAudGFiLWxhYmVsOmFmdGVyIl19LCJzZWxlY3Rvcl9pZCI6IjVlYjE4NTYzZDEwODUiLCJkYXRhIjp7ImRlc2t0b3AiOiIjZDIxOTM3In19&#8243; title=&#8221;YEN\u0130&#8221; woodmart_css_id=&#8221;5eb18563d1085&#8243;][products_tab items_per_page=&#8221;16&#8243; pagination=&#8221;infinit&#8221; orderby=&#8221;date&#8221; columns=&#8221;4&#8243; sale_countdown=&#8221;0&#8243; stock_progress_bar=&#8221;0&#8243; products_bordered_grid=&#8221;0&#8243; lazy_loading=&#8221;yes&#8221;][\/products_tabs][\/vc_column][\/vc_row]<\/p>\n","protected":false},"author":1,"featured_media":0,"parent":0,"menu_order":0,"comment_status":"closed","ping_status":"closed","template":"","meta":{"_joinchat":[],"footnotes":""},"class_list":["post-20372","page","type-page","status-publish","hentry"],"yoast_head":"<!-- This site is optimized with the Yoast SEO plugin v27.5 - https:\/\/yoast.com\/product\/yoast-seo-wordpress\/ -->\n<title>Antaris - Ofis, ev, m\u0259kt\u0259b \u00fc\u00e7\u00fcn h\u0259r \u015fey<\/title>\n<meta name=\"description\" content=\"Ofis, ev, m\u0259kt\u0259b \u00fc\u00e7\u00fcn h\u0259r \u015fey\" \/>\n<meta name=\"robots\" content=\"index, follow, max-snippet:-1, max-image-preview:large, max-video-preview:-1\" \/>\n<link rel=\"canonical\" href=\"https:\/\/antaris.az\/ru\/yeni\/\" \/>\n<meta property=\"og:locale\" content=\"ru_RU\" \/>\n<meta property=\"og:type\" content=\"article\" \/>\n<meta property=\"og:title\" content=\"Antaris\" \/>\n<meta property=\"og:description\" content=\"Ofis, ev, m\u0259kt\u0259b \u00fc\u00e7\u00fcn h\u0259r \u015fey\" \/>\n<meta property=\"og:url\" content=\"https:\/\/antaris.az\/ru\/yeni\/\" \/>\n<meta property=\"og:site_name\" content=\"Antaris\" \/>\n<meta property=\"article:publisher\" content=\"https:\/\/www.facebook.com\/antaris.az\/\" \/>\n<script type=\"application\/ld+json\" class=\"yoast-schema-graph\">{\"@context\":\"https:\\\/\\\/schema.org\",\"@graph\":[{\"@type\":\"WebPage\",\"@id\":\"https:\\\/\\\/antaris.az\\\/yeni\\\/\",\"url\":\"https:\\\/\\\/antaris.az\\\/yeni\\\/\",\"name\":\"Antaris - Ofis, ev, m\u0259kt\u0259b \u00fc\u00e7\u00fcn h\u0259r \u015fey\",\"isPartOf\":{\"@id\":\"https:\\\/\\\/antaris.az\\\/#website\"},\"datePublished\":\"2020-07-30T16:21:48+00:00\",\"description\":\"Ofis, ev, m\u0259kt\u0259b \u00fc\u00e7\u00fcn h\u0259r \u015fey\",\"breadcrumb\":{\"@id\":\"https:\\\/\\\/antaris.az\\\/yeni\\\/#breadcrumb\"},\"inLanguage\":\"ru-RU\",\"potentialAction\":[{\"@type\":\"ReadAction\",\"target\":[\"https:\\\/\\\/antaris.az\\\/yeni\\\/\"]}]},{\"@type\":\"BreadcrumbList\",\"@id\":\"https:\\\/\\\/antaris.az\\\/yeni\\\/#breadcrumb\",\"itemListElement\":[{\"@type\":\"ListItem\",\"position\":1,\"name\":\"Home\",\"item\":\"https:\\\/\\\/antaris.az\\\/\"},{\"@type\":\"ListItem\",\"position\":2,\"name\":\"Yeni\"}]},{\"@type\":\"WebSite\",\"@id\":\"https:\\\/\\\/antaris.az\\\/#website\",\"url\":\"https:\\\/\\\/antaris.az\\\/\",\"name\":\"Antaris\",\"description\":\"Ofis, ev, m\u0259kt\u0259b \u00fc\u00e7\u00fcn h\u0259r \u015fey\",\"publisher\":{\"@id\":\"https:\\\/\\\/antaris.az\\\/#organization\"},\"potentialAction\":[{\"@type\":\"SearchAction\",\"target\":{\"@type\":\"EntryPoint\",\"urlTemplate\":\"https:\\\/\\\/antaris.az\\\/?s={search_term_string}\"},\"query-input\":{\"@type\":\"PropertyValueSpecification\",\"valueRequired\":true,\"valueName\":\"search_term_string\"}}],\"inLanguage\":\"ru-RU\"},{\"@type\":\"Organization\",\"@id\":\"https:\\\/\\\/antaris.az\\\/#organization\",\"name\":\"Antaris QSC\",\"url\":\"https:\\\/\\\/antaris.az\\\/\",\"logo\":{\"@type\":\"ImageObject\",\"inLanguage\":\"ru-RU\",\"@id\":\"https:\\\/\\\/antaris.az\\\/#\\\/schema\\\/logo\\\/image\\\/\",\"url\":\"https:\\\/\\\/antaris.az\\\/wp-content\\\/uploads\\\/2025\\\/03\\\/Antaris-logo.png\",\"contentUrl\":\"https:\\\/\\\/antaris.az\\\/wp-content\\\/uploads\\\/2025\\\/03\\\/Antaris-logo.png\",\"width\":500,\"height\":500,\"caption\":\"Antaris QSC\"},\"image\":{\"@id\":\"https:\\\/\\\/antaris.az\\\/#\\\/schema\\\/logo\\\/image\\\/\"},\"sameAs\":[\"https:\\\/\\\/www.facebook.com\\\/antaris.az\\\/\",\"https:\\\/\\\/www.instagram.com\\\/antaris.az\\\/\"]}]}<\/script>\n<!-- \/ Yoast SEO plugin. -->","yoast_head_json":{"title":"Antaris - Ofis, ev, m\u0259kt\u0259b \u00fc\u00e7\u00fcn h\u0259r \u015fey","description":"Ofis, ev, m\u0259kt\u0259b \u00fc\u00e7\u00fcn h\u0259r \u015fey","robots":{"index":"index","follow":"follow","max-snippet":"max-snippet:-1","max-image-preview":"max-image-preview:large","max-video-preview":"max-video-preview:-1"},"canonical":"https:\/\/antaris.az\/ru\/yeni\/","og_locale":"ru_RU","og_type":"article","og_title":"Antaris","og_description":"Ofis, ev, m\u0259kt\u0259b \u00fc\u00e7\u00fcn h\u0259r \u015fey","og_url":"https:\/\/antaris.az\/ru\/yeni\/","og_site_name":"Antaris","article_publisher":"https:\/\/www.facebook.com\/antaris.az\/","schema":{"@context":"https:\/\/schema.org","@graph":[{"@type":"WebPage","@id":"https:\/\/antaris.az\/yeni\/","url":"https:\/\/antaris.az\/yeni\/","name":"Antaris - Ofis, ev, m\u0259kt\u0259b \u00fc\u00e7\u00fcn h\u0259r \u015fey","isPartOf":{"@id":"https:\/\/antaris.az\/#website"},"datePublished":"2020-07-30T16:21:48+00:00","description":"Ofis, ev, m\u0259kt\u0259b \u00fc\u00e7\u00fcn h\u0259r \u015fey","breadcrumb":{"@id":"https:\/\/antaris.az\/yeni\/#breadcrumb"},"inLanguage":"ru-RU","potentialAction":[{"@type":"ReadAction","target":["https:\/\/antaris.az\/yeni\/"]}]},{"@type":"BreadcrumbList","@id":"https:\/\/antaris.az\/yeni\/#breadcrumb","itemListElement":[{"@type":"ListItem","position":1,"name":"Home","item":"https:\/\/antaris.az\/"},{"@type":"ListItem","position":2,"name":"Yeni"}]},{"@type":"WebSite","@id":"https:\/\/antaris.az\/#website","url":"https:\/\/antaris.az\/","name":"Antaris","description":"Ofis, ev, m\u0259kt\u0259b \u00fc\u00e7\u00fcn h\u0259r \u015fey","publisher":{"@id":"https:\/\/antaris.az\/#organization"},"potentialAction":[{"@type":"SearchAction","target":{"@type":"EntryPoint","urlTemplate":"https:\/\/antaris.az\/?s={search_term_string}"},"query-input":{"@type":"PropertyValueSpecification","valueRequired":true,"valueName":"search_term_string"}}],"inLanguage":"ru-RU"},{"@type":"Organization","@id":"https:\/\/antaris.az\/#organization","name":"\u0410\u043d\u0442\u0430\u0440\u0438\u0441 \u0417\u0410\u041e","url":"https:\/\/antaris.az\/","logo":{"@type":"ImageObject","inLanguage":"ru-RU","@id":"https:\/\/antaris.az\/#\/schema\/logo\/image\/","url":"https:\/\/antaris.az\/wp-content\/uploads\/2025\/03\/Antaris-logo.png","contentUrl":"https:\/\/antaris.az\/wp-content\/uploads\/2025\/03\/Antaris-logo.png","width":500,"height":500,"caption":"Antaris QSC"},"image":{"@id":"https:\/\/antaris.az\/#\/schema\/logo\/image\/"},"sameAs":["https:\/\/www.facebook.com\/antaris.az\/","https:\/\/www.instagram.com\/antaris.az\/"]}]}},"_links":{"self":[{"href":"https:\/\/antaris.az\/ru\/wp-json\/wp\/v2\/pages\/20372","targetHints":{"allow":["GET"]}}],"collection":[{"href":"https:\/\/antaris.az\/ru\/wp-json\/wp\/v2\/pages"}],"about":[{"href":"https:\/\/antaris.az\/ru\/wp-json\/wp\/v2\/types\/page"}],"author":[{"embeddable":true,"href":"https:\/\/antaris.az\/ru\/wp-json\/wp\/v2\/users\/1"}],"replies":[{"embeddable":true,"href":"https:\/\/antaris.az\/ru\/wp-json\/wp\/v2\/comments?post=20372"}],"version-history":[{"count":0,"href":"https:\/\/antaris.az\/ru\/wp-json\/wp\/v2\/pages\/20372\/revisions"}],"wp:attachment":[{"href":"https:\/\/antaris.az\/ru\/wp-json\/wp\/v2\/media?parent=20372"}],"curies":[{"name":"wp","href":"https:\/\/api.w.org\/{rel}","templated":true}]}}