{"id":111404,"date":"2024-10-19T21:04:30","date_gmt":"2024-10-19T18:04:30","guid":{"rendered":"https:\/\/antaris.az\/?page_id=111404"},"modified":"2024-10-25T08:31:32","modified_gmt":"2024-10-25T05:31:32","slug":"xidm%c9%99t-s%c9%99rtl%c9%99ri","status":"publish","type":"page","link":"https:\/\/antaris.az\/ru\/xidm%c9%99t-s%c9%99rtl%c9%99ri\/","title":{"rendered":"\u0423\u0441\u043b\u043e\u0432\u0438\u044f \u043e\u0431\u0441\u043b\u0443\u0436\u0438\u0432\u0430\u043d\u0438\u044f"},"content":{"rendered":"<div data-elementor-type=\"wp-page\" data-elementor-id=\"111404\" class=\"elementor elementor-111404\" data-elementor-post-type=\"page\">\n\t\t\t\t<div class=\"wd-negative-gap elementor-element elementor-element-1d2ff71 e-flex e-con-boxed e-con e-parent\" data-id=\"1d2ff71\" data-element_type=\"container\" data-e-type=\"container\">\n\t\t\t\t\t<div class=\"e-con-inner\">\n\t\t\t\t<div class=\"elementor-element elementor-element-f006a85 elementor-widget elementor-widget-wd_text_block\" data-id=\"f006a85\" data-element_type=\"widget\" data-e-type=\"widget\" data-widget_type=\"wd_text_block.default\">\n\t\t\t\t<div class=\"elementor-widget-container\">\n\t\t\t\t\t\t\t<div class=\"wd-text-block reset-last-child text-center\">\n\t\t\t\n\t\t\t<p style=\"text-align: center;\">Son Yenil\u0259nm\u0259 Tarixi: 19.10.2024<\/p><blockquote><p style=\"text-align: left;\">1. Giri\u015f<br \/>Bu xidm\u0259t \u015f\u0259rtl\u0259ri (bundan sonra \"\u015e\u0259rtl\u0259r\" adland\u0131r\u0131lacaq) Antaris.az veb sayt\u0131n\u0131n (bundan sonra \"Sayt\" adland\u0131r\u0131lacaq) istifad\u0259si \u00fc\u00e7\u00fcn t\u0259tbiq olunur. Sayt\u0131n istifad\u0259si, bu \u015e\u0259rtl\u0259rin q\u0259bul edilm\u0259si il\u0259 ba\u015fa \u00e7at\u0131r.<\/p><p style=\"text-align: left;\">2. \u0130stifad\u0259\u00e7i T\u0259l\u0259bl\u0259ri<br \/>Sayt\u0131 istifad\u0259 etm\u0259k \u00fc\u00e7\u00fcn istifad\u0259\u00e7il\u0259r a\u015fa\u011f\u0131dak\u0131 t\u0259l\u0259bl\u0259r\u0259 cavab verm\u0259lidirl\u0259r:<br \/>\u2022 \u0130stifad\u0259\u00e7i 18 ya\u015f\u0131nda olmal\u0131d\u0131r.<br \/>\u2022 \u0130stifad\u0259\u00e7i, sayt\u0131n m\u0259qs\u0259din\u0259 uy\u011fun \u015f\u0259kild\u0259 m\u0259lumat t\u0259qdim etm\u0259lidir.<\/p><p style=\"text-align: left;\">3. \u0130stifad\u0259 Haqlar\u0131<br \/>Antaris.az, istifad\u0259\u00e7il\u0259r\u0259 sayt\u0131n m\u0259zmununu \u015f\u0259xsi m\u0259qs\u0259dl\u0259ri \u00fc\u00e7\u00fcn g\u00f6r\u00fcnt\u00fcl\u0259m\u0259k v\u0259 istifad\u0259 etm\u0259k haqq\u0131n\u0131 verir. \u0130stifad\u0259\u00e7il\u0259r, sayt\u0131n b\u00fct\u00fcn m\u0259zmununu, o c\u00fcml\u0259d\u0259n yaz\u0131l\u0131 materiallar\u0131, \u015f\u0259kill\u0259ri v\u0259 dig\u0259r resurslar\u0131 icaz\u0259siz sur\u0259tini \u00e7\u0131xara v\u0259 ya yay\u0131mlaya bilm\u0259zl\u0259r.<\/p><p style=\"text-align: left;\">4. M\u0259zmun<br \/>Saytda t\u0259qdim olunan m\u0259zmunun d\u0259qiqliyi, taml\u0131\u011f\u0131 v\u0259 etibarl\u0131l\u0131\u011f\u0131 il\u0259 ba\u011fl\u0131 m\u0259suliyy\u0259t Antaris.az-a aiddir. Saytda t\u0259qdim olunan m\u0259lumatlar, m\u0259sl\u0259h\u0259t verm\u0259k m\u0259qs\u0259dil\u0259 t\u0259qdim olunmu\u015fdur v\u0259 h\u0259r hans\u0131 bir yanl\u0131\u015fl\u0131\u011fa g\u00f6r\u0259 m\u0259suliyy\u0259t da\u015f\u0131m\u0131r.<\/p><p style=\"text-align: left;\">5. Qada\u011fan Edil\u0259n F\u0259aliyy\u0259tl\u0259r<br \/>\u0130stifad\u0259\u00e7il\u0259r a\u015fa\u011f\u0131dak\u0131 f\u0259aliyy\u0259td\u0259n \u00e7\u0259kinm\u0259lidirl\u0259r:<br \/>\u2022 Sayt\u0131n t\u0259hl\u00fck\u0259sizliyin\u0259 z\u0259r\u0259r ver\u0259c\u0259k h\u0259r hans\u0131 bir f\u0259aliyy\u0259t.<br \/>\u2022 \u0130stifad\u0259\u00e7il\u0259rin \u015f\u0259xsi m\u0259lumatlar\u0131na v\u0259 ya dig\u0259r \u015f\u0259xsi m\u0259lumatlara icaz\u0259siz giri\u015f.<br \/>\u2022 Sayt\u0131n i\u015fini pozan v\u0259 ya onun normal f\u0259aliyy\u0259tini t\u0259hl\u00fck\u0259y\u0259 atan h\u0259r hans\u0131 bir f\u0259aliyy\u0259t.<\/p><p style=\"text-align: left;\">6. M\u0259suliyy\u0259t<br \/>Antaris.az, sayt\u0131n istifad\u0259sind\u0259n do\u011fan h\u0259r hans\u0131 bir birba\u015fa, dolay\u0131, t\u0259sad\u00fcfi, n\u0259tic\u0259vi v\u0259 ya c\u0259zai ziyanlara g\u00f6r\u0259 m\u0259suliyy\u0259t da\u015f\u0131m\u0131r.<\/p><p style=\"text-align: left;\">7. D\u0259yi\u015fiklikl\u0259r<br \/>Antaris.az bu \u015e\u0259rtl\u0259rd\u0259 d\u0259yi\u015fiklikl\u0259r ed\u0259 bil\u0259r. H\u0259r hans\u0131 bir d\u0259yi\u015fiklik edildikd\u0259, istifad\u0259\u00e7il\u0259r veb saytda x\u0259b\u0259rdar edil\u0259c\u0259kdir. \u0130stifad\u0259\u00e7il\u0259r, d\u0259yi\u015fiklikl\u0259rd\u0259n sonra Sayt\u0131 istifad\u0259 etm\u0259y\u0259 davam ed\u0259r\u0259k, yeni \u015e\u0259rtl\u0259ri q\u0259bul etmi\u015f say\u0131l\u0131rlar.<\/p><p style=\"text-align: left;\">8. \u018flaq\u0259<br \/>Bu \u015e\u0259rtl\u0259rl\u0259 ba\u011fl\u0131 h\u0259r hans\u0131 bir sual\u0131n\u0131z varsa, biziml\u0259 \u0259laq\u0259 saxlamaq \u00fc\u00e7\u00fcn info@antaris.az e-po\u00e7t \u00fcnvan\u0131na m\u00fcraci\u0259t ed\u0259 bil\u0259rsiniz.<\/p><\/blockquote>\n\t\t\t\t\t<\/div>\n\t\t\t\t\t\t<\/div>\n\t\t\t\t<\/div>\n\t\t\t\t\t<\/div>\n\t\t\t\t<\/div>\n\t\t\t\t<\/div>","protected":false},"excerpt":{"rendered":"<p>Son Yenil\u0259nm\u0259 Tarixi: 19.10.2024 1. Giri\u015fBu xidm\u0259t \u015f\u0259rtl\u0259ri (bundan sonra &#8220;\u015e\u0259rtl\u0259r&#8221; adland\u0131r\u0131lacaq) Antaris.az veb sayt\u0131n\u0131n (bundan sonra &#8220;Sayt&#8221; adland\u0131r\u0131lacaq) istifad\u0259si<\/p>","protected":false},"author":3557,"featured_media":0,"parent":0,"menu_order":0,"comment_status":"closed","ping_status":"closed","template":"","meta":{"_joinchat":[],"footnotes":""},"class_list":["post-111404","page","type-page","status-publish","hentry"],"yoast_head":"<!-- This site is optimized with the Yoast SEO plugin v27.5 - https:\/\/yoast.com\/product\/yoast-seo-wordpress\/ -->\n<title>Xidm\u0259t \u015e\u0259rtl\u0259ri - Antaris<\/title>\n<meta name=\"robots\" content=\"index, follow, max-snippet:-1, max-image-preview:large, max-video-preview:-1\" \/>\n<link rel=\"canonical\" href=\"https:\/\/antaris.az\/ru\/xidm\u0259t-s\u0259rtl\u0259ri\/\" \/>\n<meta property=\"og:locale\" content=\"ru_RU\" \/>\n<meta property=\"og:type\" content=\"article\" \/>\n<meta property=\"og:title\" content=\"Xidm\u0259t \u015e\u0259rtl\u0259ri - Antaris\" \/>\n<meta property=\"og:description\" content=\"Son Yenil\u0259nm\u0259 Tarixi: 19.10.2024 1. Giri\u015fBu xidm\u0259t \u015f\u0259rtl\u0259ri (bundan sonra &#8220;\u015e\u0259rtl\u0259r&#8221; adland\u0131r\u0131lacaq) Antaris.az veb sayt\u0131n\u0131n (bundan sonra &#8220;Sayt&#8221; adland\u0131r\u0131lacaq) istifad\u0259si\" \/>\n<meta property=\"og:url\" content=\"https:\/\/antaris.az\/ru\/xidm\u0259t-s\u0259rtl\u0259ri\/\" \/>\n<meta property=\"og:site_name\" content=\"Antaris\" \/>\n<meta property=\"article:publisher\" content=\"https:\/\/www.facebook.com\/antaris.az\/\" \/>\n<meta property=\"article:modified_time\" content=\"2024-10-25T05:31:32+00:00\" \/>\n<script type=\"application\/ld+json\" class=\"yoast-schema-graph\">{\"@context\":\"https:\\\/\\\/schema.org\",\"@graph\":[{\"@type\":\"WebPage\",\"@id\":\"https:\\\/\\\/antaris.az\\\/xidm%c9%99t-s%c9%99rtl%c9%99ri\\\/\",\"url\":\"https:\\\/\\\/antaris.az\\\/xidm%c9%99t-s%c9%99rtl%c9%99ri\\\/\",\"name\":\"Xidm\u0259t \u015e\u0259rtl\u0259ri - Antaris\",\"isPartOf\":{\"@id\":\"https:\\\/\\\/antaris.az\\\/#website\"},\"datePublished\":\"2024-10-19T18:04:30+00:00\",\"dateModified\":\"2024-10-25T05:31:32+00:00\",\"breadcrumb\":{\"@id\":\"https:\\\/\\\/antaris.az\\\/xidm%c9%99t-s%c9%99rtl%c9%99ri\\\/#breadcrumb\"},\"inLanguage\":\"ru-RU\",\"potentialAction\":[{\"@type\":\"ReadAction\",\"target\":[\"https:\\\/\\\/antaris.az\\\/xidm%c9%99t-s%c9%99rtl%c9%99ri\\\/\"]}]},{\"@type\":\"BreadcrumbList\",\"@id\":\"https:\\\/\\\/antaris.az\\\/xidm%c9%99t-s%c9%99rtl%c9%99ri\\\/#breadcrumb\",\"itemListElement\":[{\"@type\":\"ListItem\",\"position\":1,\"name\":\"Home\",\"item\":\"https:\\\/\\\/antaris.az\\\/\"},{\"@type\":\"ListItem\",\"position\":2,\"name\":\"Xidm\u0259t \u015e\u0259rtl\u0259ri\"}]},{\"@type\":\"WebSite\",\"@id\":\"https:\\\/\\\/antaris.az\\\/#website\",\"url\":\"https:\\\/\\\/antaris.az\\\/\",\"name\":\"Antaris\",\"description\":\"Ofis, ev, m\u0259kt\u0259b \u00fc\u00e7\u00fcn h\u0259r \u015fey\",\"publisher\":{\"@id\":\"https:\\\/\\\/antaris.az\\\/#organization\"},\"potentialAction\":[{\"@type\":\"SearchAction\",\"target\":{\"@type\":\"EntryPoint\",\"urlTemplate\":\"https:\\\/\\\/antaris.az\\\/?s={search_term_string}\"},\"query-input\":{\"@type\":\"PropertyValueSpecification\",\"valueRequired\":true,\"valueName\":\"search_term_string\"}}],\"inLanguage\":\"ru-RU\"},{\"@type\":\"Organization\",\"@id\":\"https:\\\/\\\/antaris.az\\\/#organization\",\"name\":\"Antaris QSC\",\"url\":\"https:\\\/\\\/antaris.az\\\/\",\"logo\":{\"@type\":\"ImageObject\",\"inLanguage\":\"ru-RU\",\"@id\":\"https:\\\/\\\/antaris.az\\\/#\\\/schema\\\/logo\\\/image\\\/\",\"url\":\"https:\\\/\\\/antaris.az\\\/wp-content\\\/uploads\\\/2025\\\/03\\\/Antaris-logo.png\",\"contentUrl\":\"https:\\\/\\\/antaris.az\\\/wp-content\\\/uploads\\\/2025\\\/03\\\/Antaris-logo.png\",\"width\":500,\"height\":500,\"caption\":\"Antaris QSC\"},\"image\":{\"@id\":\"https:\\\/\\\/antaris.az\\\/#\\\/schema\\\/logo\\\/image\\\/\"},\"sameAs\":[\"https:\\\/\\\/www.facebook.com\\\/antaris.az\\\/\",\"https:\\\/\\\/www.instagram.com\\\/antaris.az\\\/\"]}]}<\/script>\n<!-- \/ Yoast SEO plugin. -->","yoast_head_json":{"title":"Xidm\u0259t \u015e\u0259rtl\u0259ri - Antaris","robots":{"index":"index","follow":"follow","max-snippet":"max-snippet:-1","max-image-preview":"max-image-preview:large","max-video-preview":"max-video-preview:-1"},"canonical":"https:\/\/antaris.az\/ru\/xidm\u0259t-s\u0259rtl\u0259ri\/","og_locale":"ru_RU","og_type":"article","og_title":"Xidm\u0259t \u015e\u0259rtl\u0259ri - Antaris","og_description":"Son Yenil\u0259nm\u0259 Tarixi: 19.10.2024 1. Giri\u015fBu xidm\u0259t \u015f\u0259rtl\u0259ri (bundan sonra &#8220;\u015e\u0259rtl\u0259r&#8221; adland\u0131r\u0131lacaq) Antaris.az veb sayt\u0131n\u0131n (bundan sonra &#8220;Sayt&#8221; adland\u0131r\u0131lacaq) istifad\u0259si","og_url":"https:\/\/antaris.az\/ru\/xidm\u0259t-s\u0259rtl\u0259ri\/","og_site_name":"Antaris","article_publisher":"https:\/\/www.facebook.com\/antaris.az\/","article_modified_time":"2024-10-25T05:31:32+00:00","schema":{"@context":"https:\/\/schema.org","@graph":[{"@type":"WebPage","@id":"https:\/\/antaris.az\/xidm%c9%99t-s%c9%99rtl%c9%99ri\/","url":"https:\/\/antaris.az\/xidm%c9%99t-s%c9%99rtl%c9%99ri\/","name":"Xidm\u0259t \u015e\u0259rtl\u0259ri - Antaris","isPartOf":{"@id":"https:\/\/antaris.az\/#website"},"datePublished":"2024-10-19T18:04:30+00:00","dateModified":"2024-10-25T05:31:32+00:00","breadcrumb":{"@id":"https:\/\/antaris.az\/xidm%c9%99t-s%c9%99rtl%c9%99ri\/#breadcrumb"},"inLanguage":"ru-RU","potentialAction":[{"@type":"ReadAction","target":["https:\/\/antaris.az\/xidm%c9%99t-s%c9%99rtl%c9%99ri\/"]}]},{"@type":"BreadcrumbList","@id":"https:\/\/antaris.az\/xidm%c9%99t-s%c9%99rtl%c9%99ri\/#breadcrumb","itemListElement":[{"@type":"ListItem","position":1,"name":"Home","item":"https:\/\/antaris.az\/"},{"@type":"ListItem","position":2,"name":"Xidm\u0259t \u015e\u0259rtl\u0259ri"}]},{"@type":"WebSite","@id":"https:\/\/antaris.az\/#website","url":"https:\/\/antaris.az\/","name":"Antaris","description":"Ofis, ev, m\u0259kt\u0259b \u00fc\u00e7\u00fcn h\u0259r \u015fey","publisher":{"@id":"https:\/\/antaris.az\/#organization"},"potentialAction":[{"@type":"SearchAction","target":{"@type":"EntryPoint","urlTemplate":"https:\/\/antaris.az\/?s={search_term_string}"},"query-input":{"@type":"PropertyValueSpecification","valueRequired":true,"valueName":"search_term_string"}}],"inLanguage":"ru-RU"},{"@type":"Organization","@id":"https:\/\/antaris.az\/#organization","name":"\u0410\u043d\u0442\u0430\u0440\u0438\u0441 \u0417\u0410\u041e","url":"https:\/\/antaris.az\/","logo":{"@type":"ImageObject","inLanguage":"ru-RU","@id":"https:\/\/antaris.az\/#\/schema\/logo\/image\/","url":"https:\/\/antaris.az\/wp-content\/uploads\/2025\/03\/Antaris-logo.png","contentUrl":"https:\/\/antaris.az\/wp-content\/uploads\/2025\/03\/Antaris-logo.png","width":500,"height":500,"caption":"Antaris QSC"},"image":{"@id":"https:\/\/antaris.az\/#\/schema\/logo\/image\/"},"sameAs":["https:\/\/www.facebook.com\/antaris.az\/","https:\/\/www.instagram.com\/antaris.az\/"]}]}},"_links":{"self":[{"href":"https:\/\/antaris.az\/ru\/wp-json\/wp\/v2\/pages\/111404","targetHints":{"allow":["GET"]}}],"collection":[{"href":"https:\/\/antaris.az\/ru\/wp-json\/wp\/v2\/pages"}],"about":[{"href":"https:\/\/antaris.az\/ru\/wp-json\/wp\/v2\/types\/page"}],"author":[{"embeddable":true,"href":"https:\/\/antaris.az\/ru\/wp-json\/wp\/v2\/users\/3557"}],"replies":[{"embeddable":true,"href":"https:\/\/antaris.az\/ru\/wp-json\/wp\/v2\/comments?post=111404"}],"version-history":[{"count":0,"href":"https:\/\/antaris.az\/ru\/wp-json\/wp\/v2\/pages\/111404\/revisions"}],"wp:attachment":[{"href":"https:\/\/antaris.az\/ru\/wp-json\/wp\/v2\/media?parent=111404"}],"curies":[{"name":"wp","href":"https:\/\/api.w.org\/{rel}","templated":true}]}}