{"id":111403,"date":"2024-10-19T21:05:34","date_gmt":"2024-10-19T18:05:34","guid":{"rendered":"https:\/\/antaris.az\/?page_id=111403"},"modified":"2024-10-24T13:51:04","modified_gmt":"2024-10-24T10:51:04","slug":"m%c9%99xfilik-siyas%c9%99ti","status":"publish","type":"page","link":"https:\/\/antaris.az\/ru\/m%c9%99xfilik-siyas%c9%99ti\/","title":{"rendered":"\u041f\u043e\u043b\u0438\u0442\u0438\u043a\u0430 \u043a\u043e\u043d\u0444\u0438\u0434\u0435\u043d\u0446\u0438\u0430\u043b\u044c\u043d\u043e\u0441\u0442\u0438"},"content":{"rendered":"<div data-elementor-type=\"wp-page\" data-elementor-id=\"111403\" class=\"elementor elementor-111403\" data-elementor-post-type=\"page\">\n\t\t\t\t<div class=\"elementor-element elementor-element-8d504b9 e-flex e-con-boxed e-con e-parent\" data-id=\"8d504b9\" data-element_type=\"container\" data-e-type=\"container\">\n\t\t\t\t\t<div class=\"e-con-inner\">\n\t\t\t\t<div class=\"elementor-element elementor-element-66ddf9b elementor-invisible elementor-widget elementor-widget-wd_text_block\" data-id=\"66ddf9b\" data-element_type=\"widget\" data-e-type=\"widget\" data-settings=\"{&quot;_animation&quot;:&quot;fadeIn&quot;}\" data-widget_type=\"wd_text_block.default\">\n\t\t\t\t<div class=\"elementor-widget-container\">\n\t\t\t\t\t\t\t<div class=\"wd-text-block reset-last-child text-center\">\n\t\t\t\n\t\t\t<p style=\"text-align: center;\">Son Yenil\u0259nm\u0259 Tarixi: 19.10.2024<\/p><p style=\"text-align: left;\">H\u00f6rm\u0259tli istifad\u0259\u00e7i, bu veb saytdan istifad\u0259 ed\u0259rk\u0259n v\u0259 bu veb sayt vasit\u0259sil\u0259 t\u0259klif etdiyimiz xidm\u0259tl\u0259rd\u0259n yararlanark\u0259n Sizinl\u0259 ba\u011fl\u0131 \u0259ld\u0259 olunan f\u0259rdi m\u0259lumatlar\u0131n hans\u0131 formada istifad\u0259 olunaca\u011f\u0131 v\u0259 nec\u0259 qorunaca\u011f\u0131 haz\u0131rki \u201cM\u0259xfilik siyas\u0259ti\u201dnd\u0259 qeyd edil\u0259n qaydada t\u0259nziml\u0259nir.<br \/>\u201cM\u0259xfilik siyas\u0259ti\u201d bu veb saytda toplanan m\u0259lumatlara aiddir v\u0259 bu veb saytdan istifad\u0259 etm\u0259kl\u0259 Siz \u201cM\u0259xfilik siyas\u0259ti\u201dnin \u015f\u0259rtl\u0259ri il\u0259 raz\u0131la\u015fd\u0131\u011f\u0131n\u0131z\u0131 t\u0259sdiql\u0259yirsiniz. Az\u0259rbaycan Respublikas\u0131n\u0131n qanunvericiliyinin t\u0259l\u0259bl\u0259rin\u0259 uy\u011fun olaraq \u201cAntaris\u201d QSC yaln\u0131z Sizin t\u0259r\u0259finizd\u0259n veb sayta daxil edilmi\u015f f\u0259rdi m\u0259lumatlar\u0131 toplay\u0131r v\u0259 i\u015fl\u0259yir. Siz veb sayta \u00f6z f\u0259rdi m\u0259lumatlar\u0131n\u0131z\u0131 daxil etm\u0259kl\u0259 h\u0259min m\u0259lumatlar\u0131n \u201c Antaris\u201d ASC t\u0259r\u0259find\u0259n toplanmas\u0131na v\u0259 i\u015fl\u0259nm\u0259sin\u0259 icaz\u0259 vermi\u015f olursunuz.<\/p><blockquote><p>1. Anlay\u0131\u015flar<br \/>Veb sayt \u2013 <a href=\"https:\/\/antaris.az\/\">https:\/\/antaris.az\/<\/a><br \/>Antaris \u2013 \u201cAntaris\u201d Qapal\u0131 S\u0259hmdar C\u0259miyy\u0259ti<br \/>F\u0259rdi m\u0259lumatlar \u2013 \u015f\u0259xsin kimliyini birba\u015fa v\u0259 ya dolay\u0131s\u0131 il\u0259 m\u00fc\u0259yy\u0259nl\u0259\u015fdirm\u0259y\u0259 imkan ver\u0259n ist\u0259nil\u0259n m\u0259lumat.<br \/>X\u00fcsusi kateqoriyal\u0131 f\u0259rdi m\u0259lumatlar \u2013 fiziki \u015f\u0259xsin irqi v\u0259 ya milli m\u0259nsubiyy\u0259tin\u0259, ail\u0259 h\u0259yat\u0131na, dini etiqad\u0131na v\u0259 \u0259qid\u0259sin\u0259, s\u0259hh\u0259tin\u0259 v\u0259 ya m\u0259hkumlu\u011funa aid olan m\u0259lumatlar.<br \/>F\u0259rdi m\u0259lumatlar\u0131n toplan\u0131lmas\u0131 \u2013 \u015f\u0259xs bar\u0259sind\u0259 f\u0259rdi m\u0259lumatlar\u0131n qanuna uy\u011fun olaraq \u0259ld\u0259 edilm\u0259si.<br \/>F\u0259rdi m\u0259lumatlar\u0131n i\u015fl\u0259nilm\u0259si \u2013 f\u0259rdi m\u0259lumatlar \u00fcz\u0259rind\u0259 apar\u0131lan \u0259m\u0259liyyatlar (f\u0259rdi m\u0259lumatlar\u0131n yaz\u0131lmas\u0131, sisteml\u0259\u015fdirilm\u0259si, t\u0259z\u0259l\u0259nm\u0259si, d\u0259yi\u015fdirilm\u0259si, \u00e7\u0131xar\u0131lmas\u0131, ads\u0131zla\u015fd\u0131r\u0131lmas\u0131, saxlanmas\u0131, \u00f6t\u00fcr\u00fclm\u0259si, m\u0259hv edilm\u0259si)<\/p><p>2. F\u0259rdi m\u0259lumatlar\u0131 qoruma \u00f6hd\u0259liyi<br \/>Konfidensial f\u0259rdi m\u0259lumatlar\u0131n\u0131z\u0131n m\u0259xfiliyinin qorunmas\u0131 bizim \u00fc\u00e7\u00fcn vacib amill\u0259rd\u0259n biri oldu\u011funa g\u00f6r\u0259 bununla ba\u011fl\u0131 t\u0259r\u0259fimizd\u0259n laz\u0131mi texniki-t\u0259\u015fkilati t\u0259dbirl\u0259r g\u00f6r\u00fclm\u00fc\u015fd\u00fcr. T\u0259r\u0259fimizd\u0259n toplan\u0131lacaq v\u0259 i\u015fl\u0259nil\u0259c\u0259k f\u0259rdi m\u0259lumatlar\u0131n\u0131z m\u00fcvafiq qanunla qorunur. N\u0259z\u0259riniz\u0259 \u00e7atd\u0131r\u0131r\u0131q ki, \u201cF\u0259rdi m\u0259lumatlar haqq\u0131nda\u201d Az\u0259rbaycan Respublikas\u0131n\u0131n Qanununun 5-ci madd\u0259sinin 2-ci b\u0259ndinin t\u0259l\u0259bin\u0259 uy\u011fun olaraq konfidensial f\u0259rdi m\u0259lumatlar\u0131n\u0131z qanunla m\u00fc\u0259yy\u0259n olunmu\u015f hallar v\u0259 Sizin raz\u0131l\u0131\u011f\u0131n\u0131z istisna olmaqla \u00fc\u00e7\u00fcnc\u00fc \u015f\u0259xsl\u0259r\u0259 verilmir.<\/p><p>3. M\u0259lumat m\u0259nb\u0259l\u0259ri<br \/>Sizinl\u0259 ba\u011fl\u0131 toplan\u0131lan m\u0259lumatlar Siz\u0259 \u0259n uy\u011fun v\u0259 y\u00fcks\u0259k s\u0259viyy\u0259li xidm\u0259t t\u0259qdim etm\u0259yimiz\u0259 v\u0259 g\u00f6st\u0259ril\u0259n xidm\u0259tl\u0259rin s\u0259viyy\u0259sini art\u0131rma\u011f\u0131m\u0131za y\u00f6n\u0259lir. Bu m\u0259lumatlar a\u015fa\u011f\u0131da qeyd edil\u0259n formalarda \u0259ld\u0259 edilir:<br \/>a. Sizin t\u0259r\u0259finizd\u0259n t\u0259qdim edil\u0259n m\u0259lumatlar<br \/>Veb saytdan istifad\u0259 ed\u0259r\u0259k daxil etdiyiniz m\u0259lumatlar t\u0259r\u0259fimizd\u0259n toplan\u0131l\u0131r. Bu yolla \u0259ld\u0259 edilmi\u015f f\u0259rdi m\u0259lumatlar\u0131n\u0131z tamamil\u0259 azad irad\u0259nizl\u0259 t\u0259qdim etdiyiniz m\u0259lumatlard\u0131r. Siz\u0259 y\u00fcks\u0259k s\u0259viyy\u0259li v\u0259 \u0259n \u0259sas\u0131 d\u00fczg\u00fcn xidm\u0259t g\u00f6st\u0259r\u0259 bilm\u0259yimiz \u00fc\u00e7\u00fcn veb saytda Sizd\u0259n t\u0259l\u0259b edil\u0259n m\u0259lumatlar\u0131n ham\u0131s\u0131n\u0131 d\u00fczg\u00fcn v\u0259 tam olaraq qeyd etm\u0259lisiniz. Bundan ba\u015fqa t\u0259l\u0259b etdiyiniz xidm\u0259tin t\u0259\u015fkili \u00fc\u00e7\u00fcn laz\u0131m olan m\u0259lumatlar\u0131 veb sayta daxil etm\u0259diyiniz t\u0259qdird\u0259 t\u0259l\u0259binizi icra etm\u0259yin m\u00fcmk\u00fcn olmayaca\u011f\u0131n\u0131 n\u0259z\u0259r\u0259 almal\u0131s\u0131n\u0131z. Verdiyiniz m\u0259lumatlar\u0131n do\u011fru v\u0259 tam olmas\u0131na g\u00f6r\u0259 Siz \u00f6z\u00fcn\u00fcz m\u0259suliyy\u0259t da\u015f\u0131y\u0131rs\u0131n\u0131z.<br \/>b.M\u0259lumatlar\u0131n avtomatik toplanmas\u0131 al\u0259tl\u0259ri \u2013 Kukil\u0259r<br \/>Kukil\u0259r komp\u00fcteriniz, plan\u015fetiniz v\u0259 ya mobil telefonunuzda saxlan\u0131lan ki\u00e7ik m\u0259tn fayllar\u0131d\u0131r. Bu fayllarda Sizin IP adresiniz, istifad\u0259 olunan brauzer proqram\u0131n\u0131n n\u00f6v\u00fc, saytdan istifad\u0259nin tarixi v\u0259 m\u00fcdd\u0259ti, sayt\u0131n istifad\u0259 etdiyiniz b\u00f6lm\u0259l\u0259ri v\u0259 sair\u0259 haqq\u0131nda m\u0259lumatlar saxlan\u0131l\u0131r. Antaris bir \u00e7ox veb saytlarda oldu\u011fu kimi veb sayt istifad\u0259\u00e7il\u0259ri \u00fc\u00e7\u00fcn xidm\u0259t s\u0259viyy\u0259sinin art\u0131r\u0131lmas\u0131 m\u0259qs\u0259dil\u0259 kukil\u0259rd\u0259n v\u0259 dig\u0259r texnologiyalardan faydalan\u0131r.<br \/>Bu veb saytdan istifad\u0259 ed\u0259r\u0259k Siz Antaris m\u0259lumatlar\u0131 m\u00fc\u0259yy\u0259n edildiyi kimi Sizin qur\u011funuzda saxlamas\u0131 v\u0259 daxil olmas\u0131na raz\u0131l\u0131q verirsiniz. Kukil\u0259rd\u0259n istifad\u0259 olunmas\u0131n\u0131 q\u0259bul etmirsinizs\u0259, veb sayt\u0131 t\u0259rk etm\u0259li v\u0259 ya kuki se\u00e7iml\u0259rinizi haz\u0131rki \u201cM\u0259xfilik siyas\u0259ti\u201dnd\u0259 g\u00f6st\u0259ril\u0259n qaydada d\u0259yi\u015fdirm\u0259lisiniz. Kukil\u0259r\u0259 icaz\u0259 verilm\u0259diyi halda veb saytdak\u0131 b\u0259zi funksiyalar\u0131n \u00f6z funksionall\u0131\u011f\u0131n\u0131 itir\u0259 bil\u0259c\u0259yini n\u0259z\u0259r\u0259 alma\u011f\u0131n\u0131z\u0131 xahi\u015f edirik.<\/p><p>4. Hans\u0131 m\u0259lumatlar toplanacaq?<br \/>a. Veb saytdan istifad\u0259 etdiyiniz zaman veb serverimiz avtomatik olaraq a\u015fa\u011f\u0131dak\u0131 t\u0259f\u0259rr\u00fcatlar\u0131 qeyd edir:<br \/>IP \u00fcnvan\u0131;<br \/>\u0130stifad\u0259 olunan brauzer proqram\u0131n\u0131n n\u00f6v\u00fc;<br \/>Sayt\u0131n istifad\u0259 etdiyiniz b\u00f6lm\u0259l\u0259ri;<br \/>Saytdan istifad\u0259nin tarixi v\u0259 m\u00fcdd\u0259ti v\u0259 sair\u0259.<br \/>b. Eyni zamanda m\u00fcxt\u0259lif f\u0259rdi m\u0259lumatlar\u0131 toplay\u0131b emal ed\u0259c\u0259yik:<br \/>Ad, soyad;<br \/>Cins;<br \/>Do\u011fum tarixiniz;<br \/>\u00dcnvan;<br \/>\u015eirk\u0259t ad\u0131, sahibkarl\u0131q f\u0259aliyy\u0259ti v\u0259 ya pe\u015f\u0259;<br \/>\u018flaq\u0259 m\u0259lumatlar\u0131: e-po\u00e7t \u00fcnvan\u0131, mobil telefon n\u00f6mr\u0259si v\u0259 sair\u0259.<\/p><p>5. M\u0259lumatlar\u0131n i\u015fl\u0259nilm\u0259si<br \/>Biz\u0259 veril\u0259n a\u00e7\u0131q v\u0259 konfidensial f\u0259rdi m\u0259lumatlar\u0131n\u0131z\u0131 a\u015fa\u011f\u0131dak\u0131lar daxil olmaqla, lakin bunlarla m\u0259hdudla\u015fmayan bir s\u0131ra m\u0259qs\u0259dl\u0259r \u00fc\u00e7\u00fcn istifad\u0259 ed\u0259c\u0259yik:<br \/>Bazar ara\u015fd\u0131rmas\u0131, t\u0259hlil-analitik m\u0259qs\u0259dl\u0259r, proses, xidm\u0259t v\u0259 m\u0259hsullar\u0131n t\u0259kmill\u0259\u015fdirilm\u0259si \u00fc\u00e7\u00fcn;<br \/>T\u0259dbirl\u0259rimiz, xidm\u0259tl\u0259rimiz, m\u0259hsullar\u0131m\u0131z v\u0259 yenilikl\u0259rimiz bar\u0259d\u0259 m\u0259lumat verm\u0259k \u00fc\u00e7\u00fcn;<br \/>M\u00fcvafiq qanun v\u0259 qaydalar\u0131n Sizin raz\u0131l\u0131\u011f\u0131n\u0131z\u0131 alma\u011f\u0131m\u0131z\u0131 t\u0259l\u0259b etm\u0259diyi hallar istisna olmaqla f\u0259rdi m\u0259lumatlar\u0131n\u0131z yaln\u0131z Sizin raz\u0131l\u0131\u011f\u0131n\u0131zla dig\u0259r t\u0259r\u0259f\u0259 \u00f6t\u00fcr\u00fcl\u0259 bil\u0259r.<\/p><p>6. M\u0259lumatlar\u0131 \u0259ld\u0259 ed\u0259 bil\u0259n subyektl\u0259r<br \/>Antaris olaraq f\u0259rdi m\u0259lumatlar\u0131n\u0131z\u0131 yuxar\u0131da g\u00f6st\u0259ril\u0259n m\u0259qs\u0259dl\u0259rl\u0259 v\u0259 qanunvericiliy\u0259 uy\u011fun olaraq a\u015fa\u011f\u0131da qeyd edil\u0259n \u00fc\u00e7\u00fcnc\u00fc t\u0259r\u0259fl\u0259rl\u0259 b\u00f6l\u00fc\u015f\u0259 bil\u0259rik:<br \/>Xidm\u0259tin t\u0259min edilm\u0259si m\u0259qs\u0259dil\u0259 f\u0259rdi m\u0259lumatlar\u0131n\u0131z Antaris t\u0259r\u0259find\u0259n d\u00f6vl\u0259t orqanlar\u0131 v\u0259 texniki d\u0259st\u0259k g\u00f6st\u0259rm\u0259k \u00fc\u00e7\u00fcn t\u0259yin edilmi\u015f informasiya texnologiyalar\u0131 \u00fczr\u0259 f\u0259aliyy\u0259t g\u00f6st\u0259r\u0259n \u015firk\u0259tl\u0259r\u0259 \u00f6t\u00fcr\u00fcl\u0259 bil\u0259r;<br \/>H\u0259r hans\u0131 bir qanuni \u00f6hd\u0259liyi yerin\u0259 yetirm\u0259k, o c\u00fcml\u0259d\u0259n Siz\u0259 t\u0259qdim etdiyimiz m\u0259hsul v\u0259 ya xidm\u0259td\u0259n \u015fikay\u0259t etdiyiniz t\u0259qdird\u0259 m\u00fcvafiq n\u0259zar\u0259tedici orqanlara \u00f6t\u00fcr\u00fcl\u0259 bil\u0259r;<br \/>F\u0259rdi m\u0259lumatlar\u0131n\u0131z\u0131 icaz\u0259niz olmadan \u00f6z marketinq istifad\u0259si \u00fc\u00e7\u00fcn \u0259laq\u0259li olmayan \u00fc\u00e7\u00fcnc\u00fc t\u0259r\u0259fl\u0259rl\u0259 b\u00f6l\u00fc\u015fm\u00fcr\u00fck.<\/p><p>7. Dig\u0259r veb saytlara ke\u00e7id<br \/>Bu veb sayt vasit\u0259sil\u0259 ba\u015fqa veb saytlara ke\u00e7idl\u0259r t\u0259qdim edil\u0259 bil\u0259r. Antaris dig\u0259r veb saytlar\u0131n m\u0259zmununa v\u0259 ya m\u0259xfilik siyas\u0259tin\u0259 g\u00f6r\u0259 m\u0259suliyy\u0259t da\u015f\u0131m\u0131r. Ba\u015fqa veb saytlar f\u0259rqli forma \u00f6z m\u0259lumat toplama v\u0259 m\u0259xfilik siyas\u0259tin\u0259 sahibdirl\u0259r. Buna g\u00f6r\u0259 d\u0259 bu veb sayt vasit\u0259sil\u0259 ke\u00e7id etdiyiniz dig\u0259r veb saytlar\u0131n m\u0259xfilik siyas\u0259tini n\u0259z\u0259rd\u0259n ke\u00e7irm\u0259yiniz t\u00f6vsiy\u0259 olunur.<\/p><p>8. Dig\u0259r istifad\u0259 \u015f\u0259rtl\u0259ri<br \/>Antaris ist\u0259nil\u0259n zaman v\u0259 \u0259vv\u0259lc\u0259d\u0259n x\u0259b\u0259rdar etm\u0259d\u0259n \u201cM\u0259xfilik siyas\u0259ti\u201dnin m\u00fcdd\u0259alar\u0131na \u0259lav\u0259l\u0259r etm\u0259k, onlar\u0131 d\u0259yi\u015fdirm\u0259k v\u0259 ya \u00e7\u0131xarmaq h\u00fcququnu \u00f6z\u00fcnd\u0259 saxlay\u0131r. Bu c\u00fcr d\u0259yi\u015fiklikl\u0259r edildikd\u0259n sonra Siz veb saytdan istifad\u0259 etm\u0259kl\u0259 bu d\u0259yi\u015fiklikl\u0259ri q\u0259bul etmi\u015f olursunuz.<br \/>Antaris veb saytda \u0259ks olunan m\u0259lumatlar\u0131n m\u00fct\u0259madi olaraq yenil\u0259nm\u0259sin\u0259 s\u0259y g\u00f6st\u0259r\u0259c\u0259k. Lakin Antaris \u0130stifad\u0259\u00e7i t\u0259r\u0259find\u0259n veb sayta daxil edil\u0259n m\u0259lumatlar\u0131n do\u011frulu\u011fu v\u0259 taml\u0131\u011f\u0131na dair h\u0259r hans\u0131 z\u0259man\u0259t vermir.<br \/>Antaris \u00f6z q\u0259sdi v\u0259 ya kobud s\u0259hvind\u0259n yaranan birba\u015fa z\u0259r\u0259rl\u0259r istisna olmaqla veb sayt\u0131n istifad\u0259si n\u0259tic\u0259sind\u0259 meydana g\u0259l\u0259 bil\u0259c\u0259k birba\u015fa v\u0259 ya dolay\u0131 z\u0259r\u0259r\u0259 g\u00f6r\u0259 he\u00e7 bir halda m\u0259suliyy\u0259t da\u015f\u0131m\u0131r.<br \/>\u201cF\u0259rdi m\u0259lumatlar haqq\u0131nda\u201d Az\u0259rbaycan Respublikas\u0131n\u0131n Qanununa \u0259sas\u0259n \u0130stifad\u0259\u00e7i onun bar\u0259sind\u0259 olan m\u0259lumatlar\u0131n toplan\u0131lmas\u0131na v\u0259 i\u015fl\u0259nilm\u0259sin\u0259 etiraz etm\u0259k h\u00fcququna malikdir. \u0130stifad\u0259\u00e7inin etiraz\u0131 biz\u0259 yaz\u0131l\u0131 sur\u0259td\u0259 v\u0259 ya onlayn qaydada t\u0259qdim olunmal\u0131d\u0131r. \u0130stifad\u0259\u00e7il\u0259rin etiraz\u0131n\u0131n \u0259sasland\u0131r\u0131lmas\u0131 t\u0259l\u0259b olunmur.<\/p><\/blockquote><p>Antaris bu \u015e\u0259rtl\u0259ri ist\u0259nil\u0259n vaxt d\u0259yi\u015fdirm\u0259k h\u00fcququna malikdir. D\u0259yi\u015fiklikl\u0259r bu s\u0259hif\u0259d\u0259 yay\u0131mlanacaq v\u0259 yenil\u0259nmi\u015f tarix g\u00f6st\u0259ril\u0259c\u0259k. \u015e\u0259rtl\u0259rin d\u0259yi\u015fdirilm\u0259sind\u0259n sonra xidm\u0259tl\u0259rimizi istifad\u0259 etm\u0259y\u0259 davam etm\u0259niz bu d\u0259yi\u015fiklikl\u0259ri q\u0259bul etdiyiniz m\u0259nas\u0131na g\u0259lir.<\/p>\n\t\t\t\t\t<\/div>\n\t\t\t\t\t\t<\/div>\n\t\t\t\t<\/div>\n\t\t\t\t\t<\/div>\n\t\t\t\t<\/div>\n\t\t\t\t<\/div>","protected":false},"excerpt":{"rendered":"<p>Son Yenil\u0259nm\u0259 Tarixi: 19.10.2024 H\u00f6rm\u0259tli istifad\u0259\u00e7i, bu veb saytdan istifad\u0259 ed\u0259rk\u0259n v\u0259 bu veb sayt vasit\u0259sil\u0259 t\u0259klif etdiyimiz xidm\u0259tl\u0259rd\u0259n yararlanark\u0259n<\/p>","protected":false},"author":3557,"featured_media":0,"parent":0,"menu_order":0,"comment_status":"closed","ping_status":"closed","template":"","meta":{"_joinchat":[],"footnotes":""},"class_list":["post-111403","page","type-page","status-publish","hentry"],"yoast_head":"<!-- This site is optimized with the Yoast SEO plugin v27.5 - https:\/\/yoast.com\/product\/yoast-seo-wordpress\/ -->\n<title>M\u0259xfilik Siyas\u0259ti - Antaris<\/title>\n<meta name=\"robots\" content=\"index, follow, max-snippet:-1, max-image-preview:large, max-video-preview:-1\" \/>\n<link rel=\"canonical\" href=\"https:\/\/antaris.az\/ru\/m\u0259xfilik-siyas\u0259ti\/\" \/>\n<meta property=\"og:locale\" content=\"ru_RU\" \/>\n<meta property=\"og:type\" content=\"article\" \/>\n<meta property=\"og:title\" content=\"M\u0259xfilik Siyas\u0259ti - Antaris\" \/>\n<meta property=\"og:description\" content=\"Son Yenil\u0259nm\u0259 Tarixi: 19.10.2024 H\u00f6rm\u0259tli istifad\u0259\u00e7i, bu veb saytdan istifad\u0259 ed\u0259rk\u0259n v\u0259 bu veb sayt vasit\u0259sil\u0259 t\u0259klif etdiyimiz xidm\u0259tl\u0259rd\u0259n yararlanark\u0259n\" \/>\n<meta property=\"og:url\" content=\"https:\/\/antaris.az\/ru\/m\u0259xfilik-siyas\u0259ti\/\" \/>\n<meta property=\"og:site_name\" content=\"Antaris\" \/>\n<meta property=\"article:publisher\" content=\"https:\/\/www.facebook.com\/antaris.az\/\" \/>\n<meta property=\"article:modified_time\" content=\"2024-10-24T10:51:04+00:00\" \/>\n<script type=\"application\/ld+json\" class=\"yoast-schema-graph\">{\"@context\":\"https:\\\/\\\/schema.org\",\"@graph\":[{\"@type\":\"WebPage\",\"@id\":\"https:\\\/\\\/antaris.az\\\/m%c9%99xfilik-siyas%c9%99ti\\\/\",\"url\":\"https:\\\/\\\/antaris.az\\\/m%c9%99xfilik-siyas%c9%99ti\\\/\",\"name\":\"M\u0259xfilik Siyas\u0259ti - Antaris\",\"isPartOf\":{\"@id\":\"https:\\\/\\\/antaris.az\\\/#website\"},\"datePublished\":\"2024-10-19T18:05:34+00:00\",\"dateModified\":\"2024-10-24T10:51:04+00:00\",\"breadcrumb\":{\"@id\":\"https:\\\/\\\/antaris.az\\\/m%c9%99xfilik-siyas%c9%99ti\\\/#breadcrumb\"},\"inLanguage\":\"ru-RU\",\"potentialAction\":[{\"@type\":\"ReadAction\",\"target\":[\"https:\\\/\\\/antaris.az\\\/m%c9%99xfilik-siyas%c9%99ti\\\/\"]}]},{\"@type\":\"BreadcrumbList\",\"@id\":\"https:\\\/\\\/antaris.az\\\/m%c9%99xfilik-siyas%c9%99ti\\\/#breadcrumb\",\"itemListElement\":[{\"@type\":\"ListItem\",\"position\":1,\"name\":\"Home\",\"item\":\"https:\\\/\\\/antaris.az\\\/\"},{\"@type\":\"ListItem\",\"position\":2,\"name\":\"M\u0259xfilik Siyas\u0259ti\"}]},{\"@type\":\"WebSite\",\"@id\":\"https:\\\/\\\/antaris.az\\\/#website\",\"url\":\"https:\\\/\\\/antaris.az\\\/\",\"name\":\"Antaris\",\"description\":\"Ofis, ev, m\u0259kt\u0259b \u00fc\u00e7\u00fcn h\u0259r \u015fey\",\"publisher\":{\"@id\":\"https:\\\/\\\/antaris.az\\\/#organization\"},\"potentialAction\":[{\"@type\":\"SearchAction\",\"target\":{\"@type\":\"EntryPoint\",\"urlTemplate\":\"https:\\\/\\\/antaris.az\\\/?s={search_term_string}\"},\"query-input\":{\"@type\":\"PropertyValueSpecification\",\"valueRequired\":true,\"valueName\":\"search_term_string\"}}],\"inLanguage\":\"ru-RU\"},{\"@type\":\"Organization\",\"@id\":\"https:\\\/\\\/antaris.az\\\/#organization\",\"name\":\"Antaris QSC\",\"url\":\"https:\\\/\\\/antaris.az\\\/\",\"logo\":{\"@type\":\"ImageObject\",\"inLanguage\":\"ru-RU\",\"@id\":\"https:\\\/\\\/antaris.az\\\/#\\\/schema\\\/logo\\\/image\\\/\",\"url\":\"https:\\\/\\\/antaris.az\\\/wp-content\\\/uploads\\\/2025\\\/03\\\/Antaris-logo.png\",\"contentUrl\":\"https:\\\/\\\/antaris.az\\\/wp-content\\\/uploads\\\/2025\\\/03\\\/Antaris-logo.png\",\"width\":500,\"height\":500,\"caption\":\"Antaris QSC\"},\"image\":{\"@id\":\"https:\\\/\\\/antaris.az\\\/#\\\/schema\\\/logo\\\/image\\\/\"},\"sameAs\":[\"https:\\\/\\\/www.facebook.com\\\/antaris.az\\\/\",\"https:\\\/\\\/www.instagram.com\\\/antaris.az\\\/\"]}]}<\/script>\n<!-- \/ Yoast SEO plugin. -->","yoast_head_json":{"title":"M\u0259xfilik Siyas\u0259ti - Antaris","robots":{"index":"index","follow":"follow","max-snippet":"max-snippet:-1","max-image-preview":"max-image-preview:large","max-video-preview":"max-video-preview:-1"},"canonical":"https:\/\/antaris.az\/ru\/m\u0259xfilik-siyas\u0259ti\/","og_locale":"ru_RU","og_type":"article","og_title":"M\u0259xfilik Siyas\u0259ti - Antaris","og_description":"Son Yenil\u0259nm\u0259 Tarixi: 19.10.2024 H\u00f6rm\u0259tli istifad\u0259\u00e7i, bu veb saytdan istifad\u0259 ed\u0259rk\u0259n v\u0259 bu veb sayt vasit\u0259sil\u0259 t\u0259klif etdiyimiz xidm\u0259tl\u0259rd\u0259n yararlanark\u0259n","og_url":"https:\/\/antaris.az\/ru\/m\u0259xfilik-siyas\u0259ti\/","og_site_name":"Antaris","article_publisher":"https:\/\/www.facebook.com\/antaris.az\/","article_modified_time":"2024-10-24T10:51:04+00:00","schema":{"@context":"https:\/\/schema.org","@graph":[{"@type":"WebPage","@id":"https:\/\/antaris.az\/m%c9%99xfilik-siyas%c9%99ti\/","url":"https:\/\/antaris.az\/m%c9%99xfilik-siyas%c9%99ti\/","name":"M\u0259xfilik Siyas\u0259ti - Antaris","isPartOf":{"@id":"https:\/\/antaris.az\/#website"},"datePublished":"2024-10-19T18:05:34+00:00","dateModified":"2024-10-24T10:51:04+00:00","breadcrumb":{"@id":"https:\/\/antaris.az\/m%c9%99xfilik-siyas%c9%99ti\/#breadcrumb"},"inLanguage":"ru-RU","potentialAction":[{"@type":"ReadAction","target":["https:\/\/antaris.az\/m%c9%99xfilik-siyas%c9%99ti\/"]}]},{"@type":"BreadcrumbList","@id":"https:\/\/antaris.az\/m%c9%99xfilik-siyas%c9%99ti\/#breadcrumb","itemListElement":[{"@type":"ListItem","position":1,"name":"Home","item":"https:\/\/antaris.az\/"},{"@type":"ListItem","position":2,"name":"M\u0259xfilik Siyas\u0259ti"}]},{"@type":"WebSite","@id":"https:\/\/antaris.az\/#website","url":"https:\/\/antaris.az\/","name":"Antaris","description":"Ofis, ev, m\u0259kt\u0259b \u00fc\u00e7\u00fcn h\u0259r \u015fey","publisher":{"@id":"https:\/\/antaris.az\/#organization"},"potentialAction":[{"@type":"SearchAction","target":{"@type":"EntryPoint","urlTemplate":"https:\/\/antaris.az\/?s={search_term_string}"},"query-input":{"@type":"PropertyValueSpecification","valueRequired":true,"valueName":"search_term_string"}}],"inLanguage":"ru-RU"},{"@type":"Organization","@id":"https:\/\/antaris.az\/#organization","name":"\u0410\u043d\u0442\u0430\u0440\u0438\u0441 \u0417\u0410\u041e","url":"https:\/\/antaris.az\/","logo":{"@type":"ImageObject","inLanguage":"ru-RU","@id":"https:\/\/antaris.az\/#\/schema\/logo\/image\/","url":"https:\/\/antaris.az\/wp-content\/uploads\/2025\/03\/Antaris-logo.png","contentUrl":"https:\/\/antaris.az\/wp-content\/uploads\/2025\/03\/Antaris-logo.png","width":500,"height":500,"caption":"Antaris QSC"},"image":{"@id":"https:\/\/antaris.az\/#\/schema\/logo\/image\/"},"sameAs":["https:\/\/www.facebook.com\/antaris.az\/","https:\/\/www.instagram.com\/antaris.az\/"]}]}},"_links":{"self":[{"href":"https:\/\/antaris.az\/ru\/wp-json\/wp\/v2\/pages\/111403","targetHints":{"allow":["GET"]}}],"collection":[{"href":"https:\/\/antaris.az\/ru\/wp-json\/wp\/v2\/pages"}],"about":[{"href":"https:\/\/antaris.az\/ru\/wp-json\/wp\/v2\/types\/page"}],"author":[{"embeddable":true,"href":"https:\/\/antaris.az\/ru\/wp-json\/wp\/v2\/users\/3557"}],"replies":[{"embeddable":true,"href":"https:\/\/antaris.az\/ru\/wp-json\/wp\/v2\/comments?post=111403"}],"version-history":[{"count":0,"href":"https:\/\/antaris.az\/ru\/wp-json\/wp\/v2\/pages\/111403\/revisions"}],"wp:attachment":[{"href":"https:\/\/antaris.az\/ru\/wp-json\/wp\/v2\/media?parent=111403"}],"curies":[{"name":"wp","href":"https:\/\/api.w.org\/{rel}","templated":true}]}}